{"id":11340,"date":"2022-01-19T10:19:27","date_gmt":"2022-01-19T10:19:27","guid":{"rendered":"https:\/\/vintagefrenchfinds.com\/?post_type=product&#038;p=11340"},"modified":"2025-03-08T16:52:23","modified_gmt":"2025-03-08T16:52:23","slug":"2-anciens-bols-a-oreilles-de-la-faiencerie-henriot-quimper","status":"publish","type":"product","link":"https:\/\/vintagefrenchfinds.com\/en\/product\/2-anciens-bols-a-oreilles-de-la-faiencerie-henriot-quimper","title":{"rendered":"2 Anciens Bols \u00e0 Oreilles de La Fa\u00efencerie Henriot Quimper"},"content":{"rendered":"<p class=\"p1\"><span class=\"s1\">Paire de petits bols \u2018\u00e0 oreilles\u2019 vintage en c\u00e9ramique \u00e0 d\u00e9cor polychrome sign\u00e9s Henriot Quimper, une poterie fond\u00e9e en 1690.<\/span><\/p>\n<p class=\"p1\"><span class=\"s1\">Les illustrations peintes main repr\u00e9sentent ds personnages bretons (un homme et une femme) en tenue traditionnelle dans un paysage fleuri.<\/span><\/p>\n<p class=\"p1\"><span class=\"s1\">Vendus dans leur jus avec quelques petits \u00e9clats visibles dans les photos<\/span><\/p>\n<p class=\"p1\"><span class=\"s1\">LA 18, 5 x D 13,5 x H 7 cm<\/span><\/p>","protected":false},"excerpt":{"rendered":"<p>Paire de petits bols \u2018\u00e0 oreilles\u2019 vintage en c\u00e9ramique \u00e0 d\u00e9cor polychrome sign\u00e9s Henriot Quimper, une poterie fond\u00e9e en 1690. Les illustrations peintes main repr\u00e9sentent ds personnages bretons (un homme et une femme) en tenue traditionnelle dans un paysage fleuri. Vendus dans leur jus avec quelques petits \u00e9clats visibles dans les photos LA 18, 5 [&hellip;]<\/p>\n","protected":false},"featured_media":11341,"template":"","meta":{"site-sidebar-layout":"default","site-content-layout":"default","ast-site-content-layout":"default","site-content-style":"default","site-sidebar-style":"default","ast-global-header-display":"","ast-banner-title-visibility":"","ast-main-header-display":"","ast-hfb-above-header-display":"","ast-hfb-below-header-display":"","ast-hfb-mobile-header-display":"","site-post-title":"","ast-breadcrumbs-content":"","ast-featured-img":"","footer-sml-layout":"","ast-disable-related-posts":"","theme-transparent-header-meta":"default","adv-header-id-meta":"","stick-header-meta":"","header-above-stick-meta":"","header-main-stick-meta":"","header-below-stick-meta":"","astra-migrate-meta-layouts":"default","ast-page-background-enabled":"default","ast-page-background-meta":{"desktop":{"background-color":"var(--ast-global-color-4)","background-image":"","background-repeat":"repeat","background-position":"center center","background-size":"auto","background-attachment":"scroll","background-type":"","background-media":"","overlay-type":"","overlay-color":"","overlay-opacity":"","overlay-gradient":""},"tablet":{"background-color":"","background-image":"","background-repeat":"repeat","background-position":"center center","background-size":"auto","background-attachment":"scroll","background-type":"","background-media":"","overlay-type":"","overlay-color":"","overlay-opacity":"","overlay-gradient":""},"mobile":{"background-color":"","background-image":"","background-repeat":"repeat","background-position":"center center","background-size":"auto","background-attachment":"scroll","background-type":"","background-media":"","overlay-type":"","overlay-color":"","overlay-opacity":"","overlay-gradient":""}},"ast-content-background-meta":{"desktop":{"background-color":"var(--ast-global-color-5)","background-image":"","background-repeat":"repeat","background-position":"center center","background-size":"auto","background-attachment":"scroll","background-type":"","background-media":"","overlay-type":"","overlay-color":"","overlay-opacity":"","overlay-gradient":""},"tablet":{"background-color":"var(--ast-global-color-5)","background-image":"","background-repeat":"repeat","background-position":"center center","background-size":"auto","background-attachment":"scroll","background-type":"","background-media":"","overlay-type":"","overlay-color":"","overlay-opacity":"","overlay-gradient":""},"mobile":{"background-color":"var(--ast-global-color-5)","background-image":"","background-repeat":"repeat","background-position":"center center","background-size":"auto","background-attachment":"scroll","background-type":"","background-media":"","overlay-type":"","overlay-color":"","overlay-opacity":"","overlay-gradient":""}}},"product_cat":[3542,3549],"product_tag":[1197,1115,1382,1023,1174,1773,1011],"yoast_head":"<!-- This site is optimized with the Yoast SEO plugin v20.8 - https:\/\/yoast.com\/wordpress\/plugins\/seo\/ -->\n<title>2 Anciens Bols \u00e0 Oreilles de La Fa\u00efencerie Henriot Quimper - Vintage French Finds<\/title>\n<meta name=\"description\" content=\"The best of French vintage delivered to your doorstep direct from France : fashion, furniture, decoration, table art, curiosities, collections and art work.\" \/>\n<meta name=\"robots\" content=\"index, follow, max-snippet:-1, max-image-preview:large, max-video-preview:-1\" \/>\n<link rel=\"canonical\" href=\"https:\/\/vintagefrenchfinds.com\/en\/product\/2-anciens-bols-a-oreilles-de-la-faiencerie-henriot-quimper\/\" \/>\n<meta property=\"og:locale\" content=\"en_GB\" \/>\n<meta property=\"og:type\" content=\"article\" \/>\n<meta property=\"og:title\" content=\"2 Anciens Bols \u00e0 Oreilles de La Fa\u00efencerie Henriot Quimper - Vintage French Finds\" \/>\n<meta property=\"og:description\" content=\"The best of French vintage delivered to your doorstep direct from France : fashion, furniture, decoration, table art, curiosities, collections and art work.\" \/>\n<meta property=\"og:url\" content=\"https:\/\/vintagefrenchfinds.com\/en\/product\/2-anciens-bols-a-oreilles-de-la-faiencerie-henriot-quimper\/\" \/>\n<meta property=\"og:site_name\" content=\"Vintage French Finds\" \/>\n<meta property=\"article:modified_time\" content=\"2025-03-08T16:52:23+00:00\" \/>\n<meta property=\"og:image\" content=\"https:\/\/vintagefrenchfinds.com\/wp-content\/uploads\/2022\/01\/DSCN2911b.jpg\" \/>\n\t<meta property=\"og:image:width\" content=\"664\" \/>\n\t<meta property=\"og:image:height\" content=\"886\" \/>\n\t<meta property=\"og:image:type\" content=\"image\/jpeg\" \/>\n<meta name=\"twitter:card\" content=\"summary_large_image\" \/>\n<meta name=\"twitter:label1\" content=\"Estimated reading time\" \/>\n\t<meta name=\"twitter:data1\" content=\"1 minute\" \/>\n<script type=\"application\/ld+json\" class=\"yoast-schema-graph\">{\"@context\":\"https:\/\/schema.org\",\"@graph\":[{\"@type\":\"WebPage\",\"@id\":\"https:\/\/vintagefrenchfinds.com\/product\/2-anciens-bols-a-oreilles-de-la-faiencerie-henriot-quimper\",\"url\":\"https:\/\/vintagefrenchfinds.com\/product\/2-anciens-bols-a-oreilles-de-la-faiencerie-henriot-quimper\",\"name\":\"2 Anciens Bols \u00e0 Oreilles de La Fa\u00efencerie Henriot Quimper - Vintage French Finds\",\"isPartOf\":{\"@id\":\"https:\/\/vintagefrenchfinds.com\/#website\"},\"datePublished\":\"2022-01-19T10:19:27+00:00\",\"dateModified\":\"2025-03-08T16:52:23+00:00\",\"description\":\"The best of French vintage delivered to your doorstep direct from France : fashion, furniture, decoration, table art, curiosities, collections and art work.\",\"breadcrumb\":{\"@id\":\"https:\/\/vintagefrenchfinds.com\/product\/2-anciens-bols-a-oreilles-de-la-faiencerie-henriot-quimper#breadcrumb\"},\"inLanguage\":\"en-GB\",\"potentialAction\":[{\"@type\":\"ReadAction\",\"target\":[\"https:\/\/vintagefrenchfinds.com\/product\/2-anciens-bols-a-oreilles-de-la-faiencerie-henriot-quimper\"]}]},{\"@type\":\"BreadcrumbList\",\"@id\":\"https:\/\/vintagefrenchfinds.com\/product\/2-anciens-bols-a-oreilles-de-la-faiencerie-henriot-quimper#breadcrumb\",\"itemListElement\":[{\"@type\":\"ListItem\",\"position\":1,\"name\":\"Home\",\"item\":\"https:\/\/vintagefrenchfinds.com\/\"},{\"@type\":\"ListItem\",\"position\":2,\"name\":\"BOUTIQUE\",\"item\":\"https:\/\/vintagefrenchfinds.com\/shop\"},{\"@type\":\"ListItem\",\"position\":3,\"name\":\"2 Anciens Bols \u00e0 Oreilles de La Fa\u00efencerie Henriot Quimper\"}]},{\"@type\":\"WebSite\",\"@id\":\"https:\/\/vintagefrenchfinds.com\/#website\",\"url\":\"https:\/\/vintagefrenchfinds.com\/\",\"name\":\"Vintage French Finds\",\"description\":\"The best of French vintage delivered to your doorstep direct from France : fashion, furniture, decoration, table art, curiosities, collections and art work.\",\"potentialAction\":[{\"@type\":\"SearchAction\",\"target\":{\"@type\":\"EntryPoint\",\"urlTemplate\":\"https:\/\/vintagefrenchfinds.com\/?s={search_term_string}\"},\"query-input\":\"required name=search_term_string\"}],\"inLanguage\":\"en-GB\"}]}<\/script>\n<!-- \/ Yoast SEO plugin. -->","yoast_head_json":{"title":"2 Anciens Bols \u00e0 Oreilles de La Fa\u00efencerie Henriot Quimper - Vintage French Finds","description":"The best of French vintage delivered to your doorstep direct from France : fashion, furniture, decoration, table art, curiosities, collections and art work.","robots":{"index":"index","follow":"follow","max-snippet":"max-snippet:-1","max-image-preview":"max-image-preview:large","max-video-preview":"max-video-preview:-1"},"canonical":"https:\/\/vintagefrenchfinds.com\/en\/product\/2-anciens-bols-a-oreilles-de-la-faiencerie-henriot-quimper\/","og_locale":"en_GB","og_type":"article","og_title":"2 Anciens Bols \u00e0 Oreilles de La Fa\u00efencerie Henriot Quimper - Vintage French Finds","og_description":"The best of French vintage delivered to your doorstep direct from France : fashion, furniture, decoration, table art, curiosities, collections and art work.","og_url":"https:\/\/vintagefrenchfinds.com\/en\/product\/2-anciens-bols-a-oreilles-de-la-faiencerie-henriot-quimper\/","og_site_name":"Vintage French Finds","article_modified_time":"2025-03-08T16:52:23+00:00","og_image":[{"width":664,"height":886,"url":"https:\/\/vintagefrenchfinds.com\/wp-content\/uploads\/2022\/01\/DSCN2911b.jpg","type":"image\/jpeg"}],"twitter_card":"summary_large_image","twitter_misc":{"Estimated reading time":"1 minute"},"schema":{"@context":"https:\/\/schema.org","@graph":[{"@type":"WebPage","@id":"https:\/\/vintagefrenchfinds.com\/product\/2-anciens-bols-a-oreilles-de-la-faiencerie-henriot-quimper","url":"https:\/\/vintagefrenchfinds.com\/product\/2-anciens-bols-a-oreilles-de-la-faiencerie-henriot-quimper","name":"2 Anciens Bols \u00e0 Oreilles de La Fa\u00efencerie Henriot Quimper - Vintage French Finds","isPartOf":{"@id":"https:\/\/vintagefrenchfinds.com\/#website"},"datePublished":"2022-01-19T10:19:27+00:00","dateModified":"2025-03-08T16:52:23+00:00","description":"The best of French vintage delivered to your doorstep direct from France : fashion, furniture, decoration, table art, curiosities, collections and art work.","breadcrumb":{"@id":"https:\/\/vintagefrenchfinds.com\/product\/2-anciens-bols-a-oreilles-de-la-faiencerie-henriot-quimper#breadcrumb"},"inLanguage":"en-GB","potentialAction":[{"@type":"ReadAction","target":["https:\/\/vintagefrenchfinds.com\/product\/2-anciens-bols-a-oreilles-de-la-faiencerie-henriot-quimper"]}]},{"@type":"BreadcrumbList","@id":"https:\/\/vintagefrenchfinds.com\/product\/2-anciens-bols-a-oreilles-de-la-faiencerie-henriot-quimper#breadcrumb","itemListElement":[{"@type":"ListItem","position":1,"name":"Home","item":"https:\/\/vintagefrenchfinds.com\/"},{"@type":"ListItem","position":2,"name":"BOUTIQUE","item":"https:\/\/vintagefrenchfinds.com\/shop"},{"@type":"ListItem","position":3,"name":"2 Anciens Bols \u00e0 Oreilles de La Fa\u00efencerie Henriot Quimper"}]},{"@type":"WebSite","@id":"https:\/\/vintagefrenchfinds.com\/#website","url":"https:\/\/vintagefrenchfinds.com\/","name":"Vintage French Finds\u00a0","description":"The best of French vintage delivered to your doorstep direct from France : fashion, furniture, decoration, table art, curiosities, collections and art work.","potentialAction":[{"@type":"SearchAction","target":{"@type":"EntryPoint","urlTemplate":"https:\/\/vintagefrenchfinds.com\/?s={search_term_string}"},"query-input":"required name=search_term_string"}],"inLanguage":"en-GB"}]}},"post_mailing_queue_ids":[],"_links":{"self":[{"href":"https:\/\/vintagefrenchfinds.com\/en\/wp-json\/wp\/v2\/product\/11340"}],"collection":[{"href":"https:\/\/vintagefrenchfinds.com\/en\/wp-json\/wp\/v2\/product"}],"about":[{"href":"https:\/\/vintagefrenchfinds.com\/en\/wp-json\/wp\/v2\/types\/product"}],"wp:featuredmedia":[{"embeddable":true,"href":"https:\/\/vintagefrenchfinds.com\/en\/wp-json\/wp\/v2\/media\/11341"}],"wp:attachment":[{"href":"https:\/\/vintagefrenchfinds.com\/en\/wp-json\/wp\/v2\/media?parent=11340"}],"wp:term":[{"taxonomy":"product_cat","embeddable":true,"href":"https:\/\/vintagefrenchfinds.com\/en\/wp-json\/wp\/v2\/product_cat?post=11340"},{"taxonomy":"product_tag","embeddable":true,"href":"https:\/\/vintagefrenchfinds.com\/en\/wp-json\/wp\/v2\/product_tag?post=11340"}],"curies":[{"name":"wp","href":"https:\/\/api.w.org\/{rel}","templated":true}]}}