{"id":11624,"date":"2022-02-18T11:32:04","date_gmt":"2022-02-18T11:32:04","guid":{"rendered":"https:\/\/vintagefrenchfinds.com\/?post_type=product&#038;p=11624"},"modified":"2025-03-15T16:31:27","modified_gmt":"2025-03-15T16:31:27","slug":"ancien-meuble-de-rangement-gaz-butane","status":"publish","type":"product","link":"https:\/\/vintagefrenchfinds.com\/en\/product\/ancien-meuble-de-rangement-gaz-butane","title":{"rendered":"Vintage French Butane Gas Storage Cabinet"},"content":{"rendered":"<p><span style=\"color: #000000;\"><span style=\"font-family: Cambria, serif;\"><span style=\"font-size: large;\">Lovely vintage enamelled sheet metal storage cabinet composed of<\/span><\/span><\/span><\/p>\n<ul>\n<li><span style=\"color: #000000;\"><span style=\"font-family: Cambria, serif;\"><span style=\"font-size: large;\">a door with a handle (which has a little difficulty to remain closed)<\/span><\/span><\/span><\/li>\n<li><span style=\"color: #000000;\"><span style=\"font-family: Cambria, serif;\"><span style=\"font-size: large;\">a grey tray with white dots<\/span><\/span><\/span><\/li>\n<\/ul>\n<p><span style=\"color: #000000;\"><span style=\"font-family: Cambria, serif;\"><span style=\"font-size: large;\">Perfect for storing your butane \/ propane gas bottle in a country house or mobile home.<\/span><\/span><\/span><\/p>\n<p><span style=\"color: #000000;\"><span style=\"font-family: Cambria, serif;\"><span style=\"font-size: large;\">Sold as is<\/span><\/span><\/span><\/p>\n<p><span style=\"color: #000000;\"><span style=\"font-family: Cambria, serif;\"><span style=\"font-size: large;\">LO 60,5 x D 41 x H 69 cm<\/span><\/span><\/span><\/p>","protected":false},"excerpt":{"rendered":"<p>Joli petit meuble de rangement vintage en t\u00f4le \u00e9maill\u00e9e compos\u00e9 de une porte avec une poign\u00e9e (qui a un peu de mal a rest\u00e9e ferm\u00e9e) un plateau gris mouchet\u00e9 de blanc Parfait pour ranger la bouteille de gaz butane \/ propane dans une maison de campagne ou mobile home. Vendu dans son jus LO 60,5 [&hellip;]<\/p>\n","protected":false},"featured_media":11625,"template":"","meta":{"site-sidebar-layout":"default","site-content-layout":"default","ast-site-content-layout":"default","site-content-style":"default","site-sidebar-style":"default","ast-global-header-display":"","ast-banner-title-visibility":"","ast-main-header-display":"","ast-hfb-above-header-display":"","ast-hfb-below-header-display":"","ast-hfb-mobile-header-display":"","site-post-title":"","ast-breadcrumbs-content":"","ast-featured-img":"","footer-sml-layout":"","ast-disable-related-posts":"","theme-transparent-header-meta":"default","adv-header-id-meta":"","stick-header-meta":"","header-above-stick-meta":"","header-main-stick-meta":"","header-below-stick-meta":"","astra-migrate-meta-layouts":"default","ast-page-background-enabled":"default","ast-page-background-meta":{"desktop":{"background-color":"var(--ast-global-color-4)","background-image":"","background-repeat":"repeat","background-position":"center center","background-size":"auto","background-attachment":"scroll","background-type":"","background-media":"","overlay-type":"","overlay-color":"","overlay-opacity":"","overlay-gradient":""},"tablet":{"background-color":"","background-image":"","background-repeat":"repeat","background-position":"center center","background-size":"auto","background-attachment":"scroll","background-type":"","background-media":"","overlay-type":"","overlay-color":"","overlay-opacity":"","overlay-gradient":""},"mobile":{"background-color":"","background-image":"","background-repeat":"repeat","background-position":"center center","background-size":"auto","background-attachment":"scroll","background-type":"","background-media":"","overlay-type":"","overlay-color":"","overlay-opacity":"","overlay-gradient":""}},"ast-content-background-meta":{"desktop":{"background-color":"var(--ast-global-color-5)","background-image":"","background-repeat":"repeat","background-position":"center center","background-size":"auto","background-attachment":"scroll","background-type":"","background-media":"","overlay-type":"","overlay-color":"","overlay-opacity":"","overlay-gradient":""},"tablet":{"background-color":"var(--ast-global-color-5)","background-image":"","background-repeat":"repeat","background-position":"center center","background-size":"auto","background-attachment":"scroll","background-type":"","background-media":"","overlay-type":"","overlay-color":"","overlay-opacity":"","overlay-gradient":""},"mobile":{"background-color":"var(--ast-global-color-5)","background-image":"","background-repeat":"repeat","background-position":"center center","background-size":"auto","background-attachment":"scroll","background-type":"","background-media":"","overlay-type":"","overlay-color":"","overlay-opacity":"","overlay-gradient":""}}},"product_cat":[21,3529],"product_tag":[1197,1327,1011],"yoast_head":"<!-- This site is optimized with the Yoast SEO plugin v20.8 - https:\/\/yoast.com\/wordpress\/plugins\/seo\/ -->\n<title>Ancien Meuble de Rangement Gaz Butane - Vintage French Finds<\/title>\n<meta name=\"description\" content=\"The best of French vintage delivered to your doorstep direct from France : fashion, furniture, decoration, table art, curiosities, collections and art work.\" \/>\n<meta name=\"robots\" content=\"index, follow, max-snippet:-1, max-image-preview:large, max-video-preview:-1\" \/>\n<link rel=\"canonical\" href=\"https:\/\/vintagefrenchfinds.com\/en\/product\/ancien-meuble-de-rangement-gaz-butane\/\" \/>\n<meta property=\"og:locale\" content=\"en_GB\" \/>\n<meta property=\"og:type\" content=\"article\" \/>\n<meta property=\"og:title\" content=\"Ancien Meuble de Rangement Gaz Butane - Vintage French Finds\" \/>\n<meta property=\"og:description\" content=\"The best of French vintage delivered to your doorstep direct from France : fashion, furniture, decoration, table art, curiosities, collections and art work.\" \/>\n<meta property=\"og:url\" content=\"https:\/\/vintagefrenchfinds.com\/en\/product\/ancien-meuble-de-rangement-gaz-butane\/\" \/>\n<meta property=\"og:site_name\" content=\"Vintage French Finds\" \/>\n<meta property=\"article:modified_time\" content=\"2025-03-15T16:31:27+00:00\" \/>\n<meta property=\"og:image\" content=\"https:\/\/vintagefrenchfinds.com\/wp-content\/uploads\/2022\/02\/DSCN3201.jpg\" \/>\n\t<meta property=\"og:image:width\" content=\"886\" \/>\n\t<meta property=\"og:image:height\" content=\"851\" \/>\n\t<meta property=\"og:image:type\" content=\"image\/jpeg\" \/>\n<meta name=\"twitter:card\" content=\"summary_large_image\" \/>\n<meta name=\"twitter:label1\" content=\"Estimated reading time\" \/>\n\t<meta name=\"twitter:data1\" content=\"1 minute\" \/>\n<script type=\"application\/ld+json\" class=\"yoast-schema-graph\">{\"@context\":\"https:\/\/schema.org\",\"@graph\":[{\"@type\":\"WebPage\",\"@id\":\"https:\/\/vintagefrenchfinds.com\/product\/ancien-meuble-de-rangement-gaz-butane\",\"url\":\"https:\/\/vintagefrenchfinds.com\/product\/ancien-meuble-de-rangement-gaz-butane\",\"name\":\"Ancien Meuble de Rangement Gaz Butane - Vintage French Finds\",\"isPartOf\":{\"@id\":\"https:\/\/vintagefrenchfinds.com\/#website\"},\"datePublished\":\"2022-02-18T11:32:04+00:00\",\"dateModified\":\"2025-03-15T16:31:27+00:00\",\"description\":\"The best of French vintage delivered to your doorstep direct from France : fashion, furniture, decoration, table art, curiosities, collections and art work.\",\"breadcrumb\":{\"@id\":\"https:\/\/vintagefrenchfinds.com\/product\/ancien-meuble-de-rangement-gaz-butane#breadcrumb\"},\"inLanguage\":\"en-GB\",\"potentialAction\":[{\"@type\":\"ReadAction\",\"target\":[\"https:\/\/vintagefrenchfinds.com\/product\/ancien-meuble-de-rangement-gaz-butane\"]}]},{\"@type\":\"BreadcrumbList\",\"@id\":\"https:\/\/vintagefrenchfinds.com\/product\/ancien-meuble-de-rangement-gaz-butane#breadcrumb\",\"itemListElement\":[{\"@type\":\"ListItem\",\"position\":1,\"name\":\"Home\",\"item\":\"https:\/\/vintagefrenchfinds.com\/\"},{\"@type\":\"ListItem\",\"position\":2,\"name\":\"BOUTIQUE\",\"item\":\"https:\/\/vintagefrenchfinds.com\/shop\"},{\"@type\":\"ListItem\",\"position\":3,\"name\":\"Ancien Meuble de Rangement Gaz Butane\"}]},{\"@type\":\"WebSite\",\"@id\":\"https:\/\/vintagefrenchfinds.com\/#website\",\"url\":\"https:\/\/vintagefrenchfinds.com\/\",\"name\":\"Vintage French Finds\",\"description\":\"The best of French vintage delivered to your doorstep direct from France : fashion, furniture, decoration, table art, curiosities, collections and art work.\",\"potentialAction\":[{\"@type\":\"SearchAction\",\"target\":{\"@type\":\"EntryPoint\",\"urlTemplate\":\"https:\/\/vintagefrenchfinds.com\/?s={search_term_string}\"},\"query-input\":\"required name=search_term_string\"}],\"inLanguage\":\"en-GB\"}]}<\/script>\n<!-- \/ Yoast SEO plugin. -->","yoast_head_json":{"title":"Ancien Meuble de Rangement Gaz Butane - Vintage French Finds","description":"The best of French vintage delivered to your doorstep direct from France : fashion, furniture, decoration, table art, curiosities, collections and art work.","robots":{"index":"index","follow":"follow","max-snippet":"max-snippet:-1","max-image-preview":"max-image-preview:large","max-video-preview":"max-video-preview:-1"},"canonical":"https:\/\/vintagefrenchfinds.com\/en\/product\/ancien-meuble-de-rangement-gaz-butane\/","og_locale":"en_GB","og_type":"article","og_title":"Ancien Meuble de Rangement Gaz Butane - Vintage French Finds","og_description":"The best of French vintage delivered to your doorstep direct from France : fashion, furniture, decoration, table art, curiosities, collections and art work.","og_url":"https:\/\/vintagefrenchfinds.com\/en\/product\/ancien-meuble-de-rangement-gaz-butane\/","og_site_name":"Vintage French Finds","article_modified_time":"2025-03-15T16:31:27+00:00","og_image":[{"width":886,"height":851,"url":"https:\/\/vintagefrenchfinds.com\/wp-content\/uploads\/2022\/02\/DSCN3201.jpg","type":"image\/jpeg"}],"twitter_card":"summary_large_image","twitter_misc":{"Estimated reading time":"1 minute"},"schema":{"@context":"https:\/\/schema.org","@graph":[{"@type":"WebPage","@id":"https:\/\/vintagefrenchfinds.com\/product\/ancien-meuble-de-rangement-gaz-butane","url":"https:\/\/vintagefrenchfinds.com\/product\/ancien-meuble-de-rangement-gaz-butane","name":"Ancien Meuble de Rangement Gaz Butane - Vintage French Finds","isPartOf":{"@id":"https:\/\/vintagefrenchfinds.com\/#website"},"datePublished":"2022-02-18T11:32:04+00:00","dateModified":"2025-03-15T16:31:27+00:00","description":"The best of French vintage delivered to your doorstep direct from France : fashion, furniture, decoration, table art, curiosities, collections and art work.","breadcrumb":{"@id":"https:\/\/vintagefrenchfinds.com\/product\/ancien-meuble-de-rangement-gaz-butane#breadcrumb"},"inLanguage":"en-GB","potentialAction":[{"@type":"ReadAction","target":["https:\/\/vintagefrenchfinds.com\/product\/ancien-meuble-de-rangement-gaz-butane"]}]},{"@type":"BreadcrumbList","@id":"https:\/\/vintagefrenchfinds.com\/product\/ancien-meuble-de-rangement-gaz-butane#breadcrumb","itemListElement":[{"@type":"ListItem","position":1,"name":"Home","item":"https:\/\/vintagefrenchfinds.com\/"},{"@type":"ListItem","position":2,"name":"BOUTIQUE","item":"https:\/\/vintagefrenchfinds.com\/shop"},{"@type":"ListItem","position":3,"name":"Ancien Meuble de Rangement Gaz Butane"}]},{"@type":"WebSite","@id":"https:\/\/vintagefrenchfinds.com\/#website","url":"https:\/\/vintagefrenchfinds.com\/","name":"Vintage French Finds\u00a0","description":"The best of French vintage delivered to your doorstep direct from France : fashion, furniture, decoration, table art, curiosities, collections and art work.","potentialAction":[{"@type":"SearchAction","target":{"@type":"EntryPoint","urlTemplate":"https:\/\/vintagefrenchfinds.com\/?s={search_term_string}"},"query-input":"required name=search_term_string"}],"inLanguage":"en-GB"}]}},"post_mailing_queue_ids":[],"_links":{"self":[{"href":"https:\/\/vintagefrenchfinds.com\/en\/wp-json\/wp\/v2\/product\/11624"}],"collection":[{"href":"https:\/\/vintagefrenchfinds.com\/en\/wp-json\/wp\/v2\/product"}],"about":[{"href":"https:\/\/vintagefrenchfinds.com\/en\/wp-json\/wp\/v2\/types\/product"}],"wp:featuredmedia":[{"embeddable":true,"href":"https:\/\/vintagefrenchfinds.com\/en\/wp-json\/wp\/v2\/media\/11625"}],"wp:attachment":[{"href":"https:\/\/vintagefrenchfinds.com\/en\/wp-json\/wp\/v2\/media?parent=11624"}],"wp:term":[{"taxonomy":"product_cat","embeddable":true,"href":"https:\/\/vintagefrenchfinds.com\/en\/wp-json\/wp\/v2\/product_cat?post=11624"},{"taxonomy":"product_tag","embeddable":true,"href":"https:\/\/vintagefrenchfinds.com\/en\/wp-json\/wp\/v2\/product_tag?post=11624"}],"curies":[{"name":"wp","href":"https:\/\/api.w.org\/{rel}","templated":true}]}}