{"id":11910,"date":"2022-02-24T15:56:39","date_gmt":"2022-02-24T15:56:39","guid":{"rendered":"https:\/\/vintagefrenchfinds.com\/?post_type=product&#038;p=11910"},"modified":"2025-03-12T21:59:28","modified_gmt":"2025-03-12T21:59:28","slug":"5-assiettes-de-la-faiencerie-de-gien-monuments-britanniques","status":"publish","type":"product","link":"https:\/\/vintagefrenchfinds.com\/en\/product\/5-assiettes-de-la-faiencerie-de-gien-monuments-britanniques","title":{"rendered":"5 Antique French GIEN  Plates - British Monuments"},"content":{"rendered":"<p><span style=\"font-family: Cambria, serif;\"><span style=\"font-size: large;\">Set of 5 beautiful vintage ceramic plates from Gien pottery with a black and white decor.<\/span><\/span><\/p>\n<p><span style=\"font-family: Cambria, serif;\"><span style=\"font-size: large;\">This set of plates featuring British monuments and landscapes includes :<\/span><\/span><\/p>\n<p><span style=\"font-family: Cambria, serif;\"><span style=\"font-size: large;\">- St David's College England<\/span><\/span><\/p>\n<p><span style=\"font-family: Cambria, serif;\"><span style=\"font-size: large;\">- Lord Grey's Castle<\/span><\/span><\/p>\n<p><span style=\"font-family: Cambria, serif;\"><span style=\"font-size: large;\">- Northop Church (small chip visible on the picture)<\/span><\/span><\/p>\n<p><span style=\"font-family: Cambria, serif;\"><span style=\"font-size: large;\">- View from ???? (difficult to decipher ;) )<\/span><\/span><\/p>\n<p><span style=\"font-family: Cambria, serif;\"><span style=\"font-size: large;\">- View of Wales<\/span><\/span><\/p>\n<p><span style=\"font-family: Cambria, serif;\"><span style=\"font-size: large;\">Stamped on the back : GUYON DE BOULEN &amp; GIEN - Medal Exhibition 1844 - Opaque porcelain<\/span><\/span><\/p>\n<p><span style=\"font-family: Cambria, serif;\"><span style=\"font-size: large;\">A great gift for anglophiles and collectors of beautiful retro objects..<\/span><\/span><\/p>\n<p><span style=\"font-family: Cambria, serif;\"><span style=\"font-size: large;\">Gien fine earthenware pottery, established in the department of Loiret, in the XIX century, is one of the most famous and the most important in Europe.<\/span><\/span><\/p>\n<p><span style=\"font-family: Cambria, serif;\"><span style=\"font-size: large;\">Sa p\u00e2te blanche, et non marron, donne l&rsquo;illusion de la porcelaine mais reste opaque \u00e0 la lumi\u00e8re.<\/span><\/span><\/p>\n<p><span style=\"color: #202122;\"><span style=\"font-family: Cambria, serif;\"><span style=\"font-size: large;\">La manufacture a excell\u00e9 dans l&rsquo;art de l&rsquo;imitation, et fabriqua des copies de pi\u00e8ces du pass\u00e9 \u00e0 un prix accessible<\/span><\/span><\/span><\/p>\n<p><span style=\"font-family: Cambria, serif;\"><span style=\"font-size: large;\">D 20 cm<\/span><\/span><\/p>","protected":false},"excerpt":{"rendered":"<p>Lot de 5 belles assiettes en c\u00e9ramique vintage sign\u00e9es Gien au d\u00e9cor noir et blanc Ce lot d\u2019assiettes qui mettent \u00e0 l\u2019honneur les monuments et paysage britanniques comprend : &#8211; College St David\u2019s Angleterre &#8211; Ch\u00e2teau de Lord Grey &#8211; Eglise de Northop (petit \u00e9clat visible sur la photo) &#8211; Vue de ???? (difficile \u00e0 [&hellip;]<\/p>\n","protected":false},"featured_media":11911,"template":"","meta":{"site-sidebar-layout":"default","site-content-layout":"default","ast-site-content-layout":"default","site-content-style":"default","site-sidebar-style":"default","ast-global-header-display":"","ast-banner-title-visibility":"","ast-main-header-display":"","ast-hfb-above-header-display":"","ast-hfb-below-header-display":"","ast-hfb-mobile-header-display":"","site-post-title":"","ast-breadcrumbs-content":"","ast-featured-img":"","footer-sml-layout":"","ast-disable-related-posts":"","theme-transparent-header-meta":"default","adv-header-id-meta":"","stick-header-meta":"","header-above-stick-meta":"","header-main-stick-meta":"","header-below-stick-meta":"","astra-migrate-meta-layouts":"default","ast-page-background-enabled":"default","ast-page-background-meta":{"desktop":{"background-color":"var(--ast-global-color-4)","background-image":"","background-repeat":"repeat","background-position":"center center","background-size":"auto","background-attachment":"scroll","background-type":"","background-media":"","overlay-type":"","overlay-color":"","overlay-opacity":"","overlay-gradient":""},"tablet":{"background-color":"","background-image":"","background-repeat":"repeat","background-position":"center center","background-size":"auto","background-attachment":"scroll","background-type":"","background-media":"","overlay-type":"","overlay-color":"","overlay-opacity":"","overlay-gradient":""},"mobile":{"background-color":"","background-image":"","background-repeat":"repeat","background-position":"center center","background-size":"auto","background-attachment":"scroll","background-type":"","background-media":"","overlay-type":"","overlay-color":"","overlay-opacity":"","overlay-gradient":""}},"ast-content-background-meta":{"desktop":{"background-color":"var(--ast-global-color-5)","background-image":"","background-repeat":"repeat","background-position":"center center","background-size":"auto","background-attachment":"scroll","background-type":"","background-media":"","overlay-type":"","overlay-color":"","overlay-opacity":"","overlay-gradient":""},"tablet":{"background-color":"var(--ast-global-color-5)","background-image":"","background-repeat":"repeat","background-position":"center center","background-size":"auto","background-attachment":"scroll","background-type":"","background-media":"","overlay-type":"","overlay-color":"","overlay-opacity":"","overlay-gradient":""},"mobile":{"background-color":"var(--ast-global-color-5)","background-image":"","background-repeat":"repeat","background-position":"center center","background-size":"auto","background-attachment":"scroll","background-type":"","background-media":"","overlay-type":"","overlay-color":"","overlay-opacity":"","overlay-gradient":""}}},"product_cat":[3542,3546],"product_tag":[1197,1115,1845,1023,1920,1174,1062,3794,1011],"yoast_head":"<!-- This site is optimized with the Yoast SEO plugin v20.8 - https:\/\/yoast.com\/wordpress\/plugins\/seo\/ -->\n<title>5 Assiettes De La Fa\u00efencerie de Gien \u2013 Monuments Britanniques - Vintage French Finds<\/title>\n<meta name=\"description\" content=\"The best of French vintage delivered to your doorstep direct from France : fashion, furniture, decoration, table art, curiosities, collections and art work.\" \/>\n<meta name=\"robots\" content=\"index, follow, max-snippet:-1, max-image-preview:large, max-video-preview:-1\" \/>\n<link rel=\"canonical\" href=\"https:\/\/vintagefrenchfinds.com\/en\/product\/5-assiettes-de-la-faiencerie-de-gien-monuments-britanniques\/\" \/>\n<meta property=\"og:locale\" content=\"en_GB\" \/>\n<meta property=\"og:type\" content=\"article\" \/>\n<meta property=\"og:title\" content=\"5 Assiettes De La Fa\u00efencerie de Gien \u2013 Monuments Britanniques - Vintage French Finds\" \/>\n<meta property=\"og:description\" content=\"The best of French vintage delivered to your doorstep direct from France : fashion, furniture, decoration, table art, curiosities, collections and art work.\" \/>\n<meta property=\"og:url\" content=\"https:\/\/vintagefrenchfinds.com\/en\/product\/5-assiettes-de-la-faiencerie-de-gien-monuments-britanniques\/\" \/>\n<meta property=\"og:site_name\" content=\"Vintage French Finds\" \/>\n<meta property=\"article:modified_time\" content=\"2025-03-12T21:59:28+00:00\" \/>\n<meta property=\"og:image\" content=\"https:\/\/vintagefrenchfinds.com\/wp-content\/uploads\/2022\/02\/DSCN3229.jpg\" \/>\n\t<meta property=\"og:image:width\" content=\"886\" \/>\n\t<meta property=\"og:image:height\" content=\"652\" \/>\n\t<meta property=\"og:image:type\" content=\"image\/jpeg\" \/>\n<meta name=\"twitter:card\" content=\"summary_large_image\" \/>\n<meta name=\"twitter:label1\" content=\"Estimated reading time\" \/>\n\t<meta name=\"twitter:data1\" content=\"1 minute\" \/>\n<script type=\"application\/ld+json\" class=\"yoast-schema-graph\">{\"@context\":\"https:\/\/schema.org\",\"@graph\":[{\"@type\":\"WebPage\",\"@id\":\"https:\/\/vintagefrenchfinds.com\/product\/5-assiettes-de-la-faiencerie-de-gien-monuments-britanniques\",\"url\":\"https:\/\/vintagefrenchfinds.com\/product\/5-assiettes-de-la-faiencerie-de-gien-monuments-britanniques\",\"name\":\"5 Assiettes De La Fa\u00efencerie de Gien \u2013 Monuments Britanniques - Vintage French Finds\",\"isPartOf\":{\"@id\":\"https:\/\/vintagefrenchfinds.com\/#website\"},\"datePublished\":\"2022-02-24T15:56:39+00:00\",\"dateModified\":\"2025-03-12T21:59:28+00:00\",\"description\":\"The best of French vintage delivered to your doorstep direct from France : fashion, furniture, decoration, table art, curiosities, collections and art work.\",\"breadcrumb\":{\"@id\":\"https:\/\/vintagefrenchfinds.com\/product\/5-assiettes-de-la-faiencerie-de-gien-monuments-britanniques#breadcrumb\"},\"inLanguage\":\"en-GB\",\"potentialAction\":[{\"@type\":\"ReadAction\",\"target\":[\"https:\/\/vintagefrenchfinds.com\/product\/5-assiettes-de-la-faiencerie-de-gien-monuments-britanniques\"]}]},{\"@type\":\"BreadcrumbList\",\"@id\":\"https:\/\/vintagefrenchfinds.com\/product\/5-assiettes-de-la-faiencerie-de-gien-monuments-britanniques#breadcrumb\",\"itemListElement\":[{\"@type\":\"ListItem\",\"position\":1,\"name\":\"Home\",\"item\":\"https:\/\/vintagefrenchfinds.com\/\"},{\"@type\":\"ListItem\",\"position\":2,\"name\":\"BOUTIQUE\",\"item\":\"https:\/\/vintagefrenchfinds.com\/shop\"},{\"@type\":\"ListItem\",\"position\":3,\"name\":\"5 Assiettes De La Fa\u00efencerie de Gien \u2013 Monuments Britanniques\"}]},{\"@type\":\"WebSite\",\"@id\":\"https:\/\/vintagefrenchfinds.com\/#website\",\"url\":\"https:\/\/vintagefrenchfinds.com\/\",\"name\":\"Vintage French Finds\",\"description\":\"The best of French vintage delivered to your doorstep direct from France : fashion, furniture, decoration, table art, curiosities, collections and art work.\",\"potentialAction\":[{\"@type\":\"SearchAction\",\"target\":{\"@type\":\"EntryPoint\",\"urlTemplate\":\"https:\/\/vintagefrenchfinds.com\/?s={search_term_string}\"},\"query-input\":\"required name=search_term_string\"}],\"inLanguage\":\"en-GB\"}]}<\/script>\n<!-- \/ Yoast SEO plugin. -->","yoast_head_json":{"title":"5 Assiettes De La Fa\u00efencerie de Gien \u2013 Monuments Britanniques - Vintage French Finds","description":"The best of French vintage delivered to your doorstep direct from France : fashion, furniture, decoration, table art, curiosities, collections and art work.","robots":{"index":"index","follow":"follow","max-snippet":"max-snippet:-1","max-image-preview":"max-image-preview:large","max-video-preview":"max-video-preview:-1"},"canonical":"https:\/\/vintagefrenchfinds.com\/en\/product\/5-assiettes-de-la-faiencerie-de-gien-monuments-britanniques\/","og_locale":"en_GB","og_type":"article","og_title":"5 Assiettes De La Fa\u00efencerie de Gien \u2013 Monuments Britanniques - Vintage French Finds","og_description":"The best of French vintage delivered to your doorstep direct from France : fashion, furniture, decoration, table art, curiosities, collections and art work.","og_url":"https:\/\/vintagefrenchfinds.com\/en\/product\/5-assiettes-de-la-faiencerie-de-gien-monuments-britanniques\/","og_site_name":"Vintage French Finds","article_modified_time":"2025-03-12T21:59:28+00:00","og_image":[{"width":886,"height":652,"url":"https:\/\/vintagefrenchfinds.com\/wp-content\/uploads\/2022\/02\/DSCN3229.jpg","type":"image\/jpeg"}],"twitter_card":"summary_large_image","twitter_misc":{"Estimated reading time":"1 minute"},"schema":{"@context":"https:\/\/schema.org","@graph":[{"@type":"WebPage","@id":"https:\/\/vintagefrenchfinds.com\/product\/5-assiettes-de-la-faiencerie-de-gien-monuments-britanniques","url":"https:\/\/vintagefrenchfinds.com\/product\/5-assiettes-de-la-faiencerie-de-gien-monuments-britanniques","name":"5 Assiettes De La Fa\u00efencerie de Gien \u2013 Monuments Britanniques - Vintage French Finds","isPartOf":{"@id":"https:\/\/vintagefrenchfinds.com\/#website"},"datePublished":"2022-02-24T15:56:39+00:00","dateModified":"2025-03-12T21:59:28+00:00","description":"The best of French vintage delivered to your doorstep direct from France : fashion, furniture, decoration, table art, curiosities, collections and art work.","breadcrumb":{"@id":"https:\/\/vintagefrenchfinds.com\/product\/5-assiettes-de-la-faiencerie-de-gien-monuments-britanniques#breadcrumb"},"inLanguage":"en-GB","potentialAction":[{"@type":"ReadAction","target":["https:\/\/vintagefrenchfinds.com\/product\/5-assiettes-de-la-faiencerie-de-gien-monuments-britanniques"]}]},{"@type":"BreadcrumbList","@id":"https:\/\/vintagefrenchfinds.com\/product\/5-assiettes-de-la-faiencerie-de-gien-monuments-britanniques#breadcrumb","itemListElement":[{"@type":"ListItem","position":1,"name":"Home","item":"https:\/\/vintagefrenchfinds.com\/"},{"@type":"ListItem","position":2,"name":"BOUTIQUE","item":"https:\/\/vintagefrenchfinds.com\/shop"},{"@type":"ListItem","position":3,"name":"5 Assiettes De La Fa\u00efencerie de Gien \u2013 Monuments Britanniques"}]},{"@type":"WebSite","@id":"https:\/\/vintagefrenchfinds.com\/#website","url":"https:\/\/vintagefrenchfinds.com\/","name":"Vintage French Finds\u00a0","description":"The best of French vintage delivered to your doorstep direct from France : fashion, furniture, decoration, table art, curiosities, collections and art work.","potentialAction":[{"@type":"SearchAction","target":{"@type":"EntryPoint","urlTemplate":"https:\/\/vintagefrenchfinds.com\/?s={search_term_string}"},"query-input":"required name=search_term_string"}],"inLanguage":"en-GB"}]}},"post_mailing_queue_ids":[],"_links":{"self":[{"href":"https:\/\/vintagefrenchfinds.com\/en\/wp-json\/wp\/v2\/product\/11910"}],"collection":[{"href":"https:\/\/vintagefrenchfinds.com\/en\/wp-json\/wp\/v2\/product"}],"about":[{"href":"https:\/\/vintagefrenchfinds.com\/en\/wp-json\/wp\/v2\/types\/product"}],"wp:featuredmedia":[{"embeddable":true,"href":"https:\/\/vintagefrenchfinds.com\/en\/wp-json\/wp\/v2\/media\/11911"}],"wp:attachment":[{"href":"https:\/\/vintagefrenchfinds.com\/en\/wp-json\/wp\/v2\/media?parent=11910"}],"wp:term":[{"taxonomy":"product_cat","embeddable":true,"href":"https:\/\/vintagefrenchfinds.com\/en\/wp-json\/wp\/v2\/product_cat?post=11910"},{"taxonomy":"product_tag","embeddable":true,"href":"https:\/\/vintagefrenchfinds.com\/en\/wp-json\/wp\/v2\/product_tag?post=11910"}],"curies":[{"name":"wp","href":"https:\/\/api.w.org\/{rel}","templated":true}]}}