{"id":13253,"date":"2022-04-16T10:26:38","date_gmt":"2022-04-16T10:26:38","guid":{"rendered":"https:\/\/vintagefrenchfinds.com\/?post_type=product&#038;p=13253"},"modified":"2025-03-15T20:59:54","modified_gmt":"2025-03-15T20:59:54","slug":"ancien-plat-rectangulaire-en-porcelaine-union-limousine","status":"publish","type":"product","link":"https:\/\/vintagefrenchfinds.com\/en\/product\/ancien-plat-rectangulaire-en-porcelaine-union-limousine","title":{"rendered":"Antique French Rectangular Union Limousine Porcelain Dish"},"content":{"rendered":"<p><span style=\"font-weight: 400;\">Beautiful vintage rectangular presentation dish in white porcelain decorated with gold rim.<\/span><\/p>\n<p><span style=\"font-weight: 400;\">Stamped on the reverse: Limoges - Union Limousine - FRANCE<\/span><\/p>\n<p><span style=\"font-weight: 400;\">La porcelaine de Limoges est l&rsquo;une des deux principales productions porcelaini\u00e8res de France, et la seule issue d&rsquo;un v\u00e9ritable territoire de production, situ\u00e9e autour de la ville de Limoges dans les Hautes &#8211; Viennes.<\/span><\/p>\n<p><span style=\"font-weight: 400;\">C&rsquo;est en 1768 que l&rsquo;on trouva des gisements exploitables de <\/span><a href=\"https:\/\/fr.wikipedia.org\/wiki\/Kaolin\"><span style=\"font-weight: 400;\">kaolin<\/span><\/a><span style=\"font-weight: 400;\"> mat\u00e9riau indispensable \u00e0 la production de cette c\u00e9ramique dure et translucide, et c\u2019est \u00e0 partir de cette d\u00e9couverte qu\u2019est n\u00e9e et s\u2019est d\u00e9velopp\u00e9e la porcelaine de Limoges.<\/span><\/p>\n<p><span style=\"font-weight: 400;\">Depuis le 18e si\u00e8cle, la notori\u00e9t\u00e9 de la porcelaine de Limoges s&rsquo;est d\u00e9velopp\u00e9e au point que le nom de la ville \u00e9voque imm\u00e9diatement l&rsquo;art de la porcelaine.<\/span><\/p>\n<p><span style=\"font-weight: 400;\">This charming dish will add a touch of elegance to your table!<\/span><\/p>\n<p><span style=\"font-weight: 400;\">L 38 x W 15.5 cm<\/span><\/p>","protected":false},"excerpt":{"rendered":"<p>Beau plat de pr\u00e9sentation rectangulaire vintage en porcelaine blanche orn\u00e9 de filet d\u2019or sur le pourtour. Estampill\u00e9 en dessous : Limoges &#8211; Union Limousine &#8211; FRANCE La porcelaine de Limoges est l&rsquo;une des deux principales productions porcelaini\u00e8res de France, et la seule issue d&rsquo;un v\u00e9ritable territoire de production, situ\u00e9e autour de la ville de Limoges [&hellip;]<\/p>\n","protected":false},"featured_media":13254,"template":"","meta":{"site-sidebar-layout":"default","site-content-layout":"default","ast-site-content-layout":"default","site-content-style":"default","site-sidebar-style":"default","ast-global-header-display":"","ast-banner-title-visibility":"","ast-main-header-display":"","ast-hfb-above-header-display":"","ast-hfb-below-header-display":"","ast-hfb-mobile-header-display":"","site-post-title":"","ast-breadcrumbs-content":"","ast-featured-img":"","footer-sml-layout":"","ast-disable-related-posts":"","theme-transparent-header-meta":"default","adv-header-id-meta":"","stick-header-meta":"","header-above-stick-meta":"","header-main-stick-meta":"","header-below-stick-meta":"","astra-migrate-meta-layouts":"default","ast-page-background-enabled":"default","ast-page-background-meta":{"desktop":{"background-color":"var(--ast-global-color-4)","background-image":"","background-repeat":"repeat","background-position":"center center","background-size":"auto","background-attachment":"scroll","background-type":"","background-media":"","overlay-type":"","overlay-color":"","overlay-opacity":"","overlay-gradient":""},"tablet":{"background-color":"","background-image":"","background-repeat":"repeat","background-position":"center center","background-size":"auto","background-attachment":"scroll","background-type":"","background-media":"","overlay-type":"","overlay-color":"","overlay-opacity":"","overlay-gradient":""},"mobile":{"background-color":"","background-image":"","background-repeat":"repeat","background-position":"center center","background-size":"auto","background-attachment":"scroll","background-type":"","background-media":"","overlay-type":"","overlay-color":"","overlay-opacity":"","overlay-gradient":""}},"ast-content-background-meta":{"desktop":{"background-color":"var(--ast-global-color-5)","background-image":"","background-repeat":"repeat","background-position":"center center","background-size":"auto","background-attachment":"scroll","background-type":"","background-media":"","overlay-type":"","overlay-color":"","overlay-opacity":"","overlay-gradient":""},"tablet":{"background-color":"var(--ast-global-color-5)","background-image":"","background-repeat":"repeat","background-position":"center center","background-size":"auto","background-attachment":"scroll","background-type":"","background-media":"","overlay-type":"","overlay-color":"","overlay-opacity":"","overlay-gradient":""},"mobile":{"background-color":"var(--ast-global-color-5)","background-image":"","background-repeat":"repeat","background-position":"center center","background-size":"auto","background-attachment":"scroll","background-type":"","background-media":"","overlay-type":"","overlay-color":"","overlay-opacity":"","overlay-gradient":""}}},"product_cat":[3542,3547],"product_tag":[1197,1115,1845,1920,1642,1380,2040,1211,1011],"yoast_head":"<!-- This site is optimized with the Yoast SEO plugin v20.8 - https:\/\/yoast.com\/wordpress\/plugins\/seo\/ -->\n<title>Ancien Plat Rectangulaire en Porcelaine Union Limousine - Vintage French Finds<\/title>\n<meta name=\"description\" content=\"The best of French vintage delivered to your doorstep direct from France : fashion, furniture, decoration, table art, curiosities, collections and art work.\" \/>\n<meta name=\"robots\" content=\"index, follow, max-snippet:-1, max-image-preview:large, max-video-preview:-1\" \/>\n<link rel=\"canonical\" href=\"https:\/\/vintagefrenchfinds.com\/en\/product\/ancien-plat-rectangulaire-en-porcelaine-union-limousine\/\" \/>\n<meta property=\"og:locale\" content=\"en_GB\" \/>\n<meta property=\"og:type\" content=\"article\" \/>\n<meta property=\"og:title\" content=\"Ancien Plat Rectangulaire en Porcelaine Union Limousine - Vintage French Finds\" \/>\n<meta property=\"og:description\" content=\"The best of French vintage delivered to your doorstep direct from France : fashion, furniture, decoration, table art, curiosities, collections and art work.\" \/>\n<meta property=\"og:url\" content=\"https:\/\/vintagefrenchfinds.com\/en\/product\/ancien-plat-rectangulaire-en-porcelaine-union-limousine\/\" \/>\n<meta property=\"og:site_name\" content=\"Vintage French Finds\" \/>\n<meta property=\"article:modified_time\" content=\"2025-03-15T20:59:54+00:00\" \/>\n<meta property=\"og:image\" content=\"https:\/\/vintagefrenchfinds.com\/wp-content\/uploads\/2022\/04\/DSCN4042.jpg\" \/>\n\t<meta property=\"og:image:width\" content=\"886\" \/>\n\t<meta property=\"og:image:height\" content=\"580\" \/>\n\t<meta property=\"og:image:type\" content=\"image\/jpeg\" \/>\n<meta name=\"twitter:card\" content=\"summary_large_image\" \/>\n<meta name=\"twitter:label1\" content=\"Estimated reading time\" \/>\n\t<meta name=\"twitter:data1\" content=\"1 minute\" \/>\n<script type=\"application\/ld+json\" class=\"yoast-schema-graph\">{\"@context\":\"https:\/\/schema.org\",\"@graph\":[{\"@type\":\"WebPage\",\"@id\":\"https:\/\/vintagefrenchfinds.com\/product\/ancien-plat-rectangulaire-en-porcelaine-union-limousine\",\"url\":\"https:\/\/vintagefrenchfinds.com\/product\/ancien-plat-rectangulaire-en-porcelaine-union-limousine\",\"name\":\"Ancien Plat Rectangulaire en Porcelaine Union Limousine - Vintage French Finds\",\"isPartOf\":{\"@id\":\"https:\/\/vintagefrenchfinds.com\/#website\"},\"datePublished\":\"2022-04-16T10:26:38+00:00\",\"dateModified\":\"2025-03-15T20:59:54+00:00\",\"description\":\"The best of French vintage delivered to your doorstep direct from France : fashion, furniture, decoration, table art, curiosities, collections and art work.\",\"breadcrumb\":{\"@id\":\"https:\/\/vintagefrenchfinds.com\/product\/ancien-plat-rectangulaire-en-porcelaine-union-limousine#breadcrumb\"},\"inLanguage\":\"en-GB\",\"potentialAction\":[{\"@type\":\"ReadAction\",\"target\":[\"https:\/\/vintagefrenchfinds.com\/product\/ancien-plat-rectangulaire-en-porcelaine-union-limousine\"]}]},{\"@type\":\"BreadcrumbList\",\"@id\":\"https:\/\/vintagefrenchfinds.com\/product\/ancien-plat-rectangulaire-en-porcelaine-union-limousine#breadcrumb\",\"itemListElement\":[{\"@type\":\"ListItem\",\"position\":1,\"name\":\"Home\",\"item\":\"https:\/\/vintagefrenchfinds.com\/\"},{\"@type\":\"ListItem\",\"position\":2,\"name\":\"BOUTIQUE\",\"item\":\"https:\/\/vintagefrenchfinds.com\/shop\"},{\"@type\":\"ListItem\",\"position\":3,\"name\":\"Ancien Plat Rectangulaire en Porcelaine Union Limousine\"}]},{\"@type\":\"WebSite\",\"@id\":\"https:\/\/vintagefrenchfinds.com\/#website\",\"url\":\"https:\/\/vintagefrenchfinds.com\/\",\"name\":\"Vintage French Finds\",\"description\":\"The best of French vintage delivered to your doorstep direct from France : fashion, furniture, decoration, table art, curiosities, collections and art work.\",\"potentialAction\":[{\"@type\":\"SearchAction\",\"target\":{\"@type\":\"EntryPoint\",\"urlTemplate\":\"https:\/\/vintagefrenchfinds.com\/?s={search_term_string}\"},\"query-input\":\"required name=search_term_string\"}],\"inLanguage\":\"en-GB\"}]}<\/script>\n<!-- \/ Yoast SEO plugin. -->","yoast_head_json":{"title":"Ancien Plat Rectangulaire en Porcelaine Union Limousine - Vintage French Finds","description":"The best of French vintage delivered to your doorstep direct from France : fashion, furniture, decoration, table art, curiosities, collections and art work.","robots":{"index":"index","follow":"follow","max-snippet":"max-snippet:-1","max-image-preview":"max-image-preview:large","max-video-preview":"max-video-preview:-1"},"canonical":"https:\/\/vintagefrenchfinds.com\/en\/product\/ancien-plat-rectangulaire-en-porcelaine-union-limousine\/","og_locale":"en_GB","og_type":"article","og_title":"Ancien Plat Rectangulaire en Porcelaine Union Limousine - Vintage French Finds","og_description":"The best of French vintage delivered to your doorstep direct from France : fashion, furniture, decoration, table art, curiosities, collections and art work.","og_url":"https:\/\/vintagefrenchfinds.com\/en\/product\/ancien-plat-rectangulaire-en-porcelaine-union-limousine\/","og_site_name":"Vintage French Finds","article_modified_time":"2025-03-15T20:59:54+00:00","og_image":[{"width":886,"height":580,"url":"https:\/\/vintagefrenchfinds.com\/wp-content\/uploads\/2022\/04\/DSCN4042.jpg","type":"image\/jpeg"}],"twitter_card":"summary_large_image","twitter_misc":{"Estimated reading time":"1 minute"},"schema":{"@context":"https:\/\/schema.org","@graph":[{"@type":"WebPage","@id":"https:\/\/vintagefrenchfinds.com\/product\/ancien-plat-rectangulaire-en-porcelaine-union-limousine","url":"https:\/\/vintagefrenchfinds.com\/product\/ancien-plat-rectangulaire-en-porcelaine-union-limousine","name":"Ancien Plat Rectangulaire en Porcelaine Union Limousine - Vintage French Finds","isPartOf":{"@id":"https:\/\/vintagefrenchfinds.com\/#website"},"datePublished":"2022-04-16T10:26:38+00:00","dateModified":"2025-03-15T20:59:54+00:00","description":"The best of French vintage delivered to your doorstep direct from France : fashion, furniture, decoration, table art, curiosities, collections and art work.","breadcrumb":{"@id":"https:\/\/vintagefrenchfinds.com\/product\/ancien-plat-rectangulaire-en-porcelaine-union-limousine#breadcrumb"},"inLanguage":"en-GB","potentialAction":[{"@type":"ReadAction","target":["https:\/\/vintagefrenchfinds.com\/product\/ancien-plat-rectangulaire-en-porcelaine-union-limousine"]}]},{"@type":"BreadcrumbList","@id":"https:\/\/vintagefrenchfinds.com\/product\/ancien-plat-rectangulaire-en-porcelaine-union-limousine#breadcrumb","itemListElement":[{"@type":"ListItem","position":1,"name":"Home","item":"https:\/\/vintagefrenchfinds.com\/"},{"@type":"ListItem","position":2,"name":"BOUTIQUE","item":"https:\/\/vintagefrenchfinds.com\/shop"},{"@type":"ListItem","position":3,"name":"Ancien Plat Rectangulaire en Porcelaine Union Limousine"}]},{"@type":"WebSite","@id":"https:\/\/vintagefrenchfinds.com\/#website","url":"https:\/\/vintagefrenchfinds.com\/","name":"Vintage French Finds\u00a0","description":"The best of French vintage delivered to your doorstep direct from France : fashion, furniture, decoration, table art, curiosities, collections and art work.","potentialAction":[{"@type":"SearchAction","target":{"@type":"EntryPoint","urlTemplate":"https:\/\/vintagefrenchfinds.com\/?s={search_term_string}"},"query-input":"required name=search_term_string"}],"inLanguage":"en-GB"}]}},"post_mailing_queue_ids":[],"_links":{"self":[{"href":"https:\/\/vintagefrenchfinds.com\/en\/wp-json\/wp\/v2\/product\/13253"}],"collection":[{"href":"https:\/\/vintagefrenchfinds.com\/en\/wp-json\/wp\/v2\/product"}],"about":[{"href":"https:\/\/vintagefrenchfinds.com\/en\/wp-json\/wp\/v2\/types\/product"}],"wp:featuredmedia":[{"embeddable":true,"href":"https:\/\/vintagefrenchfinds.com\/en\/wp-json\/wp\/v2\/media\/13254"}],"wp:attachment":[{"href":"https:\/\/vintagefrenchfinds.com\/en\/wp-json\/wp\/v2\/media?parent=13253"}],"wp:term":[{"taxonomy":"product_cat","embeddable":true,"href":"https:\/\/vintagefrenchfinds.com\/en\/wp-json\/wp\/v2\/product_cat?post=13253"},{"taxonomy":"product_tag","embeddable":true,"href":"https:\/\/vintagefrenchfinds.com\/en\/wp-json\/wp\/v2\/product_tag?post=13253"}],"curies":[{"name":"wp","href":"https:\/\/api.w.org\/{rel}","templated":true}]}}