{"id":13366,"date":"2022-04-26T11:07:48","date_gmt":"2022-04-26T11:07:48","guid":{"rendered":"https:\/\/vintagefrenchfinds.com\/?post_type=product&#038;p=13366"},"modified":"2025-05-21T21:00:55","modified_gmt":"2025-05-21T21:00:55","slug":"4-anciennes-tasses-soucoupes-alfred-meakin-england-hedgerow","status":"publish","type":"product","link":"https:\/\/vintagefrenchfinds.com\/en\/product\/4-anciennes-tasses-soucoupes-alfred-meakin-england-hedgerow","title":{"rendered":"Set of 4 Antique English ALFRED MEAKIN Cups and Saucers \u2013 Hedgegrow"},"content":{"rendered":"<p><span style=\"font-weight: 400;\">Set of 6 vintage matching\u00a0white earthenware cups\u00a0&amp; saucers decorated with berries, wheatgrass and a grey blue rim.<\/span><\/p>\n<p><span style=\"font-weight: 400;\">Stamped on the reverse of each saucer : Hedgegrow - Alfred Meakin \u2013 England<\/span><\/p>\n<p><span style=\"font-weight: 400;\">Alfred Meakin Ltd was founded in 1875 and operated from the Royal Albert, Victoria and Highgate Potteries in Tunstall.  Alfred Meakin was the brother of James and George Meakin who ran a large pottery company in Hanley, Stoke-on-Trent.<\/span><\/p>\n<p><span style=\"font-weight: 400;\">Alfred Meakin was one of the most prolific manufacturers of the\u00a0Tea Leaf\u00a0design, exported by many other Staffordshire companies following its introduction as a motif in the mid-1850s.\u00a0<\/span><\/p>\n<p><span style=\"font-weight: 400;\">In addition to wares for export, ordinary domestic and traditional tableware was made, such as the\u00a0Bleu de Roi\u00a0dinnerware, presented to King George V and Queen Mary on their 1913 Royal Visit to the pottery.\u00a0<\/span><\/p>\n<p><span style=\"font-weight: 400;\">It\u2019s 5 O\u2019clock\u00a0! Would you like to have a cup of tea\u00a0?<\/span><\/p>\n<p><span style=\"font-weight: 400;\">Good condition, but a handle has been glued on one of the cups.<\/span><\/p>\n<p><span style=\"font-weight: 400;\">4 x Saucers D 14.2 cm<\/span><\/p>\n<p><span style=\"font-weight: 400;\">2 x Cups H 8 x D 9.2 cm (one with glued handle)<\/span><\/p>\n<p><span style=\"font-weight: 400;\">2 x Cups H 7.2 x D 8.5 cm<\/span><\/p>","protected":false},"excerpt":{"rendered":"<p>Ensemble de 4 tasses et sous-tasses vintage assortis en fa\u00efence blanche orn\u00e9e de baies et d\u2019herbe de bl\u00e9, avec un pourtour bleu gris. Chaque soucoupe est estampill\u00e9e Hedgegrow &#8211; Alfred Meakin &#8211; England en dessous. Au XVIIIe si\u00e8cle, les meilleures poteries du monde furent fabriqu\u00e9es \u00e0 Stoke-on-Trent, dans le Staffordshire. Ayant toutes les ressources n\u00e9cessaires [&hellip;]<\/p>\n","protected":false},"featured_media":13367,"template":"","meta":{"site-sidebar-layout":"default","site-content-layout":"default","ast-site-content-layout":"default","site-content-style":"default","site-sidebar-style":"default","ast-global-header-display":"","ast-banner-title-visibility":"","ast-main-header-display":"","ast-hfb-above-header-display":"","ast-hfb-below-header-display":"","ast-hfb-mobile-header-display":"","site-post-title":"","ast-breadcrumbs-content":"","ast-featured-img":"","footer-sml-layout":"","ast-disable-related-posts":"","theme-transparent-header-meta":"default","adv-header-id-meta":"","stick-header-meta":"","header-above-stick-meta":"","header-main-stick-meta":"","header-below-stick-meta":"","astra-migrate-meta-layouts":"set","ast-page-background-enabled":"default","ast-page-background-meta":{"desktop":{"background-color":"var(--ast-global-color-4)","background-image":"","background-repeat":"repeat","background-position":"center center","background-size":"auto","background-attachment":"scroll","background-type":"","background-media":"","overlay-type":"","overlay-color":"","overlay-opacity":"","overlay-gradient":""},"tablet":{"background-color":"","background-image":"","background-repeat":"repeat","background-position":"center center","background-size":"auto","background-attachment":"scroll","background-type":"","background-media":"","overlay-type":"","overlay-color":"","overlay-opacity":"","overlay-gradient":""},"mobile":{"background-color":"","background-image":"","background-repeat":"repeat","background-position":"center center","background-size":"auto","background-attachment":"scroll","background-type":"","background-media":"","overlay-type":"","overlay-color":"","overlay-opacity":"","overlay-gradient":""}},"ast-content-background-meta":{"desktop":{"background-color":"var(--ast-global-color-5)","background-image":"","background-repeat":"repeat","background-position":"center center","background-size":"auto","background-attachment":"scroll","background-type":"","background-media":"","overlay-type":"","overlay-color":"","overlay-opacity":"","overlay-gradient":""},"tablet":{"background-color":"var(--ast-global-color-5)","background-image":"","background-repeat":"repeat","background-position":"center center","background-size":"auto","background-attachment":"scroll","background-type":"","background-media":"","overlay-type":"","overlay-color":"","overlay-opacity":"","overlay-gradient":""},"mobile":{"background-color":"var(--ast-global-color-5)","background-image":"","background-repeat":"repeat","background-position":"center center","background-size":"auto","background-attachment":"scroll","background-type":"","background-media":"","overlay-type":"","overlay-color":"","overlay-opacity":"","overlay-gradient":""}}},"product_cat":[3542,3553],"product_tag":[1197,1115,1920,1174,2119,2118,1169,1011],"yoast_head":"<!-- This site is optimized with the Yoast SEO plugin v20.8 - https:\/\/yoast.com\/wordpress\/plugins\/seo\/ -->\n<title>4 Anciennes Tasses &amp; Soucoupes ALFRED MEAKIN England - Hedgerow - Vintage French Finds<\/title>\n<meta name=\"description\" content=\"The best of French vintage delivered to your doorstep direct from France : fashion, furniture, decoration, table art, curiosities, collections and art work.\" \/>\n<meta name=\"robots\" content=\"index, follow, max-snippet:-1, max-image-preview:large, max-video-preview:-1\" \/>\n<link rel=\"canonical\" href=\"https:\/\/vintagefrenchfinds.com\/en\/product\/4-anciennes-tasses-soucoupes-alfred-meakin-england-hedgerow\/\" \/>\n<meta property=\"og:locale\" content=\"en_GB\" \/>\n<meta property=\"og:type\" content=\"article\" \/>\n<meta property=\"og:title\" content=\"4 Anciennes Tasses &amp; Soucoupes ALFRED MEAKIN England - Hedgerow - Vintage French Finds\" \/>\n<meta property=\"og:description\" content=\"The best of French vintage delivered to your doorstep direct from France : fashion, furniture, decoration, table art, curiosities, collections and art work.\" \/>\n<meta property=\"og:url\" content=\"https:\/\/vintagefrenchfinds.com\/en\/product\/4-anciennes-tasses-soucoupes-alfred-meakin-england-hedgerow\/\" \/>\n<meta property=\"og:site_name\" content=\"Vintage French Finds\" \/>\n<meta property=\"article:modified_time\" content=\"2025-05-21T21:00:55+00:00\" \/>\n<meta property=\"og:image\" content=\"https:\/\/vintagefrenchfinds.com\/wp-content\/uploads\/2022\/04\/DSCN4338.jpg\" \/>\n\t<meta property=\"og:image:width\" content=\"886\" \/>\n\t<meta property=\"og:image:height\" content=\"688\" \/>\n\t<meta property=\"og:image:type\" content=\"image\/jpeg\" \/>\n<meta name=\"twitter:card\" content=\"summary_large_image\" \/>\n<meta name=\"twitter:label1\" content=\"Estimated reading time\" \/>\n\t<meta name=\"twitter:data1\" content=\"1 minute\" \/>\n<script type=\"application\/ld+json\" class=\"yoast-schema-graph\">{\"@context\":\"https:\/\/schema.org\",\"@graph\":[{\"@type\":\"WebPage\",\"@id\":\"https:\/\/vintagefrenchfinds.com\/product\/4-anciennes-tasses-soucoupes-alfred-meakin-england-hedgerow\",\"url\":\"https:\/\/vintagefrenchfinds.com\/product\/4-anciennes-tasses-soucoupes-alfred-meakin-england-hedgerow\",\"name\":\"4 Anciennes Tasses & Soucoupes ALFRED MEAKIN England - Hedgerow - Vintage French Finds\",\"isPartOf\":{\"@id\":\"https:\/\/vintagefrenchfinds.com\/#website\"},\"datePublished\":\"2022-04-26T11:07:48+00:00\",\"dateModified\":\"2025-05-21T21:00:55+00:00\",\"description\":\"The best of French vintage delivered to your doorstep direct from France : fashion, furniture, decoration, table art, curiosities, collections and art work.\",\"breadcrumb\":{\"@id\":\"https:\/\/vintagefrenchfinds.com\/product\/4-anciennes-tasses-soucoupes-alfred-meakin-england-hedgerow#breadcrumb\"},\"inLanguage\":\"en-GB\",\"potentialAction\":[{\"@type\":\"ReadAction\",\"target\":[\"https:\/\/vintagefrenchfinds.com\/product\/4-anciennes-tasses-soucoupes-alfred-meakin-england-hedgerow\"]}]},{\"@type\":\"BreadcrumbList\",\"@id\":\"https:\/\/vintagefrenchfinds.com\/product\/4-anciennes-tasses-soucoupes-alfred-meakin-england-hedgerow#breadcrumb\",\"itemListElement\":[{\"@type\":\"ListItem\",\"position\":1,\"name\":\"Home\",\"item\":\"https:\/\/vintagefrenchfinds.com\/\"},{\"@type\":\"ListItem\",\"position\":2,\"name\":\"BOUTIQUE\",\"item\":\"https:\/\/vintagefrenchfinds.com\/shop\"},{\"@type\":\"ListItem\",\"position\":3,\"name\":\"4 Anciennes Tasses &#038; Soucoupes ALFRED MEAKIN England &#8211; Hedgerow\"}]},{\"@type\":\"WebSite\",\"@id\":\"https:\/\/vintagefrenchfinds.com\/#website\",\"url\":\"https:\/\/vintagefrenchfinds.com\/\",\"name\":\"Vintage French Finds\",\"description\":\"The best of French vintage delivered to your doorstep direct from France : fashion, furniture, decoration, table art, curiosities, collections and art work.\",\"potentialAction\":[{\"@type\":\"SearchAction\",\"target\":{\"@type\":\"EntryPoint\",\"urlTemplate\":\"https:\/\/vintagefrenchfinds.com\/?s={search_term_string}\"},\"query-input\":\"required name=search_term_string\"}],\"inLanguage\":\"en-GB\"}]}<\/script>\n<!-- \/ Yoast SEO plugin. -->","yoast_head_json":{"title":"4 Anciennes Tasses & Soucoupes ALFRED MEAKIN England - Hedgerow - Vintage French Finds","description":"The best of French vintage delivered to your doorstep direct from France : fashion, furniture, decoration, table art, curiosities, collections and art work.","robots":{"index":"index","follow":"follow","max-snippet":"max-snippet:-1","max-image-preview":"max-image-preview:large","max-video-preview":"max-video-preview:-1"},"canonical":"https:\/\/vintagefrenchfinds.com\/en\/product\/4-anciennes-tasses-soucoupes-alfred-meakin-england-hedgerow\/","og_locale":"en_GB","og_type":"article","og_title":"4 Anciennes Tasses & Soucoupes ALFRED MEAKIN England - Hedgerow - Vintage French Finds","og_description":"The best of French vintage delivered to your doorstep direct from France : fashion, furniture, decoration, table art, curiosities, collections and art work.","og_url":"https:\/\/vintagefrenchfinds.com\/en\/product\/4-anciennes-tasses-soucoupes-alfred-meakin-england-hedgerow\/","og_site_name":"Vintage French Finds","article_modified_time":"2025-05-21T21:00:55+00:00","og_image":[{"width":886,"height":688,"url":"https:\/\/vintagefrenchfinds.com\/wp-content\/uploads\/2022\/04\/DSCN4338.jpg","type":"image\/jpeg"}],"twitter_card":"summary_large_image","twitter_misc":{"Estimated reading time":"1 minute"},"schema":{"@context":"https:\/\/schema.org","@graph":[{"@type":"WebPage","@id":"https:\/\/vintagefrenchfinds.com\/product\/4-anciennes-tasses-soucoupes-alfred-meakin-england-hedgerow","url":"https:\/\/vintagefrenchfinds.com\/product\/4-anciennes-tasses-soucoupes-alfred-meakin-england-hedgerow","name":"4 Anciennes Tasses & Soucoupes ALFRED MEAKIN England - Hedgerow - Vintage French Finds","isPartOf":{"@id":"https:\/\/vintagefrenchfinds.com\/#website"},"datePublished":"2022-04-26T11:07:48+00:00","dateModified":"2025-05-21T21:00:55+00:00","description":"The best of French vintage delivered to your doorstep direct from France : fashion, furniture, decoration, table art, curiosities, collections and art work.","breadcrumb":{"@id":"https:\/\/vintagefrenchfinds.com\/product\/4-anciennes-tasses-soucoupes-alfred-meakin-england-hedgerow#breadcrumb"},"inLanguage":"en-GB","potentialAction":[{"@type":"ReadAction","target":["https:\/\/vintagefrenchfinds.com\/product\/4-anciennes-tasses-soucoupes-alfred-meakin-england-hedgerow"]}]},{"@type":"BreadcrumbList","@id":"https:\/\/vintagefrenchfinds.com\/product\/4-anciennes-tasses-soucoupes-alfred-meakin-england-hedgerow#breadcrumb","itemListElement":[{"@type":"ListItem","position":1,"name":"Home","item":"https:\/\/vintagefrenchfinds.com\/"},{"@type":"ListItem","position":2,"name":"BOUTIQUE","item":"https:\/\/vintagefrenchfinds.com\/shop"},{"@type":"ListItem","position":3,"name":"4 Anciennes Tasses &#038; Soucoupes ALFRED MEAKIN England &#8211; Hedgerow"}]},{"@type":"WebSite","@id":"https:\/\/vintagefrenchfinds.com\/#website","url":"https:\/\/vintagefrenchfinds.com\/","name":"Vintage French Finds\u00a0","description":"The best of French vintage delivered to your doorstep direct from France : fashion, furniture, decoration, table art, curiosities, collections and art work.","potentialAction":[{"@type":"SearchAction","target":{"@type":"EntryPoint","urlTemplate":"https:\/\/vintagefrenchfinds.com\/?s={search_term_string}"},"query-input":"required name=search_term_string"}],"inLanguage":"en-GB"}]}},"post_mailing_queue_ids":[],"_links":{"self":[{"href":"https:\/\/vintagefrenchfinds.com\/en\/wp-json\/wp\/v2\/product\/13366"}],"collection":[{"href":"https:\/\/vintagefrenchfinds.com\/en\/wp-json\/wp\/v2\/product"}],"about":[{"href":"https:\/\/vintagefrenchfinds.com\/en\/wp-json\/wp\/v2\/types\/product"}],"wp:featuredmedia":[{"embeddable":true,"href":"https:\/\/vintagefrenchfinds.com\/en\/wp-json\/wp\/v2\/media\/13367"}],"wp:attachment":[{"href":"https:\/\/vintagefrenchfinds.com\/en\/wp-json\/wp\/v2\/media?parent=13366"}],"wp:term":[{"taxonomy":"product_cat","embeddable":true,"href":"https:\/\/vintagefrenchfinds.com\/en\/wp-json\/wp\/v2\/product_cat?post=13366"},{"taxonomy":"product_tag","embeddable":true,"href":"https:\/\/vintagefrenchfinds.com\/en\/wp-json\/wp\/v2\/product_tag?post=13366"}],"curies":[{"name":"wp","href":"https:\/\/api.w.org\/{rel}","templated":true}]}}