{"id":13390,"date":"2022-04-26T14:38:12","date_gmt":"2022-04-26T14:38:12","guid":{"rendered":"https:\/\/vintagefrenchfinds.com\/?post_type=product&#038;p=13390"},"modified":"2025-03-19T16:39:25","modified_gmt":"2025-03-19T16:39:25","slug":"ancien-service-dassiettes-en-ceramique-henriot-quimper-f180","status":"publish","type":"product","link":"https:\/\/vintagefrenchfinds.com\/en\/product\/ancien-service-dassiettes-en-ceramique-henriot-quimper-f180","title":{"rendered":"Ancien Service d&rsquo;Assiettes en C\u00e9ramique Henriot Quimper &#8211; F180"},"content":{"rendered":"<p><span style=\"font-weight: 400;\">Lovely set of vintage dessert\/cheese plates produced by Henriot Quimper, a pottery founded in 1690. <\/span><span style=\"font-weight: 400;\">sign\u00e9 Henriot Quimper, une maison fond\u00e9e en 1690.<\/span><\/p>\n<p><span style=\"font-weight: 400;\">The set includes 4 polychrome ceramic plates and a platter, <\/span><span style=\"font-weight: 400;\">predominantly blue and orange, decorated with Celtic motifs.<\/span><\/p>\n<p><span style=\"font-weight: 400;\">Stamped on the reverse: <\/span><span style=\"font-weight: 400;\">HB - Quimper F180 \u2013 PX<\/span><\/p>\n<p><span style=\"font-weight: 400;\">The HB-Henriot Manufacture <\/span><span style=\"font-weight: 400;\">historique de Locmaria, pr\u00e8s du centre-ville de Quimper. Sa production s&rsquo;est d\u00e9velopp\u00e9e en b\u00e9n\u00e9ficiant des gisements d&rsquo;argile de l&rsquo;anse de Toulven, de la pr\u00e9sence de deux cours d&rsquo;eau, l&rsquo;Odet et le Steir et d&rsquo;importantes for\u00eats environnantes.<\/span><\/p>\n<p><span style=\"font-weight: 400;\">Le centre fa\u00efencier de Quimper est le dernier et le plus ancien des grands centres fran\u00e7ais encore en activit\u00e9. On y perp\u00e9tue depuis plus de trois si\u00e8cles cette tradition et notamment le d\u00e9cor \u00ab\u00a0\u00e0 la touche\u00a0\u00bb, \u00e0 main lev\u00e9e, qui a fait sa r\u00e9putation.<\/span><\/p>\n<p><span style=\"font-weight: 400;\">Nowadays, HB-Henriot is well known all over the world for its know-how :\u00a0\nthe \"Quimper paint touch\" and the tradition of producing and hand-painting every piece in-house as well as the creation of its own moulds.<\/span><\/p>\n<p><span style=\"font-weight: 400;\">Very good state.<\/span><\/p>\n<p><span style=\"font-weight: 400;\">SM - D 16.5cm<\/span><\/p>\n<p><span style=\"font-weight: 400;\">BM-D 24.5 cm <\/br><\/br>Perfect for creating a unique table decoration<\/span><\/p>","protected":false},"excerpt":{"rendered":"<p>Superbe service \u00e0 fromage \/ dessert vintage sign\u00e9 Henriot Quimper, une maison fond\u00e9e en 1690. Le lot comprend 4 assiettes et un plat en c\u00e9ramique polychrome \u00e0 dominance bleu et orange d\u00e9cor\u00e9e de motifs celtes. En dessous, est estampill\u00e9 : HB &#8211; Quimper F180 &#8211; PX La Fa\u00efence de Quimper est produite depuis 1708 dans [&hellip;]<\/p>\n","protected":false},"featured_media":13392,"template":"","meta":{"site-sidebar-layout":"default","site-content-layout":"default","ast-site-content-layout":"default","site-content-style":"default","site-sidebar-style":"default","ast-global-header-display":"","ast-banner-title-visibility":"","ast-main-header-display":"","ast-hfb-above-header-display":"","ast-hfb-below-header-display":"","ast-hfb-mobile-header-display":"","site-post-title":"","ast-breadcrumbs-content":"","ast-featured-img":"","footer-sml-layout":"","ast-disable-related-posts":"","theme-transparent-header-meta":"default","adv-header-id-meta":"","stick-header-meta":"","header-above-stick-meta":"","header-main-stick-meta":"","header-below-stick-meta":"","astra-migrate-meta-layouts":"default","ast-page-background-enabled":"default","ast-page-background-meta":{"desktop":{"background-color":"var(--ast-global-color-4)","background-image":"","background-repeat":"repeat","background-position":"center center","background-size":"auto","background-attachment":"scroll","background-type":"","background-media":"","overlay-type":"","overlay-color":"","overlay-opacity":"","overlay-gradient":""},"tablet":{"background-color":"","background-image":"","background-repeat":"repeat","background-position":"center center","background-size":"auto","background-attachment":"scroll","background-type":"","background-media":"","overlay-type":"","overlay-color":"","overlay-opacity":"","overlay-gradient":""},"mobile":{"background-color":"","background-image":"","background-repeat":"repeat","background-position":"center center","background-size":"auto","background-attachment":"scroll","background-type":"","background-media":"","overlay-type":"","overlay-color":"","overlay-opacity":"","overlay-gradient":""}},"ast-content-background-meta":{"desktop":{"background-color":"var(--ast-global-color-5)","background-image":"","background-repeat":"repeat","background-position":"center center","background-size":"auto","background-attachment":"scroll","background-type":"","background-media":"","overlay-type":"","overlay-color":"","overlay-opacity":"","overlay-gradient":""},"tablet":{"background-color":"var(--ast-global-color-5)","background-image":"","background-repeat":"repeat","background-position":"center center","background-size":"auto","background-attachment":"scroll","background-type":"","background-media":"","overlay-type":"","overlay-color":"","overlay-opacity":"","overlay-gradient":""},"mobile":{"background-color":"var(--ast-global-color-5)","background-image":"","background-repeat":"repeat","background-position":"center center","background-size":"auto","background-attachment":"scroll","background-type":"","background-media":"","overlay-type":"","overlay-color":"","overlay-opacity":"","overlay-gradient":""}}},"product_cat":[3542,3543],"product_tag":[1197,1115,1845,1023,1920,1773,1731,3687,2160,1662,1011],"yoast_head":"<!-- This site is optimized with the Yoast SEO plugin v20.8 - https:\/\/yoast.com\/wordpress\/plugins\/seo\/ -->\n<title>Ancien Service d&#039;Assiettes en C\u00e9ramique Henriot Quimper - F180 - Vintage French Finds<\/title>\n<meta name=\"description\" content=\"The best of French vintage delivered to your doorstep direct from France : fashion, furniture, decoration, table art, curiosities, collections and art work.\" \/>\n<meta name=\"robots\" content=\"index, follow, max-snippet:-1, max-image-preview:large, max-video-preview:-1\" \/>\n<link rel=\"canonical\" href=\"https:\/\/vintagefrenchfinds.com\/en\/product\/ancien-service-dassiettes-en-ceramique-henriot-quimper-f180\/\" \/>\n<meta property=\"og:locale\" content=\"en_GB\" \/>\n<meta property=\"og:type\" content=\"article\" \/>\n<meta property=\"og:title\" content=\"Ancien Service d&#039;Assiettes en C\u00e9ramique Henriot Quimper - F180 - Vintage French Finds\" \/>\n<meta property=\"og:description\" content=\"The best of French vintage delivered to your doorstep direct from France : fashion, furniture, decoration, table art, curiosities, collections and art work.\" \/>\n<meta property=\"og:url\" content=\"https:\/\/vintagefrenchfinds.com\/en\/product\/ancien-service-dassiettes-en-ceramique-henriot-quimper-f180\/\" \/>\n<meta property=\"og:site_name\" content=\"Vintage French Finds\" \/>\n<meta property=\"article:modified_time\" content=\"2025-03-19T16:39:25+00:00\" \/>\n<meta property=\"og:image\" content=\"https:\/\/vintagefrenchfinds.com\/wp-content\/uploads\/2022\/04\/DSCN4313.jpg\" \/>\n\t<meta property=\"og:image:width\" content=\"886\" \/>\n\t<meta property=\"og:image:height\" content=\"666\" \/>\n\t<meta property=\"og:image:type\" content=\"image\/jpeg\" \/>\n<meta name=\"twitter:card\" content=\"summary_large_image\" \/>\n<meta name=\"twitter:label1\" content=\"Estimated reading time\" \/>\n\t<meta name=\"twitter:data1\" content=\"1 minute\" \/>\n<script type=\"application\/ld+json\" class=\"yoast-schema-graph\">{\"@context\":\"https:\/\/schema.org\",\"@graph\":[{\"@type\":\"WebPage\",\"@id\":\"https:\/\/vintagefrenchfinds.com\/product\/ancien-service-dassiettes-en-ceramique-henriot-quimper-f180\",\"url\":\"https:\/\/vintagefrenchfinds.com\/product\/ancien-service-dassiettes-en-ceramique-henriot-quimper-f180\",\"name\":\"Ancien Service d'Assiettes en C\u00e9ramique Henriot Quimper - F180 - Vintage French Finds\",\"isPartOf\":{\"@id\":\"https:\/\/vintagefrenchfinds.com\/#website\"},\"datePublished\":\"2022-04-26T14:38:12+00:00\",\"dateModified\":\"2025-03-19T16:39:25+00:00\",\"description\":\"The best of French vintage delivered to your doorstep direct from France : fashion, furniture, decoration, table art, curiosities, collections and art work.\",\"breadcrumb\":{\"@id\":\"https:\/\/vintagefrenchfinds.com\/product\/ancien-service-dassiettes-en-ceramique-henriot-quimper-f180#breadcrumb\"},\"inLanguage\":\"en-GB\",\"potentialAction\":[{\"@type\":\"ReadAction\",\"target\":[\"https:\/\/vintagefrenchfinds.com\/product\/ancien-service-dassiettes-en-ceramique-henriot-quimper-f180\"]}]},{\"@type\":\"BreadcrumbList\",\"@id\":\"https:\/\/vintagefrenchfinds.com\/product\/ancien-service-dassiettes-en-ceramique-henriot-quimper-f180#breadcrumb\",\"itemListElement\":[{\"@type\":\"ListItem\",\"position\":1,\"name\":\"Home\",\"item\":\"https:\/\/vintagefrenchfinds.com\/\"},{\"@type\":\"ListItem\",\"position\":2,\"name\":\"BOUTIQUE\",\"item\":\"https:\/\/vintagefrenchfinds.com\/shop\"},{\"@type\":\"ListItem\",\"position\":3,\"name\":\"Ancien Service d&rsquo;Assiettes en C\u00e9ramique Henriot Quimper &#8211; F180\"}]},{\"@type\":\"WebSite\",\"@id\":\"https:\/\/vintagefrenchfinds.com\/#website\",\"url\":\"https:\/\/vintagefrenchfinds.com\/\",\"name\":\"Vintage French Finds\",\"description\":\"The best of French vintage delivered to your doorstep direct from France : fashion, furniture, decoration, table art, curiosities, collections and art work.\",\"potentialAction\":[{\"@type\":\"SearchAction\",\"target\":{\"@type\":\"EntryPoint\",\"urlTemplate\":\"https:\/\/vintagefrenchfinds.com\/?s={search_term_string}\"},\"query-input\":\"required name=search_term_string\"}],\"inLanguage\":\"en-GB\"}]}<\/script>\n<!-- \/ Yoast SEO plugin. -->","yoast_head_json":{"title":"Ancien Service d'Assiettes en C\u00e9ramique Henriot Quimper - F180 - Vintage French Finds","description":"The best of French vintage delivered to your doorstep direct from France : fashion, furniture, decoration, table art, curiosities, collections and art work.","robots":{"index":"index","follow":"follow","max-snippet":"max-snippet:-1","max-image-preview":"max-image-preview:large","max-video-preview":"max-video-preview:-1"},"canonical":"https:\/\/vintagefrenchfinds.com\/en\/product\/ancien-service-dassiettes-en-ceramique-henriot-quimper-f180\/","og_locale":"en_GB","og_type":"article","og_title":"Ancien Service d'Assiettes en C\u00e9ramique Henriot Quimper - F180 - Vintage French Finds","og_description":"The best of French vintage delivered to your doorstep direct from France : fashion, furniture, decoration, table art, curiosities, collections and art work.","og_url":"https:\/\/vintagefrenchfinds.com\/en\/product\/ancien-service-dassiettes-en-ceramique-henriot-quimper-f180\/","og_site_name":"Vintage French Finds","article_modified_time":"2025-03-19T16:39:25+00:00","og_image":[{"width":886,"height":666,"url":"https:\/\/vintagefrenchfinds.com\/wp-content\/uploads\/2022\/04\/DSCN4313.jpg","type":"image\/jpeg"}],"twitter_card":"summary_large_image","twitter_misc":{"Estimated reading time":"1 minute"},"schema":{"@context":"https:\/\/schema.org","@graph":[{"@type":"WebPage","@id":"https:\/\/vintagefrenchfinds.com\/product\/ancien-service-dassiettes-en-ceramique-henriot-quimper-f180","url":"https:\/\/vintagefrenchfinds.com\/product\/ancien-service-dassiettes-en-ceramique-henriot-quimper-f180","name":"Ancien Service d'Assiettes en C\u00e9ramique Henriot Quimper - F180 - Vintage French Finds","isPartOf":{"@id":"https:\/\/vintagefrenchfinds.com\/#website"},"datePublished":"2022-04-26T14:38:12+00:00","dateModified":"2025-03-19T16:39:25+00:00","description":"The best of French vintage delivered to your doorstep direct from France : fashion, furniture, decoration, table art, curiosities, collections and art work.","breadcrumb":{"@id":"https:\/\/vintagefrenchfinds.com\/product\/ancien-service-dassiettes-en-ceramique-henriot-quimper-f180#breadcrumb"},"inLanguage":"en-GB","potentialAction":[{"@type":"ReadAction","target":["https:\/\/vintagefrenchfinds.com\/product\/ancien-service-dassiettes-en-ceramique-henriot-quimper-f180"]}]},{"@type":"BreadcrumbList","@id":"https:\/\/vintagefrenchfinds.com\/product\/ancien-service-dassiettes-en-ceramique-henriot-quimper-f180#breadcrumb","itemListElement":[{"@type":"ListItem","position":1,"name":"Home","item":"https:\/\/vintagefrenchfinds.com\/"},{"@type":"ListItem","position":2,"name":"BOUTIQUE","item":"https:\/\/vintagefrenchfinds.com\/shop"},{"@type":"ListItem","position":3,"name":"Ancien Service d&rsquo;Assiettes en C\u00e9ramique Henriot Quimper &#8211; F180"}]},{"@type":"WebSite","@id":"https:\/\/vintagefrenchfinds.com\/#website","url":"https:\/\/vintagefrenchfinds.com\/","name":"Vintage French Finds\u00a0","description":"The best of French vintage delivered to your doorstep direct from France : fashion, furniture, decoration, table art, curiosities, collections and art work.","potentialAction":[{"@type":"SearchAction","target":{"@type":"EntryPoint","urlTemplate":"https:\/\/vintagefrenchfinds.com\/?s={search_term_string}"},"query-input":"required name=search_term_string"}],"inLanguage":"en-GB"}]}},"post_mailing_queue_ids":[],"_links":{"self":[{"href":"https:\/\/vintagefrenchfinds.com\/en\/wp-json\/wp\/v2\/product\/13390"}],"collection":[{"href":"https:\/\/vintagefrenchfinds.com\/en\/wp-json\/wp\/v2\/product"}],"about":[{"href":"https:\/\/vintagefrenchfinds.com\/en\/wp-json\/wp\/v2\/types\/product"}],"wp:featuredmedia":[{"embeddable":true,"href":"https:\/\/vintagefrenchfinds.com\/en\/wp-json\/wp\/v2\/media\/13392"}],"wp:attachment":[{"href":"https:\/\/vintagefrenchfinds.com\/en\/wp-json\/wp\/v2\/media?parent=13390"}],"wp:term":[{"taxonomy":"product_cat","embeddable":true,"href":"https:\/\/vintagefrenchfinds.com\/en\/wp-json\/wp\/v2\/product_cat?post=13390"},{"taxonomy":"product_tag","embeddable":true,"href":"https:\/\/vintagefrenchfinds.com\/en\/wp-json\/wp\/v2\/product_tag?post=13390"}],"curies":[{"name":"wp","href":"https:\/\/api.w.org\/{rel}","templated":true}]}}