{"id":13408,"date":"2022-04-26T15:04:38","date_gmt":"2022-04-26T15:04:38","guid":{"rendered":"https:\/\/vintagefrenchfinds.com\/?post_type=product&#038;p=13408"},"modified":"2026-04-04T13:09:26","modified_gmt":"2026-04-04T13:09:26","slug":"8-anciennes-assiettes-a-poisson-carrees-longchamps","status":"publish","type":"product","link":"https:\/\/vintagefrenchfinds.com\/en\/product\/8-anciennes-assiettes-a-poisson-carrees-longchamps","title":{"rendered":"8 Antique French LONGCHAMPS Fish Plates"},"content":{"rendered":"<p><span style=\"font-weight: 400;\">Stamped on the reverse: Longchamps \u2013 France<\/span><\/p>\n<p><span style=\"font-weight: 400;\">Made by the prestigious French manufacturer Longchamp.<\/span><\/p>\n<p><span style=\"font-weight: 400;\">Estampill\u00e9e en dessous : Longchamps &#8211; France<\/span><\/p>\n<p><span style=\"font-weight: 400;\">C&rsquo;est en 1830 que Claude Phal-Matiron fonde une tuilerie \u00e0 Longchamp, id\u00e9alement situ\u00e9e gr\u00e2ce aux for\u00eats environnantes qui fournissent le bois et marais argileux transform\u00e9s en carri\u00e8res, qui deviendra trois ans plus tard, une fa\u00efencerie.<\/span><\/p>\n<p><span style=\"font-weight: 400;\">Longtemps d\u00e9di\u00e9e \u00e0 la fabrication de fa\u00efence, elle ne cessera de grandir au fil de ses propri\u00e9taires successifs et deviendra l&rsquo;une des pionni\u00e8res de l&rsquo;industrie c\u00e9ramique fran\u00e7aise.<\/span><\/p>\n<p><span style=\"font-weight: 400;\">LA 21,8  x LO 21,8 cm<\/span><\/p>","protected":false},"excerpt":{"rendered":"<p>Assortiment de 8 assiettes vintage de la fa\u00efencerie de Longchamps. Ces pi\u00e8ces de vaisselle blanche \u00e0 la forme carr\u00e9e sont d\u00e9cor\u00e9es de poissons (nageant) et d\u2019un pourtour dor\u00e9. Estampill\u00e9e en dessous : Longchamps &#8211; France C&rsquo;est en 1830 que Claude Phal-Matiron fonde une tuilerie \u00e0 Longchamp, id\u00e9alement situ\u00e9e gr\u00e2ce aux for\u00eats environnantes qui fournissent le [&hellip;]<\/p>\n","protected":false},"featured_media":13409,"template":"","meta":{"site-sidebar-layout":"default","site-content-layout":"default","ast-site-content-layout":"default","site-content-style":"default","site-sidebar-style":"default","ast-global-header-display":"","ast-banner-title-visibility":"","ast-main-header-display":"","ast-hfb-above-header-display":"","ast-hfb-below-header-display":"","ast-hfb-mobile-header-display":"","site-post-title":"","ast-breadcrumbs-content":"","ast-featured-img":"","footer-sml-layout":"","ast-disable-related-posts":"","theme-transparent-header-meta":"default","adv-header-id-meta":"","stick-header-meta":"","header-above-stick-meta":"","header-main-stick-meta":"","header-below-stick-meta":"","astra-migrate-meta-layouts":"set","ast-page-background-enabled":"default","ast-page-background-meta":{"desktop":{"background-color":"var(--ast-global-color-4)","background-image":"","background-repeat":"repeat","background-position":"center center","background-size":"auto","background-attachment":"scroll","background-type":"","background-media":"","overlay-type":"","overlay-color":"","overlay-opacity":"","overlay-gradient":""},"tablet":{"background-color":"","background-image":"","background-repeat":"repeat","background-position":"center center","background-size":"auto","background-attachment":"scroll","background-type":"","background-media":"","overlay-type":"","overlay-color":"","overlay-opacity":"","overlay-gradient":""},"mobile":{"background-color":"","background-image":"","background-repeat":"repeat","background-position":"center center","background-size":"auto","background-attachment":"scroll","background-type":"","background-media":"","overlay-type":"","overlay-color":"","overlay-opacity":"","overlay-gradient":""}},"ast-content-background-meta":{"desktop":{"background-color":"var(--ast-global-color-5)","background-image":"","background-repeat":"repeat","background-position":"center center","background-size":"auto","background-attachment":"scroll","background-type":"","background-media":"","overlay-type":"","overlay-color":"","overlay-opacity":"","overlay-gradient":""},"tablet":{"background-color":"var(--ast-global-color-5)","background-image":"","background-repeat":"repeat","background-position":"center center","background-size":"auto","background-attachment":"scroll","background-type":"","background-media":"","overlay-type":"","overlay-color":"","overlay-opacity":"","overlay-gradient":""},"mobile":{"background-color":"var(--ast-global-color-5)","background-image":"","background-repeat":"repeat","background-position":"center center","background-size":"auto","background-attachment":"scroll","background-type":"","background-media":"","overlay-type":"","overlay-color":"","overlay-opacity":"","overlay-gradient":""}}},"product_cat":[3542,3544],"product_tag":[1197,1115,1845,1457,1920,1174,1019,1011],"yoast_head":"<!-- This site is optimized with the Yoast SEO plugin v20.8 - https:\/\/yoast.com\/wordpress\/plugins\/seo\/ -->\n<title>8 Anciennes Assiettes \u00e0 Poisson Carr\u00e9es LONCHAMPS - Vintage French Finds<\/title>\n<meta name=\"description\" content=\"The best of French vintage delivered to your doorstep direct from France : fashion, furniture, decoration, table art, curiosities, collections and art work.\" \/>\n<meta name=\"robots\" content=\"index, follow, max-snippet:-1, max-image-preview:large, max-video-preview:-1\" \/>\n<link rel=\"canonical\" href=\"https:\/\/vintagefrenchfinds.com\/en\/product\/8-anciennes-assiettes-a-poisson-carrees-longchamps\/\" \/>\n<meta property=\"og:locale\" content=\"en_GB\" \/>\n<meta property=\"og:type\" content=\"article\" \/>\n<meta property=\"og:title\" content=\"8 Anciennes Assiettes \u00e0 Poisson Carr\u00e9es LONCHAMPS - Vintage French Finds\" \/>\n<meta property=\"og:description\" content=\"The best of French vintage delivered to your doorstep direct from France : fashion, furniture, decoration, table art, curiosities, collections and art work.\" \/>\n<meta property=\"og:url\" content=\"https:\/\/vintagefrenchfinds.com\/en\/product\/8-anciennes-assiettes-a-poisson-carrees-longchamps\/\" \/>\n<meta property=\"og:site_name\" content=\"Vintage French Finds\" \/>\n<meta property=\"article:modified_time\" content=\"2026-04-04T13:09:26+00:00\" \/>\n<meta property=\"og:image\" content=\"https:\/\/vintagefrenchfinds.com\/wp-content\/uploads\/2022\/04\/DSCN4304.jpg\" \/>\n\t<meta property=\"og:image:width\" content=\"886\" \/>\n\t<meta property=\"og:image:height\" content=\"719\" \/>\n\t<meta property=\"og:image:type\" content=\"image\/jpeg\" \/>\n<meta name=\"twitter:card\" content=\"summary_large_image\" \/>\n<meta name=\"twitter:label1\" content=\"Estimated reading time\" \/>\n\t<meta name=\"twitter:data1\" content=\"1 minute\" \/>\n<script type=\"application\/ld+json\" class=\"yoast-schema-graph\">{\"@context\":\"https:\/\/schema.org\",\"@graph\":[{\"@type\":\"WebPage\",\"@id\":\"https:\/\/vintagefrenchfinds.com\/product\/8-anciennes-assiettes-a-poisson-carrees-longchamps\",\"url\":\"https:\/\/vintagefrenchfinds.com\/product\/8-anciennes-assiettes-a-poisson-carrees-longchamps\",\"name\":\"8 Anciennes Assiettes \u00e0 Poisson Carr\u00e9es LONCHAMPS - Vintage French Finds\",\"isPartOf\":{\"@id\":\"https:\/\/vintagefrenchfinds.com\/#website\"},\"datePublished\":\"2022-04-26T15:04:38+00:00\",\"dateModified\":\"2026-04-04T13:09:26+00:00\",\"description\":\"The best of French vintage delivered to your doorstep direct from France : fashion, furniture, decoration, table art, curiosities, collections and art work.\",\"breadcrumb\":{\"@id\":\"https:\/\/vintagefrenchfinds.com\/product\/8-anciennes-assiettes-a-poisson-carrees-longchamps#breadcrumb\"},\"inLanguage\":\"en-GB\",\"potentialAction\":[{\"@type\":\"ReadAction\",\"target\":[\"https:\/\/vintagefrenchfinds.com\/product\/8-anciennes-assiettes-a-poisson-carrees-longchamps\"]}]},{\"@type\":\"BreadcrumbList\",\"@id\":\"https:\/\/vintagefrenchfinds.com\/product\/8-anciennes-assiettes-a-poisson-carrees-longchamps#breadcrumb\",\"itemListElement\":[{\"@type\":\"ListItem\",\"position\":1,\"name\":\"Home\",\"item\":\"https:\/\/vintagefrenchfinds.com\/\"},{\"@type\":\"ListItem\",\"position\":2,\"name\":\"BOUTIQUE\",\"item\":\"https:\/\/vintagefrenchfinds.com\/shop\"},{\"@type\":\"ListItem\",\"position\":3,\"name\":\"8 Anciennes Assiettes \u00e0 Poisson Carr\u00e9es LONCHAMPS\"}]},{\"@type\":\"WebSite\",\"@id\":\"https:\/\/vintagefrenchfinds.com\/#website\",\"url\":\"https:\/\/vintagefrenchfinds.com\/\",\"name\":\"Vintage French Finds\",\"description\":\"The best of French vintage delivered to your doorstep direct from France : fashion, furniture, decoration, table art, curiosities, collections and art work.\",\"potentialAction\":[{\"@type\":\"SearchAction\",\"target\":{\"@type\":\"EntryPoint\",\"urlTemplate\":\"https:\/\/vintagefrenchfinds.com\/?s={search_term_string}\"},\"query-input\":\"required name=search_term_string\"}],\"inLanguage\":\"en-GB\"}]}<\/script>\n<!-- \/ Yoast SEO plugin. -->","yoast_head_json":{"title":"8 Anciennes Assiettes \u00e0 Poisson Carr\u00e9es LONCHAMPS - Vintage French Finds","description":"The best of French vintage delivered to your doorstep direct from France : fashion, furniture, decoration, table art, curiosities, collections and art work.","robots":{"index":"index","follow":"follow","max-snippet":"max-snippet:-1","max-image-preview":"max-image-preview:large","max-video-preview":"max-video-preview:-1"},"canonical":"https:\/\/vintagefrenchfinds.com\/en\/product\/8-anciennes-assiettes-a-poisson-carrees-longchamps\/","og_locale":"en_GB","og_type":"article","og_title":"8 Anciennes Assiettes \u00e0 Poisson Carr\u00e9es LONCHAMPS - Vintage French Finds","og_description":"The best of French vintage delivered to your doorstep direct from France : fashion, furniture, decoration, table art, curiosities, collections and art work.","og_url":"https:\/\/vintagefrenchfinds.com\/en\/product\/8-anciennes-assiettes-a-poisson-carrees-longchamps\/","og_site_name":"Vintage French Finds","article_modified_time":"2026-04-04T13:09:26+00:00","og_image":[{"width":886,"height":719,"url":"https:\/\/vintagefrenchfinds.com\/wp-content\/uploads\/2022\/04\/DSCN4304.jpg","type":"image\/jpeg"}],"twitter_card":"summary_large_image","twitter_misc":{"Estimated reading time":"1 minute"},"schema":{"@context":"https:\/\/schema.org","@graph":[{"@type":"WebPage","@id":"https:\/\/vintagefrenchfinds.com\/product\/8-anciennes-assiettes-a-poisson-carrees-longchamps","url":"https:\/\/vintagefrenchfinds.com\/product\/8-anciennes-assiettes-a-poisson-carrees-longchamps","name":"8 Anciennes Assiettes \u00e0 Poisson Carr\u00e9es LONCHAMPS - Vintage French Finds","isPartOf":{"@id":"https:\/\/vintagefrenchfinds.com\/#website"},"datePublished":"2022-04-26T15:04:38+00:00","dateModified":"2026-04-04T13:09:26+00:00","description":"The best of French vintage delivered to your doorstep direct from France : fashion, furniture, decoration, table art, curiosities, collections and art work.","breadcrumb":{"@id":"https:\/\/vintagefrenchfinds.com\/product\/8-anciennes-assiettes-a-poisson-carrees-longchamps#breadcrumb"},"inLanguage":"en-GB","potentialAction":[{"@type":"ReadAction","target":["https:\/\/vintagefrenchfinds.com\/product\/8-anciennes-assiettes-a-poisson-carrees-longchamps"]}]},{"@type":"BreadcrumbList","@id":"https:\/\/vintagefrenchfinds.com\/product\/8-anciennes-assiettes-a-poisson-carrees-longchamps#breadcrumb","itemListElement":[{"@type":"ListItem","position":1,"name":"Home","item":"https:\/\/vintagefrenchfinds.com\/"},{"@type":"ListItem","position":2,"name":"BOUTIQUE","item":"https:\/\/vintagefrenchfinds.com\/shop"},{"@type":"ListItem","position":3,"name":"8 Anciennes Assiettes \u00e0 Poisson Carr\u00e9es LONCHAMPS"}]},{"@type":"WebSite","@id":"https:\/\/vintagefrenchfinds.com\/#website","url":"https:\/\/vintagefrenchfinds.com\/","name":"Vintage French Finds\u00a0","description":"The best of French vintage delivered to your doorstep direct from France : fashion, furniture, decoration, table art, curiosities, collections and art work.","potentialAction":[{"@type":"SearchAction","target":{"@type":"EntryPoint","urlTemplate":"https:\/\/vintagefrenchfinds.com\/?s={search_term_string}"},"query-input":"required name=search_term_string"}],"inLanguage":"en-GB"}]}},"post_mailing_queue_ids":[],"_links":{"self":[{"href":"https:\/\/vintagefrenchfinds.com\/en\/wp-json\/wp\/v2\/product\/13408"}],"collection":[{"href":"https:\/\/vintagefrenchfinds.com\/en\/wp-json\/wp\/v2\/product"}],"about":[{"href":"https:\/\/vintagefrenchfinds.com\/en\/wp-json\/wp\/v2\/types\/product"}],"wp:featuredmedia":[{"embeddable":true,"href":"https:\/\/vintagefrenchfinds.com\/en\/wp-json\/wp\/v2\/media\/13409"}],"wp:attachment":[{"href":"https:\/\/vintagefrenchfinds.com\/en\/wp-json\/wp\/v2\/media?parent=13408"}],"wp:term":[{"taxonomy":"product_cat","embeddable":true,"href":"https:\/\/vintagefrenchfinds.com\/en\/wp-json\/wp\/v2\/product_cat?post=13408"},{"taxonomy":"product_tag","embeddable":true,"href":"https:\/\/vintagefrenchfinds.com\/en\/wp-json\/wp\/v2\/product_tag?post=13408"}],"curies":[{"name":"wp","href":"https:\/\/api.w.org\/{rel}","templated":true}]}}