{"id":1360,"date":"2020-06-13T21:43:35","date_gmt":"2020-06-13T21:43:35","guid":{"rendered":"http:\/\/vintagefrenchfinds.com\/?post_type=product&#038;p=1360"},"modified":"2025-03-18T17:34:28","modified_gmt":"2025-03-18T17:34:28","slug":"ancien-buffet-de-cuisine-mado-en-bois-naturel","status":"publish","type":"product","link":"https:\/\/vintagefrenchfinds.com\/en\/product\/ancien-buffet-de-cuisine-mado-en-bois-naturel","title":{"rendered":"Antique French \"MADO\" Kitchen Storage Cabinet in Natural Wood"},"content":{"rendered":"<p>Vintage French MADO kitchen cabinet piece in natural wood.<\/p>\n<p>&nbsp;<\/p>\n<p>MADO kitchen furniture was custom made from the 1940s onwards - each model is unique.<\/p>\n<p>&nbsp;<\/p>\n<p>The piece is composed of 2 sections:<\/p>\n<p>&nbsp;<\/p>\n<p>Upper part :<\/p>\n<p>&nbsp;<\/p>\n<p>a large compartment with a shelf closed by 2 glass doors<\/p>\n<p>&nbsp;<\/p>\n<p>2 small compartments closed by a door<\/p>\n<p>&nbsp;<\/p>\n<p>Lower part :<\/p>\n<p>&nbsp;<\/p>\n<p>a large compartment with shelf closed by 2 doors<\/p>\n<p>&nbsp;<\/p>\n<p>2 drawers<\/p>\n<p>&nbsp;<\/p>\n<p>a bread comparmtent<\/p>\n<p>&nbsp;<\/p>\n<p>All doors and drawers are fitted with silver metal handles.<\/p>\n<p>&nbsp;<\/p>\n<p>The left corner of the coating of the tray is slightly damaged.<\/p>\n<p>&nbsp;<\/p>\n<p>Solid and perfectly functional, this retro-style storage unit can fit perfectly in your kitchen or living room.<\/p>\n<p>&nbsp;<\/p>\n<p>(Upper part) Height 86 x Width 140 x Depth 37.5 cm<\/p>\n<p>&nbsp;<\/p>\n<p>(Lower part): Height 101 x Width 147 x Depth 50.5 cm<\/p>","protected":false},"excerpt":{"rendered":"<p>Buffet de cuisine vintage MADO en bois naturel. &nbsp; Les meubles de cuisine MADO \u00e9taient fabriqu\u00e9s sur mesure \u00e0 partir des ann\u00e9es 40 \u2013 chaque mod\u00e8le est unique. &nbsp; Le meuble est compos\u00e9 de 2 corps : &nbsp; Partie haute : &nbsp; &#8211; un grand compartiment avec \u00e9tag\u00e8re ferm\u00e9 par 2 portes vitr\u00e9es en relief [&hellip;]<\/p>\n","protected":false},"featured_media":1354,"template":"","meta":{"site-sidebar-layout":"default","site-content-layout":"","ast-site-content-layout":"default","site-content-style":"default","site-sidebar-style":"default","ast-global-header-display":"","ast-banner-title-visibility":"","ast-main-header-display":"","ast-hfb-above-header-display":"","ast-hfb-below-header-display":"","ast-hfb-mobile-header-display":"","site-post-title":"","ast-breadcrumbs-content":"","ast-featured-img":"","footer-sml-layout":"","ast-disable-related-posts":"","theme-transparent-header-meta":"","adv-header-id-meta":"","stick-header-meta":"","header-above-stick-meta":"","header-main-stick-meta":"","header-below-stick-meta":"","astra-migrate-meta-layouts":"default","ast-page-background-enabled":"default","ast-page-background-meta":{"desktop":{"background-color":"var(--ast-global-color-4)","background-image":"","background-repeat":"repeat","background-position":"center center","background-size":"auto","background-attachment":"scroll","background-type":"","background-media":"","overlay-type":"","overlay-color":"","overlay-opacity":"","overlay-gradient":""},"tablet":{"background-color":"","background-image":"","background-repeat":"repeat","background-position":"center center","background-size":"auto","background-attachment":"scroll","background-type":"","background-media":"","overlay-type":"","overlay-color":"","overlay-opacity":"","overlay-gradient":""},"mobile":{"background-color":"","background-image":"","background-repeat":"repeat","background-position":"center center","background-size":"auto","background-attachment":"scroll","background-type":"","background-media":"","overlay-type":"","overlay-color":"","overlay-opacity":"","overlay-gradient":""}},"ast-content-background-meta":{"desktop":{"background-color":"var(--ast-global-color-5)","background-image":"","background-repeat":"repeat","background-position":"center center","background-size":"auto","background-attachment":"scroll","background-type":"","background-media":"","overlay-type":"","overlay-color":"","overlay-opacity":"","overlay-gradient":""},"tablet":{"background-color":"var(--ast-global-color-5)","background-image":"","background-repeat":"repeat","background-position":"center center","background-size":"auto","background-attachment":"scroll","background-type":"","background-media":"","overlay-type":"","overlay-color":"","overlay-opacity":"","overlay-gradient":""},"mobile":{"background-color":"var(--ast-global-color-5)","background-image":"","background-repeat":"repeat","background-position":"center center","background-size":"auto","background-attachment":"scroll","background-type":"","background-media":"","overlay-type":"","overlay-color":"","overlay-opacity":"","overlay-gradient":""}}},"product_cat":[21,3526],"product_tag":[1197,1755,1738,1327,1011],"yoast_head":"<!-- This site is optimized with the Yoast SEO plugin v20.8 - https:\/\/yoast.com\/wordpress\/plugins\/seo\/ -->\n<title>Ancien Buffet de Cuisine Mado en Bois Naturel - Vintage French Finds<\/title>\n<meta name=\"description\" content=\"The best of French vintage delivered to your doorstep direct from France : fashion, furniture, decoration, table art, curiosities, collections and art work.\" \/>\n<meta name=\"robots\" content=\"index, follow, max-snippet:-1, max-image-preview:large, max-video-preview:-1\" \/>\n<link rel=\"canonical\" href=\"https:\/\/vintagefrenchfinds.com\/en\/product\/ancien-buffet-de-cuisine-mado-en-bois-naturel\/\" \/>\n<meta property=\"og:locale\" content=\"en_GB\" \/>\n<meta property=\"og:type\" content=\"article\" \/>\n<meta property=\"og:title\" content=\"Ancien Buffet de Cuisine Mado en Bois Naturel - Vintage French Finds\" \/>\n<meta property=\"og:description\" content=\"The best of French vintage delivered to your doorstep direct from France : fashion, furniture, decoration, table art, curiosities, collections and art work.\" \/>\n<meta property=\"og:url\" content=\"https:\/\/vintagefrenchfinds.com\/en\/product\/ancien-buffet-de-cuisine-mado-en-bois-naturel\/\" \/>\n<meta property=\"og:site_name\" content=\"Vintage French Finds\" \/>\n<meta property=\"article:modified_time\" content=\"2025-03-18T17:34:28+00:00\" \/>\n<meta property=\"og:image\" content=\"https:\/\/vintagefrenchfinds.com\/wp-content\/uploads\/2020\/06\/DSCN8865.jpg\" \/>\n\t<meta property=\"og:image:width\" content=\"623\" \/>\n\t<meta property=\"og:image:height\" content=\"886\" \/>\n\t<meta property=\"og:image:type\" content=\"image\/jpeg\" \/>\n<meta name=\"twitter:card\" content=\"summary_large_image\" \/>\n<meta name=\"twitter:label1\" content=\"Estimated reading time\" \/>\n\t<meta name=\"twitter:data1\" content=\"1 minute\" \/>\n<script type=\"application\/ld+json\" class=\"yoast-schema-graph\">{\"@context\":\"https:\/\/schema.org\",\"@graph\":[{\"@type\":\"WebPage\",\"@id\":\"https:\/\/vintagefrenchfinds.com\/product\/ancien-buffet-de-cuisine-mado-en-bois-naturel\",\"url\":\"https:\/\/vintagefrenchfinds.com\/product\/ancien-buffet-de-cuisine-mado-en-bois-naturel\",\"name\":\"Ancien Buffet de Cuisine Mado en Bois Naturel - Vintage French Finds\",\"isPartOf\":{\"@id\":\"https:\/\/vintagefrenchfinds.com\/#website\"},\"datePublished\":\"2020-06-13T21:43:35+00:00\",\"dateModified\":\"2025-03-18T17:34:28+00:00\",\"description\":\"The best of French vintage delivered to your doorstep direct from France : fashion, furniture, decoration, table art, curiosities, collections and art work.\",\"breadcrumb\":{\"@id\":\"https:\/\/vintagefrenchfinds.com\/product\/ancien-buffet-de-cuisine-mado-en-bois-naturel#breadcrumb\"},\"inLanguage\":\"en-GB\",\"potentialAction\":[{\"@type\":\"ReadAction\",\"target\":[\"https:\/\/vintagefrenchfinds.com\/product\/ancien-buffet-de-cuisine-mado-en-bois-naturel\"]}]},{\"@type\":\"BreadcrumbList\",\"@id\":\"https:\/\/vintagefrenchfinds.com\/product\/ancien-buffet-de-cuisine-mado-en-bois-naturel#breadcrumb\",\"itemListElement\":[{\"@type\":\"ListItem\",\"position\":1,\"name\":\"Home\",\"item\":\"https:\/\/vintagefrenchfinds.com\/\"},{\"@type\":\"ListItem\",\"position\":2,\"name\":\"BOUTIQUE\",\"item\":\"https:\/\/vintagefrenchfinds.com\/shop\"},{\"@type\":\"ListItem\",\"position\":3,\"name\":\"Ancien Buffet de Cuisine Mado en Bois Naturel\"}]},{\"@type\":\"WebSite\",\"@id\":\"https:\/\/vintagefrenchfinds.com\/#website\",\"url\":\"https:\/\/vintagefrenchfinds.com\/\",\"name\":\"Vintage French Finds\",\"description\":\"The best of French vintage delivered to your doorstep direct from France : fashion, furniture, decoration, table art, curiosities, collections and art work.\",\"potentialAction\":[{\"@type\":\"SearchAction\",\"target\":{\"@type\":\"EntryPoint\",\"urlTemplate\":\"https:\/\/vintagefrenchfinds.com\/?s={search_term_string}\"},\"query-input\":\"required name=search_term_string\"}],\"inLanguage\":\"en-GB\"}]}<\/script>\n<!-- \/ Yoast SEO plugin. -->","yoast_head_json":{"title":"Ancien Buffet de Cuisine Mado en Bois Naturel - Vintage French Finds","description":"The best of French vintage delivered to your doorstep direct from France : fashion, furniture, decoration, table art, curiosities, collections and art work.","robots":{"index":"index","follow":"follow","max-snippet":"max-snippet:-1","max-image-preview":"max-image-preview:large","max-video-preview":"max-video-preview:-1"},"canonical":"https:\/\/vintagefrenchfinds.com\/en\/product\/ancien-buffet-de-cuisine-mado-en-bois-naturel\/","og_locale":"en_GB","og_type":"article","og_title":"Ancien Buffet de Cuisine Mado en Bois Naturel - Vintage French Finds","og_description":"The best of French vintage delivered to your doorstep direct from France : fashion, furniture, decoration, table art, curiosities, collections and art work.","og_url":"https:\/\/vintagefrenchfinds.com\/en\/product\/ancien-buffet-de-cuisine-mado-en-bois-naturel\/","og_site_name":"Vintage French Finds","article_modified_time":"2025-03-18T17:34:28+00:00","og_image":[{"width":623,"height":886,"url":"https:\/\/vintagefrenchfinds.com\/wp-content\/uploads\/2020\/06\/DSCN8865.jpg","type":"image\/jpeg"}],"twitter_card":"summary_large_image","twitter_misc":{"Estimated reading time":"1 minute"},"schema":{"@context":"https:\/\/schema.org","@graph":[{"@type":"WebPage","@id":"https:\/\/vintagefrenchfinds.com\/product\/ancien-buffet-de-cuisine-mado-en-bois-naturel","url":"https:\/\/vintagefrenchfinds.com\/product\/ancien-buffet-de-cuisine-mado-en-bois-naturel","name":"Ancien Buffet de Cuisine Mado en Bois Naturel - Vintage French Finds","isPartOf":{"@id":"https:\/\/vintagefrenchfinds.com\/#website"},"datePublished":"2020-06-13T21:43:35+00:00","dateModified":"2025-03-18T17:34:28+00:00","description":"The best of French vintage delivered to your doorstep direct from France : fashion, furniture, decoration, table art, curiosities, collections and art work.","breadcrumb":{"@id":"https:\/\/vintagefrenchfinds.com\/product\/ancien-buffet-de-cuisine-mado-en-bois-naturel#breadcrumb"},"inLanguage":"en-GB","potentialAction":[{"@type":"ReadAction","target":["https:\/\/vintagefrenchfinds.com\/product\/ancien-buffet-de-cuisine-mado-en-bois-naturel"]}]},{"@type":"BreadcrumbList","@id":"https:\/\/vintagefrenchfinds.com\/product\/ancien-buffet-de-cuisine-mado-en-bois-naturel#breadcrumb","itemListElement":[{"@type":"ListItem","position":1,"name":"Home","item":"https:\/\/vintagefrenchfinds.com\/"},{"@type":"ListItem","position":2,"name":"BOUTIQUE","item":"https:\/\/vintagefrenchfinds.com\/shop"},{"@type":"ListItem","position":3,"name":"Ancien Buffet de Cuisine Mado en Bois Naturel"}]},{"@type":"WebSite","@id":"https:\/\/vintagefrenchfinds.com\/#website","url":"https:\/\/vintagefrenchfinds.com\/","name":"Vintage French Finds\u00a0","description":"The best of French vintage delivered to your doorstep direct from France : fashion, furniture, decoration, table art, curiosities, collections and art work.","potentialAction":[{"@type":"SearchAction","target":{"@type":"EntryPoint","urlTemplate":"https:\/\/vintagefrenchfinds.com\/?s={search_term_string}"},"query-input":"required name=search_term_string"}],"inLanguage":"en-GB"}]}},"post_mailing_queue_ids":[],"_links":{"self":[{"href":"https:\/\/vintagefrenchfinds.com\/en\/wp-json\/wp\/v2\/product\/1360"}],"collection":[{"href":"https:\/\/vintagefrenchfinds.com\/en\/wp-json\/wp\/v2\/product"}],"about":[{"href":"https:\/\/vintagefrenchfinds.com\/en\/wp-json\/wp\/v2\/types\/product"}],"wp:featuredmedia":[{"embeddable":true,"href":"https:\/\/vintagefrenchfinds.com\/en\/wp-json\/wp\/v2\/media\/1354"}],"wp:attachment":[{"href":"https:\/\/vintagefrenchfinds.com\/en\/wp-json\/wp\/v2\/media?parent=1360"}],"wp:term":[{"taxonomy":"product_cat","embeddable":true,"href":"https:\/\/vintagefrenchfinds.com\/en\/wp-json\/wp\/v2\/product_cat?post=1360"},{"taxonomy":"product_tag","embeddable":true,"href":"https:\/\/vintagefrenchfinds.com\/en\/wp-json\/wp\/v2\/product_tag?post=1360"}],"curies":[{"name":"wp","href":"https:\/\/api.w.org\/{rel}","templated":true}]}}