{"id":13654,"date":"2022-04-27T12:37:33","date_gmt":"2022-04-27T12:37:33","guid":{"rendered":"https:\/\/vintagefrenchfinds.com\/?post_type=product&#038;p=13654"},"modified":"2025-03-19T16:41:58","modified_gmt":"2025-03-19T16:41:58","slug":"ancien-service-a-cafe-en-porcelaine-de-limoges-bleu-ciel-blanc","status":"publish","type":"product","link":"https:\/\/vintagefrenchfinds.com\/en\/product\/ancien-service-a-cafe-en-porcelaine-de-limoges-bleu-ciel-blanc","title":{"rendered":"Antique French Sky Blue &amp; White Limoges Porcelain Coffee Set"},"content":{"rendered":"<p><span style=\"font-weight: 400;\">Superb vintage Limoges ceramic tea\/coffee set decorated with sky blue stripes and gold edging.<\/span><\/p>\n<p><span style=\"font-weight: 400;\">The set includes :<\/span><\/p>\n<p><span style=\"font-weight: 400;\">12 x saucers D 12 cm<\/span><\/p>\n<p><span style=\"font-weight: 400;\">12 x cups H 6,5 cm<\/span><\/p>\n<p><span style=\"font-weight: 400;\">1 milk jug LO 16,5 x H 9 cm<\/span><\/p>\n<p><span style=\"font-weight: 400;\">1 x sugar pot LO 20 x H 13 cm<\/span><\/p>\n<p><span style=\"font-weight: 400;\">1 x coffee\/tea pot LO 25 x H 24 cm<\/span><\/p>\n<p><span style=\"font-weight: 400;\">Stamped on the bottom: Limoges - France<\/span><\/p>\n<p><span style=\"font-weight: 400;\">La porcelaine de Limoges est l&rsquo;une des deux principales productions porcelaini\u00e8res de France, et la seule issue d&rsquo;un v\u00e9ritable territoire de production, situ\u00e9e autour de la ville de Limoges dans les Hautes &#8211; Viennes.<\/span><\/p>\n<p><span style=\"font-weight: 400;\">C&rsquo;est en 1768 que l&rsquo;on trouva des gisements exploitables de kaolin mat\u00e9riau indispensable \u00e0 la production de cette c\u00e9ramique dure et translucide, et c\u2019est \u00e0 partir de cette d\u00e9couverte qu\u2019est n\u00e9e et s\u2019est d\u00e9velopp\u00e9e la porcelaine de Limoges.<\/span><\/p>\n<p><span style=\"font-weight: 400;\">Depuis le 18e si\u00e8cle, la notori\u00e9t\u00e9 de la porcelaine de Limoges s&rsquo;est d\u00e9velopp\u00e9e au point que le nom de la ville \u00e9voque imm\u00e9diatement l&rsquo;art de la porcelaine.<\/span><\/p>\n<p><span style=\"font-weight: 400;\">Perfect for a chic tea time.<\/span><\/p>","protected":false},"excerpt":{"rendered":"<p>Superbe service \u00e0 th\u00e9\/caf\u00e9 vintage en c\u00e9ramique de Limoges d\u00e9cor\u00e9 de bandes bleu ciel ainsi que de liser\u00e9s d\u2019or. L\u2019assortiment comprend : 12 x soucoupes D 12 cm 12 x tasses H 6,5 cm 1 pot \u00e0 Lait LO 16,5 x H 9 cm 1 pot \u00e0 sucre LO 20 x H 13 cm 1 [&hellip;]<\/p>\n","protected":false},"featured_media":13655,"template":"","meta":{"site-sidebar-layout":"default","site-content-layout":"default","ast-site-content-layout":"default","site-content-style":"default","site-sidebar-style":"default","ast-global-header-display":"","ast-banner-title-visibility":"","ast-main-header-display":"","ast-hfb-above-header-display":"","ast-hfb-below-header-display":"","ast-hfb-mobile-header-display":"","site-post-title":"","ast-breadcrumbs-content":"","ast-featured-img":"","footer-sml-layout":"","ast-disable-related-posts":"","theme-transparent-header-meta":"default","adv-header-id-meta":"","stick-header-meta":"","header-above-stick-meta":"","header-main-stick-meta":"","header-below-stick-meta":"","astra-migrate-meta-layouts":"default","ast-page-background-enabled":"default","ast-page-background-meta":{"desktop":{"background-color":"var(--ast-global-color-4)","background-image":"","background-repeat":"repeat","background-position":"center center","background-size":"auto","background-attachment":"scroll","background-type":"","background-media":"","overlay-type":"","overlay-color":"","overlay-opacity":"","overlay-gradient":""},"tablet":{"background-color":"","background-image":"","background-repeat":"repeat","background-position":"center center","background-size":"auto","background-attachment":"scroll","background-type":"","background-media":"","overlay-type":"","overlay-color":"","overlay-opacity":"","overlay-gradient":""},"mobile":{"background-color":"","background-image":"","background-repeat":"repeat","background-position":"center center","background-size":"auto","background-attachment":"scroll","background-type":"","background-media":"","overlay-type":"","overlay-color":"","overlay-opacity":"","overlay-gradient":""}},"ast-content-background-meta":{"desktop":{"background-color":"var(--ast-global-color-5)","background-image":"","background-repeat":"repeat","background-position":"center center","background-size":"auto","background-attachment":"scroll","background-type":"","background-media":"","overlay-type":"","overlay-color":"","overlay-opacity":"","overlay-gradient":""},"tablet":{"background-color":"var(--ast-global-color-5)","background-image":"","background-repeat":"repeat","background-position":"center center","background-size":"auto","background-attachment":"scroll","background-type":"","background-media":"","overlay-type":"","overlay-color":"","overlay-opacity":"","overlay-gradient":""},"mobile":{"background-color":"var(--ast-global-color-5)","background-image":"","background-repeat":"repeat","background-position":"center center","background-size":"auto","background-attachment":"scroll","background-type":"","background-media":"","overlay-type":"","overlay-color":"","overlay-opacity":"","overlay-gradient":""}}},"product_cat":[3542,3552],"product_tag":[1197,1115,2210,2209,1023,1920,2073,1380,1211,2224,3687,1644,1222,1662,2118,1414,1011],"yoast_head":"<!-- This site is optimized with the Yoast SEO plugin v20.8 - https:\/\/yoast.com\/wordpress\/plugins\/seo\/ -->\n<title>Ancien Service \u00e0 Caf\u00e9 en Porcelaine de Limoges Bleu Ciel &amp; Blanc - Vintage French Finds<\/title>\n<meta name=\"description\" content=\"The best of French vintage delivered to your doorstep direct from France : fashion, furniture, decoration, table art, curiosities, collections and art work.\" \/>\n<meta name=\"robots\" content=\"index, follow, max-snippet:-1, max-image-preview:large, max-video-preview:-1\" \/>\n<link rel=\"canonical\" href=\"https:\/\/vintagefrenchfinds.com\/en\/product\/ancien-service-a-cafe-en-porcelaine-de-limoges-bleu-ciel-blanc\/\" \/>\n<meta property=\"og:locale\" content=\"en_GB\" \/>\n<meta property=\"og:type\" content=\"article\" \/>\n<meta property=\"og:title\" content=\"Ancien Service \u00e0 Caf\u00e9 en Porcelaine de Limoges Bleu Ciel &amp; Blanc - Vintage French Finds\" \/>\n<meta property=\"og:description\" content=\"The best of French vintage delivered to your doorstep direct from France : fashion, furniture, decoration, table art, curiosities, collections and art work.\" \/>\n<meta property=\"og:url\" content=\"https:\/\/vintagefrenchfinds.com\/en\/product\/ancien-service-a-cafe-en-porcelaine-de-limoges-bleu-ciel-blanc\/\" \/>\n<meta property=\"og:site_name\" content=\"Vintage French Finds\" \/>\n<meta property=\"article:modified_time\" content=\"2025-03-19T16:41:58+00:00\" \/>\n<meta property=\"og:image\" content=\"https:\/\/vintagefrenchfinds.com\/wp-content\/uploads\/2022\/04\/DSCN4319.jpg\" \/>\n\t<meta property=\"og:image:width\" content=\"886\" \/>\n\t<meta property=\"og:image:height\" content=\"729\" \/>\n\t<meta property=\"og:image:type\" content=\"image\/jpeg\" \/>\n<meta name=\"twitter:card\" content=\"summary_large_image\" \/>\n<meta name=\"twitter:label1\" content=\"Estimated reading time\" \/>\n\t<meta name=\"twitter:data1\" content=\"1 minute\" \/>\n<script type=\"application\/ld+json\" class=\"yoast-schema-graph\">{\"@context\":\"https:\/\/schema.org\",\"@graph\":[{\"@type\":\"WebPage\",\"@id\":\"https:\/\/vintagefrenchfinds.com\/product\/ancien-service-a-cafe-en-porcelaine-de-limoges-bleu-ciel-blanc\",\"url\":\"https:\/\/vintagefrenchfinds.com\/product\/ancien-service-a-cafe-en-porcelaine-de-limoges-bleu-ciel-blanc\",\"name\":\"Ancien Service \u00e0 Caf\u00e9 en Porcelaine de Limoges Bleu Ciel & Blanc - Vintage French Finds\",\"isPartOf\":{\"@id\":\"https:\/\/vintagefrenchfinds.com\/#website\"},\"datePublished\":\"2022-04-27T12:37:33+00:00\",\"dateModified\":\"2025-03-19T16:41:58+00:00\",\"description\":\"The best of French vintage delivered to your doorstep direct from France : fashion, furniture, decoration, table art, curiosities, collections and art work.\",\"breadcrumb\":{\"@id\":\"https:\/\/vintagefrenchfinds.com\/product\/ancien-service-a-cafe-en-porcelaine-de-limoges-bleu-ciel-blanc#breadcrumb\"},\"inLanguage\":\"en-GB\",\"potentialAction\":[{\"@type\":\"ReadAction\",\"target\":[\"https:\/\/vintagefrenchfinds.com\/product\/ancien-service-a-cafe-en-porcelaine-de-limoges-bleu-ciel-blanc\"]}]},{\"@type\":\"BreadcrumbList\",\"@id\":\"https:\/\/vintagefrenchfinds.com\/product\/ancien-service-a-cafe-en-porcelaine-de-limoges-bleu-ciel-blanc#breadcrumb\",\"itemListElement\":[{\"@type\":\"ListItem\",\"position\":1,\"name\":\"Home\",\"item\":\"https:\/\/vintagefrenchfinds.com\/\"},{\"@type\":\"ListItem\",\"position\":2,\"name\":\"BOUTIQUE\",\"item\":\"https:\/\/vintagefrenchfinds.com\/shop\"},{\"@type\":\"ListItem\",\"position\":3,\"name\":\"Ancien Service \u00e0 Caf\u00e9 en Porcelaine de Limoges Bleu Ciel &#038; Blanc\"}]},{\"@type\":\"WebSite\",\"@id\":\"https:\/\/vintagefrenchfinds.com\/#website\",\"url\":\"https:\/\/vintagefrenchfinds.com\/\",\"name\":\"Vintage French Finds\",\"description\":\"The best of French vintage delivered to your doorstep direct from France : fashion, furniture, decoration, table art, curiosities, collections and art work.\",\"potentialAction\":[{\"@type\":\"SearchAction\",\"target\":{\"@type\":\"EntryPoint\",\"urlTemplate\":\"https:\/\/vintagefrenchfinds.com\/?s={search_term_string}\"},\"query-input\":\"required name=search_term_string\"}],\"inLanguage\":\"en-GB\"}]}<\/script>\n<!-- \/ Yoast SEO plugin. -->","yoast_head_json":{"title":"Ancien Service \u00e0 Caf\u00e9 en Porcelaine de Limoges Bleu Ciel & Blanc - Vintage French Finds","description":"The best of French vintage delivered to your doorstep direct from France : fashion, furniture, decoration, table art, curiosities, collections and art work.","robots":{"index":"index","follow":"follow","max-snippet":"max-snippet:-1","max-image-preview":"max-image-preview:large","max-video-preview":"max-video-preview:-1"},"canonical":"https:\/\/vintagefrenchfinds.com\/en\/product\/ancien-service-a-cafe-en-porcelaine-de-limoges-bleu-ciel-blanc\/","og_locale":"en_GB","og_type":"article","og_title":"Ancien Service \u00e0 Caf\u00e9 en Porcelaine de Limoges Bleu Ciel & Blanc - Vintage French Finds","og_description":"The best of French vintage delivered to your doorstep direct from France : fashion, furniture, decoration, table art, curiosities, collections and art work.","og_url":"https:\/\/vintagefrenchfinds.com\/en\/product\/ancien-service-a-cafe-en-porcelaine-de-limoges-bleu-ciel-blanc\/","og_site_name":"Vintage French Finds","article_modified_time":"2025-03-19T16:41:58+00:00","og_image":[{"width":886,"height":729,"url":"https:\/\/vintagefrenchfinds.com\/wp-content\/uploads\/2022\/04\/DSCN4319.jpg","type":"image\/jpeg"}],"twitter_card":"summary_large_image","twitter_misc":{"Estimated reading time":"1 minute"},"schema":{"@context":"https:\/\/schema.org","@graph":[{"@type":"WebPage","@id":"https:\/\/vintagefrenchfinds.com\/product\/ancien-service-a-cafe-en-porcelaine-de-limoges-bleu-ciel-blanc","url":"https:\/\/vintagefrenchfinds.com\/product\/ancien-service-a-cafe-en-porcelaine-de-limoges-bleu-ciel-blanc","name":"Ancien Service \u00e0 Caf\u00e9 en Porcelaine de Limoges Bleu Ciel & Blanc - Vintage French Finds","isPartOf":{"@id":"https:\/\/vintagefrenchfinds.com\/#website"},"datePublished":"2022-04-27T12:37:33+00:00","dateModified":"2025-03-19T16:41:58+00:00","description":"The best of French vintage delivered to your doorstep direct from France : fashion, furniture, decoration, table art, curiosities, collections and art work.","breadcrumb":{"@id":"https:\/\/vintagefrenchfinds.com\/product\/ancien-service-a-cafe-en-porcelaine-de-limoges-bleu-ciel-blanc#breadcrumb"},"inLanguage":"en-GB","potentialAction":[{"@type":"ReadAction","target":["https:\/\/vintagefrenchfinds.com\/product\/ancien-service-a-cafe-en-porcelaine-de-limoges-bleu-ciel-blanc"]}]},{"@type":"BreadcrumbList","@id":"https:\/\/vintagefrenchfinds.com\/product\/ancien-service-a-cafe-en-porcelaine-de-limoges-bleu-ciel-blanc#breadcrumb","itemListElement":[{"@type":"ListItem","position":1,"name":"Home","item":"https:\/\/vintagefrenchfinds.com\/"},{"@type":"ListItem","position":2,"name":"BOUTIQUE","item":"https:\/\/vintagefrenchfinds.com\/shop"},{"@type":"ListItem","position":3,"name":"Ancien Service \u00e0 Caf\u00e9 en Porcelaine de Limoges Bleu Ciel &#038; Blanc"}]},{"@type":"WebSite","@id":"https:\/\/vintagefrenchfinds.com\/#website","url":"https:\/\/vintagefrenchfinds.com\/","name":"Vintage French Finds\u00a0","description":"The best of French vintage delivered to your doorstep direct from France : fashion, furniture, decoration, table art, curiosities, collections and art work.","potentialAction":[{"@type":"SearchAction","target":{"@type":"EntryPoint","urlTemplate":"https:\/\/vintagefrenchfinds.com\/?s={search_term_string}"},"query-input":"required name=search_term_string"}],"inLanguage":"en-GB"}]}},"post_mailing_queue_ids":[],"_links":{"self":[{"href":"https:\/\/vintagefrenchfinds.com\/en\/wp-json\/wp\/v2\/product\/13654"}],"collection":[{"href":"https:\/\/vintagefrenchfinds.com\/en\/wp-json\/wp\/v2\/product"}],"about":[{"href":"https:\/\/vintagefrenchfinds.com\/en\/wp-json\/wp\/v2\/types\/product"}],"wp:featuredmedia":[{"embeddable":true,"href":"https:\/\/vintagefrenchfinds.com\/en\/wp-json\/wp\/v2\/media\/13655"}],"wp:attachment":[{"href":"https:\/\/vintagefrenchfinds.com\/en\/wp-json\/wp\/v2\/media?parent=13654"}],"wp:term":[{"taxonomy":"product_cat","embeddable":true,"href":"https:\/\/vintagefrenchfinds.com\/en\/wp-json\/wp\/v2\/product_cat?post=13654"},{"taxonomy":"product_tag","embeddable":true,"href":"https:\/\/vintagefrenchfinds.com\/en\/wp-json\/wp\/v2\/product_tag?post=13654"}],"curies":[{"name":"wp","href":"https:\/\/api.w.org\/{rel}","templated":true}]}}