{"id":13745,"date":"2022-05-16T10:02:56","date_gmt":"2022-05-16T10:02:56","guid":{"rendered":"https:\/\/vintagefrenchfinds.com\/?post_type=product&#038;p=13745"},"modified":"2025-03-10T16:19:54","modified_gmt":"2025-03-10T16:19:54","slug":"3-anciens-sieges-en-formica-rouge","status":"publish","type":"product","link":"https:\/\/vintagefrenchfinds.com\/en\/product\/3-anciens-sieges-en-formica-rouge","title":{"rendered":"3 Antique French Red Formica Seats"},"content":{"rendered":"<p><span data-sheets-value=\"{&quot;1&quot;:2,&quot;2&quot;:&quot;Ensemble de mobilier de salon vintage en formica rouge comprenant :\\n- deux chaises avec une structure en m\u00e9tal tubulaire et un dossier \/assise en formica\\n- un tabouret avec une structure en m\u00e9tal tubulaire et une assise en formica\\nCet ensemble au design typique des ann\u00e9es 50 \/ 60 sera conviendra parfaitement \u00e0 un int\u00e9rieur r\u00e9tro.\\nSolides mais avec traces d\u2019usure comme on peut voir sur les photos.\\nchaises - H 82 x LA 37 x P 36 cm\\ntabouret - H 46 x LA 26.5 x P26 cm&quot;}\" data-sheets-userformat=\"{&quot;2&quot;:15229,&quot;3&quot;:{&quot;1&quot;:0},&quot;5&quot;:{&quot;1&quot;:[{&quot;1&quot;:2,&quot;2&quot;:0,&quot;5&quot;:{&quot;1&quot;:2,&quot;2&quot;:0}},{&quot;1&quot;:0,&quot;2&quot;:0,&quot;3&quot;:3},{&quot;1&quot;:1,&quot;2&quot;:0,&quot;4&quot;:1}]},&quot;6&quot;:{&quot;1&quot;:[{&quot;1&quot;:2,&quot;2&quot;:0,&quot;5&quot;:{&quot;1&quot;:2,&quot;2&quot;:0}},{&quot;1&quot;:0,&quot;2&quot;:0,&quot;3&quot;:3},{&quot;1&quot;:1,&quot;2&quot;:0,&quot;4&quot;:1}]},&quot;7&quot;:{&quot;1&quot;:[{&quot;1&quot;:2,&quot;2&quot;:0,&quot;5&quot;:{&quot;1&quot;:2,&quot;2&quot;:0}},{&quot;1&quot;:0,&quot;2&quot;:0,&quot;3&quot;:3},{&quot;1&quot;:1,&quot;2&quot;:0,&quot;4&quot;:1}]},&quot;8&quot;:{&quot;1&quot;:[{&quot;1&quot;:2,&quot;2&quot;:0,&quot;5&quot;:{&quot;1&quot;:2,&quot;2&quot;:0}},{&quot;1&quot;:0,&quot;2&quot;:0,&quot;3&quot;:3},{&quot;1&quot;:1,&quot;2&quot;:0,&quot;4&quot;:1}]},&quot;9&quot;:1,&quot;11&quot;:4,&quot;12&quot;:0,&quot;14&quot;:{&quot;1&quot;:3,&quot;3&quot;:1},&quot;15&quot;:&quot;Calibri&quot;,&quot;16&quot;:14}\">Ensemble de mobiliers de salon vintage en formica rouge comprenant :<\/span><\/p>\n<p><span data-sheets-value=\"{&quot;1&quot;:2,&quot;2&quot;:&quot;Ensemble de mobilier de salon vintage en formica rouge comprenant :\\n- deux chaises avec une structure en m\u00e9tal tubulaire et un dossier \/assise en formica\\n- un tabouret avec une structure en m\u00e9tal tubulaire et une assise en formica\\nCet ensemble au design typique des ann\u00e9es 50 \/ 60 sera conviendra parfaitement \u00e0 un int\u00e9rieur r\u00e9tro.\\nSolides mais avec traces d\u2019usure comme on peut voir sur les photos.\\nchaises - H 82 x LA 37 x P 36 cm\\ntabouret - H 46 x LA 26.5 x P26 cm&quot;}\" data-sheets-userformat=\"{&quot;2&quot;:15229,&quot;3&quot;:{&quot;1&quot;:0},&quot;5&quot;:{&quot;1&quot;:[{&quot;1&quot;:2,&quot;2&quot;:0,&quot;5&quot;:{&quot;1&quot;:2,&quot;2&quot;:0}},{&quot;1&quot;:0,&quot;2&quot;:0,&quot;3&quot;:3},{&quot;1&quot;:1,&quot;2&quot;:0,&quot;4&quot;:1}]},&quot;6&quot;:{&quot;1&quot;:[{&quot;1&quot;:2,&quot;2&quot;:0,&quot;5&quot;:{&quot;1&quot;:2,&quot;2&quot;:0}},{&quot;1&quot;:0,&quot;2&quot;:0,&quot;3&quot;:3},{&quot;1&quot;:1,&quot;2&quot;:0,&quot;4&quot;:1}]},&quot;7&quot;:{&quot;1&quot;:[{&quot;1&quot;:2,&quot;2&quot;:0,&quot;5&quot;:{&quot;1&quot;:2,&quot;2&quot;:0}},{&quot;1&quot;:0,&quot;2&quot;:0,&quot;3&quot;:3},{&quot;1&quot;:1,&quot;2&quot;:0,&quot;4&quot;:1}]},&quot;8&quot;:{&quot;1&quot;:[{&quot;1&quot;:2,&quot;2&quot;:0,&quot;5&quot;:{&quot;1&quot;:2,&quot;2&quot;:0}},{&quot;1&quot;:0,&quot;2&quot;:0,&quot;3&quot;:3},{&quot;1&quot;:1,&quot;2&quot;:0,&quot;4&quot;:1}]},&quot;9&quot;:1,&quot;11&quot;:4,&quot;12&quot;:0,&quot;14&quot;:{&quot;1&quot;:3,&quot;3&quot;:1},&quot;15&quot;:&quot;Calibri&quot;,&quot;16&quot;:14}\">&#8211; deux chaises avec une structure en m\u00e9tal tubulaire et un dossier \/assise en formica<\/span><\/p>\n<p><span data-sheets-value=\"{&quot;1&quot;:2,&quot;2&quot;:&quot;Ensemble de mobilier de salon vintage en formica rouge comprenant :\\n- deux chaises avec une structure en m\u00e9tal tubulaire et un dossier \/assise en formica\\n- un tabouret avec une structure en m\u00e9tal tubulaire et une assise en formica\\nCet ensemble au design typique des ann\u00e9es 50 \/ 60 sera conviendra parfaitement \u00e0 un int\u00e9rieur r\u00e9tro.\\nSolides mais avec traces d\u2019usure comme on peut voir sur les photos.\\nchaises - H 82 x LA 37 x P 36 cm\\ntabouret - H 46 x LA 26.5 x P26 cm&quot;}\" data-sheets-userformat=\"{&quot;2&quot;:15229,&quot;3&quot;:{&quot;1&quot;:0},&quot;5&quot;:{&quot;1&quot;:[{&quot;1&quot;:2,&quot;2&quot;:0,&quot;5&quot;:{&quot;1&quot;:2,&quot;2&quot;:0}},{&quot;1&quot;:0,&quot;2&quot;:0,&quot;3&quot;:3},{&quot;1&quot;:1,&quot;2&quot;:0,&quot;4&quot;:1}]},&quot;6&quot;:{&quot;1&quot;:[{&quot;1&quot;:2,&quot;2&quot;:0,&quot;5&quot;:{&quot;1&quot;:2,&quot;2&quot;:0}},{&quot;1&quot;:0,&quot;2&quot;:0,&quot;3&quot;:3},{&quot;1&quot;:1,&quot;2&quot;:0,&quot;4&quot;:1}]},&quot;7&quot;:{&quot;1&quot;:[{&quot;1&quot;:2,&quot;2&quot;:0,&quot;5&quot;:{&quot;1&quot;:2,&quot;2&quot;:0}},{&quot;1&quot;:0,&quot;2&quot;:0,&quot;3&quot;:3},{&quot;1&quot;:1,&quot;2&quot;:0,&quot;4&quot;:1}]},&quot;8&quot;:{&quot;1&quot;:[{&quot;1&quot;:2,&quot;2&quot;:0,&quot;5&quot;:{&quot;1&quot;:2,&quot;2&quot;:0}},{&quot;1&quot;:0,&quot;2&quot;:0,&quot;3&quot;:3},{&quot;1&quot;:1,&quot;2&quot;:0,&quot;4&quot;:1}]},&quot;9&quot;:1,&quot;11&quot;:4,&quot;12&quot;:0,&quot;14&quot;:{&quot;1&quot;:3,&quot;3&quot;:1},&quot;15&quot;:&quot;Calibri&quot;,&quot;16&quot;:14}\">&#8211; un tabouret avec une structure en m\u00e9tal tubulaire et une assise en formica<\/span><\/p>\n<p><span data-sheets-value=\"{&quot;1&quot;:2,&quot;2&quot;:&quot;Ensemble de mobilier de salon vintage en formica rouge comprenant :\\n- deux chaises avec une structure en m\u00e9tal tubulaire et un dossier \/assise en formica\\n- un tabouret avec une structure en m\u00e9tal tubulaire et une assise en formica\\nCet ensemble au design typique des ann\u00e9es 50 \/ 60 sera conviendra parfaitement \u00e0 un int\u00e9rieur r\u00e9tro.\\nSolides mais avec traces d\u2019usure comme on peut voir sur les photos.\\nchaises - H 82 x LA 37 x P 36 cm\\ntabouret - H 46 x LA 26.5 x P26 cm&quot;}\" data-sheets-userformat=\"{&quot;2&quot;:15229,&quot;3&quot;:{&quot;1&quot;:0},&quot;5&quot;:{&quot;1&quot;:[{&quot;1&quot;:2,&quot;2&quot;:0,&quot;5&quot;:{&quot;1&quot;:2,&quot;2&quot;:0}},{&quot;1&quot;:0,&quot;2&quot;:0,&quot;3&quot;:3},{&quot;1&quot;:1,&quot;2&quot;:0,&quot;4&quot;:1}]},&quot;6&quot;:{&quot;1&quot;:[{&quot;1&quot;:2,&quot;2&quot;:0,&quot;5&quot;:{&quot;1&quot;:2,&quot;2&quot;:0}},{&quot;1&quot;:0,&quot;2&quot;:0,&quot;3&quot;:3},{&quot;1&quot;:1,&quot;2&quot;:0,&quot;4&quot;:1}]},&quot;7&quot;:{&quot;1&quot;:[{&quot;1&quot;:2,&quot;2&quot;:0,&quot;5&quot;:{&quot;1&quot;:2,&quot;2&quot;:0}},{&quot;1&quot;:0,&quot;2&quot;:0,&quot;3&quot;:3},{&quot;1&quot;:1,&quot;2&quot;:0,&quot;4&quot;:1}]},&quot;8&quot;:{&quot;1&quot;:[{&quot;1&quot;:2,&quot;2&quot;:0,&quot;5&quot;:{&quot;1&quot;:2,&quot;2&quot;:0}},{&quot;1&quot;:0,&quot;2&quot;:0,&quot;3&quot;:3},{&quot;1&quot;:1,&quot;2&quot;:0,&quot;4&quot;:1}]},&quot;9&quot;:1,&quot;11&quot;:4,&quot;12&quot;:0,&quot;14&quot;:{&quot;1&quot;:3,&quot;3&quot;:1},&quot;15&quot;:&quot;Calibri&quot;,&quot;16&quot;:14}\">Cet ensemble au design typique des ann\u00e9es 50 \/ 60 conviendra parfaitement \u00e0 un int\u00e9rieur r\u00e9tro.<\/span><\/p>\n<p><span data-sheets-value=\"{&quot;1&quot;:2,&quot;2&quot;:&quot;Ensemble de mobilier de salon vintage en formica rouge comprenant :\\n- deux chaises avec une structure en m\u00e9tal tubulaire et un dossier \/assise en formica\\n- un tabouret avec une structure en m\u00e9tal tubulaire et une assise en formica\\nCet ensemble au design typique des ann\u00e9es 50 \/ 60 sera conviendra parfaitement \u00e0 un int\u00e9rieur r\u00e9tro.\\nSolides mais avec traces d\u2019usure comme on peut voir sur les photos.\\nchaises - H 82 x LA 37 x P 36 cm\\ntabouret - H 46 x LA 26.5 x P26 cm&quot;}\" data-sheets-userformat=\"{&quot;2&quot;:15229,&quot;3&quot;:{&quot;1&quot;:0},&quot;5&quot;:{&quot;1&quot;:[{&quot;1&quot;:2,&quot;2&quot;:0,&quot;5&quot;:{&quot;1&quot;:2,&quot;2&quot;:0}},{&quot;1&quot;:0,&quot;2&quot;:0,&quot;3&quot;:3},{&quot;1&quot;:1,&quot;2&quot;:0,&quot;4&quot;:1}]},&quot;6&quot;:{&quot;1&quot;:[{&quot;1&quot;:2,&quot;2&quot;:0,&quot;5&quot;:{&quot;1&quot;:2,&quot;2&quot;:0}},{&quot;1&quot;:0,&quot;2&quot;:0,&quot;3&quot;:3},{&quot;1&quot;:1,&quot;2&quot;:0,&quot;4&quot;:1}]},&quot;7&quot;:{&quot;1&quot;:[{&quot;1&quot;:2,&quot;2&quot;:0,&quot;5&quot;:{&quot;1&quot;:2,&quot;2&quot;:0}},{&quot;1&quot;:0,&quot;2&quot;:0,&quot;3&quot;:3},{&quot;1&quot;:1,&quot;2&quot;:0,&quot;4&quot;:1}]},&quot;8&quot;:{&quot;1&quot;:[{&quot;1&quot;:2,&quot;2&quot;:0,&quot;5&quot;:{&quot;1&quot;:2,&quot;2&quot;:0}},{&quot;1&quot;:0,&quot;2&quot;:0,&quot;3&quot;:3},{&quot;1&quot;:1,&quot;2&quot;:0,&quot;4&quot;:1}]},&quot;9&quot;:1,&quot;11&quot;:4,&quot;12&quot;:0,&quot;14&quot;:{&quot;1&quot;:3,&quot;3&quot;:1},&quot;15&quot;:&quot;Calibri&quot;,&quot;16&quot;:14}\">Solides mais avec traces d\u2019usure comme on peut voir sur les photos.<\/span><\/p>\n<p><span data-sheets-value=\"{&quot;1&quot;:2,&quot;2&quot;:&quot;Ensemble de mobilier de salon vintage en formica rouge comprenant :\\n- deux chaises avec une structure en m\u00e9tal tubulaire et un dossier \/assise en formica\\n- un tabouret avec une structure en m\u00e9tal tubulaire et une assise en formica\\nCet ensemble au design typique des ann\u00e9es 50 \/ 60 sera conviendra parfaitement \u00e0 un int\u00e9rieur r\u00e9tro.\\nSolides mais avec traces d\u2019usure comme on peut voir sur les photos.\\nchaises - H 82 x LA 37 x P 36 cm\\ntabouret - H 46 x LA 26.5 x P26 cm&quot;}\" data-sheets-userformat=\"{&quot;2&quot;:15229,&quot;3&quot;:{&quot;1&quot;:0},&quot;5&quot;:{&quot;1&quot;:[{&quot;1&quot;:2,&quot;2&quot;:0,&quot;5&quot;:{&quot;1&quot;:2,&quot;2&quot;:0}},{&quot;1&quot;:0,&quot;2&quot;:0,&quot;3&quot;:3},{&quot;1&quot;:1,&quot;2&quot;:0,&quot;4&quot;:1}]},&quot;6&quot;:{&quot;1&quot;:[{&quot;1&quot;:2,&quot;2&quot;:0,&quot;5&quot;:{&quot;1&quot;:2,&quot;2&quot;:0}},{&quot;1&quot;:0,&quot;2&quot;:0,&quot;3&quot;:3},{&quot;1&quot;:1,&quot;2&quot;:0,&quot;4&quot;:1}]},&quot;7&quot;:{&quot;1&quot;:[{&quot;1&quot;:2,&quot;2&quot;:0,&quot;5&quot;:{&quot;1&quot;:2,&quot;2&quot;:0}},{&quot;1&quot;:0,&quot;2&quot;:0,&quot;3&quot;:3},{&quot;1&quot;:1,&quot;2&quot;:0,&quot;4&quot;:1}]},&quot;8&quot;:{&quot;1&quot;:[{&quot;1&quot;:2,&quot;2&quot;:0,&quot;5&quot;:{&quot;1&quot;:2,&quot;2&quot;:0}},{&quot;1&quot;:0,&quot;2&quot;:0,&quot;3&quot;:3},{&quot;1&quot;:1,&quot;2&quot;:0,&quot;4&quot;:1}]},&quot;9&quot;:1,&quot;11&quot;:4,&quot;12&quot;:0,&quot;14&quot;:{&quot;1&quot;:3,&quot;3&quot;:1},&quot;15&quot;:&quot;Calibri&quot;,&quot;16&quot;:14}\">chaises &#8211; H 82 x LA 37 x P 36 cm<br \/>\ntabouret &#8211; H 46 x LA 26.5 x P26 cm<\/span><\/p>\n","protected":false},"excerpt":{"rendered":"<p>Ensemble de mobiliers de salon vintage en formica rouge comprenant : &#8211; deux chaises avec une structure en m\u00e9tal tubulaire et un dossier \/assise en formica &#8211; un tabouret avec une structure en m\u00e9tal tubulaire et une assise en formica Cet ensemble au design typique des ann\u00e9es 50 \/ 60 conviendra parfaitement \u00e0 un int\u00e9rieur [&hellip;]<\/p>\n","protected":false},"featured_media":13746,"template":"","meta":{"site-sidebar-layout":"default","site-content-layout":"default","ast-site-content-layout":"default","site-content-style":"default","site-sidebar-style":"default","ast-global-header-display":"","ast-banner-title-visibility":"","ast-main-header-display":"","ast-hfb-above-header-display":"","ast-hfb-below-header-display":"","ast-hfb-mobile-header-display":"","site-post-title":"","ast-breadcrumbs-content":"","ast-featured-img":"","footer-sml-layout":"","ast-disable-related-posts":"","theme-transparent-header-meta":"default","adv-header-id-meta":"","stick-header-meta":"","header-above-stick-meta":"","header-main-stick-meta":"","header-below-stick-meta":"","astra-migrate-meta-layouts":"default","ast-page-background-enabled":"default","ast-page-background-meta":{"desktop":{"background-color":"var(--ast-global-color-4)","background-image":"","background-repeat":"repeat","background-position":"center center","background-size":"auto","background-attachment":"scroll","background-type":"","background-media":"","overlay-type":"","overlay-color":"","overlay-opacity":"","overlay-gradient":""},"tablet":{"background-color":"","background-image":"","background-repeat":"repeat","background-position":"center center","background-size":"auto","background-attachment":"scroll","background-type":"","background-media":"","overlay-type":"","overlay-color":"","overlay-opacity":"","overlay-gradient":""},"mobile":{"background-color":"","background-image":"","background-repeat":"repeat","background-position":"center center","background-size":"auto","background-attachment":"scroll","background-type":"","background-media":"","overlay-type":"","overlay-color":"","overlay-opacity":"","overlay-gradient":""}},"ast-content-background-meta":{"desktop":{"background-color":"var(--ast-global-color-5)","background-image":"","background-repeat":"repeat","background-position":"center center","background-size":"auto","background-attachment":"scroll","background-type":"","background-media":"","overlay-type":"","overlay-color":"","overlay-opacity":"","overlay-gradient":""},"tablet":{"background-color":"var(--ast-global-color-5)","background-image":"","background-repeat":"repeat","background-position":"center center","background-size":"auto","background-attachment":"scroll","background-type":"","background-media":"","overlay-type":"","overlay-color":"","overlay-opacity":"","overlay-gradient":""},"mobile":{"background-color":"var(--ast-global-color-5)","background-image":"","background-repeat":"repeat","background-position":"center center","background-size":"auto","background-attachment":"scroll","background-type":"","background-media":"","overlay-type":"","overlay-color":"","overlay-opacity":"","overlay-gradient":""}}},"product_cat":[22,3531],"product_tag":[1197,1103,1863,3786,1485,1518,2476,1011],"yoast_head":"<!-- This site is optimized with the Yoast SEO plugin v20.8 - https:\/\/yoast.com\/wordpress\/plugins\/seo\/ -->\n<title>3 Anciens Si\u00e8ges en Formica Rouge - Vintage French Finds<\/title>\n<meta name=\"description\" content=\"The best of French vintage delivered to your doorstep direct from France : fashion, furniture, decoration, table art, curiosities, collections and art work.\" \/>\n<meta name=\"robots\" content=\"index, follow, max-snippet:-1, max-image-preview:large, max-video-preview:-1\" \/>\n<link rel=\"canonical\" href=\"https:\/\/vintagefrenchfinds.com\/en\/product\/3-anciens-sieges-en-formica-rouge\/\" \/>\n<meta property=\"og:locale\" content=\"en_GB\" \/>\n<meta property=\"og:type\" content=\"article\" \/>\n<meta property=\"og:title\" content=\"3 Anciens Si\u00e8ges en Formica Rouge - Vintage French Finds\" \/>\n<meta property=\"og:description\" content=\"The best of French vintage delivered to your doorstep direct from France : fashion, furniture, decoration, table art, curiosities, collections and art work.\" \/>\n<meta property=\"og:url\" content=\"https:\/\/vintagefrenchfinds.com\/en\/product\/3-anciens-sieges-en-formica-rouge\/\" \/>\n<meta property=\"og:site_name\" content=\"Vintage French Finds\" \/>\n<meta property=\"article:modified_time\" content=\"2025-03-10T16:19:54+00:00\" \/>\n<meta property=\"og:image\" content=\"https:\/\/vintagefrenchfinds.com\/wp-content\/uploads\/2022\/05\/DSCN4476.jpg\" \/>\n\t<meta property=\"og:image:width\" content=\"886\" \/>\n\t<meta property=\"og:image:height\" content=\"720\" \/>\n\t<meta property=\"og:image:type\" content=\"image\/jpeg\" \/>\n<meta name=\"twitter:card\" content=\"summary_large_image\" \/>\n<script type=\"application\/ld+json\" class=\"yoast-schema-graph\">{\"@context\":\"https:\/\/schema.org\",\"@graph\":[{\"@type\":\"WebPage\",\"@id\":\"https:\/\/vintagefrenchfinds.com\/product\/3-anciens-sieges-en-formica-rouge\",\"url\":\"https:\/\/vintagefrenchfinds.com\/product\/3-anciens-sieges-en-formica-rouge\",\"name\":\"3 Anciens Si\u00e8ges en Formica Rouge - Vintage French Finds\",\"isPartOf\":{\"@id\":\"https:\/\/vintagefrenchfinds.com\/#website\"},\"datePublished\":\"2022-05-16T10:02:56+00:00\",\"dateModified\":\"2025-03-10T16:19:54+00:00\",\"description\":\"The best of French vintage delivered to your doorstep direct from France : fashion, furniture, decoration, table art, curiosities, collections and art work.\",\"breadcrumb\":{\"@id\":\"https:\/\/vintagefrenchfinds.com\/product\/3-anciens-sieges-en-formica-rouge#breadcrumb\"},\"inLanguage\":\"en-GB\",\"potentialAction\":[{\"@type\":\"ReadAction\",\"target\":[\"https:\/\/vintagefrenchfinds.com\/product\/3-anciens-sieges-en-formica-rouge\"]}]},{\"@type\":\"BreadcrumbList\",\"@id\":\"https:\/\/vintagefrenchfinds.com\/product\/3-anciens-sieges-en-formica-rouge#breadcrumb\",\"itemListElement\":[{\"@type\":\"ListItem\",\"position\":1,\"name\":\"Home\",\"item\":\"https:\/\/vintagefrenchfinds.com\/\"},{\"@type\":\"ListItem\",\"position\":2,\"name\":\"BOUTIQUE\",\"item\":\"https:\/\/vintagefrenchfinds.com\/shop\"},{\"@type\":\"ListItem\",\"position\":3,\"name\":\"3 Anciens Si\u00e8ges en Formica Rouge\"}]},{\"@type\":\"WebSite\",\"@id\":\"https:\/\/vintagefrenchfinds.com\/#website\",\"url\":\"https:\/\/vintagefrenchfinds.com\/\",\"name\":\"Vintage French Finds\",\"description\":\"The best of French vintage delivered to your doorstep direct from France : fashion, furniture, decoration, table art, curiosities, collections and art work.\",\"potentialAction\":[{\"@type\":\"SearchAction\",\"target\":{\"@type\":\"EntryPoint\",\"urlTemplate\":\"https:\/\/vintagefrenchfinds.com\/?s={search_term_string}\"},\"query-input\":\"required name=search_term_string\"}],\"inLanguage\":\"en-GB\"}]}<\/script>\n<!-- \/ Yoast SEO plugin. -->","yoast_head_json":{"title":"3 Anciens Si\u00e8ges en Formica Rouge - Vintage French Finds","description":"The best of French vintage delivered to your doorstep direct from France : fashion, furniture, decoration, table art, curiosities, collections and art work.","robots":{"index":"index","follow":"follow","max-snippet":"max-snippet:-1","max-image-preview":"max-image-preview:large","max-video-preview":"max-video-preview:-1"},"canonical":"https:\/\/vintagefrenchfinds.com\/en\/product\/3-anciens-sieges-en-formica-rouge\/","og_locale":"en_GB","og_type":"article","og_title":"3 Anciens Si\u00e8ges en Formica Rouge - Vintage French Finds","og_description":"The best of French vintage delivered to your doorstep direct from France : fashion, furniture, decoration, table art, curiosities, collections and art work.","og_url":"https:\/\/vintagefrenchfinds.com\/en\/product\/3-anciens-sieges-en-formica-rouge\/","og_site_name":"Vintage French Finds","article_modified_time":"2025-03-10T16:19:54+00:00","og_image":[{"width":886,"height":720,"url":"https:\/\/vintagefrenchfinds.com\/wp-content\/uploads\/2022\/05\/DSCN4476.jpg","type":"image\/jpeg"}],"twitter_card":"summary_large_image","schema":{"@context":"https:\/\/schema.org","@graph":[{"@type":"WebPage","@id":"https:\/\/vintagefrenchfinds.com\/product\/3-anciens-sieges-en-formica-rouge","url":"https:\/\/vintagefrenchfinds.com\/product\/3-anciens-sieges-en-formica-rouge","name":"3 Anciens Si\u00e8ges en Formica Rouge - Vintage French Finds","isPartOf":{"@id":"https:\/\/vintagefrenchfinds.com\/#website"},"datePublished":"2022-05-16T10:02:56+00:00","dateModified":"2025-03-10T16:19:54+00:00","description":"The best of French vintage delivered to your doorstep direct from France : fashion, furniture, decoration, table art, curiosities, collections and art work.","breadcrumb":{"@id":"https:\/\/vintagefrenchfinds.com\/product\/3-anciens-sieges-en-formica-rouge#breadcrumb"},"inLanguage":"en-GB","potentialAction":[{"@type":"ReadAction","target":["https:\/\/vintagefrenchfinds.com\/product\/3-anciens-sieges-en-formica-rouge"]}]},{"@type":"BreadcrumbList","@id":"https:\/\/vintagefrenchfinds.com\/product\/3-anciens-sieges-en-formica-rouge#breadcrumb","itemListElement":[{"@type":"ListItem","position":1,"name":"Home","item":"https:\/\/vintagefrenchfinds.com\/"},{"@type":"ListItem","position":2,"name":"BOUTIQUE","item":"https:\/\/vintagefrenchfinds.com\/shop"},{"@type":"ListItem","position":3,"name":"3 Anciens Si\u00e8ges en Formica Rouge"}]},{"@type":"WebSite","@id":"https:\/\/vintagefrenchfinds.com\/#website","url":"https:\/\/vintagefrenchfinds.com\/","name":"Vintage French Finds\u00a0","description":"The best of French vintage delivered to your doorstep direct from France : fashion, furniture, decoration, table art, curiosities, collections and art work.","potentialAction":[{"@type":"SearchAction","target":{"@type":"EntryPoint","urlTemplate":"https:\/\/vintagefrenchfinds.com\/?s={search_term_string}"},"query-input":"required name=search_term_string"}],"inLanguage":"en-GB"}]}},"post_mailing_queue_ids":[],"_links":{"self":[{"href":"https:\/\/vintagefrenchfinds.com\/en\/wp-json\/wp\/v2\/product\/13745"}],"collection":[{"href":"https:\/\/vintagefrenchfinds.com\/en\/wp-json\/wp\/v2\/product"}],"about":[{"href":"https:\/\/vintagefrenchfinds.com\/en\/wp-json\/wp\/v2\/types\/product"}],"wp:featuredmedia":[{"embeddable":true,"href":"https:\/\/vintagefrenchfinds.com\/en\/wp-json\/wp\/v2\/media\/13746"}],"wp:attachment":[{"href":"https:\/\/vintagefrenchfinds.com\/en\/wp-json\/wp\/v2\/media?parent=13745"}],"wp:term":[{"taxonomy":"product_cat","embeddable":true,"href":"https:\/\/vintagefrenchfinds.com\/en\/wp-json\/wp\/v2\/product_cat?post=13745"},{"taxonomy":"product_tag","embeddable":true,"href":"https:\/\/vintagefrenchfinds.com\/en\/wp-json\/wp\/v2\/product_tag?post=13745"}],"curies":[{"name":"wp","href":"https:\/\/api.w.org\/{rel}","templated":true}]}}