{"id":14162,"date":"2022-06-04T09:41:04","date_gmt":"2022-06-04T09:41:04","guid":{"rendered":"https:\/\/vintagefrenchfinds.com\/?post_type=product&#038;p=14162"},"modified":"2025-03-12T21:29:11","modified_gmt":"2025-03-12T21:29:11","slug":"ancien-grand-plat-a-poisson-en-ceramique-de-salins","status":"publish","type":"product","link":"https:\/\/vintagefrenchfinds.com\/en\/product\/ancien-grand-plat-a-poisson-en-ceramique-de-salins","title":{"rendered":"Antique French Large Salins Ceramic Fish Dish"},"content":{"rendered":"<p><span data-sheets-value=\"{&quot;1&quot;:2,&quot;2&quot;:&quot;Grand plat vintage en c\u00e9ramique blanche d\u00e9cor\u00e9 de jolis dessins : des poissons noir et blanc tachet\u00e9s de rouge (de style truites), de la v\u00e9g\u00e9tation aquatique, des vaguelttes\u2026\\n \\nIl est estampill\u00e9 en dessous : \u201c Salins- France\u201d\\n \\nLa fa\u00efencerie de Salins \u00e0 \u00e9t\u00e9 cr\u00e9\u00e9e en 1857 \u00e0 Salins-les-Bains en Franche-Comt\u00e9. Sp\u00e9cialis\u00e9e dans la production de service de table et de c\u00e9ramique domestique.\\n \\nElle sera reprise en 1912 par Edouard Charbonnier, fils du directeur de la fa\u00efencerie de Longchamp, qui sera \u00e0 l\u2019origine de l\u2019impulsion de la manufacture couronn\u00e9e en 1925 \u00e0 l\u2019exposition internationale des arts d\u00e9coratifs et industriels modernes de Paris.\\n \\nLa manufacture est ensuite int\u00e9gr\u00e9e \u00e0 partir de 1968 \u00e0 la fa\u00efencerie de Sarreguemines..\\n \\n\u00c0 la fois pratique et d\u00e9coratif, ce joli plat de pr\u00e9sentation \u00e9gaiera votre table avec son style r\u00e9tro !\\n \\nPetits \u00e9clats aux extr\u00e9mit\u00e9s visibles sur les photos.\\n \\nLO 62.6 x LA 23.2 cm&quot;}\" data-sheets-userformat=\"{&quot;2&quot;:14717,&quot;3&quot;:{&quot;1&quot;:0,&quot;3&quot;:1},&quot;5&quot;:{&quot;1&quot;:[{&quot;1&quot;:2,&quot;2&quot;:0,&quot;5&quot;:{&quot;1&quot;:2,&quot;2&quot;:0}},{&quot;1&quot;:0,&quot;2&quot;:0,&quot;3&quot;:3},{&quot;1&quot;:1,&quot;2&quot;:0,&quot;4&quot;:1}]},&quot;6&quot;:{&quot;1&quot;:[{&quot;1&quot;:2,&quot;2&quot;:0,&quot;5&quot;:{&quot;1&quot;:2,&quot;2&quot;:0}},{&quot;1&quot;:0,&quot;2&quot;:0,&quot;3&quot;:3},{&quot;1&quot;:1,&quot;2&quot;:0,&quot;4&quot;:1}]},&quot;7&quot;:{&quot;1&quot;:[{&quot;1&quot;:2,&quot;2&quot;:0,&quot;5&quot;:{&quot;1&quot;:2,&quot;2&quot;:0}},{&quot;1&quot;:0,&quot;2&quot;:0,&quot;3&quot;:3},{&quot;1&quot;:1,&quot;2&quot;:0,&quot;4&quot;:1}]},&quot;8&quot;:{&quot;1&quot;:[{&quot;1&quot;:2,&quot;2&quot;:0,&quot;5&quot;:{&quot;1&quot;:2,&quot;2&quot;:0}},{&quot;1&quot;:0,&quot;2&quot;:0,&quot;3&quot;:3},{&quot;1&quot;:1,&quot;2&quot;:0,&quot;4&quot;:1}]},&quot;9&quot;:1,&quot;11&quot;:4,&quot;14&quot;:{&quot;1&quot;:3,&quot;3&quot;:1},&quot;15&quot;:&quot;Calibri&quot;,&quot;16&quot;:14}\">Grand plat vintage en c\u00e9ramique blanche d\u00e9cor\u00e9 de jolis dessins : des poissons noir et blanc tachet\u00e9s de rouge (de style truites), de la v\u00e9g\u00e9tation aquatique, des vaguelettes\u2026<\/span><\/p>\n<p>Il est estampill\u00e9 en dessous : \u201c Salins- France\u201d<\/p>\n<p>La fa\u00efencerie de Salins \u00e0 \u00e9t\u00e9 cr\u00e9\u00e9e en 1857 \u00e0 Salins-les-Bains en Franche-Comt\u00e9. Sp\u00e9cialis\u00e9e dans la production de service de table et de c\u00e9ramique domestique.<\/p>\n<p>Elle sera reprise en 1912 par Edouard Charbonnier, fils du directeur de la fa\u00efencerie de Longchamp, qui sera \u00e0 l\u2019origine de l\u2019impulsion de la manufacture couronn\u00e9e en 1925 \u00e0 l\u2019exposition internationale des arts d\u00e9coratifs et industriels modernes de Paris.<\/p>\n<p>La manufacture est ensuite int\u00e9gr\u00e9e \u00e0 partir de 1968 \u00e0 la fa\u00efencerie de Sarreguemines.<\/p>\n<p>\u00c0 la fois pratique et d\u00e9coratif, ce joli plat de pr\u00e9sentation \u00e9gaiera votre table avec son style r\u00e9tro !<\/p>\n<p>Petits \u00e9clats aux extr\u00e9mit\u00e9s visibles sur les photos.<\/p>\n<p>LO 62.6 x LA 23.2 cm<\/p>\n","protected":false},"excerpt":{"rendered":"<p>Grand plat vintage en c\u00e9ramique blanche d\u00e9cor\u00e9 de jolis dessins : des poissons noir et blanc tachet\u00e9s de rouge (de style truites), de la v\u00e9g\u00e9tation aquatique, des vaguelettes\u2026 Il est estampill\u00e9 en dessous : \u201c Salins- France\u201d La fa\u00efencerie de Salins \u00e0 \u00e9t\u00e9 cr\u00e9\u00e9e en 1857 \u00e0 Salins-les-Bains en Franche-Comt\u00e9. Sp\u00e9cialis\u00e9e dans la production de [&hellip;]<\/p>\n","protected":false},"featured_media":14163,"template":"","meta":{"site-sidebar-layout":"default","site-content-layout":"default","ast-site-content-layout":"default","site-content-style":"default","site-sidebar-style":"default","ast-global-header-display":"","ast-banner-title-visibility":"","ast-main-header-display":"","ast-hfb-above-header-display":"","ast-hfb-below-header-display":"","ast-hfb-mobile-header-display":"","site-post-title":"","ast-breadcrumbs-content":"","ast-featured-img":"","footer-sml-layout":"","ast-disable-related-posts":"","theme-transparent-header-meta":"default","adv-header-id-meta":"","stick-header-meta":"","header-above-stick-meta":"","header-main-stick-meta":"","header-below-stick-meta":"","astra-migrate-meta-layouts":"default","ast-page-background-enabled":"default","ast-page-background-meta":{"desktop":{"background-color":"var(--ast-global-color-4)","background-image":"","background-repeat":"repeat","background-position":"center center","background-size":"auto","background-attachment":"scroll","background-type":"","background-media":"","overlay-type":"","overlay-color":"","overlay-opacity":"","overlay-gradient":""},"tablet":{"background-color":"","background-image":"","background-repeat":"repeat","background-position":"center center","background-size":"auto","background-attachment":"scroll","background-type":"","background-media":"","overlay-type":"","overlay-color":"","overlay-opacity":"","overlay-gradient":""},"mobile":{"background-color":"","background-image":"","background-repeat":"repeat","background-position":"center center","background-size":"auto","background-attachment":"scroll","background-type":"","background-media":"","overlay-type":"","overlay-color":"","overlay-opacity":"","overlay-gradient":""}},"ast-content-background-meta":{"desktop":{"background-color":"var(--ast-global-color-5)","background-image":"","background-repeat":"repeat","background-position":"center center","background-size":"auto","background-attachment":"scroll","background-type":"","background-media":"","overlay-type":"","overlay-color":"","overlay-opacity":"","overlay-gradient":""},"tablet":{"background-color":"var(--ast-global-color-5)","background-image":"","background-repeat":"repeat","background-position":"center center","background-size":"auto","background-attachment":"scroll","background-type":"","background-media":"","overlay-type":"","overlay-color":"","overlay-opacity":"","overlay-gradient":""},"mobile":{"background-color":"var(--ast-global-color-5)","background-image":"","background-repeat":"repeat","background-position":"center center","background-size":"auto","background-attachment":"scroll","background-type":"","background-media":"","overlay-type":"","overlay-color":"","overlay-opacity":"","overlay-gradient":""}}},"product_cat":[3542,3547],"product_tag":[1197,1115,1023,1174,1731,2040,1019,1271,1011],"yoast_head":"<!-- This site is optimized with the Yoast SEO plugin v20.8 - https:\/\/yoast.com\/wordpress\/plugins\/seo\/ -->\n<title>Ancien Grand Plat \u00e0 Poisson en C\u00e9ramique de Salins - Vintage French Finds<\/title>\n<meta name=\"description\" content=\"The best of French vintage delivered to your doorstep direct from France : fashion, furniture, decoration, table art, curiosities, collections and art work.\" \/>\n<meta name=\"robots\" content=\"index, follow, max-snippet:-1, max-image-preview:large, max-video-preview:-1\" \/>\n<link rel=\"canonical\" href=\"https:\/\/vintagefrenchfinds.com\/en\/product\/ancien-grand-plat-a-poisson-en-ceramique-de-salins\/\" \/>\n<meta property=\"og:locale\" content=\"en_GB\" \/>\n<meta property=\"og:type\" content=\"article\" \/>\n<meta property=\"og:title\" content=\"Ancien Grand Plat \u00e0 Poisson en C\u00e9ramique de Salins - Vintage French Finds\" \/>\n<meta property=\"og:description\" content=\"The best of French vintage delivered to your doorstep direct from France : fashion, furniture, decoration, table art, curiosities, collections and art work.\" \/>\n<meta property=\"og:url\" content=\"https:\/\/vintagefrenchfinds.com\/en\/product\/ancien-grand-plat-a-poisson-en-ceramique-de-salins\/\" \/>\n<meta property=\"og:site_name\" content=\"Vintage French Finds\" \/>\n<meta property=\"article:modified_time\" content=\"2025-03-12T21:29:11+00:00\" \/>\n<meta property=\"og:image\" content=\"https:\/\/vintagefrenchfinds.com\/wp-content\/uploads\/2022\/06\/DSCN4754.jpg\" \/>\n\t<meta property=\"og:image:width\" content=\"886\" \/>\n\t<meta property=\"og:image:height\" content=\"520\" \/>\n\t<meta property=\"og:image:type\" content=\"image\/jpeg\" \/>\n<meta name=\"twitter:card\" content=\"summary_large_image\" \/>\n<meta name=\"twitter:label1\" content=\"Estimated reading time\" \/>\n\t<meta name=\"twitter:data1\" content=\"1 minute\" \/>\n<script type=\"application\/ld+json\" class=\"yoast-schema-graph\">{\"@context\":\"https:\/\/schema.org\",\"@graph\":[{\"@type\":\"WebPage\",\"@id\":\"https:\/\/vintagefrenchfinds.com\/product\/ancien-grand-plat-a-poisson-en-ceramique-de-salins\",\"url\":\"https:\/\/vintagefrenchfinds.com\/product\/ancien-grand-plat-a-poisson-en-ceramique-de-salins\",\"name\":\"Ancien Grand Plat \u00e0 Poisson en C\u00e9ramique de Salins - Vintage French Finds\",\"isPartOf\":{\"@id\":\"https:\/\/vintagefrenchfinds.com\/#website\"},\"datePublished\":\"2022-06-04T09:41:04+00:00\",\"dateModified\":\"2025-03-12T21:29:11+00:00\",\"description\":\"The best of French vintage delivered to your doorstep direct from France : fashion, furniture, decoration, table art, curiosities, collections and art work.\",\"breadcrumb\":{\"@id\":\"https:\/\/vintagefrenchfinds.com\/product\/ancien-grand-plat-a-poisson-en-ceramique-de-salins#breadcrumb\"},\"inLanguage\":\"en-GB\",\"potentialAction\":[{\"@type\":\"ReadAction\",\"target\":[\"https:\/\/vintagefrenchfinds.com\/product\/ancien-grand-plat-a-poisson-en-ceramique-de-salins\"]}]},{\"@type\":\"BreadcrumbList\",\"@id\":\"https:\/\/vintagefrenchfinds.com\/product\/ancien-grand-plat-a-poisson-en-ceramique-de-salins#breadcrumb\",\"itemListElement\":[{\"@type\":\"ListItem\",\"position\":1,\"name\":\"Home\",\"item\":\"https:\/\/vintagefrenchfinds.com\/\"},{\"@type\":\"ListItem\",\"position\":2,\"name\":\"BOUTIQUE\",\"item\":\"https:\/\/vintagefrenchfinds.com\/shop\"},{\"@type\":\"ListItem\",\"position\":3,\"name\":\"Ancien Grand Plat \u00e0 Poisson en C\u00e9ramique de Salins\"}]},{\"@type\":\"WebSite\",\"@id\":\"https:\/\/vintagefrenchfinds.com\/#website\",\"url\":\"https:\/\/vintagefrenchfinds.com\/\",\"name\":\"Vintage French Finds\",\"description\":\"The best of French vintage delivered to your doorstep direct from France : fashion, furniture, decoration, table art, curiosities, collections and art work.\",\"potentialAction\":[{\"@type\":\"SearchAction\",\"target\":{\"@type\":\"EntryPoint\",\"urlTemplate\":\"https:\/\/vintagefrenchfinds.com\/?s={search_term_string}\"},\"query-input\":\"required name=search_term_string\"}],\"inLanguage\":\"en-GB\"}]}<\/script>\n<!-- \/ Yoast SEO plugin. -->","yoast_head_json":{"title":"Ancien Grand Plat \u00e0 Poisson en C\u00e9ramique de Salins - Vintage French Finds","description":"The best of French vintage delivered to your doorstep direct from France : fashion, furniture, decoration, table art, curiosities, collections and art work.","robots":{"index":"index","follow":"follow","max-snippet":"max-snippet:-1","max-image-preview":"max-image-preview:large","max-video-preview":"max-video-preview:-1"},"canonical":"https:\/\/vintagefrenchfinds.com\/en\/product\/ancien-grand-plat-a-poisson-en-ceramique-de-salins\/","og_locale":"en_GB","og_type":"article","og_title":"Ancien Grand Plat \u00e0 Poisson en C\u00e9ramique de Salins - Vintage French Finds","og_description":"The best of French vintage delivered to your doorstep direct from France : fashion, furniture, decoration, table art, curiosities, collections and art work.","og_url":"https:\/\/vintagefrenchfinds.com\/en\/product\/ancien-grand-plat-a-poisson-en-ceramique-de-salins\/","og_site_name":"Vintage French Finds","article_modified_time":"2025-03-12T21:29:11+00:00","og_image":[{"width":886,"height":520,"url":"https:\/\/vintagefrenchfinds.com\/wp-content\/uploads\/2022\/06\/DSCN4754.jpg","type":"image\/jpeg"}],"twitter_card":"summary_large_image","twitter_misc":{"Estimated reading time":"1 minute"},"schema":{"@context":"https:\/\/schema.org","@graph":[{"@type":"WebPage","@id":"https:\/\/vintagefrenchfinds.com\/product\/ancien-grand-plat-a-poisson-en-ceramique-de-salins","url":"https:\/\/vintagefrenchfinds.com\/product\/ancien-grand-plat-a-poisson-en-ceramique-de-salins","name":"Ancien Grand Plat \u00e0 Poisson en C\u00e9ramique de Salins - Vintage French Finds","isPartOf":{"@id":"https:\/\/vintagefrenchfinds.com\/#website"},"datePublished":"2022-06-04T09:41:04+00:00","dateModified":"2025-03-12T21:29:11+00:00","description":"The best of French vintage delivered to your doorstep direct from France : fashion, furniture, decoration, table art, curiosities, collections and art work.","breadcrumb":{"@id":"https:\/\/vintagefrenchfinds.com\/product\/ancien-grand-plat-a-poisson-en-ceramique-de-salins#breadcrumb"},"inLanguage":"en-GB","potentialAction":[{"@type":"ReadAction","target":["https:\/\/vintagefrenchfinds.com\/product\/ancien-grand-plat-a-poisson-en-ceramique-de-salins"]}]},{"@type":"BreadcrumbList","@id":"https:\/\/vintagefrenchfinds.com\/product\/ancien-grand-plat-a-poisson-en-ceramique-de-salins#breadcrumb","itemListElement":[{"@type":"ListItem","position":1,"name":"Home","item":"https:\/\/vintagefrenchfinds.com\/"},{"@type":"ListItem","position":2,"name":"BOUTIQUE","item":"https:\/\/vintagefrenchfinds.com\/shop"},{"@type":"ListItem","position":3,"name":"Ancien Grand Plat \u00e0 Poisson en C\u00e9ramique de Salins"}]},{"@type":"WebSite","@id":"https:\/\/vintagefrenchfinds.com\/#website","url":"https:\/\/vintagefrenchfinds.com\/","name":"Vintage French Finds\u00a0","description":"The best of French vintage delivered to your doorstep direct from France : fashion, furniture, decoration, table art, curiosities, collections and art work.","potentialAction":[{"@type":"SearchAction","target":{"@type":"EntryPoint","urlTemplate":"https:\/\/vintagefrenchfinds.com\/?s={search_term_string}"},"query-input":"required name=search_term_string"}],"inLanguage":"en-GB"}]}},"post_mailing_queue_ids":[],"_links":{"self":[{"href":"https:\/\/vintagefrenchfinds.com\/en\/wp-json\/wp\/v2\/product\/14162"}],"collection":[{"href":"https:\/\/vintagefrenchfinds.com\/en\/wp-json\/wp\/v2\/product"}],"about":[{"href":"https:\/\/vintagefrenchfinds.com\/en\/wp-json\/wp\/v2\/types\/product"}],"wp:featuredmedia":[{"embeddable":true,"href":"https:\/\/vintagefrenchfinds.com\/en\/wp-json\/wp\/v2\/media\/14163"}],"wp:attachment":[{"href":"https:\/\/vintagefrenchfinds.com\/en\/wp-json\/wp\/v2\/media?parent=14162"}],"wp:term":[{"taxonomy":"product_cat","embeddable":true,"href":"https:\/\/vintagefrenchfinds.com\/en\/wp-json\/wp\/v2\/product_cat?post=14162"},{"taxonomy":"product_tag","embeddable":true,"href":"https:\/\/vintagefrenchfinds.com\/en\/wp-json\/wp\/v2\/product_tag?post=14162"}],"curies":[{"name":"wp","href":"https:\/\/api.w.org\/{rel}","templated":true}]}}