{"id":14538,"date":"2022-07-04T10:26:11","date_gmt":"2022-07-04T10:26:11","guid":{"rendered":"https:\/\/vintagefrenchfinds.com\/?post_type=product&#038;p=14538"},"modified":"2025-03-12T23:06:37","modified_gmt":"2025-03-12T23:06:37","slug":"2-anciens-vases-en-ceramique-style-art-nouveau","status":"publish","type":"product","link":"https:\/\/vintagefrenchfinds.com\/en\/product\/2-anciens-vases-en-ceramique-style-art-nouveau","title":{"rendered":"2 Anciens Vases en C\u00e9ramique Style Art Nouveau"},"content":{"rendered":"<p><span style=\"font-weight: 400;\">Paire de vase vintage en fa\u00efence orn\u00e9e du d\u00e9cor typiquement art nouveau :\u00a0 fleurs de lys roses poudr\u00e9 habill\u00e9es de leurs somptueuses p\u00e9tales turquoises sur un fond vert kaki,\u00a0 librement inspir\u00e9 de la nature.<\/span><\/p>\n<p><span style=\"font-weight: 400;\">Des objets \u00e0 la fois bruts et d\u00e9licats, \u00e0 la forme et aux design anciens.<\/span><\/p>\n<p><span style=\"font-weight: 400;\">Elles semblent \u00eatre estampill\u00e9es de la signature\u00a0 \u201cSt Cl\u00e9ment\u201d\u00a0<\/span><\/p>\n<p><span style=\"font-weight: 400;\">Pur produit de la belle \u00e9poque, ces vases mettront en valeur vos jolis bouquets, tout en apportant une jolie touche r\u00e9tro \u00e0 votre int\u00e9rieur.<\/span><\/p>\n<p><span style=\"font-weight: 400;\">Ils feront \u00e9galement un excellent cadeau pour tout amateur de beaux objets d\u2019antan.<\/span><\/p>\n<p><span style=\"font-weight: 400;\">Bon \u00e9tat g\u00e9n\u00e9ral mais quelques \u00e9clats et fissures visibles sur les photos\u00a0<\/span><\/p>\n<p><span style=\"font-weight: 400;\">H 24 x LA 12 cm<\/span><\/p>\n<p>&nbsp;<\/p>","protected":false},"excerpt":{"rendered":"<p>Paire de vase vintage en fa\u00efence orn\u00e9e du d\u00e9cor typiquement art nouveau :\u00a0 fleurs de lys roses poudr\u00e9 habill\u00e9es de leurs somptueuses p\u00e9tales turquoises sur un fond vert kaki,\u00a0 librement inspir\u00e9 de la nature. Des objets \u00e0 la fois bruts et d\u00e9licats, \u00e0 la forme et aux design anciens. Elles semblent \u00eatre estampill\u00e9es de la [&hellip;]<\/p>\n","protected":false},"featured_media":14546,"template":"","meta":{"site-sidebar-layout":"default","site-content-layout":"default","ast-site-content-layout":"default","site-content-style":"default","site-sidebar-style":"default","ast-global-header-display":"","ast-banner-title-visibility":"","ast-main-header-display":"","ast-hfb-above-header-display":"","ast-hfb-below-header-display":"","ast-hfb-mobile-header-display":"","site-post-title":"","ast-breadcrumbs-content":"","ast-featured-img":"","footer-sml-layout":"","ast-disable-related-posts":"","theme-transparent-header-meta":"default","adv-header-id-meta":"","stick-header-meta":"","header-above-stick-meta":"","header-main-stick-meta":"","header-below-stick-meta":"","astra-migrate-meta-layouts":"default","ast-page-background-enabled":"default","ast-page-background-meta":{"desktop":{"background-color":"var(--ast-global-color-4)","background-image":"","background-repeat":"repeat","background-position":"center center","background-size":"auto","background-attachment":"scroll","background-type":"","background-media":"","overlay-type":"","overlay-color":"","overlay-opacity":"","overlay-gradient":""},"tablet":{"background-color":"","background-image":"","background-repeat":"repeat","background-position":"center center","background-size":"auto","background-attachment":"scroll","background-type":"","background-media":"","overlay-type":"","overlay-color":"","overlay-opacity":"","overlay-gradient":""},"mobile":{"background-color":"","background-image":"","background-repeat":"repeat","background-position":"center center","background-size":"auto","background-attachment":"scroll","background-type":"","background-media":"","overlay-type":"","overlay-color":"","overlay-opacity":"","overlay-gradient":""}},"ast-content-background-meta":{"desktop":{"background-color":"var(--ast-global-color-5)","background-image":"","background-repeat":"repeat","background-position":"center center","background-size":"auto","background-attachment":"scroll","background-type":"","background-media":"","overlay-type":"","overlay-color":"","overlay-opacity":"","overlay-gradient":""},"tablet":{"background-color":"var(--ast-global-color-5)","background-image":"","background-repeat":"repeat","background-position":"center center","background-size":"auto","background-attachment":"scroll","background-type":"","background-media":"","overlay-type":"","overlay-color":"","overlay-opacity":"","overlay-gradient":""},"mobile":{"background-color":"var(--ast-global-color-5)","background-image":"","background-repeat":"repeat","background-position":"center center","background-size":"auto","background-attachment":"scroll","background-type":"","background-media":"","overlay-type":"","overlay-color":"","overlay-opacity":"","overlay-gradient":""}}},"product_cat":[30,3532],"product_tag":[1197,2142,1023,1202,1011],"yoast_head":"<!-- This site is optimized with the Yoast SEO plugin v20.8 - https:\/\/yoast.com\/wordpress\/plugins\/seo\/ -->\n<title>2 Anciens Vases en C\u00e9ramique Style Art Nouveau - Vintage French Finds<\/title>\n<meta name=\"description\" content=\"The best of French vintage delivered to your doorstep direct from France : fashion, furniture, decoration, table art, curiosities, collections and art work.\" \/>\n<meta name=\"robots\" content=\"index, follow, max-snippet:-1, max-image-preview:large, max-video-preview:-1\" \/>\n<link rel=\"canonical\" href=\"https:\/\/vintagefrenchfinds.com\/en\/product\/2-anciens-vases-en-ceramique-style-art-nouveau\/\" \/>\n<meta property=\"og:locale\" content=\"en_GB\" \/>\n<meta property=\"og:type\" content=\"article\" \/>\n<meta property=\"og:title\" content=\"2 Anciens Vases en C\u00e9ramique Style Art Nouveau - Vintage French Finds\" \/>\n<meta property=\"og:description\" content=\"The best of French vintage delivered to your doorstep direct from France : fashion, furniture, decoration, table art, curiosities, collections and art work.\" \/>\n<meta property=\"og:url\" content=\"https:\/\/vintagefrenchfinds.com\/en\/product\/2-anciens-vases-en-ceramique-style-art-nouveau\/\" \/>\n<meta property=\"og:site_name\" content=\"Vintage French Finds\" \/>\n<meta property=\"article:modified_time\" content=\"2025-03-12T23:06:37+00:00\" \/>\n<meta property=\"og:image\" content=\"https:\/\/vintagefrenchfinds.com\/wp-content\/uploads\/2022\/07\/DSCN4936.jpg\" \/>\n\t<meta property=\"og:image:width\" content=\"886\" \/>\n\t<meta property=\"og:image:height\" content=\"787\" \/>\n\t<meta property=\"og:image:type\" content=\"image\/jpeg\" \/>\n<meta name=\"twitter:card\" content=\"summary_large_image\" \/>\n<meta name=\"twitter:label1\" content=\"Estimated reading time\" \/>\n\t<meta name=\"twitter:data1\" content=\"1 minute\" \/>\n<script type=\"application\/ld+json\" class=\"yoast-schema-graph\">{\"@context\":\"https:\/\/schema.org\",\"@graph\":[{\"@type\":\"WebPage\",\"@id\":\"https:\/\/vintagefrenchfinds.com\/product\/2-anciens-vases-en-ceramique-style-art-nouveau\",\"url\":\"https:\/\/vintagefrenchfinds.com\/product\/2-anciens-vases-en-ceramique-style-art-nouveau\",\"name\":\"2 Anciens Vases en C\u00e9ramique Style Art Nouveau - Vintage French Finds\",\"isPartOf\":{\"@id\":\"https:\/\/vintagefrenchfinds.com\/#website\"},\"datePublished\":\"2022-07-04T10:26:11+00:00\",\"dateModified\":\"2025-03-12T23:06:37+00:00\",\"description\":\"The best of French vintage delivered to your doorstep direct from France : fashion, furniture, decoration, table art, curiosities, collections and art work.\",\"breadcrumb\":{\"@id\":\"https:\/\/vintagefrenchfinds.com\/product\/2-anciens-vases-en-ceramique-style-art-nouveau#breadcrumb\"},\"inLanguage\":\"en-GB\",\"potentialAction\":[{\"@type\":\"ReadAction\",\"target\":[\"https:\/\/vintagefrenchfinds.com\/product\/2-anciens-vases-en-ceramique-style-art-nouveau\"]}]},{\"@type\":\"BreadcrumbList\",\"@id\":\"https:\/\/vintagefrenchfinds.com\/product\/2-anciens-vases-en-ceramique-style-art-nouveau#breadcrumb\",\"itemListElement\":[{\"@type\":\"ListItem\",\"position\":1,\"name\":\"Home\",\"item\":\"https:\/\/vintagefrenchfinds.com\/\"},{\"@type\":\"ListItem\",\"position\":2,\"name\":\"BOUTIQUE\",\"item\":\"https:\/\/vintagefrenchfinds.com\/shop\"},{\"@type\":\"ListItem\",\"position\":3,\"name\":\"2 Anciens Vases en C\u00e9ramique Style Art Nouveau\"}]},{\"@type\":\"WebSite\",\"@id\":\"https:\/\/vintagefrenchfinds.com\/#website\",\"url\":\"https:\/\/vintagefrenchfinds.com\/\",\"name\":\"Vintage French Finds\",\"description\":\"The best of French vintage delivered to your doorstep direct from France : fashion, furniture, decoration, table art, curiosities, collections and art work.\",\"potentialAction\":[{\"@type\":\"SearchAction\",\"target\":{\"@type\":\"EntryPoint\",\"urlTemplate\":\"https:\/\/vintagefrenchfinds.com\/?s={search_term_string}\"},\"query-input\":\"required name=search_term_string\"}],\"inLanguage\":\"en-GB\"}]}<\/script>\n<!-- \/ Yoast SEO plugin. -->","yoast_head_json":{"title":"2 Anciens Vases en C\u00e9ramique Style Art Nouveau - Vintage French Finds","description":"The best of French vintage delivered to your doorstep direct from France : fashion, furniture, decoration, table art, curiosities, collections and art work.","robots":{"index":"index","follow":"follow","max-snippet":"max-snippet:-1","max-image-preview":"max-image-preview:large","max-video-preview":"max-video-preview:-1"},"canonical":"https:\/\/vintagefrenchfinds.com\/en\/product\/2-anciens-vases-en-ceramique-style-art-nouveau\/","og_locale":"en_GB","og_type":"article","og_title":"2 Anciens Vases en C\u00e9ramique Style Art Nouveau - Vintage French Finds","og_description":"The best of French vintage delivered to your doorstep direct from France : fashion, furniture, decoration, table art, curiosities, collections and art work.","og_url":"https:\/\/vintagefrenchfinds.com\/en\/product\/2-anciens-vases-en-ceramique-style-art-nouveau\/","og_site_name":"Vintage French Finds","article_modified_time":"2025-03-12T23:06:37+00:00","og_image":[{"width":886,"height":787,"url":"https:\/\/vintagefrenchfinds.com\/wp-content\/uploads\/2022\/07\/DSCN4936.jpg","type":"image\/jpeg"}],"twitter_card":"summary_large_image","twitter_misc":{"Estimated reading time":"1 minute"},"schema":{"@context":"https:\/\/schema.org","@graph":[{"@type":"WebPage","@id":"https:\/\/vintagefrenchfinds.com\/product\/2-anciens-vases-en-ceramique-style-art-nouveau","url":"https:\/\/vintagefrenchfinds.com\/product\/2-anciens-vases-en-ceramique-style-art-nouveau","name":"2 Anciens Vases en C\u00e9ramique Style Art Nouveau - Vintage French Finds","isPartOf":{"@id":"https:\/\/vintagefrenchfinds.com\/#website"},"datePublished":"2022-07-04T10:26:11+00:00","dateModified":"2025-03-12T23:06:37+00:00","description":"The best of French vintage delivered to your doorstep direct from France : fashion, furniture, decoration, table art, curiosities, collections and art work.","breadcrumb":{"@id":"https:\/\/vintagefrenchfinds.com\/product\/2-anciens-vases-en-ceramique-style-art-nouveau#breadcrumb"},"inLanguage":"en-GB","potentialAction":[{"@type":"ReadAction","target":["https:\/\/vintagefrenchfinds.com\/product\/2-anciens-vases-en-ceramique-style-art-nouveau"]}]},{"@type":"BreadcrumbList","@id":"https:\/\/vintagefrenchfinds.com\/product\/2-anciens-vases-en-ceramique-style-art-nouveau#breadcrumb","itemListElement":[{"@type":"ListItem","position":1,"name":"Home","item":"https:\/\/vintagefrenchfinds.com\/"},{"@type":"ListItem","position":2,"name":"BOUTIQUE","item":"https:\/\/vintagefrenchfinds.com\/shop"},{"@type":"ListItem","position":3,"name":"2 Anciens Vases en C\u00e9ramique Style Art Nouveau"}]},{"@type":"WebSite","@id":"https:\/\/vintagefrenchfinds.com\/#website","url":"https:\/\/vintagefrenchfinds.com\/","name":"Vintage French Finds\u00a0","description":"The best of French vintage delivered to your doorstep direct from France : fashion, furniture, decoration, table art, curiosities, collections and art work.","potentialAction":[{"@type":"SearchAction","target":{"@type":"EntryPoint","urlTemplate":"https:\/\/vintagefrenchfinds.com\/?s={search_term_string}"},"query-input":"required name=search_term_string"}],"inLanguage":"en-GB"}]}},"post_mailing_queue_ids":[],"_links":{"self":[{"href":"https:\/\/vintagefrenchfinds.com\/en\/wp-json\/wp\/v2\/product\/14538"}],"collection":[{"href":"https:\/\/vintagefrenchfinds.com\/en\/wp-json\/wp\/v2\/product"}],"about":[{"href":"https:\/\/vintagefrenchfinds.com\/en\/wp-json\/wp\/v2\/types\/product"}],"wp:featuredmedia":[{"embeddable":true,"href":"https:\/\/vintagefrenchfinds.com\/en\/wp-json\/wp\/v2\/media\/14546"}],"wp:attachment":[{"href":"https:\/\/vintagefrenchfinds.com\/en\/wp-json\/wp\/v2\/media?parent=14538"}],"wp:term":[{"taxonomy":"product_cat","embeddable":true,"href":"https:\/\/vintagefrenchfinds.com\/en\/wp-json\/wp\/v2\/product_cat?post=14538"},{"taxonomy":"product_tag","embeddable":true,"href":"https:\/\/vintagefrenchfinds.com\/en\/wp-json\/wp\/v2\/product_tag?post=14538"}],"curies":[{"name":"wp","href":"https:\/\/api.w.org\/{rel}","templated":true}]}}