{"id":14720,"date":"2022-07-05T13:32:03","date_gmt":"2022-07-05T13:32:03","guid":{"rendered":"https:\/\/vintagefrenchfinds.com\/?post_type=product&#038;p=14720"},"modified":"2025-03-17T14:43:27","modified_gmt":"2025-03-17T14:43:27","slug":"9-anciens-torchons-serviettes-en-lin-a-monogramme-dr","status":"publish","type":"product","link":"https:\/\/vintagefrenchfinds.com\/en\/product\/9-anciens-torchons-serviettes-en-lin-a-monogramme-dr","title":{"rendered":"9 Anciens Torchons \/ Serviettes en Lin \u00e0 Monogramme DR"},"content":{"rendered":"<p><span style=\"font-weight: 400;\">Lot de 9 torchons\/serviettes de table vintage en lin de couleur blanche d\u00e9cor\u00e9s de fines bandes rouges.<\/span><\/p>\n<p><span style=\"font-weight: 400;\">Cet assortiment appartenait \u00e0 Denise Raimbourg, s\u0153ur de l&rsquo;acteur Bourvil.<\/span><\/p>\n<p><span style=\"font-weight: 400;\">L&rsquo;ensemble ajoutera une touche r\u00e9tro \u00e0 votre table mais fera \u00e9galement un tr\u00e8s beau cadeau pour les amateurs du linge ancien.<\/span><\/p>\n<p><span style=\"font-weight: 400;\">Good condition with usual signs of wear.<\/span><\/p>\n<p><span style=\"font-weight: 400;\">LO 74 cm \u00a0 LA 54 cm<\/span><\/p>","protected":false},"excerpt":{"rendered":"<p>Lot de 9 torchons\/serviettes de table vintage en lin de couleur blanche d\u00e9cor\u00e9s de fines bandes rouges. Cet assortiment appartenait \u00e0 Denise Raimbourg, s\u0153ur de l&rsquo;acteur Bourvil. L&rsquo;ensemble ajoutera une touche r\u00e9tro \u00e0 votre table mais fera \u00e9galement un tr\u00e8s beau cadeau pour les amateurs du linge ancien. Bon \u00e9tat g\u00e9n\u00e9ral avec traces normales d\u2019usure. [&hellip;]<\/p>\n","protected":false},"featured_media":14721,"template":"","meta":{"site-sidebar-layout":"default","site-content-layout":"default","ast-site-content-layout":"default","site-content-style":"default","site-sidebar-style":"default","ast-global-header-display":"","ast-banner-title-visibility":"","ast-main-header-display":"","ast-hfb-above-header-display":"","ast-hfb-below-header-display":"","ast-hfb-mobile-header-display":"","site-post-title":"","ast-breadcrumbs-content":"","ast-featured-img":"","footer-sml-layout":"","ast-disable-related-posts":"","theme-transparent-header-meta":"default","adv-header-id-meta":"","stick-header-meta":"","header-above-stick-meta":"","header-main-stick-meta":"","header-below-stick-meta":"","astra-migrate-meta-layouts":"default","ast-page-background-enabled":"default","ast-page-background-meta":{"desktop":{"background-color":"var(--ast-global-color-4)","background-image":"","background-repeat":"repeat","background-position":"center center","background-size":"auto","background-attachment":"scroll","background-type":"","background-media":"","overlay-type":"","overlay-color":"","overlay-opacity":"","overlay-gradient":""},"tablet":{"background-color":"","background-image":"","background-repeat":"repeat","background-position":"center center","background-size":"auto","background-attachment":"scroll","background-type":"","background-media":"","overlay-type":"","overlay-color":"","overlay-opacity":"","overlay-gradient":""},"mobile":{"background-color":"","background-image":"","background-repeat":"repeat","background-position":"center center","background-size":"auto","background-attachment":"scroll","background-type":"","background-media":"","overlay-type":"","overlay-color":"","overlay-opacity":"","overlay-gradient":""}},"ast-content-background-meta":{"desktop":{"background-color":"var(--ast-global-color-5)","background-image":"","background-repeat":"repeat","background-position":"center center","background-size":"auto","background-attachment":"scroll","background-type":"","background-media":"","overlay-type":"","overlay-color":"","overlay-opacity":"","overlay-gradient":""},"tablet":{"background-color":"var(--ast-global-color-5)","background-image":"","background-repeat":"repeat","background-position":"center center","background-size":"auto","background-attachment":"scroll","background-type":"","background-media":"","overlay-type":"","overlay-color":"","overlay-opacity":"","overlay-gradient":""},"mobile":{"background-color":"var(--ast-global-color-5)","background-image":"","background-repeat":"repeat","background-position":"center center","background-size":"auto","background-attachment":"scroll","background-type":"","background-media":"","overlay-type":"","overlay-color":"","overlay-opacity":"","overlay-gradient":""}}},"product_cat":[31,3587],"product_tag":[1197,3927,2650,2369,2368,1011],"yoast_head":"<!-- This site is optimized with the Yoast SEO plugin v20.8 - https:\/\/yoast.com\/wordpress\/plugins\/seo\/ -->\n<title>9 Anciens Torchons \/ Serviettes en Lin \u00e0 Monogramme DR - Vintage French Finds<\/title>\n<meta name=\"description\" content=\"The best of French vintage delivered to your doorstep direct from France : fashion, furniture, decoration, table art, curiosities, collections and art work.\" \/>\n<meta name=\"robots\" content=\"index, follow, max-snippet:-1, max-image-preview:large, max-video-preview:-1\" \/>\n<link rel=\"canonical\" href=\"https:\/\/vintagefrenchfinds.com\/en\/product\/9-anciens-torchons-serviettes-en-lin-a-monogramme-dr\/\" \/>\n<meta property=\"og:locale\" content=\"en_GB\" \/>\n<meta property=\"og:type\" content=\"article\" \/>\n<meta property=\"og:title\" content=\"9 Anciens Torchons \/ Serviettes en Lin \u00e0 Monogramme DR - Vintage French Finds\" \/>\n<meta property=\"og:description\" content=\"The best of French vintage delivered to your doorstep direct from France : fashion, furniture, decoration, table art, curiosities, collections and art work.\" \/>\n<meta property=\"og:url\" content=\"https:\/\/vintagefrenchfinds.com\/en\/product\/9-anciens-torchons-serviettes-en-lin-a-monogramme-dr\/\" \/>\n<meta property=\"og:site_name\" content=\"Vintage French Finds\" \/>\n<meta property=\"article:modified_time\" content=\"2025-03-17T14:43:27+00:00\" \/>\n<meta property=\"og:image\" content=\"https:\/\/vintagefrenchfinds.com\/wp-content\/uploads\/2022\/07\/IMG_8969.jpg\" \/>\n\t<meta property=\"og:image:width\" content=\"786\" \/>\n\t<meta property=\"og:image:height\" content=\"886\" \/>\n\t<meta property=\"og:image:type\" content=\"image\/jpeg\" \/>\n<meta name=\"twitter:card\" content=\"summary_large_image\" \/>\n<meta name=\"twitter:label1\" content=\"Estimated reading time\" \/>\n\t<meta name=\"twitter:data1\" content=\"1 minute\" \/>\n<script type=\"application\/ld+json\" class=\"yoast-schema-graph\">{\"@context\":\"https:\/\/schema.org\",\"@graph\":[{\"@type\":\"WebPage\",\"@id\":\"https:\/\/vintagefrenchfinds.com\/product\/9-anciens-torchons-serviettes-en-lin-a-monogramme-dr\",\"url\":\"https:\/\/vintagefrenchfinds.com\/product\/9-anciens-torchons-serviettes-en-lin-a-monogramme-dr\",\"name\":\"9 Anciens Torchons \/ Serviettes en Lin \u00e0 Monogramme DR - Vintage French Finds\",\"isPartOf\":{\"@id\":\"https:\/\/vintagefrenchfinds.com\/#website\"},\"datePublished\":\"2022-07-05T13:32:03+00:00\",\"dateModified\":\"2025-03-17T14:43:27+00:00\",\"description\":\"The best of French vintage delivered to your doorstep direct from France : fashion, furniture, decoration, table art, curiosities, collections and art work.\",\"breadcrumb\":{\"@id\":\"https:\/\/vintagefrenchfinds.com\/product\/9-anciens-torchons-serviettes-en-lin-a-monogramme-dr#breadcrumb\"},\"inLanguage\":\"en-GB\",\"potentialAction\":[{\"@type\":\"ReadAction\",\"target\":[\"https:\/\/vintagefrenchfinds.com\/product\/9-anciens-torchons-serviettes-en-lin-a-monogramme-dr\"]}]},{\"@type\":\"BreadcrumbList\",\"@id\":\"https:\/\/vintagefrenchfinds.com\/product\/9-anciens-torchons-serviettes-en-lin-a-monogramme-dr#breadcrumb\",\"itemListElement\":[{\"@type\":\"ListItem\",\"position\":1,\"name\":\"Home\",\"item\":\"https:\/\/vintagefrenchfinds.com\/\"},{\"@type\":\"ListItem\",\"position\":2,\"name\":\"BOUTIQUE\",\"item\":\"https:\/\/vintagefrenchfinds.com\/shop\"},{\"@type\":\"ListItem\",\"position\":3,\"name\":\"9 Anciens Torchons \/ Serviettes en Lin \u00e0 Monogramme DR\"}]},{\"@type\":\"WebSite\",\"@id\":\"https:\/\/vintagefrenchfinds.com\/#website\",\"url\":\"https:\/\/vintagefrenchfinds.com\/\",\"name\":\"Vintage French Finds\",\"description\":\"The best of French vintage delivered to your doorstep direct from France : fashion, furniture, decoration, table art, curiosities, collections and art work.\",\"potentialAction\":[{\"@type\":\"SearchAction\",\"target\":{\"@type\":\"EntryPoint\",\"urlTemplate\":\"https:\/\/vintagefrenchfinds.com\/?s={search_term_string}\"},\"query-input\":\"required name=search_term_string\"}],\"inLanguage\":\"en-GB\"}]}<\/script>\n<!-- \/ Yoast SEO plugin. -->","yoast_head_json":{"title":"9 Anciens Torchons \/ Serviettes en Lin \u00e0 Monogramme DR - Vintage French Finds","description":"The best of French vintage delivered to your doorstep direct from France : fashion, furniture, decoration, table art, curiosities, collections and art work.","robots":{"index":"index","follow":"follow","max-snippet":"max-snippet:-1","max-image-preview":"max-image-preview:large","max-video-preview":"max-video-preview:-1"},"canonical":"https:\/\/vintagefrenchfinds.com\/en\/product\/9-anciens-torchons-serviettes-en-lin-a-monogramme-dr\/","og_locale":"en_GB","og_type":"article","og_title":"9 Anciens Torchons \/ Serviettes en Lin \u00e0 Monogramme DR - Vintage French Finds","og_description":"The best of French vintage delivered to your doorstep direct from France : fashion, furniture, decoration, table art, curiosities, collections and art work.","og_url":"https:\/\/vintagefrenchfinds.com\/en\/product\/9-anciens-torchons-serviettes-en-lin-a-monogramme-dr\/","og_site_name":"Vintage French Finds","article_modified_time":"2025-03-17T14:43:27+00:00","og_image":[{"width":786,"height":886,"url":"https:\/\/vintagefrenchfinds.com\/wp-content\/uploads\/2022\/07\/IMG_8969.jpg","type":"image\/jpeg"}],"twitter_card":"summary_large_image","twitter_misc":{"Estimated reading time":"1 minute"},"schema":{"@context":"https:\/\/schema.org","@graph":[{"@type":"WebPage","@id":"https:\/\/vintagefrenchfinds.com\/product\/9-anciens-torchons-serviettes-en-lin-a-monogramme-dr","url":"https:\/\/vintagefrenchfinds.com\/product\/9-anciens-torchons-serviettes-en-lin-a-monogramme-dr","name":"9 Anciens Torchons \/ Serviettes en Lin \u00e0 Monogramme DR - Vintage French Finds","isPartOf":{"@id":"https:\/\/vintagefrenchfinds.com\/#website"},"datePublished":"2022-07-05T13:32:03+00:00","dateModified":"2025-03-17T14:43:27+00:00","description":"The best of French vintage delivered to your doorstep direct from France : fashion, furniture, decoration, table art, curiosities, collections and art work.","breadcrumb":{"@id":"https:\/\/vintagefrenchfinds.com\/product\/9-anciens-torchons-serviettes-en-lin-a-monogramme-dr#breadcrumb"},"inLanguage":"en-GB","potentialAction":[{"@type":"ReadAction","target":["https:\/\/vintagefrenchfinds.com\/product\/9-anciens-torchons-serviettes-en-lin-a-monogramme-dr"]}]},{"@type":"BreadcrumbList","@id":"https:\/\/vintagefrenchfinds.com\/product\/9-anciens-torchons-serviettes-en-lin-a-monogramme-dr#breadcrumb","itemListElement":[{"@type":"ListItem","position":1,"name":"Home","item":"https:\/\/vintagefrenchfinds.com\/"},{"@type":"ListItem","position":2,"name":"BOUTIQUE","item":"https:\/\/vintagefrenchfinds.com\/shop"},{"@type":"ListItem","position":3,"name":"9 Anciens Torchons \/ Serviettes en Lin \u00e0 Monogramme DR"}]},{"@type":"WebSite","@id":"https:\/\/vintagefrenchfinds.com\/#website","url":"https:\/\/vintagefrenchfinds.com\/","name":"Vintage French Finds\u00a0","description":"The best of French vintage delivered to your doorstep direct from France : fashion, furniture, decoration, table art, curiosities, collections and art work.","potentialAction":[{"@type":"SearchAction","target":{"@type":"EntryPoint","urlTemplate":"https:\/\/vintagefrenchfinds.com\/?s={search_term_string}"},"query-input":"required name=search_term_string"}],"inLanguage":"en-GB"}]}},"post_mailing_queue_ids":[],"_links":{"self":[{"href":"https:\/\/vintagefrenchfinds.com\/en\/wp-json\/wp\/v2\/product\/14720"}],"collection":[{"href":"https:\/\/vintagefrenchfinds.com\/en\/wp-json\/wp\/v2\/product"}],"about":[{"href":"https:\/\/vintagefrenchfinds.com\/en\/wp-json\/wp\/v2\/types\/product"}],"wp:featuredmedia":[{"embeddable":true,"href":"https:\/\/vintagefrenchfinds.com\/en\/wp-json\/wp\/v2\/media\/14721"}],"wp:attachment":[{"href":"https:\/\/vintagefrenchfinds.com\/en\/wp-json\/wp\/v2\/media?parent=14720"}],"wp:term":[{"taxonomy":"product_cat","embeddable":true,"href":"https:\/\/vintagefrenchfinds.com\/en\/wp-json\/wp\/v2\/product_cat?post=14720"},{"taxonomy":"product_tag","embeddable":true,"href":"https:\/\/vintagefrenchfinds.com\/en\/wp-json\/wp\/v2\/product_tag?post=14720"}],"curies":[{"name":"wp","href":"https:\/\/api.w.org\/{rel}","templated":true}]}}