{"id":15009,"date":"2022-07-21T14:17:39","date_gmt":"2022-07-21T14:17:39","guid":{"rendered":"https:\/\/vintagefrenchfinds.com\/?post_type=product&#038;p=15009"},"modified":"2025-03-09T14:02:35","modified_gmt":"2025-03-09T14:02:35","slug":"ancien-moulin-a-cafe-en-bois-metal-peugeot-freres-h-203-cm","status":"publish","type":"product","link":"https:\/\/vintagefrenchfinds.com\/en\/product\/ancien-moulin-a-cafe-en-bois-metal-peugeot-freres-h-203-cm","title":{"rendered":"Antique French PEUGEOT FR\u00c8RES Wood &amp; Metal Coffee Grinder"},"content":{"rendered":"<p><span style=\"font-weight: 400;\">Vintage PEUGEOT FR\u00c8RES metal hand-cranked coffee grinder.<\/span><\/p>\n<p><span style=\"font-weight: 400;\">It bears the \"Peugeot fr\u00e8res\" coat of arms.<\/span><\/p>\n<p><span style=\"font-weight: 400;\">Peugeot fr\u00e8res company, managed by Jean Pierre Peugeot's sons, made these cubic grinders famous to the point where they actually came to symbolise coffee grinders in general.\u00a0<\/span><\/p>\n<p><span style=\"font-weight: 400;\">The wooden cubic mills were their most important range of mills. They exist in 56 different models!<\/span><\/p>\n<p><span style=\"font-weight: 400;\">Nothing beats the smell of freshly ground coffee! It will preserve the freshness of its flavours for a quality tasting.<\/br><\/br>This old-fashioned object will also be a lovely decorative element in a roaster's,  grocery shop or a restaurant.<\/span><\/p>\n<p><span style=\"font-weight: 400;\">H 20.3 x D 13.5 x W 13.5 cm<\/span><\/p>","protected":false},"excerpt":{"rendered":"<p>Moulin \u00e0 caf\u00e9 vintage PEUGEOT FR\u00c8RES en bois avec une manivelle en m\u00e9tal. Il est estampill\u00e9 du blason de la marque \u00ab Peugeot fr\u00e8res \u00bb Peugeot fr\u00e8res, dirig\u00e9e par les fils de JP Peugeot, ont donn\u00e9 \u00e0 ces moulins cubiques leur notori\u00e9t\u00e9, qui sont ensuite devenue l\u2019embl\u00e8me du moulin \u00e0 caf\u00e9.\u00a0 Les cubiques en bois [&hellip;]<\/p>\n","protected":false},"featured_media":15010,"template":"","meta":{"site-sidebar-layout":"default","site-content-layout":"default","ast-site-content-layout":"default","site-content-style":"default","site-sidebar-style":"default","ast-global-header-display":"","ast-banner-title-visibility":"","ast-main-header-display":"","ast-hfb-above-header-display":"","ast-hfb-below-header-display":"","ast-hfb-mobile-header-display":"","site-post-title":"","ast-breadcrumbs-content":"","ast-featured-img":"","footer-sml-layout":"","ast-disable-related-posts":"","theme-transparent-header-meta":"default","adv-header-id-meta":"","stick-header-meta":"","header-above-stick-meta":"","header-main-stick-meta":"","header-below-stick-meta":"","astra-migrate-meta-layouts":"default","ast-page-background-enabled":"default","ast-page-background-meta":{"desktop":{"background-color":"var(--ast-global-color-4)","background-image":"","background-repeat":"repeat","background-position":"center center","background-size":"auto","background-attachment":"scroll","background-type":"","background-media":"","overlay-type":"","overlay-color":"","overlay-opacity":"","overlay-gradient":""},"tablet":{"background-color":"","background-image":"","background-repeat":"repeat","background-position":"center center","background-size":"auto","background-attachment":"scroll","background-type":"","background-media":"","overlay-type":"","overlay-color":"","overlay-opacity":"","overlay-gradient":""},"mobile":{"background-color":"","background-image":"","background-repeat":"repeat","background-position":"center center","background-size":"auto","background-attachment":"scroll","background-type":"","background-media":"","overlay-type":"","overlay-color":"","overlay-opacity":"","overlay-gradient":""}},"ast-content-background-meta":{"desktop":{"background-color":"var(--ast-global-color-5)","background-image":"","background-repeat":"repeat","background-position":"center center","background-size":"auto","background-attachment":"scroll","background-type":"","background-media":"","overlay-type":"","overlay-color":"","overlay-opacity":"","overlay-gradient":""},"tablet":{"background-color":"var(--ast-global-color-5)","background-image":"","background-repeat":"repeat","background-position":"center center","background-size":"auto","background-attachment":"scroll","background-type":"","background-media":"","overlay-type":"","overlay-color":"","overlay-opacity":"","overlay-gradient":""},"mobile":{"background-color":"var(--ast-global-color-5)","background-image":"","background-repeat":"repeat","background-position":"center center","background-size":"auto","background-attachment":"scroll","background-type":"","background-media":"","overlay-type":"","overlay-color":"","overlay-opacity":"","overlay-gradient":""}}},"product_cat":[3560,3565],"product_tag":[1197,1115,1326,2210,1920,1518,2400,2208,2213,1011],"yoast_head":"<!-- This site is optimized with the Yoast SEO plugin v20.8 - https:\/\/yoast.com\/wordpress\/plugins\/seo\/ -->\n<title>Ancien Moulin \u00e0 Caf\u00e9 en Bois &amp; M\u00e9tal PEUGEOT FRERES H 20,3 cm - Vintage French Finds<\/title>\n<meta name=\"description\" content=\"The best of French vintage delivered to your doorstep direct from France : fashion, furniture, decoration, table art, curiosities, collections and art work.\" \/>\n<meta name=\"robots\" content=\"index, follow, max-snippet:-1, max-image-preview:large, max-video-preview:-1\" \/>\n<link rel=\"canonical\" href=\"https:\/\/vintagefrenchfinds.com\/en\/product\/ancien-moulin-a-cafe-en-bois-metal-peugeot-freres-h-203-cm\/\" \/>\n<meta property=\"og:locale\" content=\"en_GB\" \/>\n<meta property=\"og:type\" content=\"article\" \/>\n<meta property=\"og:title\" content=\"Ancien Moulin \u00e0 Caf\u00e9 en Bois &amp; M\u00e9tal PEUGEOT FRERES H 20,3 cm - Vintage French Finds\" \/>\n<meta property=\"og:description\" content=\"The best of French vintage delivered to your doorstep direct from France : fashion, furniture, decoration, table art, curiosities, collections and art work.\" \/>\n<meta property=\"og:url\" content=\"https:\/\/vintagefrenchfinds.com\/en\/product\/ancien-moulin-a-cafe-en-bois-metal-peugeot-freres-h-203-cm\/\" \/>\n<meta property=\"og:site_name\" content=\"Vintage French Finds\" \/>\n<meta property=\"article:modified_time\" content=\"2025-03-09T14:02:35+00:00\" \/>\n<meta property=\"og:image\" content=\"https:\/\/vintagefrenchfinds.com\/wp-content\/uploads\/2022\/07\/DSCN5447.jpg\" \/>\n\t<meta property=\"og:image:width\" content=\"886\" \/>\n\t<meta property=\"og:image:height\" content=\"824\" \/>\n\t<meta property=\"og:image:type\" content=\"image\/jpeg\" \/>\n<meta name=\"twitter:card\" content=\"summary_large_image\" \/>\n<meta name=\"twitter:label1\" content=\"Estimated reading time\" \/>\n\t<meta name=\"twitter:data1\" content=\"1 minute\" \/>\n<script type=\"application\/ld+json\" class=\"yoast-schema-graph\">{\"@context\":\"https:\/\/schema.org\",\"@graph\":[{\"@type\":\"WebPage\",\"@id\":\"https:\/\/vintagefrenchfinds.com\/product\/ancien-moulin-a-cafe-en-bois-metal-peugeot-freres-h-203-cm\",\"url\":\"https:\/\/vintagefrenchfinds.com\/product\/ancien-moulin-a-cafe-en-bois-metal-peugeot-freres-h-203-cm\",\"name\":\"Ancien Moulin \u00e0 Caf\u00e9 en Bois & M\u00e9tal PEUGEOT FRERES H 20,3 cm - Vintage French Finds\",\"isPartOf\":{\"@id\":\"https:\/\/vintagefrenchfinds.com\/#website\"},\"datePublished\":\"2022-07-21T14:17:39+00:00\",\"dateModified\":\"2025-03-09T14:02:35+00:00\",\"description\":\"The best of French vintage delivered to your doorstep direct from France : fashion, furniture, decoration, table art, curiosities, collections and art work.\",\"breadcrumb\":{\"@id\":\"https:\/\/vintagefrenchfinds.com\/product\/ancien-moulin-a-cafe-en-bois-metal-peugeot-freres-h-203-cm#breadcrumb\"},\"inLanguage\":\"en-GB\",\"potentialAction\":[{\"@type\":\"ReadAction\",\"target\":[\"https:\/\/vintagefrenchfinds.com\/product\/ancien-moulin-a-cafe-en-bois-metal-peugeot-freres-h-203-cm\"]}]},{\"@type\":\"BreadcrumbList\",\"@id\":\"https:\/\/vintagefrenchfinds.com\/product\/ancien-moulin-a-cafe-en-bois-metal-peugeot-freres-h-203-cm#breadcrumb\",\"itemListElement\":[{\"@type\":\"ListItem\",\"position\":1,\"name\":\"Home\",\"item\":\"https:\/\/vintagefrenchfinds.com\/\"},{\"@type\":\"ListItem\",\"position\":2,\"name\":\"BOUTIQUE\",\"item\":\"https:\/\/vintagefrenchfinds.com\/shop\"},{\"@type\":\"ListItem\",\"position\":3,\"name\":\"Ancien Moulin \u00e0 Caf\u00e9 en Bois &#038; M\u00e9tal PEUGEOT FRERES H 20,3 cm\"}]},{\"@type\":\"WebSite\",\"@id\":\"https:\/\/vintagefrenchfinds.com\/#website\",\"url\":\"https:\/\/vintagefrenchfinds.com\/\",\"name\":\"Vintage French Finds\",\"description\":\"The best of French vintage delivered to your doorstep direct from France : fashion, furniture, decoration, table art, curiosities, collections and art work.\",\"potentialAction\":[{\"@type\":\"SearchAction\",\"target\":{\"@type\":\"EntryPoint\",\"urlTemplate\":\"https:\/\/vintagefrenchfinds.com\/?s={search_term_string}\"},\"query-input\":\"required name=search_term_string\"}],\"inLanguage\":\"en-GB\"}]}<\/script>\n<!-- \/ Yoast SEO plugin. -->","yoast_head_json":{"title":"Ancien Moulin \u00e0 Caf\u00e9 en Bois & M\u00e9tal PEUGEOT FRERES H 20,3 cm - Vintage French Finds","description":"The best of French vintage delivered to your doorstep direct from France : fashion, furniture, decoration, table art, curiosities, collections and art work.","robots":{"index":"index","follow":"follow","max-snippet":"max-snippet:-1","max-image-preview":"max-image-preview:large","max-video-preview":"max-video-preview:-1"},"canonical":"https:\/\/vintagefrenchfinds.com\/en\/product\/ancien-moulin-a-cafe-en-bois-metal-peugeot-freres-h-203-cm\/","og_locale":"en_GB","og_type":"article","og_title":"Ancien Moulin \u00e0 Caf\u00e9 en Bois & M\u00e9tal PEUGEOT FRERES H 20,3 cm - Vintage French Finds","og_description":"The best of French vintage delivered to your doorstep direct from France : fashion, furniture, decoration, table art, curiosities, collections and art work.","og_url":"https:\/\/vintagefrenchfinds.com\/en\/product\/ancien-moulin-a-cafe-en-bois-metal-peugeot-freres-h-203-cm\/","og_site_name":"Vintage French Finds","article_modified_time":"2025-03-09T14:02:35+00:00","og_image":[{"width":886,"height":824,"url":"https:\/\/vintagefrenchfinds.com\/wp-content\/uploads\/2022\/07\/DSCN5447.jpg","type":"image\/jpeg"}],"twitter_card":"summary_large_image","twitter_misc":{"Estimated reading time":"1 minute"},"schema":{"@context":"https:\/\/schema.org","@graph":[{"@type":"WebPage","@id":"https:\/\/vintagefrenchfinds.com\/product\/ancien-moulin-a-cafe-en-bois-metal-peugeot-freres-h-203-cm","url":"https:\/\/vintagefrenchfinds.com\/product\/ancien-moulin-a-cafe-en-bois-metal-peugeot-freres-h-203-cm","name":"Ancien Moulin \u00e0 Caf\u00e9 en Bois & M\u00e9tal PEUGEOT FRERES H 20,3 cm - Vintage French Finds","isPartOf":{"@id":"https:\/\/vintagefrenchfinds.com\/#website"},"datePublished":"2022-07-21T14:17:39+00:00","dateModified":"2025-03-09T14:02:35+00:00","description":"The best of French vintage delivered to your doorstep direct from France : fashion, furniture, decoration, table art, curiosities, collections and art work.","breadcrumb":{"@id":"https:\/\/vintagefrenchfinds.com\/product\/ancien-moulin-a-cafe-en-bois-metal-peugeot-freres-h-203-cm#breadcrumb"},"inLanguage":"en-GB","potentialAction":[{"@type":"ReadAction","target":["https:\/\/vintagefrenchfinds.com\/product\/ancien-moulin-a-cafe-en-bois-metal-peugeot-freres-h-203-cm"]}]},{"@type":"BreadcrumbList","@id":"https:\/\/vintagefrenchfinds.com\/product\/ancien-moulin-a-cafe-en-bois-metal-peugeot-freres-h-203-cm#breadcrumb","itemListElement":[{"@type":"ListItem","position":1,"name":"Home","item":"https:\/\/vintagefrenchfinds.com\/"},{"@type":"ListItem","position":2,"name":"BOUTIQUE","item":"https:\/\/vintagefrenchfinds.com\/shop"},{"@type":"ListItem","position":3,"name":"Ancien Moulin \u00e0 Caf\u00e9 en Bois &#038; M\u00e9tal PEUGEOT FRERES H 20,3 cm"}]},{"@type":"WebSite","@id":"https:\/\/vintagefrenchfinds.com\/#website","url":"https:\/\/vintagefrenchfinds.com\/","name":"Vintage French Finds\u00a0","description":"The best of French vintage delivered to your doorstep direct from France : fashion, furniture, decoration, table art, curiosities, collections and art work.","potentialAction":[{"@type":"SearchAction","target":{"@type":"EntryPoint","urlTemplate":"https:\/\/vintagefrenchfinds.com\/?s={search_term_string}"},"query-input":"required name=search_term_string"}],"inLanguage":"en-GB"}]}},"post_mailing_queue_ids":[],"_links":{"self":[{"href":"https:\/\/vintagefrenchfinds.com\/en\/wp-json\/wp\/v2\/product\/15009"}],"collection":[{"href":"https:\/\/vintagefrenchfinds.com\/en\/wp-json\/wp\/v2\/product"}],"about":[{"href":"https:\/\/vintagefrenchfinds.com\/en\/wp-json\/wp\/v2\/types\/product"}],"wp:featuredmedia":[{"embeddable":true,"href":"https:\/\/vintagefrenchfinds.com\/en\/wp-json\/wp\/v2\/media\/15010"}],"wp:attachment":[{"href":"https:\/\/vintagefrenchfinds.com\/en\/wp-json\/wp\/v2\/media?parent=15009"}],"wp:term":[{"taxonomy":"product_cat","embeddable":true,"href":"https:\/\/vintagefrenchfinds.com\/en\/wp-json\/wp\/v2\/product_cat?post=15009"},{"taxonomy":"product_tag","embeddable":true,"href":"https:\/\/vintagefrenchfinds.com\/en\/wp-json\/wp\/v2\/product_tag?post=15009"}],"curies":[{"name":"wp","href":"https:\/\/api.w.org\/{rel}","templated":true}]}}