{"id":15269,"date":"2022-08-13T10:57:31","date_gmt":"2022-08-13T10:57:31","guid":{"rendered":"https:\/\/vintagefrenchfinds.com\/?post_type=product&#038;p=15269"},"modified":"2025-03-17T16:21:35","modified_gmt":"2025-03-17T16:21:35","slug":"8-anciens-couteaux-a-diner-bakelite-inox","status":"publish","type":"product","link":"https:\/\/vintagefrenchfinds.com\/en\/product\/8-anciens-couteaux-a-diner-bakelite-inox","title":{"rendered":"8 Antique French Bakelite \/ Stainless Steel Dinner Knives"},"content":{"rendered":"<p><span style=\"font-weight: 400;\">Set of 8 vintage dinner knives featuring :<\/span><\/p>\n<p><span style=\"font-weight: 400;\">- an off-white bakelite (or horn) handle<\/span><\/p>\n<p><span style=\"font-weight: 400;\">- a stainless steel blade (with normal signs of use)<\/span><\/p>\n<p><span style=\"font-weight: 400;\">Stamped on the blades: \"CAT Thiers Inox France\".<\/span><\/p>\n<p><span style=\"font-weight: 400;\">La\u00a0coutellerie de Thiers\u00a0est une sp\u00e9cialit\u00e9 de savoir-faire \u00e9labor\u00e9e dans la r\u00e9gion de\u00a0Thiers\u00a0\u00e0 l&rsquo;est du d\u00e9partement du\u00a0Puy-de-D\u00f4me\u00a0et en r\u00e9gion\u00a0Auvergne-Rh\u00f4ne-Alpes. Cette technique doit une partie de son existence \u00e0 la pr\u00e9sence de la\u00a0Durolle\u00a0et des for\u00eats aux alentours de la ville.<\/span><\/p>\n<p><span style=\"font-weight: 400;\">The knives are functional and will also make a nice gift for retro table art lovers.<\/span><\/p>\n<p><span style=\"font-weight: 400;\">LO 22,7 cm<\/span><\/p>","protected":false},"excerpt":{"rendered":"<p>Ensemble de 8 couteaux \u00e0 diner vintage compos\u00e9s de : \u2013 un manche en bak\u00e9lite (ou corne) de couleur blanc cass\u00e9 \u2013 une lame en acier inoxydable (avec marques normales d\u2019usure) Il est estampill\u00e9 sur les lames : \u201cCAT Thiers Inox France\u201d La\u00a0coutellerie de Thiers\u00a0est une sp\u00e9cialit\u00e9 de savoir-faire \u00e9labor\u00e9e dans la r\u00e9gion de\u00a0Thiers\u00a0\u00e0 l&rsquo;est [&hellip;]<\/p>\n","protected":false},"featured_media":15270,"template":"","meta":{"site-sidebar-layout":"default","site-content-layout":"default","ast-site-content-layout":"default","site-content-style":"default","site-sidebar-style":"default","ast-global-header-display":"","ast-banner-title-visibility":"","ast-main-header-display":"","ast-hfb-above-header-display":"","ast-hfb-below-header-display":"","ast-hfb-mobile-header-display":"","site-post-title":"","ast-breadcrumbs-content":"","ast-featured-img":"","footer-sml-layout":"","ast-disable-related-posts":"","theme-transparent-header-meta":"default","adv-header-id-meta":"","stick-header-meta":"","header-above-stick-meta":"","header-main-stick-meta":"","header-below-stick-meta":"","astra-migrate-meta-layouts":"default","ast-page-background-enabled":"default","ast-page-background-meta":{"desktop":{"background-color":"var(--ast-global-color-4)","background-image":"","background-repeat":"repeat","background-position":"center center","background-size":"auto","background-attachment":"scroll","background-type":"","background-media":"","overlay-type":"","overlay-color":"","overlay-opacity":"","overlay-gradient":""},"tablet":{"background-color":"","background-image":"","background-repeat":"repeat","background-position":"center center","background-size":"auto","background-attachment":"scroll","background-type":"","background-media":"","overlay-type":"","overlay-color":"","overlay-opacity":"","overlay-gradient":""},"mobile":{"background-color":"","background-image":"","background-repeat":"repeat","background-position":"center center","background-size":"auto","background-attachment":"scroll","background-type":"","background-media":"","overlay-type":"","overlay-color":"","overlay-opacity":"","overlay-gradient":""}},"ast-content-background-meta":{"desktop":{"background-color":"var(--ast-global-color-5)","background-image":"","background-repeat":"repeat","background-position":"center center","background-size":"auto","background-attachment":"scroll","background-type":"","background-media":"","overlay-type":"","overlay-color":"","overlay-opacity":"","overlay-gradient":""},"tablet":{"background-color":"var(--ast-global-color-5)","background-image":"","background-repeat":"repeat","background-position":"center center","background-size":"auto","background-attachment":"scroll","background-type":"","background-media":"","overlay-type":"","overlay-color":"","overlay-opacity":"","overlay-gradient":""},"mobile":{"background-color":"var(--ast-global-color-5)","background-image":"","background-repeat":"repeat","background-position":"center center","background-size":"auto","background-attachment":"scroll","background-type":"","background-media":"","overlay-type":"","overlay-color":"","overlay-opacity":"","overlay-gradient":""}}},"product_cat":[3542,3558],"product_tag":[2455,1197,1115,1130,1578,1878,1920,1337,1011],"yoast_head":"<!-- This site is optimized with the Yoast SEO plugin v20.8 - https:\/\/yoast.com\/wordpress\/plugins\/seo\/ -->\n<title>8 Anciens Couteaux \u00e0 D\u00eener Bakelite \/ Inox - Vintage French Finds<\/title>\n<meta name=\"description\" content=\"The best of French vintage delivered to your doorstep direct from France : fashion, furniture, decoration, table art, curiosities, collections and art work.\" \/>\n<meta name=\"robots\" content=\"index, follow, max-snippet:-1, max-image-preview:large, max-video-preview:-1\" \/>\n<link rel=\"canonical\" href=\"https:\/\/vintagefrenchfinds.com\/en\/product\/8-anciens-couteaux-a-diner-bakelite-inox\/\" \/>\n<meta property=\"og:locale\" content=\"en_GB\" \/>\n<meta property=\"og:type\" content=\"article\" \/>\n<meta property=\"og:title\" content=\"8 Anciens Couteaux \u00e0 D\u00eener Bakelite \/ Inox - Vintage French Finds\" \/>\n<meta property=\"og:description\" content=\"The best of French vintage delivered to your doorstep direct from France : fashion, furniture, decoration, table art, curiosities, collections and art work.\" \/>\n<meta property=\"og:url\" content=\"https:\/\/vintagefrenchfinds.com\/en\/product\/8-anciens-couteaux-a-diner-bakelite-inox\/\" \/>\n<meta property=\"og:site_name\" content=\"Vintage French Finds\" \/>\n<meta property=\"article:modified_time\" content=\"2025-03-17T16:21:35+00:00\" \/>\n<meta property=\"og:image\" content=\"https:\/\/vintagefrenchfinds.com\/wp-content\/uploads\/2022\/08\/DSCN5642.jpg\" \/>\n\t<meta property=\"og:image:width\" content=\"886\" \/>\n\t<meta property=\"og:image:height\" content=\"612\" \/>\n\t<meta property=\"og:image:type\" content=\"image\/jpeg\" \/>\n<meta name=\"twitter:card\" content=\"summary_large_image\" \/>\n<meta name=\"twitter:label1\" content=\"Estimated reading time\" \/>\n\t<meta name=\"twitter:data1\" content=\"1 minute\" \/>\n<script type=\"application\/ld+json\" class=\"yoast-schema-graph\">{\"@context\":\"https:\/\/schema.org\",\"@graph\":[{\"@type\":\"WebPage\",\"@id\":\"https:\/\/vintagefrenchfinds.com\/product\/8-anciens-couteaux-a-diner-bakelite-inox\",\"url\":\"https:\/\/vintagefrenchfinds.com\/product\/8-anciens-couteaux-a-diner-bakelite-inox\",\"name\":\"8 Anciens Couteaux \u00e0 D\u00eener Bakelite \/ Inox - Vintage French Finds\",\"isPartOf\":{\"@id\":\"https:\/\/vintagefrenchfinds.com\/#website\"},\"datePublished\":\"2022-08-13T10:57:31+00:00\",\"dateModified\":\"2025-03-17T16:21:35+00:00\",\"description\":\"The best of French vintage delivered to your doorstep direct from France : fashion, furniture, decoration, table art, curiosities, collections and art work.\",\"breadcrumb\":{\"@id\":\"https:\/\/vintagefrenchfinds.com\/product\/8-anciens-couteaux-a-diner-bakelite-inox#breadcrumb\"},\"inLanguage\":\"en-GB\",\"potentialAction\":[{\"@type\":\"ReadAction\",\"target\":[\"https:\/\/vintagefrenchfinds.com\/product\/8-anciens-couteaux-a-diner-bakelite-inox\"]}]},{\"@type\":\"BreadcrumbList\",\"@id\":\"https:\/\/vintagefrenchfinds.com\/product\/8-anciens-couteaux-a-diner-bakelite-inox#breadcrumb\",\"itemListElement\":[{\"@type\":\"ListItem\",\"position\":1,\"name\":\"Home\",\"item\":\"https:\/\/vintagefrenchfinds.com\/\"},{\"@type\":\"ListItem\",\"position\":2,\"name\":\"BOUTIQUE\",\"item\":\"https:\/\/vintagefrenchfinds.com\/shop\"},{\"@type\":\"ListItem\",\"position\":3,\"name\":\"8 Anciens Couteaux \u00e0 D\u00eener Bakelite \/ Inox\"}]},{\"@type\":\"WebSite\",\"@id\":\"https:\/\/vintagefrenchfinds.com\/#website\",\"url\":\"https:\/\/vintagefrenchfinds.com\/\",\"name\":\"Vintage French Finds\",\"description\":\"The best of French vintage delivered to your doorstep direct from France : fashion, furniture, decoration, table art, curiosities, collections and art work.\",\"potentialAction\":[{\"@type\":\"SearchAction\",\"target\":{\"@type\":\"EntryPoint\",\"urlTemplate\":\"https:\/\/vintagefrenchfinds.com\/?s={search_term_string}\"},\"query-input\":\"required name=search_term_string\"}],\"inLanguage\":\"en-GB\"}]}<\/script>\n<!-- \/ Yoast SEO plugin. -->","yoast_head_json":{"title":"8 Anciens Couteaux \u00e0 D\u00eener Bakelite \/ Inox - Vintage French Finds","description":"The best of French vintage delivered to your doorstep direct from France : fashion, furniture, decoration, table art, curiosities, collections and art work.","robots":{"index":"index","follow":"follow","max-snippet":"max-snippet:-1","max-image-preview":"max-image-preview:large","max-video-preview":"max-video-preview:-1"},"canonical":"https:\/\/vintagefrenchfinds.com\/en\/product\/8-anciens-couteaux-a-diner-bakelite-inox\/","og_locale":"en_GB","og_type":"article","og_title":"8 Anciens Couteaux \u00e0 D\u00eener Bakelite \/ Inox - Vintage French Finds","og_description":"The best of French vintage delivered to your doorstep direct from France : fashion, furniture, decoration, table art, curiosities, collections and art work.","og_url":"https:\/\/vintagefrenchfinds.com\/en\/product\/8-anciens-couteaux-a-diner-bakelite-inox\/","og_site_name":"Vintage French Finds","article_modified_time":"2025-03-17T16:21:35+00:00","og_image":[{"width":886,"height":612,"url":"https:\/\/vintagefrenchfinds.com\/wp-content\/uploads\/2022\/08\/DSCN5642.jpg","type":"image\/jpeg"}],"twitter_card":"summary_large_image","twitter_misc":{"Estimated reading time":"1 minute"},"schema":{"@context":"https:\/\/schema.org","@graph":[{"@type":"WebPage","@id":"https:\/\/vintagefrenchfinds.com\/product\/8-anciens-couteaux-a-diner-bakelite-inox","url":"https:\/\/vintagefrenchfinds.com\/product\/8-anciens-couteaux-a-diner-bakelite-inox","name":"8 Anciens Couteaux \u00e0 D\u00eener Bakelite \/ Inox - Vintage French Finds","isPartOf":{"@id":"https:\/\/vintagefrenchfinds.com\/#website"},"datePublished":"2022-08-13T10:57:31+00:00","dateModified":"2025-03-17T16:21:35+00:00","description":"The best of French vintage delivered to your doorstep direct from France : fashion, furniture, decoration, table art, curiosities, collections and art work.","breadcrumb":{"@id":"https:\/\/vintagefrenchfinds.com\/product\/8-anciens-couteaux-a-diner-bakelite-inox#breadcrumb"},"inLanguage":"en-GB","potentialAction":[{"@type":"ReadAction","target":["https:\/\/vintagefrenchfinds.com\/product\/8-anciens-couteaux-a-diner-bakelite-inox"]}]},{"@type":"BreadcrumbList","@id":"https:\/\/vintagefrenchfinds.com\/product\/8-anciens-couteaux-a-diner-bakelite-inox#breadcrumb","itemListElement":[{"@type":"ListItem","position":1,"name":"Home","item":"https:\/\/vintagefrenchfinds.com\/"},{"@type":"ListItem","position":2,"name":"BOUTIQUE","item":"https:\/\/vintagefrenchfinds.com\/shop"},{"@type":"ListItem","position":3,"name":"8 Anciens Couteaux \u00e0 D\u00eener Bakelite \/ Inox"}]},{"@type":"WebSite","@id":"https:\/\/vintagefrenchfinds.com\/#website","url":"https:\/\/vintagefrenchfinds.com\/","name":"Vintage French Finds\u00a0","description":"The best of French vintage delivered to your doorstep direct from France : fashion, furniture, decoration, table art, curiosities, collections and art work.","potentialAction":[{"@type":"SearchAction","target":{"@type":"EntryPoint","urlTemplate":"https:\/\/vintagefrenchfinds.com\/?s={search_term_string}"},"query-input":"required name=search_term_string"}],"inLanguage":"en-GB"}]}},"post_mailing_queue_ids":[],"_links":{"self":[{"href":"https:\/\/vintagefrenchfinds.com\/en\/wp-json\/wp\/v2\/product\/15269"}],"collection":[{"href":"https:\/\/vintagefrenchfinds.com\/en\/wp-json\/wp\/v2\/product"}],"about":[{"href":"https:\/\/vintagefrenchfinds.com\/en\/wp-json\/wp\/v2\/types\/product"}],"wp:featuredmedia":[{"embeddable":true,"href":"https:\/\/vintagefrenchfinds.com\/en\/wp-json\/wp\/v2\/media\/15270"}],"wp:attachment":[{"href":"https:\/\/vintagefrenchfinds.com\/en\/wp-json\/wp\/v2\/media?parent=15269"}],"wp:term":[{"taxonomy":"product_cat","embeddable":true,"href":"https:\/\/vintagefrenchfinds.com\/en\/wp-json\/wp\/v2\/product_cat?post=15269"},{"taxonomy":"product_tag","embeddable":true,"href":"https:\/\/vintagefrenchfinds.com\/en\/wp-json\/wp\/v2\/product_tag?post=15269"}],"curies":[{"name":"wp","href":"https:\/\/api.w.org\/{rel}","templated":true}]}}