{"id":15465,"date":"2022-08-17T10:12:03","date_gmt":"2022-08-17T10:12:03","guid":{"rendered":"https:\/\/vintagefrenchfinds.com\/?post_type=product&#038;p=15465"},"modified":"2026-03-23T14:17:46","modified_gmt":"2026-03-23T14:17:46","slug":"ancienne-soupiere-en-ceramique-badonviller-oiseaux","status":"publish","type":"product","link":"https:\/\/vintagefrenchfinds.com\/en\/product\/ancienne-soupiere-en-ceramique-badonviller-oiseaux","title":{"rendered":"Antique French BADONVILLERMCeramic Soup Tureen \u2013 Bird Motif"},"content":{"rendered":"<p><span data-sheets-value=\"{&quot;1&quot;:2,&quot;2&quot;:&quot;Soupi\u00e8re ou l\u00e9gumier vintage en fa\u00efence blanche avec un pourtour vert menthe et un liser\u00e9 dor\u00e9, d\u00e9cor\u00e9 de 2 oiseaux sur des branches en fleurs.\\nLa manufacture de Badonviller fut fond\u00e9e par Th\u00e9ophile Fenal en Meurthe-et-Moselle dans le 19eme si\u00e8cle. Au sommet de sa gloire, l\u2019usine comptait jusqu\u2019\u00e0 1000 salari\u00e9s. La famille Fenal rach\u00e8te au XX si\u00e8cle les fa\u00efenceries de Lun\u00e9ville et de St Cl\u00e9ment. Apr\u00e8s plusieurs fusions et changements, le groupe Fenal s\u2019ajouta dans le groupe \u201cterre d\u2019Est : Fa\u00efence et crystal de France\u201d\\nBon \u00e9tat\\nD 26 x H 7 cm&quot;}\" data-sheets-userformat=\"{&quot;2&quot;:15229,&quot;3&quot;:{&quot;1&quot;:0},&quot;5&quot;:{&quot;1&quot;:[{&quot;1&quot;:2,&quot;2&quot;:0,&quot;5&quot;:{&quot;1&quot;:2,&quot;2&quot;:0}},{&quot;1&quot;:0,&quot;2&quot;:0,&quot;3&quot;:3},{&quot;1&quot;:1,&quot;2&quot;:0,&quot;4&quot;:1}]},&quot;6&quot;:{&quot;1&quot;:[{&quot;1&quot;:2,&quot;2&quot;:0,&quot;5&quot;:{&quot;1&quot;:2,&quot;2&quot;:0}},{&quot;1&quot;:0,&quot;2&quot;:0,&quot;3&quot;:3},{&quot;1&quot;:1,&quot;2&quot;:0,&quot;4&quot;:1}]},&quot;7&quot;:{&quot;1&quot;:[{&quot;1&quot;:2,&quot;2&quot;:0,&quot;5&quot;:{&quot;1&quot;:2,&quot;2&quot;:0}},{&quot;1&quot;:0,&quot;2&quot;:0,&quot;3&quot;:3},{&quot;1&quot;:1,&quot;2&quot;:0,&quot;4&quot;:1}]},&quot;8&quot;:{&quot;1&quot;:[{&quot;1&quot;:2,&quot;2&quot;:0,&quot;5&quot;:{&quot;1&quot;:2,&quot;2&quot;:0}},{&quot;1&quot;:0,&quot;2&quot;:0,&quot;3&quot;:3},{&quot;1&quot;:1,&quot;2&quot;:0,&quot;4&quot;:1}]},&quot;9&quot;:1,&quot;11&quot;:4,&quot;12&quot;:0,&quot;14&quot;:{&quot;1&quot;:3,&quot;3&quot;:1},&quot;15&quot;:&quot;Calibri&quot;,&quot;16&quot;:14}\">Soupi\u00e8re ou l\u00e9gumier vintage en fa\u00efence blanche avec un pourtour vert menthe et un liser\u00e9 dor\u00e9, d\u00e9cor\u00e9 de 2 oiseaux sur des branches en fleurs.<\/span><\/p>\n<p><span data-sheets-value=\"{&quot;1&quot;:2,&quot;2&quot;:&quot;Soupi\u00e8re ou l\u00e9gumier vintage en fa\u00efence blanche avec un pourtour vert menthe et un liser\u00e9 dor\u00e9, d\u00e9cor\u00e9 de 2 oiseaux sur des branches en fleurs.\\nLa manufacture de Badonviller fut fond\u00e9e par Th\u00e9ophile Fenal en Meurthe-et-Moselle dans le 19eme si\u00e8cle. Au sommet de sa gloire, l\u2019usine comptait jusqu\u2019\u00e0 1000 salari\u00e9s. La famille Fenal rach\u00e8te au XX si\u00e8cle les fa\u00efenceries de Lun\u00e9ville et de St Cl\u00e9ment. Apr\u00e8s plusieurs fusions et changements, le groupe Fenal s\u2019ajouta dans le groupe \u201cterre d\u2019Est : Fa\u00efence et crystal de France\u201d\\nBon \u00e9tat\\nD 26 x H 7 cm&quot;}\" data-sheets-userformat=\"{&quot;2&quot;:15229,&quot;3&quot;:{&quot;1&quot;:0},&quot;5&quot;:{&quot;1&quot;:[{&quot;1&quot;:2,&quot;2&quot;:0,&quot;5&quot;:{&quot;1&quot;:2,&quot;2&quot;:0}},{&quot;1&quot;:0,&quot;2&quot;:0,&quot;3&quot;:3},{&quot;1&quot;:1,&quot;2&quot;:0,&quot;4&quot;:1}]},&quot;6&quot;:{&quot;1&quot;:[{&quot;1&quot;:2,&quot;2&quot;:0,&quot;5&quot;:{&quot;1&quot;:2,&quot;2&quot;:0}},{&quot;1&quot;:0,&quot;2&quot;:0,&quot;3&quot;:3},{&quot;1&quot;:1,&quot;2&quot;:0,&quot;4&quot;:1}]},&quot;7&quot;:{&quot;1&quot;:[{&quot;1&quot;:2,&quot;2&quot;:0,&quot;5&quot;:{&quot;1&quot;:2,&quot;2&quot;:0}},{&quot;1&quot;:0,&quot;2&quot;:0,&quot;3&quot;:3},{&quot;1&quot;:1,&quot;2&quot;:0,&quot;4&quot;:1}]},&quot;8&quot;:{&quot;1&quot;:[{&quot;1&quot;:2,&quot;2&quot;:0,&quot;5&quot;:{&quot;1&quot;:2,&quot;2&quot;:0}},{&quot;1&quot;:0,&quot;2&quot;:0,&quot;3&quot;:3},{&quot;1&quot;:1,&quot;2&quot;:0,&quot;4&quot;:1}]},&quot;9&quot;:1,&quot;11&quot;:4,&quot;12&quot;:0,&quot;14&quot;:{&quot;1&quot;:3,&quot;3&quot;:1},&quot;15&quot;:&quot;Calibri&quot;,&quot;16&quot;:14}\">La manufacture de Badonviller fut fond\u00e9e par Th\u00e9ophile Fenal en Meurthe-et-Moselle dans le 19eme si\u00e8cle. Au sommet de sa gloire, l\u2019usine comptait jusqu\u2019\u00e0 1000 salari\u00e9s. <\/span><\/p>\n<p><span data-sheets-value=\"{&quot;1&quot;:2,&quot;2&quot;:&quot;Soupi\u00e8re ou l\u00e9gumier vintage en fa\u00efence blanche avec un pourtour vert menthe et un liser\u00e9 dor\u00e9, d\u00e9cor\u00e9 de 2 oiseaux sur des branches en fleurs.\\nLa manufacture de Badonviller fut fond\u00e9e par Th\u00e9ophile Fenal en Meurthe-et-Moselle dans le 19eme si\u00e8cle. Au sommet de sa gloire, l\u2019usine comptait jusqu\u2019\u00e0 1000 salari\u00e9s. La famille Fenal rach\u00e8te au XX si\u00e8cle les fa\u00efenceries de Lun\u00e9ville et de St Cl\u00e9ment. Apr\u00e8s plusieurs fusions et changements, le groupe Fenal s\u2019ajouta dans le groupe \u201cterre d\u2019Est : Fa\u00efence et crystal de France\u201d\\nBon \u00e9tat\\nD 26 x H 7 cm&quot;}\" data-sheets-userformat=\"{&quot;2&quot;:15229,&quot;3&quot;:{&quot;1&quot;:0},&quot;5&quot;:{&quot;1&quot;:[{&quot;1&quot;:2,&quot;2&quot;:0,&quot;5&quot;:{&quot;1&quot;:2,&quot;2&quot;:0}},{&quot;1&quot;:0,&quot;2&quot;:0,&quot;3&quot;:3},{&quot;1&quot;:1,&quot;2&quot;:0,&quot;4&quot;:1}]},&quot;6&quot;:{&quot;1&quot;:[{&quot;1&quot;:2,&quot;2&quot;:0,&quot;5&quot;:{&quot;1&quot;:2,&quot;2&quot;:0}},{&quot;1&quot;:0,&quot;2&quot;:0,&quot;3&quot;:3},{&quot;1&quot;:1,&quot;2&quot;:0,&quot;4&quot;:1}]},&quot;7&quot;:{&quot;1&quot;:[{&quot;1&quot;:2,&quot;2&quot;:0,&quot;5&quot;:{&quot;1&quot;:2,&quot;2&quot;:0}},{&quot;1&quot;:0,&quot;2&quot;:0,&quot;3&quot;:3},{&quot;1&quot;:1,&quot;2&quot;:0,&quot;4&quot;:1}]},&quot;8&quot;:{&quot;1&quot;:[{&quot;1&quot;:2,&quot;2&quot;:0,&quot;5&quot;:{&quot;1&quot;:2,&quot;2&quot;:0}},{&quot;1&quot;:0,&quot;2&quot;:0,&quot;3&quot;:3},{&quot;1&quot;:1,&quot;2&quot;:0,&quot;4&quot;:1}]},&quot;9&quot;:1,&quot;11&quot;:4,&quot;12&quot;:0,&quot;14&quot;:{&quot;1&quot;:3,&quot;3&quot;:1},&quot;15&quot;:&quot;Calibri&quot;,&quot;16&quot;:14}\">La famille Fenal rach\u00e8te au XX si\u00e8cle les fa\u00efenceries de Lun\u00e9ville et de St Cl\u00e9ment. <\/span><\/p>\n<p><span data-sheets-value=\"{&quot;1&quot;:2,&quot;2&quot;:&quot;Soupi\u00e8re ou l\u00e9gumier vintage en fa\u00efence blanche avec un pourtour vert menthe et un liser\u00e9 dor\u00e9, d\u00e9cor\u00e9 de 2 oiseaux sur des branches en fleurs.\\nLa manufacture de Badonviller fut fond\u00e9e par Th\u00e9ophile Fenal en Meurthe-et-Moselle dans le 19eme si\u00e8cle. Au sommet de sa gloire, l\u2019usine comptait jusqu\u2019\u00e0 1000 salari\u00e9s. La famille Fenal rach\u00e8te au XX si\u00e8cle les fa\u00efenceries de Lun\u00e9ville et de St Cl\u00e9ment. Apr\u00e8s plusieurs fusions et changements, le groupe Fenal s\u2019ajouta dans le groupe \u201cterre d\u2019Est : Fa\u00efence et crystal de France\u201d\\nBon \u00e9tat\\nD 26 x H 7 cm&quot;}\" data-sheets-userformat=\"{&quot;2&quot;:15229,&quot;3&quot;:{&quot;1&quot;:0},&quot;5&quot;:{&quot;1&quot;:[{&quot;1&quot;:2,&quot;2&quot;:0,&quot;5&quot;:{&quot;1&quot;:2,&quot;2&quot;:0}},{&quot;1&quot;:0,&quot;2&quot;:0,&quot;3&quot;:3},{&quot;1&quot;:1,&quot;2&quot;:0,&quot;4&quot;:1}]},&quot;6&quot;:{&quot;1&quot;:[{&quot;1&quot;:2,&quot;2&quot;:0,&quot;5&quot;:{&quot;1&quot;:2,&quot;2&quot;:0}},{&quot;1&quot;:0,&quot;2&quot;:0,&quot;3&quot;:3},{&quot;1&quot;:1,&quot;2&quot;:0,&quot;4&quot;:1}]},&quot;7&quot;:{&quot;1&quot;:[{&quot;1&quot;:2,&quot;2&quot;:0,&quot;5&quot;:{&quot;1&quot;:2,&quot;2&quot;:0}},{&quot;1&quot;:0,&quot;2&quot;:0,&quot;3&quot;:3},{&quot;1&quot;:1,&quot;2&quot;:0,&quot;4&quot;:1}]},&quot;8&quot;:{&quot;1&quot;:[{&quot;1&quot;:2,&quot;2&quot;:0,&quot;5&quot;:{&quot;1&quot;:2,&quot;2&quot;:0}},{&quot;1&quot;:0,&quot;2&quot;:0,&quot;3&quot;:3},{&quot;1&quot;:1,&quot;2&quot;:0,&quot;4&quot;:1}]},&quot;9&quot;:1,&quot;11&quot;:4,&quot;12&quot;:0,&quot;14&quot;:{&quot;1&quot;:3,&quot;3&quot;:1},&quot;15&quot;:&quot;Calibri&quot;,&quot;16&quot;:14}\">Apr\u00e8s plusieurs fusions et changements, le groupe Fenal s\u2019ajouta dans le groupe \u201cterre d\u2019Est : Fa\u00efence et crystal de France\u201d<\/span><\/p>\n<p><span data-sheets-value=\"{&quot;1&quot;:2,&quot;2&quot;:&quot;Soupi\u00e8re ou l\u00e9gumier vintage en fa\u00efence blanche avec un pourtour vert menthe et un liser\u00e9 dor\u00e9, d\u00e9cor\u00e9 de 2 oiseaux sur des branches en fleurs.\\nLa manufacture de Badonviller fut fond\u00e9e par Th\u00e9ophile Fenal en Meurthe-et-Moselle dans le 19eme si\u00e8cle. Au sommet de sa gloire, l\u2019usine comptait jusqu\u2019\u00e0 1000 salari\u00e9s. La famille Fenal rach\u00e8te au XX si\u00e8cle les fa\u00efenceries de Lun\u00e9ville et de St Cl\u00e9ment. Apr\u00e8s plusieurs fusions et changements, le groupe Fenal s\u2019ajouta dans le groupe \u201cterre d\u2019Est : Fa\u00efence et crystal de France\u201d\\nBon \u00e9tat\\nD 26 x H 7 cm&quot;}\" data-sheets-userformat=\"{&quot;2&quot;:15229,&quot;3&quot;:{&quot;1&quot;:0},&quot;5&quot;:{&quot;1&quot;:[{&quot;1&quot;:2,&quot;2&quot;:0,&quot;5&quot;:{&quot;1&quot;:2,&quot;2&quot;:0}},{&quot;1&quot;:0,&quot;2&quot;:0,&quot;3&quot;:3},{&quot;1&quot;:1,&quot;2&quot;:0,&quot;4&quot;:1}]},&quot;6&quot;:{&quot;1&quot;:[{&quot;1&quot;:2,&quot;2&quot;:0,&quot;5&quot;:{&quot;1&quot;:2,&quot;2&quot;:0}},{&quot;1&quot;:0,&quot;2&quot;:0,&quot;3&quot;:3},{&quot;1&quot;:1,&quot;2&quot;:0,&quot;4&quot;:1}]},&quot;7&quot;:{&quot;1&quot;:[{&quot;1&quot;:2,&quot;2&quot;:0,&quot;5&quot;:{&quot;1&quot;:2,&quot;2&quot;:0}},{&quot;1&quot;:0,&quot;2&quot;:0,&quot;3&quot;:3},{&quot;1&quot;:1,&quot;2&quot;:0,&quot;4&quot;:1}]},&quot;8&quot;:{&quot;1&quot;:[{&quot;1&quot;:2,&quot;2&quot;:0,&quot;5&quot;:{&quot;1&quot;:2,&quot;2&quot;:0}},{&quot;1&quot;:0,&quot;2&quot;:0,&quot;3&quot;:3},{&quot;1&quot;:1,&quot;2&quot;:0,&quot;4&quot;:1}]},&quot;9&quot;:1,&quot;11&quot;:4,&quot;12&quot;:0,&quot;14&quot;:{&quot;1&quot;:3,&quot;3&quot;:1},&quot;15&quot;:&quot;Calibri&quot;,&quot;16&quot;:14}\">Bon \u00e9tat<\/span><\/p>\n<p><span data-sheets-value=\"{&quot;1&quot;:2,&quot;2&quot;:&quot;Soupi\u00e8re ou l\u00e9gumier vintage en fa\u00efence blanche avec un pourtour vert menthe et un liser\u00e9 dor\u00e9, d\u00e9cor\u00e9 de 2 oiseaux sur des branches en fleurs.\\nLa manufacture de Badonviller fut fond\u00e9e par Th\u00e9ophile Fenal en Meurthe-et-Moselle dans le 19eme si\u00e8cle. Au sommet de sa gloire, l\u2019usine comptait jusqu\u2019\u00e0 1000 salari\u00e9s. La famille Fenal rach\u00e8te au XX si\u00e8cle les fa\u00efenceries de Lun\u00e9ville et de St Cl\u00e9ment. Apr\u00e8s plusieurs fusions et changements, le groupe Fenal s\u2019ajouta dans le groupe \u201cterre d\u2019Est : Fa\u00efence et crystal de France\u201d\\nBon \u00e9tat\\nD 26 x H 7 cm&quot;}\" data-sheets-userformat=\"{&quot;2&quot;:15229,&quot;3&quot;:{&quot;1&quot;:0},&quot;5&quot;:{&quot;1&quot;:[{&quot;1&quot;:2,&quot;2&quot;:0,&quot;5&quot;:{&quot;1&quot;:2,&quot;2&quot;:0}},{&quot;1&quot;:0,&quot;2&quot;:0,&quot;3&quot;:3},{&quot;1&quot;:1,&quot;2&quot;:0,&quot;4&quot;:1}]},&quot;6&quot;:{&quot;1&quot;:[{&quot;1&quot;:2,&quot;2&quot;:0,&quot;5&quot;:{&quot;1&quot;:2,&quot;2&quot;:0}},{&quot;1&quot;:0,&quot;2&quot;:0,&quot;3&quot;:3},{&quot;1&quot;:1,&quot;2&quot;:0,&quot;4&quot;:1}]},&quot;7&quot;:{&quot;1&quot;:[{&quot;1&quot;:2,&quot;2&quot;:0,&quot;5&quot;:{&quot;1&quot;:2,&quot;2&quot;:0}},{&quot;1&quot;:0,&quot;2&quot;:0,&quot;3&quot;:3},{&quot;1&quot;:1,&quot;2&quot;:0,&quot;4&quot;:1}]},&quot;8&quot;:{&quot;1&quot;:[{&quot;1&quot;:2,&quot;2&quot;:0,&quot;5&quot;:{&quot;1&quot;:2,&quot;2&quot;:0}},{&quot;1&quot;:0,&quot;2&quot;:0,&quot;3&quot;:3},{&quot;1&quot;:1,&quot;2&quot;:0,&quot;4&quot;:1}]},&quot;9&quot;:1,&quot;11&quot;:4,&quot;12&quot;:0,&quot;14&quot;:{&quot;1&quot;:3,&quot;3&quot;:1},&quot;15&quot;:&quot;Calibri&quot;,&quot;16&quot;:14}\">D 26 x H 7 cm<\/span><\/p>\n","protected":false},"excerpt":{"rendered":"<p>Soupi\u00e8re ou l\u00e9gumier vintage en fa\u00efence blanche avec un pourtour vert menthe et un liser\u00e9 dor\u00e9, d\u00e9cor\u00e9 de 2 oiseaux sur des branches en fleurs. La manufacture de Badonviller fut fond\u00e9e par Th\u00e9ophile Fenal en Meurthe-et-Moselle dans le 19eme si\u00e8cle. Au sommet de sa gloire, l\u2019usine comptait jusqu\u2019\u00e0 1000 salari\u00e9s. La famille Fenal rach\u00e8te au [&hellip;]<\/p>\n","protected":false},"featured_media":15467,"template":"","meta":{"site-sidebar-layout":"default","site-content-layout":"default","ast-site-content-layout":"default","site-content-style":"default","site-sidebar-style":"default","ast-global-header-display":"","ast-banner-title-visibility":"","ast-main-header-display":"","ast-hfb-above-header-display":"","ast-hfb-below-header-display":"","ast-hfb-mobile-header-display":"","site-post-title":"","ast-breadcrumbs-content":"","ast-featured-img":"","footer-sml-layout":"","ast-disable-related-posts":"","theme-transparent-header-meta":"default","adv-header-id-meta":"","stick-header-meta":"","header-above-stick-meta":"","header-main-stick-meta":"","header-below-stick-meta":"","astra-migrate-meta-layouts":"set","ast-page-background-enabled":"default","ast-page-background-meta":{"desktop":{"background-color":"var(--ast-global-color-4)","background-image":"","background-repeat":"repeat","background-position":"center center","background-size":"auto","background-attachment":"scroll","background-type":"","background-media":"","overlay-type":"","overlay-color":"","overlay-opacity":"","overlay-gradient":""},"tablet":{"background-color":"","background-image":"","background-repeat":"repeat","background-position":"center center","background-size":"auto","background-attachment":"scroll","background-type":"","background-media":"","overlay-type":"","overlay-color":"","overlay-opacity":"","overlay-gradient":""},"mobile":{"background-color":"","background-image":"","background-repeat":"repeat","background-position":"center center","background-size":"auto","background-attachment":"scroll","background-type":"","background-media":"","overlay-type":"","overlay-color":"","overlay-opacity":"","overlay-gradient":""}},"ast-content-background-meta":{"desktop":{"background-color":"var(--ast-global-color-5)","background-image":"","background-repeat":"repeat","background-position":"center center","background-size":"auto","background-attachment":"scroll","background-type":"","background-media":"","overlay-type":"","overlay-color":"","overlay-opacity":"","overlay-gradient":""},"tablet":{"background-color":"var(--ast-global-color-5)","background-image":"","background-repeat":"repeat","background-position":"center center","background-size":"auto","background-attachment":"scroll","background-type":"","background-media":"","overlay-type":"","overlay-color":"","overlay-opacity":"","overlay-gradient":""},"mobile":{"background-color":"var(--ast-global-color-5)","background-image":"","background-repeat":"repeat","background-position":"center center","background-size":"auto","background-attachment":"scroll","background-type":"","background-media":"","overlay-type":"","overlay-color":"","overlay-opacity":"","overlay-gradient":""}}},"product_cat":[3542,3550],"product_tag":[1197,1115,1659,1920,1174,1251,1157,1011],"yoast_head":"<!-- This site is optimized with the Yoast SEO plugin v20.8 - https:\/\/yoast.com\/wordpress\/plugins\/seo\/ -->\n<title>Ancienne Soupi\u00e8re en C\u00e9ramique BADONVILLER - Oiseaux - Vintage French Finds<\/title>\n<meta name=\"description\" content=\"The best of French vintage delivered to your doorstep direct from France : fashion, furniture, decoration, table art, curiosities, collections and art work.\" \/>\n<meta name=\"robots\" content=\"index, follow, max-snippet:-1, max-image-preview:large, max-video-preview:-1\" \/>\n<link rel=\"canonical\" href=\"https:\/\/vintagefrenchfinds.com\/en\/product\/ancienne-soupiere-en-ceramique-badonviller-oiseaux\/\" \/>\n<meta property=\"og:locale\" content=\"en_GB\" \/>\n<meta property=\"og:type\" content=\"article\" \/>\n<meta property=\"og:title\" content=\"Ancienne Soupi\u00e8re en C\u00e9ramique BADONVILLER - Oiseaux - Vintage French Finds\" \/>\n<meta property=\"og:description\" content=\"The best of French vintage delivered to your doorstep direct from France : fashion, furniture, decoration, table art, curiosities, collections and art work.\" \/>\n<meta property=\"og:url\" content=\"https:\/\/vintagefrenchfinds.com\/en\/product\/ancienne-soupiere-en-ceramique-badonviller-oiseaux\/\" \/>\n<meta property=\"og:site_name\" content=\"Vintage French Finds\" \/>\n<meta property=\"article:modified_time\" content=\"2026-03-23T14:17:46+00:00\" \/>\n<meta property=\"og:image\" content=\"https:\/\/vintagefrenchfinds.com\/wp-content\/uploads\/2022\/08\/DSCN5679.jpg\" \/>\n\t<meta property=\"og:image:width\" content=\"886\" \/>\n\t<meta property=\"og:image:height\" content=\"655\" \/>\n\t<meta property=\"og:image:type\" content=\"image\/jpeg\" \/>\n<meta name=\"twitter:card\" content=\"summary_large_image\" \/>\n<meta name=\"twitter:label1\" content=\"Estimated reading time\" \/>\n\t<meta name=\"twitter:data1\" content=\"1 minute\" \/>\n<script type=\"application\/ld+json\" class=\"yoast-schema-graph\">{\"@context\":\"https:\/\/schema.org\",\"@graph\":[{\"@type\":\"WebPage\",\"@id\":\"https:\/\/vintagefrenchfinds.com\/product\/ancienne-soupiere-en-ceramique-badonviller-oiseaux\",\"url\":\"https:\/\/vintagefrenchfinds.com\/product\/ancienne-soupiere-en-ceramique-badonviller-oiseaux\",\"name\":\"Ancienne Soupi\u00e8re en C\u00e9ramique BADONVILLER - Oiseaux - Vintage French Finds\",\"isPartOf\":{\"@id\":\"https:\/\/vintagefrenchfinds.com\/#website\"},\"datePublished\":\"2022-08-17T10:12:03+00:00\",\"dateModified\":\"2026-03-23T14:17:46+00:00\",\"description\":\"The best of French vintage delivered to your doorstep direct from France : fashion, furniture, decoration, table art, curiosities, collections and art work.\",\"breadcrumb\":{\"@id\":\"https:\/\/vintagefrenchfinds.com\/product\/ancienne-soupiere-en-ceramique-badonviller-oiseaux#breadcrumb\"},\"inLanguage\":\"en-GB\",\"potentialAction\":[{\"@type\":\"ReadAction\",\"target\":[\"https:\/\/vintagefrenchfinds.com\/product\/ancienne-soupiere-en-ceramique-badonviller-oiseaux\"]}]},{\"@type\":\"BreadcrumbList\",\"@id\":\"https:\/\/vintagefrenchfinds.com\/product\/ancienne-soupiere-en-ceramique-badonviller-oiseaux#breadcrumb\",\"itemListElement\":[{\"@type\":\"ListItem\",\"position\":1,\"name\":\"Home\",\"item\":\"https:\/\/vintagefrenchfinds.com\/\"},{\"@type\":\"ListItem\",\"position\":2,\"name\":\"BOUTIQUE\",\"item\":\"https:\/\/vintagefrenchfinds.com\/shop\"},{\"@type\":\"ListItem\",\"position\":3,\"name\":\"Ancienne Soupi\u00e8re en C\u00e9ramique BADONVILLER &#8211; Oiseaux\"}]},{\"@type\":\"WebSite\",\"@id\":\"https:\/\/vintagefrenchfinds.com\/#website\",\"url\":\"https:\/\/vintagefrenchfinds.com\/\",\"name\":\"Vintage French Finds\",\"description\":\"The best of French vintage delivered to your doorstep direct from France : fashion, furniture, decoration, table art, curiosities, collections and art work.\",\"potentialAction\":[{\"@type\":\"SearchAction\",\"target\":{\"@type\":\"EntryPoint\",\"urlTemplate\":\"https:\/\/vintagefrenchfinds.com\/?s={search_term_string}\"},\"query-input\":\"required name=search_term_string\"}],\"inLanguage\":\"en-GB\"}]}<\/script>\n<!-- \/ Yoast SEO plugin. -->","yoast_head_json":{"title":"Ancienne Soupi\u00e8re en C\u00e9ramique BADONVILLER - Oiseaux - Vintage French Finds","description":"The best of French vintage delivered to your doorstep direct from France : fashion, furniture, decoration, table art, curiosities, collections and art work.","robots":{"index":"index","follow":"follow","max-snippet":"max-snippet:-1","max-image-preview":"max-image-preview:large","max-video-preview":"max-video-preview:-1"},"canonical":"https:\/\/vintagefrenchfinds.com\/en\/product\/ancienne-soupiere-en-ceramique-badonviller-oiseaux\/","og_locale":"en_GB","og_type":"article","og_title":"Ancienne Soupi\u00e8re en C\u00e9ramique BADONVILLER - Oiseaux - Vintage French Finds","og_description":"The best of French vintage delivered to your doorstep direct from France : fashion, furniture, decoration, table art, curiosities, collections and art work.","og_url":"https:\/\/vintagefrenchfinds.com\/en\/product\/ancienne-soupiere-en-ceramique-badonviller-oiseaux\/","og_site_name":"Vintage French Finds","article_modified_time":"2026-03-23T14:17:46+00:00","og_image":[{"width":886,"height":655,"url":"https:\/\/vintagefrenchfinds.com\/wp-content\/uploads\/2022\/08\/DSCN5679.jpg","type":"image\/jpeg"}],"twitter_card":"summary_large_image","twitter_misc":{"Estimated reading time":"1 minute"},"schema":{"@context":"https:\/\/schema.org","@graph":[{"@type":"WebPage","@id":"https:\/\/vintagefrenchfinds.com\/product\/ancienne-soupiere-en-ceramique-badonviller-oiseaux","url":"https:\/\/vintagefrenchfinds.com\/product\/ancienne-soupiere-en-ceramique-badonviller-oiseaux","name":"Ancienne Soupi\u00e8re en C\u00e9ramique BADONVILLER - Oiseaux - Vintage French Finds","isPartOf":{"@id":"https:\/\/vintagefrenchfinds.com\/#website"},"datePublished":"2022-08-17T10:12:03+00:00","dateModified":"2026-03-23T14:17:46+00:00","description":"The best of French vintage delivered to your doorstep direct from France : fashion, furniture, decoration, table art, curiosities, collections and art work.","breadcrumb":{"@id":"https:\/\/vintagefrenchfinds.com\/product\/ancienne-soupiere-en-ceramique-badonviller-oiseaux#breadcrumb"},"inLanguage":"en-GB","potentialAction":[{"@type":"ReadAction","target":["https:\/\/vintagefrenchfinds.com\/product\/ancienne-soupiere-en-ceramique-badonviller-oiseaux"]}]},{"@type":"BreadcrumbList","@id":"https:\/\/vintagefrenchfinds.com\/product\/ancienne-soupiere-en-ceramique-badonviller-oiseaux#breadcrumb","itemListElement":[{"@type":"ListItem","position":1,"name":"Home","item":"https:\/\/vintagefrenchfinds.com\/"},{"@type":"ListItem","position":2,"name":"BOUTIQUE","item":"https:\/\/vintagefrenchfinds.com\/shop"},{"@type":"ListItem","position":3,"name":"Ancienne Soupi\u00e8re en C\u00e9ramique BADONVILLER &#8211; Oiseaux"}]},{"@type":"WebSite","@id":"https:\/\/vintagefrenchfinds.com\/#website","url":"https:\/\/vintagefrenchfinds.com\/","name":"Vintage French Finds\u00a0","description":"The best of French vintage delivered to your doorstep direct from France : fashion, furniture, decoration, table art, curiosities, collections and art work.","potentialAction":[{"@type":"SearchAction","target":{"@type":"EntryPoint","urlTemplate":"https:\/\/vintagefrenchfinds.com\/?s={search_term_string}"},"query-input":"required name=search_term_string"}],"inLanguage":"en-GB"}]}},"post_mailing_queue_ids":[],"_links":{"self":[{"href":"https:\/\/vintagefrenchfinds.com\/en\/wp-json\/wp\/v2\/product\/15465"}],"collection":[{"href":"https:\/\/vintagefrenchfinds.com\/en\/wp-json\/wp\/v2\/product"}],"about":[{"href":"https:\/\/vintagefrenchfinds.com\/en\/wp-json\/wp\/v2\/types\/product"}],"wp:featuredmedia":[{"embeddable":true,"href":"https:\/\/vintagefrenchfinds.com\/en\/wp-json\/wp\/v2\/media\/15467"}],"wp:attachment":[{"href":"https:\/\/vintagefrenchfinds.com\/en\/wp-json\/wp\/v2\/media?parent=15465"}],"wp:term":[{"taxonomy":"product_cat","embeddable":true,"href":"https:\/\/vintagefrenchfinds.com\/en\/wp-json\/wp\/v2\/product_cat?post=15465"},{"taxonomy":"product_tag","embeddable":true,"href":"https:\/\/vintagefrenchfinds.com\/en\/wp-json\/wp\/v2\/product_tag?post=15465"}],"curies":[{"name":"wp","href":"https:\/\/api.w.org\/{rel}","templated":true}]}}