{"id":16380,"date":"2022-10-04T11:02:55","date_gmt":"2022-10-04T11:02:55","guid":{"rendered":"https:\/\/vintagefrenchfinds.com\/?post_type=product&#038;p=16380"},"modified":"2025-03-18T14:41:15","modified_gmt":"2025-03-18T14:41:15","slug":"2-anciennes-appliques-rockabilly-en-bakelite-noir-blanc","status":"publish","type":"product","link":"https:\/\/vintagefrenchfinds.com\/en\/product\/2-anciennes-appliques-rockabilly-en-bakelite-noir-blanc","title":{"rendered":"2 Anciennes Appliques &lsquo;Rockabilly&rsquo; en Bakelite Noir &#038; Blanc"},"content":{"rendered":"<p><span style=\"font-weight: 400;\">Pair of vintage wall lights dating from the 50s and 60s featuring a white plastic shade with brass tacks, contrasting against a black Bakelite base.<\/span><\/p>\n<p><span style=\"font-weight: 400;\">It is equipped with its original electrical system.<\/span><\/p>\n<p><span style=\"font-weight: 400;\">These small lamps will be perfect for bringing an authentic retro touch and subdued lighting to your interior<\/span><\/p>\n<p><span style=\"font-weight: 400;\">The article is sold as is with traces of its past<\/span><\/p>\n<p><span style=\"font-weight: 400;\">H 25 x W 12 x D 12 cm<\/span><\/p>","protected":false},"excerpt":{"rendered":"<p>Paire d\u2019appliques murales vintage datant des ann\u00e9es 50\/60 d\u00e9cor\u00e9e d\u2019un abat-jour en plastique blanc d\u00e9cor\u00e9 d\u2019un \u201cclou\u201d dor\u00e9, qui contraste avec un support en bak\u00e9lite noir. Elle est dot\u00e9e de son syst\u00e8me \u00e9lectrique d\u2019origine. Ces petites lampes seront parfaites pour apporter un \u00e9clairage tamis\u00e9 \u00e0 votre int\u00e9rieur, tout en y ajoutant une touche r\u00e9tro authentique. [&hellip;]<\/p>\n","protected":false},"featured_media":16385,"template":"","meta":{"site-sidebar-layout":"default","site-content-layout":"default","ast-site-content-layout":"default","site-content-style":"default","site-sidebar-style":"default","ast-global-header-display":"","ast-banner-title-visibility":"","ast-main-header-display":"","ast-hfb-above-header-display":"","ast-hfb-below-header-display":"","ast-hfb-mobile-header-display":"","site-post-title":"","ast-breadcrumbs-content":"","ast-featured-img":"","footer-sml-layout":"","ast-disable-related-posts":"","theme-transparent-header-meta":"default","adv-header-id-meta":"","stick-header-meta":"","header-above-stick-meta":"","header-main-stick-meta":"","header-below-stick-meta":"","astra-migrate-meta-layouts":"set","ast-page-background-enabled":"default","ast-page-background-meta":{"desktop":{"background-color":"var(--ast-global-color-4)","background-image":"","background-repeat":"repeat","background-position":"center center","background-size":"auto","background-attachment":"scroll","background-type":"","background-media":"","overlay-type":"","overlay-color":"","overlay-opacity":"","overlay-gradient":""},"tablet":{"background-color":"","background-image":"","background-repeat":"repeat","background-position":"center center","background-size":"auto","background-attachment":"scroll","background-type":"","background-media":"","overlay-type":"","overlay-color":"","overlay-opacity":"","overlay-gradient":""},"mobile":{"background-color":"","background-image":"","background-repeat":"repeat","background-position":"center center","background-size":"auto","background-attachment":"scroll","background-type":"","background-media":"","overlay-type":"","overlay-color":"","overlay-opacity":"","overlay-gradient":""}},"ast-content-background-meta":{"desktop":{"background-color":"var(--ast-global-color-5)","background-image":"","background-repeat":"repeat","background-position":"center center","background-size":"auto","background-attachment":"scroll","background-type":"","background-media":"","overlay-type":"","overlay-color":"","overlay-opacity":"","overlay-gradient":""},"tablet":{"background-color":"var(--ast-global-color-5)","background-image":"","background-repeat":"repeat","background-position":"center center","background-size":"auto","background-attachment":"scroll","background-type":"","background-media":"","overlay-type":"","overlay-color":"","overlay-opacity":"","overlay-gradient":""},"mobile":{"background-color":"var(--ast-global-color-5)","background-image":"","background-repeat":"repeat","background-position":"center center","background-size":"auto","background-attachment":"scroll","background-type":"","background-media":"","overlay-type":"","overlay-color":"","overlay-opacity":"","overlay-gradient":""}}},"product_cat":[23,42],"product_tag":[1197,1103,1933,1130,1946,1359,1011],"yoast_head":"<!-- This site is optimized with the Yoast SEO plugin v20.8 - https:\/\/yoast.com\/wordpress\/plugins\/seo\/ -->\n<title>2 Anciennes Appliques &#039;Rockabilly&#039; en Bakelite Noir &amp; Blanc - Vintage French Finds<\/title>\n<meta name=\"description\" content=\"The best of French vintage delivered to your doorstep direct from France : fashion, furniture, decoration, table art, curiosities, collections and art work.\" \/>\n<meta name=\"robots\" content=\"index, follow, max-snippet:-1, max-image-preview:large, max-video-preview:-1\" \/>\n<link rel=\"canonical\" href=\"https:\/\/vintagefrenchfinds.com\/en\/product\/2-anciennes-appliques-rockabilly-en-bakelite-noir-blanc\/\" \/>\n<meta property=\"og:locale\" content=\"en_GB\" \/>\n<meta property=\"og:type\" content=\"article\" \/>\n<meta property=\"og:title\" content=\"2 Anciennes Appliques &#039;Rockabilly&#039; en Bakelite Noir &amp; Blanc - Vintage French Finds\" \/>\n<meta property=\"og:description\" content=\"The best of French vintage delivered to your doorstep direct from France : fashion, furniture, decoration, table art, curiosities, collections and art work.\" \/>\n<meta property=\"og:url\" content=\"https:\/\/vintagefrenchfinds.com\/en\/product\/2-anciennes-appliques-rockabilly-en-bakelite-noir-blanc\/\" \/>\n<meta property=\"og:site_name\" content=\"Vintage French Finds\" \/>\n<meta property=\"article:modified_time\" content=\"2025-03-18T14:41:15+00:00\" \/>\n<meta property=\"og:image\" content=\"https:\/\/vintagefrenchfinds.com\/wp-content\/uploads\/2022\/10\/DSCN6700.jpg\" \/>\n\t<meta property=\"og:image:width\" content=\"886\" \/>\n\t<meta property=\"og:image:height\" content=\"677\" \/>\n\t<meta property=\"og:image:type\" content=\"image\/jpeg\" \/>\n<meta name=\"twitter:card\" content=\"summary_large_image\" \/>\n<meta name=\"twitter:label1\" content=\"Estimated reading time\" \/>\n\t<meta name=\"twitter:data1\" content=\"1 minute\" \/>\n<script type=\"application\/ld+json\" class=\"yoast-schema-graph\">{\"@context\":\"https:\/\/schema.org\",\"@graph\":[{\"@type\":\"WebPage\",\"@id\":\"https:\/\/vintagefrenchfinds.com\/product\/2-anciennes-appliques-rockabilly-en-bakelite-noir-blanc\",\"url\":\"https:\/\/vintagefrenchfinds.com\/product\/2-anciennes-appliques-rockabilly-en-bakelite-noir-blanc\",\"name\":\"2 Anciennes Appliques 'Rockabilly' en Bakelite Noir & Blanc - Vintage French Finds\",\"isPartOf\":{\"@id\":\"https:\/\/vintagefrenchfinds.com\/#website\"},\"datePublished\":\"2022-10-04T11:02:55+00:00\",\"dateModified\":\"2025-03-18T14:41:15+00:00\",\"description\":\"The best of French vintage delivered to your doorstep direct from France : fashion, furniture, decoration, table art, curiosities, collections and art work.\",\"breadcrumb\":{\"@id\":\"https:\/\/vintagefrenchfinds.com\/product\/2-anciennes-appliques-rockabilly-en-bakelite-noir-blanc#breadcrumb\"},\"inLanguage\":\"en-GB\",\"potentialAction\":[{\"@type\":\"ReadAction\",\"target\":[\"https:\/\/vintagefrenchfinds.com\/product\/2-anciennes-appliques-rockabilly-en-bakelite-noir-blanc\"]}]},{\"@type\":\"BreadcrumbList\",\"@id\":\"https:\/\/vintagefrenchfinds.com\/product\/2-anciennes-appliques-rockabilly-en-bakelite-noir-blanc#breadcrumb\",\"itemListElement\":[{\"@type\":\"ListItem\",\"position\":1,\"name\":\"Home\",\"item\":\"https:\/\/vintagefrenchfinds.com\/\"},{\"@type\":\"ListItem\",\"position\":2,\"name\":\"BOUTIQUE\",\"item\":\"https:\/\/vintagefrenchfinds.com\/shop\"},{\"@type\":\"ListItem\",\"position\":3,\"name\":\"2 Anciennes Appliques &#8216;Rockabilly&#8217; en Bakelite Noir &#038; Blanc\"}]},{\"@type\":\"WebSite\",\"@id\":\"https:\/\/vintagefrenchfinds.com\/#website\",\"url\":\"https:\/\/vintagefrenchfinds.com\/\",\"name\":\"Vintage French Finds\",\"description\":\"The best of French vintage delivered to your doorstep direct from France : fashion, furniture, decoration, table art, curiosities, collections and art work.\",\"potentialAction\":[{\"@type\":\"SearchAction\",\"target\":{\"@type\":\"EntryPoint\",\"urlTemplate\":\"https:\/\/vintagefrenchfinds.com\/?s={search_term_string}\"},\"query-input\":\"required name=search_term_string\"}],\"inLanguage\":\"en-GB\"}]}<\/script>\n<!-- \/ Yoast SEO plugin. -->","yoast_head_json":{"title":"2 Anciennes Appliques 'Rockabilly' en Bakelite Noir & Blanc - Vintage French Finds","description":"The best of French vintage delivered to your doorstep direct from France : fashion, furniture, decoration, table art, curiosities, collections and art work.","robots":{"index":"index","follow":"follow","max-snippet":"max-snippet:-1","max-image-preview":"max-image-preview:large","max-video-preview":"max-video-preview:-1"},"canonical":"https:\/\/vintagefrenchfinds.com\/en\/product\/2-anciennes-appliques-rockabilly-en-bakelite-noir-blanc\/","og_locale":"en_GB","og_type":"article","og_title":"2 Anciennes Appliques 'Rockabilly' en Bakelite Noir & Blanc - Vintage French Finds","og_description":"The best of French vintage delivered to your doorstep direct from France : fashion, furniture, decoration, table art, curiosities, collections and art work.","og_url":"https:\/\/vintagefrenchfinds.com\/en\/product\/2-anciennes-appliques-rockabilly-en-bakelite-noir-blanc\/","og_site_name":"Vintage French Finds","article_modified_time":"2025-03-18T14:41:15+00:00","og_image":[{"width":886,"height":677,"url":"https:\/\/vintagefrenchfinds.com\/wp-content\/uploads\/2022\/10\/DSCN6700.jpg","type":"image\/jpeg"}],"twitter_card":"summary_large_image","twitter_misc":{"Estimated reading time":"1 minute"},"schema":{"@context":"https:\/\/schema.org","@graph":[{"@type":"WebPage","@id":"https:\/\/vintagefrenchfinds.com\/product\/2-anciennes-appliques-rockabilly-en-bakelite-noir-blanc","url":"https:\/\/vintagefrenchfinds.com\/product\/2-anciennes-appliques-rockabilly-en-bakelite-noir-blanc","name":"2 Anciennes Appliques 'Rockabilly' en Bakelite Noir & Blanc - Vintage French Finds","isPartOf":{"@id":"https:\/\/vintagefrenchfinds.com\/#website"},"datePublished":"2022-10-04T11:02:55+00:00","dateModified":"2025-03-18T14:41:15+00:00","description":"The best of French vintage delivered to your doorstep direct from France : fashion, furniture, decoration, table art, curiosities, collections and art work.","breadcrumb":{"@id":"https:\/\/vintagefrenchfinds.com\/product\/2-anciennes-appliques-rockabilly-en-bakelite-noir-blanc#breadcrumb"},"inLanguage":"en-GB","potentialAction":[{"@type":"ReadAction","target":["https:\/\/vintagefrenchfinds.com\/product\/2-anciennes-appliques-rockabilly-en-bakelite-noir-blanc"]}]},{"@type":"BreadcrumbList","@id":"https:\/\/vintagefrenchfinds.com\/product\/2-anciennes-appliques-rockabilly-en-bakelite-noir-blanc#breadcrumb","itemListElement":[{"@type":"ListItem","position":1,"name":"Home","item":"https:\/\/vintagefrenchfinds.com\/"},{"@type":"ListItem","position":2,"name":"BOUTIQUE","item":"https:\/\/vintagefrenchfinds.com\/shop"},{"@type":"ListItem","position":3,"name":"2 Anciennes Appliques &#8216;Rockabilly&#8217; en Bakelite Noir &#038; Blanc"}]},{"@type":"WebSite","@id":"https:\/\/vintagefrenchfinds.com\/#website","url":"https:\/\/vintagefrenchfinds.com\/","name":"Vintage French Finds\u00a0","description":"The best of French vintage delivered to your doorstep direct from France : fashion, furniture, decoration, table art, curiosities, collections and art work.","potentialAction":[{"@type":"SearchAction","target":{"@type":"EntryPoint","urlTemplate":"https:\/\/vintagefrenchfinds.com\/?s={search_term_string}"},"query-input":"required name=search_term_string"}],"inLanguage":"en-GB"}]}},"post_mailing_queue_ids":[],"_links":{"self":[{"href":"https:\/\/vintagefrenchfinds.com\/en\/wp-json\/wp\/v2\/product\/16380"}],"collection":[{"href":"https:\/\/vintagefrenchfinds.com\/en\/wp-json\/wp\/v2\/product"}],"about":[{"href":"https:\/\/vintagefrenchfinds.com\/en\/wp-json\/wp\/v2\/types\/product"}],"wp:featuredmedia":[{"embeddable":true,"href":"https:\/\/vintagefrenchfinds.com\/en\/wp-json\/wp\/v2\/media\/16385"}],"wp:attachment":[{"href":"https:\/\/vintagefrenchfinds.com\/en\/wp-json\/wp\/v2\/media?parent=16380"}],"wp:term":[{"taxonomy":"product_cat","embeddable":true,"href":"https:\/\/vintagefrenchfinds.com\/en\/wp-json\/wp\/v2\/product_cat?post=16380"},{"taxonomy":"product_tag","embeddable":true,"href":"https:\/\/vintagefrenchfinds.com\/en\/wp-json\/wp\/v2\/product_tag?post=16380"}],"curies":[{"name":"wp","href":"https:\/\/api.w.org\/{rel}","templated":true}]}}