{"id":16679,"date":"2022-10-19T16:09:15","date_gmt":"2022-10-19T16:09:15","guid":{"rendered":"https:\/\/vintagefrenchfinds.com\/?post_type=product&#038;p=16679"},"modified":"2025-03-16T13:26:05","modified_gmt":"2025-03-16T13:26:05","slug":"ancien-saladier-en-porcelaine-opaque-sa","status":"publish","type":"product","link":"https:\/\/vintagefrenchfinds.com\/en\/product\/ancien-saladier-en-porcelaine-opaque-sa","title":{"rendered":"Antique French SA Opaque Porcelain Salad Bowl"},"content":{"rendered":"<p><span data-sheets-value=\"{&quot;1&quot;:2,&quot;2&quot;:&quot;Superbe lot de 10 assiettes \u00e0 dessert\/ fromage vintage en porcelaine opaque d\u00e9cor\u00e9 de d\u2019un pourtour vert menthe et de liser\u00e9s d\u2019or.\\n\\nElles sont estampill\u00e9es en dessous de \\&quot;Porcelaine - SA- Opaque\u201d\\n\\nLa porcelaine opaque, aussi appel\u00e9e fa\u00efence fine ou demi-porcelaine, est n\u00e9e en Angleterre en 1769 et appara\u00eet en France \u00e0 la fin du\u00a0 XVIIIe si\u00e8cle, notamment dans la manufacture de Pont aux Choux.\\n\\nIl s'agit d\u2019une p\u00e2te blanche, opaque, \u00e0 texture fine, dense et sonore, recouverte d\u2019un simple vernis transparent. Cette fa\u00efence fine sera appel\u00e9e \u00ab\u2009cailloutage\u2009\u00bb, ou encore \u00ab\u2009terre de pipe\u2009\u00bb selon les r\u00e9gions et les mat\u00e9riaux utilis\u00e9s pour la cr\u00e9er.\u00a0\\n\\nElle trouvait ses d\u00e9bouch\u00e9s aupr\u00e8s des habitants ais\u00e9s. Tandis que la fa\u00efence \u00e9paisse plus \\&quot;grossi\u00e8re\\&quot; \u00e9tait destin\u00e9e \u00e0 des clients modestes\u00a0\\n\\nParfait pour compl\u00e9ter un service et orner une belle table.\\n\\nCertaines pi\u00e8ces pr\u00e9sentent des t\u00e2ches et les couleurs peuvent \u00eatre estomp\u00e9es.\\n\\nD\u00e9couvrez les autres articles en vente de la m\u00eame collection\u00a0: saladiers \/ assiettes \u00e0 dessert \/ assiettes plates \/ assiettes creuses \/ assiettes ovales \/ etc\\n\\nD 19 cm&quot;}\" data-sheets-userformat=\"{&quot;2&quot;:15229,&quot;3&quot;:{&quot;1&quot;:0},&quot;5&quot;:{&quot;1&quot;:[{&quot;1&quot;:2,&quot;2&quot;:0,&quot;5&quot;:{&quot;1&quot;:2,&quot;2&quot;:0}},{&quot;1&quot;:0,&quot;2&quot;:0,&quot;3&quot;:3},{&quot;1&quot;:1,&quot;2&quot;:0,&quot;4&quot;:1}]},&quot;6&quot;:{&quot;1&quot;:[{&quot;1&quot;:2,&quot;2&quot;:0,&quot;5&quot;:{&quot;1&quot;:2,&quot;2&quot;:0}},{&quot;1&quot;:0,&quot;2&quot;:0,&quot;3&quot;:3},{&quot;1&quot;:1,&quot;2&quot;:0,&quot;4&quot;:1}]},&quot;7&quot;:{&quot;1&quot;:[{&quot;1&quot;:2,&quot;2&quot;:0,&quot;5&quot;:{&quot;1&quot;:2,&quot;2&quot;:0}},{&quot;1&quot;:0,&quot;2&quot;:0,&quot;3&quot;:3},{&quot;1&quot;:1,&quot;2&quot;:0,&quot;4&quot;:1}]},&quot;8&quot;:{&quot;1&quot;:[{&quot;1&quot;:2,&quot;2&quot;:0,&quot;5&quot;:{&quot;1&quot;:2,&quot;2&quot;:0}},{&quot;1&quot;:0,&quot;2&quot;:0,&quot;3&quot;:3},{&quot;1&quot;:1,&quot;2&quot;:0,&quot;4&quot;:1}]},&quot;9&quot;:1,&quot;11&quot;:4,&quot;12&quot;:0,&quot;14&quot;:{&quot;1&quot;:3,&quot;3&quot;:1},&quot;15&quot;:&quot;Calibri&quot;,&quot;16&quot;:14}\">Charmant saladier vintage en porcelaine opaque d\u00e9cor\u00e9 d\u2019un pourtour vert menthe et de liser\u00e9s d\u2019or.<\/span><\/p>\n<p>Il est estampill\u00e9 en dessous de \u201cPorcelaine \u2013 SA- Opaque\u201d<\/p>\n<p>La porcelaine opaque, aussi appel\u00e9e fa\u00efence fine ou demi-porcelaine, est n\u00e9e en Angleterre en 1769 et appara\u00eet en France \u00e0 la fin du\u00a0 XVIIIe si\u00e8cle, notamment dans la manufacture de Pont aux Choux.<\/p>\n<p>Il s\u2019agit d\u2019une p\u00e2te blanche, opaque, \u00e0 texture fine, dense et sonore, recouverte d\u2019un simple vernis transparent. Cette fa\u00efence fine sera appel\u00e9e \u00ab\u2009cailloutage\u2009\u00bb, ou encore \u00ab\u2009terre de pipe\u2009\u00bb selon les r\u00e9gions et les mat\u00e9riaux utilis\u00e9s pour la cr\u00e9er.<\/p>\n<p>Elle trouvait ses d\u00e9bouch\u00e9s aupr\u00e8s des habitants ais\u00e9s. Tandis que la fa\u00efence \u00e9paisse plus \u201cgrossi\u00e8re\u201d \u00e9tait destin\u00e9e \u00e0 des clients modestes<\/p>\n<p>Parfait pour compl\u00e9ter un service et orner une belle table.<\/p>\n<p>Bon \u00e9tat g\u00e9n\u00e9ral mais l&rsquo;article peut pr\u00e9senter des t\u00e2ches et sa couleur peut l\u00e9g\u00e8rement \u00eatre estomp\u00e9es.<\/p>\n<p><span style=\"font-size: 16px;\">D\u00e9couvrez les autres articles en vente de la m\u00eame collection\u00a0: saladiers \/ assiettes \u00e0 dessert \/ assiettes plates \/ assiettes creuses \/ assiettes ovales \/ etc<\/span><\/p>\n<p><span data-sheets-value=\"{&quot;1&quot;:2,&quot;2&quot;:&quot;D 20 cm&quot;}\" data-sheets-userformat=\"{&quot;2&quot;:14717,&quot;3&quot;:{&quot;1&quot;:0,&quot;3&quot;:1},&quot;5&quot;:{&quot;1&quot;:[{&quot;1&quot;:2,&quot;2&quot;:0,&quot;5&quot;:{&quot;1&quot;:2,&quot;2&quot;:0}},{&quot;1&quot;:0,&quot;2&quot;:0,&quot;3&quot;:3},{&quot;1&quot;:1,&quot;2&quot;:0,&quot;4&quot;:1}]},&quot;6&quot;:{&quot;1&quot;:[{&quot;1&quot;:2,&quot;2&quot;:0,&quot;5&quot;:{&quot;1&quot;:2,&quot;2&quot;:0}},{&quot;1&quot;:0,&quot;2&quot;:0,&quot;3&quot;:3},{&quot;1&quot;:1,&quot;2&quot;:0,&quot;4&quot;:1}]},&quot;7&quot;:{&quot;1&quot;:[{&quot;1&quot;:2,&quot;2&quot;:0,&quot;5&quot;:{&quot;1&quot;:2,&quot;2&quot;:0}},{&quot;1&quot;:0,&quot;2&quot;:0,&quot;3&quot;:3},{&quot;1&quot;:1,&quot;2&quot;:0,&quot;4&quot;:1}]},&quot;8&quot;:{&quot;1&quot;:[{&quot;1&quot;:2,&quot;2&quot;:0,&quot;5&quot;:{&quot;1&quot;:2,&quot;2&quot;:0}},{&quot;1&quot;:0,&quot;2&quot;:0,&quot;3&quot;:3},{&quot;1&quot;:1,&quot;2&quot;:0,&quot;4&quot;:1}]},&quot;9&quot;:1,&quot;11&quot;:4,&quot;14&quot;:{&quot;1&quot;:3,&quot;3&quot;:1},&quot;15&quot;:&quot;Calibri&quot;,&quot;16&quot;:14}\">D 20 cm<\/span><\/p>\n","protected":false},"excerpt":{"rendered":"<p>Charmant saladier vintage en porcelaine opaque d\u00e9cor\u00e9 d\u2019un pourtour vert menthe et de liser\u00e9s d\u2019or. Il est estampill\u00e9 en dessous de \u201cPorcelaine \u2013 SA- Opaque\u201d La porcelaine opaque, aussi appel\u00e9e fa\u00efence fine ou demi-porcelaine, est n\u00e9e en Angleterre en 1769 et appara\u00eet en France \u00e0 la fin du\u00a0 XVIIIe si\u00e8cle, notamment dans la manufacture de [&hellip;]<\/p>\n","protected":false},"featured_media":16680,"template":"","meta":{"site-sidebar-layout":"default","site-content-layout":"default","ast-site-content-layout":"default","site-content-style":"default","site-sidebar-style":"default","ast-global-header-display":"","ast-banner-title-visibility":"","ast-main-header-display":"","ast-hfb-above-header-display":"","ast-hfb-below-header-display":"","ast-hfb-mobile-header-display":"","site-post-title":"","ast-breadcrumbs-content":"","ast-featured-img":"","footer-sml-layout":"","ast-disable-related-posts":"","theme-transparent-header-meta":"default","adv-header-id-meta":"","stick-header-meta":"","header-above-stick-meta":"","header-main-stick-meta":"","header-below-stick-meta":"","astra-migrate-meta-layouts":"default","ast-page-background-enabled":"default","ast-page-background-meta":{"desktop":{"background-color":"var(--ast-global-color-4)","background-image":"","background-repeat":"repeat","background-position":"center center","background-size":"auto","background-attachment":"scroll","background-type":"","background-media":"","overlay-type":"","overlay-color":"","overlay-opacity":"","overlay-gradient":""},"tablet":{"background-color":"","background-image":"","background-repeat":"repeat","background-position":"center center","background-size":"auto","background-attachment":"scroll","background-type":"","background-media":"","overlay-type":"","overlay-color":"","overlay-opacity":"","overlay-gradient":""},"mobile":{"background-color":"","background-image":"","background-repeat":"repeat","background-position":"center center","background-size":"auto","background-attachment":"scroll","background-type":"","background-media":"","overlay-type":"","overlay-color":"","overlay-opacity":"","overlay-gradient":""}},"ast-content-background-meta":{"desktop":{"background-color":"var(--ast-global-color-5)","background-image":"","background-repeat":"repeat","background-position":"center center","background-size":"auto","background-attachment":"scroll","background-type":"","background-media":"","overlay-type":"","overlay-color":"","overlay-opacity":"","overlay-gradient":""},"tablet":{"background-color":"var(--ast-global-color-5)","background-image":"","background-repeat":"repeat","background-position":"center center","background-size":"auto","background-attachment":"scroll","background-type":"","background-media":"","overlay-type":"","overlay-color":"","overlay-opacity":"","overlay-gradient":""},"mobile":{"background-color":"var(--ast-global-color-5)","background-image":"","background-repeat":"repeat","background-position":"center center","background-size":"auto","background-attachment":"scroll","background-type":"","background-media":"","overlay-type":"","overlay-color":"","overlay-opacity":"","overlay-gradient":""}}},"product_cat":[3542,3549],"product_tag":[1197,1115,1817,1011],"yoast_head":"<!-- This site is optimized with the Yoast SEO plugin v20.8 - https:\/\/yoast.com\/wordpress\/plugins\/seo\/ -->\n<title>Ancien Saladier en Porcelaine Opaque SA - Vintage French Finds<\/title>\n<meta name=\"description\" content=\"The best of French vintage delivered to your doorstep direct from France : fashion, furniture, decoration, table art, curiosities, collections and art work.\" \/>\n<meta name=\"robots\" content=\"index, follow, max-snippet:-1, max-image-preview:large, max-video-preview:-1\" \/>\n<link rel=\"canonical\" href=\"https:\/\/vintagefrenchfinds.com\/en\/product\/ancien-saladier-en-porcelaine-opaque-sa\/\" \/>\n<meta property=\"og:locale\" content=\"en_GB\" \/>\n<meta property=\"og:type\" content=\"article\" \/>\n<meta property=\"og:title\" content=\"Ancien Saladier en Porcelaine Opaque SA - Vintage French Finds\" \/>\n<meta property=\"og:description\" content=\"The best of French vintage delivered to your doorstep direct from France : fashion, furniture, decoration, table art, curiosities, collections and art work.\" \/>\n<meta property=\"og:url\" content=\"https:\/\/vintagefrenchfinds.com\/en\/product\/ancien-saladier-en-porcelaine-opaque-sa\/\" \/>\n<meta property=\"og:site_name\" content=\"Vintage French Finds\" \/>\n<meta property=\"article:modified_time\" content=\"2025-03-16T13:26:05+00:00\" \/>\n<meta property=\"og:image\" content=\"https:\/\/vintagefrenchfinds.com\/wp-content\/uploads\/2022\/10\/DSCN6833.jpg\" \/>\n\t<meta property=\"og:image:width\" content=\"886\" \/>\n\t<meta property=\"og:image:height\" content=\"718\" \/>\n\t<meta property=\"og:image:type\" content=\"image\/jpeg\" \/>\n<meta name=\"twitter:card\" content=\"summary_large_image\" \/>\n<meta name=\"twitter:label1\" content=\"Estimated reading time\" \/>\n\t<meta name=\"twitter:data1\" content=\"1 minute\" \/>\n<script type=\"application\/ld+json\" class=\"yoast-schema-graph\">{\"@context\":\"https:\/\/schema.org\",\"@graph\":[{\"@type\":\"WebPage\",\"@id\":\"https:\/\/vintagefrenchfinds.com\/product\/ancien-saladier-en-porcelaine-opaque-sa\",\"url\":\"https:\/\/vintagefrenchfinds.com\/product\/ancien-saladier-en-porcelaine-opaque-sa\",\"name\":\"Ancien Saladier en Porcelaine Opaque SA - Vintage French Finds\",\"isPartOf\":{\"@id\":\"https:\/\/vintagefrenchfinds.com\/#website\"},\"datePublished\":\"2022-10-19T16:09:15+00:00\",\"dateModified\":\"2025-03-16T13:26:05+00:00\",\"description\":\"The best of French vintage delivered to your doorstep direct from France : fashion, furniture, decoration, table art, curiosities, collections and art work.\",\"breadcrumb\":{\"@id\":\"https:\/\/vintagefrenchfinds.com\/product\/ancien-saladier-en-porcelaine-opaque-sa#breadcrumb\"},\"inLanguage\":\"en-GB\",\"potentialAction\":[{\"@type\":\"ReadAction\",\"target\":[\"https:\/\/vintagefrenchfinds.com\/product\/ancien-saladier-en-porcelaine-opaque-sa\"]}]},{\"@type\":\"BreadcrumbList\",\"@id\":\"https:\/\/vintagefrenchfinds.com\/product\/ancien-saladier-en-porcelaine-opaque-sa#breadcrumb\",\"itemListElement\":[{\"@type\":\"ListItem\",\"position\":1,\"name\":\"Home\",\"item\":\"https:\/\/vintagefrenchfinds.com\/\"},{\"@type\":\"ListItem\",\"position\":2,\"name\":\"BOUTIQUE\",\"item\":\"https:\/\/vintagefrenchfinds.com\/shop\"},{\"@type\":\"ListItem\",\"position\":3,\"name\":\"Ancien Saladier en Porcelaine Opaque SA\"}]},{\"@type\":\"WebSite\",\"@id\":\"https:\/\/vintagefrenchfinds.com\/#website\",\"url\":\"https:\/\/vintagefrenchfinds.com\/\",\"name\":\"Vintage French Finds\",\"description\":\"The best of French vintage delivered to your doorstep direct from France : fashion, furniture, decoration, table art, curiosities, collections and art work.\",\"potentialAction\":[{\"@type\":\"SearchAction\",\"target\":{\"@type\":\"EntryPoint\",\"urlTemplate\":\"https:\/\/vintagefrenchfinds.com\/?s={search_term_string}\"},\"query-input\":\"required name=search_term_string\"}],\"inLanguage\":\"en-GB\"}]}<\/script>\n<!-- \/ Yoast SEO plugin. -->","yoast_head_json":{"title":"Ancien Saladier en Porcelaine Opaque SA - Vintage French Finds","description":"The best of French vintage delivered to your doorstep direct from France : fashion, furniture, decoration, table art, curiosities, collections and art work.","robots":{"index":"index","follow":"follow","max-snippet":"max-snippet:-1","max-image-preview":"max-image-preview:large","max-video-preview":"max-video-preview:-1"},"canonical":"https:\/\/vintagefrenchfinds.com\/en\/product\/ancien-saladier-en-porcelaine-opaque-sa\/","og_locale":"en_GB","og_type":"article","og_title":"Ancien Saladier en Porcelaine Opaque SA - Vintage French Finds","og_description":"The best of French vintage delivered to your doorstep direct from France : fashion, furniture, decoration, table art, curiosities, collections and art work.","og_url":"https:\/\/vintagefrenchfinds.com\/en\/product\/ancien-saladier-en-porcelaine-opaque-sa\/","og_site_name":"Vintage French Finds","article_modified_time":"2025-03-16T13:26:05+00:00","og_image":[{"width":886,"height":718,"url":"https:\/\/vintagefrenchfinds.com\/wp-content\/uploads\/2022\/10\/DSCN6833.jpg","type":"image\/jpeg"}],"twitter_card":"summary_large_image","twitter_misc":{"Estimated reading time":"1 minute"},"schema":{"@context":"https:\/\/schema.org","@graph":[{"@type":"WebPage","@id":"https:\/\/vintagefrenchfinds.com\/product\/ancien-saladier-en-porcelaine-opaque-sa","url":"https:\/\/vintagefrenchfinds.com\/product\/ancien-saladier-en-porcelaine-opaque-sa","name":"Ancien Saladier en Porcelaine Opaque SA - Vintage French Finds","isPartOf":{"@id":"https:\/\/vintagefrenchfinds.com\/#website"},"datePublished":"2022-10-19T16:09:15+00:00","dateModified":"2025-03-16T13:26:05+00:00","description":"The best of French vintage delivered to your doorstep direct from France : fashion, furniture, decoration, table art, curiosities, collections and art work.","breadcrumb":{"@id":"https:\/\/vintagefrenchfinds.com\/product\/ancien-saladier-en-porcelaine-opaque-sa#breadcrumb"},"inLanguage":"en-GB","potentialAction":[{"@type":"ReadAction","target":["https:\/\/vintagefrenchfinds.com\/product\/ancien-saladier-en-porcelaine-opaque-sa"]}]},{"@type":"BreadcrumbList","@id":"https:\/\/vintagefrenchfinds.com\/product\/ancien-saladier-en-porcelaine-opaque-sa#breadcrumb","itemListElement":[{"@type":"ListItem","position":1,"name":"Home","item":"https:\/\/vintagefrenchfinds.com\/"},{"@type":"ListItem","position":2,"name":"BOUTIQUE","item":"https:\/\/vintagefrenchfinds.com\/shop"},{"@type":"ListItem","position":3,"name":"Ancien Saladier en Porcelaine Opaque SA"}]},{"@type":"WebSite","@id":"https:\/\/vintagefrenchfinds.com\/#website","url":"https:\/\/vintagefrenchfinds.com\/","name":"Vintage French Finds\u00a0","description":"The best of French vintage delivered to your doorstep direct from France : fashion, furniture, decoration, table art, curiosities, collections and art work.","potentialAction":[{"@type":"SearchAction","target":{"@type":"EntryPoint","urlTemplate":"https:\/\/vintagefrenchfinds.com\/?s={search_term_string}"},"query-input":"required name=search_term_string"}],"inLanguage":"en-GB"}]}},"post_mailing_queue_ids":[],"_links":{"self":[{"href":"https:\/\/vintagefrenchfinds.com\/en\/wp-json\/wp\/v2\/product\/16679"}],"collection":[{"href":"https:\/\/vintagefrenchfinds.com\/en\/wp-json\/wp\/v2\/product"}],"about":[{"href":"https:\/\/vintagefrenchfinds.com\/en\/wp-json\/wp\/v2\/types\/product"}],"wp:featuredmedia":[{"embeddable":true,"href":"https:\/\/vintagefrenchfinds.com\/en\/wp-json\/wp\/v2\/media\/16680"}],"wp:attachment":[{"href":"https:\/\/vintagefrenchfinds.com\/en\/wp-json\/wp\/v2\/media?parent=16679"}],"wp:term":[{"taxonomy":"product_cat","embeddable":true,"href":"https:\/\/vintagefrenchfinds.com\/en\/wp-json\/wp\/v2\/product_cat?post=16679"},{"taxonomy":"product_tag","embeddable":true,"href":"https:\/\/vintagefrenchfinds.com\/en\/wp-json\/wp\/v2\/product_tag?post=16679"}],"curies":[{"name":"wp","href":"https:\/\/api.w.org\/{rel}","templated":true}]}}