{"id":16757,"date":"2022-11-12T16:31:45","date_gmt":"2022-11-12T16:31:45","guid":{"rendered":"https:\/\/vintagefrenchfinds.com\/?post_type=product&#038;p=16757"},"modified":"2025-03-19T16:03:41","modified_gmt":"2025-03-19T16:03:41","slug":"ancien-faisan-naturalise-empaille-taxidermie-4","status":"publish","type":"product","link":"https:\/\/vintagefrenchfinds.com\/en\/product\/ancien-faisan-naturalise-empaille-taxidermie-4","title":{"rendered":"Ancien Faisan Naturalis\u00e9 \/ Empaill\u00e9 \/ Taxidermie"},"content":{"rendered":"<p><span data-sheets-value=\"{&quot;1&quot;:2,&quot;2&quot;:&quot;V\u00e9ritable faisan de taxidermie vintage au plumage tr\u00e8s color\u00e9 roux ponctu\u00e9e de touches jaunes et bruns, pos\u00e9 sur un socle en bois.\\nCe gallinac\u00e9 a \u00e9t\u00e9 naturalis\u00e9 par un taxidermiste professionnel avec beaucoup de soin et de go\u00fbt.\\nIl a le regard doux ; tr\u00e8s loin de certaines b\u00eates mal empaill\u00e9es qui font peur !\\nUne belle pi\u00e8ce qui ravira les amoureux de ces oiseaux et apportera une jolie touche r\u00e9tro \u00e0 votre int\u00e9rieur !\\nC\u2019est \u00e9galement un joli cadeau pour amateurs de nature, de chasse et de cabinets de curiosit\u00e9.\\nTr\u00e8s bon \u00e9tat g\u00e9n\u00e9ral \\n( \u00c0 noter que cet article est trop fragile pour \u00eatre exp\u00e9di\u00e9 par la poste, la livraison est donc disponible uniquement par transporteur.)\\nH 40 x LO 66 cm\\n&quot;}\" data-sheets-userformat=\"{&quot;2&quot;:15213,&quot;3&quot;:{&quot;1&quot;:0},&quot;5&quot;:{&quot;1&quot;:[{&quot;1&quot;:2,&quot;2&quot;:0,&quot;5&quot;:{&quot;1&quot;:2,&quot;2&quot;:0}},{&quot;1&quot;:0,&quot;2&quot;:0,&quot;3&quot;:3},{&quot;1&quot;:1,&quot;2&quot;:0,&quot;4&quot;:1}]},&quot;6&quot;:{&quot;1&quot;:[{&quot;1&quot;:2,&quot;2&quot;:0,&quot;5&quot;:{&quot;1&quot;:2,&quot;2&quot;:0}},{&quot;1&quot;:0,&quot;2&quot;:0,&quot;3&quot;:3},{&quot;1&quot;:1,&quot;2&quot;:0,&quot;4&quot;:1}]},&quot;8&quot;:{&quot;1&quot;:[{&quot;1&quot;:2,&quot;2&quot;:0,&quot;5&quot;:{&quot;1&quot;:2,&quot;2&quot;:0}},{&quot;1&quot;:0,&quot;2&quot;:0,&quot;3&quot;:3},{&quot;1&quot;:1,&quot;2&quot;:0,&quot;4&quot;:1}]},&quot;9&quot;:1,&quot;11&quot;:4,&quot;12&quot;:0,&quot;14&quot;:{&quot;1&quot;:2,&quot;2&quot;:0},&quot;15&quot;:&quot;Calibri&quot;,&quot;16&quot;:14}\">V\u00e9ritable faisan de taxidermie vintage au plumage tr\u00e8s color\u00e9 roux ponctu\u00e9e de touches jaunes et bruns, pos\u00e9 sur un socle en bois.<br \/>\n<\/span><\/p>\n<p><span data-sheets-value=\"{&quot;1&quot;:2,&quot;2&quot;:&quot;V\u00e9ritable faisan de taxidermie vintage au plumage tr\u00e8s color\u00e9 roux ponctu\u00e9e de touches jaunes et bruns, pos\u00e9 sur un socle en bois.\\nCe gallinac\u00e9 a \u00e9t\u00e9 naturalis\u00e9 par un taxidermiste professionnel avec beaucoup de soin et de go\u00fbt.\\nIl a le regard doux ; tr\u00e8s loin de certaines b\u00eates mal empaill\u00e9es qui font peur !\\nUne belle pi\u00e8ce qui ravira les amoureux de ces oiseaux et apportera une jolie touche r\u00e9tro \u00e0 votre int\u00e9rieur !\\nC\u2019est \u00e9galement un joli cadeau pour amateurs de nature, de chasse et de cabinets de curiosit\u00e9.\\nTr\u00e8s bon \u00e9tat g\u00e9n\u00e9ral \\n( \u00c0 noter que cet article est trop fragile pour \u00eatre exp\u00e9di\u00e9 par la poste, la livraison est donc disponible uniquement par transporteur.)\\nH 40 x LO 66 cm\\n&quot;}\" data-sheets-userformat=\"{&quot;2&quot;:15213,&quot;3&quot;:{&quot;1&quot;:0},&quot;5&quot;:{&quot;1&quot;:[{&quot;1&quot;:2,&quot;2&quot;:0,&quot;5&quot;:{&quot;1&quot;:2,&quot;2&quot;:0}},{&quot;1&quot;:0,&quot;2&quot;:0,&quot;3&quot;:3},{&quot;1&quot;:1,&quot;2&quot;:0,&quot;4&quot;:1}]},&quot;6&quot;:{&quot;1&quot;:[{&quot;1&quot;:2,&quot;2&quot;:0,&quot;5&quot;:{&quot;1&quot;:2,&quot;2&quot;:0}},{&quot;1&quot;:0,&quot;2&quot;:0,&quot;3&quot;:3},{&quot;1&quot;:1,&quot;2&quot;:0,&quot;4&quot;:1}]},&quot;8&quot;:{&quot;1&quot;:[{&quot;1&quot;:2,&quot;2&quot;:0,&quot;5&quot;:{&quot;1&quot;:2,&quot;2&quot;:0}},{&quot;1&quot;:0,&quot;2&quot;:0,&quot;3&quot;:3},{&quot;1&quot;:1,&quot;2&quot;:0,&quot;4&quot;:1}]},&quot;9&quot;:1,&quot;11&quot;:4,&quot;12&quot;:0,&quot;14&quot;:{&quot;1&quot;:2,&quot;2&quot;:0},&quot;15&quot;:&quot;Calibri&quot;,&quot;16&quot;:14}\">Ce gallinac\u00e9 a \u00e9t\u00e9 naturalis\u00e9 par un taxidermiste professionnel avec beaucoup de soin et de go\u00fbt.<br \/>\n<\/span><\/p>\n<p><span data-sheets-value=\"{&quot;1&quot;:2,&quot;2&quot;:&quot;V\u00e9ritable faisan de taxidermie vintage au plumage tr\u00e8s color\u00e9 roux ponctu\u00e9e de touches jaunes et bruns, pos\u00e9 sur un socle en bois.\\nCe gallinac\u00e9 a \u00e9t\u00e9 naturalis\u00e9 par un taxidermiste professionnel avec beaucoup de soin et de go\u00fbt.\\nIl a le regard doux ; tr\u00e8s loin de certaines b\u00eates mal empaill\u00e9es qui font peur !\\nUne belle pi\u00e8ce qui ravira les amoureux de ces oiseaux et apportera une jolie touche r\u00e9tro \u00e0 votre int\u00e9rieur !\\nC\u2019est \u00e9galement un joli cadeau pour amateurs de nature, de chasse et de cabinets de curiosit\u00e9.\\nTr\u00e8s bon \u00e9tat g\u00e9n\u00e9ral \\n( \u00c0 noter que cet article est trop fragile pour \u00eatre exp\u00e9di\u00e9 par la poste, la livraison est donc disponible uniquement par transporteur.)\\nH 40 x LO 66 cm\\n&quot;}\" data-sheets-userformat=\"{&quot;2&quot;:15213,&quot;3&quot;:{&quot;1&quot;:0},&quot;5&quot;:{&quot;1&quot;:[{&quot;1&quot;:2,&quot;2&quot;:0,&quot;5&quot;:{&quot;1&quot;:2,&quot;2&quot;:0}},{&quot;1&quot;:0,&quot;2&quot;:0,&quot;3&quot;:3},{&quot;1&quot;:1,&quot;2&quot;:0,&quot;4&quot;:1}]},&quot;6&quot;:{&quot;1&quot;:[{&quot;1&quot;:2,&quot;2&quot;:0,&quot;5&quot;:{&quot;1&quot;:2,&quot;2&quot;:0}},{&quot;1&quot;:0,&quot;2&quot;:0,&quot;3&quot;:3},{&quot;1&quot;:1,&quot;2&quot;:0,&quot;4&quot;:1}]},&quot;8&quot;:{&quot;1&quot;:[{&quot;1&quot;:2,&quot;2&quot;:0,&quot;5&quot;:{&quot;1&quot;:2,&quot;2&quot;:0}},{&quot;1&quot;:0,&quot;2&quot;:0,&quot;3&quot;:3},{&quot;1&quot;:1,&quot;2&quot;:0,&quot;4&quot;:1}]},&quot;9&quot;:1,&quot;11&quot;:4,&quot;12&quot;:0,&quot;14&quot;:{&quot;1&quot;:2,&quot;2&quot;:0},&quot;15&quot;:&quot;Calibri&quot;,&quot;16&quot;:14}\">Il a le regard doux ; tr\u00e8s loin de certaines b\u00eates mal empaill\u00e9es qui font peur !<br \/>\n<\/span><\/p>\n<p><span data-sheets-value=\"{&quot;1&quot;:2,&quot;2&quot;:&quot;V\u00e9ritable faisan de taxidermie vintage au plumage tr\u00e8s color\u00e9 roux ponctu\u00e9e de touches jaunes et bruns, pos\u00e9 sur un socle en bois.\\nCe gallinac\u00e9 a \u00e9t\u00e9 naturalis\u00e9 par un taxidermiste professionnel avec beaucoup de soin et de go\u00fbt.\\nIl a le regard doux ; tr\u00e8s loin de certaines b\u00eates mal empaill\u00e9es qui font peur !\\nUne belle pi\u00e8ce qui ravira les amoureux de ces oiseaux et apportera une jolie touche r\u00e9tro \u00e0 votre int\u00e9rieur !\\nC\u2019est \u00e9galement un joli cadeau pour amateurs de nature, de chasse et de cabinets de curiosit\u00e9.\\nTr\u00e8s bon \u00e9tat g\u00e9n\u00e9ral \\n( \u00c0 noter que cet article est trop fragile pour \u00eatre exp\u00e9di\u00e9 par la poste, la livraison est donc disponible uniquement par transporteur.)\\nH 40 x LO 66 cm\\n&quot;}\" data-sheets-userformat=\"{&quot;2&quot;:15213,&quot;3&quot;:{&quot;1&quot;:0},&quot;5&quot;:{&quot;1&quot;:[{&quot;1&quot;:2,&quot;2&quot;:0,&quot;5&quot;:{&quot;1&quot;:2,&quot;2&quot;:0}},{&quot;1&quot;:0,&quot;2&quot;:0,&quot;3&quot;:3},{&quot;1&quot;:1,&quot;2&quot;:0,&quot;4&quot;:1}]},&quot;6&quot;:{&quot;1&quot;:[{&quot;1&quot;:2,&quot;2&quot;:0,&quot;5&quot;:{&quot;1&quot;:2,&quot;2&quot;:0}},{&quot;1&quot;:0,&quot;2&quot;:0,&quot;3&quot;:3},{&quot;1&quot;:1,&quot;2&quot;:0,&quot;4&quot;:1}]},&quot;8&quot;:{&quot;1&quot;:[{&quot;1&quot;:2,&quot;2&quot;:0,&quot;5&quot;:{&quot;1&quot;:2,&quot;2&quot;:0}},{&quot;1&quot;:0,&quot;2&quot;:0,&quot;3&quot;:3},{&quot;1&quot;:1,&quot;2&quot;:0,&quot;4&quot;:1}]},&quot;9&quot;:1,&quot;11&quot;:4,&quot;12&quot;:0,&quot;14&quot;:{&quot;1&quot;:2,&quot;2&quot;:0},&quot;15&quot;:&quot;Calibri&quot;,&quot;16&quot;:14}\">Une belle pi\u00e8ce qui ravira les amoureux de ces oiseaux et apportera une jolie touche r\u00e9tro \u00e0 votre int\u00e9rieur !<br \/>\n<\/span><\/p>\n<p><span data-sheets-value=\"{&quot;1&quot;:2,&quot;2&quot;:&quot;V\u00e9ritable faisan de taxidermie vintage au plumage tr\u00e8s color\u00e9 roux ponctu\u00e9e de touches jaunes et bruns, pos\u00e9 sur un socle en bois.\\nCe gallinac\u00e9 a \u00e9t\u00e9 naturalis\u00e9 par un taxidermiste professionnel avec beaucoup de soin et de go\u00fbt.\\nIl a le regard doux ; tr\u00e8s loin de certaines b\u00eates mal empaill\u00e9es qui font peur !\\nUne belle pi\u00e8ce qui ravira les amoureux de ces oiseaux et apportera une jolie touche r\u00e9tro \u00e0 votre int\u00e9rieur !\\nC\u2019est \u00e9galement un joli cadeau pour amateurs de nature, de chasse et de cabinets de curiosit\u00e9.\\nTr\u00e8s bon \u00e9tat g\u00e9n\u00e9ral \\n( \u00c0 noter que cet article est trop fragile pour \u00eatre exp\u00e9di\u00e9 par la poste, la livraison est donc disponible uniquement par transporteur.)\\nH 40 x LO 66 cm\\n&quot;}\" data-sheets-userformat=\"{&quot;2&quot;:15213,&quot;3&quot;:{&quot;1&quot;:0},&quot;5&quot;:{&quot;1&quot;:[{&quot;1&quot;:2,&quot;2&quot;:0,&quot;5&quot;:{&quot;1&quot;:2,&quot;2&quot;:0}},{&quot;1&quot;:0,&quot;2&quot;:0,&quot;3&quot;:3},{&quot;1&quot;:1,&quot;2&quot;:0,&quot;4&quot;:1}]},&quot;6&quot;:{&quot;1&quot;:[{&quot;1&quot;:2,&quot;2&quot;:0,&quot;5&quot;:{&quot;1&quot;:2,&quot;2&quot;:0}},{&quot;1&quot;:0,&quot;2&quot;:0,&quot;3&quot;:3},{&quot;1&quot;:1,&quot;2&quot;:0,&quot;4&quot;:1}]},&quot;8&quot;:{&quot;1&quot;:[{&quot;1&quot;:2,&quot;2&quot;:0,&quot;5&quot;:{&quot;1&quot;:2,&quot;2&quot;:0}},{&quot;1&quot;:0,&quot;2&quot;:0,&quot;3&quot;:3},{&quot;1&quot;:1,&quot;2&quot;:0,&quot;4&quot;:1}]},&quot;9&quot;:1,&quot;11&quot;:4,&quot;12&quot;:0,&quot;14&quot;:{&quot;1&quot;:2,&quot;2&quot;:0},&quot;15&quot;:&quot;Calibri&quot;,&quot;16&quot;:14}\">C\u2019est \u00e9galement un joli cadeau pour amateurs de nature, de chasse et de cabinets de curiosit\u00e9.<br \/>\n<\/span><\/p>\n<p><span data-sheets-value=\"{&quot;1&quot;:2,&quot;2&quot;:&quot;V\u00e9ritable faisan de taxidermie vintage au plumage tr\u00e8s color\u00e9 roux ponctu\u00e9e de touches jaunes et bruns, pos\u00e9 sur un socle en bois.\\nCe gallinac\u00e9 a \u00e9t\u00e9 naturalis\u00e9 par un taxidermiste professionnel avec beaucoup de soin et de go\u00fbt.\\nIl a le regard doux ; tr\u00e8s loin de certaines b\u00eates mal empaill\u00e9es qui font peur !\\nUne belle pi\u00e8ce qui ravira les amoureux de ces oiseaux et apportera une jolie touche r\u00e9tro \u00e0 votre int\u00e9rieur !\\nC\u2019est \u00e9galement un joli cadeau pour amateurs de nature, de chasse et de cabinets de curiosit\u00e9.\\nTr\u00e8s bon \u00e9tat g\u00e9n\u00e9ral \\n( \u00c0 noter que cet article est trop fragile pour \u00eatre exp\u00e9di\u00e9 par la poste, la livraison est donc disponible uniquement par transporteur.)\\nH 40 x LO 66 cm\\n&quot;}\" data-sheets-userformat=\"{&quot;2&quot;:15213,&quot;3&quot;:{&quot;1&quot;:0},&quot;5&quot;:{&quot;1&quot;:[{&quot;1&quot;:2,&quot;2&quot;:0,&quot;5&quot;:{&quot;1&quot;:2,&quot;2&quot;:0}},{&quot;1&quot;:0,&quot;2&quot;:0,&quot;3&quot;:3},{&quot;1&quot;:1,&quot;2&quot;:0,&quot;4&quot;:1}]},&quot;6&quot;:{&quot;1&quot;:[{&quot;1&quot;:2,&quot;2&quot;:0,&quot;5&quot;:{&quot;1&quot;:2,&quot;2&quot;:0}},{&quot;1&quot;:0,&quot;2&quot;:0,&quot;3&quot;:3},{&quot;1&quot;:1,&quot;2&quot;:0,&quot;4&quot;:1}]},&quot;8&quot;:{&quot;1&quot;:[{&quot;1&quot;:2,&quot;2&quot;:0,&quot;5&quot;:{&quot;1&quot;:2,&quot;2&quot;:0}},{&quot;1&quot;:0,&quot;2&quot;:0,&quot;3&quot;:3},{&quot;1&quot;:1,&quot;2&quot;:0,&quot;4&quot;:1}]},&quot;9&quot;:1,&quot;11&quot;:4,&quot;12&quot;:0,&quot;14&quot;:{&quot;1&quot;:2,&quot;2&quot;:0},&quot;15&quot;:&quot;Calibri&quot;,&quot;16&quot;:14}\">Tr\u00e8s bon \u00e9tat g\u00e9n\u00e9ral<br \/>\n<\/span><\/p>\n<p><span data-sheets-value=\"{&quot;1&quot;:2,&quot;2&quot;:&quot;V\u00e9ritable faisan de taxidermie vintage au plumage tr\u00e8s color\u00e9 roux ponctu\u00e9e de touches jaunes et bruns, pos\u00e9 sur un socle en bois.\\nCe gallinac\u00e9 a \u00e9t\u00e9 naturalis\u00e9 par un taxidermiste professionnel avec beaucoup de soin et de go\u00fbt.\\nIl a le regard doux ; tr\u00e8s loin de certaines b\u00eates mal empaill\u00e9es qui font peur !\\nUne belle pi\u00e8ce qui ravira les amoureux de ces oiseaux et apportera une jolie touche r\u00e9tro \u00e0 votre int\u00e9rieur !\\nC\u2019est \u00e9galement un joli cadeau pour amateurs de nature, de chasse et de cabinets de curiosit\u00e9.\\nTr\u00e8s bon \u00e9tat g\u00e9n\u00e9ral \\n( \u00c0 noter que cet article est trop fragile pour \u00eatre exp\u00e9di\u00e9 par la poste, la livraison est donc disponible uniquement par transporteur.)\\nH 40 x LO 66 cm\\n&quot;}\" data-sheets-userformat=\"{&quot;2&quot;:15213,&quot;3&quot;:{&quot;1&quot;:0},&quot;5&quot;:{&quot;1&quot;:[{&quot;1&quot;:2,&quot;2&quot;:0,&quot;5&quot;:{&quot;1&quot;:2,&quot;2&quot;:0}},{&quot;1&quot;:0,&quot;2&quot;:0,&quot;3&quot;:3},{&quot;1&quot;:1,&quot;2&quot;:0,&quot;4&quot;:1}]},&quot;6&quot;:{&quot;1&quot;:[{&quot;1&quot;:2,&quot;2&quot;:0,&quot;5&quot;:{&quot;1&quot;:2,&quot;2&quot;:0}},{&quot;1&quot;:0,&quot;2&quot;:0,&quot;3&quot;:3},{&quot;1&quot;:1,&quot;2&quot;:0,&quot;4&quot;:1}]},&quot;8&quot;:{&quot;1&quot;:[{&quot;1&quot;:2,&quot;2&quot;:0,&quot;5&quot;:{&quot;1&quot;:2,&quot;2&quot;:0}},{&quot;1&quot;:0,&quot;2&quot;:0,&quot;3&quot;:3},{&quot;1&quot;:1,&quot;2&quot;:0,&quot;4&quot;:1}]},&quot;9&quot;:1,&quot;11&quot;:4,&quot;12&quot;:0,&quot;14&quot;:{&quot;1&quot;:2,&quot;2&quot;:0},&quot;15&quot;:&quot;Calibri&quot;,&quot;16&quot;:14}\">( \u00c0 noter que cet article est trop fragile pour \u00eatre exp\u00e9di\u00e9 par la poste, la livraison est donc disponible uniquement par transporteur.)<br \/>\n<\/span><\/p>\n<p><span data-sheets-value=\"{&quot;1&quot;:2,&quot;2&quot;:&quot;V\u00e9ritable faisan de taxidermie vintage au plumage tr\u00e8s color\u00e9 roux ponctu\u00e9e de touches jaunes et bruns, pos\u00e9 sur un socle en bois.\\nCe gallinac\u00e9 a \u00e9t\u00e9 naturalis\u00e9 par un taxidermiste professionnel avec beaucoup de soin et de go\u00fbt.\\nIl a le regard doux ; tr\u00e8s loin de certaines b\u00eates mal empaill\u00e9es qui font peur !\\nUne belle pi\u00e8ce qui ravira les amoureux de ces oiseaux et apportera une jolie touche r\u00e9tro \u00e0 votre int\u00e9rieur !\\nC\u2019est \u00e9galement un joli cadeau pour amateurs de nature, de chasse et de cabinets de curiosit\u00e9.\\nTr\u00e8s bon \u00e9tat g\u00e9n\u00e9ral \\n( \u00c0 noter que cet article est trop fragile pour \u00eatre exp\u00e9di\u00e9 par la poste, la livraison est donc disponible uniquement par transporteur.)\\nH 40 x LO 66 cm\\n&quot;}\" data-sheets-userformat=\"{&quot;2&quot;:15213,&quot;3&quot;:{&quot;1&quot;:0},&quot;5&quot;:{&quot;1&quot;:[{&quot;1&quot;:2,&quot;2&quot;:0,&quot;5&quot;:{&quot;1&quot;:2,&quot;2&quot;:0}},{&quot;1&quot;:0,&quot;2&quot;:0,&quot;3&quot;:3},{&quot;1&quot;:1,&quot;2&quot;:0,&quot;4&quot;:1}]},&quot;6&quot;:{&quot;1&quot;:[{&quot;1&quot;:2,&quot;2&quot;:0,&quot;5&quot;:{&quot;1&quot;:2,&quot;2&quot;:0}},{&quot;1&quot;:0,&quot;2&quot;:0,&quot;3&quot;:3},{&quot;1&quot;:1,&quot;2&quot;:0,&quot;4&quot;:1}]},&quot;8&quot;:{&quot;1&quot;:[{&quot;1&quot;:2,&quot;2&quot;:0,&quot;5&quot;:{&quot;1&quot;:2,&quot;2&quot;:0}},{&quot;1&quot;:0,&quot;2&quot;:0,&quot;3&quot;:3},{&quot;1&quot;:1,&quot;2&quot;:0,&quot;4&quot;:1}]},&quot;9&quot;:1,&quot;11&quot;:4,&quot;12&quot;:0,&quot;14&quot;:{&quot;1&quot;:2,&quot;2&quot;:0},&quot;15&quot;:&quot;Calibri&quot;,&quot;16&quot;:14}\">H 40 x LO 66 cm<br \/>\n<\/span><\/p>\n","protected":false},"excerpt":{"rendered":"<p>V\u00e9ritable faisan de taxidermie vintage au plumage tr\u00e8s color\u00e9 roux ponctu\u00e9e de touches jaunes et bruns, pos\u00e9 sur un socle en bois. Ce gallinac\u00e9 a \u00e9t\u00e9 naturalis\u00e9 par un taxidermiste professionnel avec beaucoup de soin et de go\u00fbt. Il a le regard doux ; tr\u00e8s loin de certaines b\u00eates mal empaill\u00e9es qui font peur ! [&hellip;]<\/p>\n","protected":false},"featured_media":16759,"template":"","meta":{"site-sidebar-layout":"default","site-content-layout":"default","ast-site-content-layout":"default","site-content-style":"default","site-sidebar-style":"default","ast-global-header-display":"","ast-banner-title-visibility":"","ast-main-header-display":"","ast-hfb-above-header-display":"","ast-hfb-below-header-display":"","ast-hfb-mobile-header-display":"","site-post-title":"","ast-breadcrumbs-content":"","ast-featured-img":"","footer-sml-layout":"","ast-disable-related-posts":"","theme-transparent-header-meta":"default","adv-header-id-meta":"","stick-header-meta":"","header-above-stick-meta":"","header-main-stick-meta":"","header-below-stick-meta":"","astra-migrate-meta-layouts":"default","ast-page-background-enabled":"default","ast-page-background-meta":{"desktop":{"background-color":"var(--ast-global-color-4)","background-image":"","background-repeat":"repeat","background-position":"center center","background-size":"auto","background-attachment":"scroll","background-type":"","background-media":"","overlay-type":"","overlay-color":"","overlay-opacity":"","overlay-gradient":""},"tablet":{"background-color":"","background-image":"","background-repeat":"repeat","background-position":"center center","background-size":"auto","background-attachment":"scroll","background-type":"","background-media":"","overlay-type":"","overlay-color":"","overlay-opacity":"","overlay-gradient":""},"mobile":{"background-color":"","background-image":"","background-repeat":"repeat","background-position":"center center","background-size":"auto","background-attachment":"scroll","background-type":"","background-media":"","overlay-type":"","overlay-color":"","overlay-opacity":"","overlay-gradient":""}},"ast-content-background-meta":{"desktop":{"background-color":"var(--ast-global-color-5)","background-image":"","background-repeat":"repeat","background-position":"center center","background-size":"auto","background-attachment":"scroll","background-type":"","background-media":"","overlay-type":"","overlay-color":"","overlay-opacity":"","overlay-gradient":""},"tablet":{"background-color":"var(--ast-global-color-5)","background-image":"","background-repeat":"repeat","background-position":"center center","background-size":"auto","background-attachment":"scroll","background-type":"","background-media":"","overlay-type":"","overlay-color":"","overlay-opacity":"","overlay-gradient":""},"mobile":{"background-color":"var(--ast-global-color-5)","background-image":"","background-repeat":"repeat","background-position":"center center","background-size":"auto","background-attachment":"scroll","background-type":"","background-media":"","overlay-type":"","overlay-color":"","overlay-opacity":"","overlay-gradient":""}}},"product_cat":[3575,3581],"product_tag":[1197,1349,1326,3870,1571,2599,1251,1348,1011],"yoast_head":"<!-- This site is optimized with the Yoast SEO plugin v20.8 - https:\/\/yoast.com\/wordpress\/plugins\/seo\/ -->\n<title>Ancien Faisan Naturalis\u00e9 \/ Empaill\u00e9 \/ Taxidermie - Vintage French Finds<\/title>\n<meta name=\"description\" content=\"The best of French vintage delivered to your doorstep direct from France : fashion, furniture, decoration, table art, curiosities, collections and art work.\" \/>\n<meta name=\"robots\" content=\"index, follow, max-snippet:-1, max-image-preview:large, max-video-preview:-1\" \/>\n<link rel=\"canonical\" href=\"https:\/\/vintagefrenchfinds.com\/en\/product\/ancien-faisan-naturalise-empaille-taxidermie-4\/\" \/>\n<meta property=\"og:locale\" content=\"en_GB\" \/>\n<meta property=\"og:type\" content=\"article\" \/>\n<meta property=\"og:title\" content=\"Ancien Faisan Naturalis\u00e9 \/ Empaill\u00e9 \/ Taxidermie - Vintage French Finds\" \/>\n<meta property=\"og:description\" content=\"The best of French vintage delivered to your doorstep direct from France : fashion, furniture, decoration, table art, curiosities, collections and art work.\" \/>\n<meta property=\"og:url\" content=\"https:\/\/vintagefrenchfinds.com\/en\/product\/ancien-faisan-naturalise-empaille-taxidermie-4\/\" \/>\n<meta property=\"og:site_name\" content=\"Vintage French Finds\" \/>\n<meta property=\"article:modified_time\" content=\"2025-03-19T16:03:41+00:00\" \/>\n<meta property=\"og:image\" content=\"https:\/\/vintagefrenchfinds.com\/wp-content\/uploads\/2022\/11\/DSCN7005-1.jpg\" \/>\n\t<meta property=\"og:image:width\" content=\"886\" \/>\n\t<meta property=\"og:image:height\" content=\"741\" \/>\n\t<meta property=\"og:image:type\" content=\"image\/jpeg\" \/>\n<meta name=\"twitter:card\" content=\"summary_large_image\" \/>\n<meta name=\"twitter:label1\" content=\"Estimated reading time\" \/>\n\t<meta name=\"twitter:data1\" content=\"1 minute\" \/>\n<script type=\"application\/ld+json\" class=\"yoast-schema-graph\">{\"@context\":\"https:\/\/schema.org\",\"@graph\":[{\"@type\":\"WebPage\",\"@id\":\"https:\/\/vintagefrenchfinds.com\/product\/ancien-faisan-naturalise-empaille-taxidermie-4\",\"url\":\"https:\/\/vintagefrenchfinds.com\/product\/ancien-faisan-naturalise-empaille-taxidermie-4\",\"name\":\"Ancien Faisan Naturalis\u00e9 \/ Empaill\u00e9 \/ Taxidermie - Vintage French Finds\",\"isPartOf\":{\"@id\":\"https:\/\/vintagefrenchfinds.com\/#website\"},\"datePublished\":\"2022-11-12T16:31:45+00:00\",\"dateModified\":\"2025-03-19T16:03:41+00:00\",\"description\":\"The best of French vintage delivered to your doorstep direct from France : fashion, furniture, decoration, table art, curiosities, collections and art work.\",\"breadcrumb\":{\"@id\":\"https:\/\/vintagefrenchfinds.com\/product\/ancien-faisan-naturalise-empaille-taxidermie-4#breadcrumb\"},\"inLanguage\":\"en-GB\",\"potentialAction\":[{\"@type\":\"ReadAction\",\"target\":[\"https:\/\/vintagefrenchfinds.com\/product\/ancien-faisan-naturalise-empaille-taxidermie-4\"]}]},{\"@type\":\"BreadcrumbList\",\"@id\":\"https:\/\/vintagefrenchfinds.com\/product\/ancien-faisan-naturalise-empaille-taxidermie-4#breadcrumb\",\"itemListElement\":[{\"@type\":\"ListItem\",\"position\":1,\"name\":\"Home\",\"item\":\"https:\/\/vintagefrenchfinds.com\/\"},{\"@type\":\"ListItem\",\"position\":2,\"name\":\"BOUTIQUE\",\"item\":\"https:\/\/vintagefrenchfinds.com\/shop\"},{\"@type\":\"ListItem\",\"position\":3,\"name\":\"Ancien Faisan Naturalis\u00e9 \/ Empaill\u00e9 \/ Taxidermie\"}]},{\"@type\":\"WebSite\",\"@id\":\"https:\/\/vintagefrenchfinds.com\/#website\",\"url\":\"https:\/\/vintagefrenchfinds.com\/\",\"name\":\"Vintage French Finds\",\"description\":\"The best of French vintage delivered to your doorstep direct from France : fashion, furniture, decoration, table art, curiosities, collections and art work.\",\"potentialAction\":[{\"@type\":\"SearchAction\",\"target\":{\"@type\":\"EntryPoint\",\"urlTemplate\":\"https:\/\/vintagefrenchfinds.com\/?s={search_term_string}\"},\"query-input\":\"required name=search_term_string\"}],\"inLanguage\":\"en-GB\"}]}<\/script>\n<!-- \/ Yoast SEO plugin. -->","yoast_head_json":{"title":"Ancien Faisan Naturalis\u00e9 \/ Empaill\u00e9 \/ Taxidermie - Vintage French Finds","description":"The best of French vintage delivered to your doorstep direct from France : fashion, furniture, decoration, table art, curiosities, collections and art work.","robots":{"index":"index","follow":"follow","max-snippet":"max-snippet:-1","max-image-preview":"max-image-preview:large","max-video-preview":"max-video-preview:-1"},"canonical":"https:\/\/vintagefrenchfinds.com\/en\/product\/ancien-faisan-naturalise-empaille-taxidermie-4\/","og_locale":"en_GB","og_type":"article","og_title":"Ancien Faisan Naturalis\u00e9 \/ Empaill\u00e9 \/ Taxidermie - Vintage French Finds","og_description":"The best of French vintage delivered to your doorstep direct from France : fashion, furniture, decoration, table art, curiosities, collections and art work.","og_url":"https:\/\/vintagefrenchfinds.com\/en\/product\/ancien-faisan-naturalise-empaille-taxidermie-4\/","og_site_name":"Vintage French Finds","article_modified_time":"2025-03-19T16:03:41+00:00","og_image":[{"width":886,"height":741,"url":"https:\/\/vintagefrenchfinds.com\/wp-content\/uploads\/2022\/11\/DSCN7005-1.jpg","type":"image\/jpeg"}],"twitter_card":"summary_large_image","twitter_misc":{"Estimated reading time":"1 minute"},"schema":{"@context":"https:\/\/schema.org","@graph":[{"@type":"WebPage","@id":"https:\/\/vintagefrenchfinds.com\/product\/ancien-faisan-naturalise-empaille-taxidermie-4","url":"https:\/\/vintagefrenchfinds.com\/product\/ancien-faisan-naturalise-empaille-taxidermie-4","name":"Ancien Faisan Naturalis\u00e9 \/ Empaill\u00e9 \/ Taxidermie - Vintage French Finds","isPartOf":{"@id":"https:\/\/vintagefrenchfinds.com\/#website"},"datePublished":"2022-11-12T16:31:45+00:00","dateModified":"2025-03-19T16:03:41+00:00","description":"The best of French vintage delivered to your doorstep direct from France : fashion, furniture, decoration, table art, curiosities, collections and art work.","breadcrumb":{"@id":"https:\/\/vintagefrenchfinds.com\/product\/ancien-faisan-naturalise-empaille-taxidermie-4#breadcrumb"},"inLanguage":"en-GB","potentialAction":[{"@type":"ReadAction","target":["https:\/\/vintagefrenchfinds.com\/product\/ancien-faisan-naturalise-empaille-taxidermie-4"]}]},{"@type":"BreadcrumbList","@id":"https:\/\/vintagefrenchfinds.com\/product\/ancien-faisan-naturalise-empaille-taxidermie-4#breadcrumb","itemListElement":[{"@type":"ListItem","position":1,"name":"Home","item":"https:\/\/vintagefrenchfinds.com\/"},{"@type":"ListItem","position":2,"name":"BOUTIQUE","item":"https:\/\/vintagefrenchfinds.com\/shop"},{"@type":"ListItem","position":3,"name":"Ancien Faisan Naturalis\u00e9 \/ Empaill\u00e9 \/ Taxidermie"}]},{"@type":"WebSite","@id":"https:\/\/vintagefrenchfinds.com\/#website","url":"https:\/\/vintagefrenchfinds.com\/","name":"Vintage French Finds\u00a0","description":"The best of French vintage delivered to your doorstep direct from France : fashion, furniture, decoration, table art, curiosities, collections and art work.","potentialAction":[{"@type":"SearchAction","target":{"@type":"EntryPoint","urlTemplate":"https:\/\/vintagefrenchfinds.com\/?s={search_term_string}"},"query-input":"required name=search_term_string"}],"inLanguage":"en-GB"}]}},"post_mailing_queue_ids":[],"_links":{"self":[{"href":"https:\/\/vintagefrenchfinds.com\/en\/wp-json\/wp\/v2\/product\/16757"}],"collection":[{"href":"https:\/\/vintagefrenchfinds.com\/en\/wp-json\/wp\/v2\/product"}],"about":[{"href":"https:\/\/vintagefrenchfinds.com\/en\/wp-json\/wp\/v2\/types\/product"}],"wp:featuredmedia":[{"embeddable":true,"href":"https:\/\/vintagefrenchfinds.com\/en\/wp-json\/wp\/v2\/media\/16759"}],"wp:attachment":[{"href":"https:\/\/vintagefrenchfinds.com\/en\/wp-json\/wp\/v2\/media?parent=16757"}],"wp:term":[{"taxonomy":"product_cat","embeddable":true,"href":"https:\/\/vintagefrenchfinds.com\/en\/wp-json\/wp\/v2\/product_cat?post=16757"},{"taxonomy":"product_tag","embeddable":true,"href":"https:\/\/vintagefrenchfinds.com\/en\/wp-json\/wp\/v2\/product_tag?post=16757"}],"curies":[{"name":"wp","href":"https:\/\/api.w.org\/{rel}","templated":true}]}}