{"id":16995,"date":"2022-12-01T14:22:03","date_gmt":"2022-12-01T14:22:03","guid":{"rendered":"https:\/\/vintagefrenchfinds.com\/?post_type=product&#038;p=16995"},"modified":"2025-05-22T08:24:43","modified_gmt":"2025-05-22T08:24:43","slug":"2-anciens-bols-en-porcelaine-cp-france-sainte-therese-de-lisieux","status":"publish","type":"product","link":"https:\/\/vintagefrenchfinds.com\/en\/product\/2-anciens-bols-en-porcelaine-cp-france-sainte-therese-de-lisieux","title":{"rendered":"2 Antique French Porcelain Bowls CP France - Saint Therese of Lisieux"},"content":{"rendered":"<p><span style=\"font-weight: 400;\">Pair of beautiful porcelain bowls from the Compagnie Nationale de France, commemorating  Saint Therese of the Child Jesus<\/span><\/p>\n<p><span style=\"font-weight: 400;\">These two small containers decorated with a floral frieze and golden borders, are decorated with the bust of Carmelite nun born in Alen\u00e7on on January 2, 1873 and who died on September 30, 1897 in Lisieux.<\/span><\/p>\n<p><span style=\"font-weight: 400;\">Stamped: \"CNP France\" a factory in Vierzon which revolutionised the porcelain industry.<\/span><\/p>\n<p><span style=\"font-weight: 400;\">It was founded following the economic crisis of 1952, with the merger of Taillemite, Jacquin de Vierzon and the Cie fran\u00e7aise de porcelaines du Centre de Saint-genou.<\/span><\/p>\n<p><span style=\"font-weight: 400;\">The items are sold as is with the traces of their past life.<\/span><\/p>\n<p><span style=\"font-weight: 400;\">A beautiful gift for any Catholic or lover of beautiful objects from yesteryear.<\/span><\/p>\n<p><span style=\"font-weight: 400;\">D 13,5 cm<\/span><\/p>","protected":false},"excerpt":{"rendered":"<p>Paire de magnifiques bols en porcelaine de la Compagnie Nationale de France en souvenir de Sainte Th\u00e9r\u00e8se de l\u2019Enfant-J\u00e9sus Ces deux petits r\u00e9cipients d\u00e9cor\u00e9s d\u2019une frise florale et de liser\u00e9s dor\u00e9s, sont \u00e0 l\u2019effigie de la c\u00e9l\u00e8bre religieuse carm\u00e9lite n\u00e9e \u00e0 Alen\u00e7on le 2 janvier 1873 et morte le 30 septembre 1897 \u00e0 Lisieux. Estampill\u00e9s [&hellip;]<\/p>\n","protected":false},"featured_media":16996,"template":"","meta":{"site-sidebar-layout":"default","site-content-layout":"default","ast-site-content-layout":"default","site-content-style":"default","site-sidebar-style":"default","ast-global-header-display":"","ast-banner-title-visibility":"","ast-main-header-display":"","ast-hfb-above-header-display":"","ast-hfb-below-header-display":"","ast-hfb-mobile-header-display":"","site-post-title":"","ast-breadcrumbs-content":"","ast-featured-img":"","footer-sml-layout":"","ast-disable-related-posts":"","theme-transparent-header-meta":"default","adv-header-id-meta":"","stick-header-meta":"","header-above-stick-meta":"","header-main-stick-meta":"","header-below-stick-meta":"","astra-migrate-meta-layouts":"default","ast-page-background-enabled":"default","ast-page-background-meta":{"desktop":{"background-color":"var(--ast-global-color-4)","background-image":"","background-repeat":"repeat","background-position":"center center","background-size":"auto","background-attachment":"scroll","background-type":"","background-media":"","overlay-type":"","overlay-color":"","overlay-opacity":"","overlay-gradient":""},"tablet":{"background-color":"","background-image":"","background-repeat":"repeat","background-position":"center center","background-size":"auto","background-attachment":"scroll","background-type":"","background-media":"","overlay-type":"","overlay-color":"","overlay-opacity":"","overlay-gradient":""},"mobile":{"background-color":"","background-image":"","background-repeat":"repeat","background-position":"center center","background-size":"auto","background-attachment":"scroll","background-type":"","background-media":"","overlay-type":"","overlay-color":"","overlay-opacity":"","overlay-gradient":""}},"ast-content-background-meta":{"desktop":{"background-color":"var(--ast-global-color-5)","background-image":"","background-repeat":"repeat","background-position":"center center","background-size":"auto","background-attachment":"scroll","background-type":"","background-media":"","overlay-type":"","overlay-color":"","overlay-opacity":"","overlay-gradient":""},"tablet":{"background-color":"var(--ast-global-color-5)","background-image":"","background-repeat":"repeat","background-position":"center center","background-size":"auto","background-attachment":"scroll","background-type":"","background-media":"","overlay-type":"","overlay-color":"","overlay-opacity":"","overlay-gradient":""},"mobile":{"background-color":"var(--ast-global-color-5)","background-image":"","background-repeat":"repeat","background-position":"center center","background-size":"auto","background-attachment":"scroll","background-type":"","background-media":"","overlay-type":"","overlay-color":"","overlay-opacity":"","overlay-gradient":""}}},"product_cat":[3542,3549],"product_tag":[1382,1642,1211,1393],"yoast_head":"<!-- This site is optimized with the Yoast SEO plugin v20.8 - https:\/\/yoast.com\/wordpress\/plugins\/seo\/ -->\n<title>2 Anciens Bols en Porcelaine CP France - Sainte Th\u00e9r\u00e8se de Lisieux - Vintage French Finds<\/title>\n<meta name=\"description\" content=\"The best of French vintage delivered to your doorstep direct from France : fashion, furniture, decoration, table art, curiosities, collections and art work.\" \/>\n<meta name=\"robots\" content=\"index, follow, max-snippet:-1, max-image-preview:large, max-video-preview:-1\" \/>\n<link rel=\"canonical\" href=\"https:\/\/vintagefrenchfinds.com\/en\/product\/2-anciens-bols-en-porcelaine-cp-france-sainte-therese-de-lisieux\/\" \/>\n<meta property=\"og:locale\" content=\"en_GB\" \/>\n<meta property=\"og:type\" content=\"article\" \/>\n<meta property=\"og:title\" content=\"2 Anciens Bols en Porcelaine CP France - Sainte Th\u00e9r\u00e8se de Lisieux - Vintage French Finds\" \/>\n<meta property=\"og:description\" content=\"The best of French vintage delivered to your doorstep direct from France : fashion, furniture, decoration, table art, curiosities, collections and art work.\" \/>\n<meta property=\"og:url\" content=\"https:\/\/vintagefrenchfinds.com\/en\/product\/2-anciens-bols-en-porcelaine-cp-france-sainte-therese-de-lisieux\/\" \/>\n<meta property=\"og:site_name\" content=\"Vintage French Finds\" \/>\n<meta property=\"article:modified_time\" content=\"2025-05-22T08:24:43+00:00\" \/>\n<meta property=\"og:image\" content=\"https:\/\/vintagefrenchfinds.com\/wp-content\/uploads\/2022\/12\/DSCN7385.jpg\" \/>\n\t<meta property=\"og:image:width\" content=\"886\" \/>\n\t<meta property=\"og:image:height\" content=\"598\" \/>\n\t<meta property=\"og:image:type\" content=\"image\/jpeg\" \/>\n<meta name=\"twitter:card\" content=\"summary_large_image\" \/>\n<meta name=\"twitter:label1\" content=\"Estimated reading time\" \/>\n\t<meta name=\"twitter:data1\" content=\"1 minute\" \/>\n<script type=\"application\/ld+json\" class=\"yoast-schema-graph\">{\"@context\":\"https:\/\/schema.org\",\"@graph\":[{\"@type\":\"WebPage\",\"@id\":\"https:\/\/vintagefrenchfinds.com\/product\/2-anciens-bols-en-porcelaine-cp-france-sainte-therese-de-lisieux\",\"url\":\"https:\/\/vintagefrenchfinds.com\/product\/2-anciens-bols-en-porcelaine-cp-france-sainte-therese-de-lisieux\",\"name\":\"2 Anciens Bols en Porcelaine CP France - Sainte Th\u00e9r\u00e8se de Lisieux - Vintage French Finds\",\"isPartOf\":{\"@id\":\"https:\/\/vintagefrenchfinds.com\/#website\"},\"datePublished\":\"2022-12-01T14:22:03+00:00\",\"dateModified\":\"2025-05-22T08:24:43+00:00\",\"description\":\"The best of French vintage delivered to your doorstep direct from France : fashion, furniture, decoration, table art, curiosities, collections and art work.\",\"breadcrumb\":{\"@id\":\"https:\/\/vintagefrenchfinds.com\/product\/2-anciens-bols-en-porcelaine-cp-france-sainte-therese-de-lisieux#breadcrumb\"},\"inLanguage\":\"en-GB\",\"potentialAction\":[{\"@type\":\"ReadAction\",\"target\":[\"https:\/\/vintagefrenchfinds.com\/product\/2-anciens-bols-en-porcelaine-cp-france-sainte-therese-de-lisieux\"]}]},{\"@type\":\"BreadcrumbList\",\"@id\":\"https:\/\/vintagefrenchfinds.com\/product\/2-anciens-bols-en-porcelaine-cp-france-sainte-therese-de-lisieux#breadcrumb\",\"itemListElement\":[{\"@type\":\"ListItem\",\"position\":1,\"name\":\"Home\",\"item\":\"https:\/\/vintagefrenchfinds.com\/\"},{\"@type\":\"ListItem\",\"position\":2,\"name\":\"BOUTIQUE\",\"item\":\"https:\/\/vintagefrenchfinds.com\/shop\"},{\"@type\":\"ListItem\",\"position\":3,\"name\":\"2 Anciens Bols en Porcelaine CP France &#8211; Sainte Th\u00e9r\u00e8se de Lisieux\"}]},{\"@type\":\"WebSite\",\"@id\":\"https:\/\/vintagefrenchfinds.com\/#website\",\"url\":\"https:\/\/vintagefrenchfinds.com\/\",\"name\":\"Vintage French Finds\",\"description\":\"The best of French vintage delivered to your doorstep direct from France : fashion, furniture, decoration, table art, curiosities, collections and art work.\",\"potentialAction\":[{\"@type\":\"SearchAction\",\"target\":{\"@type\":\"EntryPoint\",\"urlTemplate\":\"https:\/\/vintagefrenchfinds.com\/?s={search_term_string}\"},\"query-input\":\"required name=search_term_string\"}],\"inLanguage\":\"en-GB\"}]}<\/script>\n<!-- \/ Yoast SEO plugin. -->","yoast_head_json":{"title":"2 Anciens Bols en Porcelaine CP France - Sainte Th\u00e9r\u00e8se de Lisieux - Vintage French Finds","description":"The best of French vintage delivered to your doorstep direct from France : fashion, furniture, decoration, table art, curiosities, collections and art work.","robots":{"index":"index","follow":"follow","max-snippet":"max-snippet:-1","max-image-preview":"max-image-preview:large","max-video-preview":"max-video-preview:-1"},"canonical":"https:\/\/vintagefrenchfinds.com\/en\/product\/2-anciens-bols-en-porcelaine-cp-france-sainte-therese-de-lisieux\/","og_locale":"en_GB","og_type":"article","og_title":"2 Anciens Bols en Porcelaine CP France - Sainte Th\u00e9r\u00e8se de Lisieux - Vintage French Finds","og_description":"The best of French vintage delivered to your doorstep direct from France : fashion, furniture, decoration, table art, curiosities, collections and art work.","og_url":"https:\/\/vintagefrenchfinds.com\/en\/product\/2-anciens-bols-en-porcelaine-cp-france-sainte-therese-de-lisieux\/","og_site_name":"Vintage French Finds","article_modified_time":"2025-05-22T08:24:43+00:00","og_image":[{"width":886,"height":598,"url":"https:\/\/vintagefrenchfinds.com\/wp-content\/uploads\/2022\/12\/DSCN7385.jpg","type":"image\/jpeg"}],"twitter_card":"summary_large_image","twitter_misc":{"Estimated reading time":"1 minute"},"schema":{"@context":"https:\/\/schema.org","@graph":[{"@type":"WebPage","@id":"https:\/\/vintagefrenchfinds.com\/product\/2-anciens-bols-en-porcelaine-cp-france-sainte-therese-de-lisieux","url":"https:\/\/vintagefrenchfinds.com\/product\/2-anciens-bols-en-porcelaine-cp-france-sainte-therese-de-lisieux","name":"2 Anciens Bols en Porcelaine CP France - Sainte Th\u00e9r\u00e8se de Lisieux - Vintage French Finds","isPartOf":{"@id":"https:\/\/vintagefrenchfinds.com\/#website"},"datePublished":"2022-12-01T14:22:03+00:00","dateModified":"2025-05-22T08:24:43+00:00","description":"The best of French vintage delivered to your doorstep direct from France : fashion, furniture, decoration, table art, curiosities, collections and art work.","breadcrumb":{"@id":"https:\/\/vintagefrenchfinds.com\/product\/2-anciens-bols-en-porcelaine-cp-france-sainte-therese-de-lisieux#breadcrumb"},"inLanguage":"en-GB","potentialAction":[{"@type":"ReadAction","target":["https:\/\/vintagefrenchfinds.com\/product\/2-anciens-bols-en-porcelaine-cp-france-sainte-therese-de-lisieux"]}]},{"@type":"BreadcrumbList","@id":"https:\/\/vintagefrenchfinds.com\/product\/2-anciens-bols-en-porcelaine-cp-france-sainte-therese-de-lisieux#breadcrumb","itemListElement":[{"@type":"ListItem","position":1,"name":"Home","item":"https:\/\/vintagefrenchfinds.com\/"},{"@type":"ListItem","position":2,"name":"BOUTIQUE","item":"https:\/\/vintagefrenchfinds.com\/shop"},{"@type":"ListItem","position":3,"name":"2 Anciens Bols en Porcelaine CP France &#8211; Sainte Th\u00e9r\u00e8se de Lisieux"}]},{"@type":"WebSite","@id":"https:\/\/vintagefrenchfinds.com\/#website","url":"https:\/\/vintagefrenchfinds.com\/","name":"Vintage French Finds\u00a0","description":"The best of French vintage delivered to your doorstep direct from France : fashion, furniture, decoration, table art, curiosities, collections and art work.","potentialAction":[{"@type":"SearchAction","target":{"@type":"EntryPoint","urlTemplate":"https:\/\/vintagefrenchfinds.com\/?s={search_term_string}"},"query-input":"required name=search_term_string"}],"inLanguage":"en-GB"}]}},"post_mailing_queue_ids":[],"_links":{"self":[{"href":"https:\/\/vintagefrenchfinds.com\/en\/wp-json\/wp\/v2\/product\/16995"}],"collection":[{"href":"https:\/\/vintagefrenchfinds.com\/en\/wp-json\/wp\/v2\/product"}],"about":[{"href":"https:\/\/vintagefrenchfinds.com\/en\/wp-json\/wp\/v2\/types\/product"}],"wp:featuredmedia":[{"embeddable":true,"href":"https:\/\/vintagefrenchfinds.com\/en\/wp-json\/wp\/v2\/media\/16996"}],"wp:attachment":[{"href":"https:\/\/vintagefrenchfinds.com\/en\/wp-json\/wp\/v2\/media?parent=16995"}],"wp:term":[{"taxonomy":"product_cat","embeddable":true,"href":"https:\/\/vintagefrenchfinds.com\/en\/wp-json\/wp\/v2\/product_cat?post=16995"},{"taxonomy":"product_tag","embeddable":true,"href":"https:\/\/vintagefrenchfinds.com\/en\/wp-json\/wp\/v2\/product_tag?post=16995"}],"curies":[{"name":"wp","href":"https:\/\/api.w.org\/{rel}","templated":true}]}}