{"id":17141,"date":"2022-12-02T10:15:43","date_gmt":"2022-12-02T10:15:43","guid":{"rendered":"https:\/\/vintagefrenchfinds.com\/?post_type=product&#038;p=17141"},"modified":"2025-03-19T15:46:49","modified_gmt":"2025-03-19T15:46:49","slug":"9-anciens-verres-a-pied-motif-taille-villeroy-boch-2","status":"publish","type":"product","link":"https:\/\/vintagefrenchfinds.com\/en\/product\/9-anciens-verres-a-pied-motif-taille-villeroy-boch-2","title":{"rendered":"9 Antique Stemmed Glasses - Engraved Motif - Villeroy Boch"},"content":{"rendered":"<p><span style=\"font-weight: 400;\">Set of 9 vintage glass stemware decorated with a delicate cut motif.<\/span><\/p>\n<p><span style=\"font-weight: 400;\">Some of the glasses still bear the Villeroy &amp; Boch label.<\/span><\/p>\n<p><span style=\"font-weight: 400;\">Perfect for enjoying sherry \/ porto \/ liqueur \/ digestives, while adding a chic touch to your dinner party.<\/span><\/p>\n<p><span style=\"font-weight: 400;\">Exceptional pieces for lovers of tableware and beautiful objects from yesteryear.<\/span><\/p>\n<p><span style=\"font-weight: 400;\">Excellent condition.<\/span><\/p>\n<p><span style=\"font-weight: 400;\">Please note that other sizes from the same collection are available.<\/span><span style=\"font-weight: 400;\">\u00a0<\/span><\/p>\n<p><span style=\"font-weight: 400;\">D 6,5 cm x H 11cm<\/span><\/p>","protected":false},"excerpt":{"rendered":"<p>Lot de 9 verres \u00e0 pied vintage en verre d\u00e9cor\u00e9s d\u2019un d\u00e9licat motif taill\u00e9. Certaines verres portent toujours l\u2019\u00e9tiquette :\u00a0 Villeroy &amp; Boch Parfait pour d\u00e9guster votre porto, liqueur ou ap\u00e9ritif pr\u00e9f\u00e9r\u00e9 en toute \u00e9l\u00e9gance. Des pi\u00e8ces exceptionnelles pour des amateurs de l\u2019art de la table et de beaux objets d\u2019antan. Excellent\u00a0 \u00e9tat. \u00c0 noter [&hellip;]<\/p>\n","protected":false},"featured_media":17146,"template":"","meta":{"site-sidebar-layout":"default","site-content-layout":"default","ast-site-content-layout":"default","site-content-style":"default","site-sidebar-style":"default","ast-global-header-display":"","ast-banner-title-visibility":"","ast-main-header-display":"","ast-hfb-above-header-display":"","ast-hfb-below-header-display":"","ast-hfb-mobile-header-display":"","site-post-title":"","ast-breadcrumbs-content":"","ast-featured-img":"","footer-sml-layout":"","ast-disable-related-posts":"","theme-transparent-header-meta":"default","adv-header-id-meta":"","stick-header-meta":"","header-above-stick-meta":"","header-main-stick-meta":"","header-below-stick-meta":"","astra-migrate-meta-layouts":"default","ast-page-background-enabled":"default","ast-page-background-meta":{"desktop":{"background-color":"var(--ast-global-color-4)","background-image":"","background-repeat":"repeat","background-position":"center center","background-size":"auto","background-attachment":"scroll","background-type":"","background-media":"","overlay-type":"","overlay-color":"","overlay-opacity":"","overlay-gradient":""},"tablet":{"background-color":"","background-image":"","background-repeat":"repeat","background-position":"center center","background-size":"auto","background-attachment":"scroll","background-type":"","background-media":"","overlay-type":"","overlay-color":"","overlay-opacity":"","overlay-gradient":""},"mobile":{"background-color":"","background-image":"","background-repeat":"repeat","background-position":"center center","background-size":"auto","background-attachment":"scroll","background-type":"","background-media":"","overlay-type":"","overlay-color":"","overlay-opacity":"","overlay-gradient":""}},"ast-content-background-meta":{"desktop":{"background-color":"var(--ast-global-color-5)","background-image":"","background-repeat":"repeat","background-position":"center center","background-size":"auto","background-attachment":"scroll","background-type":"","background-media":"","overlay-type":"","overlay-color":"","overlay-opacity":"","overlay-gradient":""},"tablet":{"background-color":"var(--ast-global-color-5)","background-image":"","background-repeat":"repeat","background-position":"center center","background-size":"auto","background-attachment":"scroll","background-type":"","background-media":"","overlay-type":"","overlay-color":"","overlay-opacity":"","overlay-gradient":""},"mobile":{"background-color":"var(--ast-global-color-5)","background-image":"","background-repeat":"repeat","background-position":"center center","background-size":"auto","background-attachment":"scroll","background-type":"","background-media":"","overlay-type":"","overlay-color":"","overlay-opacity":"","overlay-gradient":""}}},"product_cat":[3542,3555],"product_tag":[1197,1115,1920,1454,2471,1099,1011],"yoast_head":"<!-- This site is optimized with the Yoast SEO plugin v20.8 - https:\/\/yoast.com\/wordpress\/plugins\/seo\/ -->\n<title>9 Anciens Verres \u00e0 Pied - Motif Taill\u00e9 - Villeroy Boch - Vintage French Finds<\/title>\n<meta name=\"description\" content=\"The best of French vintage delivered to your doorstep direct from France : fashion, furniture, decoration, table art, curiosities, collections and art work.\" \/>\n<meta name=\"robots\" content=\"index, follow, max-snippet:-1, max-image-preview:large, max-video-preview:-1\" \/>\n<link rel=\"canonical\" href=\"https:\/\/vintagefrenchfinds.com\/en\/product\/9-anciens-verres-a-pied-motif-taille-villeroy-boch-2\/\" \/>\n<meta property=\"og:locale\" content=\"en_GB\" \/>\n<meta property=\"og:type\" content=\"article\" \/>\n<meta property=\"og:title\" content=\"9 Anciens Verres \u00e0 Pied - Motif Taill\u00e9 - Villeroy Boch - Vintage French Finds\" \/>\n<meta property=\"og:description\" content=\"The best of French vintage delivered to your doorstep direct from France : fashion, furniture, decoration, table art, curiosities, collections and art work.\" \/>\n<meta property=\"og:url\" content=\"https:\/\/vintagefrenchfinds.com\/en\/product\/9-anciens-verres-a-pied-motif-taille-villeroy-boch-2\/\" \/>\n<meta property=\"og:site_name\" content=\"Vintage French Finds\" \/>\n<meta property=\"article:modified_time\" content=\"2025-03-19T15:46:49+00:00\" \/>\n<meta property=\"og:image\" content=\"https:\/\/vintagefrenchfinds.com\/wp-content\/uploads\/2022\/12\/DSCN7293-1.jpg\" \/>\n\t<meta property=\"og:image:width\" content=\"886\" \/>\n\t<meta property=\"og:image:height\" content=\"625\" \/>\n\t<meta property=\"og:image:type\" content=\"image\/jpeg\" \/>\n<meta name=\"twitter:card\" content=\"summary_large_image\" \/>\n<meta name=\"twitter:label1\" content=\"Estimated reading time\" \/>\n\t<meta name=\"twitter:data1\" content=\"1 minute\" \/>\n<script type=\"application\/ld+json\" class=\"yoast-schema-graph\">{\"@context\":\"https:\/\/schema.org\",\"@graph\":[{\"@type\":\"WebPage\",\"@id\":\"https:\/\/vintagefrenchfinds.com\/product\/9-anciens-verres-a-pied-motif-taille-villeroy-boch-2\",\"url\":\"https:\/\/vintagefrenchfinds.com\/product\/9-anciens-verres-a-pied-motif-taille-villeroy-boch-2\",\"name\":\"9 Anciens Verres \u00e0 Pied - Motif Taill\u00e9 - Villeroy Boch - Vintage French Finds\",\"isPartOf\":{\"@id\":\"https:\/\/vintagefrenchfinds.com\/#website\"},\"datePublished\":\"2022-12-02T10:15:43+00:00\",\"dateModified\":\"2025-03-19T15:46:49+00:00\",\"description\":\"The best of French vintage delivered to your doorstep direct from France : fashion, furniture, decoration, table art, curiosities, collections and art work.\",\"breadcrumb\":{\"@id\":\"https:\/\/vintagefrenchfinds.com\/product\/9-anciens-verres-a-pied-motif-taille-villeroy-boch-2#breadcrumb\"},\"inLanguage\":\"en-GB\",\"potentialAction\":[{\"@type\":\"ReadAction\",\"target\":[\"https:\/\/vintagefrenchfinds.com\/product\/9-anciens-verres-a-pied-motif-taille-villeroy-boch-2\"]}]},{\"@type\":\"BreadcrumbList\",\"@id\":\"https:\/\/vintagefrenchfinds.com\/product\/9-anciens-verres-a-pied-motif-taille-villeroy-boch-2#breadcrumb\",\"itemListElement\":[{\"@type\":\"ListItem\",\"position\":1,\"name\":\"Home\",\"item\":\"https:\/\/vintagefrenchfinds.com\/\"},{\"@type\":\"ListItem\",\"position\":2,\"name\":\"BOUTIQUE\",\"item\":\"https:\/\/vintagefrenchfinds.com\/shop\"},{\"@type\":\"ListItem\",\"position\":3,\"name\":\"9 Anciens Verres \u00e0 Pied &#8211; Motif Taill\u00e9 &#8211; Villeroy Boch\"}]},{\"@type\":\"WebSite\",\"@id\":\"https:\/\/vintagefrenchfinds.com\/#website\",\"url\":\"https:\/\/vintagefrenchfinds.com\/\",\"name\":\"Vintage French Finds\",\"description\":\"The best of French vintage delivered to your doorstep direct from France : fashion, furniture, decoration, table art, curiosities, collections and art work.\",\"potentialAction\":[{\"@type\":\"SearchAction\",\"target\":{\"@type\":\"EntryPoint\",\"urlTemplate\":\"https:\/\/vintagefrenchfinds.com\/?s={search_term_string}\"},\"query-input\":\"required name=search_term_string\"}],\"inLanguage\":\"en-GB\"}]}<\/script>\n<!-- \/ Yoast SEO plugin. -->","yoast_head_json":{"title":"9 Anciens Verres \u00e0 Pied - Motif Taill\u00e9 - Villeroy Boch - Vintage French Finds","description":"The best of French vintage delivered to your doorstep direct from France : fashion, furniture, decoration, table art, curiosities, collections and art work.","robots":{"index":"index","follow":"follow","max-snippet":"max-snippet:-1","max-image-preview":"max-image-preview:large","max-video-preview":"max-video-preview:-1"},"canonical":"https:\/\/vintagefrenchfinds.com\/en\/product\/9-anciens-verres-a-pied-motif-taille-villeroy-boch-2\/","og_locale":"en_GB","og_type":"article","og_title":"9 Anciens Verres \u00e0 Pied - Motif Taill\u00e9 - Villeroy Boch - Vintage French Finds","og_description":"The best of French vintage delivered to your doorstep direct from France : fashion, furniture, decoration, table art, curiosities, collections and art work.","og_url":"https:\/\/vintagefrenchfinds.com\/en\/product\/9-anciens-verres-a-pied-motif-taille-villeroy-boch-2\/","og_site_name":"Vintage French Finds","article_modified_time":"2025-03-19T15:46:49+00:00","og_image":[{"width":886,"height":625,"url":"https:\/\/vintagefrenchfinds.com\/wp-content\/uploads\/2022\/12\/DSCN7293-1.jpg","type":"image\/jpeg"}],"twitter_card":"summary_large_image","twitter_misc":{"Estimated reading time":"1 minute"},"schema":{"@context":"https:\/\/schema.org","@graph":[{"@type":"WebPage","@id":"https:\/\/vintagefrenchfinds.com\/product\/9-anciens-verres-a-pied-motif-taille-villeroy-boch-2","url":"https:\/\/vintagefrenchfinds.com\/product\/9-anciens-verres-a-pied-motif-taille-villeroy-boch-2","name":"9 Anciens Verres \u00e0 Pied - Motif Taill\u00e9 - Villeroy Boch - Vintage French Finds","isPartOf":{"@id":"https:\/\/vintagefrenchfinds.com\/#website"},"datePublished":"2022-12-02T10:15:43+00:00","dateModified":"2025-03-19T15:46:49+00:00","description":"The best of French vintage delivered to your doorstep direct from France : fashion, furniture, decoration, table art, curiosities, collections and art work.","breadcrumb":{"@id":"https:\/\/vintagefrenchfinds.com\/product\/9-anciens-verres-a-pied-motif-taille-villeroy-boch-2#breadcrumb"},"inLanguage":"en-GB","potentialAction":[{"@type":"ReadAction","target":["https:\/\/vintagefrenchfinds.com\/product\/9-anciens-verres-a-pied-motif-taille-villeroy-boch-2"]}]},{"@type":"BreadcrumbList","@id":"https:\/\/vintagefrenchfinds.com\/product\/9-anciens-verres-a-pied-motif-taille-villeroy-boch-2#breadcrumb","itemListElement":[{"@type":"ListItem","position":1,"name":"Home","item":"https:\/\/vintagefrenchfinds.com\/"},{"@type":"ListItem","position":2,"name":"BOUTIQUE","item":"https:\/\/vintagefrenchfinds.com\/shop"},{"@type":"ListItem","position":3,"name":"9 Anciens Verres \u00e0 Pied &#8211; Motif Taill\u00e9 &#8211; Villeroy Boch"}]},{"@type":"WebSite","@id":"https:\/\/vintagefrenchfinds.com\/#website","url":"https:\/\/vintagefrenchfinds.com\/","name":"Vintage French Finds\u00a0","description":"The best of French vintage delivered to your doorstep direct from France : fashion, furniture, decoration, table art, curiosities, collections and art work.","potentialAction":[{"@type":"SearchAction","target":{"@type":"EntryPoint","urlTemplate":"https:\/\/vintagefrenchfinds.com\/?s={search_term_string}"},"query-input":"required name=search_term_string"}],"inLanguage":"en-GB"}]}},"post_mailing_queue_ids":[],"_links":{"self":[{"href":"https:\/\/vintagefrenchfinds.com\/en\/wp-json\/wp\/v2\/product\/17141"}],"collection":[{"href":"https:\/\/vintagefrenchfinds.com\/en\/wp-json\/wp\/v2\/product"}],"about":[{"href":"https:\/\/vintagefrenchfinds.com\/en\/wp-json\/wp\/v2\/types\/product"}],"wp:featuredmedia":[{"embeddable":true,"href":"https:\/\/vintagefrenchfinds.com\/en\/wp-json\/wp\/v2\/media\/17146"}],"wp:attachment":[{"href":"https:\/\/vintagefrenchfinds.com\/en\/wp-json\/wp\/v2\/media?parent=17141"}],"wp:term":[{"taxonomy":"product_cat","embeddable":true,"href":"https:\/\/vintagefrenchfinds.com\/en\/wp-json\/wp\/v2\/product_cat?post=17141"},{"taxonomy":"product_tag","embeddable":true,"href":"https:\/\/vintagefrenchfinds.com\/en\/wp-json\/wp\/v2\/product_tag?post=17141"}],"curies":[{"name":"wp","href":"https:\/\/api.w.org\/{rel}","templated":true}]}}