{"id":17630,"date":"2022-12-14T12:22:00","date_gmt":"2022-12-14T12:22:00","guid":{"rendered":"https:\/\/vintagefrenchfinds.com\/?post_type=product&#038;p=17630"},"modified":"2025-03-15T20:47:12","modified_gmt":"2025-03-15T20:47:12","slug":"ancien-trio-de-plats-rond-en-porcelaine-de-dresde","status":"publish","type":"product","link":"https:\/\/vintagefrenchfinds.com\/en\/product\/ancien-trio-de-plats-rond-en-porcelaine-de-dresde","title":{"rendered":"Ancien Trio de Plats Rond en Porcelaine de Dresde"},"content":{"rendered":"<p>Superbe ensemble de trois plats rond vintage en porcelaine blanche de Dresde de tailles d\u00e9croissante,\u00a0 habill\u00e9 d\u2019un d\u00e9cor floral bleu.<\/p>\n<p>Estampill\u00e9 en dessous : DRESDEN<\/p>\n<p>La porcelaine de Dresde doit son existence \u00e0 Auguste le Fort, influenc\u00e9 par son go\u00fbt pour la beaut\u00e9 de cette mati\u00e8re exotique, ainsi que par les reliefs dessin\u00e9s par des peintres c\u00e9ramistes du style oriental et asiatique.<\/p>\n<p>Lorsque Johann Friedrich B\u00f6ttger d\u00e9couvrit en 1708; le secret de la fabrication de la porcelaine blanche, le roi fit fonder une manufacture de porcelaine \u00e0 Dresde, consid\u00e9r\u00e9e comme le \u201cberceau de l\u2019or blanc\u201d en Europe, puis transf\u00e9r\u00e9e quelques mois plus tard \u00e0 Meissen.<\/p>\n<p>Ainsi, depuis 1872, la manufacture de porcelaine saxonne de Dresde produit des articles faits main tout en conservant les m\u00e9thodes traditionnelles accumul\u00e9es au fil des si\u00e8cles, permettant de r\u00e9aliser des chefs-d\u2019\u0153uvre, dans le style de la mouvance baroque et du rococo de l\u2019\u00e9poque.<\/p>\n<p>Cet ensemble tr\u00e8s ancien \u00e0 l\u2019\u00e9clat d\u00e9licat rajoutera une touche d\u00e9corative et luxueuse \u00e0 votre table.<\/p>\n<p>C\u2019est \u00e9galement un joli cadeau pour les amoureux de la vaisselle et des objets d\u2019antan.<\/p>\n<p><span style=\"font-weight: 400;\"><span data-sheets-value=\"{&quot;1&quot;:2,&quot;2&quot;:&quot;D 29,5 - 30,5 - 34 cm&quot;}\" data-sheets-userformat=\"{&quot;2&quot;:14717,&quot;3&quot;:{&quot;1&quot;:0,&quot;3&quot;:1},&quot;5&quot;:{&quot;1&quot;:[{&quot;1&quot;:2,&quot;2&quot;:0,&quot;5&quot;:{&quot;1&quot;:2,&quot;2&quot;:0}},{&quot;1&quot;:0,&quot;2&quot;:0,&quot;3&quot;:3},{&quot;1&quot;:1,&quot;2&quot;:0,&quot;4&quot;:1}]},&quot;6&quot;:{&quot;1&quot;:[{&quot;1&quot;:2,&quot;2&quot;:0,&quot;5&quot;:{&quot;1&quot;:2,&quot;2&quot;:0}},{&quot;1&quot;:0,&quot;2&quot;:0,&quot;3&quot;:3},{&quot;1&quot;:1,&quot;2&quot;:0,&quot;4&quot;:1}]},&quot;7&quot;:{&quot;1&quot;:[{&quot;1&quot;:2,&quot;2&quot;:0,&quot;5&quot;:{&quot;1&quot;:2,&quot;2&quot;:0}},{&quot;1&quot;:0,&quot;2&quot;:0,&quot;3&quot;:3},{&quot;1&quot;:1,&quot;2&quot;:0,&quot;4&quot;:1}]},&quot;8&quot;:{&quot;1&quot;:[{&quot;1&quot;:2,&quot;2&quot;:0,&quot;5&quot;:{&quot;1&quot;:2,&quot;2&quot;:0}},{&quot;1&quot;:0,&quot;2&quot;:0,&quot;3&quot;:3},{&quot;1&quot;:1,&quot;2&quot;:0,&quot;4&quot;:1}]},&quot;9&quot;:1,&quot;11&quot;:4,&quot;14&quot;:{&quot;1&quot;:3,&quot;3&quot;:1},&quot;15&quot;:&quot;Calibri&quot;,&quot;16&quot;:14}\">D 29,5 &#8211; 30,5 &#8211; 34 cm<\/span><\/span><\/p>\n<p><span style=\"font-weight: 400;\">Egalement en vente de la m\u00eame collection : des assiettes plates, des assiettes creuses, des assiettes \u00e0 dessert, des plats ovales, des compotiers, une sauci\u00e8re et une soupi\u00e8re.<\/span><\/p>\n<p>&nbsp;<\/p>\n<p>&nbsp;<\/p>\n","protected":false},"excerpt":{"rendered":"<p>Superbe ensemble de trois plats rond vintage en porcelaine blanche de Dresde de tailles d\u00e9croissante,\u00a0 habill\u00e9 d\u2019un d\u00e9cor floral bleu. Estampill\u00e9 en dessous : DRESDEN La porcelaine de Dresde doit son existence \u00e0 Auguste le Fort, influenc\u00e9 par son go\u00fbt pour la beaut\u00e9 de cette mati\u00e8re exotique, ainsi que par les reliefs dessin\u00e9s par des [&hellip;]<\/p>\n","protected":false},"featured_media":17631,"template":"","meta":{"site-sidebar-layout":"default","site-content-layout":"default","ast-site-content-layout":"default","site-content-style":"default","site-sidebar-style":"default","ast-global-header-display":"","ast-banner-title-visibility":"","ast-main-header-display":"","ast-hfb-above-header-display":"","ast-hfb-below-header-display":"","ast-hfb-mobile-header-display":"","site-post-title":"","ast-breadcrumbs-content":"","ast-featured-img":"","footer-sml-layout":"","ast-disable-related-posts":"","theme-transparent-header-meta":"default","adv-header-id-meta":"","stick-header-meta":"","header-above-stick-meta":"","header-main-stick-meta":"","header-below-stick-meta":"","astra-migrate-meta-layouts":"default","ast-page-background-enabled":"default","ast-page-background-meta":{"desktop":{"background-color":"var(--ast-global-color-4)","background-image":"","background-repeat":"repeat","background-position":"center center","background-size":"auto","background-attachment":"scroll","background-type":"","background-media":"","overlay-type":"","overlay-color":"","overlay-opacity":"","overlay-gradient":""},"tablet":{"background-color":"","background-image":"","background-repeat":"repeat","background-position":"center center","background-size":"auto","background-attachment":"scroll","background-type":"","background-media":"","overlay-type":"","overlay-color":"","overlay-opacity":"","overlay-gradient":""},"mobile":{"background-color":"","background-image":"","background-repeat":"repeat","background-position":"center center","background-size":"auto","background-attachment":"scroll","background-type":"","background-media":"","overlay-type":"","overlay-color":"","overlay-opacity":"","overlay-gradient":""}},"ast-content-background-meta":{"desktop":{"background-color":"var(--ast-global-color-5)","background-image":"","background-repeat":"repeat","background-position":"center center","background-size":"auto","background-attachment":"scroll","background-type":"","background-media":"","overlay-type":"","overlay-color":"","overlay-opacity":"","overlay-gradient":""},"tablet":{"background-color":"var(--ast-global-color-5)","background-image":"","background-repeat":"repeat","background-position":"center center","background-size":"auto","background-attachment":"scroll","background-type":"","background-media":"","overlay-type":"","overlay-color":"","overlay-opacity":"","overlay-gradient":""},"mobile":{"background-color":"var(--ast-global-color-5)","background-image":"","background-repeat":"repeat","background-position":"center center","background-size":"auto","background-attachment":"scroll","background-type":"","background-media":"","overlay-type":"","overlay-color":"","overlay-opacity":"","overlay-gradient":""}}},"product_cat":[3542,3544],"product_tag":[1197,1115,1845,1920,2844,1731,2040,1211,1011],"yoast_head":"<!-- This site is optimized with the Yoast SEO plugin v20.8 - https:\/\/yoast.com\/wordpress\/plugins\/seo\/ -->\n<title>Ancien Trio de Plats Rond en Porcelaine de Dresde - Vintage French Finds<\/title>\n<meta name=\"description\" content=\"The best of French vintage delivered to your doorstep direct from France : fashion, furniture, decoration, table art, curiosities, collections and art work.\" \/>\n<meta name=\"robots\" content=\"index, follow, max-snippet:-1, max-image-preview:large, max-video-preview:-1\" \/>\n<link rel=\"canonical\" href=\"https:\/\/vintagefrenchfinds.com\/en\/product\/ancien-trio-de-plats-rond-en-porcelaine-de-dresde\/\" \/>\n<meta property=\"og:locale\" content=\"en_GB\" \/>\n<meta property=\"og:type\" content=\"article\" \/>\n<meta property=\"og:title\" content=\"Ancien Trio de Plats Rond en Porcelaine de Dresde - Vintage French Finds\" \/>\n<meta property=\"og:description\" content=\"The best of French vintage delivered to your doorstep direct from France : fashion, furniture, decoration, table art, curiosities, collections and art work.\" \/>\n<meta property=\"og:url\" content=\"https:\/\/vintagefrenchfinds.com\/en\/product\/ancien-trio-de-plats-rond-en-porcelaine-de-dresde\/\" \/>\n<meta property=\"og:site_name\" content=\"Vintage French Finds\" \/>\n<meta property=\"article:modified_time\" content=\"2025-03-15T20:47:12+00:00\" \/>\n<meta property=\"og:image\" content=\"https:\/\/vintagefrenchfinds.com\/wp-content\/uploads\/2022\/12\/DSCN7531.jpg\" \/>\n\t<meta property=\"og:image:width\" content=\"886\" \/>\n\t<meta property=\"og:image:height\" content=\"647\" \/>\n\t<meta property=\"og:image:type\" content=\"image\/jpeg\" \/>\n<meta name=\"twitter:card\" content=\"summary_large_image\" \/>\n<meta name=\"twitter:label1\" content=\"Estimated reading time\" \/>\n\t<meta name=\"twitter:data1\" content=\"1 minute\" \/>\n<script type=\"application\/ld+json\" class=\"yoast-schema-graph\">{\"@context\":\"https:\/\/schema.org\",\"@graph\":[{\"@type\":\"WebPage\",\"@id\":\"https:\/\/vintagefrenchfinds.com\/product\/ancien-trio-de-plats-rond-en-porcelaine-de-dresde\",\"url\":\"https:\/\/vintagefrenchfinds.com\/product\/ancien-trio-de-plats-rond-en-porcelaine-de-dresde\",\"name\":\"Ancien Trio de Plats Rond en Porcelaine de Dresde - Vintage French Finds\",\"isPartOf\":{\"@id\":\"https:\/\/vintagefrenchfinds.com\/#website\"},\"datePublished\":\"2022-12-14T12:22:00+00:00\",\"dateModified\":\"2025-03-15T20:47:12+00:00\",\"description\":\"The best of French vintage delivered to your doorstep direct from France : fashion, furniture, decoration, table art, curiosities, collections and art work.\",\"breadcrumb\":{\"@id\":\"https:\/\/vintagefrenchfinds.com\/product\/ancien-trio-de-plats-rond-en-porcelaine-de-dresde#breadcrumb\"},\"inLanguage\":\"en-GB\",\"potentialAction\":[{\"@type\":\"ReadAction\",\"target\":[\"https:\/\/vintagefrenchfinds.com\/product\/ancien-trio-de-plats-rond-en-porcelaine-de-dresde\"]}]},{\"@type\":\"BreadcrumbList\",\"@id\":\"https:\/\/vintagefrenchfinds.com\/product\/ancien-trio-de-plats-rond-en-porcelaine-de-dresde#breadcrumb\",\"itemListElement\":[{\"@type\":\"ListItem\",\"position\":1,\"name\":\"Home\",\"item\":\"https:\/\/vintagefrenchfinds.com\/\"},{\"@type\":\"ListItem\",\"position\":2,\"name\":\"BOUTIQUE\",\"item\":\"https:\/\/vintagefrenchfinds.com\/shop\"},{\"@type\":\"ListItem\",\"position\":3,\"name\":\"Ancien Trio de Plats Rond en Porcelaine de Dresde\"}]},{\"@type\":\"WebSite\",\"@id\":\"https:\/\/vintagefrenchfinds.com\/#website\",\"url\":\"https:\/\/vintagefrenchfinds.com\/\",\"name\":\"Vintage French Finds\",\"description\":\"The best of French vintage delivered to your doorstep direct from France : fashion, furniture, decoration, table art, curiosities, collections and art work.\",\"potentialAction\":[{\"@type\":\"SearchAction\",\"target\":{\"@type\":\"EntryPoint\",\"urlTemplate\":\"https:\/\/vintagefrenchfinds.com\/?s={search_term_string}\"},\"query-input\":\"required name=search_term_string\"}],\"inLanguage\":\"en-GB\"}]}<\/script>\n<!-- \/ Yoast SEO plugin. -->","yoast_head_json":{"title":"Ancien Trio de Plats Rond en Porcelaine de Dresde - Vintage French Finds","description":"The best of French vintage delivered to your doorstep direct from France : fashion, furniture, decoration, table art, curiosities, collections and art work.","robots":{"index":"index","follow":"follow","max-snippet":"max-snippet:-1","max-image-preview":"max-image-preview:large","max-video-preview":"max-video-preview:-1"},"canonical":"https:\/\/vintagefrenchfinds.com\/en\/product\/ancien-trio-de-plats-rond-en-porcelaine-de-dresde\/","og_locale":"en_GB","og_type":"article","og_title":"Ancien Trio de Plats Rond en Porcelaine de Dresde - Vintage French Finds","og_description":"The best of French vintage delivered to your doorstep direct from France : fashion, furniture, decoration, table art, curiosities, collections and art work.","og_url":"https:\/\/vintagefrenchfinds.com\/en\/product\/ancien-trio-de-plats-rond-en-porcelaine-de-dresde\/","og_site_name":"Vintage French Finds","article_modified_time":"2025-03-15T20:47:12+00:00","og_image":[{"width":886,"height":647,"url":"https:\/\/vintagefrenchfinds.com\/wp-content\/uploads\/2022\/12\/DSCN7531.jpg","type":"image\/jpeg"}],"twitter_card":"summary_large_image","twitter_misc":{"Estimated reading time":"1 minute"},"schema":{"@context":"https:\/\/schema.org","@graph":[{"@type":"WebPage","@id":"https:\/\/vintagefrenchfinds.com\/product\/ancien-trio-de-plats-rond-en-porcelaine-de-dresde","url":"https:\/\/vintagefrenchfinds.com\/product\/ancien-trio-de-plats-rond-en-porcelaine-de-dresde","name":"Ancien Trio de Plats Rond en Porcelaine de Dresde - Vintage French Finds","isPartOf":{"@id":"https:\/\/vintagefrenchfinds.com\/#website"},"datePublished":"2022-12-14T12:22:00+00:00","dateModified":"2025-03-15T20:47:12+00:00","description":"The best of French vintage delivered to your doorstep direct from France : fashion, furniture, decoration, table art, curiosities, collections and art work.","breadcrumb":{"@id":"https:\/\/vintagefrenchfinds.com\/product\/ancien-trio-de-plats-rond-en-porcelaine-de-dresde#breadcrumb"},"inLanguage":"en-GB","potentialAction":[{"@type":"ReadAction","target":["https:\/\/vintagefrenchfinds.com\/product\/ancien-trio-de-plats-rond-en-porcelaine-de-dresde"]}]},{"@type":"BreadcrumbList","@id":"https:\/\/vintagefrenchfinds.com\/product\/ancien-trio-de-plats-rond-en-porcelaine-de-dresde#breadcrumb","itemListElement":[{"@type":"ListItem","position":1,"name":"Home","item":"https:\/\/vintagefrenchfinds.com\/"},{"@type":"ListItem","position":2,"name":"BOUTIQUE","item":"https:\/\/vintagefrenchfinds.com\/shop"},{"@type":"ListItem","position":3,"name":"Ancien Trio de Plats Rond en Porcelaine de Dresde"}]},{"@type":"WebSite","@id":"https:\/\/vintagefrenchfinds.com\/#website","url":"https:\/\/vintagefrenchfinds.com\/","name":"Vintage French Finds\u00a0","description":"The best of French vintage delivered to your doorstep direct from France : fashion, furniture, decoration, table art, curiosities, collections and art work.","potentialAction":[{"@type":"SearchAction","target":{"@type":"EntryPoint","urlTemplate":"https:\/\/vintagefrenchfinds.com\/?s={search_term_string}"},"query-input":"required name=search_term_string"}],"inLanguage":"en-GB"}]}},"post_mailing_queue_ids":[],"_links":{"self":[{"href":"https:\/\/vintagefrenchfinds.com\/en\/wp-json\/wp\/v2\/product\/17630"}],"collection":[{"href":"https:\/\/vintagefrenchfinds.com\/en\/wp-json\/wp\/v2\/product"}],"about":[{"href":"https:\/\/vintagefrenchfinds.com\/en\/wp-json\/wp\/v2\/types\/product"}],"wp:featuredmedia":[{"embeddable":true,"href":"https:\/\/vintagefrenchfinds.com\/en\/wp-json\/wp\/v2\/media\/17631"}],"wp:attachment":[{"href":"https:\/\/vintagefrenchfinds.com\/en\/wp-json\/wp\/v2\/media?parent=17630"}],"wp:term":[{"taxonomy":"product_cat","embeddable":true,"href":"https:\/\/vintagefrenchfinds.com\/en\/wp-json\/wp\/v2\/product_cat?post=17630"},{"taxonomy":"product_tag","embeddable":true,"href":"https:\/\/vintagefrenchfinds.com\/en\/wp-json\/wp\/v2\/product_tag?post=17630"}],"curies":[{"name":"wp","href":"https:\/\/api.w.org\/{rel}","templated":true}]}}