{"id":17894,"date":"2023-01-16T10:10:50","date_gmt":"2023-01-16T10:10:50","guid":{"rendered":"https:\/\/vintagefrenchfinds.com\/?post_type=product&#038;p=17894"},"modified":"2025-05-24T15:33:11","modified_gmt":"2025-05-24T15:33:11","slug":"lot-de-6-anciennes-chaises-de-bistrot-maison-j-gatti","status":"publish","type":"product","link":"https:\/\/vintagefrenchfinds.com\/en\/product\/lot-de-6-anciennes-chaises-de-bistrot-maison-j-gatti","title":{"rendered":"Set of 6 Antique French Maison J. GATTI Bistro Chairs"},"content":{"rendered":"<p><span style=\"font-weight: 400;\">6 superb vintage  rattan and rislan bistro chairs signed Maison J. GATTI, which were used as seating for decades in a caf\u00e9 in Rouen.<\/span><\/p>\n<p><span style=\"font-weight: 400;\">Made to measure, each of these chairs is composed of :<\/span><\/p>\n<p><span style=\"font-weight: 400;\">- a natural rattan structure<\/span><\/p>\n<p><span style=\"font-weight: 400;\">- a cane seat \/ back featuring a white and green rislan double chevron motif<\/span><\/p>\n<p><span style=\"font-weight: 400;\">- a base decorated with green rislan, and an X-shaped spacer<\/span><\/p>\n<p><span style=\"font-weight: 400;\">La Maison Gatti a \u00e9t\u00e9 fond\u00e9e par Joseph Gatti, elle perp\u00e9tue depuis les ann\u00e9es 1920 un savoir unique dans la production de mobiliers aussi bien fait pour l&rsquo;ext\u00e9rieur que l&rsquo;int\u00e9rieur en rotin, destin\u00e9s \u00e0 la restauration et \u00e0 l&rsquo;h\u00f4tellerie.<\/span><\/p>\n<p><span style=\"font-weight: 400;\">Known for its flagship product: the rattan terrace chair, the factory has been able to disseminate Parisian spirit in all its splendor throughout the world.<\/span><\/p>\n<p><span style=\"font-weight: 400;\">This furniture typical of the \u2018Tuileries\u2019  will create an authentic retro atmosphere in your living room or terrace<\/span><\/p>\n<p><span style=\"font-weight: 400;\">They are make great gifts for a restaurant owner or basketry lovers.<\/span><\/p>\n<p><span style=\"font-weight: 400;\">H 88 x W 48 x W 48 cm<\/span><\/p>","protected":false},"excerpt":{"rendered":"<p>Craquez pour ces 6 jolies chaises de bistrot vintage en rotin et rislan de la Maison J.GATTI, en provenance d\u2019un caf\u00e9 de Rouen. Fabriqu\u00e9es sur mesure, chacune de ces chaises est compos\u00e9e de : &#8211; une structure en rotin naturel &#8211; une assise\/dossier orn\u00e9e d\u2019un cannage \u00e0 motif double chevron en rislan blanc et vert [&hellip;]<\/p>\n","protected":false},"featured_media":17901,"template":"","meta":{"site-sidebar-layout":"default","site-content-layout":"default","ast-site-content-layout":"default","site-content-style":"default","site-sidebar-style":"default","ast-global-header-display":"","ast-banner-title-visibility":"","ast-main-header-display":"","ast-hfb-above-header-display":"","ast-hfb-below-header-display":"","ast-hfb-mobile-header-display":"","site-post-title":"","ast-breadcrumbs-content":"","ast-featured-img":"","footer-sml-layout":"","ast-disable-related-posts":"","theme-transparent-header-meta":"default","adv-header-id-meta":"","stick-header-meta":"","header-above-stick-meta":"","header-main-stick-meta":"","header-below-stick-meta":"","astra-migrate-meta-layouts":"default","ast-page-background-enabled":"default","ast-page-background-meta":{"desktop":{"background-color":"var(--ast-global-color-4)","background-image":"","background-repeat":"repeat","background-position":"center center","background-size":"auto","background-attachment":"scroll","background-type":"","background-media":"","overlay-type":"","overlay-color":"","overlay-opacity":"","overlay-gradient":""},"tablet":{"background-color":"","background-image":"","background-repeat":"repeat","background-position":"center center","background-size":"auto","background-attachment":"scroll","background-type":"","background-media":"","overlay-type":"","overlay-color":"","overlay-opacity":"","overlay-gradient":""},"mobile":{"background-color":"","background-image":"","background-repeat":"repeat","background-position":"center center","background-size":"auto","background-attachment":"scroll","background-type":"","background-media":"","overlay-type":"","overlay-color":"","overlay-opacity":"","overlay-gradient":""}},"ast-content-background-meta":{"desktop":{"background-color":"var(--ast-global-color-5)","background-image":"","background-repeat":"repeat","background-position":"center center","background-size":"auto","background-attachment":"scroll","background-type":"","background-media":"","overlay-type":"","overlay-color":"","overlay-opacity":"","overlay-gradient":""},"tablet":{"background-color":"var(--ast-global-color-5)","background-image":"","background-repeat":"repeat","background-position":"center center","background-size":"auto","background-attachment":"scroll","background-type":"","background-media":"","overlay-type":"","overlay-color":"","overlay-opacity":"","overlay-gradient":""},"mobile":{"background-color":"var(--ast-global-color-5)","background-image":"","background-repeat":"repeat","background-position":"center center","background-size":"auto","background-attachment":"scroll","background-type":"","background-media":"","overlay-type":"","overlay-color":"","overlay-opacity":"","overlay-gradient":""}}},"product_cat":[22,3531],"product_tag":[1197,1863,1710,2476,2644,1011],"yoast_head":"<!-- This site is optimized with the Yoast SEO plugin v20.8 - https:\/\/yoast.com\/wordpress\/plugins\/seo\/ -->\n<title>Lot de 6 Anciennes Chaises de Bistrot Maison J GATTI - Vintage French Finds<\/title>\n<meta name=\"description\" content=\"The best of French vintage delivered to your doorstep direct from France : fashion, furniture, decoration, table art, curiosities, collections and art work.\" \/>\n<meta name=\"robots\" content=\"index, follow, max-snippet:-1, max-image-preview:large, max-video-preview:-1\" \/>\n<link rel=\"canonical\" href=\"https:\/\/vintagefrenchfinds.com\/en\/product\/lot-de-6-anciennes-chaises-de-bistrot-maison-j-gatti\/\" \/>\n<meta property=\"og:locale\" content=\"en_GB\" \/>\n<meta property=\"og:type\" content=\"article\" \/>\n<meta property=\"og:title\" content=\"Lot de 6 Anciennes Chaises de Bistrot Maison J GATTI - Vintage French Finds\" \/>\n<meta property=\"og:description\" content=\"The best of French vintage delivered to your doorstep direct from France : fashion, furniture, decoration, table art, curiosities, collections and art work.\" \/>\n<meta property=\"og:url\" content=\"https:\/\/vintagefrenchfinds.com\/en\/product\/lot-de-6-anciennes-chaises-de-bistrot-maison-j-gatti\/\" \/>\n<meta property=\"og:site_name\" content=\"Vintage French Finds\" \/>\n<meta property=\"article:modified_time\" content=\"2025-05-24T15:33:11+00:00\" \/>\n<meta property=\"og:image\" content=\"https:\/\/vintagefrenchfinds.com\/wp-content\/uploads\/2023\/01\/DSCN8079.jpg\" \/>\n\t<meta property=\"og:image:width\" content=\"886\" \/>\n\t<meta property=\"og:image:height\" content=\"785\" \/>\n\t<meta property=\"og:image:type\" content=\"image\/jpeg\" \/>\n<meta name=\"twitter:card\" content=\"summary_large_image\" \/>\n<meta name=\"twitter:label1\" content=\"Estimated reading time\" \/>\n\t<meta name=\"twitter:data1\" content=\"1 minute\" \/>\n<script type=\"application\/ld+json\" class=\"yoast-schema-graph\">{\"@context\":\"https:\/\/schema.org\",\"@graph\":[{\"@type\":\"WebPage\",\"@id\":\"https:\/\/vintagefrenchfinds.com\/product\/lot-de-6-anciennes-chaises-de-bistrot-maison-j-gatti\",\"url\":\"https:\/\/vintagefrenchfinds.com\/product\/lot-de-6-anciennes-chaises-de-bistrot-maison-j-gatti\",\"name\":\"Lot de 6 Anciennes Chaises de Bistrot Maison J GATTI - Vintage French Finds\",\"isPartOf\":{\"@id\":\"https:\/\/vintagefrenchfinds.com\/#website\"},\"datePublished\":\"2023-01-16T10:10:50+00:00\",\"dateModified\":\"2025-05-24T15:33:11+00:00\",\"description\":\"The best of French vintage delivered to your doorstep direct from France : fashion, furniture, decoration, table art, curiosities, collections and art work.\",\"breadcrumb\":{\"@id\":\"https:\/\/vintagefrenchfinds.com\/product\/lot-de-6-anciennes-chaises-de-bistrot-maison-j-gatti#breadcrumb\"},\"inLanguage\":\"en-GB\",\"potentialAction\":[{\"@type\":\"ReadAction\",\"target\":[\"https:\/\/vintagefrenchfinds.com\/product\/lot-de-6-anciennes-chaises-de-bistrot-maison-j-gatti\"]}]},{\"@type\":\"BreadcrumbList\",\"@id\":\"https:\/\/vintagefrenchfinds.com\/product\/lot-de-6-anciennes-chaises-de-bistrot-maison-j-gatti#breadcrumb\",\"itemListElement\":[{\"@type\":\"ListItem\",\"position\":1,\"name\":\"Home\",\"item\":\"https:\/\/vintagefrenchfinds.com\/\"},{\"@type\":\"ListItem\",\"position\":2,\"name\":\"BOUTIQUE\",\"item\":\"https:\/\/vintagefrenchfinds.com\/shop\"},{\"@type\":\"ListItem\",\"position\":3,\"name\":\"Lot de 6 Anciennes Chaises de Bistrot Maison J GATTI\"}]},{\"@type\":\"WebSite\",\"@id\":\"https:\/\/vintagefrenchfinds.com\/#website\",\"url\":\"https:\/\/vintagefrenchfinds.com\/\",\"name\":\"Vintage French Finds\",\"description\":\"The best of French vintage delivered to your doorstep direct from France : fashion, furniture, decoration, table art, curiosities, collections and art work.\",\"potentialAction\":[{\"@type\":\"SearchAction\",\"target\":{\"@type\":\"EntryPoint\",\"urlTemplate\":\"https:\/\/vintagefrenchfinds.com\/?s={search_term_string}\"},\"query-input\":\"required name=search_term_string\"}],\"inLanguage\":\"en-GB\"}]}<\/script>\n<!-- \/ Yoast SEO plugin. -->","yoast_head_json":{"title":"Lot de 6 Anciennes Chaises de Bistrot Maison J GATTI - Vintage French Finds","description":"The best of French vintage delivered to your doorstep direct from France : fashion, furniture, decoration, table art, curiosities, collections and art work.","robots":{"index":"index","follow":"follow","max-snippet":"max-snippet:-1","max-image-preview":"max-image-preview:large","max-video-preview":"max-video-preview:-1"},"canonical":"https:\/\/vintagefrenchfinds.com\/en\/product\/lot-de-6-anciennes-chaises-de-bistrot-maison-j-gatti\/","og_locale":"en_GB","og_type":"article","og_title":"Lot de 6 Anciennes Chaises de Bistrot Maison J GATTI - Vintage French Finds","og_description":"The best of French vintage delivered to your doorstep direct from France : fashion, furniture, decoration, table art, curiosities, collections and art work.","og_url":"https:\/\/vintagefrenchfinds.com\/en\/product\/lot-de-6-anciennes-chaises-de-bistrot-maison-j-gatti\/","og_site_name":"Vintage French Finds","article_modified_time":"2025-05-24T15:33:11+00:00","og_image":[{"width":886,"height":785,"url":"https:\/\/vintagefrenchfinds.com\/wp-content\/uploads\/2023\/01\/DSCN8079.jpg","type":"image\/jpeg"}],"twitter_card":"summary_large_image","twitter_misc":{"Estimated reading time":"1 minute"},"schema":{"@context":"https:\/\/schema.org","@graph":[{"@type":"WebPage","@id":"https:\/\/vintagefrenchfinds.com\/product\/lot-de-6-anciennes-chaises-de-bistrot-maison-j-gatti","url":"https:\/\/vintagefrenchfinds.com\/product\/lot-de-6-anciennes-chaises-de-bistrot-maison-j-gatti","name":"Lot de 6 Anciennes Chaises de Bistrot Maison J GATTI - Vintage French Finds","isPartOf":{"@id":"https:\/\/vintagefrenchfinds.com\/#website"},"datePublished":"2023-01-16T10:10:50+00:00","dateModified":"2025-05-24T15:33:11+00:00","description":"The best of French vintage delivered to your doorstep direct from France : fashion, furniture, decoration, table art, curiosities, collections and art work.","breadcrumb":{"@id":"https:\/\/vintagefrenchfinds.com\/product\/lot-de-6-anciennes-chaises-de-bistrot-maison-j-gatti#breadcrumb"},"inLanguage":"en-GB","potentialAction":[{"@type":"ReadAction","target":["https:\/\/vintagefrenchfinds.com\/product\/lot-de-6-anciennes-chaises-de-bistrot-maison-j-gatti"]}]},{"@type":"BreadcrumbList","@id":"https:\/\/vintagefrenchfinds.com\/product\/lot-de-6-anciennes-chaises-de-bistrot-maison-j-gatti#breadcrumb","itemListElement":[{"@type":"ListItem","position":1,"name":"Home","item":"https:\/\/vintagefrenchfinds.com\/"},{"@type":"ListItem","position":2,"name":"BOUTIQUE","item":"https:\/\/vintagefrenchfinds.com\/shop"},{"@type":"ListItem","position":3,"name":"Lot de 6 Anciennes Chaises de Bistrot Maison J GATTI"}]},{"@type":"WebSite","@id":"https:\/\/vintagefrenchfinds.com\/#website","url":"https:\/\/vintagefrenchfinds.com\/","name":"Vintage French Finds\u00a0","description":"The best of French vintage delivered to your doorstep direct from France : fashion, furniture, decoration, table art, curiosities, collections and art work.","potentialAction":[{"@type":"SearchAction","target":{"@type":"EntryPoint","urlTemplate":"https:\/\/vintagefrenchfinds.com\/?s={search_term_string}"},"query-input":"required name=search_term_string"}],"inLanguage":"en-GB"}]}},"post_mailing_queue_ids":[],"_links":{"self":[{"href":"https:\/\/vintagefrenchfinds.com\/en\/wp-json\/wp\/v2\/product\/17894"}],"collection":[{"href":"https:\/\/vintagefrenchfinds.com\/en\/wp-json\/wp\/v2\/product"}],"about":[{"href":"https:\/\/vintagefrenchfinds.com\/en\/wp-json\/wp\/v2\/types\/product"}],"wp:featuredmedia":[{"embeddable":true,"href":"https:\/\/vintagefrenchfinds.com\/en\/wp-json\/wp\/v2\/media\/17901"}],"wp:attachment":[{"href":"https:\/\/vintagefrenchfinds.com\/en\/wp-json\/wp\/v2\/media?parent=17894"}],"wp:term":[{"taxonomy":"product_cat","embeddable":true,"href":"https:\/\/vintagefrenchfinds.com\/en\/wp-json\/wp\/v2\/product_cat?post=17894"},{"taxonomy":"product_tag","embeddable":true,"href":"https:\/\/vintagefrenchfinds.com\/en\/wp-json\/wp\/v2\/product_tag?post=17894"}],"curies":[{"name":"wp","href":"https:\/\/api.w.org\/{rel}","templated":true}]}}