{"id":18750,"date":"2023-02-11T14:05:24","date_gmt":"2023-02-11T14:05:24","guid":{"rendered":"https:\/\/vintagefrenchfinds.com\/?post_type=product&#038;p=18750"},"modified":"2025-03-12T00:16:26","modified_gmt":"2025-03-12T00:16:26","slug":"ancien-plateau-en-bois-avec-decor-peint-main","status":"publish","type":"product","link":"https:\/\/vintagefrenchfinds.com\/en\/product\/ancien-plateau-en-bois-avec-decor-peint-main","title":{"rendered":"Ancien Plateau en Bois avec D\u00e9cor Peint Main"},"content":{"rendered":"<p><span style=\"font-weight: 400;\">Laissez place \u00e0 la r\u00eaverie avec ce superbe plateau vintage en bois, orn\u00e9 d\u2019un magnifique paysage color\u00e9 r\u00e9alis\u00e9 \u00e0 la main avec une finition laqu\u00e9e.<\/span><\/p>\n<p><span style=\"font-weight: 400;\">\u00c0 la fois \u00e9nergique par ses couleurs et sensible par son d\u00e9cor, ce plateau s&rsquo;ins\u00e9rera avec po\u00e9sie dans votre int\u00e9rieur.<\/span><\/p>\n<p><span style=\"font-weight: 400;\">Un bel objet qui ravira les amateurs de beaux objets d\u2019antan.<\/span><\/p>\n<p><span style=\"font-weight: 400;\">Bon \u00e9tat g\u00e9n\u00e9ral, mais quelques traces sont visibles sur les photos.<\/span><\/p>\n<p><span style=\"font-weight: 400;\">LO 31,2 x LA 13,2 x H 2,8 cm<\/span><\/p>","protected":false},"excerpt":{"rendered":"<p>Laissez place \u00e0 la r\u00eaverie avec ce superbe plateau vintage en bois, orn\u00e9 d\u2019un magnifique paysage color\u00e9 r\u00e9alis\u00e9 \u00e0 la main avec une finition laqu\u00e9e. \u00c0 la fois \u00e9nergique par ses couleurs et sensible par son d\u00e9cor, ce plateau s&rsquo;ins\u00e9rera avec po\u00e9sie dans votre int\u00e9rieur. Un bel objet qui ravira les amateurs de beaux objets [&hellip;]<\/p>\n","protected":false},"featured_media":18751,"template":"","meta":{"site-sidebar-layout":"default","site-content-layout":"default","ast-site-content-layout":"default","site-content-style":"default","site-sidebar-style":"default","ast-global-header-display":"","ast-banner-title-visibility":"","ast-main-header-display":"","ast-hfb-above-header-display":"","ast-hfb-below-header-display":"","ast-hfb-mobile-header-display":"","site-post-title":"","ast-breadcrumbs-content":"","ast-featured-img":"","footer-sml-layout":"","ast-disable-related-posts":"","theme-transparent-header-meta":"default","adv-header-id-meta":"","stick-header-meta":"","header-above-stick-meta":"","header-main-stick-meta":"","header-below-stick-meta":"","astra-migrate-meta-layouts":"default","ast-page-background-enabled":"default","ast-page-background-meta":{"desktop":{"background-color":"var(--ast-global-color-4)","background-image":"","background-repeat":"repeat","background-position":"center center","background-size":"auto","background-attachment":"scroll","background-type":"","background-media":"","overlay-type":"","overlay-color":"","overlay-opacity":"","overlay-gradient":""},"tablet":{"background-color":"","background-image":"","background-repeat":"repeat","background-position":"center center","background-size":"auto","background-attachment":"scroll","background-type":"","background-media":"","overlay-type":"","overlay-color":"","overlay-opacity":"","overlay-gradient":""},"mobile":{"background-color":"","background-image":"","background-repeat":"repeat","background-position":"center center","background-size":"auto","background-attachment":"scroll","background-type":"","background-media":"","overlay-type":"","overlay-color":"","overlay-opacity":"","overlay-gradient":""}},"ast-content-background-meta":{"desktop":{"background-color":"var(--ast-global-color-5)","background-image":"","background-repeat":"repeat","background-position":"center center","background-size":"auto","background-attachment":"scroll","background-type":"","background-media":"","overlay-type":"","overlay-color":"","overlay-opacity":"","overlay-gradient":""},"tablet":{"background-color":"var(--ast-global-color-5)","background-image":"","background-repeat":"repeat","background-position":"center center","background-size":"auto","background-attachment":"scroll","background-type":"","background-media":"","overlay-type":"","overlay-color":"","overlay-opacity":"","overlay-gradient":""},"mobile":{"background-color":"var(--ast-global-color-5)","background-image":"","background-repeat":"repeat","background-position":"center center","background-size":"auto","background-attachment":"scroll","background-type":"","background-media":"","overlay-type":"","overlay-color":"","overlay-opacity":"","overlay-gradient":""}}},"product_cat":[3542,3547],"product_tag":[1197,1115,1326,1304,2040,1405,1011],"yoast_head":"<!-- This site is optimized with the Yoast SEO plugin v20.8 - https:\/\/yoast.com\/wordpress\/plugins\/seo\/ -->\n<title>Ancien Plateau en Bois avec D\u00e9cor Peint Main - Vintage French Finds<\/title>\n<meta name=\"description\" content=\"The best of French vintage delivered to your doorstep direct from France : fashion, furniture, decoration, table art, curiosities, collections and art work.\" \/>\n<meta name=\"robots\" content=\"index, follow, max-snippet:-1, max-image-preview:large, max-video-preview:-1\" \/>\n<link rel=\"canonical\" href=\"https:\/\/vintagefrenchfinds.com\/en\/product\/ancien-plateau-en-bois-avec-decor-peint-main\/\" \/>\n<meta property=\"og:locale\" content=\"en_GB\" \/>\n<meta property=\"og:type\" content=\"article\" \/>\n<meta property=\"og:title\" content=\"Ancien Plateau en Bois avec D\u00e9cor Peint Main - Vintage French Finds\" \/>\n<meta property=\"og:description\" content=\"The best of French vintage delivered to your doorstep direct from France : fashion, furniture, decoration, table art, curiosities, collections and art work.\" \/>\n<meta property=\"og:url\" content=\"https:\/\/vintagefrenchfinds.com\/en\/product\/ancien-plateau-en-bois-avec-decor-peint-main\/\" \/>\n<meta property=\"og:site_name\" content=\"Vintage French Finds\" \/>\n<meta property=\"article:modified_time\" content=\"2025-03-12T00:16:26+00:00\" \/>\n<meta property=\"og:image\" content=\"https:\/\/vintagefrenchfinds.com\/wp-content\/uploads\/2023\/02\/DSCN8673.jpg\" \/>\n\t<meta property=\"og:image:width\" content=\"886\" \/>\n\t<meta property=\"og:image:height\" content=\"511\" \/>\n\t<meta property=\"og:image:type\" content=\"image\/jpeg\" \/>\n<meta name=\"twitter:card\" content=\"summary_large_image\" \/>\n<meta name=\"twitter:label1\" content=\"Estimated reading time\" \/>\n\t<meta name=\"twitter:data1\" content=\"1 minute\" \/>\n<script type=\"application\/ld+json\" class=\"yoast-schema-graph\">{\"@context\":\"https:\/\/schema.org\",\"@graph\":[{\"@type\":\"WebPage\",\"@id\":\"https:\/\/vintagefrenchfinds.com\/product\/ancien-plateau-en-bois-avec-decor-peint-main\",\"url\":\"https:\/\/vintagefrenchfinds.com\/product\/ancien-plateau-en-bois-avec-decor-peint-main\",\"name\":\"Ancien Plateau en Bois avec D\u00e9cor Peint Main - Vintage French Finds\",\"isPartOf\":{\"@id\":\"https:\/\/vintagefrenchfinds.com\/#website\"},\"datePublished\":\"2023-02-11T14:05:24+00:00\",\"dateModified\":\"2025-03-12T00:16:26+00:00\",\"description\":\"The best of French vintage delivered to your doorstep direct from France : fashion, furniture, decoration, table art, curiosities, collections and art work.\",\"breadcrumb\":{\"@id\":\"https:\/\/vintagefrenchfinds.com\/product\/ancien-plateau-en-bois-avec-decor-peint-main#breadcrumb\"},\"inLanguage\":\"en-GB\",\"potentialAction\":[{\"@type\":\"ReadAction\",\"target\":[\"https:\/\/vintagefrenchfinds.com\/product\/ancien-plateau-en-bois-avec-decor-peint-main\"]}]},{\"@type\":\"BreadcrumbList\",\"@id\":\"https:\/\/vintagefrenchfinds.com\/product\/ancien-plateau-en-bois-avec-decor-peint-main#breadcrumb\",\"itemListElement\":[{\"@type\":\"ListItem\",\"position\":1,\"name\":\"Home\",\"item\":\"https:\/\/vintagefrenchfinds.com\/\"},{\"@type\":\"ListItem\",\"position\":2,\"name\":\"BOUTIQUE\",\"item\":\"https:\/\/vintagefrenchfinds.com\/shop\"},{\"@type\":\"ListItem\",\"position\":3,\"name\":\"Ancien Plateau en Bois avec D\u00e9cor Peint Main\"}]},{\"@type\":\"WebSite\",\"@id\":\"https:\/\/vintagefrenchfinds.com\/#website\",\"url\":\"https:\/\/vintagefrenchfinds.com\/\",\"name\":\"Vintage French Finds\",\"description\":\"The best of French vintage delivered to your doorstep direct from France : fashion, furniture, decoration, table art, curiosities, collections and art work.\",\"potentialAction\":[{\"@type\":\"SearchAction\",\"target\":{\"@type\":\"EntryPoint\",\"urlTemplate\":\"https:\/\/vintagefrenchfinds.com\/?s={search_term_string}\"},\"query-input\":\"required name=search_term_string\"}],\"inLanguage\":\"en-GB\"}]}<\/script>\n<!-- \/ Yoast SEO plugin. -->","yoast_head_json":{"title":"Ancien Plateau en Bois avec D\u00e9cor Peint Main - Vintage French Finds","description":"The best of French vintage delivered to your doorstep direct from France : fashion, furniture, decoration, table art, curiosities, collections and art work.","robots":{"index":"index","follow":"follow","max-snippet":"max-snippet:-1","max-image-preview":"max-image-preview:large","max-video-preview":"max-video-preview:-1"},"canonical":"https:\/\/vintagefrenchfinds.com\/en\/product\/ancien-plateau-en-bois-avec-decor-peint-main\/","og_locale":"en_GB","og_type":"article","og_title":"Ancien Plateau en Bois avec D\u00e9cor Peint Main - Vintage French Finds","og_description":"The best of French vintage delivered to your doorstep direct from France : fashion, furniture, decoration, table art, curiosities, collections and art work.","og_url":"https:\/\/vintagefrenchfinds.com\/en\/product\/ancien-plateau-en-bois-avec-decor-peint-main\/","og_site_name":"Vintage French Finds","article_modified_time":"2025-03-12T00:16:26+00:00","og_image":[{"width":886,"height":511,"url":"https:\/\/vintagefrenchfinds.com\/wp-content\/uploads\/2023\/02\/DSCN8673.jpg","type":"image\/jpeg"}],"twitter_card":"summary_large_image","twitter_misc":{"Estimated reading time":"1 minute"},"schema":{"@context":"https:\/\/schema.org","@graph":[{"@type":"WebPage","@id":"https:\/\/vintagefrenchfinds.com\/product\/ancien-plateau-en-bois-avec-decor-peint-main","url":"https:\/\/vintagefrenchfinds.com\/product\/ancien-plateau-en-bois-avec-decor-peint-main","name":"Ancien Plateau en Bois avec D\u00e9cor Peint Main - Vintage French Finds","isPartOf":{"@id":"https:\/\/vintagefrenchfinds.com\/#website"},"datePublished":"2023-02-11T14:05:24+00:00","dateModified":"2025-03-12T00:16:26+00:00","description":"The best of French vintage delivered to your doorstep direct from France : fashion, furniture, decoration, table art, curiosities, collections and art work.","breadcrumb":{"@id":"https:\/\/vintagefrenchfinds.com\/product\/ancien-plateau-en-bois-avec-decor-peint-main#breadcrumb"},"inLanguage":"en-GB","potentialAction":[{"@type":"ReadAction","target":["https:\/\/vintagefrenchfinds.com\/product\/ancien-plateau-en-bois-avec-decor-peint-main"]}]},{"@type":"BreadcrumbList","@id":"https:\/\/vintagefrenchfinds.com\/product\/ancien-plateau-en-bois-avec-decor-peint-main#breadcrumb","itemListElement":[{"@type":"ListItem","position":1,"name":"Home","item":"https:\/\/vintagefrenchfinds.com\/"},{"@type":"ListItem","position":2,"name":"BOUTIQUE","item":"https:\/\/vintagefrenchfinds.com\/shop"},{"@type":"ListItem","position":3,"name":"Ancien Plateau en Bois avec D\u00e9cor Peint Main"}]},{"@type":"WebSite","@id":"https:\/\/vintagefrenchfinds.com\/#website","url":"https:\/\/vintagefrenchfinds.com\/","name":"Vintage French Finds\u00a0","description":"The best of French vintage delivered to your doorstep direct from France : fashion, furniture, decoration, table art, curiosities, collections and art work.","potentialAction":[{"@type":"SearchAction","target":{"@type":"EntryPoint","urlTemplate":"https:\/\/vintagefrenchfinds.com\/?s={search_term_string}"},"query-input":"required name=search_term_string"}],"inLanguage":"en-GB"}]}},"post_mailing_queue_ids":[],"_links":{"self":[{"href":"https:\/\/vintagefrenchfinds.com\/en\/wp-json\/wp\/v2\/product\/18750"}],"collection":[{"href":"https:\/\/vintagefrenchfinds.com\/en\/wp-json\/wp\/v2\/product"}],"about":[{"href":"https:\/\/vintagefrenchfinds.com\/en\/wp-json\/wp\/v2\/types\/product"}],"wp:featuredmedia":[{"embeddable":true,"href":"https:\/\/vintagefrenchfinds.com\/en\/wp-json\/wp\/v2\/media\/18751"}],"wp:attachment":[{"href":"https:\/\/vintagefrenchfinds.com\/en\/wp-json\/wp\/v2\/media?parent=18750"}],"wp:term":[{"taxonomy":"product_cat","embeddable":true,"href":"https:\/\/vintagefrenchfinds.com\/en\/wp-json\/wp\/v2\/product_cat?post=18750"},{"taxonomy":"product_tag","embeddable":true,"href":"https:\/\/vintagefrenchfinds.com\/en\/wp-json\/wp\/v2\/product_tag?post=18750"}],"curies":[{"name":"wp","href":"https:\/\/api.w.org\/{rel}","templated":true}]}}