{"id":18910,"date":"2023-02-13T11:01:43","date_gmt":"2023-02-13T11:01:43","guid":{"rendered":"https:\/\/vintagefrenchfinds.com\/?post_type=product&#038;p=18910"},"modified":"2025-03-19T12:46:23","modified_gmt":"2025-03-19T12:46:23","slug":"enseigne-en-bois-metal-boutique-piece-unique","status":"publish","type":"product","link":"https:\/\/vintagefrenchfinds.com\/en\/product\/enseigne-en-bois-metal-boutique-piece-unique","title":{"rendered":"Enseigne en Bois &#038; Metal BOUTIQUE &#8211; Pi\u00e8ce Unique"},"content":{"rendered":"<p><span style=\"font-weight: 400;\">Superbe enseigne compos\u00e9e d&rsquo;un panneau en bois massif clair avec les mots \u00ab LA BOUTIQUE \u00bb d\u00e9coup\u00e9s, superpos\u00e9 sur un support en bois fonc\u00e9<\/span><\/p>\n<p><span style=\"font-weight: 400;\">Cette pi\u00e8ce unique r\u00e9alis\u00e9e sur mesure sera parfaite sur la devanture d\u2019un magasin, mais peut \u00e9galement \u00eatre d\u00e9tourn\u00e9e comme d\u00e9coration dans un int\u00e9rieur.<\/span><\/p>\n<p><span style=\"font-weight: 400;\">Very good state<\/span><\/p>\n<p><span style=\"font-weight: 400;\">LA 172 x H 32 x P 8 cm<\/span><\/p>","protected":false},"excerpt":{"rendered":"<p>Superbe enseigne compos\u00e9e d&rsquo;un panneau en bois massif clair avec les mots \u00ab LA BOUTIQUE \u00bb d\u00e9coup\u00e9s, superpos\u00e9 sur un support en bois fonc\u00e9 Cette pi\u00e8ce unique r\u00e9alis\u00e9e sur mesure sera parfaite sur la devanture d\u2019un magasin, mais peut \u00e9galement \u00eatre d\u00e9tourn\u00e9e comme d\u00e9coration dans un int\u00e9rieur. Tr\u00e8s bon \u00e9tat LA 172 x H 32 [&hellip;]<\/p>\n","protected":false},"featured_media":18911,"template":"","meta":{"site-sidebar-layout":"default","site-content-layout":"default","ast-site-content-layout":"default","site-content-style":"default","site-sidebar-style":"default","ast-global-header-display":"","ast-banner-title-visibility":"","ast-main-header-display":"","ast-hfb-above-header-display":"","ast-hfb-below-header-display":"","ast-hfb-mobile-header-display":"","site-post-title":"","ast-breadcrumbs-content":"","ast-featured-img":"","footer-sml-layout":"","ast-disable-related-posts":"","theme-transparent-header-meta":"default","adv-header-id-meta":"","stick-header-meta":"","header-above-stick-meta":"","header-main-stick-meta":"","header-below-stick-meta":"","astra-migrate-meta-layouts":"default","ast-page-background-enabled":"default","ast-page-background-meta":{"desktop":{"background-color":"var(--ast-global-color-4)","background-image":"","background-repeat":"repeat","background-position":"center center","background-size":"auto","background-attachment":"scroll","background-type":"","background-media":"","overlay-type":"","overlay-color":"","overlay-opacity":"","overlay-gradient":""},"tablet":{"background-color":"","background-image":"","background-repeat":"repeat","background-position":"center center","background-size":"auto","background-attachment":"scroll","background-type":"","background-media":"","overlay-type":"","overlay-color":"","overlay-opacity":"","overlay-gradient":""},"mobile":{"background-color":"","background-image":"","background-repeat":"repeat","background-position":"center center","background-size":"auto","background-attachment":"scroll","background-type":"","background-media":"","overlay-type":"","overlay-color":"","overlay-opacity":"","overlay-gradient":""}},"ast-content-background-meta":{"desktop":{"background-color":"var(--ast-global-color-5)","background-image":"","background-repeat":"repeat","background-position":"center center","background-size":"auto","background-attachment":"scroll","background-type":"","background-media":"","overlay-type":"","overlay-color":"","overlay-opacity":"","overlay-gradient":""},"tablet":{"background-color":"var(--ast-global-color-5)","background-image":"","background-repeat":"repeat","background-position":"center center","background-size":"auto","background-attachment":"scroll","background-type":"","background-media":"","overlay-type":"","overlay-color":"","overlay-opacity":"","overlay-gradient":""},"mobile":{"background-color":"var(--ast-global-color-5)","background-image":"","background-repeat":"repeat","background-position":"center center","background-size":"auto","background-attachment":"scroll","background-type":"","background-media":"","overlay-type":"","overlay-color":"","overlay-opacity":"","overlay-gradient":""}}},"product_cat":[27,3516],"product_tag":[1197,1326,3870,1518,1011],"yoast_head":"<!-- This site is optimized with the Yoast SEO plugin v20.8 - https:\/\/yoast.com\/wordpress\/plugins\/seo\/ -->\n<title>Enseigne en Bois &amp; Metal BOUTIQUE - Pi\u00e8ce Unique - Vintage French Finds<\/title>\n<meta name=\"description\" content=\"The best of French vintage delivered to your doorstep direct from France : fashion, furniture, decoration, table art, curiosities, collections and art work.\" \/>\n<meta name=\"robots\" content=\"index, follow, max-snippet:-1, max-image-preview:large, max-video-preview:-1\" \/>\n<link rel=\"canonical\" href=\"https:\/\/vintagefrenchfinds.com\/en\/product\/enseigne-en-bois-metal-boutique-piece-unique\/\" \/>\n<meta property=\"og:locale\" content=\"en_GB\" \/>\n<meta property=\"og:type\" content=\"article\" \/>\n<meta property=\"og:title\" content=\"Enseigne en Bois &amp; Metal BOUTIQUE - Pi\u00e8ce Unique - Vintage French Finds\" \/>\n<meta property=\"og:description\" content=\"The best of French vintage delivered to your doorstep direct from France : fashion, furniture, decoration, table art, curiosities, collections and art work.\" \/>\n<meta property=\"og:url\" content=\"https:\/\/vintagefrenchfinds.com\/en\/product\/enseigne-en-bois-metal-boutique-piece-unique\/\" \/>\n<meta property=\"og:site_name\" content=\"Vintage French Finds\" \/>\n<meta property=\"article:modified_time\" content=\"2025-03-19T12:46:23+00:00\" \/>\n<meta property=\"og:image\" content=\"https:\/\/vintagefrenchfinds.com\/wp-content\/uploads\/2023\/02\/DSCN8833.jpg\" \/>\n\t<meta property=\"og:image:width\" content=\"886\" \/>\n\t<meta property=\"og:image:height\" content=\"420\" \/>\n\t<meta property=\"og:image:type\" content=\"image\/jpeg\" \/>\n<meta name=\"twitter:card\" content=\"summary_large_image\" \/>\n<meta name=\"twitter:label1\" content=\"Estimated reading time\" \/>\n\t<meta name=\"twitter:data1\" content=\"1 minute\" \/>\n<script type=\"application\/ld+json\" class=\"yoast-schema-graph\">{\"@context\":\"https:\/\/schema.org\",\"@graph\":[{\"@type\":\"WebPage\",\"@id\":\"https:\/\/vintagefrenchfinds.com\/product\/enseigne-en-bois-metal-boutique-piece-unique\",\"url\":\"https:\/\/vintagefrenchfinds.com\/product\/enseigne-en-bois-metal-boutique-piece-unique\",\"name\":\"Enseigne en Bois & Metal BOUTIQUE - Pi\u00e8ce Unique - Vintage French Finds\",\"isPartOf\":{\"@id\":\"https:\/\/vintagefrenchfinds.com\/#website\"},\"datePublished\":\"2023-02-13T11:01:43+00:00\",\"dateModified\":\"2025-03-19T12:46:23+00:00\",\"description\":\"The best of French vintage delivered to your doorstep direct from France : fashion, furniture, decoration, table art, curiosities, collections and art work.\",\"breadcrumb\":{\"@id\":\"https:\/\/vintagefrenchfinds.com\/product\/enseigne-en-bois-metal-boutique-piece-unique#breadcrumb\"},\"inLanguage\":\"en-GB\",\"potentialAction\":[{\"@type\":\"ReadAction\",\"target\":[\"https:\/\/vintagefrenchfinds.com\/product\/enseigne-en-bois-metal-boutique-piece-unique\"]}]},{\"@type\":\"BreadcrumbList\",\"@id\":\"https:\/\/vintagefrenchfinds.com\/product\/enseigne-en-bois-metal-boutique-piece-unique#breadcrumb\",\"itemListElement\":[{\"@type\":\"ListItem\",\"position\":1,\"name\":\"Home\",\"item\":\"https:\/\/vintagefrenchfinds.com\/\"},{\"@type\":\"ListItem\",\"position\":2,\"name\":\"BOUTIQUE\",\"item\":\"https:\/\/vintagefrenchfinds.com\/shop\"},{\"@type\":\"ListItem\",\"position\":3,\"name\":\"Enseigne en Bois &#038; Metal BOUTIQUE &#8211; Pi\u00e8ce Unique\"}]},{\"@type\":\"WebSite\",\"@id\":\"https:\/\/vintagefrenchfinds.com\/#website\",\"url\":\"https:\/\/vintagefrenchfinds.com\/\",\"name\":\"Vintage French Finds\",\"description\":\"The best of French vintage delivered to your doorstep direct from France : fashion, furniture, decoration, table art, curiosities, collections and art work.\",\"potentialAction\":[{\"@type\":\"SearchAction\",\"target\":{\"@type\":\"EntryPoint\",\"urlTemplate\":\"https:\/\/vintagefrenchfinds.com\/?s={search_term_string}\"},\"query-input\":\"required name=search_term_string\"}],\"inLanguage\":\"en-GB\"}]}<\/script>\n<!-- \/ Yoast SEO plugin. -->","yoast_head_json":{"title":"Enseigne en Bois & Metal BOUTIQUE - Pi\u00e8ce Unique - Vintage French Finds","description":"The best of French vintage delivered to your doorstep direct from France : fashion, furniture, decoration, table art, curiosities, collections and art work.","robots":{"index":"index","follow":"follow","max-snippet":"max-snippet:-1","max-image-preview":"max-image-preview:large","max-video-preview":"max-video-preview:-1"},"canonical":"https:\/\/vintagefrenchfinds.com\/en\/product\/enseigne-en-bois-metal-boutique-piece-unique\/","og_locale":"en_GB","og_type":"article","og_title":"Enseigne en Bois & Metal BOUTIQUE - Pi\u00e8ce Unique - Vintage French Finds","og_description":"The best of French vintage delivered to your doorstep direct from France : fashion, furniture, decoration, table art, curiosities, collections and art work.","og_url":"https:\/\/vintagefrenchfinds.com\/en\/product\/enseigne-en-bois-metal-boutique-piece-unique\/","og_site_name":"Vintage French Finds","article_modified_time":"2025-03-19T12:46:23+00:00","og_image":[{"width":886,"height":420,"url":"https:\/\/vintagefrenchfinds.com\/wp-content\/uploads\/2023\/02\/DSCN8833.jpg","type":"image\/jpeg"}],"twitter_card":"summary_large_image","twitter_misc":{"Estimated reading time":"1 minute"},"schema":{"@context":"https:\/\/schema.org","@graph":[{"@type":"WebPage","@id":"https:\/\/vintagefrenchfinds.com\/product\/enseigne-en-bois-metal-boutique-piece-unique","url":"https:\/\/vintagefrenchfinds.com\/product\/enseigne-en-bois-metal-boutique-piece-unique","name":"Enseigne en Bois & Metal BOUTIQUE - Pi\u00e8ce Unique - Vintage French Finds","isPartOf":{"@id":"https:\/\/vintagefrenchfinds.com\/#website"},"datePublished":"2023-02-13T11:01:43+00:00","dateModified":"2025-03-19T12:46:23+00:00","description":"The best of French vintage delivered to your doorstep direct from France : fashion, furniture, decoration, table art, curiosities, collections and art work.","breadcrumb":{"@id":"https:\/\/vintagefrenchfinds.com\/product\/enseigne-en-bois-metal-boutique-piece-unique#breadcrumb"},"inLanguage":"en-GB","potentialAction":[{"@type":"ReadAction","target":["https:\/\/vintagefrenchfinds.com\/product\/enseigne-en-bois-metal-boutique-piece-unique"]}]},{"@type":"BreadcrumbList","@id":"https:\/\/vintagefrenchfinds.com\/product\/enseigne-en-bois-metal-boutique-piece-unique#breadcrumb","itemListElement":[{"@type":"ListItem","position":1,"name":"Home","item":"https:\/\/vintagefrenchfinds.com\/"},{"@type":"ListItem","position":2,"name":"BOUTIQUE","item":"https:\/\/vintagefrenchfinds.com\/shop"},{"@type":"ListItem","position":3,"name":"Enseigne en Bois &#038; Metal BOUTIQUE &#8211; Pi\u00e8ce Unique"}]},{"@type":"WebSite","@id":"https:\/\/vintagefrenchfinds.com\/#website","url":"https:\/\/vintagefrenchfinds.com\/","name":"Vintage French Finds\u00a0","description":"The best of French vintage delivered to your doorstep direct from France : fashion, furniture, decoration, table art, curiosities, collections and art work.","potentialAction":[{"@type":"SearchAction","target":{"@type":"EntryPoint","urlTemplate":"https:\/\/vintagefrenchfinds.com\/?s={search_term_string}"},"query-input":"required name=search_term_string"}],"inLanguage":"en-GB"}]}},"post_mailing_queue_ids":[],"_links":{"self":[{"href":"https:\/\/vintagefrenchfinds.com\/en\/wp-json\/wp\/v2\/product\/18910"}],"collection":[{"href":"https:\/\/vintagefrenchfinds.com\/en\/wp-json\/wp\/v2\/product"}],"about":[{"href":"https:\/\/vintagefrenchfinds.com\/en\/wp-json\/wp\/v2\/types\/product"}],"wp:featuredmedia":[{"embeddable":true,"href":"https:\/\/vintagefrenchfinds.com\/en\/wp-json\/wp\/v2\/media\/18911"}],"wp:attachment":[{"href":"https:\/\/vintagefrenchfinds.com\/en\/wp-json\/wp\/v2\/media?parent=18910"}],"wp:term":[{"taxonomy":"product_cat","embeddable":true,"href":"https:\/\/vintagefrenchfinds.com\/en\/wp-json\/wp\/v2\/product_cat?post=18910"},{"taxonomy":"product_tag","embeddable":true,"href":"https:\/\/vintagefrenchfinds.com\/en\/wp-json\/wp\/v2\/product_tag?post=18910"}],"curies":[{"name":"wp","href":"https:\/\/api.w.org\/{rel}","templated":true}]}}