{"id":19182,"date":"2023-02-27T12:14:47","date_gmt":"2023-02-27T12:14:47","guid":{"rendered":"https:\/\/vintagefrenchfinds.com\/?post_type=product&#038;p=19182"},"modified":"2025-03-13T22:17:48","modified_gmt":"2025-03-13T22:17:48","slug":"ancien-moulin-a-cafe-en-bois-metal-peugeot-freres-5","status":"publish","type":"product","link":"https:\/\/vintagefrenchfinds.com\/en\/product\/ancien-moulin-a-cafe-en-bois-metal-peugeot-freres-5","title":{"rendered":"Antique French Wood &amp; Metal PEUGEOT FR\u00c8RES Coffee Grinder"},"content":{"rendered":"<p><span style=\"font-weight: 400;\">Moulin \u00e0 caf\u00e9 \u00e0 manivelle vintage PEUGEOT FR\u00c8RES en bois et m\u00e9tal vert, joliment patin\u00e9 par le temps.<\/span><\/p>\n<p><span style=\"font-weight: 400;\">It bears the \"Peugeot fr\u00e8res\" coat of arms and traces of its use over time.<\/span><\/p>\n<p><span style=\"font-weight: 400;\">Peugeot fr\u00e8res company, managed by Jean Pierre Peugeot's sons, made these cubic grinders famous to the point where they actually came to symbolise coffee grinders in general. The wooden cubic mills were their best seller, and feature 56 different models !<\/span><\/p>\n<p><span style=\"font-weight: 400;\">Rien de mieux que l\u2019odeur d\u2019un caf\u00e9 fra\u00eechement moulu ! Il pr\u00e9servera tout le charme et les ar\u00f4mes d\u2019un caf\u00e9 moulu \u00e0 l\u2019ancienne pour une d\u00e9gustation de qualit\u00e9.<\/span><\/p>\n<p><span style=\"font-weight: 400;\">Perfect for creating a retro atmosphere in your kitchen or in a roasters \/ grocery store or restaurant.<\/span><\/p>\n<p><span style=\"font-weight: 400;\">It will also make a great gift for coffee lovers and collectors of vintage kitchenalia<\/span><\/p>\n<p><span style=\"font-weight: 400;\">LA 14 x P 14 x H 20 cm<\/span><\/p>","protected":false},"excerpt":{"rendered":"<p>Moulin \u00e0 caf\u00e9 \u00e0 manivelle vintage PEUGEOT FR\u00c8RES en bois et m\u00e9tal vert, joliment patin\u00e9 par le temps. Il porte le blason de la marque \u00ab Peugeot fr\u00e8res \u00bb Peugeot fr\u00e8res, dirig\u00e9e par les fils de JP Peugeot, ont donn\u00e9 \u00e0 ces moulins cubiques leur notori\u00e9t\u00e9, qui sont ensuite devenue l\u2019embl\u00e8me du moulin \u00e0 caf\u00e9. [&hellip;]<\/p>\n","protected":false},"featured_media":19183,"template":"","meta":{"site-sidebar-layout":"default","site-content-layout":"default","ast-site-content-layout":"default","site-content-style":"default","site-sidebar-style":"default","ast-global-header-display":"","ast-banner-title-visibility":"","ast-main-header-display":"","ast-hfb-above-header-display":"","ast-hfb-below-header-display":"","ast-hfb-mobile-header-display":"","site-post-title":"","ast-breadcrumbs-content":"","ast-featured-img":"","footer-sml-layout":"","ast-disable-related-posts":"","theme-transparent-header-meta":"default","adv-header-id-meta":"","stick-header-meta":"","header-above-stick-meta":"","header-main-stick-meta":"","header-below-stick-meta":"","astra-migrate-meta-layouts":"default","ast-page-background-enabled":"default","ast-page-background-meta":{"desktop":{"background-color":"var(--ast-global-color-4)","background-image":"","background-repeat":"repeat","background-position":"center center","background-size":"auto","background-attachment":"scroll","background-type":"","background-media":"","overlay-type":"","overlay-color":"","overlay-opacity":"","overlay-gradient":""},"tablet":{"background-color":"","background-image":"","background-repeat":"repeat","background-position":"center center","background-size":"auto","background-attachment":"scroll","background-type":"","background-media":"","overlay-type":"","overlay-color":"","overlay-opacity":"","overlay-gradient":""},"mobile":{"background-color":"","background-image":"","background-repeat":"repeat","background-position":"center center","background-size":"auto","background-attachment":"scroll","background-type":"","background-media":"","overlay-type":"","overlay-color":"","overlay-opacity":"","overlay-gradient":""}},"ast-content-background-meta":{"desktop":{"background-color":"var(--ast-global-color-5)","background-image":"","background-repeat":"repeat","background-position":"center center","background-size":"auto","background-attachment":"scroll","background-type":"","background-media":"","overlay-type":"","overlay-color":"","overlay-opacity":"","overlay-gradient":""},"tablet":{"background-color":"var(--ast-global-color-5)","background-image":"","background-repeat":"repeat","background-position":"center center","background-size":"auto","background-attachment":"scroll","background-type":"","background-media":"","overlay-type":"","overlay-color":"","overlay-opacity":"","overlay-gradient":""},"mobile":{"background-color":"var(--ast-global-color-5)","background-image":"","background-repeat":"repeat","background-position":"center center","background-size":"auto","background-attachment":"scroll","background-type":"","background-media":"","overlay-type":"","overlay-color":"","overlay-opacity":"","overlay-gradient":""}}},"product_cat":[3560,3565],"product_tag":[1197,1115,1326,2210,1920,1518,2400,2208,2213,1011],"yoast_head":"<!-- This site is optimized with the Yoast SEO plugin v20.8 - https:\/\/yoast.com\/wordpress\/plugins\/seo\/ -->\n<title>Ancien Moulin \u00e0 Caf\u00e9 en Bois &amp; M\u00e9tal PEUGEOT FRERES - Vintage French Finds<\/title>\n<meta name=\"description\" content=\"The best of French vintage delivered to your doorstep direct from France : fashion, furniture, decoration, table art, curiosities, collections and art work.\" \/>\n<meta name=\"robots\" content=\"index, follow, max-snippet:-1, max-image-preview:large, max-video-preview:-1\" \/>\n<link rel=\"canonical\" href=\"https:\/\/vintagefrenchfinds.com\/en\/product\/ancien-moulin-a-cafe-en-bois-metal-peugeot-freres-5\/\" \/>\n<meta property=\"og:locale\" content=\"en_GB\" \/>\n<meta property=\"og:type\" content=\"article\" \/>\n<meta property=\"og:title\" content=\"Ancien Moulin \u00e0 Caf\u00e9 en Bois &amp; M\u00e9tal PEUGEOT FRERES - Vintage French Finds\" \/>\n<meta property=\"og:description\" content=\"The best of French vintage delivered to your doorstep direct from France : fashion, furniture, decoration, table art, curiosities, collections and art work.\" \/>\n<meta property=\"og:url\" content=\"https:\/\/vintagefrenchfinds.com\/en\/product\/ancien-moulin-a-cafe-en-bois-metal-peugeot-freres-5\/\" \/>\n<meta property=\"og:site_name\" content=\"Vintage French Finds\" \/>\n<meta property=\"article:modified_time\" content=\"2025-03-13T22:17:48+00:00\" \/>\n<meta property=\"og:image\" content=\"https:\/\/vintagefrenchfinds.com\/wp-content\/uploads\/2023\/02\/DSCN8996.jpg\" \/>\n\t<meta property=\"og:image:width\" content=\"886\" \/>\n\t<meta property=\"og:image:height\" content=\"693\" \/>\n\t<meta property=\"og:image:type\" content=\"image\/jpeg\" \/>\n<meta name=\"twitter:card\" content=\"summary_large_image\" \/>\n<meta name=\"twitter:label1\" content=\"Estimated reading time\" \/>\n\t<meta name=\"twitter:data1\" content=\"1 minute\" \/>\n<script type=\"application\/ld+json\" class=\"yoast-schema-graph\">{\"@context\":\"https:\/\/schema.org\",\"@graph\":[{\"@type\":\"WebPage\",\"@id\":\"https:\/\/vintagefrenchfinds.com\/product\/ancien-moulin-a-cafe-en-bois-metal-peugeot-freres-5\",\"url\":\"https:\/\/vintagefrenchfinds.com\/product\/ancien-moulin-a-cafe-en-bois-metal-peugeot-freres-5\",\"name\":\"Ancien Moulin \u00e0 Caf\u00e9 en Bois & M\u00e9tal PEUGEOT FRERES - Vintage French Finds\",\"isPartOf\":{\"@id\":\"https:\/\/vintagefrenchfinds.com\/#website\"},\"datePublished\":\"2023-02-27T12:14:47+00:00\",\"dateModified\":\"2025-03-13T22:17:48+00:00\",\"description\":\"The best of French vintage delivered to your doorstep direct from France : fashion, furniture, decoration, table art, curiosities, collections and art work.\",\"breadcrumb\":{\"@id\":\"https:\/\/vintagefrenchfinds.com\/product\/ancien-moulin-a-cafe-en-bois-metal-peugeot-freres-5#breadcrumb\"},\"inLanguage\":\"en-GB\",\"potentialAction\":[{\"@type\":\"ReadAction\",\"target\":[\"https:\/\/vintagefrenchfinds.com\/product\/ancien-moulin-a-cafe-en-bois-metal-peugeot-freres-5\"]}]},{\"@type\":\"BreadcrumbList\",\"@id\":\"https:\/\/vintagefrenchfinds.com\/product\/ancien-moulin-a-cafe-en-bois-metal-peugeot-freres-5#breadcrumb\",\"itemListElement\":[{\"@type\":\"ListItem\",\"position\":1,\"name\":\"Home\",\"item\":\"https:\/\/vintagefrenchfinds.com\/\"},{\"@type\":\"ListItem\",\"position\":2,\"name\":\"BOUTIQUE\",\"item\":\"https:\/\/vintagefrenchfinds.com\/shop\"},{\"@type\":\"ListItem\",\"position\":3,\"name\":\"Ancien Moulin \u00e0 Caf\u00e9 en Bois &#038; M\u00e9tal PEUGEOT FRERES\"}]},{\"@type\":\"WebSite\",\"@id\":\"https:\/\/vintagefrenchfinds.com\/#website\",\"url\":\"https:\/\/vintagefrenchfinds.com\/\",\"name\":\"Vintage French Finds\",\"description\":\"The best of French vintage delivered to your doorstep direct from France : fashion, furniture, decoration, table art, curiosities, collections and art work.\",\"potentialAction\":[{\"@type\":\"SearchAction\",\"target\":{\"@type\":\"EntryPoint\",\"urlTemplate\":\"https:\/\/vintagefrenchfinds.com\/?s={search_term_string}\"},\"query-input\":\"required name=search_term_string\"}],\"inLanguage\":\"en-GB\"}]}<\/script>\n<!-- \/ Yoast SEO plugin. -->","yoast_head_json":{"title":"Ancien Moulin \u00e0 Caf\u00e9 en Bois & M\u00e9tal PEUGEOT FRERES - Vintage French Finds","description":"The best of French vintage delivered to your doorstep direct from France : fashion, furniture, decoration, table art, curiosities, collections and art work.","robots":{"index":"index","follow":"follow","max-snippet":"max-snippet:-1","max-image-preview":"max-image-preview:large","max-video-preview":"max-video-preview:-1"},"canonical":"https:\/\/vintagefrenchfinds.com\/en\/product\/ancien-moulin-a-cafe-en-bois-metal-peugeot-freres-5\/","og_locale":"en_GB","og_type":"article","og_title":"Ancien Moulin \u00e0 Caf\u00e9 en Bois & M\u00e9tal PEUGEOT FRERES - Vintage French Finds","og_description":"The best of French vintage delivered to your doorstep direct from France : fashion, furniture, decoration, table art, curiosities, collections and art work.","og_url":"https:\/\/vintagefrenchfinds.com\/en\/product\/ancien-moulin-a-cafe-en-bois-metal-peugeot-freres-5\/","og_site_name":"Vintage French Finds","article_modified_time":"2025-03-13T22:17:48+00:00","og_image":[{"width":886,"height":693,"url":"https:\/\/vintagefrenchfinds.com\/wp-content\/uploads\/2023\/02\/DSCN8996.jpg","type":"image\/jpeg"}],"twitter_card":"summary_large_image","twitter_misc":{"Estimated reading time":"1 minute"},"schema":{"@context":"https:\/\/schema.org","@graph":[{"@type":"WebPage","@id":"https:\/\/vintagefrenchfinds.com\/product\/ancien-moulin-a-cafe-en-bois-metal-peugeot-freres-5","url":"https:\/\/vintagefrenchfinds.com\/product\/ancien-moulin-a-cafe-en-bois-metal-peugeot-freres-5","name":"Ancien Moulin \u00e0 Caf\u00e9 en Bois & M\u00e9tal PEUGEOT FRERES - Vintage French Finds","isPartOf":{"@id":"https:\/\/vintagefrenchfinds.com\/#website"},"datePublished":"2023-02-27T12:14:47+00:00","dateModified":"2025-03-13T22:17:48+00:00","description":"The best of French vintage delivered to your doorstep direct from France : fashion, furniture, decoration, table art, curiosities, collections and art work.","breadcrumb":{"@id":"https:\/\/vintagefrenchfinds.com\/product\/ancien-moulin-a-cafe-en-bois-metal-peugeot-freres-5#breadcrumb"},"inLanguage":"en-GB","potentialAction":[{"@type":"ReadAction","target":["https:\/\/vintagefrenchfinds.com\/product\/ancien-moulin-a-cafe-en-bois-metal-peugeot-freres-5"]}]},{"@type":"BreadcrumbList","@id":"https:\/\/vintagefrenchfinds.com\/product\/ancien-moulin-a-cafe-en-bois-metal-peugeot-freres-5#breadcrumb","itemListElement":[{"@type":"ListItem","position":1,"name":"Home","item":"https:\/\/vintagefrenchfinds.com\/"},{"@type":"ListItem","position":2,"name":"BOUTIQUE","item":"https:\/\/vintagefrenchfinds.com\/shop"},{"@type":"ListItem","position":3,"name":"Ancien Moulin \u00e0 Caf\u00e9 en Bois &#038; M\u00e9tal PEUGEOT FRERES"}]},{"@type":"WebSite","@id":"https:\/\/vintagefrenchfinds.com\/#website","url":"https:\/\/vintagefrenchfinds.com\/","name":"Vintage French Finds\u00a0","description":"The best of French vintage delivered to your doorstep direct from France : fashion, furniture, decoration, table art, curiosities, collections and art work.","potentialAction":[{"@type":"SearchAction","target":{"@type":"EntryPoint","urlTemplate":"https:\/\/vintagefrenchfinds.com\/?s={search_term_string}"},"query-input":"required name=search_term_string"}],"inLanguage":"en-GB"}]}},"post_mailing_queue_ids":[],"_links":{"self":[{"href":"https:\/\/vintagefrenchfinds.com\/en\/wp-json\/wp\/v2\/product\/19182"}],"collection":[{"href":"https:\/\/vintagefrenchfinds.com\/en\/wp-json\/wp\/v2\/product"}],"about":[{"href":"https:\/\/vintagefrenchfinds.com\/en\/wp-json\/wp\/v2\/types\/product"}],"wp:featuredmedia":[{"embeddable":true,"href":"https:\/\/vintagefrenchfinds.com\/en\/wp-json\/wp\/v2\/media\/19183"}],"wp:attachment":[{"href":"https:\/\/vintagefrenchfinds.com\/en\/wp-json\/wp\/v2\/media?parent=19182"}],"wp:term":[{"taxonomy":"product_cat","embeddable":true,"href":"https:\/\/vintagefrenchfinds.com\/en\/wp-json\/wp\/v2\/product_cat?post=19182"},{"taxonomy":"product_tag","embeddable":true,"href":"https:\/\/vintagefrenchfinds.com\/en\/wp-json\/wp\/v2\/product_tag?post=19182"}],"curies":[{"name":"wp","href":"https:\/\/api.w.org\/{rel}","templated":true}]}}