{"id":19236,"date":"2023-02-27T16:22:50","date_gmt":"2023-02-27T16:22:50","guid":{"rendered":"https:\/\/vintagefrenchfinds.com\/?post_type=product&#038;p=19236"},"modified":"2025-03-19T16:37:25","modified_gmt":"2025-03-19T16:37:25","slug":"ancien-sucrier-en-porcelaine-de-limoges-jammet-seignolles","status":"publish","type":"product","link":"https:\/\/vintagefrenchfinds.com\/en\/product\/ancien-sucrier-en-porcelaine-de-limoges-jammet-seignolles","title":{"rendered":"Ancien Sucrier en Porcelaine de Limoges JAMMET SEIGNOLLES"},"content":{"rendered":"<p><span style=\"font-weight: 400;\">Joli sucrier \u00e0 caf\u00e9\/th\u00e9 vintage en porcelaine blanche de Limoges d\u00e9cor\u00e9 d\u2019un pourtour or, ainsi que d\u2019anses dor\u00e9es.<\/span><\/p>\n<p><span style=\"font-weight: 400;\">Estampill\u00e9s de : \u201c Jammet Seignolles &#8211; Limoges France &#8211; Exclusitvit\u00e9\u201d<\/span><\/p>\n<p><span style=\"font-weight: 400;\">La porcelaine de Limoges est l\u2019une des deux principales productions porcelaini\u00e8res de France, et la seule issue d\u2019un v\u00e9ritable territoire de production, situ\u00e9e autour de la ville de Limoges dans les Hautes \u2013 Viennes.<\/span><\/p>\n<p><span style=\"font-weight: 400;\">C\u2019est en 1768 que l\u2019on trouva des gisements exploitables de kaolin mat\u00e9riau indispensable \u00e0 la production de cette c\u00e9ramique et c\u2019est \u00e0 partir de cette d\u00e9couverte qu\u2019est n\u00e9e et s\u2019est d\u00e9velopp\u00e9e la porcelaine de Limoges.<\/span><\/p>\n<p><span style=\"font-weight: 400;\">En 1825, Fran\u00e7ois BAIGNOL s&rsquo;installe \u00e0 LA FABRIQUE, en bordure de la for\u00eat de Brigueuil et fonde l&rsquo;une des premi\u00e8res manufactures du d\u00e9partement, puis la c\u00e8de \u00e0 Henri SEIGNOLLES et ses associ\u00e9s en 1962.<\/span><\/p>\n<p><span style=\"font-weight: 400;\">Particuli\u00e8rement novateur, J. SEIGNOLLES devient la premi\u00e8re fabrique de Limoges r\u00e9alisant des d\u00e9cors sur une p\u00e2te extra-blanche garantie inalt\u00e9rables au lave-vaisselle, en parfaite osmose avec son temps.<\/span><\/p>\n<p><span style=\"font-weight: 400;\">Cette pi\u00e8ce de vaisselle raffin\u00e9e sera parfaite pour conserver\/servir du sucre en morceaux ou en poudre, en toute \u00e9l\u00e9gance.<\/span><\/p>\n<p><span data-sheets-value=\"{&quot;1&quot;:2,&quot;2&quot;:&quot;H 17 x LA 16 cm&quot;}\" data-sheets-userformat=\"{&quot;2&quot;:15229,&quot;3&quot;:{&quot;1&quot;:0},&quot;5&quot;:{&quot;1&quot;:[{&quot;1&quot;:2,&quot;2&quot;:0,&quot;5&quot;:{&quot;1&quot;:2,&quot;2&quot;:0}},{&quot;1&quot;:0,&quot;2&quot;:0,&quot;3&quot;:3},{&quot;1&quot;:1,&quot;2&quot;:0,&quot;4&quot;:1}]},&quot;6&quot;:{&quot;1&quot;:[{&quot;1&quot;:2,&quot;2&quot;:0,&quot;5&quot;:{&quot;1&quot;:2,&quot;2&quot;:0}},{&quot;1&quot;:0,&quot;2&quot;:0,&quot;3&quot;:3},{&quot;1&quot;:1,&quot;2&quot;:0,&quot;4&quot;:1}]},&quot;7&quot;:{&quot;1&quot;:[{&quot;1&quot;:2,&quot;2&quot;:0,&quot;5&quot;:{&quot;1&quot;:2,&quot;2&quot;:0}},{&quot;1&quot;:0,&quot;2&quot;:0,&quot;3&quot;:3},{&quot;1&quot;:1,&quot;2&quot;:0,&quot;4&quot;:1}]},&quot;8&quot;:{&quot;1&quot;:[{&quot;1&quot;:2,&quot;2&quot;:0,&quot;5&quot;:{&quot;1&quot;:2,&quot;2&quot;:0}},{&quot;1&quot;:0,&quot;2&quot;:0,&quot;3&quot;:3},{&quot;1&quot;:1,&quot;2&quot;:0,&quot;4&quot;:1}]},&quot;9&quot;:1,&quot;11&quot;:4,&quot;12&quot;:0,&quot;14&quot;:{&quot;1&quot;:2,&quot;2&quot;:65280},&quot;15&quot;:&quot;Calibri&quot;,&quot;16&quot;:14}\">H 17 x LA 16 cm<\/span><\/p>\n","protected":false},"excerpt":{"rendered":"<p>Joli sucrier \u00e0 caf\u00e9\/th\u00e9 vintage en porcelaine blanche de Limoges d\u00e9cor\u00e9 d\u2019un pourtour or, ainsi que d\u2019anses dor\u00e9es. Estampill\u00e9s de : \u201c Jammet Seignolles &#8211; Limoges France &#8211; Exclusitvit\u00e9\u201d La porcelaine de Limoges est l\u2019une des deux principales productions porcelaini\u00e8res de France, et la seule issue d\u2019un v\u00e9ritable territoire de production, situ\u00e9e autour de la [&hellip;]<\/p>\n","protected":false},"featured_media":19238,"template":"","meta":{"site-sidebar-layout":"default","site-content-layout":"default","ast-site-content-layout":"default","site-content-style":"default","site-sidebar-style":"default","ast-global-header-display":"","ast-banner-title-visibility":"","ast-main-header-display":"","ast-hfb-above-header-display":"","ast-hfb-below-header-display":"","ast-hfb-mobile-header-display":"","site-post-title":"","ast-breadcrumbs-content":"","ast-featured-img":"","footer-sml-layout":"","ast-disable-related-posts":"","theme-transparent-header-meta":"default","adv-header-id-meta":"","stick-header-meta":"","header-above-stick-meta":"","header-main-stick-meta":"","header-below-stick-meta":"","astra-migrate-meta-layouts":"default","ast-page-background-enabled":"default","ast-page-background-meta":{"desktop":{"background-color":"var(--ast-global-color-4)","background-image":"","background-repeat":"repeat","background-position":"center center","background-size":"auto","background-attachment":"scroll","background-type":"","background-media":"","overlay-type":"","overlay-color":"","overlay-opacity":"","overlay-gradient":""},"tablet":{"background-color":"","background-image":"","background-repeat":"repeat","background-position":"center center","background-size":"auto","background-attachment":"scroll","background-type":"","background-media":"","overlay-type":"","overlay-color":"","overlay-opacity":"","overlay-gradient":""},"mobile":{"background-color":"","background-image":"","background-repeat":"repeat","background-position":"center center","background-size":"auto","background-attachment":"scroll","background-type":"","background-media":"","overlay-type":"","overlay-color":"","overlay-opacity":"","overlay-gradient":""}},"ast-content-background-meta":{"desktop":{"background-color":"var(--ast-global-color-5)","background-image":"","background-repeat":"repeat","background-position":"center center","background-size":"auto","background-attachment":"scroll","background-type":"","background-media":"","overlay-type":"","overlay-color":"","overlay-opacity":"","overlay-gradient":""},"tablet":{"background-color":"var(--ast-global-color-5)","background-image":"","background-repeat":"repeat","background-position":"center center","background-size":"auto","background-attachment":"scroll","background-type":"","background-media":"","overlay-type":"","overlay-color":"","overlay-opacity":"","overlay-gradient":""},"mobile":{"background-color":"var(--ast-global-color-5)","background-image":"","background-repeat":"repeat","background-position":"center center","background-size":"auto","background-attachment":"scroll","background-type":"","background-media":"","overlay-type":"","overlay-color":"","overlay-opacity":"","overlay-gradient":""}}},"product_cat":[3542,3552],"product_tag":[1197,1115,1920,1021,3687,1644,2120,1011],"yoast_head":"<!-- This site is optimized with the Yoast SEO plugin v20.8 - https:\/\/yoast.com\/wordpress\/plugins\/seo\/ -->\n<title>Ancien Sucrier en Porcelaine de Limoges JAMMET SEIGNOLLES - Vintage French Finds<\/title>\n<meta name=\"description\" content=\"The best of French vintage delivered to your doorstep direct from France : fashion, furniture, decoration, table art, curiosities, collections and art work.\" \/>\n<meta name=\"robots\" content=\"index, follow, max-snippet:-1, max-image-preview:large, max-video-preview:-1\" \/>\n<link rel=\"canonical\" href=\"https:\/\/vintagefrenchfinds.com\/en\/product\/ancien-sucrier-en-porcelaine-de-limoges-jammet-seignolles\/\" \/>\n<meta property=\"og:locale\" content=\"en_GB\" \/>\n<meta property=\"og:type\" content=\"article\" \/>\n<meta property=\"og:title\" content=\"Ancien Sucrier en Porcelaine de Limoges JAMMET SEIGNOLLES - Vintage French Finds\" \/>\n<meta property=\"og:description\" content=\"The best of French vintage delivered to your doorstep direct from France : fashion, furniture, decoration, table art, curiosities, collections and art work.\" \/>\n<meta property=\"og:url\" content=\"https:\/\/vintagefrenchfinds.com\/en\/product\/ancien-sucrier-en-porcelaine-de-limoges-jammet-seignolles\/\" \/>\n<meta property=\"og:site_name\" content=\"Vintage French Finds\" \/>\n<meta property=\"article:modified_time\" content=\"2025-03-19T16:37:25+00:00\" \/>\n<meta property=\"og:image\" content=\"https:\/\/vintagefrenchfinds.com\/wp-content\/uploads\/2023\/02\/DSCN8933.jpg\" \/>\n\t<meta property=\"og:image:width\" content=\"886\" \/>\n\t<meta property=\"og:image:height\" content=\"649\" \/>\n\t<meta property=\"og:image:type\" content=\"image\/jpeg\" \/>\n<meta name=\"twitter:card\" content=\"summary_large_image\" \/>\n<meta name=\"twitter:label1\" content=\"Estimated reading time\" \/>\n\t<meta name=\"twitter:data1\" content=\"1 minute\" \/>\n<script type=\"application\/ld+json\" class=\"yoast-schema-graph\">{\"@context\":\"https:\/\/schema.org\",\"@graph\":[{\"@type\":\"WebPage\",\"@id\":\"https:\/\/vintagefrenchfinds.com\/product\/ancien-sucrier-en-porcelaine-de-limoges-jammet-seignolles\",\"url\":\"https:\/\/vintagefrenchfinds.com\/product\/ancien-sucrier-en-porcelaine-de-limoges-jammet-seignolles\",\"name\":\"Ancien Sucrier en Porcelaine de Limoges JAMMET SEIGNOLLES - Vintage French Finds\",\"isPartOf\":{\"@id\":\"https:\/\/vintagefrenchfinds.com\/#website\"},\"datePublished\":\"2023-02-27T16:22:50+00:00\",\"dateModified\":\"2025-03-19T16:37:25+00:00\",\"description\":\"The best of French vintage delivered to your doorstep direct from France : fashion, furniture, decoration, table art, curiosities, collections and art work.\",\"breadcrumb\":{\"@id\":\"https:\/\/vintagefrenchfinds.com\/product\/ancien-sucrier-en-porcelaine-de-limoges-jammet-seignolles#breadcrumb\"},\"inLanguage\":\"en-GB\",\"potentialAction\":[{\"@type\":\"ReadAction\",\"target\":[\"https:\/\/vintagefrenchfinds.com\/product\/ancien-sucrier-en-porcelaine-de-limoges-jammet-seignolles\"]}]},{\"@type\":\"BreadcrumbList\",\"@id\":\"https:\/\/vintagefrenchfinds.com\/product\/ancien-sucrier-en-porcelaine-de-limoges-jammet-seignolles#breadcrumb\",\"itemListElement\":[{\"@type\":\"ListItem\",\"position\":1,\"name\":\"Home\",\"item\":\"https:\/\/vintagefrenchfinds.com\/\"},{\"@type\":\"ListItem\",\"position\":2,\"name\":\"BOUTIQUE\",\"item\":\"https:\/\/vintagefrenchfinds.com\/shop\"},{\"@type\":\"ListItem\",\"position\":3,\"name\":\"Ancien Sucrier en Porcelaine de Limoges JAMMET SEIGNOLLES\"}]},{\"@type\":\"WebSite\",\"@id\":\"https:\/\/vintagefrenchfinds.com\/#website\",\"url\":\"https:\/\/vintagefrenchfinds.com\/\",\"name\":\"Vintage French Finds\",\"description\":\"The best of French vintage delivered to your doorstep direct from France : fashion, furniture, decoration, table art, curiosities, collections and art work.\",\"potentialAction\":[{\"@type\":\"SearchAction\",\"target\":{\"@type\":\"EntryPoint\",\"urlTemplate\":\"https:\/\/vintagefrenchfinds.com\/?s={search_term_string}\"},\"query-input\":\"required name=search_term_string\"}],\"inLanguage\":\"en-GB\"}]}<\/script>\n<!-- \/ Yoast SEO plugin. -->","yoast_head_json":{"title":"Ancien Sucrier en Porcelaine de Limoges JAMMET SEIGNOLLES - Vintage French Finds","description":"The best of French vintage delivered to your doorstep direct from France : fashion, furniture, decoration, table art, curiosities, collections and art work.","robots":{"index":"index","follow":"follow","max-snippet":"max-snippet:-1","max-image-preview":"max-image-preview:large","max-video-preview":"max-video-preview:-1"},"canonical":"https:\/\/vintagefrenchfinds.com\/en\/product\/ancien-sucrier-en-porcelaine-de-limoges-jammet-seignolles\/","og_locale":"en_GB","og_type":"article","og_title":"Ancien Sucrier en Porcelaine de Limoges JAMMET SEIGNOLLES - Vintage French Finds","og_description":"The best of French vintage delivered to your doorstep direct from France : fashion, furniture, decoration, table art, curiosities, collections and art work.","og_url":"https:\/\/vintagefrenchfinds.com\/en\/product\/ancien-sucrier-en-porcelaine-de-limoges-jammet-seignolles\/","og_site_name":"Vintage French Finds","article_modified_time":"2025-03-19T16:37:25+00:00","og_image":[{"width":886,"height":649,"url":"https:\/\/vintagefrenchfinds.com\/wp-content\/uploads\/2023\/02\/DSCN8933.jpg","type":"image\/jpeg"}],"twitter_card":"summary_large_image","twitter_misc":{"Estimated reading time":"1 minute"},"schema":{"@context":"https:\/\/schema.org","@graph":[{"@type":"WebPage","@id":"https:\/\/vintagefrenchfinds.com\/product\/ancien-sucrier-en-porcelaine-de-limoges-jammet-seignolles","url":"https:\/\/vintagefrenchfinds.com\/product\/ancien-sucrier-en-porcelaine-de-limoges-jammet-seignolles","name":"Ancien Sucrier en Porcelaine de Limoges JAMMET SEIGNOLLES - Vintage French Finds","isPartOf":{"@id":"https:\/\/vintagefrenchfinds.com\/#website"},"datePublished":"2023-02-27T16:22:50+00:00","dateModified":"2025-03-19T16:37:25+00:00","description":"The best of French vintage delivered to your doorstep direct from France : fashion, furniture, decoration, table art, curiosities, collections and art work.","breadcrumb":{"@id":"https:\/\/vintagefrenchfinds.com\/product\/ancien-sucrier-en-porcelaine-de-limoges-jammet-seignolles#breadcrumb"},"inLanguage":"en-GB","potentialAction":[{"@type":"ReadAction","target":["https:\/\/vintagefrenchfinds.com\/product\/ancien-sucrier-en-porcelaine-de-limoges-jammet-seignolles"]}]},{"@type":"BreadcrumbList","@id":"https:\/\/vintagefrenchfinds.com\/product\/ancien-sucrier-en-porcelaine-de-limoges-jammet-seignolles#breadcrumb","itemListElement":[{"@type":"ListItem","position":1,"name":"Home","item":"https:\/\/vintagefrenchfinds.com\/"},{"@type":"ListItem","position":2,"name":"BOUTIQUE","item":"https:\/\/vintagefrenchfinds.com\/shop"},{"@type":"ListItem","position":3,"name":"Ancien Sucrier en Porcelaine de Limoges JAMMET SEIGNOLLES"}]},{"@type":"WebSite","@id":"https:\/\/vintagefrenchfinds.com\/#website","url":"https:\/\/vintagefrenchfinds.com\/","name":"Vintage French Finds\u00a0","description":"The best of French vintage delivered to your doorstep direct from France : fashion, furniture, decoration, table art, curiosities, collections and art work.","potentialAction":[{"@type":"SearchAction","target":{"@type":"EntryPoint","urlTemplate":"https:\/\/vintagefrenchfinds.com\/?s={search_term_string}"},"query-input":"required name=search_term_string"}],"inLanguage":"en-GB"}]}},"post_mailing_queue_ids":[],"_links":{"self":[{"href":"https:\/\/vintagefrenchfinds.com\/en\/wp-json\/wp\/v2\/product\/19236"}],"collection":[{"href":"https:\/\/vintagefrenchfinds.com\/en\/wp-json\/wp\/v2\/product"}],"about":[{"href":"https:\/\/vintagefrenchfinds.com\/en\/wp-json\/wp\/v2\/types\/product"}],"wp:featuredmedia":[{"embeddable":true,"href":"https:\/\/vintagefrenchfinds.com\/en\/wp-json\/wp\/v2\/media\/19238"}],"wp:attachment":[{"href":"https:\/\/vintagefrenchfinds.com\/en\/wp-json\/wp\/v2\/media?parent=19236"}],"wp:term":[{"taxonomy":"product_cat","embeddable":true,"href":"https:\/\/vintagefrenchfinds.com\/en\/wp-json\/wp\/v2\/product_cat?post=19236"},{"taxonomy":"product_tag","embeddable":true,"href":"https:\/\/vintagefrenchfinds.com\/en\/wp-json\/wp\/v2\/product_tag?post=19236"}],"curies":[{"name":"wp","href":"https:\/\/api.w.org\/{rel}","templated":true}]}}