{"id":19250,"date":"2023-02-27T16:37:09","date_gmt":"2023-02-27T16:37:09","guid":{"rendered":"https:\/\/vintagefrenchfinds.com\/?post_type=product&#038;p=19250"},"modified":"2025-03-19T16:41:51","modified_gmt":"2025-03-19T16:41:51","slug":"theiere-sucrier-en-porcelaine-de-limoges-robert-haviland-le-tanneur","status":"publish","type":"product","link":"https:\/\/vintagefrenchfinds.com\/en\/product\/theiere-sucrier-en-porcelaine-de-limoges-robert-haviland-le-tanneur","title":{"rendered":"Th\u00e9i\u00e8re &#038; Sucrier en Porcelaine de Limoges ROBERT HAVILAND &#038; LE TANNEUR"},"content":{"rendered":"<p><span style=\"font-weight: 400;\">Ensemble de th\u00e9i\u00e8re et sucrier \u00e0 caf\u00e9\/th\u00e9 vintage en porcelaine blanche de Limoges d\u00e9cor\u00e9 d\u2019un pourtour or, ainsi que d\u2019anses dor\u00e9es.<\/span><\/p>\n<p><span style=\"font-weight: 400;\">Estampill\u00e9s : \u201c Robert Haviland &#8211; Le Tanneur &#8211; Limoges\u201d<\/span><\/p>\n<p><span style=\"font-weight: 400;\">Limoges porcelain is one of the two main porcelain productions in France, located around the city of Limoges in Hautes-Viennes.<\/span><\/p>\n<p><span style=\"font-weight: 400;\">C\u2019est en 1768 que l\u2019on trouva des gisements exploitables de kaolin mat\u00e9riau indispensable \u00e0 la production de cette c\u00e9ramique et c\u2019est \u00e0 partir de cette d\u00e9couverte qu\u2019est n\u00e9e et s\u2019est d\u00e9velopp\u00e9e la porcelaine de Limoges.<\/span><\/p>\n<p><span style=\"font-weight: 400;\">Robert Haviland est le petit-fils du c\u00e9l\u00e8bre Charles Field Haviland. Il fonde sa manufacture de porcelaine \u00e0 Limoges en 1924 et s\u2019associe avec Pierre le Tanneur (son beau-fr\u00e8re) en 1926.\u00a0<\/span><\/p>\n<p><span style=\"font-weight: 400;\">En 1941, il rach\u00e8te la maison Charles Field Haviland et signe toute sa production de ce nom. Ainsi, toutes les pi\u00e8ces sign\u00e9es Robert Haviland et le Tanneur ont \u00e9t\u00e9 produites entre 1926 et 1941.<\/span><\/p>\n<p><span style=\"font-weight: 400;\">Cette petite partie de service raffin\u00e9 sera parfaite pour d\u00e9guster votre caf\u00e9 noir, caf\u00e9 noisette ou m\u00eame un th\u00e9 \u00e0 la menthe, en toute \u00e9l\u00e9gance.<\/span><\/p>\n<p><span style=\"font-weight: 400;\">(sucrier) LA 20 x H 14 cm (th\u00e9i\u00e8re) LA 26 x H 21 cm<\/span><\/p>","protected":false},"excerpt":{"rendered":"<p>Ensemble de th\u00e9i\u00e8re et sucrier \u00e0 caf\u00e9\/th\u00e9 vintage en porcelaine blanche de Limoges d\u00e9cor\u00e9 d\u2019un pourtour or, ainsi que d\u2019anses dor\u00e9es. Estampill\u00e9s : \u201c Robert Haviland &#8211; Le Tanneur &#8211; Limoges\u201d La porcelaine de Limoges est l\u2019une des deux principales productions porcelaini\u00e8res de France, et la seule issue d\u2019un v\u00e9ritable territoire de production, situ\u00e9e autour [&hellip;]<\/p>\n","protected":false},"featured_media":19253,"template":"","meta":{"site-sidebar-layout":"default","site-content-layout":"default","ast-site-content-layout":"default","site-content-style":"default","site-sidebar-style":"default","ast-global-header-display":"","ast-banner-title-visibility":"","ast-main-header-display":"","ast-hfb-above-header-display":"","ast-hfb-below-header-display":"","ast-hfb-mobile-header-display":"","site-post-title":"","ast-breadcrumbs-content":"","ast-featured-img":"","footer-sml-layout":"","ast-disable-related-posts":"","theme-transparent-header-meta":"default","adv-header-id-meta":"","stick-header-meta":"","header-above-stick-meta":"","header-main-stick-meta":"","header-below-stick-meta":"","astra-migrate-meta-layouts":"default","ast-page-background-enabled":"default","ast-page-background-meta":{"desktop":{"background-color":"var(--ast-global-color-4)","background-image":"","background-repeat":"repeat","background-position":"center center","background-size":"auto","background-attachment":"scroll","background-type":"","background-media":"","overlay-type":"","overlay-color":"","overlay-opacity":"","overlay-gradient":""},"tablet":{"background-color":"","background-image":"","background-repeat":"repeat","background-position":"center center","background-size":"auto","background-attachment":"scroll","background-type":"","background-media":"","overlay-type":"","overlay-color":"","overlay-opacity":"","overlay-gradient":""},"mobile":{"background-color":"","background-image":"","background-repeat":"repeat","background-position":"center center","background-size":"auto","background-attachment":"scroll","background-type":"","background-media":"","overlay-type":"","overlay-color":"","overlay-opacity":"","overlay-gradient":""}},"ast-content-background-meta":{"desktop":{"background-color":"var(--ast-global-color-5)","background-image":"","background-repeat":"repeat","background-position":"center center","background-size":"auto","background-attachment":"scroll","background-type":"","background-media":"","overlay-type":"","overlay-color":"","overlay-opacity":"","overlay-gradient":""},"tablet":{"background-color":"var(--ast-global-color-5)","background-image":"","background-repeat":"repeat","background-position":"center center","background-size":"auto","background-attachment":"scroll","background-type":"","background-media":"","overlay-type":"","overlay-color":"","overlay-opacity":"","overlay-gradient":""},"mobile":{"background-color":"var(--ast-global-color-5)","background-image":"","background-repeat":"repeat","background-position":"center center","background-size":"auto","background-attachment":"scroll","background-type":"","background-media":"","overlay-type":"","overlay-color":"","overlay-opacity":"","overlay-gradient":""}}},"product_cat":[3542,3552],"product_tag":[1197,1115,1920,1021,3687,1222,2120,1414,1011],"yoast_head":"<!-- This site is optimized with the Yoast SEO plugin v20.8 - https:\/\/yoast.com\/wordpress\/plugins\/seo\/ -->\n<title>Th\u00e9i\u00e8re &amp; Sucrier en Porcelaine de Limoges ROBERT HAVILAND &amp; LE TANNEUR - Vintage French Finds<\/title>\n<meta name=\"description\" content=\"The best of French vintage delivered to your doorstep direct from France : fashion, furniture, decoration, table art, curiosities, collections and art work.\" \/>\n<meta name=\"robots\" content=\"index, follow, max-snippet:-1, max-image-preview:large, max-video-preview:-1\" \/>\n<link rel=\"canonical\" href=\"https:\/\/vintagefrenchfinds.com\/en\/product\/theiere-sucrier-en-porcelaine-de-limoges-robert-haviland-le-tanneur\/\" \/>\n<meta property=\"og:locale\" content=\"en_GB\" \/>\n<meta property=\"og:type\" content=\"article\" \/>\n<meta property=\"og:title\" content=\"Th\u00e9i\u00e8re &amp; Sucrier en Porcelaine de Limoges ROBERT HAVILAND &amp; LE TANNEUR - Vintage French Finds\" \/>\n<meta property=\"og:description\" content=\"The best of French vintage delivered to your doorstep direct from France : fashion, furniture, decoration, table art, curiosities, collections and art work.\" \/>\n<meta property=\"og:url\" content=\"https:\/\/vintagefrenchfinds.com\/en\/product\/theiere-sucrier-en-porcelaine-de-limoges-robert-haviland-le-tanneur\/\" \/>\n<meta property=\"og:site_name\" content=\"Vintage French Finds\" \/>\n<meta property=\"article:modified_time\" content=\"2025-03-19T16:41:51+00:00\" \/>\n<meta property=\"og:image\" content=\"https:\/\/vintagefrenchfinds.com\/wp-content\/uploads\/2023\/02\/DSCN8928.jpg\" \/>\n\t<meta property=\"og:image:width\" content=\"886\" \/>\n\t<meta property=\"og:image:height\" content=\"648\" \/>\n\t<meta property=\"og:image:type\" content=\"image\/jpeg\" \/>\n<meta name=\"twitter:card\" content=\"summary_large_image\" \/>\n<meta name=\"twitter:label1\" content=\"Estimated reading time\" \/>\n\t<meta name=\"twitter:data1\" content=\"1 minute\" \/>\n<script type=\"application\/ld+json\" class=\"yoast-schema-graph\">{\"@context\":\"https:\/\/schema.org\",\"@graph\":[{\"@type\":\"WebPage\",\"@id\":\"https:\/\/vintagefrenchfinds.com\/product\/theiere-sucrier-en-porcelaine-de-limoges-robert-haviland-le-tanneur\",\"url\":\"https:\/\/vintagefrenchfinds.com\/product\/theiere-sucrier-en-porcelaine-de-limoges-robert-haviland-le-tanneur\",\"name\":\"Th\u00e9i\u00e8re & Sucrier en Porcelaine de Limoges ROBERT HAVILAND & LE TANNEUR - Vintage French Finds\",\"isPartOf\":{\"@id\":\"https:\/\/vintagefrenchfinds.com\/#website\"},\"datePublished\":\"2023-02-27T16:37:09+00:00\",\"dateModified\":\"2025-03-19T16:41:51+00:00\",\"description\":\"The best of French vintage delivered to your doorstep direct from France : fashion, furniture, decoration, table art, curiosities, collections and art work.\",\"breadcrumb\":{\"@id\":\"https:\/\/vintagefrenchfinds.com\/product\/theiere-sucrier-en-porcelaine-de-limoges-robert-haviland-le-tanneur#breadcrumb\"},\"inLanguage\":\"en-GB\",\"potentialAction\":[{\"@type\":\"ReadAction\",\"target\":[\"https:\/\/vintagefrenchfinds.com\/product\/theiere-sucrier-en-porcelaine-de-limoges-robert-haviland-le-tanneur\"]}]},{\"@type\":\"BreadcrumbList\",\"@id\":\"https:\/\/vintagefrenchfinds.com\/product\/theiere-sucrier-en-porcelaine-de-limoges-robert-haviland-le-tanneur#breadcrumb\",\"itemListElement\":[{\"@type\":\"ListItem\",\"position\":1,\"name\":\"Home\",\"item\":\"https:\/\/vintagefrenchfinds.com\/\"},{\"@type\":\"ListItem\",\"position\":2,\"name\":\"BOUTIQUE\",\"item\":\"https:\/\/vintagefrenchfinds.com\/shop\"},{\"@type\":\"ListItem\",\"position\":3,\"name\":\"Th\u00e9i\u00e8re &#038; Sucrier en Porcelaine de Limoges ROBERT HAVILAND &#038; LE TANNEUR\"}]},{\"@type\":\"WebSite\",\"@id\":\"https:\/\/vintagefrenchfinds.com\/#website\",\"url\":\"https:\/\/vintagefrenchfinds.com\/\",\"name\":\"Vintage French Finds\",\"description\":\"The best of French vintage delivered to your doorstep direct from France : fashion, furniture, decoration, table art, curiosities, collections and art work.\",\"potentialAction\":[{\"@type\":\"SearchAction\",\"target\":{\"@type\":\"EntryPoint\",\"urlTemplate\":\"https:\/\/vintagefrenchfinds.com\/?s={search_term_string}\"},\"query-input\":\"required name=search_term_string\"}],\"inLanguage\":\"en-GB\"}]}<\/script>\n<!-- \/ Yoast SEO plugin. -->","yoast_head_json":{"title":"Th\u00e9i\u00e8re & Sucrier en Porcelaine de Limoges ROBERT HAVILAND & LE TANNEUR - Vintage French Finds","description":"The best of French vintage delivered to your doorstep direct from France : fashion, furniture, decoration, table art, curiosities, collections and art work.","robots":{"index":"index","follow":"follow","max-snippet":"max-snippet:-1","max-image-preview":"max-image-preview:large","max-video-preview":"max-video-preview:-1"},"canonical":"https:\/\/vintagefrenchfinds.com\/en\/product\/theiere-sucrier-en-porcelaine-de-limoges-robert-haviland-le-tanneur\/","og_locale":"en_GB","og_type":"article","og_title":"Th\u00e9i\u00e8re & Sucrier en Porcelaine de Limoges ROBERT HAVILAND & LE TANNEUR - Vintage French Finds","og_description":"The best of French vintage delivered to your doorstep direct from France : fashion, furniture, decoration, table art, curiosities, collections and art work.","og_url":"https:\/\/vintagefrenchfinds.com\/en\/product\/theiere-sucrier-en-porcelaine-de-limoges-robert-haviland-le-tanneur\/","og_site_name":"Vintage French Finds","article_modified_time":"2025-03-19T16:41:51+00:00","og_image":[{"width":886,"height":648,"url":"https:\/\/vintagefrenchfinds.com\/wp-content\/uploads\/2023\/02\/DSCN8928.jpg","type":"image\/jpeg"}],"twitter_card":"summary_large_image","twitter_misc":{"Estimated reading time":"1 minute"},"schema":{"@context":"https:\/\/schema.org","@graph":[{"@type":"WebPage","@id":"https:\/\/vintagefrenchfinds.com\/product\/theiere-sucrier-en-porcelaine-de-limoges-robert-haviland-le-tanneur","url":"https:\/\/vintagefrenchfinds.com\/product\/theiere-sucrier-en-porcelaine-de-limoges-robert-haviland-le-tanneur","name":"Th\u00e9i\u00e8re & Sucrier en Porcelaine de Limoges ROBERT HAVILAND & LE TANNEUR - Vintage French Finds","isPartOf":{"@id":"https:\/\/vintagefrenchfinds.com\/#website"},"datePublished":"2023-02-27T16:37:09+00:00","dateModified":"2025-03-19T16:41:51+00:00","description":"The best of French vintage delivered to your doorstep direct from France : fashion, furniture, decoration, table art, curiosities, collections and art work.","breadcrumb":{"@id":"https:\/\/vintagefrenchfinds.com\/product\/theiere-sucrier-en-porcelaine-de-limoges-robert-haviland-le-tanneur#breadcrumb"},"inLanguage":"en-GB","potentialAction":[{"@type":"ReadAction","target":["https:\/\/vintagefrenchfinds.com\/product\/theiere-sucrier-en-porcelaine-de-limoges-robert-haviland-le-tanneur"]}]},{"@type":"BreadcrumbList","@id":"https:\/\/vintagefrenchfinds.com\/product\/theiere-sucrier-en-porcelaine-de-limoges-robert-haviland-le-tanneur#breadcrumb","itemListElement":[{"@type":"ListItem","position":1,"name":"Home","item":"https:\/\/vintagefrenchfinds.com\/"},{"@type":"ListItem","position":2,"name":"BOUTIQUE","item":"https:\/\/vintagefrenchfinds.com\/shop"},{"@type":"ListItem","position":3,"name":"Th\u00e9i\u00e8re &#038; Sucrier en Porcelaine de Limoges ROBERT HAVILAND &#038; LE TANNEUR"}]},{"@type":"WebSite","@id":"https:\/\/vintagefrenchfinds.com\/#website","url":"https:\/\/vintagefrenchfinds.com\/","name":"Vintage French Finds\u00a0","description":"The best of French vintage delivered to your doorstep direct from France : fashion, furniture, decoration, table art, curiosities, collections and art work.","potentialAction":[{"@type":"SearchAction","target":{"@type":"EntryPoint","urlTemplate":"https:\/\/vintagefrenchfinds.com\/?s={search_term_string}"},"query-input":"required name=search_term_string"}],"inLanguage":"en-GB"}]}},"post_mailing_queue_ids":[],"_links":{"self":[{"href":"https:\/\/vintagefrenchfinds.com\/en\/wp-json\/wp\/v2\/product\/19250"}],"collection":[{"href":"https:\/\/vintagefrenchfinds.com\/en\/wp-json\/wp\/v2\/product"}],"about":[{"href":"https:\/\/vintagefrenchfinds.com\/en\/wp-json\/wp\/v2\/types\/product"}],"wp:featuredmedia":[{"embeddable":true,"href":"https:\/\/vintagefrenchfinds.com\/en\/wp-json\/wp\/v2\/media\/19253"}],"wp:attachment":[{"href":"https:\/\/vintagefrenchfinds.com\/en\/wp-json\/wp\/v2\/media?parent=19250"}],"wp:term":[{"taxonomy":"product_cat","embeddable":true,"href":"https:\/\/vintagefrenchfinds.com\/en\/wp-json\/wp\/v2\/product_cat?post=19250"},{"taxonomy":"product_tag","embeddable":true,"href":"https:\/\/vintagefrenchfinds.com\/en\/wp-json\/wp\/v2\/product_tag?post=19250"}],"curies":[{"name":"wp","href":"https:\/\/api.w.org\/{rel}","templated":true}]}}