{"id":19375,"date":"2023-03-02T17:40:52","date_gmt":"2023-03-02T17:40:52","guid":{"rendered":"https:\/\/vintagefrenchfinds.com\/?post_type=product&#038;p=19375"},"modified":"2025-03-19T16:19:36","modified_gmt":"2025-03-19T16:19:36","slug":"ancienne-lampe-a-petrole-xl-en-laiton","status":"publish","type":"product","link":"https:\/\/vintagefrenchfinds.com\/en\/product\/ancienne-lampe-a-petrole-xl-en-laiton","title":{"rendered":"Ancienne Lampe \u00e0 P\u00e9trole XL en Laiton"},"content":{"rendered":"<p><span style=\"font-weight: 400;\">Majestueuse lampe \u00e0 p\u00e9trole vintage en laiton d\u00e9cor\u00e9e d\u2019ornements du style classique.<\/span><\/p>\n<p><span style=\"font-weight: 400;\">Ce superbe \u00e9clairage d\u2019\u00e9poque se compose d\u2019un abat-jour chemin\u00e9 en verre et d\u2019un bec en laiton de type Kosmos.<\/span><\/p>\n<p><span style=\"font-weight: 400;\">Depuis le 17e si\u00e8cle, les lampes \u00e0 huile avaient remplac\u00e9 les bougies dans l\u2019\u00e9clairage domestique. C\u2019est seulement \u00e0 partir de 1853, qu\u2019est n\u00e9 l&rsquo;huile enfin liquide : le p\u00e9trole lampant, invent\u00e9 par le pharmacien polonais Ignacy Lukaszewicz. Cette huile min\u00e9rale tr\u00e8s liquide s&rsquo;enflammait plus facilement que les huiles v\u00e9g\u00e9tales ou animales et donnait une bien meilleure brillance.<\/span><\/p>\n<p><span style=\"font-weight: 400;\">Aussit\u00f4t, elle a \u00e9t\u00e9 utilis\u00e9e dans des lampes \u00e0 r\u00e9servoir et la lampe \u00e0 p\u00e9trole fut un symbole de modernit\u00e9 aux temps anciens.<\/span><\/p>\n<p><span style=\"font-weight: 400;\">Cette belle pi\u00e8ce monumentale sera parfaite pour cr\u00e9er une ambiance \u201croyale\u201d dans votre int\u00e9rieur. Elle vous sera \u00e9galement tr\u00e8s utile lors d\u2019une panne de courant !<\/span><\/p>\n<p><span style=\"font-weight: 400;\">Excellent condition\u00a0<\/span><\/p>\n<p><span style=\"font-weight: 400;\">H 58 cm<\/span><\/p>","protected":false},"excerpt":{"rendered":"<p>Majestueuse lampe \u00e0 p\u00e9trole vintage en laiton d\u00e9cor\u00e9e d\u2019ornements du style classique. Ce superbe \u00e9clairage d\u2019\u00e9poque se compose d\u2019un abat-jour chemin\u00e9 en verre et d\u2019un bec en laiton de type Kosmos. Depuis le 17e si\u00e8cle, les lampes \u00e0 huile avaient remplac\u00e9 les bougies dans l\u2019\u00e9clairage domestique. C\u2019est seulement \u00e0 partir de 1853, qu\u2019est n\u00e9 l&rsquo;huile [&hellip;]<\/p>\n","protected":false},"featured_media":19376,"template":"","meta":{"site-sidebar-layout":"default","site-content-layout":"default","ast-site-content-layout":"default","site-content-style":"default","site-sidebar-style":"default","ast-global-header-display":"","ast-banner-title-visibility":"","ast-main-header-display":"","ast-hfb-above-header-display":"","ast-hfb-below-header-display":"","ast-hfb-mobile-header-display":"","site-post-title":"","ast-breadcrumbs-content":"","ast-featured-img":"","footer-sml-layout":"","ast-disable-related-posts":"","theme-transparent-header-meta":"default","adv-header-id-meta":"","stick-header-meta":"","header-above-stick-meta":"","header-main-stick-meta":"","header-below-stick-meta":"","astra-migrate-meta-layouts":"default","ast-page-background-enabled":"default","ast-page-background-meta":{"desktop":{"background-color":"var(--ast-global-color-4)","background-image":"","background-repeat":"repeat","background-position":"center center","background-size":"auto","background-attachment":"scroll","background-type":"","background-media":"","overlay-type":"","overlay-color":"","overlay-opacity":"","overlay-gradient":""},"tablet":{"background-color":"","background-image":"","background-repeat":"repeat","background-position":"center center","background-size":"auto","background-attachment":"scroll","background-type":"","background-media":"","overlay-type":"","overlay-color":"","overlay-opacity":"","overlay-gradient":""},"mobile":{"background-color":"","background-image":"","background-repeat":"repeat","background-position":"center center","background-size":"auto","background-attachment":"scroll","background-type":"","background-media":"","overlay-type":"","overlay-color":"","overlay-opacity":"","overlay-gradient":""}},"ast-content-background-meta":{"desktop":{"background-color":"var(--ast-global-color-5)","background-image":"","background-repeat":"repeat","background-position":"center center","background-size":"auto","background-attachment":"scroll","background-type":"","background-media":"","overlay-type":"","overlay-color":"","overlay-opacity":"","overlay-gradient":""},"tablet":{"background-color":"var(--ast-global-color-5)","background-image":"","background-repeat":"repeat","background-position":"center center","background-size":"auto","background-attachment":"scroll","background-type":"","background-media":"","overlay-type":"","overlay-color":"","overlay-opacity":"","overlay-gradient":""},"mobile":{"background-color":"var(--ast-global-color-5)","background-image":"","background-repeat":"repeat","background-position":"center center","background-size":"auto","background-attachment":"scroll","background-type":"","background-media":"","overlay-type":"","overlay-color":"","overlay-opacity":"","overlay-gradient":""}}},"product_cat":[23,3541],"product_tag":[1197,1253,1767,1958,1139,1914,1946,1011],"yoast_head":"<!-- This site is optimized with the Yoast SEO plugin v20.8 - https:\/\/yoast.com\/wordpress\/plugins\/seo\/ -->\n<title>Ancienne Lampe \u00e0 P\u00e9trole XL en Laiton - Vintage French Finds<\/title>\n<meta name=\"description\" content=\"The best of French vintage delivered to your doorstep direct from France : fashion, furniture, decoration, table art, curiosities, collections and art work.\" \/>\n<meta name=\"robots\" content=\"index, follow, max-snippet:-1, max-image-preview:large, max-video-preview:-1\" \/>\n<link rel=\"canonical\" href=\"https:\/\/vintagefrenchfinds.com\/en\/product\/ancienne-lampe-a-petrole-xl-en-laiton\/\" \/>\n<meta property=\"og:locale\" content=\"en_GB\" \/>\n<meta property=\"og:type\" content=\"article\" \/>\n<meta property=\"og:title\" content=\"Ancienne Lampe \u00e0 P\u00e9trole XL en Laiton - Vintage French Finds\" \/>\n<meta property=\"og:description\" content=\"The best of French vintage delivered to your doorstep direct from France : fashion, furniture, decoration, table art, curiosities, collections and art work.\" \/>\n<meta property=\"og:url\" content=\"https:\/\/vintagefrenchfinds.com\/en\/product\/ancienne-lampe-a-petrole-xl-en-laiton\/\" \/>\n<meta property=\"og:site_name\" content=\"Vintage French Finds\" \/>\n<meta property=\"article:modified_time\" content=\"2025-03-19T16:19:36+00:00\" \/>\n<meta property=\"og:image\" content=\"https:\/\/vintagefrenchfinds.com\/wp-content\/uploads\/2023\/03\/DSCN9143.jpg\" \/>\n\t<meta property=\"og:image:width\" content=\"664\" \/>\n\t<meta property=\"og:image:height\" content=\"886\" \/>\n\t<meta property=\"og:image:type\" content=\"image\/jpeg\" \/>\n<meta name=\"twitter:card\" content=\"summary_large_image\" \/>\n<meta name=\"twitter:label1\" content=\"Estimated reading time\" \/>\n\t<meta name=\"twitter:data1\" content=\"1 minute\" \/>\n<script type=\"application\/ld+json\" class=\"yoast-schema-graph\">{\"@context\":\"https:\/\/schema.org\",\"@graph\":[{\"@type\":\"WebPage\",\"@id\":\"https:\/\/vintagefrenchfinds.com\/product\/ancienne-lampe-a-petrole-xl-en-laiton\",\"url\":\"https:\/\/vintagefrenchfinds.com\/product\/ancienne-lampe-a-petrole-xl-en-laiton\",\"name\":\"Ancienne Lampe \u00e0 P\u00e9trole XL en Laiton - Vintage French Finds\",\"isPartOf\":{\"@id\":\"https:\/\/vintagefrenchfinds.com\/#website\"},\"datePublished\":\"2023-03-02T17:40:52+00:00\",\"dateModified\":\"2025-03-19T16:19:36+00:00\",\"description\":\"The best of French vintage delivered to your doorstep direct from France : fashion, furniture, decoration, table art, curiosities, collections and art work.\",\"breadcrumb\":{\"@id\":\"https:\/\/vintagefrenchfinds.com\/product\/ancienne-lampe-a-petrole-xl-en-laiton#breadcrumb\"},\"inLanguage\":\"en-GB\",\"potentialAction\":[{\"@type\":\"ReadAction\",\"target\":[\"https:\/\/vintagefrenchfinds.com\/product\/ancienne-lampe-a-petrole-xl-en-laiton\"]}]},{\"@type\":\"BreadcrumbList\",\"@id\":\"https:\/\/vintagefrenchfinds.com\/product\/ancienne-lampe-a-petrole-xl-en-laiton#breadcrumb\",\"itemListElement\":[{\"@type\":\"ListItem\",\"position\":1,\"name\":\"Home\",\"item\":\"https:\/\/vintagefrenchfinds.com\/\"},{\"@type\":\"ListItem\",\"position\":2,\"name\":\"BOUTIQUE\",\"item\":\"https:\/\/vintagefrenchfinds.com\/shop\"},{\"@type\":\"ListItem\",\"position\":3,\"name\":\"Ancienne Lampe \u00e0 P\u00e9trole XL en Laiton\"}]},{\"@type\":\"WebSite\",\"@id\":\"https:\/\/vintagefrenchfinds.com\/#website\",\"url\":\"https:\/\/vintagefrenchfinds.com\/\",\"name\":\"Vintage French Finds\",\"description\":\"The best of French vintage delivered to your doorstep direct from France : fashion, furniture, decoration, table art, curiosities, collections and art work.\",\"potentialAction\":[{\"@type\":\"SearchAction\",\"target\":{\"@type\":\"EntryPoint\",\"urlTemplate\":\"https:\/\/vintagefrenchfinds.com\/?s={search_term_string}\"},\"query-input\":\"required name=search_term_string\"}],\"inLanguage\":\"en-GB\"}]}<\/script>\n<!-- \/ Yoast SEO plugin. -->","yoast_head_json":{"title":"Ancienne Lampe \u00e0 P\u00e9trole XL en Laiton - Vintage French Finds","description":"The best of French vintage delivered to your doorstep direct from France : fashion, furniture, decoration, table art, curiosities, collections and art work.","robots":{"index":"index","follow":"follow","max-snippet":"max-snippet:-1","max-image-preview":"max-image-preview:large","max-video-preview":"max-video-preview:-1"},"canonical":"https:\/\/vintagefrenchfinds.com\/en\/product\/ancienne-lampe-a-petrole-xl-en-laiton\/","og_locale":"en_GB","og_type":"article","og_title":"Ancienne Lampe \u00e0 P\u00e9trole XL en Laiton - Vintage French Finds","og_description":"The best of French vintage delivered to your doorstep direct from France : fashion, furniture, decoration, table art, curiosities, collections and art work.","og_url":"https:\/\/vintagefrenchfinds.com\/en\/product\/ancienne-lampe-a-petrole-xl-en-laiton\/","og_site_name":"Vintage French Finds","article_modified_time":"2025-03-19T16:19:36+00:00","og_image":[{"width":664,"height":886,"url":"https:\/\/vintagefrenchfinds.com\/wp-content\/uploads\/2023\/03\/DSCN9143.jpg","type":"image\/jpeg"}],"twitter_card":"summary_large_image","twitter_misc":{"Estimated reading time":"1 minute"},"schema":{"@context":"https:\/\/schema.org","@graph":[{"@type":"WebPage","@id":"https:\/\/vintagefrenchfinds.com\/product\/ancienne-lampe-a-petrole-xl-en-laiton","url":"https:\/\/vintagefrenchfinds.com\/product\/ancienne-lampe-a-petrole-xl-en-laiton","name":"Ancienne Lampe \u00e0 P\u00e9trole XL en Laiton - Vintage French Finds","isPartOf":{"@id":"https:\/\/vintagefrenchfinds.com\/#website"},"datePublished":"2023-03-02T17:40:52+00:00","dateModified":"2025-03-19T16:19:36+00:00","description":"The best of French vintage delivered to your doorstep direct from France : fashion, furniture, decoration, table art, curiosities, collections and art work.","breadcrumb":{"@id":"https:\/\/vintagefrenchfinds.com\/product\/ancienne-lampe-a-petrole-xl-en-laiton#breadcrumb"},"inLanguage":"en-GB","potentialAction":[{"@type":"ReadAction","target":["https:\/\/vintagefrenchfinds.com\/product\/ancienne-lampe-a-petrole-xl-en-laiton"]}]},{"@type":"BreadcrumbList","@id":"https:\/\/vintagefrenchfinds.com\/product\/ancienne-lampe-a-petrole-xl-en-laiton#breadcrumb","itemListElement":[{"@type":"ListItem","position":1,"name":"Home","item":"https:\/\/vintagefrenchfinds.com\/"},{"@type":"ListItem","position":2,"name":"BOUTIQUE","item":"https:\/\/vintagefrenchfinds.com\/shop"},{"@type":"ListItem","position":3,"name":"Ancienne Lampe \u00e0 P\u00e9trole XL en Laiton"}]},{"@type":"WebSite","@id":"https:\/\/vintagefrenchfinds.com\/#website","url":"https:\/\/vintagefrenchfinds.com\/","name":"Vintage French Finds\u00a0","description":"The best of French vintage delivered to your doorstep direct from France : fashion, furniture, decoration, table art, curiosities, collections and art work.","potentialAction":[{"@type":"SearchAction","target":{"@type":"EntryPoint","urlTemplate":"https:\/\/vintagefrenchfinds.com\/?s={search_term_string}"},"query-input":"required name=search_term_string"}],"inLanguage":"en-GB"}]}},"post_mailing_queue_ids":[],"_links":{"self":[{"href":"https:\/\/vintagefrenchfinds.com\/en\/wp-json\/wp\/v2\/product\/19375"}],"collection":[{"href":"https:\/\/vintagefrenchfinds.com\/en\/wp-json\/wp\/v2\/product"}],"about":[{"href":"https:\/\/vintagefrenchfinds.com\/en\/wp-json\/wp\/v2\/types\/product"}],"wp:featuredmedia":[{"embeddable":true,"href":"https:\/\/vintagefrenchfinds.com\/en\/wp-json\/wp\/v2\/media\/19376"}],"wp:attachment":[{"href":"https:\/\/vintagefrenchfinds.com\/en\/wp-json\/wp\/v2\/media?parent=19375"}],"wp:term":[{"taxonomy":"product_cat","embeddable":true,"href":"https:\/\/vintagefrenchfinds.com\/en\/wp-json\/wp\/v2\/product_cat?post=19375"},{"taxonomy":"product_tag","embeddable":true,"href":"https:\/\/vintagefrenchfinds.com\/en\/wp-json\/wp\/v2\/product_tag?post=19375"}],"curies":[{"name":"wp","href":"https:\/\/api.w.org\/{rel}","templated":true}]}}