{"id":19796,"date":"2023-03-29T11:19:07","date_gmt":"2023-03-29T11:19:07","guid":{"rendered":"https:\/\/vintagefrenchfinds.com\/?post_type=product&#038;p=19796"},"modified":"2025-03-17T08:26:45","modified_gmt":"2025-03-17T08:26:45","slug":"ancienne-table-a-rallonge-en-chene-massif-style-scandinave-vintage","status":"publish","type":"product","link":"https:\/\/vintagefrenchfinds.com\/en\/product\/ancienne-table-a-rallonge-en-chene-massif-style-scandinave-vintage","title":{"rendered":"Ancienne Table \u00e0 Rallonge en Ch\u00eane Massif Style Scandinave Vintage"},"content":{"rendered":"<p><span style=\"font-weight: 400;\">Optez pour un style vintage scandinave mid century avec cette table \u00e0 manger MONTY de la marque MADE en bois massif.<\/span><\/p>\n<p><span style=\"font-weight: 400;\">Cette charmante table poss\u00e8de la qualit\u00e9 et le charme r\u00e9tro des meubles anciens.<\/span><\/p>\n<p><span style=\"font-weight: 400;\">Outre son c\u00f4t\u00e9 esth\u00e9tique, le c\u00f4t\u00e9 pratique n&rsquo;est pas oubli\u00e9 puisqu&rsquo;elle est dot\u00e9e d&rsquo;une fonction extensible sous le plateau.<\/span><\/p>\n<p><span style=\"font-weight: 400;\">Pr\u00eate pour accueillir 4 \u00e0 6 personnes, elle conviendra parfaitement pour un moment de convivialit\u00e9 en famille ou entre amis et apportera une note authentique \u00e0 votre d\u00e9cor.<\/span><\/p>\n<p><span style=\"font-weight: 400;\">Bon \u00e9tat g\u00e9n\u00e9ral mise \u00e0 part des marques sur plateau, facile \u00e0 restaurer avec un petit pon\u00e7age \/cirage.<\/span><\/p>\n<p><span style=\"font-weight: 400;\">\u00c0 noter que ce mod\u00e8le n\u2019est plus produit\u00a0<\/span><\/p>\n<p><span style=\"font-weight: 400;\">LA 90 x LA\u00a090 x H 75 cm<\/span><\/p>\n<p>&nbsp;<\/p>","protected":false},"excerpt":{"rendered":"<p>Optez pour un style vintage scandinave mid century avec cette table \u00e0 manger MONTY de la marque MADE en bois massif. Cette charmante table poss\u00e8de la qualit\u00e9 et le charme r\u00e9tro des meubles anciens. Outre son c\u00f4t\u00e9 esth\u00e9tique, le c\u00f4t\u00e9 pratique n&rsquo;est pas oubli\u00e9 puisqu&rsquo;elle est dot\u00e9e d&rsquo;une fonction extensible sous le plateau. Pr\u00eate pour [&hellip;]<\/p>\n","protected":false},"featured_media":19798,"template":"","meta":{"site-sidebar-layout":"default","site-content-layout":"default","ast-site-content-layout":"default","site-content-style":"default","site-sidebar-style":"default","ast-global-header-display":"","ast-banner-title-visibility":"","ast-main-header-display":"","ast-hfb-above-header-display":"","ast-hfb-below-header-display":"","ast-hfb-mobile-header-display":"","site-post-title":"","ast-breadcrumbs-content":"","ast-featured-img":"","footer-sml-layout":"","ast-disable-related-posts":"","theme-transparent-header-meta":"default","adv-header-id-meta":"","stick-header-meta":"","header-above-stick-meta":"","header-main-stick-meta":"","header-below-stick-meta":"","astra-migrate-meta-layouts":"default","ast-page-background-enabled":"default","ast-page-background-meta":{"desktop":{"background-color":"var(--ast-global-color-4)","background-image":"","background-repeat":"repeat","background-position":"center center","background-size":"auto","background-attachment":"scroll","background-type":"","background-media":"","overlay-type":"","overlay-color":"","overlay-opacity":"","overlay-gradient":""},"tablet":{"background-color":"","background-image":"","background-repeat":"repeat","background-position":"center center","background-size":"auto","background-attachment":"scroll","background-type":"","background-media":"","overlay-type":"","overlay-color":"","overlay-opacity":"","overlay-gradient":""},"mobile":{"background-color":"","background-image":"","background-repeat":"repeat","background-position":"center center","background-size":"auto","background-attachment":"scroll","background-type":"","background-media":"","overlay-type":"","overlay-color":"","overlay-opacity":"","overlay-gradient":""}},"ast-content-background-meta":{"desktop":{"background-color":"var(--ast-global-color-5)","background-image":"","background-repeat":"repeat","background-position":"center center","background-size":"auto","background-attachment":"scroll","background-type":"","background-media":"","overlay-type":"","overlay-color":"","overlay-opacity":"","overlay-gradient":""},"tablet":{"background-color":"var(--ast-global-color-5)","background-image":"","background-repeat":"repeat","background-position":"center center","background-size":"auto","background-attachment":"scroll","background-type":"","background-media":"","overlay-type":"","overlay-color":"","overlay-opacity":"","overlay-gradient":""},"mobile":{"background-color":"var(--ast-global-color-5)","background-image":"","background-repeat":"repeat","background-position":"center center","background-size":"auto","background-attachment":"scroll","background-type":"","background-media":"","overlay-type":"","overlay-color":"","overlay-opacity":"","overlay-gradient":""}}},"product_cat":[24,3520],"product_tag":[1197,1103,1326,1676,3870,1738,1486,1820,1011],"yoast_head":"<!-- This site is optimized with the Yoast SEO plugin v20.8 - https:\/\/yoast.com\/wordpress\/plugins\/seo\/ -->\n<title>Ancienne Table \u00e0 Rallonge en Ch\u00eane Massif Style Scandinave Vintage - Vintage French Finds<\/title>\n<meta name=\"description\" content=\"The best of French vintage delivered to your doorstep direct from France : fashion, furniture, decoration, table art, curiosities, collections and art work.\" \/>\n<meta name=\"robots\" content=\"index, follow, max-snippet:-1, max-image-preview:large, max-video-preview:-1\" \/>\n<link rel=\"canonical\" href=\"https:\/\/vintagefrenchfinds.com\/en\/product\/ancienne-table-a-rallonge-en-chene-massif-style-scandinave-vintage\/\" \/>\n<meta property=\"og:locale\" content=\"en_GB\" \/>\n<meta property=\"og:type\" content=\"article\" \/>\n<meta property=\"og:title\" content=\"Ancienne Table \u00e0 Rallonge en Ch\u00eane Massif Style Scandinave Vintage - Vintage French Finds\" \/>\n<meta property=\"og:description\" content=\"The best of French vintage delivered to your doorstep direct from France : fashion, furniture, decoration, table art, curiosities, collections and art work.\" \/>\n<meta property=\"og:url\" content=\"https:\/\/vintagefrenchfinds.com\/en\/product\/ancienne-table-a-rallonge-en-chene-massif-style-scandinave-vintage\/\" \/>\n<meta property=\"og:site_name\" content=\"Vintage French Finds\" \/>\n<meta property=\"article:modified_time\" content=\"2025-03-17T08:26:45+00:00\" \/>\n<meta property=\"og:image\" content=\"https:\/\/vintagefrenchfinds.com\/wp-content\/uploads\/2023\/03\/6390b5096e601d31caba1d2d.jpg\" \/>\n\t<meta property=\"og:image:width\" content=\"1536\" \/>\n\t<meta property=\"og:image:height\" content=\"1152\" \/>\n\t<meta property=\"og:image:type\" content=\"image\/jpeg\" \/>\n<meta name=\"twitter:card\" content=\"summary_large_image\" \/>\n<meta name=\"twitter:label1\" content=\"Estimated reading time\" \/>\n\t<meta name=\"twitter:data1\" content=\"1 minute\" \/>\n<script type=\"application\/ld+json\" class=\"yoast-schema-graph\">{\"@context\":\"https:\/\/schema.org\",\"@graph\":[{\"@type\":\"WebPage\",\"@id\":\"https:\/\/vintagefrenchfinds.com\/product\/ancienne-table-a-rallonge-en-chene-massif-style-scandinave-vintage\",\"url\":\"https:\/\/vintagefrenchfinds.com\/product\/ancienne-table-a-rallonge-en-chene-massif-style-scandinave-vintage\",\"name\":\"Ancienne Table \u00e0 Rallonge en Ch\u00eane Massif Style Scandinave Vintage - Vintage French Finds\",\"isPartOf\":{\"@id\":\"https:\/\/vintagefrenchfinds.com\/#website\"},\"datePublished\":\"2023-03-29T11:19:07+00:00\",\"dateModified\":\"2025-03-17T08:26:45+00:00\",\"description\":\"The best of French vintage delivered to your doorstep direct from France : fashion, furniture, decoration, table art, curiosities, collections and art work.\",\"breadcrumb\":{\"@id\":\"https:\/\/vintagefrenchfinds.com\/product\/ancienne-table-a-rallonge-en-chene-massif-style-scandinave-vintage#breadcrumb\"},\"inLanguage\":\"en-GB\",\"potentialAction\":[{\"@type\":\"ReadAction\",\"target\":[\"https:\/\/vintagefrenchfinds.com\/product\/ancienne-table-a-rallonge-en-chene-massif-style-scandinave-vintage\"]}]},{\"@type\":\"BreadcrumbList\",\"@id\":\"https:\/\/vintagefrenchfinds.com\/product\/ancienne-table-a-rallonge-en-chene-massif-style-scandinave-vintage#breadcrumb\",\"itemListElement\":[{\"@type\":\"ListItem\",\"position\":1,\"name\":\"Home\",\"item\":\"https:\/\/vintagefrenchfinds.com\/\"},{\"@type\":\"ListItem\",\"position\":2,\"name\":\"BOUTIQUE\",\"item\":\"https:\/\/vintagefrenchfinds.com\/shop\"},{\"@type\":\"ListItem\",\"position\":3,\"name\":\"Ancienne Table \u00e0 Rallonge en Ch\u00eane Massif Style Scandinave Vintage\"}]},{\"@type\":\"WebSite\",\"@id\":\"https:\/\/vintagefrenchfinds.com\/#website\",\"url\":\"https:\/\/vintagefrenchfinds.com\/\",\"name\":\"Vintage French Finds\",\"description\":\"The best of French vintage delivered to your doorstep direct from France : fashion, furniture, decoration, table art, curiosities, collections and art work.\",\"potentialAction\":[{\"@type\":\"SearchAction\",\"target\":{\"@type\":\"EntryPoint\",\"urlTemplate\":\"https:\/\/vintagefrenchfinds.com\/?s={search_term_string}\"},\"query-input\":\"required name=search_term_string\"}],\"inLanguage\":\"en-GB\"}]}<\/script>\n<!-- \/ Yoast SEO plugin. -->","yoast_head_json":{"title":"Ancienne Table \u00e0 Rallonge en Ch\u00eane Massif Style Scandinave Vintage - Vintage French Finds","description":"The best of French vintage delivered to your doorstep direct from France : fashion, furniture, decoration, table art, curiosities, collections and art work.","robots":{"index":"index","follow":"follow","max-snippet":"max-snippet:-1","max-image-preview":"max-image-preview:large","max-video-preview":"max-video-preview:-1"},"canonical":"https:\/\/vintagefrenchfinds.com\/en\/product\/ancienne-table-a-rallonge-en-chene-massif-style-scandinave-vintage\/","og_locale":"en_GB","og_type":"article","og_title":"Ancienne Table \u00e0 Rallonge en Ch\u00eane Massif Style Scandinave Vintage - Vintage French Finds","og_description":"The best of French vintage delivered to your doorstep direct from France : fashion, furniture, decoration, table art, curiosities, collections and art work.","og_url":"https:\/\/vintagefrenchfinds.com\/en\/product\/ancienne-table-a-rallonge-en-chene-massif-style-scandinave-vintage\/","og_site_name":"Vintage French Finds","article_modified_time":"2025-03-17T08:26:45+00:00","og_image":[{"width":1536,"height":1152,"url":"https:\/\/vintagefrenchfinds.com\/wp-content\/uploads\/2023\/03\/6390b5096e601d31caba1d2d.jpg","type":"image\/jpeg"}],"twitter_card":"summary_large_image","twitter_misc":{"Estimated reading time":"1 minute"},"schema":{"@context":"https:\/\/schema.org","@graph":[{"@type":"WebPage","@id":"https:\/\/vintagefrenchfinds.com\/product\/ancienne-table-a-rallonge-en-chene-massif-style-scandinave-vintage","url":"https:\/\/vintagefrenchfinds.com\/product\/ancienne-table-a-rallonge-en-chene-massif-style-scandinave-vintage","name":"Ancienne Table \u00e0 Rallonge en Ch\u00eane Massif Style Scandinave Vintage - Vintage French Finds","isPartOf":{"@id":"https:\/\/vintagefrenchfinds.com\/#website"},"datePublished":"2023-03-29T11:19:07+00:00","dateModified":"2025-03-17T08:26:45+00:00","description":"The best of French vintage delivered to your doorstep direct from France : fashion, furniture, decoration, table art, curiosities, collections and art work.","breadcrumb":{"@id":"https:\/\/vintagefrenchfinds.com\/product\/ancienne-table-a-rallonge-en-chene-massif-style-scandinave-vintage#breadcrumb"},"inLanguage":"en-GB","potentialAction":[{"@type":"ReadAction","target":["https:\/\/vintagefrenchfinds.com\/product\/ancienne-table-a-rallonge-en-chene-massif-style-scandinave-vintage"]}]},{"@type":"BreadcrumbList","@id":"https:\/\/vintagefrenchfinds.com\/product\/ancienne-table-a-rallonge-en-chene-massif-style-scandinave-vintage#breadcrumb","itemListElement":[{"@type":"ListItem","position":1,"name":"Home","item":"https:\/\/vintagefrenchfinds.com\/"},{"@type":"ListItem","position":2,"name":"BOUTIQUE","item":"https:\/\/vintagefrenchfinds.com\/shop"},{"@type":"ListItem","position":3,"name":"Ancienne Table \u00e0 Rallonge en Ch\u00eane Massif Style Scandinave Vintage"}]},{"@type":"WebSite","@id":"https:\/\/vintagefrenchfinds.com\/#website","url":"https:\/\/vintagefrenchfinds.com\/","name":"Vintage French Finds\u00a0","description":"The best of French vintage delivered to your doorstep direct from France : fashion, furniture, decoration, table art, curiosities, collections and art work.","potentialAction":[{"@type":"SearchAction","target":{"@type":"EntryPoint","urlTemplate":"https:\/\/vintagefrenchfinds.com\/?s={search_term_string}"},"query-input":"required name=search_term_string"}],"inLanguage":"en-GB"}]}},"post_mailing_queue_ids":[],"_links":{"self":[{"href":"https:\/\/vintagefrenchfinds.com\/en\/wp-json\/wp\/v2\/product\/19796"}],"collection":[{"href":"https:\/\/vintagefrenchfinds.com\/en\/wp-json\/wp\/v2\/product"}],"about":[{"href":"https:\/\/vintagefrenchfinds.com\/en\/wp-json\/wp\/v2\/types\/product"}],"wp:featuredmedia":[{"embeddable":true,"href":"https:\/\/vintagefrenchfinds.com\/en\/wp-json\/wp\/v2\/media\/19798"}],"wp:attachment":[{"href":"https:\/\/vintagefrenchfinds.com\/en\/wp-json\/wp\/v2\/media?parent=19796"}],"wp:term":[{"taxonomy":"product_cat","embeddable":true,"href":"https:\/\/vintagefrenchfinds.com\/en\/wp-json\/wp\/v2\/product_cat?post=19796"},{"taxonomy":"product_tag","embeddable":true,"href":"https:\/\/vintagefrenchfinds.com\/en\/wp-json\/wp\/v2\/product_tag?post=19796"}],"curies":[{"name":"wp","href":"https:\/\/api.w.org\/{rel}","templated":true}]}}