{"id":20219,"date":"2023-05-02T10:19:44","date_gmt":"2023-05-02T10:19:44","guid":{"rendered":"https:\/\/vintagefrenchfinds.com\/?post_type=product&#038;p=20219"},"modified":"2025-04-26T11:16:35","modified_gmt":"2025-04-26T11:16:35","slug":"coffret-de-24-anciens-couverts-style-art-deco-orfevrerie-perrin-paris","status":"publish","type":"product","link":"https:\/\/vintagefrenchfinds.com\/en\/product\/coffret-de-24-anciens-couverts-style-art-deco-orfevrerie-perrin-paris","title":{"rendered":"Coffret de 24 Anciens Couverts Style Art D\u00e9co ORFEVRERIE PERRIN PARIS"},"content":{"rendered":"<p><span style=\"font-weight: 400;\">M\u00e9nag\u00e8re vintage compos\u00e9e de 24 pi\u00e8ces dont 12 fourchettes \u00e0 d\u00eener et 12 cuill\u00e8res \u00e0 soupe (en bon \u00e9tat) de style typiquement Art D\u00e9co.<\/span><span style=\"font-weight: 400;\"><br \/>\n<\/span><span style=\"font-weight: 400;\"><br \/>\n<\/span><span style=\"font-weight: 400;\">L\u2019ensemble est pr\u00e9sent\u00e9 dans un \u00e9crin en velours vert (dont une des charni\u00e8res est ab\u00eem\u00e9e) estampill\u00e9 en lettres dor\u00e9es : Orf\u00e8vrerie Perrin Paris.<\/span><\/p>\n<p>&nbsp;<\/p>\n<p><span style=\"font-weight: 400;\">Un beau cadeau pour des amateurs de l\u2019art de la table d\u2019antan.<\/span><\/p>\n<p>&nbsp;<\/p>\n<p><span style=\"font-weight: 400;\">Couverts : L 18 cm x L 3,5 cm\u00a0<\/span><\/p>\n<p><span style=\"font-weight: 400;\">Coffret : L 26 cm x L 21 cm x H 5 cm<\/span><\/p>","protected":false},"excerpt":{"rendered":"<p>M\u00e9nag\u00e8re vintage compos\u00e9e de 24 pi\u00e8ces dont 12 fourchettes \u00e0 d\u00eener et 12 cuill\u00e8res \u00e0 soupe (en bon \u00e9tat) de style typiquement Art D\u00e9co. L\u2019ensemble est pr\u00e9sent\u00e9 dans un \u00e9crin en velours vert (dont une des charni\u00e8res est ab\u00eem\u00e9e) estampill\u00e9 en lettres dor\u00e9es : Orf\u00e8vrerie Perrin Paris. &nbsp; Un beau cadeau pour des amateurs de [&hellip;]<\/p>\n","protected":false},"featured_media":20226,"template":"","meta":{"site-sidebar-layout":"default","site-content-layout":"default","ast-site-content-layout":"default","site-content-style":"default","site-sidebar-style":"default","ast-global-header-display":"","ast-banner-title-visibility":"","ast-main-header-display":"","ast-hfb-above-header-display":"","ast-hfb-below-header-display":"","ast-hfb-mobile-header-display":"","site-post-title":"","ast-breadcrumbs-content":"","ast-featured-img":"","footer-sml-layout":"","ast-disable-related-posts":"","theme-transparent-header-meta":"default","adv-header-id-meta":"","stick-header-meta":"","header-above-stick-meta":"","header-main-stick-meta":"","header-below-stick-meta":"","astra-migrate-meta-layouts":"set","ast-page-background-enabled":"default","ast-page-background-meta":{"desktop":{"background-color":"var(--ast-global-color-4)","background-image":"","background-repeat":"repeat","background-position":"center center","background-size":"auto","background-attachment":"scroll","background-type":"","background-media":"","overlay-type":"","overlay-color":"","overlay-opacity":"","overlay-gradient":""},"tablet":{"background-color":"","background-image":"","background-repeat":"repeat","background-position":"center center","background-size":"auto","background-attachment":"scroll","background-type":"","background-media":"","overlay-type":"","overlay-color":"","overlay-opacity":"","overlay-gradient":""},"mobile":{"background-color":"","background-image":"","background-repeat":"repeat","background-position":"center center","background-size":"auto","background-attachment":"scroll","background-type":"","background-media":"","overlay-type":"","overlay-color":"","overlay-opacity":"","overlay-gradient":""}},"ast-content-background-meta":{"desktop":{"background-color":"var(--ast-global-color-5)","background-image":"","background-repeat":"repeat","background-position":"center center","background-size":"auto","background-attachment":"scroll","background-type":"","background-media":"","overlay-type":"","overlay-color":"","overlay-opacity":"","overlay-gradient":""},"tablet":{"background-color":"var(--ast-global-color-5)","background-image":"","background-repeat":"repeat","background-position":"center center","background-size":"auto","background-attachment":"scroll","background-type":"","background-media":"","overlay-type":"","overlay-color":"","overlay-opacity":"","overlay-gradient":""},"mobile":{"background-color":"var(--ast-global-color-5)","background-image":"","background-repeat":"repeat","background-position":"center center","background-size":"auto","background-attachment":"scroll","background-type":"","background-media":"","overlay-type":"","overlay-color":"","overlay-opacity":"","overlay-gradient":""}}},"product_cat":[3542,3558],"product_tag":[1197,1082,1695,1456,1011],"yoast_head":"<!-- This site is optimized with the Yoast SEO plugin v20.8 - https:\/\/yoast.com\/wordpress\/plugins\/seo\/ -->\n<title>Coffret de 24 Anciens Couverts Style Art D\u00e9co ORFEVRERIE PERRIN PARIS - Vintage French Finds<\/title>\n<meta name=\"description\" content=\"The best of French vintage delivered to your doorstep direct from France : fashion, furniture, decoration, table art, curiosities, collections and art work.\" \/>\n<meta name=\"robots\" content=\"index, follow, max-snippet:-1, max-image-preview:large, max-video-preview:-1\" \/>\n<link rel=\"canonical\" href=\"https:\/\/vintagefrenchfinds.com\/en\/product\/coffret-de-24-anciens-couverts-style-art-deco-orfevrerie-perrin-paris\/\" \/>\n<meta property=\"og:locale\" content=\"en_GB\" \/>\n<meta property=\"og:type\" content=\"article\" \/>\n<meta property=\"og:title\" content=\"Coffret de 24 Anciens Couverts Style Art D\u00e9co ORFEVRERIE PERRIN PARIS - Vintage French Finds\" \/>\n<meta property=\"og:description\" content=\"The best of French vintage delivered to your doorstep direct from France : fashion, furniture, decoration, table art, curiosities, collections and art work.\" \/>\n<meta property=\"og:url\" content=\"https:\/\/vintagefrenchfinds.com\/en\/product\/coffret-de-24-anciens-couverts-style-art-deco-orfevrerie-perrin-paris\/\" \/>\n<meta property=\"og:site_name\" content=\"Vintage French Finds\" \/>\n<meta property=\"article:modified_time\" content=\"2025-04-26T11:16:35+00:00\" \/>\n<meta property=\"og:image\" content=\"https:\/\/vintagefrenchfinds.com\/wp-content\/uploads\/2023\/05\/DSCN0033.jpg\" \/>\n\t<meta property=\"og:image:width\" content=\"619\" \/>\n\t<meta property=\"og:image:height\" content=\"886\" \/>\n\t<meta property=\"og:image:type\" content=\"image\/jpeg\" \/>\n<meta name=\"twitter:card\" content=\"summary_large_image\" \/>\n<meta name=\"twitter:label1\" content=\"Estimated reading time\" \/>\n\t<meta name=\"twitter:data1\" content=\"1 minute\" \/>\n<script type=\"application\/ld+json\" class=\"yoast-schema-graph\">{\"@context\":\"https:\/\/schema.org\",\"@graph\":[{\"@type\":\"WebPage\",\"@id\":\"https:\/\/vintagefrenchfinds.com\/product\/coffret-de-24-anciens-couverts-style-art-deco-orfevrerie-perrin-paris\",\"url\":\"https:\/\/vintagefrenchfinds.com\/product\/coffret-de-24-anciens-couverts-style-art-deco-orfevrerie-perrin-paris\",\"name\":\"Coffret de 24 Anciens Couverts Style Art D\u00e9co ORFEVRERIE PERRIN PARIS - Vintage French Finds\",\"isPartOf\":{\"@id\":\"https:\/\/vintagefrenchfinds.com\/#website\"},\"datePublished\":\"2023-05-02T10:19:44+00:00\",\"dateModified\":\"2025-04-26T11:16:35+00:00\",\"description\":\"The best of French vintage delivered to your doorstep direct from France : fashion, furniture, decoration, table art, curiosities, collections and art work.\",\"breadcrumb\":{\"@id\":\"https:\/\/vintagefrenchfinds.com\/product\/coffret-de-24-anciens-couverts-style-art-deco-orfevrerie-perrin-paris#breadcrumb\"},\"inLanguage\":\"en-GB\",\"potentialAction\":[{\"@type\":\"ReadAction\",\"target\":[\"https:\/\/vintagefrenchfinds.com\/product\/coffret-de-24-anciens-couverts-style-art-deco-orfevrerie-perrin-paris\"]}]},{\"@type\":\"BreadcrumbList\",\"@id\":\"https:\/\/vintagefrenchfinds.com\/product\/coffret-de-24-anciens-couverts-style-art-deco-orfevrerie-perrin-paris#breadcrumb\",\"itemListElement\":[{\"@type\":\"ListItem\",\"position\":1,\"name\":\"Home\",\"item\":\"https:\/\/vintagefrenchfinds.com\/\"},{\"@type\":\"ListItem\",\"position\":2,\"name\":\"BOUTIQUE\",\"item\":\"https:\/\/vintagefrenchfinds.com\/shop\"},{\"@type\":\"ListItem\",\"position\":3,\"name\":\"Coffret de 24 Anciens Couverts Style Art D\u00e9co ORFEVRERIE PERRIN PARIS\"}]},{\"@type\":\"WebSite\",\"@id\":\"https:\/\/vintagefrenchfinds.com\/#website\",\"url\":\"https:\/\/vintagefrenchfinds.com\/\",\"name\":\"Vintage French Finds\",\"description\":\"The best of French vintage delivered to your doorstep direct from France : fashion, furniture, decoration, table art, curiosities, collections and art work.\",\"potentialAction\":[{\"@type\":\"SearchAction\",\"target\":{\"@type\":\"EntryPoint\",\"urlTemplate\":\"https:\/\/vintagefrenchfinds.com\/?s={search_term_string}\"},\"query-input\":\"required name=search_term_string\"}],\"inLanguage\":\"en-GB\"}]}<\/script>\n<!-- \/ Yoast SEO plugin. -->","yoast_head_json":{"title":"Coffret de 24 Anciens Couverts Style Art D\u00e9co ORFEVRERIE PERRIN PARIS - Vintage French Finds","description":"The best of French vintage delivered to your doorstep direct from France : fashion, furniture, decoration, table art, curiosities, collections and art work.","robots":{"index":"index","follow":"follow","max-snippet":"max-snippet:-1","max-image-preview":"max-image-preview:large","max-video-preview":"max-video-preview:-1"},"canonical":"https:\/\/vintagefrenchfinds.com\/en\/product\/coffret-de-24-anciens-couverts-style-art-deco-orfevrerie-perrin-paris\/","og_locale":"en_GB","og_type":"article","og_title":"Coffret de 24 Anciens Couverts Style Art D\u00e9co ORFEVRERIE PERRIN PARIS - Vintage French Finds","og_description":"The best of French vintage delivered to your doorstep direct from France : fashion, furniture, decoration, table art, curiosities, collections and art work.","og_url":"https:\/\/vintagefrenchfinds.com\/en\/product\/coffret-de-24-anciens-couverts-style-art-deco-orfevrerie-perrin-paris\/","og_site_name":"Vintage French Finds","article_modified_time":"2025-04-26T11:16:35+00:00","og_image":[{"width":619,"height":886,"url":"https:\/\/vintagefrenchfinds.com\/wp-content\/uploads\/2023\/05\/DSCN0033.jpg","type":"image\/jpeg"}],"twitter_card":"summary_large_image","twitter_misc":{"Estimated reading time":"1 minute"},"schema":{"@context":"https:\/\/schema.org","@graph":[{"@type":"WebPage","@id":"https:\/\/vintagefrenchfinds.com\/product\/coffret-de-24-anciens-couverts-style-art-deco-orfevrerie-perrin-paris","url":"https:\/\/vintagefrenchfinds.com\/product\/coffret-de-24-anciens-couverts-style-art-deco-orfevrerie-perrin-paris","name":"Coffret de 24 Anciens Couverts Style Art D\u00e9co ORFEVRERIE PERRIN PARIS - Vintage French Finds","isPartOf":{"@id":"https:\/\/vintagefrenchfinds.com\/#website"},"datePublished":"2023-05-02T10:19:44+00:00","dateModified":"2025-04-26T11:16:35+00:00","description":"The best of French vintage delivered to your doorstep direct from France : fashion, furniture, decoration, table art, curiosities, collections and art work.","breadcrumb":{"@id":"https:\/\/vintagefrenchfinds.com\/product\/coffret-de-24-anciens-couverts-style-art-deco-orfevrerie-perrin-paris#breadcrumb"},"inLanguage":"en-GB","potentialAction":[{"@type":"ReadAction","target":["https:\/\/vintagefrenchfinds.com\/product\/coffret-de-24-anciens-couverts-style-art-deco-orfevrerie-perrin-paris"]}]},{"@type":"BreadcrumbList","@id":"https:\/\/vintagefrenchfinds.com\/product\/coffret-de-24-anciens-couverts-style-art-deco-orfevrerie-perrin-paris#breadcrumb","itemListElement":[{"@type":"ListItem","position":1,"name":"Home","item":"https:\/\/vintagefrenchfinds.com\/"},{"@type":"ListItem","position":2,"name":"BOUTIQUE","item":"https:\/\/vintagefrenchfinds.com\/shop"},{"@type":"ListItem","position":3,"name":"Coffret de 24 Anciens Couverts Style Art D\u00e9co ORFEVRERIE PERRIN PARIS"}]},{"@type":"WebSite","@id":"https:\/\/vintagefrenchfinds.com\/#website","url":"https:\/\/vintagefrenchfinds.com\/","name":"Vintage French Finds\u00a0","description":"The best of French vintage delivered to your doorstep direct from France : fashion, furniture, decoration, table art, curiosities, collections and art work.","potentialAction":[{"@type":"SearchAction","target":{"@type":"EntryPoint","urlTemplate":"https:\/\/vintagefrenchfinds.com\/?s={search_term_string}"},"query-input":"required name=search_term_string"}],"inLanguage":"en-GB"}]}},"post_mailing_queue_ids":[],"_links":{"self":[{"href":"https:\/\/vintagefrenchfinds.com\/en\/wp-json\/wp\/v2\/product\/20219"}],"collection":[{"href":"https:\/\/vintagefrenchfinds.com\/en\/wp-json\/wp\/v2\/product"}],"about":[{"href":"https:\/\/vintagefrenchfinds.com\/en\/wp-json\/wp\/v2\/types\/product"}],"wp:featuredmedia":[{"embeddable":true,"href":"https:\/\/vintagefrenchfinds.com\/en\/wp-json\/wp\/v2\/media\/20226"}],"wp:attachment":[{"href":"https:\/\/vintagefrenchfinds.com\/en\/wp-json\/wp\/v2\/media?parent=20219"}],"wp:term":[{"taxonomy":"product_cat","embeddable":true,"href":"https:\/\/vintagefrenchfinds.com\/en\/wp-json\/wp\/v2\/product_cat?post=20219"},{"taxonomy":"product_tag","embeddable":true,"href":"https:\/\/vintagefrenchfinds.com\/en\/wp-json\/wp\/v2\/product_tag?post=20219"}],"curies":[{"name":"wp","href":"https:\/\/api.w.org\/{rel}","templated":true}]}}