{"id":20510,"date":"2023-06-01T12:20:12","date_gmt":"2023-06-01T12:20:12","guid":{"rendered":"https:\/\/vintagefrenchfinds.com\/?post_type=product&#038;p=20510"},"modified":"2025-03-12T21:03:37","modified_gmt":"2025-03-12T21:03:37","slug":"ancien-service-de-vaisselle-en-porcelaine-de-limoges-24-pcs","status":"publish","type":"product","link":"https:\/\/vintagefrenchfinds.com\/en\/product\/ancien-service-de-vaisselle-en-porcelaine-de-limoges-24-pcs","title":{"rendered":"Ancien Service de Vaisselle en Porcelaine de Limoges &#8211; 14 pcs"},"content":{"rendered":"<p><span style=\"font-weight: 400;\">Service vintage en porcelaine de Limoges compos\u00e9 de :\u00a0<\/span><\/p>\n<p>&nbsp;<\/p>\n<p><span style=\"font-weight: 400;\">I x Plat Oval (LO 37 x LA 25 cm)<\/span><\/p>\n<p><span style=\"font-weight: 400;\">\u00a0<\/span><\/p>\n<p><span style=\"font-weight: 400;\">\u00a02 x Plat Oval (LO 21 x LA 13 cm) dont 1 avec \u00e9clat<\/span><\/p>\n<p><span style=\"font-weight: 400;\">\u00a0<\/span><\/p>\n<p><span style=\"font-weight: 400;\">\u00a01 Grande Assiette Ronde (D 29 cm)<\/span><\/p>\n<p><span style=\"font-weight: 400;\">\u00a0<\/span><\/p>\n<p><span style=\"font-weight: 400;\">\u00a010 x Assiettes Plates (D 23,2 cm) dont 2 avec un \u00e9clat<\/span><\/p>\n<p>&nbsp;<\/p>\n<p>(les 10 assiettes \u00e0 dessert ont \u00e9t\u00e9 vendues s\u00e9par\u00e9ment)<\/p>\n<p><span style=\"font-weight: 400;\">\u00a0<\/span><\/p>\n<p><span style=\"font-weight: 400;\">Chaque assiette blanche est d\u00e9cor\u00e9e de jolies fleurs roses avec des d\u00e9tails bleus et \/ ou gris.<\/span><\/p>\n<p>&nbsp;<\/p>\n<p><span style=\"font-weight: 400;\">Limoges porcelain is one of the two main porcelain productions in France, located around the city of Limoges in Hautes-Viennes.<\/span><\/p>\n<p><span style=\"font-weight: 400;\">C\u2019est en 1768 que l\u2019on trouva des gisements exploitables de kaolin, mat\u00e9riau indispensable \u00e0 la production de cette c\u00e9ramique et c\u2019est \u00e0 partir de cette d\u00e9couverte qu\u2019est n\u00e9e et s\u2019est d\u00e9velopp\u00e9e la porcelaine de Limoges.<\/span><\/p>\n<p><span style=\"font-weight: 400;\">Un service plein de charme r\u00e9tro pour vos diners et un cadeau parfait pour un amateur d\u2019art de la table.<\/span><\/p>","protected":false},"excerpt":{"rendered":"<p>Service vintage en porcelaine de Limoges compos\u00e9 de :\u00a0 &nbsp; I x Plat Oval (LO 37 x LA 25 cm) \u00a0 \u00a02 x Plat Oval (LO 21 x LA 13 cm) dont 1 avec \u00e9clat \u00a0 \u00a01 Grande Assiette Ronde (D 29 cm) \u00a0 \u00a010 x Assiettes Plates (D 23,2 cm) dont 2 avec un [&hellip;]<\/p>\n","protected":false},"featured_media":20511,"template":"","meta":{"site-sidebar-layout":"default","site-content-layout":"default","ast-site-content-layout":"default","site-content-style":"default","site-sidebar-style":"default","ast-global-header-display":"","ast-banner-title-visibility":"","ast-main-header-display":"","ast-hfb-above-header-display":"","ast-hfb-below-header-display":"","ast-hfb-mobile-header-display":"","site-post-title":"","ast-breadcrumbs-content":"","ast-featured-img":"","footer-sml-layout":"","ast-disable-related-posts":"","theme-transparent-header-meta":"default","adv-header-id-meta":"","stick-header-meta":"","header-above-stick-meta":"","header-main-stick-meta":"","header-below-stick-meta":"","astra-migrate-meta-layouts":"default","ast-page-background-enabled":"default","ast-page-background-meta":{"desktop":{"background-color":"var(--ast-global-color-4)","background-image":"","background-repeat":"repeat","background-position":"center center","background-size":"auto","background-attachment":"scroll","background-type":"","background-media":"","overlay-type":"","overlay-color":"","overlay-opacity":"","overlay-gradient":""},"tablet":{"background-color":"","background-image":"","background-repeat":"repeat","background-position":"center center","background-size":"auto","background-attachment":"scroll","background-type":"","background-media":"","overlay-type":"","overlay-color":"","overlay-opacity":"","overlay-gradient":""},"mobile":{"background-color":"","background-image":"","background-repeat":"repeat","background-position":"center center","background-size":"auto","background-attachment":"scroll","background-type":"","background-media":"","overlay-type":"","overlay-color":"","overlay-opacity":"","overlay-gradient":""}},"ast-content-background-meta":{"desktop":{"background-color":"var(--ast-global-color-5)","background-image":"","background-repeat":"repeat","background-position":"center center","background-size":"auto","background-attachment":"scroll","background-type":"","background-media":"","overlay-type":"","overlay-color":"","overlay-opacity":"","overlay-gradient":""},"tablet":{"background-color":"var(--ast-global-color-5)","background-image":"","background-repeat":"repeat","background-position":"center center","background-size":"auto","background-attachment":"scroll","background-type":"","background-media":"","overlay-type":"","overlay-color":"","overlay-opacity":"","overlay-gradient":""},"mobile":{"background-color":"var(--ast-global-color-5)","background-image":"","background-repeat":"repeat","background-position":"center center","background-size":"auto","background-attachment":"scroll","background-type":"","background-media":"","overlay-type":"","overlay-color":"","overlay-opacity":"","overlay-gradient":""}}},"product_cat":[3542,3543],"product_tag":[1115,1845,1021,3687,1662,1011],"yoast_head":"<!-- This site is optimized with the Yoast SEO plugin v20.8 - https:\/\/yoast.com\/wordpress\/plugins\/seo\/ -->\n<title>Ancien Service de Vaisselle en Porcelaine de Limoges - 14 pcs - Vintage French Finds<\/title>\n<meta name=\"description\" content=\"The best of French vintage delivered to your doorstep direct from France : fashion, furniture, decoration, table art, curiosities, collections and art work.\" \/>\n<meta name=\"robots\" content=\"index, follow, max-snippet:-1, max-image-preview:large, max-video-preview:-1\" \/>\n<link rel=\"canonical\" href=\"https:\/\/vintagefrenchfinds.com\/en\/product\/ancien-service-de-vaisselle-en-porcelaine-de-limoges-24-pcs\/\" \/>\n<meta property=\"og:locale\" content=\"en_GB\" \/>\n<meta property=\"og:type\" content=\"article\" \/>\n<meta property=\"og:title\" content=\"Ancien Service de Vaisselle en Porcelaine de Limoges - 14 pcs - Vintage French Finds\" \/>\n<meta property=\"og:description\" content=\"The best of French vintage delivered to your doorstep direct from France : fashion, furniture, decoration, table art, curiosities, collections and art work.\" \/>\n<meta property=\"og:url\" content=\"https:\/\/vintagefrenchfinds.com\/en\/product\/ancien-service-de-vaisselle-en-porcelaine-de-limoges-24-pcs\/\" \/>\n<meta property=\"og:site_name\" content=\"Vintage French Finds\" \/>\n<meta property=\"article:modified_time\" content=\"2025-03-12T21:03:37+00:00\" \/>\n<meta property=\"og:image\" content=\"https:\/\/vintagefrenchfinds.com\/wp-content\/uploads\/2023\/06\/DSCN0252.jpg\" \/>\n\t<meta property=\"og:image:width\" content=\"886\" \/>\n\t<meta property=\"og:image:height\" content=\"469\" \/>\n\t<meta property=\"og:image:type\" content=\"image\/jpeg\" \/>\n<meta name=\"twitter:card\" content=\"summary_large_image\" \/>\n<meta name=\"twitter:label1\" content=\"Estimated reading time\" \/>\n\t<meta name=\"twitter:data1\" content=\"1 minute\" \/>\n<script type=\"application\/ld+json\" class=\"yoast-schema-graph\">{\"@context\":\"https:\/\/schema.org\",\"@graph\":[{\"@type\":\"WebPage\",\"@id\":\"https:\/\/vintagefrenchfinds.com\/product\/ancien-service-de-vaisselle-en-porcelaine-de-limoges-24-pcs\",\"url\":\"https:\/\/vintagefrenchfinds.com\/product\/ancien-service-de-vaisselle-en-porcelaine-de-limoges-24-pcs\",\"name\":\"Ancien Service de Vaisselle en Porcelaine de Limoges - 14 pcs - Vintage French Finds\",\"isPartOf\":{\"@id\":\"https:\/\/vintagefrenchfinds.com\/#website\"},\"datePublished\":\"2023-06-01T12:20:12+00:00\",\"dateModified\":\"2025-03-12T21:03:37+00:00\",\"description\":\"The best of French vintage delivered to your doorstep direct from France : fashion, furniture, decoration, table art, curiosities, collections and art work.\",\"breadcrumb\":{\"@id\":\"https:\/\/vintagefrenchfinds.com\/product\/ancien-service-de-vaisselle-en-porcelaine-de-limoges-24-pcs#breadcrumb\"},\"inLanguage\":\"en-GB\",\"potentialAction\":[{\"@type\":\"ReadAction\",\"target\":[\"https:\/\/vintagefrenchfinds.com\/product\/ancien-service-de-vaisselle-en-porcelaine-de-limoges-24-pcs\"]}]},{\"@type\":\"BreadcrumbList\",\"@id\":\"https:\/\/vintagefrenchfinds.com\/product\/ancien-service-de-vaisselle-en-porcelaine-de-limoges-24-pcs#breadcrumb\",\"itemListElement\":[{\"@type\":\"ListItem\",\"position\":1,\"name\":\"Home\",\"item\":\"https:\/\/vintagefrenchfinds.com\/\"},{\"@type\":\"ListItem\",\"position\":2,\"name\":\"BOUTIQUE\",\"item\":\"https:\/\/vintagefrenchfinds.com\/shop\"},{\"@type\":\"ListItem\",\"position\":3,\"name\":\"Ancien Service de Vaisselle en Porcelaine de Limoges &#8211; 14 pcs\"}]},{\"@type\":\"WebSite\",\"@id\":\"https:\/\/vintagefrenchfinds.com\/#website\",\"url\":\"https:\/\/vintagefrenchfinds.com\/\",\"name\":\"Vintage French Finds\",\"description\":\"The best of French vintage delivered to your doorstep direct from France : fashion, furniture, decoration, table art, curiosities, collections and art work.\",\"potentialAction\":[{\"@type\":\"SearchAction\",\"target\":{\"@type\":\"EntryPoint\",\"urlTemplate\":\"https:\/\/vintagefrenchfinds.com\/?s={search_term_string}\"},\"query-input\":\"required name=search_term_string\"}],\"inLanguage\":\"en-GB\"}]}<\/script>\n<!-- \/ Yoast SEO plugin. -->","yoast_head_json":{"title":"Ancien Service de Vaisselle en Porcelaine de Limoges - 14 pcs - Vintage French Finds","description":"The best of French vintage delivered to your doorstep direct from France : fashion, furniture, decoration, table art, curiosities, collections and art work.","robots":{"index":"index","follow":"follow","max-snippet":"max-snippet:-1","max-image-preview":"max-image-preview:large","max-video-preview":"max-video-preview:-1"},"canonical":"https:\/\/vintagefrenchfinds.com\/en\/product\/ancien-service-de-vaisselle-en-porcelaine-de-limoges-24-pcs\/","og_locale":"en_GB","og_type":"article","og_title":"Ancien Service de Vaisselle en Porcelaine de Limoges - 14 pcs - Vintage French Finds","og_description":"The best of French vintage delivered to your doorstep direct from France : fashion, furniture, decoration, table art, curiosities, collections and art work.","og_url":"https:\/\/vintagefrenchfinds.com\/en\/product\/ancien-service-de-vaisselle-en-porcelaine-de-limoges-24-pcs\/","og_site_name":"Vintage French Finds","article_modified_time":"2025-03-12T21:03:37+00:00","og_image":[{"width":886,"height":469,"url":"https:\/\/vintagefrenchfinds.com\/wp-content\/uploads\/2023\/06\/DSCN0252.jpg","type":"image\/jpeg"}],"twitter_card":"summary_large_image","twitter_misc":{"Estimated reading time":"1 minute"},"schema":{"@context":"https:\/\/schema.org","@graph":[{"@type":"WebPage","@id":"https:\/\/vintagefrenchfinds.com\/product\/ancien-service-de-vaisselle-en-porcelaine-de-limoges-24-pcs","url":"https:\/\/vintagefrenchfinds.com\/product\/ancien-service-de-vaisselle-en-porcelaine-de-limoges-24-pcs","name":"Ancien Service de Vaisselle en Porcelaine de Limoges - 14 pcs - Vintage French Finds","isPartOf":{"@id":"https:\/\/vintagefrenchfinds.com\/#website"},"datePublished":"2023-06-01T12:20:12+00:00","dateModified":"2025-03-12T21:03:37+00:00","description":"The best of French vintage delivered to your doorstep direct from France : fashion, furniture, decoration, table art, curiosities, collections and art work.","breadcrumb":{"@id":"https:\/\/vintagefrenchfinds.com\/product\/ancien-service-de-vaisselle-en-porcelaine-de-limoges-24-pcs#breadcrumb"},"inLanguage":"en-GB","potentialAction":[{"@type":"ReadAction","target":["https:\/\/vintagefrenchfinds.com\/product\/ancien-service-de-vaisselle-en-porcelaine-de-limoges-24-pcs"]}]},{"@type":"BreadcrumbList","@id":"https:\/\/vintagefrenchfinds.com\/product\/ancien-service-de-vaisselle-en-porcelaine-de-limoges-24-pcs#breadcrumb","itemListElement":[{"@type":"ListItem","position":1,"name":"Home","item":"https:\/\/vintagefrenchfinds.com\/"},{"@type":"ListItem","position":2,"name":"BOUTIQUE","item":"https:\/\/vintagefrenchfinds.com\/shop"},{"@type":"ListItem","position":3,"name":"Ancien Service de Vaisselle en Porcelaine de Limoges &#8211; 14 pcs"}]},{"@type":"WebSite","@id":"https:\/\/vintagefrenchfinds.com\/#website","url":"https:\/\/vintagefrenchfinds.com\/","name":"Vintage French Finds\u00a0","description":"The best of French vintage delivered to your doorstep direct from France : fashion, furniture, decoration, table art, curiosities, collections and art work.","potentialAction":[{"@type":"SearchAction","target":{"@type":"EntryPoint","urlTemplate":"https:\/\/vintagefrenchfinds.com\/?s={search_term_string}"},"query-input":"required name=search_term_string"}],"inLanguage":"en-GB"}]}},"post_mailing_queue_ids":[],"_links":{"self":[{"href":"https:\/\/vintagefrenchfinds.com\/en\/wp-json\/wp\/v2\/product\/20510"}],"collection":[{"href":"https:\/\/vintagefrenchfinds.com\/en\/wp-json\/wp\/v2\/product"}],"about":[{"href":"https:\/\/vintagefrenchfinds.com\/en\/wp-json\/wp\/v2\/types\/product"}],"wp:featuredmedia":[{"embeddable":true,"href":"https:\/\/vintagefrenchfinds.com\/en\/wp-json\/wp\/v2\/media\/20511"}],"wp:attachment":[{"href":"https:\/\/vintagefrenchfinds.com\/en\/wp-json\/wp\/v2\/media?parent=20510"}],"wp:term":[{"taxonomy":"product_cat","embeddable":true,"href":"https:\/\/vintagefrenchfinds.com\/en\/wp-json\/wp\/v2\/product_cat?post=20510"},{"taxonomy":"product_tag","embeddable":true,"href":"https:\/\/vintagefrenchfinds.com\/en\/wp-json\/wp\/v2\/product_tag?post=20510"}],"curies":[{"name":"wp","href":"https:\/\/api.w.org\/{rel}","templated":true}]}}