{"id":20852,"date":"2023-06-17T15:26:14","date_gmt":"2023-06-17T15:26:14","guid":{"rendered":"https:\/\/vintagefrenchfinds.com\/?post_type=product&#038;p=20852"},"modified":"2025-03-17T16:47:43","modified_gmt":"2025-03-17T16:47:43","slug":"3-anciennes-chaises-de-bistrot-cannees-thonet","status":"publish","type":"product","link":"https:\/\/vintagefrenchfinds.com\/en\/product\/3-anciennes-chaises-de-bistrot-cannees-thonet","title":{"rendered":"3 Anciennes Chaises de Bistrot Cann\u00e9es THONET"},"content":{"rendered":"<p><span style=\"font-weight: 400;\">Ensemble de 3 chaises vintage de la marque Thonet compos\u00e9es chacune :\u00a0<\/span><\/p>\n<p><span style=\"font-weight: 400;\">-d&rsquo;une assise en cannage\u00a0<\/span><\/p>\n<p><span style=\"font-weight: 400;\">-d\u2019un dossier ajour\u00e9 en bois courb\u00e9\u00a0<\/span><\/p>\n<p><span style=\"font-weight: 400;\">-d\u2019un pi\u00e8tement en bois sculpt\u00e9.<\/span><\/p>\n<p>&nbsp;<\/p>\n<p><span style=\"font-weight: 400;\">Michael Thonet est un \u00e9b\u00e9niste et industriel germano-autrichien n\u00e9 le <\/span><a href=\"https:\/\/fr.wikipedia.org\/wiki\/2_juillet\"><span style=\"font-weight: 400;\">2<\/span><\/a><span style=\"font-weight: 400;\"> juillet 1796 \u00e0 Boppard\u00a0<\/span><\/p>\n<p><span style=\"font-weight: 400;\">Il utilise un proc\u00e9d\u00e9 pour courber le bois, et est un des premiers \u00e0 avoir rationalis\u00e9 la production pour l&rsquo;orienter vers l&rsquo;industrie.<\/span><\/p>\n<p><span style=\"font-weight: 400;\">Sa chaise n\u00b0 14 est un v\u00e9ritable best-seller et une \u00ab ic\u00f4ne \u00bb du design mobilier industriel, avec des lignes simples et \u00e9l\u00e9gantes, qui aurait \u00e9t\u00e9 vendue \u00e0 plus de 50 millions d\u2019exemplaires dans le monde de 1859 \u00e0 1930<\/span><a href=\"https:\/\/fr.wikipedia.org\/wiki\/Michael_Thonet#cite_note-1\"><span style=\"font-weight: 400;\">1<\/span><\/a><span style=\"font-weight: 400;\">. Elle continue de s\u2019imposer aujourd\u2019hui comme la chaise bistrot de r\u00e9f\u00e9rence<\/span><\/p>\n<p>&nbsp;<\/p>\n<p><span style=\"font-weight: 400;\">Ces si\u00e8ges emblematiques sont \u00e0 la fois fonctionnels et impr\u00e9gn\u00e9s d&rsquo;un charme r\u00e9tro irr\u00e9sistible.<\/span><span style=\"font-weight: 400;\"><br \/>\n<\/span><\/p>\n<p><span style=\"font-weight: 400;\">Ils seront parfaits pour ajouter une touche d&rsquo;authenticit\u00e9 et de caract\u00e8re \u00e0 votre int\u00e9rieur tout en cr\u00e9ant une ambiance chaleureuse et nostalgique.<\/span><\/p>\n<p><span style=\"font-weight: 400;\">Bon \u00e9tat g\u00e9n\u00e9ral, mais pr\u00e9sentent quelques signes d&rsquo;usure, visibles sur les photos.\u00a0<\/span><\/p>\n<p><span style=\"font-weight: 400;\">\u00c0 noter qu\u2019une des chaises \u201cbouge\u201d et a besoin d&rsquo;\u00eatre stabilis\u00e9e.<\/span><\/p>\n<p><span style=\"font-weight: 400;\">H 87 x LA 41 x P 42 cm<\/span><\/p>","protected":false},"excerpt":{"rendered":"<p>Ensemble de 3 chaises vintage de la marque Thonet compos\u00e9es chacune :\u00a0 -d&rsquo;une assise en cannage\u00a0 -d\u2019un dossier ajour\u00e9 en bois courb\u00e9\u00a0 -d\u2019un pi\u00e8tement en bois sculpt\u00e9. &nbsp; Michael Thonet est un \u00e9b\u00e9niste et industriel germano-autrichien n\u00e9 le 2 juillet 1796 \u00e0 Boppard\u00a0 Il utilise un proc\u00e9d\u00e9 pour courber le bois, et est un des [&hellip;]<\/p>\n","protected":false},"featured_media":20853,"template":"","meta":{"site-sidebar-layout":"default","site-content-layout":"default","ast-site-content-layout":"default","site-content-style":"default","site-sidebar-style":"default","ast-global-header-display":"","ast-banner-title-visibility":"","ast-main-header-display":"","ast-hfb-above-header-display":"","ast-hfb-below-header-display":"","ast-hfb-mobile-header-display":"","site-post-title":"","ast-breadcrumbs-content":"","ast-featured-img":"","footer-sml-layout":"","ast-disable-related-posts":"","theme-transparent-header-meta":"default","adv-header-id-meta":"","stick-header-meta":"","header-above-stick-meta":"","header-main-stick-meta":"","header-below-stick-meta":"","astra-migrate-meta-layouts":"default","ast-page-background-enabled":"default","ast-page-background-meta":{"desktop":{"background-color":"var(--ast-global-color-4)","background-image":"","background-repeat":"repeat","background-position":"center center","background-size":"auto","background-attachment":"scroll","background-type":"","background-media":"","overlay-type":"","overlay-color":"","overlay-opacity":"","overlay-gradient":""},"tablet":{"background-color":"","background-image":"","background-repeat":"repeat","background-position":"center center","background-size":"auto","background-attachment":"scroll","background-type":"","background-media":"","overlay-type":"","overlay-color":"","overlay-opacity":"","overlay-gradient":""},"mobile":{"background-color":"","background-image":"","background-repeat":"repeat","background-position":"center center","background-size":"auto","background-attachment":"scroll","background-type":"","background-media":"","overlay-type":"","overlay-color":"","overlay-opacity":"","overlay-gradient":""}},"ast-content-background-meta":{"desktop":{"background-color":"var(--ast-global-color-5)","background-image":"","background-repeat":"repeat","background-position":"center center","background-size":"auto","background-attachment":"scroll","background-type":"","background-media":"","overlay-type":"","overlay-color":"","overlay-opacity":"","overlay-gradient":""},"tablet":{"background-color":"var(--ast-global-color-5)","background-image":"","background-repeat":"repeat","background-position":"center center","background-size":"auto","background-attachment":"scroll","background-type":"","background-media":"","overlay-type":"","overlay-color":"","overlay-opacity":"","overlay-gradient":""},"mobile":{"background-color":"var(--ast-global-color-5)","background-image":"","background-repeat":"repeat","background-position":"center center","background-size":"auto","background-attachment":"scroll","background-type":"","background-media":"","overlay-type":"","overlay-color":"","overlay-opacity":"","overlay-gradient":""}}},"product_cat":[22,3531],"product_tag":[1197,3792,1611,1863,2476,2342,1011],"yoast_head":"<!-- This site is optimized with the Yoast SEO plugin v20.8 - https:\/\/yoast.com\/wordpress\/plugins\/seo\/ -->\n<title>3 Anciennes Chaises de Bistrot Cann\u00e9es THONET - Vintage French Finds<\/title>\n<meta name=\"description\" content=\"The best of French vintage delivered to your doorstep direct from France : fashion, furniture, decoration, table art, curiosities, collections and art work.\" \/>\n<meta name=\"robots\" content=\"index, follow, max-snippet:-1, max-image-preview:large, max-video-preview:-1\" \/>\n<link rel=\"canonical\" href=\"https:\/\/vintagefrenchfinds.com\/en\/product\/3-anciennes-chaises-de-bistrot-cannees-thonet\/\" \/>\n<meta property=\"og:locale\" content=\"en_GB\" \/>\n<meta property=\"og:type\" content=\"article\" \/>\n<meta property=\"og:title\" content=\"3 Anciennes Chaises de Bistrot Cann\u00e9es THONET - Vintage French Finds\" \/>\n<meta property=\"og:description\" content=\"The best of French vintage delivered to your doorstep direct from France : fashion, furniture, decoration, table art, curiosities, collections and art work.\" \/>\n<meta property=\"og:url\" content=\"https:\/\/vintagefrenchfinds.com\/en\/product\/3-anciennes-chaises-de-bistrot-cannees-thonet\/\" \/>\n<meta property=\"og:site_name\" content=\"Vintage French Finds\" \/>\n<meta property=\"article:modified_time\" content=\"2025-03-17T16:47:43+00:00\" \/>\n<meta property=\"og:image\" content=\"https:\/\/vintagefrenchfinds.com\/wp-content\/uploads\/2023\/06\/DSCN0742.jpg\" \/>\n\t<meta property=\"og:image:width\" content=\"773\" \/>\n\t<meta property=\"og:image:height\" content=\"636\" \/>\n\t<meta property=\"og:image:type\" content=\"image\/jpeg\" \/>\n<meta name=\"twitter:card\" content=\"summary_large_image\" \/>\n<meta name=\"twitter:label1\" content=\"Estimated reading time\" \/>\n\t<meta name=\"twitter:data1\" content=\"1 minute\" \/>\n<script type=\"application\/ld+json\" class=\"yoast-schema-graph\">{\"@context\":\"https:\/\/schema.org\",\"@graph\":[{\"@type\":\"WebPage\",\"@id\":\"https:\/\/vintagefrenchfinds.com\/product\/3-anciennes-chaises-de-bistrot-cannees-thonet\",\"url\":\"https:\/\/vintagefrenchfinds.com\/product\/3-anciennes-chaises-de-bistrot-cannees-thonet\",\"name\":\"3 Anciennes Chaises de Bistrot Cann\u00e9es THONET - Vintage French Finds\",\"isPartOf\":{\"@id\":\"https:\/\/vintagefrenchfinds.com\/#website\"},\"datePublished\":\"2023-06-17T15:26:14+00:00\",\"dateModified\":\"2025-03-17T16:47:43+00:00\",\"description\":\"The best of French vintage delivered to your doorstep direct from France : fashion, furniture, decoration, table art, curiosities, collections and art work.\",\"breadcrumb\":{\"@id\":\"https:\/\/vintagefrenchfinds.com\/product\/3-anciennes-chaises-de-bistrot-cannees-thonet#breadcrumb\"},\"inLanguage\":\"en-GB\",\"potentialAction\":[{\"@type\":\"ReadAction\",\"target\":[\"https:\/\/vintagefrenchfinds.com\/product\/3-anciennes-chaises-de-bistrot-cannees-thonet\"]}]},{\"@type\":\"BreadcrumbList\",\"@id\":\"https:\/\/vintagefrenchfinds.com\/product\/3-anciennes-chaises-de-bistrot-cannees-thonet#breadcrumb\",\"itemListElement\":[{\"@type\":\"ListItem\",\"position\":1,\"name\":\"Home\",\"item\":\"https:\/\/vintagefrenchfinds.com\/\"},{\"@type\":\"ListItem\",\"position\":2,\"name\":\"BOUTIQUE\",\"item\":\"https:\/\/vintagefrenchfinds.com\/shop\"},{\"@type\":\"ListItem\",\"position\":3,\"name\":\"3 Anciennes Chaises de Bistrot Cann\u00e9es THONET\"}]},{\"@type\":\"WebSite\",\"@id\":\"https:\/\/vintagefrenchfinds.com\/#website\",\"url\":\"https:\/\/vintagefrenchfinds.com\/\",\"name\":\"Vintage French Finds\",\"description\":\"The best of French vintage delivered to your doorstep direct from France : fashion, furniture, decoration, table art, curiosities, collections and art work.\",\"potentialAction\":[{\"@type\":\"SearchAction\",\"target\":{\"@type\":\"EntryPoint\",\"urlTemplate\":\"https:\/\/vintagefrenchfinds.com\/?s={search_term_string}\"},\"query-input\":\"required name=search_term_string\"}],\"inLanguage\":\"en-GB\"}]}<\/script>\n<!-- \/ Yoast SEO plugin. -->","yoast_head_json":{"title":"3 Anciennes Chaises de Bistrot Cann\u00e9es THONET - Vintage French Finds","description":"The best of French vintage delivered to your doorstep direct from France : fashion, furniture, decoration, table art, curiosities, collections and art work.","robots":{"index":"index","follow":"follow","max-snippet":"max-snippet:-1","max-image-preview":"max-image-preview:large","max-video-preview":"max-video-preview:-1"},"canonical":"https:\/\/vintagefrenchfinds.com\/en\/product\/3-anciennes-chaises-de-bistrot-cannees-thonet\/","og_locale":"en_GB","og_type":"article","og_title":"3 Anciennes Chaises de Bistrot Cann\u00e9es THONET - Vintage French Finds","og_description":"The best of French vintage delivered to your doorstep direct from France : fashion, furniture, decoration, table art, curiosities, collections and art work.","og_url":"https:\/\/vintagefrenchfinds.com\/en\/product\/3-anciennes-chaises-de-bistrot-cannees-thonet\/","og_site_name":"Vintage French Finds","article_modified_time":"2025-03-17T16:47:43+00:00","og_image":[{"width":773,"height":636,"url":"https:\/\/vintagefrenchfinds.com\/wp-content\/uploads\/2023\/06\/DSCN0742.jpg","type":"image\/jpeg"}],"twitter_card":"summary_large_image","twitter_misc":{"Estimated reading time":"1 minute"},"schema":{"@context":"https:\/\/schema.org","@graph":[{"@type":"WebPage","@id":"https:\/\/vintagefrenchfinds.com\/product\/3-anciennes-chaises-de-bistrot-cannees-thonet","url":"https:\/\/vintagefrenchfinds.com\/product\/3-anciennes-chaises-de-bistrot-cannees-thonet","name":"3 Anciennes Chaises de Bistrot Cann\u00e9es THONET - Vintage French Finds","isPartOf":{"@id":"https:\/\/vintagefrenchfinds.com\/#website"},"datePublished":"2023-06-17T15:26:14+00:00","dateModified":"2025-03-17T16:47:43+00:00","description":"The best of French vintage delivered to your doorstep direct from France : fashion, furniture, decoration, table art, curiosities, collections and art work.","breadcrumb":{"@id":"https:\/\/vintagefrenchfinds.com\/product\/3-anciennes-chaises-de-bistrot-cannees-thonet#breadcrumb"},"inLanguage":"en-GB","potentialAction":[{"@type":"ReadAction","target":["https:\/\/vintagefrenchfinds.com\/product\/3-anciennes-chaises-de-bistrot-cannees-thonet"]}]},{"@type":"BreadcrumbList","@id":"https:\/\/vintagefrenchfinds.com\/product\/3-anciennes-chaises-de-bistrot-cannees-thonet#breadcrumb","itemListElement":[{"@type":"ListItem","position":1,"name":"Home","item":"https:\/\/vintagefrenchfinds.com\/"},{"@type":"ListItem","position":2,"name":"BOUTIQUE","item":"https:\/\/vintagefrenchfinds.com\/shop"},{"@type":"ListItem","position":3,"name":"3 Anciennes Chaises de Bistrot Cann\u00e9es THONET"}]},{"@type":"WebSite","@id":"https:\/\/vintagefrenchfinds.com\/#website","url":"https:\/\/vintagefrenchfinds.com\/","name":"Vintage French Finds\u00a0","description":"The best of French vintage delivered to your doorstep direct from France : fashion, furniture, decoration, table art, curiosities, collections and art work.","potentialAction":[{"@type":"SearchAction","target":{"@type":"EntryPoint","urlTemplate":"https:\/\/vintagefrenchfinds.com\/?s={search_term_string}"},"query-input":"required name=search_term_string"}],"inLanguage":"en-GB"}]}},"post_mailing_queue_ids":[],"_links":{"self":[{"href":"https:\/\/vintagefrenchfinds.com\/en\/wp-json\/wp\/v2\/product\/20852"}],"collection":[{"href":"https:\/\/vintagefrenchfinds.com\/en\/wp-json\/wp\/v2\/product"}],"about":[{"href":"https:\/\/vintagefrenchfinds.com\/en\/wp-json\/wp\/v2\/types\/product"}],"wp:featuredmedia":[{"embeddable":true,"href":"https:\/\/vintagefrenchfinds.com\/en\/wp-json\/wp\/v2\/media\/20853"}],"wp:attachment":[{"href":"https:\/\/vintagefrenchfinds.com\/en\/wp-json\/wp\/v2\/media?parent=20852"}],"wp:term":[{"taxonomy":"product_cat","embeddable":true,"href":"https:\/\/vintagefrenchfinds.com\/en\/wp-json\/wp\/v2\/product_cat?post=20852"},{"taxonomy":"product_tag","embeddable":true,"href":"https:\/\/vintagefrenchfinds.com\/en\/wp-json\/wp\/v2\/product_tag?post=20852"}],"curies":[{"name":"wp","href":"https:\/\/api.w.org\/{rel}","templated":true}]}}