{"id":20900,"date":"2023-06-19T09:31:12","date_gmt":"2023-06-19T09:31:12","guid":{"rendered":"https:\/\/vintagefrenchfinds.com\/?post_type=product&#038;p=20900"},"modified":"2025-03-19T15:29:38","modified_gmt":"2025-03-19T15:29:38","slug":"9-anciennes-flutes-a-champagne-decor-cisele-art-nouveaux","status":"publish","type":"product","link":"https:\/\/vintagefrenchfinds.com\/en\/product\/9-anciennes-flutes-a-champagne-decor-cisele-art-nouveaux","title":{"rendered":"9 Anciennes Flutes \u00e0 Champagne D\u00e9cor Cisel\u00e9 Art Nouveaux"},"content":{"rendered":"<p><span style=\"font-weight: 400;\">Lot de 9 fl\u00fbtes \u00e0 champagne vintage en verre cisel\u00e9, orn\u00e9es d&rsquo;un d\u00e9licat motif floral.\u00a0<\/span><\/p>\n<p><span style=\"font-weight: 400;\">Avec leur design \u00e9pur\u00e9 de style Art Nouveau, ces fl\u00fbtes apporteront une \u00e9l\u00e9gance intemporelle \u00e0 votre table lors de la d\u00e9gustation de vos bulles pr\u00e9f\u00e9r\u00e9es.\u00a0<\/span><\/p>\n<p><span style=\"font-weight: 400;\">Parfaite pour offrir une alternative raffin\u00e9e \u00e0 la coupe traditionnelle.\u00a0<\/span><\/p>\n<p><span style=\"font-weight: 400;\">H 25,2 x D 8 cm<\/span><\/p>","protected":false},"excerpt":{"rendered":"<p>Lot de 9 fl\u00fbtes \u00e0 champagne vintage en verre cisel\u00e9, orn\u00e9es d&rsquo;un d\u00e9licat motif floral.\u00a0 Avec leur design \u00e9pur\u00e9 de style Art Nouveau, ces fl\u00fbtes apporteront une \u00e9l\u00e9gance intemporelle \u00e0 votre table lors de la d\u00e9gustation de vos bulles pr\u00e9f\u00e9r\u00e9es.\u00a0 Parfaite pour offrir une alternative raffin\u00e9e \u00e0 la coupe traditionnelle.\u00a0 H 25,2 x D 8 [&hellip;]<\/p>\n","protected":false},"featured_media":20901,"template":"","meta":{"site-sidebar-layout":"default","site-content-layout":"default","ast-site-content-layout":"default","site-content-style":"default","site-sidebar-style":"default","ast-global-header-display":"","ast-banner-title-visibility":"","ast-main-header-display":"","ast-hfb-above-header-display":"","ast-hfb-below-header-display":"","ast-hfb-mobile-header-display":"","site-post-title":"","ast-breadcrumbs-content":"","ast-featured-img":"","footer-sml-layout":"","ast-disable-related-posts":"","theme-transparent-header-meta":"default","adv-header-id-meta":"","stick-header-meta":"","header-above-stick-meta":"","header-main-stick-meta":"","header-below-stick-meta":"","astra-migrate-meta-layouts":"default","ast-page-background-enabled":"default","ast-page-background-meta":{"desktop":{"background-color":"var(--ast-global-color-4)","background-image":"","background-repeat":"repeat","background-position":"center center","background-size":"auto","background-attachment":"scroll","background-type":"","background-media":"","overlay-type":"","overlay-color":"","overlay-opacity":"","overlay-gradient":""},"tablet":{"background-color":"","background-image":"","background-repeat":"repeat","background-position":"center center","background-size":"auto","background-attachment":"scroll","background-type":"","background-media":"","overlay-type":"","overlay-color":"","overlay-opacity":"","overlay-gradient":""},"mobile":{"background-color":"","background-image":"","background-repeat":"repeat","background-position":"center center","background-size":"auto","background-attachment":"scroll","background-type":"","background-media":"","overlay-type":"","overlay-color":"","overlay-opacity":"","overlay-gradient":""}},"ast-content-background-meta":{"desktop":{"background-color":"var(--ast-global-color-5)","background-image":"","background-repeat":"repeat","background-position":"center center","background-size":"auto","background-attachment":"scroll","background-type":"","background-media":"","overlay-type":"","overlay-color":"","overlay-opacity":"","overlay-gradient":""},"tablet":{"background-color":"var(--ast-global-color-5)","background-image":"","background-repeat":"repeat","background-position":"center center","background-size":"auto","background-attachment":"scroll","background-type":"","background-media":"","overlay-type":"","overlay-color":"","overlay-opacity":"","overlay-gradient":""},"mobile":{"background-color":"var(--ast-global-color-5)","background-image":"","background-repeat":"repeat","background-position":"center center","background-size":"auto","background-attachment":"scroll","background-type":"","background-media":"","overlay-type":"","overlay-color":"","overlay-opacity":"","overlay-gradient":""}}},"product_cat":[3542,3556],"product_tag":[1197,1115,2142,1920,2291,1247,1454,1011],"yoast_head":"<!-- This site is optimized with the Yoast SEO plugin v20.8 - https:\/\/yoast.com\/wordpress\/plugins\/seo\/ -->\n<title>9 Anciennes Flutes \u00e0 Champagne D\u00e9cor Cisel\u00e9 Art Nouveaux - Vintage French Finds<\/title>\n<meta name=\"description\" content=\"The best of French vintage delivered to your doorstep direct from France : fashion, furniture, decoration, table art, curiosities, collections and art work.\" \/>\n<meta name=\"robots\" content=\"index, follow, max-snippet:-1, max-image-preview:large, max-video-preview:-1\" \/>\n<link rel=\"canonical\" href=\"https:\/\/vintagefrenchfinds.com\/en\/product\/9-anciennes-flutes-a-champagne-decor-cisele-art-nouveaux\/\" \/>\n<meta property=\"og:locale\" content=\"en_GB\" \/>\n<meta property=\"og:type\" content=\"article\" \/>\n<meta property=\"og:title\" content=\"9 Anciennes Flutes \u00e0 Champagne D\u00e9cor Cisel\u00e9 Art Nouveaux - Vintage French Finds\" \/>\n<meta property=\"og:description\" content=\"The best of French vintage delivered to your doorstep direct from France : fashion, furniture, decoration, table art, curiosities, collections and art work.\" \/>\n<meta property=\"og:url\" content=\"https:\/\/vintagefrenchfinds.com\/en\/product\/9-anciennes-flutes-a-champagne-decor-cisele-art-nouveaux\/\" \/>\n<meta property=\"og:site_name\" content=\"Vintage French Finds\" \/>\n<meta property=\"article:modified_time\" content=\"2025-03-19T15:29:38+00:00\" \/>\n<meta property=\"og:image\" content=\"https:\/\/vintagefrenchfinds.com\/wp-content\/uploads\/2023\/06\/DSCN0610.jpg\" \/>\n\t<meta property=\"og:image:width\" content=\"886\" \/>\n\t<meta property=\"og:image:height\" content=\"665\" \/>\n\t<meta property=\"og:image:type\" content=\"image\/jpeg\" \/>\n<meta name=\"twitter:card\" content=\"summary_large_image\" \/>\n<meta name=\"twitter:label1\" content=\"Estimated reading time\" \/>\n\t<meta name=\"twitter:data1\" content=\"1 minute\" \/>\n<script type=\"application\/ld+json\" class=\"yoast-schema-graph\">{\"@context\":\"https:\/\/schema.org\",\"@graph\":[{\"@type\":\"WebPage\",\"@id\":\"https:\/\/vintagefrenchfinds.com\/product\/9-anciennes-flutes-a-champagne-decor-cisele-art-nouveaux\",\"url\":\"https:\/\/vintagefrenchfinds.com\/product\/9-anciennes-flutes-a-champagne-decor-cisele-art-nouveaux\",\"name\":\"9 Anciennes Flutes \u00e0 Champagne D\u00e9cor Cisel\u00e9 Art Nouveaux - Vintage French Finds\",\"isPartOf\":{\"@id\":\"https:\/\/vintagefrenchfinds.com\/#website\"},\"datePublished\":\"2023-06-19T09:31:12+00:00\",\"dateModified\":\"2025-03-19T15:29:38+00:00\",\"description\":\"The best of French vintage delivered to your doorstep direct from France : fashion, furniture, decoration, table art, curiosities, collections and art work.\",\"breadcrumb\":{\"@id\":\"https:\/\/vintagefrenchfinds.com\/product\/9-anciennes-flutes-a-champagne-decor-cisele-art-nouveaux#breadcrumb\"},\"inLanguage\":\"en-GB\",\"potentialAction\":[{\"@type\":\"ReadAction\",\"target\":[\"https:\/\/vintagefrenchfinds.com\/product\/9-anciennes-flutes-a-champagne-decor-cisele-art-nouveaux\"]}]},{\"@type\":\"BreadcrumbList\",\"@id\":\"https:\/\/vintagefrenchfinds.com\/product\/9-anciennes-flutes-a-champagne-decor-cisele-art-nouveaux#breadcrumb\",\"itemListElement\":[{\"@type\":\"ListItem\",\"position\":1,\"name\":\"Home\",\"item\":\"https:\/\/vintagefrenchfinds.com\/\"},{\"@type\":\"ListItem\",\"position\":2,\"name\":\"BOUTIQUE\",\"item\":\"https:\/\/vintagefrenchfinds.com\/shop\"},{\"@type\":\"ListItem\",\"position\":3,\"name\":\"9 Anciennes Flutes \u00e0 Champagne D\u00e9cor Cisel\u00e9 Art Nouveaux\"}]},{\"@type\":\"WebSite\",\"@id\":\"https:\/\/vintagefrenchfinds.com\/#website\",\"url\":\"https:\/\/vintagefrenchfinds.com\/\",\"name\":\"Vintage French Finds\",\"description\":\"The best of French vintage delivered to your doorstep direct from France : fashion, furniture, decoration, table art, curiosities, collections and art work.\",\"potentialAction\":[{\"@type\":\"SearchAction\",\"target\":{\"@type\":\"EntryPoint\",\"urlTemplate\":\"https:\/\/vintagefrenchfinds.com\/?s={search_term_string}\"},\"query-input\":\"required name=search_term_string\"}],\"inLanguage\":\"en-GB\"}]}<\/script>\n<!-- \/ Yoast SEO plugin. -->","yoast_head_json":{"title":"9 Anciennes Flutes \u00e0 Champagne D\u00e9cor Cisel\u00e9 Art Nouveaux - Vintage French Finds","description":"The best of French vintage delivered to your doorstep direct from France : fashion, furniture, decoration, table art, curiosities, collections and art work.","robots":{"index":"index","follow":"follow","max-snippet":"max-snippet:-1","max-image-preview":"max-image-preview:large","max-video-preview":"max-video-preview:-1"},"canonical":"https:\/\/vintagefrenchfinds.com\/en\/product\/9-anciennes-flutes-a-champagne-decor-cisele-art-nouveaux\/","og_locale":"en_GB","og_type":"article","og_title":"9 Anciennes Flutes \u00e0 Champagne D\u00e9cor Cisel\u00e9 Art Nouveaux - Vintage French Finds","og_description":"The best of French vintage delivered to your doorstep direct from France : fashion, furniture, decoration, table art, curiosities, collections and art work.","og_url":"https:\/\/vintagefrenchfinds.com\/en\/product\/9-anciennes-flutes-a-champagne-decor-cisele-art-nouveaux\/","og_site_name":"Vintage French Finds","article_modified_time":"2025-03-19T15:29:38+00:00","og_image":[{"width":886,"height":665,"url":"https:\/\/vintagefrenchfinds.com\/wp-content\/uploads\/2023\/06\/DSCN0610.jpg","type":"image\/jpeg"}],"twitter_card":"summary_large_image","twitter_misc":{"Estimated reading time":"1 minute"},"schema":{"@context":"https:\/\/schema.org","@graph":[{"@type":"WebPage","@id":"https:\/\/vintagefrenchfinds.com\/product\/9-anciennes-flutes-a-champagne-decor-cisele-art-nouveaux","url":"https:\/\/vintagefrenchfinds.com\/product\/9-anciennes-flutes-a-champagne-decor-cisele-art-nouveaux","name":"9 Anciennes Flutes \u00e0 Champagne D\u00e9cor Cisel\u00e9 Art Nouveaux - Vintage French Finds","isPartOf":{"@id":"https:\/\/vintagefrenchfinds.com\/#website"},"datePublished":"2023-06-19T09:31:12+00:00","dateModified":"2025-03-19T15:29:38+00:00","description":"The best of French vintage delivered to your doorstep direct from France : fashion, furniture, decoration, table art, curiosities, collections and art work.","breadcrumb":{"@id":"https:\/\/vintagefrenchfinds.com\/product\/9-anciennes-flutes-a-champagne-decor-cisele-art-nouveaux#breadcrumb"},"inLanguage":"en-GB","potentialAction":[{"@type":"ReadAction","target":["https:\/\/vintagefrenchfinds.com\/product\/9-anciennes-flutes-a-champagne-decor-cisele-art-nouveaux"]}]},{"@type":"BreadcrumbList","@id":"https:\/\/vintagefrenchfinds.com\/product\/9-anciennes-flutes-a-champagne-decor-cisele-art-nouveaux#breadcrumb","itemListElement":[{"@type":"ListItem","position":1,"name":"Home","item":"https:\/\/vintagefrenchfinds.com\/"},{"@type":"ListItem","position":2,"name":"BOUTIQUE","item":"https:\/\/vintagefrenchfinds.com\/shop"},{"@type":"ListItem","position":3,"name":"9 Anciennes Flutes \u00e0 Champagne D\u00e9cor Cisel\u00e9 Art Nouveaux"}]},{"@type":"WebSite","@id":"https:\/\/vintagefrenchfinds.com\/#website","url":"https:\/\/vintagefrenchfinds.com\/","name":"Vintage French Finds\u00a0","description":"The best of French vintage delivered to your doorstep direct from France : fashion, furniture, decoration, table art, curiosities, collections and art work.","potentialAction":[{"@type":"SearchAction","target":{"@type":"EntryPoint","urlTemplate":"https:\/\/vintagefrenchfinds.com\/?s={search_term_string}"},"query-input":"required name=search_term_string"}],"inLanguage":"en-GB"}]}},"post_mailing_queue_ids":[],"_links":{"self":[{"href":"https:\/\/vintagefrenchfinds.com\/en\/wp-json\/wp\/v2\/product\/20900"}],"collection":[{"href":"https:\/\/vintagefrenchfinds.com\/en\/wp-json\/wp\/v2\/product"}],"about":[{"href":"https:\/\/vintagefrenchfinds.com\/en\/wp-json\/wp\/v2\/types\/product"}],"wp:featuredmedia":[{"embeddable":true,"href":"https:\/\/vintagefrenchfinds.com\/en\/wp-json\/wp\/v2\/media\/20901"}],"wp:attachment":[{"href":"https:\/\/vintagefrenchfinds.com\/en\/wp-json\/wp\/v2\/media?parent=20900"}],"wp:term":[{"taxonomy":"product_cat","embeddable":true,"href":"https:\/\/vintagefrenchfinds.com\/en\/wp-json\/wp\/v2\/product_cat?post=20900"},{"taxonomy":"product_tag","embeddable":true,"href":"https:\/\/vintagefrenchfinds.com\/en\/wp-json\/wp\/v2\/product_tag?post=20900"}],"curies":[{"name":"wp","href":"https:\/\/api.w.org\/{rel}","templated":true}]}}