{"id":20922,"date":"2023-06-19T09:57:14","date_gmt":"2023-06-19T09:57:14","guid":{"rendered":"https:\/\/vintagefrenchfinds.com\/?post_type=product&#038;p=20922"},"modified":"2025-03-14T10:37:50","modified_gmt":"2025-03-14T10:37:50","slug":"ancien-plat-porcelaine-de-limoges-dore-or-fin-decor-rouges-gorges","status":"publish","type":"product","link":"https:\/\/vintagefrenchfinds.com\/en\/product\/ancien-plat-porcelaine-de-limoges-dore-or-fin-decor-rouges-gorges","title":{"rendered":"Ancien Plat Porcelaine de Limoges Dor\u00e9 Or Fin :  D\u00e9cor Rouges Gorges"},"content":{"rendered":"<p><span style=\"font-weight: 400;\">Superbe plat vintage en porcelaine blanche de Limoges, d\u00e9licatement orn\u00e9 d&rsquo;un pourtour vert entrelac\u00e9 d&rsquo;une bordure dor\u00e9e \u00e0 l&rsquo;or fin.\u00a0<\/span><\/p>\n<p><span style=\"font-weight: 400;\">Son charme est sublim\u00e9 par un ravissant d\u00e9cor au centre repr\u00e9sentant des rouges-gorges, symboles de d\u00e9licatesse et de beaut\u00e9.<\/span><\/p>\n<p><span style=\"font-weight: 400;\">Estampill\u00e9 en dessous de : Porcelaine de Limoges \u2013 France<\/span><\/p>\n<p><span style=\"font-weight: 400;\">Limoges porcelain is one of the two main porcelain productions in France, and the only one from a real production area, located around the city of Limoges in the Hautes - Viennes.<\/span><\/p>\n<p><span style=\"font-weight: 400;\">It was in 1768 that exploitable deposits of kaolin were found, an essential material for the production of this hard and translucent ceramic, and it is from this discovery that Limoges porcelain was born and developed.<\/span><\/p>\n<p><span style=\"font-weight: 400;\">Since the 18th century, the notoriety of Limoges porcelain has developed to the point that the name of the city immediately evokes the art of porcelain.<\/span><\/p>\n<p><span style=\"font-weight: 400;\">Cette pi\u00e8ce de vaisselle sera parfaite pour ajouter une note d&rsquo;\u00e9l\u00e9gance et de sophistication \u00e0 votre table.<\/span><\/p>\n<p><span style=\"font-weight: 400;\">D 26,5 cm<\/span><\/p>\n<p>&nbsp;<\/p>\n<p>&nbsp;<\/p>","protected":false},"excerpt":{"rendered":"<p>Superbe plat vintage en porcelaine blanche de Limoges, d\u00e9licatement orn\u00e9 d&rsquo;un pourtour vert entrelac\u00e9 d&rsquo;une bordure dor\u00e9e \u00e0 l&rsquo;or fin.\u00a0 Son charme est sublim\u00e9 par un ravissant d\u00e9cor au centre repr\u00e9sentant des rouges-gorges, symboles de d\u00e9licatesse et de beaut\u00e9. Estampill\u00e9 en dessous de : Porcelaine de Limoges \u2013 France La porcelaine de Limoges est l\u2019une [&hellip;]<\/p>\n","protected":false},"featured_media":20923,"template":"","meta":{"site-sidebar-layout":"default","site-content-layout":"default","ast-site-content-layout":"default","site-content-style":"default","site-sidebar-style":"default","ast-global-header-display":"","ast-banner-title-visibility":"","ast-main-header-display":"","ast-hfb-above-header-display":"","ast-hfb-below-header-display":"","ast-hfb-mobile-header-display":"","site-post-title":"","ast-breadcrumbs-content":"","ast-featured-img":"","footer-sml-layout":"","ast-disable-related-posts":"","theme-transparent-header-meta":"default","adv-header-id-meta":"","stick-header-meta":"","header-above-stick-meta":"","header-main-stick-meta":"","header-below-stick-meta":"","astra-migrate-meta-layouts":"default","ast-page-background-enabled":"default","ast-page-background-meta":{"desktop":{"background-color":"var(--ast-global-color-4)","background-image":"","background-repeat":"repeat","background-position":"center center","background-size":"auto","background-attachment":"scroll","background-type":"","background-media":"","overlay-type":"","overlay-color":"","overlay-opacity":"","overlay-gradient":""},"tablet":{"background-color":"","background-image":"","background-repeat":"repeat","background-position":"center center","background-size":"auto","background-attachment":"scroll","background-type":"","background-media":"","overlay-type":"","overlay-color":"","overlay-opacity":"","overlay-gradient":""},"mobile":{"background-color":"","background-image":"","background-repeat":"repeat","background-position":"center center","background-size":"auto","background-attachment":"scroll","background-type":"","background-media":"","overlay-type":"","overlay-color":"","overlay-opacity":"","overlay-gradient":""}},"ast-content-background-meta":{"desktop":{"background-color":"var(--ast-global-color-5)","background-image":"","background-repeat":"repeat","background-position":"center center","background-size":"auto","background-attachment":"scroll","background-type":"","background-media":"","overlay-type":"","overlay-color":"","overlay-opacity":"","overlay-gradient":""},"tablet":{"background-color":"var(--ast-global-color-5)","background-image":"","background-repeat":"repeat","background-position":"center center","background-size":"auto","background-attachment":"scroll","background-type":"","background-media":"","overlay-type":"","overlay-color":"","overlay-opacity":"","overlay-gradient":""},"mobile":{"background-color":"var(--ast-global-color-5)","background-image":"","background-repeat":"repeat","background-position":"center center","background-size":"auto","background-attachment":"scroll","background-type":"","background-media":"","overlay-type":"","overlay-color":"","overlay-opacity":"","overlay-gradient":""}}},"product_cat":[3542,3544],"product_tag":[1197,1115,1251,1731,1211,1021,1335,1011],"yoast_head":"<!-- This site is optimized with the Yoast SEO plugin v20.8 - https:\/\/yoast.com\/wordpress\/plugins\/seo\/ -->\n<title>Ancien Plat Porcelaine de Limoges Dor\u00e9 Or Fin : D\u00e9cor Rouges Gorges - Vintage French Finds<\/title>\n<meta name=\"description\" content=\"The best of French vintage delivered to your doorstep direct from France : fashion, furniture, decoration, table art, curiosities, collections and art work.\" \/>\n<meta name=\"robots\" content=\"index, follow, max-snippet:-1, max-image-preview:large, max-video-preview:-1\" \/>\n<link rel=\"canonical\" href=\"https:\/\/vintagefrenchfinds.com\/en\/product\/ancien-plat-porcelaine-de-limoges-dore-or-fin-decor-rouges-gorges\/\" \/>\n<meta property=\"og:locale\" content=\"en_GB\" \/>\n<meta property=\"og:type\" content=\"article\" \/>\n<meta property=\"og:title\" content=\"Ancien Plat Porcelaine de Limoges Dor\u00e9 Or Fin : D\u00e9cor Rouges Gorges - Vintage French Finds\" \/>\n<meta property=\"og:description\" content=\"The best of French vintage delivered to your doorstep direct from France : fashion, furniture, decoration, table art, curiosities, collections and art work.\" \/>\n<meta property=\"og:url\" content=\"https:\/\/vintagefrenchfinds.com\/en\/product\/ancien-plat-porcelaine-de-limoges-dore-or-fin-decor-rouges-gorges\/\" \/>\n<meta property=\"og:site_name\" content=\"Vintage French Finds\" \/>\n<meta property=\"article:modified_time\" content=\"2025-03-14T10:37:50+00:00\" \/>\n<meta property=\"og:image\" content=\"https:\/\/vintagefrenchfinds.com\/wp-content\/uploads\/2023\/06\/DSCN0502.jpg\" \/>\n\t<meta property=\"og:image:width\" content=\"886\" \/>\n\t<meta property=\"og:image:height\" content=\"665\" \/>\n\t<meta property=\"og:image:type\" content=\"image\/jpeg\" \/>\n<meta name=\"twitter:card\" content=\"summary_large_image\" \/>\n<meta name=\"twitter:label1\" content=\"Estimated reading time\" \/>\n\t<meta name=\"twitter:data1\" content=\"1 minute\" \/>\n<script type=\"application\/ld+json\" class=\"yoast-schema-graph\">{\"@context\":\"https:\/\/schema.org\",\"@graph\":[{\"@type\":\"WebPage\",\"@id\":\"https:\/\/vintagefrenchfinds.com\/product\/ancien-plat-porcelaine-de-limoges-dore-or-fin-decor-rouges-gorges\",\"url\":\"https:\/\/vintagefrenchfinds.com\/product\/ancien-plat-porcelaine-de-limoges-dore-or-fin-decor-rouges-gorges\",\"name\":\"Ancien Plat Porcelaine de Limoges Dor\u00e9 Or Fin : D\u00e9cor Rouges Gorges - Vintage French Finds\",\"isPartOf\":{\"@id\":\"https:\/\/vintagefrenchfinds.com\/#website\"},\"datePublished\":\"2023-06-19T09:57:14+00:00\",\"dateModified\":\"2025-03-14T10:37:50+00:00\",\"description\":\"The best of French vintage delivered to your doorstep direct from France : fashion, furniture, decoration, table art, curiosities, collections and art work.\",\"breadcrumb\":{\"@id\":\"https:\/\/vintagefrenchfinds.com\/product\/ancien-plat-porcelaine-de-limoges-dore-or-fin-decor-rouges-gorges#breadcrumb\"},\"inLanguage\":\"en-GB\",\"potentialAction\":[{\"@type\":\"ReadAction\",\"target\":[\"https:\/\/vintagefrenchfinds.com\/product\/ancien-plat-porcelaine-de-limoges-dore-or-fin-decor-rouges-gorges\"]}]},{\"@type\":\"BreadcrumbList\",\"@id\":\"https:\/\/vintagefrenchfinds.com\/product\/ancien-plat-porcelaine-de-limoges-dore-or-fin-decor-rouges-gorges#breadcrumb\",\"itemListElement\":[{\"@type\":\"ListItem\",\"position\":1,\"name\":\"Home\",\"item\":\"https:\/\/vintagefrenchfinds.com\/\"},{\"@type\":\"ListItem\",\"position\":2,\"name\":\"BOUTIQUE\",\"item\":\"https:\/\/vintagefrenchfinds.com\/shop\"},{\"@type\":\"ListItem\",\"position\":3,\"name\":\"Ancien Plat Porcelaine de Limoges Dor\u00e9 Or Fin : D\u00e9cor Rouges Gorges\"}]},{\"@type\":\"WebSite\",\"@id\":\"https:\/\/vintagefrenchfinds.com\/#website\",\"url\":\"https:\/\/vintagefrenchfinds.com\/\",\"name\":\"Vintage French Finds\",\"description\":\"The best of French vintage delivered to your doorstep direct from France : fashion, furniture, decoration, table art, curiosities, collections and art work.\",\"potentialAction\":[{\"@type\":\"SearchAction\",\"target\":{\"@type\":\"EntryPoint\",\"urlTemplate\":\"https:\/\/vintagefrenchfinds.com\/?s={search_term_string}\"},\"query-input\":\"required name=search_term_string\"}],\"inLanguage\":\"en-GB\"}]}<\/script>\n<!-- \/ Yoast SEO plugin. -->","yoast_head_json":{"title":"Ancien Plat Porcelaine de Limoges Dor\u00e9 Or Fin : D\u00e9cor Rouges Gorges - Vintage French Finds","description":"The best of French vintage delivered to your doorstep direct from France : fashion, furniture, decoration, table art, curiosities, collections and art work.","robots":{"index":"index","follow":"follow","max-snippet":"max-snippet:-1","max-image-preview":"max-image-preview:large","max-video-preview":"max-video-preview:-1"},"canonical":"https:\/\/vintagefrenchfinds.com\/en\/product\/ancien-plat-porcelaine-de-limoges-dore-or-fin-decor-rouges-gorges\/","og_locale":"en_GB","og_type":"article","og_title":"Ancien Plat Porcelaine de Limoges Dor\u00e9 Or Fin : D\u00e9cor Rouges Gorges - Vintage French Finds","og_description":"The best of French vintage delivered to your doorstep direct from France : fashion, furniture, decoration, table art, curiosities, collections and art work.","og_url":"https:\/\/vintagefrenchfinds.com\/en\/product\/ancien-plat-porcelaine-de-limoges-dore-or-fin-decor-rouges-gorges\/","og_site_name":"Vintage French Finds","article_modified_time":"2025-03-14T10:37:50+00:00","og_image":[{"width":886,"height":665,"url":"https:\/\/vintagefrenchfinds.com\/wp-content\/uploads\/2023\/06\/DSCN0502.jpg","type":"image\/jpeg"}],"twitter_card":"summary_large_image","twitter_misc":{"Estimated reading time":"1 minute"},"schema":{"@context":"https:\/\/schema.org","@graph":[{"@type":"WebPage","@id":"https:\/\/vintagefrenchfinds.com\/product\/ancien-plat-porcelaine-de-limoges-dore-or-fin-decor-rouges-gorges","url":"https:\/\/vintagefrenchfinds.com\/product\/ancien-plat-porcelaine-de-limoges-dore-or-fin-decor-rouges-gorges","name":"Ancien Plat Porcelaine de Limoges Dor\u00e9 Or Fin : D\u00e9cor Rouges Gorges - Vintage French Finds","isPartOf":{"@id":"https:\/\/vintagefrenchfinds.com\/#website"},"datePublished":"2023-06-19T09:57:14+00:00","dateModified":"2025-03-14T10:37:50+00:00","description":"The best of French vintage delivered to your doorstep direct from France : fashion, furniture, decoration, table art, curiosities, collections and art work.","breadcrumb":{"@id":"https:\/\/vintagefrenchfinds.com\/product\/ancien-plat-porcelaine-de-limoges-dore-or-fin-decor-rouges-gorges#breadcrumb"},"inLanguage":"en-GB","potentialAction":[{"@type":"ReadAction","target":["https:\/\/vintagefrenchfinds.com\/product\/ancien-plat-porcelaine-de-limoges-dore-or-fin-decor-rouges-gorges"]}]},{"@type":"BreadcrumbList","@id":"https:\/\/vintagefrenchfinds.com\/product\/ancien-plat-porcelaine-de-limoges-dore-or-fin-decor-rouges-gorges#breadcrumb","itemListElement":[{"@type":"ListItem","position":1,"name":"Home","item":"https:\/\/vintagefrenchfinds.com\/"},{"@type":"ListItem","position":2,"name":"BOUTIQUE","item":"https:\/\/vintagefrenchfinds.com\/shop"},{"@type":"ListItem","position":3,"name":"Ancien Plat Porcelaine de Limoges Dor\u00e9 Or Fin : D\u00e9cor Rouges Gorges"}]},{"@type":"WebSite","@id":"https:\/\/vintagefrenchfinds.com\/#website","url":"https:\/\/vintagefrenchfinds.com\/","name":"Vintage French Finds\u00a0","description":"The best of French vintage delivered to your doorstep direct from France : fashion, furniture, decoration, table art, curiosities, collections and art work.","potentialAction":[{"@type":"SearchAction","target":{"@type":"EntryPoint","urlTemplate":"https:\/\/vintagefrenchfinds.com\/?s={search_term_string}"},"query-input":"required name=search_term_string"}],"inLanguage":"en-GB"}]}},"post_mailing_queue_ids":[],"_links":{"self":[{"href":"https:\/\/vintagefrenchfinds.com\/en\/wp-json\/wp\/v2\/product\/20922"}],"collection":[{"href":"https:\/\/vintagefrenchfinds.com\/en\/wp-json\/wp\/v2\/product"}],"about":[{"href":"https:\/\/vintagefrenchfinds.com\/en\/wp-json\/wp\/v2\/types\/product"}],"wp:featuredmedia":[{"embeddable":true,"href":"https:\/\/vintagefrenchfinds.com\/en\/wp-json\/wp\/v2\/media\/20923"}],"wp:attachment":[{"href":"https:\/\/vintagefrenchfinds.com\/en\/wp-json\/wp\/v2\/media?parent=20922"}],"wp:term":[{"taxonomy":"product_cat","embeddable":true,"href":"https:\/\/vintagefrenchfinds.com\/en\/wp-json\/wp\/v2\/product_cat?post=20922"},{"taxonomy":"product_tag","embeddable":true,"href":"https:\/\/vintagefrenchfinds.com\/en\/wp-json\/wp\/v2\/product_tag?post=20922"}],"curies":[{"name":"wp","href":"https:\/\/api.w.org\/{rel}","templated":true}]}}