{"id":20980,"date":"2023-06-19T11:54:13","date_gmt":"2023-06-19T11:54:13","guid":{"rendered":"https:\/\/vintagefrenchfinds.com\/?post_type=product&#038;p=20980"},"modified":"2025-03-01T13:32:13","modified_gmt":"2025-03-01T13:32:13","slug":"ancien-bol-en-porcelaine-de-pillivuyt-decor-rose-or","status":"publish","type":"product","link":"https:\/\/vintagefrenchfinds.com\/en\/product\/ancien-bol-en-porcelaine-de-pillivuyt-decor-rose-or","title":{"rendered":"Ancien Bol en Porcelaine de Pillivuyt D\u00e9cor Rose &#038; Or"},"content":{"rendered":"<p><span style=\"font-weight: 400;\">Bol vintage au rebord festonn\u00e9 en porcelaine blanche de Pillivuyt, habill\u00e9 d\u2019un joli int\u00e9rieur \u00e0 motifs roses bord\u00e9e par des lignes dor\u00e9e<\/span><\/p>\n<p><span style=\"font-weight: 400;\">Estampill\u00e9 en dessous de : \u201cPillivuyt &#8211; France\u201d<\/span><\/p>\n<p><span style=\"font-weight: 400;\">La Manufacture Pillivuyt est l\u2019une des plus anciennes porcelaini\u00e8res fran\u00e7aise sp\u00e9cialis\u00e9e dans l\u2019art de la table, avec 200 ans d\u2019histoire. Elle a \u00e9t\u00e9 fond\u00e9e par Jean Louis Richard Pillivuyt au c\u0153ur du Berry plus pr\u00e9cis\u00e9ment \u00e0 Mehun-sur-Y\u00e8vre.\u00a0<\/span><\/p>\n<p><span style=\"font-weight: 400;\">L\u2019entreprise prosp\u00e9ra durant de nombreuses ann\u00e9es en gagnant des prix et des m\u00e9dailles \u00e0 des expositions \u00e0 travers le monde. Sa r\u00e9putation se d\u00e9veloppa \u00e0 l\u2019\u00e9chelle internationale et Pillivuyt devint le choix de beaucoup de maisons royales.\u00a0<\/span><\/p>\n<p><span style=\"font-weight: 400;\">Ce petit r\u00e9cipient sera id\u00e9al comme vide-poche ou rince-doigts.<\/span><\/p>\n<p><span style=\"font-weight: 400;\">C\u2019est \u00e9galement un tr\u00e8s\u00a0 beau cadeau pour un amateur d\u2019objet d\u2019antan et de vaisselle ancienne.<\/span><\/p>\n<p><span style=\"font-weight: 400;\">D 12 x H 4,2 cm<\/span><\/p>\n<p>&nbsp;<\/p>","protected":false},"excerpt":{"rendered":"<p>Bol vintage au rebord festonn\u00e9 en porcelaine blanche de Pillivuyt, habill\u00e9 d\u2019un joli int\u00e9rieur \u00e0 motifs roses bord\u00e9e par des lignes dor\u00e9e Estampill\u00e9 en dessous de : \u201cPillivuyt &#8211; France\u201d La Manufacture Pillivuyt est l\u2019une des plus anciennes porcelaini\u00e8res fran\u00e7aise sp\u00e9cialis\u00e9e dans l\u2019art de la table, avec 200 ans d\u2019histoire. Elle a \u00e9t\u00e9 fond\u00e9e par [&hellip;]<\/p>\n","protected":false},"featured_media":20985,"template":"","meta":{"site-sidebar-layout":"default","site-content-layout":"default","ast-site-content-layout":"default","site-content-style":"default","site-sidebar-style":"default","ast-global-header-display":"","ast-banner-title-visibility":"","ast-main-header-display":"","ast-hfb-above-header-display":"","ast-hfb-below-header-display":"","ast-hfb-mobile-header-display":"","site-post-title":"","ast-breadcrumbs-content":"","ast-featured-img":"","footer-sml-layout":"","ast-disable-related-posts":"","theme-transparent-header-meta":"default","adv-header-id-meta":"","stick-header-meta":"","header-above-stick-meta":"","header-main-stick-meta":"","header-below-stick-meta":"","astra-migrate-meta-layouts":"default","ast-page-background-enabled":"default","ast-page-background-meta":{"desktop":{"background-color":"var(--ast-global-color-4)","background-image":"","background-repeat":"repeat","background-position":"center center","background-size":"auto","background-attachment":"scroll","background-type":"","background-media":"","overlay-type":"","overlay-color":"","overlay-opacity":"","overlay-gradient":""},"tablet":{"background-color":"","background-image":"","background-repeat":"repeat","background-position":"center center","background-size":"auto","background-attachment":"scroll","background-type":"","background-media":"","overlay-type":"","overlay-color":"","overlay-opacity":"","overlay-gradient":""},"mobile":{"background-color":"","background-image":"","background-repeat":"repeat","background-position":"center center","background-size":"auto","background-attachment":"scroll","background-type":"","background-media":"","overlay-type":"","overlay-color":"","overlay-opacity":"","overlay-gradient":""}},"ast-content-background-meta":{"desktop":{"background-color":"var(--ast-global-color-5)","background-image":"","background-repeat":"repeat","background-position":"center center","background-size":"auto","background-attachment":"scroll","background-type":"","background-media":"","overlay-type":"","overlay-color":"","overlay-opacity":"","overlay-gradient":""},"tablet":{"background-color":"var(--ast-global-color-5)","background-image":"","background-repeat":"repeat","background-position":"center center","background-size":"auto","background-attachment":"scroll","background-type":"","background-media":"","overlay-type":"","overlay-color":"","overlay-opacity":"","overlay-gradient":""},"mobile":{"background-color":"var(--ast-global-color-5)","background-image":"","background-repeat":"repeat","background-position":"center center","background-size":"auto","background-attachment":"scroll","background-type":"","background-media":"","overlay-type":"","overlay-color":"","overlay-opacity":"","overlay-gradient":""}}},"product_cat":[3542,3549],"product_tag":[1197,1115,1382,1211,1011],"yoast_head":"<!-- This site is optimized with the Yoast SEO plugin v20.8 - https:\/\/yoast.com\/wordpress\/plugins\/seo\/ -->\n<title>Ancien Bol en Porcelaine de Pillivuyt D\u00e9cor Rose &amp; Or - Vintage French Finds<\/title>\n<meta name=\"description\" content=\"The best of French vintage delivered to your doorstep direct from France : fashion, furniture, decoration, table art, curiosities, collections and art work.\" \/>\n<meta name=\"robots\" content=\"index, follow, max-snippet:-1, max-image-preview:large, max-video-preview:-1\" \/>\n<link rel=\"canonical\" href=\"https:\/\/vintagefrenchfinds.com\/en\/product\/ancien-bol-en-porcelaine-de-pillivuyt-decor-rose-or\/\" \/>\n<meta property=\"og:locale\" content=\"en_GB\" \/>\n<meta property=\"og:type\" content=\"article\" \/>\n<meta property=\"og:title\" content=\"Ancien Bol en Porcelaine de Pillivuyt D\u00e9cor Rose &amp; Or - Vintage French Finds\" \/>\n<meta property=\"og:description\" content=\"The best of French vintage delivered to your doorstep direct from France : fashion, furniture, decoration, table art, curiosities, collections and art work.\" \/>\n<meta property=\"og:url\" content=\"https:\/\/vintagefrenchfinds.com\/en\/product\/ancien-bol-en-porcelaine-de-pillivuyt-decor-rose-or\/\" \/>\n<meta property=\"og:site_name\" content=\"Vintage French Finds\" \/>\n<meta property=\"article:modified_time\" content=\"2025-03-01T13:32:13+00:00\" \/>\n<meta property=\"og:image\" content=\"https:\/\/vintagefrenchfinds.com\/wp-content\/uploads\/2023\/06\/DSCN0629.jpg\" \/>\n\t<meta property=\"og:image:width\" content=\"886\" \/>\n\t<meta property=\"og:image:height\" content=\"665\" \/>\n\t<meta property=\"og:image:type\" content=\"image\/jpeg\" \/>\n<meta name=\"twitter:card\" content=\"summary_large_image\" \/>\n<meta name=\"twitter:label1\" content=\"Estimated reading time\" \/>\n\t<meta name=\"twitter:data1\" content=\"1 minute\" \/>\n<script type=\"application\/ld+json\" class=\"yoast-schema-graph\">{\"@context\":\"https:\/\/schema.org\",\"@graph\":[{\"@type\":\"WebPage\",\"@id\":\"https:\/\/vintagefrenchfinds.com\/product\/ancien-bol-en-porcelaine-de-pillivuyt-decor-rose-or\",\"url\":\"https:\/\/vintagefrenchfinds.com\/product\/ancien-bol-en-porcelaine-de-pillivuyt-decor-rose-or\",\"name\":\"Ancien Bol en Porcelaine de Pillivuyt D\u00e9cor Rose & Or - Vintage French Finds\",\"isPartOf\":{\"@id\":\"https:\/\/vintagefrenchfinds.com\/#website\"},\"datePublished\":\"2023-06-19T11:54:13+00:00\",\"dateModified\":\"2025-03-01T13:32:13+00:00\",\"description\":\"The best of French vintage delivered to your doorstep direct from France : fashion, furniture, decoration, table art, curiosities, collections and art work.\",\"breadcrumb\":{\"@id\":\"https:\/\/vintagefrenchfinds.com\/product\/ancien-bol-en-porcelaine-de-pillivuyt-decor-rose-or#breadcrumb\"},\"inLanguage\":\"en-GB\",\"potentialAction\":[{\"@type\":\"ReadAction\",\"target\":[\"https:\/\/vintagefrenchfinds.com\/product\/ancien-bol-en-porcelaine-de-pillivuyt-decor-rose-or\"]}]},{\"@type\":\"BreadcrumbList\",\"@id\":\"https:\/\/vintagefrenchfinds.com\/product\/ancien-bol-en-porcelaine-de-pillivuyt-decor-rose-or#breadcrumb\",\"itemListElement\":[{\"@type\":\"ListItem\",\"position\":1,\"name\":\"Home\",\"item\":\"https:\/\/vintagefrenchfinds.com\/\"},{\"@type\":\"ListItem\",\"position\":2,\"name\":\"BOUTIQUE\",\"item\":\"https:\/\/vintagefrenchfinds.com\/shop\"},{\"@type\":\"ListItem\",\"position\":3,\"name\":\"Ancien Bol en Porcelaine de Pillivuyt D\u00e9cor Rose &#038; Or\"}]},{\"@type\":\"WebSite\",\"@id\":\"https:\/\/vintagefrenchfinds.com\/#website\",\"url\":\"https:\/\/vintagefrenchfinds.com\/\",\"name\":\"Vintage French Finds\",\"description\":\"The best of French vintage delivered to your doorstep direct from France : fashion, furniture, decoration, table art, curiosities, collections and art work.\",\"potentialAction\":[{\"@type\":\"SearchAction\",\"target\":{\"@type\":\"EntryPoint\",\"urlTemplate\":\"https:\/\/vintagefrenchfinds.com\/?s={search_term_string}\"},\"query-input\":\"required name=search_term_string\"}],\"inLanguage\":\"en-GB\"}]}<\/script>\n<!-- \/ Yoast SEO plugin. -->","yoast_head_json":{"title":"Ancien Bol en Porcelaine de Pillivuyt D\u00e9cor Rose & Or - Vintage French Finds","description":"The best of French vintage delivered to your doorstep direct from France : fashion, furniture, decoration, table art, curiosities, collections and art work.","robots":{"index":"index","follow":"follow","max-snippet":"max-snippet:-1","max-image-preview":"max-image-preview:large","max-video-preview":"max-video-preview:-1"},"canonical":"https:\/\/vintagefrenchfinds.com\/en\/product\/ancien-bol-en-porcelaine-de-pillivuyt-decor-rose-or\/","og_locale":"en_GB","og_type":"article","og_title":"Ancien Bol en Porcelaine de Pillivuyt D\u00e9cor Rose & Or - Vintage French Finds","og_description":"The best of French vintage delivered to your doorstep direct from France : fashion, furniture, decoration, table art, curiosities, collections and art work.","og_url":"https:\/\/vintagefrenchfinds.com\/en\/product\/ancien-bol-en-porcelaine-de-pillivuyt-decor-rose-or\/","og_site_name":"Vintage French Finds","article_modified_time":"2025-03-01T13:32:13+00:00","og_image":[{"width":886,"height":665,"url":"https:\/\/vintagefrenchfinds.com\/wp-content\/uploads\/2023\/06\/DSCN0629.jpg","type":"image\/jpeg"}],"twitter_card":"summary_large_image","twitter_misc":{"Estimated reading time":"1 minute"},"schema":{"@context":"https:\/\/schema.org","@graph":[{"@type":"WebPage","@id":"https:\/\/vintagefrenchfinds.com\/product\/ancien-bol-en-porcelaine-de-pillivuyt-decor-rose-or","url":"https:\/\/vintagefrenchfinds.com\/product\/ancien-bol-en-porcelaine-de-pillivuyt-decor-rose-or","name":"Ancien Bol en Porcelaine de Pillivuyt D\u00e9cor Rose & Or - Vintage French Finds","isPartOf":{"@id":"https:\/\/vintagefrenchfinds.com\/#website"},"datePublished":"2023-06-19T11:54:13+00:00","dateModified":"2025-03-01T13:32:13+00:00","description":"The best of French vintage delivered to your doorstep direct from France : fashion, furniture, decoration, table art, curiosities, collections and art work.","breadcrumb":{"@id":"https:\/\/vintagefrenchfinds.com\/product\/ancien-bol-en-porcelaine-de-pillivuyt-decor-rose-or#breadcrumb"},"inLanguage":"en-GB","potentialAction":[{"@type":"ReadAction","target":["https:\/\/vintagefrenchfinds.com\/product\/ancien-bol-en-porcelaine-de-pillivuyt-decor-rose-or"]}]},{"@type":"BreadcrumbList","@id":"https:\/\/vintagefrenchfinds.com\/product\/ancien-bol-en-porcelaine-de-pillivuyt-decor-rose-or#breadcrumb","itemListElement":[{"@type":"ListItem","position":1,"name":"Home","item":"https:\/\/vintagefrenchfinds.com\/"},{"@type":"ListItem","position":2,"name":"BOUTIQUE","item":"https:\/\/vintagefrenchfinds.com\/shop"},{"@type":"ListItem","position":3,"name":"Ancien Bol en Porcelaine de Pillivuyt D\u00e9cor Rose &#038; Or"}]},{"@type":"WebSite","@id":"https:\/\/vintagefrenchfinds.com\/#website","url":"https:\/\/vintagefrenchfinds.com\/","name":"Vintage French Finds\u00a0","description":"The best of French vintage delivered to your doorstep direct from France : fashion, furniture, decoration, table art, curiosities, collections and art work.","potentialAction":[{"@type":"SearchAction","target":{"@type":"EntryPoint","urlTemplate":"https:\/\/vintagefrenchfinds.com\/?s={search_term_string}"},"query-input":"required name=search_term_string"}],"inLanguage":"en-GB"}]}},"post_mailing_queue_ids":[],"_links":{"self":[{"href":"https:\/\/vintagefrenchfinds.com\/en\/wp-json\/wp\/v2\/product\/20980"}],"collection":[{"href":"https:\/\/vintagefrenchfinds.com\/en\/wp-json\/wp\/v2\/product"}],"about":[{"href":"https:\/\/vintagefrenchfinds.com\/en\/wp-json\/wp\/v2\/types\/product"}],"wp:featuredmedia":[{"embeddable":true,"href":"https:\/\/vintagefrenchfinds.com\/en\/wp-json\/wp\/v2\/media\/20985"}],"wp:attachment":[{"href":"https:\/\/vintagefrenchfinds.com\/en\/wp-json\/wp\/v2\/media?parent=20980"}],"wp:term":[{"taxonomy":"product_cat","embeddable":true,"href":"https:\/\/vintagefrenchfinds.com\/en\/wp-json\/wp\/v2\/product_cat?post=20980"},{"taxonomy":"product_tag","embeddable":true,"href":"https:\/\/vintagefrenchfinds.com\/en\/wp-json\/wp\/v2\/product_tag?post=20980"}],"curies":[{"name":"wp","href":"https:\/\/api.w.org\/{rel}","templated":true}]}}