{"id":21112,"date":"2023-06-20T09:20:28","date_gmt":"2023-06-20T09:20:28","guid":{"rendered":"https:\/\/vintagefrenchfinds.com\/?post_type=product&#038;p=21112"},"modified":"2025-05-23T09:48:52","modified_gmt":"2025-05-23T09:48:52","slug":"ancienne-sculpture-chien-boxeur-en-faience-jema-holland","status":"publish","type":"product","link":"https:\/\/vintagefrenchfinds.com\/en\/product\/ancienne-sculpture-chien-boxeur-en-faience-jema-holland","title":{"rendered":"Ancienne Sculpture Chien Boxeur en Fa\u00efence Jema Holland"},"content":{"rendered":"<p><span style=\"font-weight: 400;\">Sculpture vintage en barbotine polychrome de la fa\u00efencerie Jema Holland, repr\u00e9sentant un chien boxer avec vivacit\u00e9 et expressivit\u00e9.<\/span><\/p>\n<p><span style=\"font-weight: 400;\">\u00a0La fa\u00efence finement travaill\u00e9e met en valeur la musculature et le regard saisissant, tandis que les teintes \u00e9clatantes ajoutent r\u00e9alisme et \u00e9clat \u00e0 l&rsquo;ensemble.<\/span><\/p>\n<p><span style=\"font-weight: 400;\">Estampill\u00e9e en dessous de :\u00a0 \u201cJema &#8211; Holland &#8211; 783\u201d<\/span><\/p>\n<p><span style=\"font-weight: 400;\">La fa\u00efencerie Jema Holland a \u00e9t\u00e9 fond\u00e9e en 1922 \u00e0 Nijmegen, aux Pays-Bas. Elle s&rsquo;est rapidement distingu\u00e9e par sa fa\u00efence de haute qualit\u00e9, alliant techniques traditionnelles et designs modernes. Les pi\u00e8ces en fa\u00efence Jema Holland \u00e9taient r\u00e9put\u00e9es pour leur finition soign\u00e9e, leurs motifs audacieux et leurs couleurs vives. Malgr\u00e9 sa fermeture en 1994, la fa\u00efence Jema Holland reste pris\u00e9e par les collectionneurs et t\u00e9moigne du talent des artisans n\u00e9erlandais.<\/span><\/p>\n<p><span style=\"font-weight: 400;\">Cette statue color\u00e9e sera parfaite pour ajouter une note artistique et captivante \u00e0 votre collection ou pour embellir votre espace de vie.<\/span><\/p>\n<p><span style=\"font-weight: 400;\">Un v\u00e9ritable joyau pour les amateurs d&rsquo;art et les amoureux de ces b\u00eates \u00e0 poils.\u00a0<\/span><\/p>\n<p><span style=\"font-weight: 400;\">Very good general condition<\/span><\/p>\n<p><span style=\"font-weight: 400;\">H 40 x LO 35 cm<\/span><\/p>","protected":false},"excerpt":{"rendered":"<p>Sculpture vintage en barbotine polychrome de la fa\u00efencerie Jema Holland, repr\u00e9sentant un chien boxer avec vivacit\u00e9 et expressivit\u00e9. \u00a0La fa\u00efence finement travaill\u00e9e met en valeur la musculature et le regard saisissant, tandis que les teintes \u00e9clatantes ajoutent r\u00e9alisme et \u00e9clat \u00e0 l&rsquo;ensemble. Estampill\u00e9e en dessous de :\u00a0 \u201cJema &#8211; Holland &#8211; 783\u201d La fa\u00efencerie Jema [&hellip;]<\/p>\n","protected":false},"featured_media":21113,"template":"","meta":{"site-sidebar-layout":"default","site-content-layout":"default","ast-site-content-layout":"default","site-content-style":"default","site-sidebar-style":"default","ast-global-header-display":"","ast-banner-title-visibility":"","ast-main-header-display":"","ast-hfb-above-header-display":"","ast-hfb-below-header-display":"","ast-hfb-mobile-header-display":"","site-post-title":"","ast-breadcrumbs-content":"","ast-featured-img":"","footer-sml-layout":"","ast-disable-related-posts":"","theme-transparent-header-meta":"default","adv-header-id-meta":"","stick-header-meta":"","header-above-stick-meta":"","header-main-stick-meta":"","header-below-stick-meta":"","astra-migrate-meta-layouts":"set","ast-page-background-enabled":"default","ast-page-background-meta":{"desktop":{"background-color":"var(--ast-global-color-4)","background-image":"","background-repeat":"repeat","background-position":"center center","background-size":"auto","background-attachment":"scroll","background-type":"","background-media":"","overlay-type":"","overlay-color":"","overlay-opacity":"","overlay-gradient":""},"tablet":{"background-color":"","background-image":"","background-repeat":"repeat","background-position":"center center","background-size":"auto","background-attachment":"scroll","background-type":"","background-media":"","overlay-type":"","overlay-color":"","overlay-opacity":"","overlay-gradient":""},"mobile":{"background-color":"","background-image":"","background-repeat":"repeat","background-position":"center center","background-size":"auto","background-attachment":"scroll","background-type":"","background-media":"","overlay-type":"","overlay-color":"","overlay-opacity":"","overlay-gradient":""}},"ast-content-background-meta":{"desktop":{"background-color":"var(--ast-global-color-5)","background-image":"","background-repeat":"repeat","background-position":"center center","background-size":"auto","background-attachment":"scroll","background-type":"","background-media":"","overlay-type":"","overlay-color":"","overlay-opacity":"","overlay-gradient":""},"tablet":{"background-color":"var(--ast-global-color-5)","background-image":"","background-repeat":"repeat","background-position":"center center","background-size":"auto","background-attachment":"scroll","background-type":"","background-media":"","overlay-type":"","overlay-color":"","overlay-opacity":"","overlay-gradient":""},"mobile":{"background-color":"var(--ast-global-color-5)","background-image":"","background-repeat":"repeat","background-position":"center center","background-size":"auto","background-attachment":"scroll","background-type":"","background-media":"","overlay-type":"","overlay-color":"","overlay-opacity":"","overlay-gradient":""}}},"product_cat":[30,3534],"product_tag":[1197,1369,3870,1174,1650,2123,1011],"yoast_head":"<!-- This site is optimized with the Yoast SEO plugin v20.8 - https:\/\/yoast.com\/wordpress\/plugins\/seo\/ -->\n<title>Ancienne Sculpture Chien Boxeur en Fa\u00efence Jema Holland - Vintage French Finds<\/title>\n<meta name=\"description\" content=\"The best of French vintage delivered to your doorstep direct from France : fashion, furniture, decoration, table art, curiosities, collections and art work.\" \/>\n<meta name=\"robots\" content=\"index, follow, max-snippet:-1, max-image-preview:large, max-video-preview:-1\" \/>\n<link rel=\"canonical\" href=\"https:\/\/vintagefrenchfinds.com\/en\/product\/ancienne-sculpture-chien-boxeur-en-faience-jema-holland\/\" \/>\n<meta property=\"og:locale\" content=\"en_GB\" \/>\n<meta property=\"og:type\" content=\"article\" \/>\n<meta property=\"og:title\" content=\"Ancienne Sculpture Chien Boxeur en Fa\u00efence Jema Holland - Vintage French Finds\" \/>\n<meta property=\"og:description\" content=\"The best of French vintage delivered to your doorstep direct from France : fashion, furniture, decoration, table art, curiosities, collections and art work.\" \/>\n<meta property=\"og:url\" content=\"https:\/\/vintagefrenchfinds.com\/en\/product\/ancienne-sculpture-chien-boxeur-en-faience-jema-holland\/\" \/>\n<meta property=\"og:site_name\" content=\"Vintage French Finds\" \/>\n<meta property=\"article:modified_time\" content=\"2025-05-23T09:48:52+00:00\" \/>\n<meta property=\"og:image\" content=\"https:\/\/vintagefrenchfinds.com\/wp-content\/uploads\/2023\/06\/DSCN0723.jpg\" \/>\n\t<meta property=\"og:image:width\" content=\"723\" \/>\n\t<meta property=\"og:image:height\" content=\"662\" \/>\n\t<meta property=\"og:image:type\" content=\"image\/jpeg\" \/>\n<meta name=\"twitter:card\" content=\"summary_large_image\" \/>\n<meta name=\"twitter:label1\" content=\"Estimated reading time\" \/>\n\t<meta name=\"twitter:data1\" content=\"1 minute\" \/>\n<script type=\"application\/ld+json\" class=\"yoast-schema-graph\">{\"@context\":\"https:\/\/schema.org\",\"@graph\":[{\"@type\":\"WebPage\",\"@id\":\"https:\/\/vintagefrenchfinds.com\/product\/ancienne-sculpture-chien-boxeur-en-faience-jema-holland\",\"url\":\"https:\/\/vintagefrenchfinds.com\/product\/ancienne-sculpture-chien-boxeur-en-faience-jema-holland\",\"name\":\"Ancienne Sculpture Chien Boxeur en Fa\u00efence Jema Holland - Vintage French Finds\",\"isPartOf\":{\"@id\":\"https:\/\/vintagefrenchfinds.com\/#website\"},\"datePublished\":\"2023-06-20T09:20:28+00:00\",\"dateModified\":\"2025-05-23T09:48:52+00:00\",\"description\":\"The best of French vintage delivered to your doorstep direct from France : fashion, furniture, decoration, table art, curiosities, collections and art work.\",\"breadcrumb\":{\"@id\":\"https:\/\/vintagefrenchfinds.com\/product\/ancienne-sculpture-chien-boxeur-en-faience-jema-holland#breadcrumb\"},\"inLanguage\":\"en-GB\",\"potentialAction\":[{\"@type\":\"ReadAction\",\"target\":[\"https:\/\/vintagefrenchfinds.com\/product\/ancienne-sculpture-chien-boxeur-en-faience-jema-holland\"]}]},{\"@type\":\"BreadcrumbList\",\"@id\":\"https:\/\/vintagefrenchfinds.com\/product\/ancienne-sculpture-chien-boxeur-en-faience-jema-holland#breadcrumb\",\"itemListElement\":[{\"@type\":\"ListItem\",\"position\":1,\"name\":\"Home\",\"item\":\"https:\/\/vintagefrenchfinds.com\/\"},{\"@type\":\"ListItem\",\"position\":2,\"name\":\"BOUTIQUE\",\"item\":\"https:\/\/vintagefrenchfinds.com\/shop\"},{\"@type\":\"ListItem\",\"position\":3,\"name\":\"Ancienne Sculpture Chien Boxeur en Fa\u00efence Jema Holland\"}]},{\"@type\":\"WebSite\",\"@id\":\"https:\/\/vintagefrenchfinds.com\/#website\",\"url\":\"https:\/\/vintagefrenchfinds.com\/\",\"name\":\"Vintage French Finds\",\"description\":\"The best of French vintage delivered to your doorstep direct from France : fashion, furniture, decoration, table art, curiosities, collections and art work.\",\"potentialAction\":[{\"@type\":\"SearchAction\",\"target\":{\"@type\":\"EntryPoint\",\"urlTemplate\":\"https:\/\/vintagefrenchfinds.com\/?s={search_term_string}\"},\"query-input\":\"required name=search_term_string\"}],\"inLanguage\":\"en-GB\"}]}<\/script>\n<!-- \/ Yoast SEO plugin. -->","yoast_head_json":{"title":"Ancienne Sculpture Chien Boxeur en Fa\u00efence Jema Holland - Vintage French Finds","description":"The best of French vintage delivered to your doorstep direct from France : fashion, furniture, decoration, table art, curiosities, collections and art work.","robots":{"index":"index","follow":"follow","max-snippet":"max-snippet:-1","max-image-preview":"max-image-preview:large","max-video-preview":"max-video-preview:-1"},"canonical":"https:\/\/vintagefrenchfinds.com\/en\/product\/ancienne-sculpture-chien-boxeur-en-faience-jema-holland\/","og_locale":"en_GB","og_type":"article","og_title":"Ancienne Sculpture Chien Boxeur en Fa\u00efence Jema Holland - Vintage French Finds","og_description":"The best of French vintage delivered to your doorstep direct from France : fashion, furniture, decoration, table art, curiosities, collections and art work.","og_url":"https:\/\/vintagefrenchfinds.com\/en\/product\/ancienne-sculpture-chien-boxeur-en-faience-jema-holland\/","og_site_name":"Vintage French Finds","article_modified_time":"2025-05-23T09:48:52+00:00","og_image":[{"width":723,"height":662,"url":"https:\/\/vintagefrenchfinds.com\/wp-content\/uploads\/2023\/06\/DSCN0723.jpg","type":"image\/jpeg"}],"twitter_card":"summary_large_image","twitter_misc":{"Estimated reading time":"1 minute"},"schema":{"@context":"https:\/\/schema.org","@graph":[{"@type":"WebPage","@id":"https:\/\/vintagefrenchfinds.com\/product\/ancienne-sculpture-chien-boxeur-en-faience-jema-holland","url":"https:\/\/vintagefrenchfinds.com\/product\/ancienne-sculpture-chien-boxeur-en-faience-jema-holland","name":"Ancienne Sculpture Chien Boxeur en Fa\u00efence Jema Holland - Vintage French Finds","isPartOf":{"@id":"https:\/\/vintagefrenchfinds.com\/#website"},"datePublished":"2023-06-20T09:20:28+00:00","dateModified":"2025-05-23T09:48:52+00:00","description":"The best of French vintage delivered to your doorstep direct from France : fashion, furniture, decoration, table art, curiosities, collections and art work.","breadcrumb":{"@id":"https:\/\/vintagefrenchfinds.com\/product\/ancienne-sculpture-chien-boxeur-en-faience-jema-holland#breadcrumb"},"inLanguage":"en-GB","potentialAction":[{"@type":"ReadAction","target":["https:\/\/vintagefrenchfinds.com\/product\/ancienne-sculpture-chien-boxeur-en-faience-jema-holland"]}]},{"@type":"BreadcrumbList","@id":"https:\/\/vintagefrenchfinds.com\/product\/ancienne-sculpture-chien-boxeur-en-faience-jema-holland#breadcrumb","itemListElement":[{"@type":"ListItem","position":1,"name":"Home","item":"https:\/\/vintagefrenchfinds.com\/"},{"@type":"ListItem","position":2,"name":"BOUTIQUE","item":"https:\/\/vintagefrenchfinds.com\/shop"},{"@type":"ListItem","position":3,"name":"Ancienne Sculpture Chien Boxeur en Fa\u00efence Jema Holland"}]},{"@type":"WebSite","@id":"https:\/\/vintagefrenchfinds.com\/#website","url":"https:\/\/vintagefrenchfinds.com\/","name":"Vintage French Finds\u00a0","description":"The best of French vintage delivered to your doorstep direct from France : fashion, furniture, decoration, table art, curiosities, collections and art work.","potentialAction":[{"@type":"SearchAction","target":{"@type":"EntryPoint","urlTemplate":"https:\/\/vintagefrenchfinds.com\/?s={search_term_string}"},"query-input":"required name=search_term_string"}],"inLanguage":"en-GB"}]}},"post_mailing_queue_ids":[],"_links":{"self":[{"href":"https:\/\/vintagefrenchfinds.com\/en\/wp-json\/wp\/v2\/product\/21112"}],"collection":[{"href":"https:\/\/vintagefrenchfinds.com\/en\/wp-json\/wp\/v2\/product"}],"about":[{"href":"https:\/\/vintagefrenchfinds.com\/en\/wp-json\/wp\/v2\/types\/product"}],"wp:featuredmedia":[{"embeddable":true,"href":"https:\/\/vintagefrenchfinds.com\/en\/wp-json\/wp\/v2\/media\/21113"}],"wp:attachment":[{"href":"https:\/\/vintagefrenchfinds.com\/en\/wp-json\/wp\/v2\/media?parent=21112"}],"wp:term":[{"taxonomy":"product_cat","embeddable":true,"href":"https:\/\/vintagefrenchfinds.com\/en\/wp-json\/wp\/v2\/product_cat?post=21112"},{"taxonomy":"product_tag","embeddable":true,"href":"https:\/\/vintagefrenchfinds.com\/en\/wp-json\/wp\/v2\/product_tag?post=21112"}],"curies":[{"name":"wp","href":"https:\/\/api.w.org\/{rel}","templated":true}]}}