{"id":21400,"date":"2023-07-07T10:33:24","date_gmt":"2023-07-07T10:33:24","guid":{"rendered":"https:\/\/vintagefrenchfinds.com\/?post_type=product&#038;p=21400"},"modified":"2025-03-19T16:23:52","modified_gmt":"2025-03-19T16:23:52","slug":"7-anciennes-cuilleres-a-cafe-assorties-en-metal-argente","status":"publish","type":"product","link":"https:\/\/vintagefrenchfinds.com\/en\/product\/7-anciennes-cuilleres-a-cafe-assorties-en-metal-argente","title":{"rendered":"7 Anciennes Cuill\u00e8res \u00e0 Caf\u00e9 Assorties en M\u00e9tal Argent\u00e9"},"content":{"rendered":"<p><span data-sheets-value=\"{&quot;1&quot;:2,&quot;2&quot;:&quot;Ensemble de 7 cuill\u00e8res \u00e0 caf\u00e9 vintage en m\u00e9tal argent\u00e9 au design plut\u00f4t sobre.\\n\\nid\u00e9ales pour savourer vos caf\u00e9s, th\u00e9s et autres boissons chaudes, ou pour compl\u00e9ter votre service de table. \\n\\nLes cuill\u00e8res pr\u00e9sentent des traces d'oxydation, mais vous pouvez facilement les sublimer en utilisant un m\u00e9lange d'eau chaude et de liquide vaisselle, ou en utilisant du bicarbonate de soude. \\n\\nCes m\u00e9thodes vous permettront de leur faire retrouver leur \u00e9clat d'antan !\\n\\nLO 14,5 cm\\n&quot;}\" data-sheets-userformat=\"{&quot;2&quot;:15213,&quot;3&quot;:{&quot;1&quot;:0},&quot;5&quot;:{&quot;1&quot;:[{&quot;1&quot;:2,&quot;2&quot;:0,&quot;5&quot;:{&quot;1&quot;:2,&quot;2&quot;:0}},{&quot;1&quot;:0,&quot;2&quot;:0,&quot;3&quot;:3},{&quot;1&quot;:1,&quot;2&quot;:0,&quot;4&quot;:1}]},&quot;6&quot;:{&quot;1&quot;:[{&quot;1&quot;:2,&quot;2&quot;:0,&quot;5&quot;:{&quot;1&quot;:2,&quot;2&quot;:0}},{&quot;1&quot;:0,&quot;2&quot;:0,&quot;3&quot;:3},{&quot;1&quot;:1,&quot;2&quot;:0,&quot;4&quot;:1}]},&quot;8&quot;:{&quot;1&quot;:[{&quot;1&quot;:2,&quot;2&quot;:0,&quot;5&quot;:{&quot;1&quot;:2,&quot;2&quot;:0}},{&quot;1&quot;:0,&quot;2&quot;:0,&quot;3&quot;:3},{&quot;1&quot;:1,&quot;2&quot;:0,&quot;4&quot;:1}]},&quot;9&quot;:1,&quot;11&quot;:4,&quot;12&quot;:0,&quot;14&quot;:{&quot;1&quot;:3,&quot;3&quot;:1},&quot;15&quot;:&quot;Calibri&quot;,&quot;16&quot;:14}\">Ensemble de 7 cuill\u00e8res \u00e0 caf\u00e9 vintage en m\u00e9tal argent\u00e9 au design plut\u00f4t sobre.<\/span><\/p>\n<p>id\u00e9ales pour savourer vos caf\u00e9s, th\u00e9s et autres boissons chaudes, ou pour compl\u00e9ter votre service de table.<\/p>\n<p>Les cuill\u00e8res pr\u00e9sentent des traces d&rsquo;oxydation, mais vous pouvez facilement les sublimer en utilisant un m\u00e9lange d&rsquo;eau chaude et de liquide vaisselle, ou en utilisant du bicarbonate de soude.<\/p>\n<p>Ces m\u00e9thodes vous permettront de leur faire retrouver leur \u00e9clat d&rsquo;antan !<\/p>\n<p>LO 14,5 cm<\/p>\n","protected":false},"excerpt":{"rendered":"<p>Ensemble de 7 cuill\u00e8res \u00e0 caf\u00e9 vintage en m\u00e9tal argent\u00e9 au design plut\u00f4t sobre. id\u00e9ales pour savourer vos caf\u00e9s, th\u00e9s et autres boissons chaudes, ou pour compl\u00e9ter votre service de table. Les cuill\u00e8res pr\u00e9sentent des traces d&rsquo;oxydation, mais vous pouvez facilement les sublimer en utilisant un m\u00e9lange d&rsquo;eau chaude et de liquide vaisselle, ou en [&hellip;]<\/p>\n","protected":false},"featured_media":21401,"template":"","meta":{"site-sidebar-layout":"default","site-content-layout":"default","ast-site-content-layout":"default","site-content-style":"default","site-sidebar-style":"default","ast-global-header-display":"","ast-banner-title-visibility":"","ast-main-header-display":"","ast-hfb-above-header-display":"","ast-hfb-below-header-display":"","ast-hfb-mobile-header-display":"","site-post-title":"","ast-breadcrumbs-content":"","ast-featured-img":"","footer-sml-layout":"","ast-disable-related-posts":"","theme-transparent-header-meta":"default","adv-header-id-meta":"","stick-header-meta":"","header-above-stick-meta":"","header-main-stick-meta":"","header-below-stick-meta":"","astra-migrate-meta-layouts":"default","ast-page-background-enabled":"default","ast-page-background-meta":{"desktop":{"background-color":"var(--ast-global-color-4)","background-image":"","background-repeat":"repeat","background-position":"center center","background-size":"auto","background-attachment":"scroll","background-type":"","background-media":"","overlay-type":"","overlay-color":"","overlay-opacity":"","overlay-gradient":""},"tablet":{"background-color":"","background-image":"","background-repeat":"repeat","background-position":"center center","background-size":"auto","background-attachment":"scroll","background-type":"","background-media":"","overlay-type":"","overlay-color":"","overlay-opacity":"","overlay-gradient":""},"mobile":{"background-color":"","background-image":"","background-repeat":"repeat","background-position":"center center","background-size":"auto","background-attachment":"scroll","background-type":"","background-media":"","overlay-type":"","overlay-color":"","overlay-opacity":"","overlay-gradient":""}},"ast-content-background-meta":{"desktop":{"background-color":"var(--ast-global-color-5)","background-image":"","background-repeat":"repeat","background-position":"center center","background-size":"auto","background-attachment":"scroll","background-type":"","background-media":"","overlay-type":"","overlay-color":"","overlay-opacity":"","overlay-gradient":""},"tablet":{"background-color":"var(--ast-global-color-5)","background-image":"","background-repeat":"repeat","background-position":"center center","background-size":"auto","background-attachment":"scroll","background-type":"","background-media":"","overlay-type":"","overlay-color":"","overlay-opacity":"","overlay-gradient":""},"mobile":{"background-color":"var(--ast-global-color-5)","background-image":"","background-repeat":"repeat","background-position":"center center","background-size":"auto","background-attachment":"scroll","background-type":"","background-media":"","overlay-type":"","overlay-color":"","overlay-opacity":"","overlay-gradient":""}}},"product_cat":[3542,3558],"product_tag":[1197,1115,1456,1802,1518,1770,1011],"yoast_head":"<!-- This site is optimized with the Yoast SEO plugin v20.8 - https:\/\/yoast.com\/wordpress\/plugins\/seo\/ -->\n<title>7 Anciennes Cuill\u00e8res \u00e0 Caf\u00e9 Assorties en M\u00e9tal Argent\u00e9 - Vintage French Finds<\/title>\n<meta name=\"description\" content=\"The best of French vintage delivered to your doorstep direct from France : fashion, furniture, decoration, table art, curiosities, collections and art work.\" \/>\n<meta name=\"robots\" content=\"index, follow, max-snippet:-1, max-image-preview:large, max-video-preview:-1\" \/>\n<link rel=\"canonical\" href=\"https:\/\/vintagefrenchfinds.com\/en\/product\/7-anciennes-cuilleres-a-cafe-assorties-en-metal-argente\/\" \/>\n<meta property=\"og:locale\" content=\"en_GB\" \/>\n<meta property=\"og:type\" content=\"article\" \/>\n<meta property=\"og:title\" content=\"7 Anciennes Cuill\u00e8res \u00e0 Caf\u00e9 Assorties en M\u00e9tal Argent\u00e9 - Vintage French Finds\" \/>\n<meta property=\"og:description\" content=\"The best of French vintage delivered to your doorstep direct from France : fashion, furniture, decoration, table art, curiosities, collections and art work.\" \/>\n<meta property=\"og:url\" content=\"https:\/\/vintagefrenchfinds.com\/en\/product\/7-anciennes-cuilleres-a-cafe-assorties-en-metal-argente\/\" \/>\n<meta property=\"og:site_name\" content=\"Vintage French Finds\" \/>\n<meta property=\"article:modified_time\" content=\"2025-03-19T16:23:52+00:00\" \/>\n<meta property=\"og:image\" content=\"https:\/\/vintagefrenchfinds.com\/wp-content\/uploads\/2023\/07\/DSCN0901.jpg\" \/>\n\t<meta property=\"og:image:width\" content=\"556\" \/>\n\t<meta property=\"og:image:height\" content=\"849\" \/>\n\t<meta property=\"og:image:type\" content=\"image\/jpeg\" \/>\n<meta name=\"twitter:card\" content=\"summary_large_image\" \/>\n<meta name=\"twitter:label1\" content=\"Estimated reading time\" \/>\n\t<meta name=\"twitter:data1\" content=\"1 minute\" \/>\n<script type=\"application\/ld+json\" class=\"yoast-schema-graph\">{\"@context\":\"https:\/\/schema.org\",\"@graph\":[{\"@type\":\"WebPage\",\"@id\":\"https:\/\/vintagefrenchfinds.com\/product\/7-anciennes-cuilleres-a-cafe-assorties-en-metal-argente\",\"url\":\"https:\/\/vintagefrenchfinds.com\/product\/7-anciennes-cuilleres-a-cafe-assorties-en-metal-argente\",\"name\":\"7 Anciennes Cuill\u00e8res \u00e0 Caf\u00e9 Assorties en M\u00e9tal Argent\u00e9 - Vintage French Finds\",\"isPartOf\":{\"@id\":\"https:\/\/vintagefrenchfinds.com\/#website\"},\"datePublished\":\"2023-07-07T10:33:24+00:00\",\"dateModified\":\"2025-03-19T16:23:52+00:00\",\"description\":\"The best of French vintage delivered to your doorstep direct from France : fashion, furniture, decoration, table art, curiosities, collections and art work.\",\"breadcrumb\":{\"@id\":\"https:\/\/vintagefrenchfinds.com\/product\/7-anciennes-cuilleres-a-cafe-assorties-en-metal-argente#breadcrumb\"},\"inLanguage\":\"en-GB\",\"potentialAction\":[{\"@type\":\"ReadAction\",\"target\":[\"https:\/\/vintagefrenchfinds.com\/product\/7-anciennes-cuilleres-a-cafe-assorties-en-metal-argente\"]}]},{\"@type\":\"BreadcrumbList\",\"@id\":\"https:\/\/vintagefrenchfinds.com\/product\/7-anciennes-cuilleres-a-cafe-assorties-en-metal-argente#breadcrumb\",\"itemListElement\":[{\"@type\":\"ListItem\",\"position\":1,\"name\":\"Home\",\"item\":\"https:\/\/vintagefrenchfinds.com\/\"},{\"@type\":\"ListItem\",\"position\":2,\"name\":\"BOUTIQUE\",\"item\":\"https:\/\/vintagefrenchfinds.com\/shop\"},{\"@type\":\"ListItem\",\"position\":3,\"name\":\"7 Anciennes Cuill\u00e8res \u00e0 Caf\u00e9 Assorties en M\u00e9tal Argent\u00e9\"}]},{\"@type\":\"WebSite\",\"@id\":\"https:\/\/vintagefrenchfinds.com\/#website\",\"url\":\"https:\/\/vintagefrenchfinds.com\/\",\"name\":\"Vintage French Finds\",\"description\":\"The best of French vintage delivered to your doorstep direct from France : fashion, furniture, decoration, table art, curiosities, collections and art work.\",\"potentialAction\":[{\"@type\":\"SearchAction\",\"target\":{\"@type\":\"EntryPoint\",\"urlTemplate\":\"https:\/\/vintagefrenchfinds.com\/?s={search_term_string}\"},\"query-input\":\"required name=search_term_string\"}],\"inLanguage\":\"en-GB\"}]}<\/script>\n<!-- \/ Yoast SEO plugin. -->","yoast_head_json":{"title":"7 Anciennes Cuill\u00e8res \u00e0 Caf\u00e9 Assorties en M\u00e9tal Argent\u00e9 - Vintage French Finds","description":"The best of French vintage delivered to your doorstep direct from France : fashion, furniture, decoration, table art, curiosities, collections and art work.","robots":{"index":"index","follow":"follow","max-snippet":"max-snippet:-1","max-image-preview":"max-image-preview:large","max-video-preview":"max-video-preview:-1"},"canonical":"https:\/\/vintagefrenchfinds.com\/en\/product\/7-anciennes-cuilleres-a-cafe-assorties-en-metal-argente\/","og_locale":"en_GB","og_type":"article","og_title":"7 Anciennes Cuill\u00e8res \u00e0 Caf\u00e9 Assorties en M\u00e9tal Argent\u00e9 - Vintage French Finds","og_description":"The best of French vintage delivered to your doorstep direct from France : fashion, furniture, decoration, table art, curiosities, collections and art work.","og_url":"https:\/\/vintagefrenchfinds.com\/en\/product\/7-anciennes-cuilleres-a-cafe-assorties-en-metal-argente\/","og_site_name":"Vintage French Finds","article_modified_time":"2025-03-19T16:23:52+00:00","og_image":[{"width":556,"height":849,"url":"https:\/\/vintagefrenchfinds.com\/wp-content\/uploads\/2023\/07\/DSCN0901.jpg","type":"image\/jpeg"}],"twitter_card":"summary_large_image","twitter_misc":{"Estimated reading time":"1 minute"},"schema":{"@context":"https:\/\/schema.org","@graph":[{"@type":"WebPage","@id":"https:\/\/vintagefrenchfinds.com\/product\/7-anciennes-cuilleres-a-cafe-assorties-en-metal-argente","url":"https:\/\/vintagefrenchfinds.com\/product\/7-anciennes-cuilleres-a-cafe-assorties-en-metal-argente","name":"7 Anciennes Cuill\u00e8res \u00e0 Caf\u00e9 Assorties en M\u00e9tal Argent\u00e9 - Vintage French Finds","isPartOf":{"@id":"https:\/\/vintagefrenchfinds.com\/#website"},"datePublished":"2023-07-07T10:33:24+00:00","dateModified":"2025-03-19T16:23:52+00:00","description":"The best of French vintage delivered to your doorstep direct from France : fashion, furniture, decoration, table art, curiosities, collections and art work.","breadcrumb":{"@id":"https:\/\/vintagefrenchfinds.com\/product\/7-anciennes-cuilleres-a-cafe-assorties-en-metal-argente#breadcrumb"},"inLanguage":"en-GB","potentialAction":[{"@type":"ReadAction","target":["https:\/\/vintagefrenchfinds.com\/product\/7-anciennes-cuilleres-a-cafe-assorties-en-metal-argente"]}]},{"@type":"BreadcrumbList","@id":"https:\/\/vintagefrenchfinds.com\/product\/7-anciennes-cuilleres-a-cafe-assorties-en-metal-argente#breadcrumb","itemListElement":[{"@type":"ListItem","position":1,"name":"Home","item":"https:\/\/vintagefrenchfinds.com\/"},{"@type":"ListItem","position":2,"name":"BOUTIQUE","item":"https:\/\/vintagefrenchfinds.com\/shop"},{"@type":"ListItem","position":3,"name":"7 Anciennes Cuill\u00e8res \u00e0 Caf\u00e9 Assorties en M\u00e9tal Argent\u00e9"}]},{"@type":"WebSite","@id":"https:\/\/vintagefrenchfinds.com\/#website","url":"https:\/\/vintagefrenchfinds.com\/","name":"Vintage French Finds\u00a0","description":"The best of French vintage delivered to your doorstep direct from France : fashion, furniture, decoration, table art, curiosities, collections and art work.","potentialAction":[{"@type":"SearchAction","target":{"@type":"EntryPoint","urlTemplate":"https:\/\/vintagefrenchfinds.com\/?s={search_term_string}"},"query-input":"required name=search_term_string"}],"inLanguage":"en-GB"}]}},"post_mailing_queue_ids":[],"_links":{"self":[{"href":"https:\/\/vintagefrenchfinds.com\/en\/wp-json\/wp\/v2\/product\/21400"}],"collection":[{"href":"https:\/\/vintagefrenchfinds.com\/en\/wp-json\/wp\/v2\/product"}],"about":[{"href":"https:\/\/vintagefrenchfinds.com\/en\/wp-json\/wp\/v2\/types\/product"}],"wp:featuredmedia":[{"embeddable":true,"href":"https:\/\/vintagefrenchfinds.com\/en\/wp-json\/wp\/v2\/media\/21401"}],"wp:attachment":[{"href":"https:\/\/vintagefrenchfinds.com\/en\/wp-json\/wp\/v2\/media?parent=21400"}],"wp:term":[{"taxonomy":"product_cat","embeddable":true,"href":"https:\/\/vintagefrenchfinds.com\/en\/wp-json\/wp\/v2\/product_cat?post=21400"},{"taxonomy":"product_tag","embeddable":true,"href":"https:\/\/vintagefrenchfinds.com\/en\/wp-json\/wp\/v2\/product_tag?post=21400"}],"curies":[{"name":"wp","href":"https:\/\/api.w.org\/{rel}","templated":true}]}}