{"id":21411,"date":"2023-07-07T10:45:53","date_gmt":"2023-07-07T10:45:53","guid":{"rendered":"https:\/\/vintagefrenchfinds.com\/?post_type=product&#038;p=21411"},"modified":"2025-03-09T14:28:26","modified_gmt":"2025-03-09T14:28:26","slug":"22-anciennes-assiettes-plates-en-ceramique-blanche","status":"publish","type":"product","link":"https:\/\/vintagefrenchfinds.com\/en\/product\/22-anciennes-assiettes-plates-en-ceramique-blanche","title":{"rendered":"22 Anciennes Assiettes Plates en C\u00e9ramique Blanche"},"content":{"rendered":"<p><span data-sheets-value=\"{&quot;1&quot;:2,&quot;2&quot;:&quot;Ensemble de 22 assiettes plates vintage en c\u00e9ramique blanche, agr\u00e9ment\u00e9es d'un charmant pourtour floral en relief. \\n\\nCes assiettes seront id\u00e9ales pour les g\u00eetes, les chambres d'h\u00f4tes, les mariages et les services de traiteur, gr\u00e2ce \u00e0 leur design simple et \u00e9l\u00e9gant qui s'adapte \u00e0 tous les styles de d\u00e9coration. \\n\\nQue ce soit pour des occasions sp\u00e9ciales ou des repas quotidiens, elles ajouteront une atmosph\u00e8re raffin\u00e9e \u00e0 table. \\n\\nCe sont \u00e9galement d'excellents cadeaux de mariage ou de cr\u00e9maill\u00e8re appr\u00e9ci\u00e9s par les amateurs de vaisselle vintage et les passionn\u00e9s d'objets d'\u00e9poque.\\n\\nD 24,5 cm&quot;}\" data-sheets-userformat=\"{&quot;2&quot;:15221,&quot;3&quot;:{&quot;1&quot;:0},&quot;5&quot;:{&quot;1&quot;:[{&quot;1&quot;:2,&quot;2&quot;:0,&quot;5&quot;:{&quot;1&quot;:2,&quot;2&quot;:0}},{&quot;1&quot;:0,&quot;2&quot;:0,&quot;3&quot;:3},{&quot;1&quot;:1,&quot;2&quot;:0,&quot;4&quot;:1}]},&quot;7&quot;:{&quot;1&quot;:[{&quot;1&quot;:2,&quot;2&quot;:0,&quot;5&quot;:{&quot;1&quot;:2,&quot;2&quot;:0}},{&quot;1&quot;:0,&quot;2&quot;:0,&quot;3&quot;:3},{&quot;1&quot;:1,&quot;2&quot;:0,&quot;4&quot;:1}]},&quot;8&quot;:{&quot;1&quot;:[{&quot;1&quot;:2,&quot;2&quot;:0,&quot;5&quot;:{&quot;1&quot;:2,&quot;2&quot;:0}},{&quot;1&quot;:0,&quot;2&quot;:0,&quot;3&quot;:3},{&quot;1&quot;:1,&quot;2&quot;:0,&quot;4&quot;:1}]},&quot;9&quot;:1,&quot;11&quot;:4,&quot;12&quot;:0,&quot;14&quot;:{&quot;1&quot;:3,&quot;3&quot;:1},&quot;15&quot;:&quot;Calibri&quot;,&quot;16&quot;:14}\">Ensemble de 22 assiettes plates vintage en c\u00e9ramique blanche, agr\u00e9ment\u00e9es d&rsquo;un charmant pourtour floral en relief.<\/span><\/p>\n<p>Ces assiettes seront id\u00e9ales pour les g\u00eetes, les chambres d&rsquo;h\u00f4tes, les mariages et les services de traiteur, gr\u00e2ce \u00e0 leur design simple et \u00e9l\u00e9gant qui s&rsquo;adapte \u00e0 tous les styles de d\u00e9coration.<\/p>\n<p>Que ce soit pour des occasions sp\u00e9ciales ou des repas quotidiens, elles ajouteront une atmosph\u00e8re raffin\u00e9e \u00e0 table.<\/p>\n<p>Ce sont \u00e9galement d&rsquo;excellents cadeaux de mariage ou de cr\u00e9maill\u00e8re appr\u00e9ci\u00e9s par les amateurs de vaisselle vintage et les passionn\u00e9s d&rsquo;objets d&rsquo;\u00e9poque.<\/p>\n<p>D 24,5 cm<\/p>\n","protected":false},"excerpt":{"rendered":"<p>Ensemble de 22 assiettes plates vintage en c\u00e9ramique blanche, agr\u00e9ment\u00e9es d&rsquo;un charmant pourtour floral en relief. Ces assiettes seront id\u00e9ales pour les g\u00eetes, les chambres d&rsquo;h\u00f4tes, les mariages et les services de traiteur, gr\u00e2ce \u00e0 leur design simple et \u00e9l\u00e9gant qui s&rsquo;adapte \u00e0 tous les styles de d\u00e9coration. Que ce soit pour des occasions sp\u00e9ciales [&hellip;]<\/p>\n","protected":false},"featured_media":21412,"template":"","meta":{"site-sidebar-layout":"default","site-content-layout":"default","ast-site-content-layout":"default","site-content-style":"default","site-sidebar-style":"default","ast-global-header-display":"","ast-banner-title-visibility":"","ast-main-header-display":"","ast-hfb-above-header-display":"","ast-hfb-below-header-display":"","ast-hfb-mobile-header-display":"","site-post-title":"","ast-breadcrumbs-content":"","ast-featured-img":"","footer-sml-layout":"","ast-disable-related-posts":"","theme-transparent-header-meta":"default","adv-header-id-meta":"","stick-header-meta":"","header-above-stick-meta":"","header-main-stick-meta":"","header-below-stick-meta":"","astra-migrate-meta-layouts":"default","ast-page-background-enabled":"default","ast-page-background-meta":{"desktop":{"background-color":"var(--ast-global-color-4)","background-image":"","background-repeat":"repeat","background-position":"center center","background-size":"auto","background-attachment":"scroll","background-type":"","background-media":"","overlay-type":"","overlay-color":"","overlay-opacity":"","overlay-gradient":""},"tablet":{"background-color":"","background-image":"","background-repeat":"repeat","background-position":"center center","background-size":"auto","background-attachment":"scroll","background-type":"","background-media":"","overlay-type":"","overlay-color":"","overlay-opacity":"","overlay-gradient":""},"mobile":{"background-color":"","background-image":"","background-repeat":"repeat","background-position":"center center","background-size":"auto","background-attachment":"scroll","background-type":"","background-media":"","overlay-type":"","overlay-color":"","overlay-opacity":"","overlay-gradient":""}},"ast-content-background-meta":{"desktop":{"background-color":"var(--ast-global-color-5)","background-image":"","background-repeat":"repeat","background-position":"center center","background-size":"auto","background-attachment":"scroll","background-type":"","background-media":"","overlay-type":"","overlay-color":"","overlay-opacity":"","overlay-gradient":""},"tablet":{"background-color":"var(--ast-global-color-5)","background-image":"","background-repeat":"repeat","background-position":"center center","background-size":"auto","background-attachment":"scroll","background-type":"","background-media":"","overlay-type":"","overlay-color":"","overlay-opacity":"","overlay-gradient":""},"mobile":{"background-color":"var(--ast-global-color-5)","background-image":"","background-repeat":"repeat","background-position":"center center","background-size":"auto","background-attachment":"scroll","background-type":"","background-media":"","overlay-type":"","overlay-color":"","overlay-opacity":"","overlay-gradient":""}}},"product_cat":[3542,3544],"product_tag":[1197,1115,1845,1457,1578,1023,1920,1011],"yoast_head":"<!-- This site is optimized with the Yoast SEO plugin v20.8 - https:\/\/yoast.com\/wordpress\/plugins\/seo\/ -->\n<title>22 Anciennes Assiettes Plates en C\u00e9ramique Blanche - Vintage French Finds<\/title>\n<meta name=\"description\" content=\"The best of French vintage delivered to your doorstep direct from France : fashion, furniture, decoration, table art, curiosities, collections and art work.\" \/>\n<meta name=\"robots\" content=\"index, follow, max-snippet:-1, max-image-preview:large, max-video-preview:-1\" \/>\n<link rel=\"canonical\" href=\"https:\/\/vintagefrenchfinds.com\/en\/product\/22-anciennes-assiettes-plates-en-ceramique-blanche\/\" \/>\n<meta property=\"og:locale\" content=\"en_GB\" \/>\n<meta property=\"og:type\" content=\"article\" \/>\n<meta property=\"og:title\" content=\"22 Anciennes Assiettes Plates en C\u00e9ramique Blanche - Vintage French Finds\" \/>\n<meta property=\"og:description\" content=\"The best of French vintage delivered to your doorstep direct from France : fashion, furniture, decoration, table art, curiosities, collections and art work.\" \/>\n<meta property=\"og:url\" content=\"https:\/\/vintagefrenchfinds.com\/en\/product\/22-anciennes-assiettes-plates-en-ceramique-blanche\/\" \/>\n<meta property=\"og:site_name\" content=\"Vintage French Finds\" \/>\n<meta property=\"article:modified_time\" content=\"2025-03-09T14:28:26+00:00\" \/>\n<meta property=\"og:image\" content=\"https:\/\/vintagefrenchfinds.com\/wp-content\/uploads\/2023\/07\/DSCN0878.jpg\" \/>\n\t<meta property=\"og:image:width\" content=\"886\" \/>\n\t<meta property=\"og:image:height\" content=\"665\" \/>\n\t<meta property=\"og:image:type\" content=\"image\/jpeg\" \/>\n<meta name=\"twitter:card\" content=\"summary_large_image\" \/>\n<meta name=\"twitter:label1\" content=\"Estimated reading time\" \/>\n\t<meta name=\"twitter:data1\" content=\"1 minute\" \/>\n<script type=\"application\/ld+json\" class=\"yoast-schema-graph\">{\"@context\":\"https:\/\/schema.org\",\"@graph\":[{\"@type\":\"WebPage\",\"@id\":\"https:\/\/vintagefrenchfinds.com\/product\/22-anciennes-assiettes-plates-en-ceramique-blanche\",\"url\":\"https:\/\/vintagefrenchfinds.com\/product\/22-anciennes-assiettes-plates-en-ceramique-blanche\",\"name\":\"22 Anciennes Assiettes Plates en C\u00e9ramique Blanche - Vintage French Finds\",\"isPartOf\":{\"@id\":\"https:\/\/vintagefrenchfinds.com\/#website\"},\"datePublished\":\"2023-07-07T10:45:53+00:00\",\"dateModified\":\"2025-03-09T14:28:26+00:00\",\"description\":\"The best of French vintage delivered to your doorstep direct from France : fashion, furniture, decoration, table art, curiosities, collections and art work.\",\"breadcrumb\":{\"@id\":\"https:\/\/vintagefrenchfinds.com\/product\/22-anciennes-assiettes-plates-en-ceramique-blanche#breadcrumb\"},\"inLanguage\":\"en-GB\",\"potentialAction\":[{\"@type\":\"ReadAction\",\"target\":[\"https:\/\/vintagefrenchfinds.com\/product\/22-anciennes-assiettes-plates-en-ceramique-blanche\"]}]},{\"@type\":\"BreadcrumbList\",\"@id\":\"https:\/\/vintagefrenchfinds.com\/product\/22-anciennes-assiettes-plates-en-ceramique-blanche#breadcrumb\",\"itemListElement\":[{\"@type\":\"ListItem\",\"position\":1,\"name\":\"Home\",\"item\":\"https:\/\/vintagefrenchfinds.com\/\"},{\"@type\":\"ListItem\",\"position\":2,\"name\":\"BOUTIQUE\",\"item\":\"https:\/\/vintagefrenchfinds.com\/shop\"},{\"@type\":\"ListItem\",\"position\":3,\"name\":\"22 Anciennes Assiettes Plates en C\u00e9ramique Blanche\"}]},{\"@type\":\"WebSite\",\"@id\":\"https:\/\/vintagefrenchfinds.com\/#website\",\"url\":\"https:\/\/vintagefrenchfinds.com\/\",\"name\":\"Vintage French Finds\",\"description\":\"The best of French vintage delivered to your doorstep direct from France : fashion, furniture, decoration, table art, curiosities, collections and art work.\",\"potentialAction\":[{\"@type\":\"SearchAction\",\"target\":{\"@type\":\"EntryPoint\",\"urlTemplate\":\"https:\/\/vintagefrenchfinds.com\/?s={search_term_string}\"},\"query-input\":\"required name=search_term_string\"}],\"inLanguage\":\"en-GB\"}]}<\/script>\n<!-- \/ Yoast SEO plugin. -->","yoast_head_json":{"title":"22 Anciennes Assiettes Plates en C\u00e9ramique Blanche - Vintage French Finds","description":"The best of French vintage delivered to your doorstep direct from France : fashion, furniture, decoration, table art, curiosities, collections and art work.","robots":{"index":"index","follow":"follow","max-snippet":"max-snippet:-1","max-image-preview":"max-image-preview:large","max-video-preview":"max-video-preview:-1"},"canonical":"https:\/\/vintagefrenchfinds.com\/en\/product\/22-anciennes-assiettes-plates-en-ceramique-blanche\/","og_locale":"en_GB","og_type":"article","og_title":"22 Anciennes Assiettes Plates en C\u00e9ramique Blanche - Vintage French Finds","og_description":"The best of French vintage delivered to your doorstep direct from France : fashion, furniture, decoration, table art, curiosities, collections and art work.","og_url":"https:\/\/vintagefrenchfinds.com\/en\/product\/22-anciennes-assiettes-plates-en-ceramique-blanche\/","og_site_name":"Vintage French Finds","article_modified_time":"2025-03-09T14:28:26+00:00","og_image":[{"width":886,"height":665,"url":"https:\/\/vintagefrenchfinds.com\/wp-content\/uploads\/2023\/07\/DSCN0878.jpg","type":"image\/jpeg"}],"twitter_card":"summary_large_image","twitter_misc":{"Estimated reading time":"1 minute"},"schema":{"@context":"https:\/\/schema.org","@graph":[{"@type":"WebPage","@id":"https:\/\/vintagefrenchfinds.com\/product\/22-anciennes-assiettes-plates-en-ceramique-blanche","url":"https:\/\/vintagefrenchfinds.com\/product\/22-anciennes-assiettes-plates-en-ceramique-blanche","name":"22 Anciennes Assiettes Plates en C\u00e9ramique Blanche - Vintage French Finds","isPartOf":{"@id":"https:\/\/vintagefrenchfinds.com\/#website"},"datePublished":"2023-07-07T10:45:53+00:00","dateModified":"2025-03-09T14:28:26+00:00","description":"The best of French vintage delivered to your doorstep direct from France : fashion, furniture, decoration, table art, curiosities, collections and art work.","breadcrumb":{"@id":"https:\/\/vintagefrenchfinds.com\/product\/22-anciennes-assiettes-plates-en-ceramique-blanche#breadcrumb"},"inLanguage":"en-GB","potentialAction":[{"@type":"ReadAction","target":["https:\/\/vintagefrenchfinds.com\/product\/22-anciennes-assiettes-plates-en-ceramique-blanche"]}]},{"@type":"BreadcrumbList","@id":"https:\/\/vintagefrenchfinds.com\/product\/22-anciennes-assiettes-plates-en-ceramique-blanche#breadcrumb","itemListElement":[{"@type":"ListItem","position":1,"name":"Home","item":"https:\/\/vintagefrenchfinds.com\/"},{"@type":"ListItem","position":2,"name":"BOUTIQUE","item":"https:\/\/vintagefrenchfinds.com\/shop"},{"@type":"ListItem","position":3,"name":"22 Anciennes Assiettes Plates en C\u00e9ramique Blanche"}]},{"@type":"WebSite","@id":"https:\/\/vintagefrenchfinds.com\/#website","url":"https:\/\/vintagefrenchfinds.com\/","name":"Vintage French Finds\u00a0","description":"The best of French vintage delivered to your doorstep direct from France : fashion, furniture, decoration, table art, curiosities, collections and art work.","potentialAction":[{"@type":"SearchAction","target":{"@type":"EntryPoint","urlTemplate":"https:\/\/vintagefrenchfinds.com\/?s={search_term_string}"},"query-input":"required name=search_term_string"}],"inLanguage":"en-GB"}]}},"post_mailing_queue_ids":[],"_links":{"self":[{"href":"https:\/\/vintagefrenchfinds.com\/en\/wp-json\/wp\/v2\/product\/21411"}],"collection":[{"href":"https:\/\/vintagefrenchfinds.com\/en\/wp-json\/wp\/v2\/product"}],"about":[{"href":"https:\/\/vintagefrenchfinds.com\/en\/wp-json\/wp\/v2\/types\/product"}],"wp:featuredmedia":[{"embeddable":true,"href":"https:\/\/vintagefrenchfinds.com\/en\/wp-json\/wp\/v2\/media\/21412"}],"wp:attachment":[{"href":"https:\/\/vintagefrenchfinds.com\/en\/wp-json\/wp\/v2\/media?parent=21411"}],"wp:term":[{"taxonomy":"product_cat","embeddable":true,"href":"https:\/\/vintagefrenchfinds.com\/en\/wp-json\/wp\/v2\/product_cat?post=21411"},{"taxonomy":"product_tag","embeddable":true,"href":"https:\/\/vintagefrenchfinds.com\/en\/wp-json\/wp\/v2\/product_tag?post=21411"}],"curies":[{"name":"wp","href":"https:\/\/api.w.org\/{rel}","templated":true}]}}