{"id":21417,"date":"2023-07-07T10:50:35","date_gmt":"2023-07-07T10:50:35","guid":{"rendered":"https:\/\/vintagefrenchfinds.com\/?post_type=product&#038;p=21417"},"modified":"2025-03-17T16:06:05","modified_gmt":"2025-03-17T16:06:05","slug":"ancienne-assiette-terre-de-fer-artisans-j-vieillard-cie","status":"publish","type":"product","link":"https:\/\/vintagefrenchfinds.com\/en\/product\/ancienne-assiette-terre-de-fer-artisans-j-vieillard-cie","title":{"rendered":"Ancienne Assiette Terre de Fer \u00ab\u00a0Artisans\u00a0\u00bb J. Vieillard &#038; Cie"},"content":{"rendered":"<p><span data-sheets-value=\"{&quot;1&quot;:2,&quot;2&quot;:&quot;Assiette \u00e0 dessert \/ fromage vintage en terre de fer de J. Vieillard &amp; Cie pr\u00e9sentant dans un cadre fleuri, un artisan peignant les volets d\u2019une fen\u00eatre. \\n\\nEstampill\u00e9e de : \u201cS Artisans - JV.B - Terre de Fer \\&quot;\\n\\n J. Vieillard &amp; Cie \u00e9tait une entreprise artisanale renomm\u00e9e sp\u00e9cialis\u00e9e dans la production de c\u00e9ramiques et de fa\u00efences. Fond\u00e9e par Jules Vieillard au 19e si\u00e8cle \u00e0 Bordeaux, en France, l'entreprise s'est rapidement distingu\u00e9e par son savoir-faire exceptionnel et ses cr\u00e9ations de grande qualit\u00e9.\\n\\n Les artisans de J. Vieillard &amp; Cie ont d\u00e9velopp\u00e9 des techniques innovantes pour la cr\u00e9ation de motifs et de d\u00e9cors sur leurs pi\u00e8ces, ce qui leur a valu une reconnaissance internationale. Au fil des ann\u00e9es, l'entreprise a continu\u00e9 \u00e0 prosp\u00e9rer et \u00e0 se perfectionner, devenant une r\u00e9f\u00e9rence dans le domaine de la c\u00e9ramique artistique. \\n\\nAujourd'hui, les \u0153uvres de J. Vieillard &amp; Cie sont hautement pris\u00e9es par les collectionneurs et les amateurs d'art du monde entier. \\n\\nQue ce soit pour des occasions sp\u00e9ciales ou des repas quotidiens, cette assiette sera un v\u00e9ritable plaisir pour les yeux et pour les papilles lors de vos moments gourmands. \\n\\nDe plus, elle peut \u00eatre associ\u00e9e \u00e0 d'autres assiettes pour cr\u00e9er une table d\u00e9pareill\u00e9e !\\nVendu dans son jus avec t\u00e2ches visibles dans les photos.\\n\\nD 21,5 cm\\n&quot;}\" data-sheets-userformat=\"{&quot;2&quot;:15229,&quot;3&quot;:{&quot;1&quot;:0},&quot;5&quot;:{&quot;1&quot;:[{&quot;1&quot;:2,&quot;2&quot;:0,&quot;5&quot;:{&quot;1&quot;:2,&quot;2&quot;:0}},{&quot;1&quot;:0,&quot;2&quot;:0,&quot;3&quot;:3},{&quot;1&quot;:1,&quot;2&quot;:0,&quot;4&quot;:1}]},&quot;6&quot;:{&quot;1&quot;:[{&quot;1&quot;:2,&quot;2&quot;:0,&quot;5&quot;:{&quot;1&quot;:2,&quot;2&quot;:0}},{&quot;1&quot;:0,&quot;2&quot;:0,&quot;3&quot;:3},{&quot;1&quot;:1,&quot;2&quot;:0,&quot;4&quot;:1}]},&quot;7&quot;:{&quot;1&quot;:[{&quot;1&quot;:2,&quot;2&quot;:0,&quot;5&quot;:{&quot;1&quot;:2,&quot;2&quot;:0}},{&quot;1&quot;:0,&quot;2&quot;:0,&quot;3&quot;:3},{&quot;1&quot;:1,&quot;2&quot;:0,&quot;4&quot;:1}]},&quot;8&quot;:{&quot;1&quot;:[{&quot;1&quot;:2,&quot;2&quot;:0,&quot;5&quot;:{&quot;1&quot;:2,&quot;2&quot;:0}},{&quot;1&quot;:0,&quot;2&quot;:0,&quot;3&quot;:3},{&quot;1&quot;:1,&quot;2&quot;:0,&quot;4&quot;:1}]},&quot;9&quot;:1,&quot;11&quot;:4,&quot;12&quot;:0,&quot;14&quot;:{&quot;1&quot;:3,&quot;3&quot;:1},&quot;15&quot;:&quot;Calibri&quot;,&quot;16&quot;:14}\">Assiette \u00e0 dessert \/ fromage vintage en terre de fer de J. Vieillard &amp; Cie pr\u00e9sentant dans un cadre fleuri, un artisan peignant les volets d\u2019une fen\u00eatre.<\/span><\/p>\n<p>Estampill\u00e9e de : \u201cS Artisans &#8211; JV.B &#8211; Terre de Fer \u00a0\u00bb<\/p>\n<p>J. Vieillard &amp; Cie \u00e9tait une entreprise artisanale renomm\u00e9e sp\u00e9cialis\u00e9e dans la production de c\u00e9ramiques et de fa\u00efences. Fond\u00e9e par Jules Vieillard au 19e si\u00e8cle \u00e0 Bordeaux, en France, l&rsquo;entreprise s&rsquo;est rapidement distingu\u00e9e par son savoir-faire exceptionnel et ses cr\u00e9ations de grande qualit\u00e9.<\/p>\n<p>Les artisans de J. Vieillard &amp; Cie ont d\u00e9velopp\u00e9 des techniques innovantes pour la cr\u00e9ation de motifs et de d\u00e9cors sur leurs pi\u00e8ces, ce qui leur a valu une reconnaissance internationale. Au fil des ann\u00e9es, l&rsquo;entreprise a continu\u00e9 \u00e0 prosp\u00e9rer et \u00e0 se perfectionner, devenant une r\u00e9f\u00e9rence dans le domaine de la c\u00e9ramique artistique.<\/p>\n<p>Aujourd&rsquo;hui, les \u0153uvres de J. Vieillard &amp; Cie sont hautement pris\u00e9es par les collectionneurs et les amateurs d&rsquo;art du monde entier.<\/p>\n<p>Que ce soit pour des occasions sp\u00e9ciales ou des repas quotidiens, cette assiette sera un v\u00e9ritable plaisir pour les yeux et pour les papilles lors de vos moments gourmands.<\/p>\n<p>De plus, elle peut \u00eatre associ\u00e9e \u00e0 d&rsquo;autres assiettes pour cr\u00e9er une table d\u00e9pareill\u00e9e !<br \/>\nVendu dans son jus avec t\u00e2ches visibles dans les photos.<\/p>\n<p>D 21,5 cm<\/p>\n","protected":false},"excerpt":{"rendered":"<p>Assiette \u00e0 dessert \/ fromage vintage en terre de fer de J. Vieillard &amp; Cie pr\u00e9sentant dans un cadre fleuri, un artisan peignant les volets d\u2019une fen\u00eatre. Estampill\u00e9e de : \u201cS Artisans &#8211; JV.B &#8211; Terre de Fer \u00a0\u00bb J. Vieillard &amp; Cie \u00e9tait une entreprise artisanale renomm\u00e9e sp\u00e9cialis\u00e9e dans la production de c\u00e9ramiques et [&hellip;]<\/p>\n","protected":false},"featured_media":21418,"template":"","meta":{"site-sidebar-layout":"default","site-content-layout":"default","ast-site-content-layout":"default","site-content-style":"default","site-sidebar-style":"default","ast-global-header-display":"","ast-banner-title-visibility":"","ast-main-header-display":"","ast-hfb-above-header-display":"","ast-hfb-below-header-display":"","ast-hfb-mobile-header-display":"","site-post-title":"","ast-breadcrumbs-content":"","ast-featured-img":"","footer-sml-layout":"","ast-disable-related-posts":"","theme-transparent-header-meta":"default","adv-header-id-meta":"","stick-header-meta":"","header-above-stick-meta":"","header-main-stick-meta":"","header-below-stick-meta":"","astra-migrate-meta-layouts":"default","ast-page-background-enabled":"default","ast-page-background-meta":{"desktop":{"background-color":"var(--ast-global-color-4)","background-image":"","background-repeat":"repeat","background-position":"center center","background-size":"auto","background-attachment":"scroll","background-type":"","background-media":"","overlay-type":"","overlay-color":"","overlay-opacity":"","overlay-gradient":""},"tablet":{"background-color":"","background-image":"","background-repeat":"repeat","background-position":"center center","background-size":"auto","background-attachment":"scroll","background-type":"","background-media":"","overlay-type":"","overlay-color":"","overlay-opacity":"","overlay-gradient":""},"mobile":{"background-color":"","background-image":"","background-repeat":"repeat","background-position":"center center","background-size":"auto","background-attachment":"scroll","background-type":"","background-media":"","overlay-type":"","overlay-color":"","overlay-opacity":"","overlay-gradient":""}},"ast-content-background-meta":{"desktop":{"background-color":"var(--ast-global-color-5)","background-image":"","background-repeat":"repeat","background-position":"center center","background-size":"auto","background-attachment":"scroll","background-type":"","background-media":"","overlay-type":"","overlay-color":"","overlay-opacity":"","overlay-gradient":""},"tablet":{"background-color":"var(--ast-global-color-5)","background-image":"","background-repeat":"repeat","background-position":"center center","background-size":"auto","background-attachment":"scroll","background-type":"","background-media":"","overlay-type":"","overlay-color":"","overlay-opacity":"","overlay-gradient":""},"mobile":{"background-color":"var(--ast-global-color-5)","background-image":"","background-repeat":"repeat","background-position":"center center","background-size":"auto","background-attachment":"scroll","background-type":"","background-media":"","overlay-type":"","overlay-color":"","overlay-opacity":"","overlay-gradient":""}}},"product_cat":[3542,3546],"product_tag":[1197,1115,1845,1501,1229,1920,1159,1011],"yoast_head":"<!-- This site is optimized with the Yoast SEO plugin v20.8 - https:\/\/yoast.com\/wordpress\/plugins\/seo\/ -->\n<title>Ancienne Assiette Terre de Fer &quot;Artisans&quot; J. Vieillard &amp; Cie - Vintage French Finds<\/title>\n<meta name=\"description\" content=\"The best of French vintage delivered to your doorstep direct from France : fashion, furniture, decoration, table art, curiosities, collections and art work.\" \/>\n<meta name=\"robots\" content=\"index, follow, max-snippet:-1, max-image-preview:large, max-video-preview:-1\" \/>\n<link rel=\"canonical\" href=\"https:\/\/vintagefrenchfinds.com\/en\/product\/ancienne-assiette-terre-de-fer-artisans-j-vieillard-cie\/\" \/>\n<meta property=\"og:locale\" content=\"en_GB\" \/>\n<meta property=\"og:type\" content=\"article\" \/>\n<meta property=\"og:title\" content=\"Ancienne Assiette Terre de Fer &quot;Artisans&quot; J. Vieillard &amp; Cie - Vintage French Finds\" \/>\n<meta property=\"og:description\" content=\"The best of French vintage delivered to your doorstep direct from France : fashion, furniture, decoration, table art, curiosities, collections and art work.\" \/>\n<meta property=\"og:url\" content=\"https:\/\/vintagefrenchfinds.com\/en\/product\/ancienne-assiette-terre-de-fer-artisans-j-vieillard-cie\/\" \/>\n<meta property=\"og:site_name\" content=\"Vintage French Finds\" \/>\n<meta property=\"article:modified_time\" content=\"2025-03-17T16:06:05+00:00\" \/>\n<meta property=\"og:image\" content=\"https:\/\/vintagefrenchfinds.com\/wp-content\/uploads\/2023\/07\/DSCN0920.jpg\" \/>\n\t<meta property=\"og:image:width\" content=\"886\" \/>\n\t<meta property=\"og:image:height\" content=\"665\" \/>\n\t<meta property=\"og:image:type\" content=\"image\/jpeg\" \/>\n<meta name=\"twitter:card\" content=\"summary_large_image\" \/>\n<meta name=\"twitter:label1\" content=\"Estimated reading time\" \/>\n\t<meta name=\"twitter:data1\" content=\"1 minute\" \/>\n<script type=\"application\/ld+json\" class=\"yoast-schema-graph\">{\"@context\":\"https:\/\/schema.org\",\"@graph\":[{\"@type\":\"WebPage\",\"@id\":\"https:\/\/vintagefrenchfinds.com\/product\/ancienne-assiette-terre-de-fer-artisans-j-vieillard-cie\",\"url\":\"https:\/\/vintagefrenchfinds.com\/product\/ancienne-assiette-terre-de-fer-artisans-j-vieillard-cie\",\"name\":\"Ancienne Assiette Terre de Fer \\\"Artisans\\\" J. Vieillard & Cie - Vintage French Finds\",\"isPartOf\":{\"@id\":\"https:\/\/vintagefrenchfinds.com\/#website\"},\"datePublished\":\"2023-07-07T10:50:35+00:00\",\"dateModified\":\"2025-03-17T16:06:05+00:00\",\"description\":\"The best of French vintage delivered to your doorstep direct from France : fashion, furniture, decoration, table art, curiosities, collections and art work.\",\"breadcrumb\":{\"@id\":\"https:\/\/vintagefrenchfinds.com\/product\/ancienne-assiette-terre-de-fer-artisans-j-vieillard-cie#breadcrumb\"},\"inLanguage\":\"en-GB\",\"potentialAction\":[{\"@type\":\"ReadAction\",\"target\":[\"https:\/\/vintagefrenchfinds.com\/product\/ancienne-assiette-terre-de-fer-artisans-j-vieillard-cie\"]}]},{\"@type\":\"BreadcrumbList\",\"@id\":\"https:\/\/vintagefrenchfinds.com\/product\/ancienne-assiette-terre-de-fer-artisans-j-vieillard-cie#breadcrumb\",\"itemListElement\":[{\"@type\":\"ListItem\",\"position\":1,\"name\":\"Home\",\"item\":\"https:\/\/vintagefrenchfinds.com\/\"},{\"@type\":\"ListItem\",\"position\":2,\"name\":\"BOUTIQUE\",\"item\":\"https:\/\/vintagefrenchfinds.com\/shop\"},{\"@type\":\"ListItem\",\"position\":3,\"name\":\"Ancienne Assiette Terre de Fer \u00ab\u00a0Artisans\u00a0\u00bb J. Vieillard &#038; Cie\"}]},{\"@type\":\"WebSite\",\"@id\":\"https:\/\/vintagefrenchfinds.com\/#website\",\"url\":\"https:\/\/vintagefrenchfinds.com\/\",\"name\":\"Vintage French Finds\",\"description\":\"The best of French vintage delivered to your doorstep direct from France : fashion, furniture, decoration, table art, curiosities, collections and art work.\",\"potentialAction\":[{\"@type\":\"SearchAction\",\"target\":{\"@type\":\"EntryPoint\",\"urlTemplate\":\"https:\/\/vintagefrenchfinds.com\/?s={search_term_string}\"},\"query-input\":\"required name=search_term_string\"}],\"inLanguage\":\"en-GB\"}]}<\/script>\n<!-- \/ Yoast SEO plugin. -->","yoast_head_json":{"title":"Ancienne Assiette Terre de Fer \"Artisans\" J. Vieillard & Cie - Vintage French Finds","description":"The best of French vintage delivered to your doorstep direct from France : fashion, furniture, decoration, table art, curiosities, collections and art work.","robots":{"index":"index","follow":"follow","max-snippet":"max-snippet:-1","max-image-preview":"max-image-preview:large","max-video-preview":"max-video-preview:-1"},"canonical":"https:\/\/vintagefrenchfinds.com\/en\/product\/ancienne-assiette-terre-de-fer-artisans-j-vieillard-cie\/","og_locale":"en_GB","og_type":"article","og_title":"Ancienne Assiette Terre de Fer \"Artisans\" J. Vieillard & Cie - Vintage French Finds","og_description":"The best of French vintage delivered to your doorstep direct from France : fashion, furniture, decoration, table art, curiosities, collections and art work.","og_url":"https:\/\/vintagefrenchfinds.com\/en\/product\/ancienne-assiette-terre-de-fer-artisans-j-vieillard-cie\/","og_site_name":"Vintage French Finds","article_modified_time":"2025-03-17T16:06:05+00:00","og_image":[{"width":886,"height":665,"url":"https:\/\/vintagefrenchfinds.com\/wp-content\/uploads\/2023\/07\/DSCN0920.jpg","type":"image\/jpeg"}],"twitter_card":"summary_large_image","twitter_misc":{"Estimated reading time":"1 minute"},"schema":{"@context":"https:\/\/schema.org","@graph":[{"@type":"WebPage","@id":"https:\/\/vintagefrenchfinds.com\/product\/ancienne-assiette-terre-de-fer-artisans-j-vieillard-cie","url":"https:\/\/vintagefrenchfinds.com\/product\/ancienne-assiette-terre-de-fer-artisans-j-vieillard-cie","name":"Ancienne Assiette Terre de Fer \"Artisans\" J. Vieillard & Cie - Vintage French Finds","isPartOf":{"@id":"https:\/\/vintagefrenchfinds.com\/#website"},"datePublished":"2023-07-07T10:50:35+00:00","dateModified":"2025-03-17T16:06:05+00:00","description":"The best of French vintage delivered to your doorstep direct from France : fashion, furniture, decoration, table art, curiosities, collections and art work.","breadcrumb":{"@id":"https:\/\/vintagefrenchfinds.com\/product\/ancienne-assiette-terre-de-fer-artisans-j-vieillard-cie#breadcrumb"},"inLanguage":"en-GB","potentialAction":[{"@type":"ReadAction","target":["https:\/\/vintagefrenchfinds.com\/product\/ancienne-assiette-terre-de-fer-artisans-j-vieillard-cie"]}]},{"@type":"BreadcrumbList","@id":"https:\/\/vintagefrenchfinds.com\/product\/ancienne-assiette-terre-de-fer-artisans-j-vieillard-cie#breadcrumb","itemListElement":[{"@type":"ListItem","position":1,"name":"Home","item":"https:\/\/vintagefrenchfinds.com\/"},{"@type":"ListItem","position":2,"name":"BOUTIQUE","item":"https:\/\/vintagefrenchfinds.com\/shop"},{"@type":"ListItem","position":3,"name":"Ancienne Assiette Terre de Fer \u00ab\u00a0Artisans\u00a0\u00bb J. Vieillard &#038; Cie"}]},{"@type":"WebSite","@id":"https:\/\/vintagefrenchfinds.com\/#website","url":"https:\/\/vintagefrenchfinds.com\/","name":"Vintage French Finds\u00a0","description":"The best of French vintage delivered to your doorstep direct from France : fashion, furniture, decoration, table art, curiosities, collections and art work.","potentialAction":[{"@type":"SearchAction","target":{"@type":"EntryPoint","urlTemplate":"https:\/\/vintagefrenchfinds.com\/?s={search_term_string}"},"query-input":"required name=search_term_string"}],"inLanguage":"en-GB"}]}},"post_mailing_queue_ids":[],"_links":{"self":[{"href":"https:\/\/vintagefrenchfinds.com\/en\/wp-json\/wp\/v2\/product\/21417"}],"collection":[{"href":"https:\/\/vintagefrenchfinds.com\/en\/wp-json\/wp\/v2\/product"}],"about":[{"href":"https:\/\/vintagefrenchfinds.com\/en\/wp-json\/wp\/v2\/types\/product"}],"wp:featuredmedia":[{"embeddable":true,"href":"https:\/\/vintagefrenchfinds.com\/en\/wp-json\/wp\/v2\/media\/21418"}],"wp:attachment":[{"href":"https:\/\/vintagefrenchfinds.com\/en\/wp-json\/wp\/v2\/media?parent=21417"}],"wp:term":[{"taxonomy":"product_cat","embeddable":true,"href":"https:\/\/vintagefrenchfinds.com\/en\/wp-json\/wp\/v2\/product_cat?post=21417"},{"taxonomy":"product_tag","embeddable":true,"href":"https:\/\/vintagefrenchfinds.com\/en\/wp-json\/wp\/v2\/product_tag?post=21417"}],"curies":[{"name":"wp","href":"https:\/\/api.w.org\/{rel}","templated":true}]}}