{"id":21632,"date":"2023-07-07T15:36:59","date_gmt":"2023-07-07T15:36:59","guid":{"rendered":"https:\/\/vintagefrenchfinds.com\/?post_type=product&#038;p=21632"},"modified":"2025-03-19T15:58:19","modified_gmt":"2025-03-19T15:58:19","slug":"ancienne-soupiere-en-faience-saargemund-strassburg","status":"publish","type":"product","link":"https:\/\/vintagefrenchfinds.com\/en\/product\/ancienne-soupiere-en-faience-saargemund-strassburg","title":{"rendered":"Ancienne Soupi\u00e8re en Fa\u00efence Saargemund Strassburg"},"content":{"rendered":"<p><span data-sheets-value=\"{&quot;1&quot;:2,&quot;2&quot;:&quot;Magnifique soupi\u00e8re vintage originaire de Strasbourg, en fa\u00efence blanche de Saargem\u00fcnd, orn\u00e9e d'un d\u00e9licat d\u00e9cor floral et de bordures rouges. Son couvercle assorti est dot\u00e9 d'une poign\u00e9e en forme de cerise, ajoutant une note insolite \u00e0 l'ensemble.\\n \\nEstampill\u00e9e en dessous de : Saargem\u00fcnd - Fayence Kupferstich - Strassburg - handausgemalt\\n \\nSaargem\u00fcnd, \u00e9galement connue sous le nom de Sarreguemines en fran\u00e7ais est une production c\u00e9ramique qui s'est d\u00e9velopp\u00e9e de 1790 \u00e0 2007 dans la ville de Sarreguemines en Lorraine. La r\u00e9putation de la fa\u00efence de Sarreguemines n'est plus \u00e0 faire. En deux si\u00e8cles, la petite industrie familiale n\u00e9e \u00e0 la R\u00e9volution a fait du chemin. Paul Utzschneider et Paul de Geiger ont propuls\u00e9 la petite ville au tout premier rang de l'industrie fa\u00efenci\u00e8re. De nombreuses pi\u00e8ces gaies et color\u00e9es sont propos\u00e9es partout dans le monde : vases, cache-pots, fresques murales, chemin\u00e9es...\\n \\nPratique et \u00e9l\u00e9gante, cette potag\u00e8re sera id\u00e9ale pour servir de d\u00e9licieuses soupes et plats mijot\u00e9s.\\n \\nQue ce soit pour une occasion sp\u00e9ciale ou simplement pour raviver votre amour de la vaisselle d'antan, elle apportera une atmosph\u00e8re nostalgique et chaleureuse \u00e0 vos repas en famille ou entre amis.\\n \\nUn tr\u00e8s beau cadeau pour les amateurs de vaisselle d'antan et les passionn\u00e9s de la c\u00e9ramique.&quot;}\" data-sheets-userformat=\"{&quot;2&quot;:13181,&quot;3&quot;:{&quot;1&quot;:0},&quot;5&quot;:{&quot;1&quot;:[{&quot;1&quot;:2,&quot;2&quot;:0,&quot;5&quot;:{&quot;1&quot;:2,&quot;2&quot;:0}},{&quot;1&quot;:0,&quot;2&quot;:0,&quot;3&quot;:3},{&quot;1&quot;:1,&quot;2&quot;:0,&quot;4&quot;:1}]},&quot;6&quot;:{&quot;1&quot;:[{&quot;1&quot;:2,&quot;2&quot;:0,&quot;5&quot;:{&quot;1&quot;:2,&quot;2&quot;:0}},{&quot;1&quot;:0,&quot;2&quot;:0,&quot;3&quot;:3},{&quot;1&quot;:1,&quot;2&quot;:0,&quot;4&quot;:1}]},&quot;7&quot;:{&quot;1&quot;:[{&quot;1&quot;:2,&quot;2&quot;:0,&quot;5&quot;:{&quot;1&quot;:2,&quot;2&quot;:0}},{&quot;1&quot;:0,&quot;2&quot;:0,&quot;3&quot;:3},{&quot;1&quot;:1,&quot;2&quot;:0,&quot;4&quot;:1}]},&quot;8&quot;:{&quot;1&quot;:[{&quot;1&quot;:2,&quot;2&quot;:0,&quot;5&quot;:{&quot;1&quot;:2,&quot;2&quot;:0}},{&quot;1&quot;:0,&quot;2&quot;:0,&quot;3&quot;:3},{&quot;1&quot;:1,&quot;2&quot;:0,&quot;4&quot;:1}]},&quot;9&quot;:1,&quot;11&quot;:4,&quot;12&quot;:0,&quot;15&quot;:&quot;Cambria&quot;,&quot;16&quot;:14}\">Magnifique soupi\u00e8re vintage originaire de Strasbourg, en fa\u00efence blanche de Saargem\u00fcnd, orn\u00e9e d&rsquo;un d\u00e9licat d\u00e9cor floral et de bordures rouges. Son couvercle assorti est dot\u00e9 d&rsquo;une poign\u00e9e en forme de cerise, ajoutant une note insolite \u00e0 l&rsquo;ensemble.<\/span><\/p>\n<p>Estampill\u00e9e en dessous de : Saargem\u00fcnd &#8211; Fayence Kupferstich &#8211; Strassburg &#8211; handausgemalt<\/p>\n<p>Saargem\u00fcnd, \u00e9galement connue sous le nom de Sarreguemines en fran\u00e7ais est une production c\u00e9ramique qui s&rsquo;est d\u00e9velopp\u00e9e de 1790 \u00e0 2007 dans la ville de Sarreguemines en Lorraine. La r\u00e9putation de la fa\u00efence de Sarreguemines n&rsquo;est plus \u00e0 faire. En deux si\u00e8cles, la petite industrie familiale n\u00e9e \u00e0 la R\u00e9volution a fait du chemin. Paul Utzschneider et Paul de Geiger ont propuls\u00e9 la petite ville au tout premier rang de l&rsquo;industrie fa\u00efenci\u00e8re. De nombreuses pi\u00e8ces gaies et color\u00e9es sont propos\u00e9es partout dans le monde : vases, cache-pots, fresques murales, chemin\u00e9es&#8230;<\/p>\n<p>Pratique et \u00e9l\u00e9gante, cette potag\u00e8re sera id\u00e9ale pour servir de d\u00e9licieuses soupes et plats mijot\u00e9s.<\/p>\n<p>Que ce soit pour une occasion sp\u00e9ciale ou simplement pour raviver votre amour de la vaisselle d&rsquo;antan, elle apportera une atmosph\u00e8re nostalgique et chaleureuse \u00e0 vos repas en famille ou entre amis.<\/p>\n<p>Un tr\u00e8s beau cadeau pour les amateurs de vaisselle d&rsquo;antan et les passionn\u00e9s de la c\u00e9ramique.<\/p>\n","protected":false},"excerpt":{"rendered":"<p>Magnifique soupi\u00e8re vintage originaire de Strasbourg, en fa\u00efence blanche de Saargem\u00fcnd, orn\u00e9e d&rsquo;un d\u00e9licat d\u00e9cor floral et de bordures rouges. Son couvercle assorti est dot\u00e9 d&rsquo;une poign\u00e9e en forme de cerise, ajoutant une note insolite \u00e0 l&rsquo;ensemble. Estampill\u00e9e en dessous de : Saargem\u00fcnd &#8211; Fayence Kupferstich &#8211; Strassburg &#8211; handausgemalt Saargem\u00fcnd, \u00e9galement connue sous le [&hellip;]<\/p>\n","protected":false},"featured_media":21633,"template":"","meta":{"site-sidebar-layout":"default","site-content-layout":"default","ast-site-content-layout":"default","site-content-style":"default","site-sidebar-style":"default","ast-global-header-display":"","ast-banner-title-visibility":"","ast-main-header-display":"","ast-hfb-above-header-display":"","ast-hfb-below-header-display":"","ast-hfb-mobile-header-display":"","site-post-title":"","ast-breadcrumbs-content":"","ast-featured-img":"","footer-sml-layout":"","ast-disable-related-posts":"","theme-transparent-header-meta":"default","adv-header-id-meta":"","stick-header-meta":"","header-above-stick-meta":"","header-main-stick-meta":"","header-below-stick-meta":"","astra-migrate-meta-layouts":"default","ast-page-background-enabled":"default","ast-page-background-meta":{"desktop":{"background-color":"var(--ast-global-color-4)","background-image":"","background-repeat":"repeat","background-position":"center center","background-size":"auto","background-attachment":"scroll","background-type":"","background-media":"","overlay-type":"","overlay-color":"","overlay-opacity":"","overlay-gradient":""},"tablet":{"background-color":"","background-image":"","background-repeat":"repeat","background-position":"center center","background-size":"auto","background-attachment":"scroll","background-type":"","background-media":"","overlay-type":"","overlay-color":"","overlay-opacity":"","overlay-gradient":""},"mobile":{"background-color":"","background-image":"","background-repeat":"repeat","background-position":"center center","background-size":"auto","background-attachment":"scroll","background-type":"","background-media":"","overlay-type":"","overlay-color":"","overlay-opacity":"","overlay-gradient":""}},"ast-content-background-meta":{"desktop":{"background-color":"var(--ast-global-color-5)","background-image":"","background-repeat":"repeat","background-position":"center center","background-size":"auto","background-attachment":"scroll","background-type":"","background-media":"","overlay-type":"","overlay-color":"","overlay-opacity":"","overlay-gradient":""},"tablet":{"background-color":"var(--ast-global-color-5)","background-image":"","background-repeat":"repeat","background-position":"center center","background-size":"auto","background-attachment":"scroll","background-type":"","background-media":"","overlay-type":"","overlay-color":"","overlay-opacity":"","overlay-gradient":""},"mobile":{"background-color":"var(--ast-global-color-5)","background-image":"","background-repeat":"repeat","background-position":"center center","background-size":"auto","background-attachment":"scroll","background-type":"","background-media":"","overlay-type":"","overlay-color":"","overlay-opacity":"","overlay-gradient":""}}},"product_cat":[3542,3550],"product_tag":[1197,1115,1920,1174,1158,1155,1157,1011],"yoast_head":"<!-- This site is optimized with the Yoast SEO plugin v20.8 - https:\/\/yoast.com\/wordpress\/plugins\/seo\/ -->\n<title>Ancienne Soupi\u00e8re en Fa\u00efence Saargemund Strassburg - Vintage French Finds<\/title>\n<meta name=\"description\" content=\"The best of French vintage delivered to your doorstep direct from France : fashion, furniture, decoration, table art, curiosities, collections and art work.\" \/>\n<meta name=\"robots\" content=\"index, follow, max-snippet:-1, max-image-preview:large, max-video-preview:-1\" \/>\n<link rel=\"canonical\" href=\"https:\/\/vintagefrenchfinds.com\/en\/product\/ancienne-soupiere-en-faience-saargemund-strassburg\/\" \/>\n<meta property=\"og:locale\" content=\"en_GB\" \/>\n<meta property=\"og:type\" content=\"article\" \/>\n<meta property=\"og:title\" content=\"Ancienne Soupi\u00e8re en Fa\u00efence Saargemund Strassburg - Vintage French Finds\" \/>\n<meta property=\"og:description\" content=\"The best of French vintage delivered to your doorstep direct from France : fashion, furniture, decoration, table art, curiosities, collections and art work.\" \/>\n<meta property=\"og:url\" content=\"https:\/\/vintagefrenchfinds.com\/en\/product\/ancienne-soupiere-en-faience-saargemund-strassburg\/\" \/>\n<meta property=\"og:site_name\" content=\"Vintage French Finds\" \/>\n<meta property=\"article:modified_time\" content=\"2025-03-19T15:58:19+00:00\" \/>\n<meta property=\"og:image\" content=\"https:\/\/vintagefrenchfinds.com\/wp-content\/uploads\/2023\/07\/DSCN0844.jpg\" \/>\n\t<meta property=\"og:image:width\" content=\"769\" \/>\n\t<meta property=\"og:image:height\" content=\"633\" \/>\n\t<meta property=\"og:image:type\" content=\"image\/jpeg\" \/>\n<meta name=\"twitter:card\" content=\"summary_large_image\" \/>\n<meta name=\"twitter:label1\" content=\"Estimated reading time\" \/>\n\t<meta name=\"twitter:data1\" content=\"1 minute\" \/>\n<script type=\"application\/ld+json\" class=\"yoast-schema-graph\">{\"@context\":\"https:\/\/schema.org\",\"@graph\":[{\"@type\":\"WebPage\",\"@id\":\"https:\/\/vintagefrenchfinds.com\/product\/ancienne-soupiere-en-faience-saargemund-strassburg\",\"url\":\"https:\/\/vintagefrenchfinds.com\/product\/ancienne-soupiere-en-faience-saargemund-strassburg\",\"name\":\"Ancienne Soupi\u00e8re en Fa\u00efence Saargemund Strassburg - Vintage French Finds\",\"isPartOf\":{\"@id\":\"https:\/\/vintagefrenchfinds.com\/#website\"},\"datePublished\":\"2023-07-07T15:36:59+00:00\",\"dateModified\":\"2025-03-19T15:58:19+00:00\",\"description\":\"The best of French vintage delivered to your doorstep direct from France : fashion, furniture, decoration, table art, curiosities, collections and art work.\",\"breadcrumb\":{\"@id\":\"https:\/\/vintagefrenchfinds.com\/product\/ancienne-soupiere-en-faience-saargemund-strassburg#breadcrumb\"},\"inLanguage\":\"en-GB\",\"potentialAction\":[{\"@type\":\"ReadAction\",\"target\":[\"https:\/\/vintagefrenchfinds.com\/product\/ancienne-soupiere-en-faience-saargemund-strassburg\"]}]},{\"@type\":\"BreadcrumbList\",\"@id\":\"https:\/\/vintagefrenchfinds.com\/product\/ancienne-soupiere-en-faience-saargemund-strassburg#breadcrumb\",\"itemListElement\":[{\"@type\":\"ListItem\",\"position\":1,\"name\":\"Home\",\"item\":\"https:\/\/vintagefrenchfinds.com\/\"},{\"@type\":\"ListItem\",\"position\":2,\"name\":\"BOUTIQUE\",\"item\":\"https:\/\/vintagefrenchfinds.com\/shop\"},{\"@type\":\"ListItem\",\"position\":3,\"name\":\"Ancienne Soupi\u00e8re en Fa\u00efence Saargemund Strassburg\"}]},{\"@type\":\"WebSite\",\"@id\":\"https:\/\/vintagefrenchfinds.com\/#website\",\"url\":\"https:\/\/vintagefrenchfinds.com\/\",\"name\":\"Vintage French Finds\",\"description\":\"The best of French vintage delivered to your doorstep direct from France : fashion, furniture, decoration, table art, curiosities, collections and art work.\",\"potentialAction\":[{\"@type\":\"SearchAction\",\"target\":{\"@type\":\"EntryPoint\",\"urlTemplate\":\"https:\/\/vintagefrenchfinds.com\/?s={search_term_string}\"},\"query-input\":\"required name=search_term_string\"}],\"inLanguage\":\"en-GB\"}]}<\/script>\n<!-- \/ Yoast SEO plugin. -->","yoast_head_json":{"title":"Ancienne Soupi\u00e8re en Fa\u00efence Saargemund Strassburg - Vintage French Finds","description":"The best of French vintage delivered to your doorstep direct from France : fashion, furniture, decoration, table art, curiosities, collections and art work.","robots":{"index":"index","follow":"follow","max-snippet":"max-snippet:-1","max-image-preview":"max-image-preview:large","max-video-preview":"max-video-preview:-1"},"canonical":"https:\/\/vintagefrenchfinds.com\/en\/product\/ancienne-soupiere-en-faience-saargemund-strassburg\/","og_locale":"en_GB","og_type":"article","og_title":"Ancienne Soupi\u00e8re en Fa\u00efence Saargemund Strassburg - Vintage French Finds","og_description":"The best of French vintage delivered to your doorstep direct from France : fashion, furniture, decoration, table art, curiosities, collections and art work.","og_url":"https:\/\/vintagefrenchfinds.com\/en\/product\/ancienne-soupiere-en-faience-saargemund-strassburg\/","og_site_name":"Vintage French Finds","article_modified_time":"2025-03-19T15:58:19+00:00","og_image":[{"width":769,"height":633,"url":"https:\/\/vintagefrenchfinds.com\/wp-content\/uploads\/2023\/07\/DSCN0844.jpg","type":"image\/jpeg"}],"twitter_card":"summary_large_image","twitter_misc":{"Estimated reading time":"1 minute"},"schema":{"@context":"https:\/\/schema.org","@graph":[{"@type":"WebPage","@id":"https:\/\/vintagefrenchfinds.com\/product\/ancienne-soupiere-en-faience-saargemund-strassburg","url":"https:\/\/vintagefrenchfinds.com\/product\/ancienne-soupiere-en-faience-saargemund-strassburg","name":"Ancienne Soupi\u00e8re en Fa\u00efence Saargemund Strassburg - Vintage French Finds","isPartOf":{"@id":"https:\/\/vintagefrenchfinds.com\/#website"},"datePublished":"2023-07-07T15:36:59+00:00","dateModified":"2025-03-19T15:58:19+00:00","description":"The best of French vintage delivered to your doorstep direct from France : fashion, furniture, decoration, table art, curiosities, collections and art work.","breadcrumb":{"@id":"https:\/\/vintagefrenchfinds.com\/product\/ancienne-soupiere-en-faience-saargemund-strassburg#breadcrumb"},"inLanguage":"en-GB","potentialAction":[{"@type":"ReadAction","target":["https:\/\/vintagefrenchfinds.com\/product\/ancienne-soupiere-en-faience-saargemund-strassburg"]}]},{"@type":"BreadcrumbList","@id":"https:\/\/vintagefrenchfinds.com\/product\/ancienne-soupiere-en-faience-saargemund-strassburg#breadcrumb","itemListElement":[{"@type":"ListItem","position":1,"name":"Home","item":"https:\/\/vintagefrenchfinds.com\/"},{"@type":"ListItem","position":2,"name":"BOUTIQUE","item":"https:\/\/vintagefrenchfinds.com\/shop"},{"@type":"ListItem","position":3,"name":"Ancienne Soupi\u00e8re en Fa\u00efence Saargemund Strassburg"}]},{"@type":"WebSite","@id":"https:\/\/vintagefrenchfinds.com\/#website","url":"https:\/\/vintagefrenchfinds.com\/","name":"Vintage French Finds\u00a0","description":"The best of French vintage delivered to your doorstep direct from France : fashion, furniture, decoration, table art, curiosities, collections and art work.","potentialAction":[{"@type":"SearchAction","target":{"@type":"EntryPoint","urlTemplate":"https:\/\/vintagefrenchfinds.com\/?s={search_term_string}"},"query-input":"required name=search_term_string"}],"inLanguage":"en-GB"}]}},"post_mailing_queue_ids":[],"_links":{"self":[{"href":"https:\/\/vintagefrenchfinds.com\/en\/wp-json\/wp\/v2\/product\/21632"}],"collection":[{"href":"https:\/\/vintagefrenchfinds.com\/en\/wp-json\/wp\/v2\/product"}],"about":[{"href":"https:\/\/vintagefrenchfinds.com\/en\/wp-json\/wp\/v2\/types\/product"}],"wp:featuredmedia":[{"embeddable":true,"href":"https:\/\/vintagefrenchfinds.com\/en\/wp-json\/wp\/v2\/media\/21633"}],"wp:attachment":[{"href":"https:\/\/vintagefrenchfinds.com\/en\/wp-json\/wp\/v2\/media?parent=21632"}],"wp:term":[{"taxonomy":"product_cat","embeddable":true,"href":"https:\/\/vintagefrenchfinds.com\/en\/wp-json\/wp\/v2\/product_cat?post=21632"},{"taxonomy":"product_tag","embeddable":true,"href":"https:\/\/vintagefrenchfinds.com\/en\/wp-json\/wp\/v2\/product_tag?post=21632"}],"curies":[{"name":"wp","href":"https:\/\/api.w.org\/{rel}","templated":true}]}}