{"id":21650,"date":"2023-07-07T15:50:47","date_gmt":"2023-07-07T15:50:47","guid":{"rendered":"https:\/\/vintagefrenchfinds.com\/?post_type=product&#038;p=21650"},"modified":"2025-03-11T21:21:36","modified_gmt":"2025-03-11T21:21:36","slug":"ancien-pot-a-pharmacie-flacon-apothicaire-alcoolat-melissae-c","status":"publish","type":"product","link":"https:\/\/vintagefrenchfinds.com\/en\/product\/ancien-pot-a-pharmacie-flacon-apothicaire-alcoolat-melissae-c","title":{"rendered":"Ancien Pot \u00e0 Pharmacie \/ Flacon Apothicaire Alcoolat Melissae C"},"content":{"rendered":"<p><span data-sheets-value=\"{&quot;1&quot;:2,&quot;2&quot;:&quot;V\u00e9ritable flacon de pharmacie vintage en verre, avec un capuchon en t\u00f4le autrefois peinte.\\n \\nIl poss\u00e8de une \u00e9tiquette aux bordures noires et dor\u00e9es jaunies par le temps, sur laquelle il est \u00e9crit \\&quot;Alcoolat Melissae C\\&quot;.\\n \\nL'alcoolat Melissae C est un extrait d'alcool de m\u00e9lisse officinale, connue pour ses propri\u00e9t\u00e9s calmantes et relaxantes. Il est utilis\u00e9 pour favoriser le sommeil, r\u00e9duire l'anxi\u00e9t\u00e9, soulager les troubles digestifs et apporter une sensation de bien-\u00eatre.\\n \\nCe flacon d'apothicaire a conserv\u00e9 les traces de son v\u00e9cu, mais il a toute sa place dans un cabinet de curiosit\u00e9 et ajoutera une touche d\u00e9licieusement r\u00e9tro \u00e0 votre int\u00e9rieur.&quot;}\" data-sheets-userformat=\"{&quot;2&quot;:15229,&quot;3&quot;:{&quot;1&quot;:0},&quot;5&quot;:{&quot;1&quot;:[{&quot;1&quot;:2,&quot;2&quot;:0,&quot;5&quot;:{&quot;1&quot;:2,&quot;2&quot;:0}},{&quot;1&quot;:0,&quot;2&quot;:0,&quot;3&quot;:3},{&quot;1&quot;:1,&quot;2&quot;:0,&quot;4&quot;:1}]},&quot;6&quot;:{&quot;1&quot;:[{&quot;1&quot;:2,&quot;2&quot;:0,&quot;5&quot;:{&quot;1&quot;:2,&quot;2&quot;:0}},{&quot;1&quot;:0,&quot;2&quot;:0,&quot;3&quot;:3},{&quot;1&quot;:1,&quot;2&quot;:0,&quot;4&quot;:1}]},&quot;7&quot;:{&quot;1&quot;:[{&quot;1&quot;:2,&quot;2&quot;:0,&quot;5&quot;:{&quot;1&quot;:2,&quot;2&quot;:0}},{&quot;1&quot;:0,&quot;2&quot;:0,&quot;3&quot;:3},{&quot;1&quot;:1,&quot;2&quot;:0,&quot;4&quot;:1}]},&quot;8&quot;:{&quot;1&quot;:[{&quot;1&quot;:2,&quot;2&quot;:0,&quot;5&quot;:{&quot;1&quot;:2,&quot;2&quot;:0}},{&quot;1&quot;:0,&quot;2&quot;:0,&quot;3&quot;:3},{&quot;1&quot;:1,&quot;2&quot;:0,&quot;4&quot;:1}]},&quot;9&quot;:1,&quot;11&quot;:4,&quot;12&quot;:0,&quot;14&quot;:{&quot;1&quot;:3,&quot;3&quot;:1},&quot;15&quot;:&quot;Calibri&quot;,&quot;16&quot;:14}\">V\u00e9ritable flacon de pharmacie vintage en verre, avec un capuchon en t\u00f4le autrefois peinte.<\/span><\/p>\n<p>Il poss\u00e8de une \u00e9tiquette aux bordures noires et dor\u00e9es jaunies par le temps, sur laquelle il est \u00e9crit \u00ab\u00a0Alcoolat Melissae C\u00a0\u00bb.<\/p>\n<p>L&rsquo;alcoolat Melissae C est un extrait d&rsquo;alcool de m\u00e9lisse officinale, connue pour ses propri\u00e9t\u00e9s calmantes et relaxantes. Il est utilis\u00e9 pour favoriser le sommeil, r\u00e9duire l&rsquo;anxi\u00e9t\u00e9, soulager les troubles digestifs et apporter une sensation de bien-\u00eatre.<\/p>\n<p>Ce flacon d&rsquo;apothicaire a conserv\u00e9 les traces de son v\u00e9cu, mais il a toute sa place dans un cabinet de curiosit\u00e9 et ajoutera une touche d\u00e9licieusement r\u00e9tro \u00e0 votre int\u00e9rieur.<\/p>\n<p>H 24 cm<\/p>\n","protected":false},"excerpt":{"rendered":"<p>V\u00e9ritable flacon de pharmacie vintage en verre, avec un capuchon en t\u00f4le autrefois peinte. Il poss\u00e8de une \u00e9tiquette aux bordures noires et dor\u00e9es jaunies par le temps, sur laquelle il est \u00e9crit \u00ab\u00a0Alcoolat Melissae C\u00a0\u00bb. L&rsquo;alcoolat Melissae C est un extrait d&rsquo;alcool de m\u00e9lisse officinale, connue pour ses propri\u00e9t\u00e9s calmantes et relaxantes. Il est utilis\u00e9 [&hellip;]<\/p>\n","protected":false},"featured_media":21651,"template":"","meta":{"site-sidebar-layout":"default","site-content-layout":"default","ast-site-content-layout":"default","site-content-style":"default","site-sidebar-style":"default","ast-global-header-display":"","ast-banner-title-visibility":"","ast-main-header-display":"","ast-hfb-above-header-display":"","ast-hfb-below-header-display":"","ast-hfb-mobile-header-display":"","site-post-title":"","ast-breadcrumbs-content":"","ast-featured-img":"","footer-sml-layout":"","ast-disable-related-posts":"","theme-transparent-header-meta":"default","adv-header-id-meta":"","stick-header-meta":"","header-above-stick-meta":"","header-main-stick-meta":"","header-below-stick-meta":"","astra-migrate-meta-layouts":"default","ast-page-background-enabled":"default","ast-page-background-meta":{"desktop":{"background-color":"var(--ast-global-color-4)","background-image":"","background-repeat":"repeat","background-position":"center center","background-size":"auto","background-attachment":"scroll","background-type":"","background-media":"","overlay-type":"","overlay-color":"","overlay-opacity":"","overlay-gradient":""},"tablet":{"background-color":"","background-image":"","background-repeat":"repeat","background-position":"center center","background-size":"auto","background-attachment":"scroll","background-type":"","background-media":"","overlay-type":"","overlay-color":"","overlay-opacity":"","overlay-gradient":""},"mobile":{"background-color":"","background-image":"","background-repeat":"repeat","background-position":"center center","background-size":"auto","background-attachment":"scroll","background-type":"","background-media":"","overlay-type":"","overlay-color":"","overlay-opacity":"","overlay-gradient":""}},"ast-content-background-meta":{"desktop":{"background-color":"var(--ast-global-color-5)","background-image":"","background-repeat":"repeat","background-position":"center center","background-size":"auto","background-attachment":"scroll","background-type":"","background-media":"","overlay-type":"","overlay-color":"","overlay-opacity":"","overlay-gradient":""},"tablet":{"background-color":"var(--ast-global-color-5)","background-image":"","background-repeat":"repeat","background-position":"center center","background-size":"auto","background-attachment":"scroll","background-type":"","background-media":"","overlay-type":"","overlay-color":"","overlay-opacity":"","overlay-gradient":""},"mobile":{"background-color":"var(--ast-global-color-5)","background-image":"","background-repeat":"repeat","background-position":"center center","background-size":"auto","background-attachment":"scroll","background-type":"","background-media":"","overlay-type":"","overlay-color":"","overlay-opacity":"","overlay-gradient":""}}},"product_cat":[3575,3580],"product_tag":[1197,3483,2465,2537,2536,2503,1454,1011],"yoast_head":"<!-- This site is optimized with the Yoast SEO plugin v20.8 - https:\/\/yoast.com\/wordpress\/plugins\/seo\/ -->\n<title>Ancien Pot \u00e0 Pharmacie \/ Flacon Apothicaire Alcoolat Melissae C - Vintage French Finds<\/title>\n<meta name=\"description\" content=\"The best of French vintage delivered to your doorstep direct from France : fashion, furniture, decoration, table art, curiosities, collections and art work.\" \/>\n<meta name=\"robots\" content=\"index, follow, max-snippet:-1, max-image-preview:large, max-video-preview:-1\" \/>\n<link rel=\"canonical\" href=\"https:\/\/vintagefrenchfinds.com\/en\/product\/ancien-pot-a-pharmacie-flacon-apothicaire-alcoolat-melissae-c\/\" \/>\n<meta property=\"og:locale\" content=\"en_GB\" \/>\n<meta property=\"og:type\" content=\"article\" \/>\n<meta property=\"og:title\" content=\"Ancien Pot \u00e0 Pharmacie \/ Flacon Apothicaire Alcoolat Melissae C - Vintage French Finds\" \/>\n<meta property=\"og:description\" content=\"The best of French vintage delivered to your doorstep direct from France : fashion, furniture, decoration, table art, curiosities, collections and art work.\" \/>\n<meta property=\"og:url\" content=\"https:\/\/vintagefrenchfinds.com\/en\/product\/ancien-pot-a-pharmacie-flacon-apothicaire-alcoolat-melissae-c\/\" \/>\n<meta property=\"og:site_name\" content=\"Vintage French Finds\" \/>\n<meta property=\"article:modified_time\" content=\"2025-03-11T21:21:36+00:00\" \/>\n<meta property=\"og:image\" content=\"https:\/\/vintagefrenchfinds.com\/wp-content\/uploads\/2023\/07\/DSCN0962.jpg\" \/>\n\t<meta property=\"og:image:width\" content=\"628\" \/>\n\t<meta property=\"og:image:height\" content=\"968\" \/>\n\t<meta property=\"og:image:type\" content=\"image\/jpeg\" \/>\n<meta name=\"twitter:card\" content=\"summary_large_image\" \/>\n<meta name=\"twitter:label1\" content=\"Estimated reading time\" \/>\n\t<meta name=\"twitter:data1\" content=\"1 minute\" \/>\n<script type=\"application\/ld+json\" class=\"yoast-schema-graph\">{\"@context\":\"https:\/\/schema.org\",\"@graph\":[{\"@type\":\"WebPage\",\"@id\":\"https:\/\/vintagefrenchfinds.com\/product\/ancien-pot-a-pharmacie-flacon-apothicaire-alcoolat-melissae-c\",\"url\":\"https:\/\/vintagefrenchfinds.com\/product\/ancien-pot-a-pharmacie-flacon-apothicaire-alcoolat-melissae-c\",\"name\":\"Ancien Pot \u00e0 Pharmacie \/ Flacon Apothicaire Alcoolat Melissae C - Vintage French Finds\",\"isPartOf\":{\"@id\":\"https:\/\/vintagefrenchfinds.com\/#website\"},\"datePublished\":\"2023-07-07T15:50:47+00:00\",\"dateModified\":\"2025-03-11T21:21:36+00:00\",\"description\":\"The best of French vintage delivered to your doorstep direct from France : fashion, furniture, decoration, table art, curiosities, collections and art work.\",\"breadcrumb\":{\"@id\":\"https:\/\/vintagefrenchfinds.com\/product\/ancien-pot-a-pharmacie-flacon-apothicaire-alcoolat-melissae-c#breadcrumb\"},\"inLanguage\":\"en-GB\",\"potentialAction\":[{\"@type\":\"ReadAction\",\"target\":[\"https:\/\/vintagefrenchfinds.com\/product\/ancien-pot-a-pharmacie-flacon-apothicaire-alcoolat-melissae-c\"]}]},{\"@type\":\"BreadcrumbList\",\"@id\":\"https:\/\/vintagefrenchfinds.com\/product\/ancien-pot-a-pharmacie-flacon-apothicaire-alcoolat-melissae-c#breadcrumb\",\"itemListElement\":[{\"@type\":\"ListItem\",\"position\":1,\"name\":\"Home\",\"item\":\"https:\/\/vintagefrenchfinds.com\/\"},{\"@type\":\"ListItem\",\"position\":2,\"name\":\"BOUTIQUE\",\"item\":\"https:\/\/vintagefrenchfinds.com\/shop\"},{\"@type\":\"ListItem\",\"position\":3,\"name\":\"Ancien Pot \u00e0 Pharmacie \/ Flacon Apothicaire Alcoolat Melissae C\"}]},{\"@type\":\"WebSite\",\"@id\":\"https:\/\/vintagefrenchfinds.com\/#website\",\"url\":\"https:\/\/vintagefrenchfinds.com\/\",\"name\":\"Vintage French Finds\",\"description\":\"The best of French vintage delivered to your doorstep direct from France : fashion, furniture, decoration, table art, curiosities, collections and art work.\",\"potentialAction\":[{\"@type\":\"SearchAction\",\"target\":{\"@type\":\"EntryPoint\",\"urlTemplate\":\"https:\/\/vintagefrenchfinds.com\/?s={search_term_string}\"},\"query-input\":\"required name=search_term_string\"}],\"inLanguage\":\"en-GB\"}]}<\/script>\n<!-- \/ Yoast SEO plugin. -->","yoast_head_json":{"title":"Ancien Pot \u00e0 Pharmacie \/ Flacon Apothicaire Alcoolat Melissae C - Vintage French Finds","description":"The best of French vintage delivered to your doorstep direct from France : fashion, furniture, decoration, table art, curiosities, collections and art work.","robots":{"index":"index","follow":"follow","max-snippet":"max-snippet:-1","max-image-preview":"max-image-preview:large","max-video-preview":"max-video-preview:-1"},"canonical":"https:\/\/vintagefrenchfinds.com\/en\/product\/ancien-pot-a-pharmacie-flacon-apothicaire-alcoolat-melissae-c\/","og_locale":"en_GB","og_type":"article","og_title":"Ancien Pot \u00e0 Pharmacie \/ Flacon Apothicaire Alcoolat Melissae C - Vintage French Finds","og_description":"The best of French vintage delivered to your doorstep direct from France : fashion, furniture, decoration, table art, curiosities, collections and art work.","og_url":"https:\/\/vintagefrenchfinds.com\/en\/product\/ancien-pot-a-pharmacie-flacon-apothicaire-alcoolat-melissae-c\/","og_site_name":"Vintage French Finds","article_modified_time":"2025-03-11T21:21:36+00:00","og_image":[{"width":628,"height":968,"url":"https:\/\/vintagefrenchfinds.com\/wp-content\/uploads\/2023\/07\/DSCN0962.jpg","type":"image\/jpeg"}],"twitter_card":"summary_large_image","twitter_misc":{"Estimated reading time":"1 minute"},"schema":{"@context":"https:\/\/schema.org","@graph":[{"@type":"WebPage","@id":"https:\/\/vintagefrenchfinds.com\/product\/ancien-pot-a-pharmacie-flacon-apothicaire-alcoolat-melissae-c","url":"https:\/\/vintagefrenchfinds.com\/product\/ancien-pot-a-pharmacie-flacon-apothicaire-alcoolat-melissae-c","name":"Ancien Pot \u00e0 Pharmacie \/ Flacon Apothicaire Alcoolat Melissae C - Vintage French Finds","isPartOf":{"@id":"https:\/\/vintagefrenchfinds.com\/#website"},"datePublished":"2023-07-07T15:50:47+00:00","dateModified":"2025-03-11T21:21:36+00:00","description":"The best of French vintage delivered to your doorstep direct from France : fashion, furniture, decoration, table art, curiosities, collections and art work.","breadcrumb":{"@id":"https:\/\/vintagefrenchfinds.com\/product\/ancien-pot-a-pharmacie-flacon-apothicaire-alcoolat-melissae-c#breadcrumb"},"inLanguage":"en-GB","potentialAction":[{"@type":"ReadAction","target":["https:\/\/vintagefrenchfinds.com\/product\/ancien-pot-a-pharmacie-flacon-apothicaire-alcoolat-melissae-c"]}]},{"@type":"BreadcrumbList","@id":"https:\/\/vintagefrenchfinds.com\/product\/ancien-pot-a-pharmacie-flacon-apothicaire-alcoolat-melissae-c#breadcrumb","itemListElement":[{"@type":"ListItem","position":1,"name":"Home","item":"https:\/\/vintagefrenchfinds.com\/"},{"@type":"ListItem","position":2,"name":"BOUTIQUE","item":"https:\/\/vintagefrenchfinds.com\/shop"},{"@type":"ListItem","position":3,"name":"Ancien Pot \u00e0 Pharmacie \/ Flacon Apothicaire Alcoolat Melissae C"}]},{"@type":"WebSite","@id":"https:\/\/vintagefrenchfinds.com\/#website","url":"https:\/\/vintagefrenchfinds.com\/","name":"Vintage French Finds\u00a0","description":"The best of French vintage delivered to your doorstep direct from France : fashion, furniture, decoration, table art, curiosities, collections and art work.","potentialAction":[{"@type":"SearchAction","target":{"@type":"EntryPoint","urlTemplate":"https:\/\/vintagefrenchfinds.com\/?s={search_term_string}"},"query-input":"required name=search_term_string"}],"inLanguage":"en-GB"}]}},"post_mailing_queue_ids":[],"_links":{"self":[{"href":"https:\/\/vintagefrenchfinds.com\/en\/wp-json\/wp\/v2\/product\/21650"}],"collection":[{"href":"https:\/\/vintagefrenchfinds.com\/en\/wp-json\/wp\/v2\/product"}],"about":[{"href":"https:\/\/vintagefrenchfinds.com\/en\/wp-json\/wp\/v2\/types\/product"}],"wp:featuredmedia":[{"embeddable":true,"href":"https:\/\/vintagefrenchfinds.com\/en\/wp-json\/wp\/v2\/media\/21651"}],"wp:attachment":[{"href":"https:\/\/vintagefrenchfinds.com\/en\/wp-json\/wp\/v2\/media?parent=21650"}],"wp:term":[{"taxonomy":"product_cat","embeddable":true,"href":"https:\/\/vintagefrenchfinds.com\/en\/wp-json\/wp\/v2\/product_cat?post=21650"},{"taxonomy":"product_tag","embeddable":true,"href":"https:\/\/vintagefrenchfinds.com\/en\/wp-json\/wp\/v2\/product_tag?post=21650"}],"curies":[{"name":"wp","href":"https:\/\/api.w.org\/{rel}","templated":true}]}}