{"id":22100,"date":"2023-07-27T15:19:16","date_gmt":"2023-07-27T15:19:16","guid":{"rendered":"https:\/\/vintagefrenchfinds.com\/?post_type=product&#038;p=22100"},"modified":"2025-03-17T08:36:09","modified_gmt":"2025-03-17T08:36:09","slug":"ancienne-table-bouillotte-style-louis-xvi","status":"publish","type":"product","link":"https:\/\/vintagefrenchfinds.com\/en\/product\/ancienne-table-bouillotte-style-louis-xvi","title":{"rendered":"Ancienne Table Bouillotte Style Louis XVI"},"content":{"rendered":"<p><span style=\"font-weight: 400;\">Table bouillotte\/ gu\u00e9ridon de bouillotte \u00e0 roulettes vintage en bois massif (merisier\u00a0?)<\/span><\/p>\n<p><span style=\"font-weight: 400;\">Elle se compose de :\u00a0<\/span><\/p>\n<p><span style=\"font-weight: 400;\">&#8211; Un plateau rond de marbre blanc (ou imitation marbre) ceintur\u00e9 d\u2019une galerie de laiton.<\/span><\/p>\n<p><span style=\"font-weight: 400;\">&#8211; Un pi\u00e8tement fusel\u00e9 cannel\u00e9 avec une tablette d\u2019entrejambe.<\/span><\/p>\n<p><span style=\"font-weight: 400;\">&#8211; des roulettes<\/span><\/p>\n<p><span style=\"font-weight: 400;\">&#8211; Un petit tiroir (non fonctionnel)<\/span><\/p>\n<p><span style=\"font-weight: 400;\">La table bouillotte tire son nom du jeu de la \u00ab\u00a0bouillotte\u00a0\u00bb, une sorte de version de poker tr\u00e8s appr\u00e9ci\u00e9e sous le r\u00e8gne de Louis XVI. <\/span><span style=\"font-weight: 400;\">Au fil du temps, cette table a travers\u00e9 tous les styles et perdur\u00e9 bien au-del\u00e0 de l&rsquo;\u00e9poque de Louis XVI.\u00a0<\/span><\/p>\n<p><span style=\"font-weight: 400;\">Au XIXe si\u00e8cle, elle \u00e9tait toujours pr\u00e9sente dans les int\u00e9rieurs des hauts fonctionnaires et de la bourgeoisie, agr\u00e9ment\u00e9e fr\u00e9quemment de petits objets d\u00e9coratifs.<\/span><\/p>\n<p><span style=\"font-weight: 400;\">\u00c0 la fois fonctionnelle et d\u00e9corative, ce petit meuble rond peut \u00eatre utilis\u00e9 comme table d&rsquo;appoint dans le salon, dans une chambre ou pour accueillir une lampe ou un objet de d\u00e9coration.<\/span><\/p>\n<p><span style=\"font-weight: 400;\">Parfaite pour apporter une touche de charme et de sophistication \u00e0 votre int\u00e9rieur.<\/span><\/p>\n<p><span style=\"font-weight: 400;\">Bon \u00e9tat g\u00e9n\u00e9ral, cependant, on peut observer quelques traces d&rsquo;usure sur le bois.<\/span><\/p>\n<p><span style=\"font-weight: 400;\"><br \/>\nD 50,5 x h 55 cm<\/span><\/p>","protected":false},"excerpt":{"rendered":"<p>Table bouillotte\/ gu\u00e9ridon de bouillotte \u00e0 roulettes vintage en bois massif (merisier\u00a0?) Elle se compose de :\u00a0 &#8211; Un plateau rond de marbre blanc (ou imitation marbre) ceintur\u00e9 d\u2019une galerie de laiton. &#8211; Un pi\u00e8tement fusel\u00e9 cannel\u00e9 avec une tablette d\u2019entrejambe. &#8211; des roulettes &#8211; Un petit tiroir (non fonctionnel) La table bouillotte tire son [&hellip;]<\/p>\n","protected":false},"featured_media":22101,"template":"","meta":{"site-sidebar-layout":"default","site-content-layout":"default","ast-site-content-layout":"default","site-content-style":"default","site-sidebar-style":"default","ast-global-header-display":"","ast-banner-title-visibility":"","ast-main-header-display":"","ast-hfb-above-header-display":"","ast-hfb-below-header-display":"","ast-hfb-mobile-header-display":"","site-post-title":"","ast-breadcrumbs-content":"","ast-featured-img":"","footer-sml-layout":"","ast-disable-related-posts":"","theme-transparent-header-meta":"default","adv-header-id-meta":"","stick-header-meta":"","header-above-stick-meta":"","header-main-stick-meta":"","header-below-stick-meta":"","astra-migrate-meta-layouts":"default","ast-page-background-enabled":"default","ast-page-background-meta":{"desktop":{"background-color":"var(--ast-global-color-4)","background-image":"","background-repeat":"repeat","background-position":"center center","background-size":"auto","background-attachment":"scroll","background-type":"","background-media":"","overlay-type":"","overlay-color":"","overlay-opacity":"","overlay-gradient":""},"tablet":{"background-color":"","background-image":"","background-repeat":"repeat","background-position":"center center","background-size":"auto","background-attachment":"scroll","background-type":"","background-media":"","overlay-type":"","overlay-color":"","overlay-opacity":"","overlay-gradient":""},"mobile":{"background-color":"","background-image":"","background-repeat":"repeat","background-position":"center center","background-size":"auto","background-attachment":"scroll","background-type":"","background-media":"","overlay-type":"","overlay-color":"","overlay-opacity":"","overlay-gradient":""}},"ast-content-background-meta":{"desktop":{"background-color":"var(--ast-global-color-5)","background-image":"","background-repeat":"repeat","background-position":"center center","background-size":"auto","background-attachment":"scroll","background-type":"","background-media":"","overlay-type":"","overlay-color":"","overlay-opacity":"","overlay-gradient":""},"tablet":{"background-color":"var(--ast-global-color-5)","background-image":"","background-repeat":"repeat","background-position":"center center","background-size":"auto","background-attachment":"scroll","background-type":"","background-media":"","overlay-type":"","overlay-color":"","overlay-opacity":"","overlay-gradient":""},"mobile":{"background-color":"var(--ast-global-color-5)","background-image":"","background-repeat":"repeat","background-position":"center center","background-size":"auto","background-attachment":"scroll","background-type":"","background-media":"","overlay-type":"","overlay-color":"","overlay-opacity":"","overlay-gradient":""}}},"product_cat":[24,3524],"product_tag":[1197,1326,3870,1253,1233,1375,1738,1486,1011],"yoast_head":"<!-- This site is optimized with the Yoast SEO plugin v20.8 - https:\/\/yoast.com\/wordpress\/plugins\/seo\/ -->\n<title>Ancienne Table Bouillotte Style Louis XVI - Vintage French Finds<\/title>\n<meta name=\"description\" content=\"The best of French vintage delivered to your doorstep direct from France : fashion, furniture, decoration, table art, curiosities, collections and art work.\" \/>\n<meta name=\"robots\" content=\"index, follow, max-snippet:-1, max-image-preview:large, max-video-preview:-1\" \/>\n<link rel=\"canonical\" href=\"https:\/\/vintagefrenchfinds.com\/en\/product\/ancienne-table-bouillotte-style-louis-xvi\/\" \/>\n<meta property=\"og:locale\" content=\"en_GB\" \/>\n<meta property=\"og:type\" content=\"article\" \/>\n<meta property=\"og:title\" content=\"Ancienne Table Bouillotte Style Louis XVI - Vintage French Finds\" \/>\n<meta property=\"og:description\" content=\"The best of French vintage delivered to your doorstep direct from France : fashion, furniture, decoration, table art, curiosities, collections and art work.\" \/>\n<meta property=\"og:url\" content=\"https:\/\/vintagefrenchfinds.com\/en\/product\/ancienne-table-bouillotte-style-louis-xvi\/\" \/>\n<meta property=\"og:site_name\" content=\"Vintage French Finds\" \/>\n<meta property=\"article:modified_time\" content=\"2025-03-17T08:36:09+00:00\" \/>\n<meta property=\"og:image\" content=\"https:\/\/vintagefrenchfinds.com\/wp-content\/uploads\/2023\/07\/DSCN1289.jpg\" \/>\n\t<meta property=\"og:image:width\" content=\"654\" \/>\n\t<meta property=\"og:image:height\" content=\"665\" \/>\n\t<meta property=\"og:image:type\" content=\"image\/jpeg\" \/>\n<meta name=\"twitter:card\" content=\"summary_large_image\" \/>\n<meta name=\"twitter:label1\" content=\"Estimated reading time\" \/>\n\t<meta name=\"twitter:data1\" content=\"1 minute\" \/>\n<script type=\"application\/ld+json\" class=\"yoast-schema-graph\">{\"@context\":\"https:\/\/schema.org\",\"@graph\":[{\"@type\":\"WebPage\",\"@id\":\"https:\/\/vintagefrenchfinds.com\/product\/ancienne-table-bouillotte-style-louis-xvi\",\"url\":\"https:\/\/vintagefrenchfinds.com\/product\/ancienne-table-bouillotte-style-louis-xvi\",\"name\":\"Ancienne Table Bouillotte Style Louis XVI - Vintage French Finds\",\"isPartOf\":{\"@id\":\"https:\/\/vintagefrenchfinds.com\/#website\"},\"datePublished\":\"2023-07-27T15:19:16+00:00\",\"dateModified\":\"2025-03-17T08:36:09+00:00\",\"description\":\"The best of French vintage delivered to your doorstep direct from France : fashion, furniture, decoration, table art, curiosities, collections and art work.\",\"breadcrumb\":{\"@id\":\"https:\/\/vintagefrenchfinds.com\/product\/ancienne-table-bouillotte-style-louis-xvi#breadcrumb\"},\"inLanguage\":\"en-GB\",\"potentialAction\":[{\"@type\":\"ReadAction\",\"target\":[\"https:\/\/vintagefrenchfinds.com\/product\/ancienne-table-bouillotte-style-louis-xvi\"]}]},{\"@type\":\"BreadcrumbList\",\"@id\":\"https:\/\/vintagefrenchfinds.com\/product\/ancienne-table-bouillotte-style-louis-xvi#breadcrumb\",\"itemListElement\":[{\"@type\":\"ListItem\",\"position\":1,\"name\":\"Home\",\"item\":\"https:\/\/vintagefrenchfinds.com\/\"},{\"@type\":\"ListItem\",\"position\":2,\"name\":\"BOUTIQUE\",\"item\":\"https:\/\/vintagefrenchfinds.com\/shop\"},{\"@type\":\"ListItem\",\"position\":3,\"name\":\"Ancienne Table Bouillotte Style Louis XVI\"}]},{\"@type\":\"WebSite\",\"@id\":\"https:\/\/vintagefrenchfinds.com\/#website\",\"url\":\"https:\/\/vintagefrenchfinds.com\/\",\"name\":\"Vintage French Finds\",\"description\":\"The best of French vintage delivered to your doorstep direct from France : fashion, furniture, decoration, table art, curiosities, collections and art work.\",\"potentialAction\":[{\"@type\":\"SearchAction\",\"target\":{\"@type\":\"EntryPoint\",\"urlTemplate\":\"https:\/\/vintagefrenchfinds.com\/?s={search_term_string}\"},\"query-input\":\"required name=search_term_string\"}],\"inLanguage\":\"en-GB\"}]}<\/script>\n<!-- \/ Yoast SEO plugin. -->","yoast_head_json":{"title":"Ancienne Table Bouillotte Style Louis XVI - Vintage French Finds","description":"The best of French vintage delivered to your doorstep direct from France : fashion, furniture, decoration, table art, curiosities, collections and art work.","robots":{"index":"index","follow":"follow","max-snippet":"max-snippet:-1","max-image-preview":"max-image-preview:large","max-video-preview":"max-video-preview:-1"},"canonical":"https:\/\/vintagefrenchfinds.com\/en\/product\/ancienne-table-bouillotte-style-louis-xvi\/","og_locale":"en_GB","og_type":"article","og_title":"Ancienne Table Bouillotte Style Louis XVI - Vintage French Finds","og_description":"The best of French vintage delivered to your doorstep direct from France : fashion, furniture, decoration, table art, curiosities, collections and art work.","og_url":"https:\/\/vintagefrenchfinds.com\/en\/product\/ancienne-table-bouillotte-style-louis-xvi\/","og_site_name":"Vintage French Finds","article_modified_time":"2025-03-17T08:36:09+00:00","og_image":[{"width":654,"height":665,"url":"https:\/\/vintagefrenchfinds.com\/wp-content\/uploads\/2023\/07\/DSCN1289.jpg","type":"image\/jpeg"}],"twitter_card":"summary_large_image","twitter_misc":{"Estimated reading time":"1 minute"},"schema":{"@context":"https:\/\/schema.org","@graph":[{"@type":"WebPage","@id":"https:\/\/vintagefrenchfinds.com\/product\/ancienne-table-bouillotte-style-louis-xvi","url":"https:\/\/vintagefrenchfinds.com\/product\/ancienne-table-bouillotte-style-louis-xvi","name":"Ancienne Table Bouillotte Style Louis XVI - Vintage French Finds","isPartOf":{"@id":"https:\/\/vintagefrenchfinds.com\/#website"},"datePublished":"2023-07-27T15:19:16+00:00","dateModified":"2025-03-17T08:36:09+00:00","description":"The best of French vintage delivered to your doorstep direct from France : fashion, furniture, decoration, table art, curiosities, collections and art work.","breadcrumb":{"@id":"https:\/\/vintagefrenchfinds.com\/product\/ancienne-table-bouillotte-style-louis-xvi#breadcrumb"},"inLanguage":"en-GB","potentialAction":[{"@type":"ReadAction","target":["https:\/\/vintagefrenchfinds.com\/product\/ancienne-table-bouillotte-style-louis-xvi"]}]},{"@type":"BreadcrumbList","@id":"https:\/\/vintagefrenchfinds.com\/product\/ancienne-table-bouillotte-style-louis-xvi#breadcrumb","itemListElement":[{"@type":"ListItem","position":1,"name":"Home","item":"https:\/\/vintagefrenchfinds.com\/"},{"@type":"ListItem","position":2,"name":"BOUTIQUE","item":"https:\/\/vintagefrenchfinds.com\/shop"},{"@type":"ListItem","position":3,"name":"Ancienne Table Bouillotte Style Louis XVI"}]},{"@type":"WebSite","@id":"https:\/\/vintagefrenchfinds.com\/#website","url":"https:\/\/vintagefrenchfinds.com\/","name":"Vintage French Finds\u00a0","description":"The best of French vintage delivered to your doorstep direct from France : fashion, furniture, decoration, table art, curiosities, collections and art work.","potentialAction":[{"@type":"SearchAction","target":{"@type":"EntryPoint","urlTemplate":"https:\/\/vintagefrenchfinds.com\/?s={search_term_string}"},"query-input":"required name=search_term_string"}],"inLanguage":"en-GB"}]}},"post_mailing_queue_ids":[],"_links":{"self":[{"href":"https:\/\/vintagefrenchfinds.com\/en\/wp-json\/wp\/v2\/product\/22100"}],"collection":[{"href":"https:\/\/vintagefrenchfinds.com\/en\/wp-json\/wp\/v2\/product"}],"about":[{"href":"https:\/\/vintagefrenchfinds.com\/en\/wp-json\/wp\/v2\/types\/product"}],"wp:featuredmedia":[{"embeddable":true,"href":"https:\/\/vintagefrenchfinds.com\/en\/wp-json\/wp\/v2\/media\/22101"}],"wp:attachment":[{"href":"https:\/\/vintagefrenchfinds.com\/en\/wp-json\/wp\/v2\/media?parent=22100"}],"wp:term":[{"taxonomy":"product_cat","embeddable":true,"href":"https:\/\/vintagefrenchfinds.com\/en\/wp-json\/wp\/v2\/product_cat?post=22100"},{"taxonomy":"product_tag","embeddable":true,"href":"https:\/\/vintagefrenchfinds.com\/en\/wp-json\/wp\/v2\/product_tag?post=22100"}],"curies":[{"name":"wp","href":"https:\/\/api.w.org\/{rel}","templated":true}]}}