{"id":22185,"date":"2023-08-19T13:15:30","date_gmt":"2023-08-19T13:15:30","guid":{"rendered":"https:\/\/vintagefrenchfinds.com\/?post_type=product&#038;p=22185"},"modified":"2025-03-09T14:28:23","modified_gmt":"2025-03-09T14:28:23","slug":"10-anciennes-assiettes-en-porcelaine-blanche-deshoulieres","status":"publish","type":"product","link":"https:\/\/vintagefrenchfinds.com\/en\/product\/10-anciennes-assiettes-en-porcelaine-blanche-deshoulieres","title":{"rendered":"10 Anciennes Assiettes en Porcelaine Blanche Deshouli\u00e8res"},"content":{"rendered":"<p><span style=\"font-weight: 400;\">Ensemble de 10 assiettes plates Deshouli\u00e8res en porcelaine blanche, caract\u00e9ris\u00e9es par leur bord ondul\u00e9 \u00e9l\u00e9gant.<\/span><\/p>\n<p><span style=\"font-weight: 400;\">Chaque assiette pr\u00e9sente un pourtour orn\u00e9 d&rsquo;une frise de fruits en relief, ajoutant une touche de texture et de charme \u00e0 chaque pi\u00e8ce.<\/span><\/p>\n<p><span style=\"font-weight: 400;\">Estampill\u00e9es de : \u201c Deshoulieres &#8211; Porcelaine de Limoges &#8211; Made in France\u201d<\/span><span style=\"font-weight: 400;\">\u00a0<\/span><\/p>\n<p><span style=\"font-weight: 400;\">Le groupe Deshouli\u00e8res, dont les origines remontent respectivement \u00e0 1799 (manufacture de Fo\u00ebcy) et \u00e0 1826 (poterie de Chauvigny), est le plus important porcelainier fran\u00e7ais, sp\u00e9cialiste des arts de la table et de la porcelaine h\u00f4teli\u00e8re, avec actuellement trois usines \u00e0 Fo\u00ebcy (Cher), \u00e0 Chauvigny (Vienne) et au Dorat.<\/span><\/p>\n<p><span style=\"font-weight: 400;\">\u00a0<\/span><span style=\"font-weight: 400;\">\u00a0La fa\u00efencerie Deshouli\u00e8res s&rsquo;est \u00e9tablie comme un pilier de l&rsquo;industrie de la porcelaine de luxe. Depuis ses d\u00e9buts, elle a perfectionn\u00e9 l&rsquo;art de cr\u00e9er une porcelaine fine de qualit\u00e9 exceptionnelle, devenant un symbole d&rsquo;\u00e9l\u00e9gance et de savoir-faire artisanal. Ses cr\u00e9ations, caract\u00e9ris\u00e9es par des d\u00e9tails minutieux et un design intemporel, ont contribu\u00e9 \u00e0 faire de la porcelaine de Limoges une r\u00e9f\u00e9rence internationale du luxe.<\/span><\/p>\n<p><span style=\"font-weight: 400;\">\u00a0<\/span><span style=\"font-weight: 400;\">Ces assiettes allient parfaitement fonctionnalit\u00e9 et esth\u00e9tique, offrant un espace g\u00e9n\u00e9reux pour pr\u00e9senter vos plats pr\u00e9f\u00e9r\u00e9s tout en ajoutant une note de sophistication \u00e0 votre table.<\/span><\/p>\n<p><span style=\"font-weight: 400;\">\u00a0<\/span><span style=\"font-weight: 400;\">Id\u00e9al pour des repas \u00e9l\u00e9gants et des occasions sp\u00e9ciales !<\/span><\/p>\n<p><span style=\"font-weight: 400;\">\u00a0<\/span><span style=\"font-weight: 400;\">D 25 cm<\/span><\/p>","protected":false},"excerpt":{"rendered":"<p>Ensemble de 10 assiettes plates Deshouli\u00e8res en porcelaine blanche, caract\u00e9ris\u00e9es par leur bord ondul\u00e9 \u00e9l\u00e9gant. Chaque assiette pr\u00e9sente un pourtour orn\u00e9 d&rsquo;une frise de fruits en relief, ajoutant une touche de texture et de charme \u00e0 chaque pi\u00e8ce. Estampill\u00e9es de : \u201c Deshoulieres &#8211; Porcelaine de Limoges &#8211; Made in France\u201d\u00a0 Le groupe Deshouli\u00e8res, dont [&hellip;]<\/p>\n","protected":false},"featured_media":22186,"template":"","meta":{"site-sidebar-layout":"default","site-content-layout":"default","ast-site-content-layout":"default","site-content-style":"default","site-sidebar-style":"default","ast-global-header-display":"","ast-banner-title-visibility":"","ast-main-header-display":"","ast-hfb-above-header-display":"","ast-hfb-below-header-display":"","ast-hfb-mobile-header-display":"","site-post-title":"","ast-breadcrumbs-content":"","ast-featured-img":"","footer-sml-layout":"","ast-disable-related-posts":"","theme-transparent-header-meta":"default","adv-header-id-meta":"","stick-header-meta":"","header-above-stick-meta":"","header-main-stick-meta":"","header-below-stick-meta":"","astra-migrate-meta-layouts":"default","ast-page-background-enabled":"default","ast-page-background-meta":{"desktop":{"background-color":"var(--ast-global-color-4)","background-image":"","background-repeat":"repeat","background-position":"center center","background-size":"auto","background-attachment":"scroll","background-type":"","background-media":"","overlay-type":"","overlay-color":"","overlay-opacity":"","overlay-gradient":""},"tablet":{"background-color":"","background-image":"","background-repeat":"repeat","background-position":"center center","background-size":"auto","background-attachment":"scroll","background-type":"","background-media":"","overlay-type":"","overlay-color":"","overlay-opacity":"","overlay-gradient":""},"mobile":{"background-color":"","background-image":"","background-repeat":"repeat","background-position":"center center","background-size":"auto","background-attachment":"scroll","background-type":"","background-media":"","overlay-type":"","overlay-color":"","overlay-opacity":"","overlay-gradient":""}},"ast-content-background-meta":{"desktop":{"background-color":"var(--ast-global-color-5)","background-image":"","background-repeat":"repeat","background-position":"center center","background-size":"auto","background-attachment":"scroll","background-type":"","background-media":"","overlay-type":"","overlay-color":"","overlay-opacity":"","overlay-gradient":""},"tablet":{"background-color":"var(--ast-global-color-5)","background-image":"","background-repeat":"repeat","background-position":"center center","background-size":"auto","background-attachment":"scroll","background-type":"","background-media":"","overlay-type":"","overlay-color":"","overlay-opacity":"","overlay-gradient":""},"mobile":{"background-color":"var(--ast-global-color-5)","background-image":"","background-repeat":"repeat","background-position":"center center","background-size":"auto","background-attachment":"scroll","background-type":"","background-media":"","overlay-type":"","overlay-color":"","overlay-opacity":"","overlay-gradient":""}}},"product_cat":[3542,3544],"product_tag":[1197,1115,1845,1457,1578,1920,1174,1211,1011],"yoast_head":"<!-- This site is optimized with the Yoast SEO plugin v20.8 - https:\/\/yoast.com\/wordpress\/plugins\/seo\/ -->\n<title>10 Anciennes Assiettes en Porcelaine Blanche Deshouli\u00e8res - Vintage French Finds<\/title>\n<meta name=\"description\" content=\"The best of French vintage delivered to your doorstep direct from France : fashion, furniture, decoration, table art, curiosities, collections and art work.\" \/>\n<meta name=\"robots\" content=\"index, follow, max-snippet:-1, max-image-preview:large, max-video-preview:-1\" \/>\n<link rel=\"canonical\" href=\"https:\/\/vintagefrenchfinds.com\/en\/product\/10-anciennes-assiettes-en-porcelaine-blanche-deshoulieres\/\" \/>\n<meta property=\"og:locale\" content=\"en_GB\" \/>\n<meta property=\"og:type\" content=\"article\" \/>\n<meta property=\"og:title\" content=\"10 Anciennes Assiettes en Porcelaine Blanche Deshouli\u00e8res - Vintage French Finds\" \/>\n<meta property=\"og:description\" content=\"The best of French vintage delivered to your doorstep direct from France : fashion, furniture, decoration, table art, curiosities, collections and art work.\" \/>\n<meta property=\"og:url\" content=\"https:\/\/vintagefrenchfinds.com\/en\/product\/10-anciennes-assiettes-en-porcelaine-blanche-deshoulieres\/\" \/>\n<meta property=\"og:site_name\" content=\"Vintage French Finds\" \/>\n<meta property=\"article:modified_time\" content=\"2025-03-09T14:28:23+00:00\" \/>\n<meta property=\"og:image\" content=\"https:\/\/vintagefrenchfinds.com\/wp-content\/uploads\/2023\/08\/DSCN1653.jpg\" \/>\n\t<meta property=\"og:image:width\" content=\"748\" \/>\n\t<meta property=\"og:image:height\" content=\"634\" \/>\n\t<meta property=\"og:image:type\" content=\"image\/jpeg\" \/>\n<meta name=\"twitter:card\" content=\"summary_large_image\" \/>\n<meta name=\"twitter:label1\" content=\"Estimated reading time\" \/>\n\t<meta name=\"twitter:data1\" content=\"1 minute\" \/>\n<script type=\"application\/ld+json\" class=\"yoast-schema-graph\">{\"@context\":\"https:\/\/schema.org\",\"@graph\":[{\"@type\":\"WebPage\",\"@id\":\"https:\/\/vintagefrenchfinds.com\/product\/10-anciennes-assiettes-en-porcelaine-blanche-deshoulieres\",\"url\":\"https:\/\/vintagefrenchfinds.com\/product\/10-anciennes-assiettes-en-porcelaine-blanche-deshoulieres\",\"name\":\"10 Anciennes Assiettes en Porcelaine Blanche Deshouli\u00e8res - Vintage French Finds\",\"isPartOf\":{\"@id\":\"https:\/\/vintagefrenchfinds.com\/#website\"},\"datePublished\":\"2023-08-19T13:15:30+00:00\",\"dateModified\":\"2025-03-09T14:28:23+00:00\",\"description\":\"The best of French vintage delivered to your doorstep direct from France : fashion, furniture, decoration, table art, curiosities, collections and art work.\",\"breadcrumb\":{\"@id\":\"https:\/\/vintagefrenchfinds.com\/product\/10-anciennes-assiettes-en-porcelaine-blanche-deshoulieres#breadcrumb\"},\"inLanguage\":\"en-GB\",\"potentialAction\":[{\"@type\":\"ReadAction\",\"target\":[\"https:\/\/vintagefrenchfinds.com\/product\/10-anciennes-assiettes-en-porcelaine-blanche-deshoulieres\"]}]},{\"@type\":\"BreadcrumbList\",\"@id\":\"https:\/\/vintagefrenchfinds.com\/product\/10-anciennes-assiettes-en-porcelaine-blanche-deshoulieres#breadcrumb\",\"itemListElement\":[{\"@type\":\"ListItem\",\"position\":1,\"name\":\"Home\",\"item\":\"https:\/\/vintagefrenchfinds.com\/\"},{\"@type\":\"ListItem\",\"position\":2,\"name\":\"BOUTIQUE\",\"item\":\"https:\/\/vintagefrenchfinds.com\/shop\"},{\"@type\":\"ListItem\",\"position\":3,\"name\":\"10 Anciennes Assiettes en Porcelaine Blanche Deshouli\u00e8res\"}]},{\"@type\":\"WebSite\",\"@id\":\"https:\/\/vintagefrenchfinds.com\/#website\",\"url\":\"https:\/\/vintagefrenchfinds.com\/\",\"name\":\"Vintage French Finds\",\"description\":\"The best of French vintage delivered to your doorstep direct from France : fashion, furniture, decoration, table art, curiosities, collections and art work.\",\"potentialAction\":[{\"@type\":\"SearchAction\",\"target\":{\"@type\":\"EntryPoint\",\"urlTemplate\":\"https:\/\/vintagefrenchfinds.com\/?s={search_term_string}\"},\"query-input\":\"required name=search_term_string\"}],\"inLanguage\":\"en-GB\"}]}<\/script>\n<!-- \/ Yoast SEO plugin. -->","yoast_head_json":{"title":"10 Anciennes Assiettes en Porcelaine Blanche Deshouli\u00e8res - Vintage French Finds","description":"The best of French vintage delivered to your doorstep direct from France : fashion, furniture, decoration, table art, curiosities, collections and art work.","robots":{"index":"index","follow":"follow","max-snippet":"max-snippet:-1","max-image-preview":"max-image-preview:large","max-video-preview":"max-video-preview:-1"},"canonical":"https:\/\/vintagefrenchfinds.com\/en\/product\/10-anciennes-assiettes-en-porcelaine-blanche-deshoulieres\/","og_locale":"en_GB","og_type":"article","og_title":"10 Anciennes Assiettes en Porcelaine Blanche Deshouli\u00e8res - Vintage French Finds","og_description":"The best of French vintage delivered to your doorstep direct from France : fashion, furniture, decoration, table art, curiosities, collections and art work.","og_url":"https:\/\/vintagefrenchfinds.com\/en\/product\/10-anciennes-assiettes-en-porcelaine-blanche-deshoulieres\/","og_site_name":"Vintage French Finds","article_modified_time":"2025-03-09T14:28:23+00:00","og_image":[{"width":748,"height":634,"url":"https:\/\/vintagefrenchfinds.com\/wp-content\/uploads\/2023\/08\/DSCN1653.jpg","type":"image\/jpeg"}],"twitter_card":"summary_large_image","twitter_misc":{"Estimated reading time":"1 minute"},"schema":{"@context":"https:\/\/schema.org","@graph":[{"@type":"WebPage","@id":"https:\/\/vintagefrenchfinds.com\/product\/10-anciennes-assiettes-en-porcelaine-blanche-deshoulieres","url":"https:\/\/vintagefrenchfinds.com\/product\/10-anciennes-assiettes-en-porcelaine-blanche-deshoulieres","name":"10 Anciennes Assiettes en Porcelaine Blanche Deshouli\u00e8res - Vintage French Finds","isPartOf":{"@id":"https:\/\/vintagefrenchfinds.com\/#website"},"datePublished":"2023-08-19T13:15:30+00:00","dateModified":"2025-03-09T14:28:23+00:00","description":"The best of French vintage delivered to your doorstep direct from France : fashion, furniture, decoration, table art, curiosities, collections and art work.","breadcrumb":{"@id":"https:\/\/vintagefrenchfinds.com\/product\/10-anciennes-assiettes-en-porcelaine-blanche-deshoulieres#breadcrumb"},"inLanguage":"en-GB","potentialAction":[{"@type":"ReadAction","target":["https:\/\/vintagefrenchfinds.com\/product\/10-anciennes-assiettes-en-porcelaine-blanche-deshoulieres"]}]},{"@type":"BreadcrumbList","@id":"https:\/\/vintagefrenchfinds.com\/product\/10-anciennes-assiettes-en-porcelaine-blanche-deshoulieres#breadcrumb","itemListElement":[{"@type":"ListItem","position":1,"name":"Home","item":"https:\/\/vintagefrenchfinds.com\/"},{"@type":"ListItem","position":2,"name":"BOUTIQUE","item":"https:\/\/vintagefrenchfinds.com\/shop"},{"@type":"ListItem","position":3,"name":"10 Anciennes Assiettes en Porcelaine Blanche Deshouli\u00e8res"}]},{"@type":"WebSite","@id":"https:\/\/vintagefrenchfinds.com\/#website","url":"https:\/\/vintagefrenchfinds.com\/","name":"Vintage French Finds\u00a0","description":"The best of French vintage delivered to your doorstep direct from France : fashion, furniture, decoration, table art, curiosities, collections and art work.","potentialAction":[{"@type":"SearchAction","target":{"@type":"EntryPoint","urlTemplate":"https:\/\/vintagefrenchfinds.com\/?s={search_term_string}"},"query-input":"required name=search_term_string"}],"inLanguage":"en-GB"}]}},"post_mailing_queue_ids":[],"_links":{"self":[{"href":"https:\/\/vintagefrenchfinds.com\/en\/wp-json\/wp\/v2\/product\/22185"}],"collection":[{"href":"https:\/\/vintagefrenchfinds.com\/en\/wp-json\/wp\/v2\/product"}],"about":[{"href":"https:\/\/vintagefrenchfinds.com\/en\/wp-json\/wp\/v2\/types\/product"}],"wp:featuredmedia":[{"embeddable":true,"href":"https:\/\/vintagefrenchfinds.com\/en\/wp-json\/wp\/v2\/media\/22186"}],"wp:attachment":[{"href":"https:\/\/vintagefrenchfinds.com\/en\/wp-json\/wp\/v2\/media?parent=22185"}],"wp:term":[{"taxonomy":"product_cat","embeddable":true,"href":"https:\/\/vintagefrenchfinds.com\/en\/wp-json\/wp\/v2\/product_cat?post=22185"},{"taxonomy":"product_tag","embeddable":true,"href":"https:\/\/vintagefrenchfinds.com\/en\/wp-json\/wp\/v2\/product_tag?post=22185"}],"curies":[{"name":"wp","href":"https:\/\/api.w.org\/{rel}","templated":true}]}}