{"id":22244,"date":"2023-08-21T09:29:03","date_gmt":"2023-08-21T09:29:03","guid":{"rendered":"https:\/\/vintagefrenchfinds.com\/?post_type=product&#038;p=22244"},"modified":"2025-05-10T13:18:57","modified_gmt":"2025-05-10T13:18:57","slug":"ancienne-cafetiere-en-email-blanc-casse","status":"publish","type":"product","link":"https:\/\/vintagefrenchfinds.com\/en\/product\/ancienne-cafetiere-en-email-blanc-casse","title":{"rendered":"Ancienne Cafeti\u00e8re en Email Blanc Cass\u00e9"},"content":{"rendered":"<p><span data-sheets-value=\"{&quot;1&quot;:2,&quot;2&quot;:&quot;Charmante cafeti\u00e8re vintage enti\u00e8rement r\u00e9alis\u00e9e en \u00e9mail couleur coquille d'\u0153uf orn\u00e9e de bordures vertes.\\n \\nElle est compos\u00e9e de 3 parties :\\n \\n\u2013 un r\u00e9ceptacle\\n\u2013 un filtre\\n\u2013 un couvercle en \u00e9mail assorti\\n \\nD\u00e9corative ou fonctionnelle, cette bistroti\u00e8re sera parfaite pour ajouter une touche r\u00e9tro dans votre int\u00e9rieur.\\n \\nL'article est vendu dans son jus, pr\u00e9sentant quelques \u00e9clats d'\u00e9mail visibles sur les photos et un int\u00e9rieur l\u00e9g\u00e8rement d\u00e9color\u00e9 en raison de son beau v\u00e9cu.\\n \\nH 26,5 cm&quot;}\" data-sheets-userformat=\"{&quot;2&quot;:15213,&quot;3&quot;:{&quot;1&quot;:0},&quot;5&quot;:{&quot;1&quot;:[{&quot;1&quot;:2,&quot;2&quot;:0,&quot;5&quot;:{&quot;1&quot;:2,&quot;2&quot;:0}},{&quot;1&quot;:0,&quot;2&quot;:0,&quot;3&quot;:3},{&quot;1&quot;:1,&quot;2&quot;:0,&quot;4&quot;:1}]},&quot;6&quot;:{&quot;1&quot;:[{&quot;1&quot;:2,&quot;2&quot;:0,&quot;5&quot;:{&quot;1&quot;:2,&quot;2&quot;:0}},{&quot;1&quot;:0,&quot;2&quot;:0,&quot;3&quot;:3},{&quot;1&quot;:1,&quot;2&quot;:0,&quot;4&quot;:1}]},&quot;8&quot;:{&quot;1&quot;:[{&quot;1&quot;:2,&quot;2&quot;:0,&quot;5&quot;:{&quot;1&quot;:2,&quot;2&quot;:0}},{&quot;1&quot;:0,&quot;2&quot;:0,&quot;3&quot;:3},{&quot;1&quot;:1,&quot;2&quot;:0,&quot;4&quot;:1}]},&quot;9&quot;:1,&quot;11&quot;:4,&quot;12&quot;:0,&quot;14&quot;:{&quot;1&quot;:2,&quot;2&quot;:0},&quot;15&quot;:&quot;Calibri&quot;,&quot;16&quot;:14}\">Charmante cafeti\u00e8re vintage enti\u00e8rement r\u00e9alis\u00e9e en \u00e9mail couleur coquille d&rsquo;\u0153uf orn\u00e9e de bordures vertes.<\/span><\/p>\n<p>Elle est compos\u00e9e de 3 parties :<\/p>\n<p>\u2013 un r\u00e9ceptacle<br \/>\n\u2013 un filtre<br \/>\n\u2013 un couvercle en \u00e9mail assorti<\/p>\n<p>D\u00e9corative ou fonctionnelle, cette bistroti\u00e8re sera parfaite pour ajouter une touche r\u00e9tro dans votre int\u00e9rieur.<\/p>\n<p>L&rsquo;article est vendu dans son jus, pr\u00e9sentant quelques \u00e9clats d&rsquo;\u00e9mail visibles sur les photos et un int\u00e9rieur l\u00e9g\u00e8rement d\u00e9color\u00e9 en raison de son beau v\u00e9cu.<\/p>\n<p>H 26,5 cm<\/p>\n","protected":false},"excerpt":{"rendered":"<p>Charmante cafeti\u00e8re vintage enti\u00e8rement r\u00e9alis\u00e9e en \u00e9mail couleur coquille d&rsquo;\u0153uf orn\u00e9e de bordures vertes. Elle est compos\u00e9e de 3 parties : \u2013 un r\u00e9ceptacle \u2013 un filtre \u2013 un couvercle en \u00e9mail assorti D\u00e9corative ou fonctionnelle, cette bistroti\u00e8re sera parfaite pour ajouter une touche r\u00e9tro dans votre int\u00e9rieur. L&rsquo;article est vendu dans son jus, pr\u00e9sentant [&hellip;]<\/p>\n","protected":false},"featured_media":22246,"template":"","meta":{"site-sidebar-layout":"default","site-content-layout":"default","ast-site-content-layout":"default","site-content-style":"default","site-sidebar-style":"default","ast-global-header-display":"","ast-banner-title-visibility":"","ast-main-header-display":"","ast-hfb-above-header-display":"","ast-hfb-below-header-display":"","ast-hfb-mobile-header-display":"","site-post-title":"","ast-breadcrumbs-content":"","ast-featured-img":"","footer-sml-layout":"","ast-disable-related-posts":"","theme-transparent-header-meta":"default","adv-header-id-meta":"","stick-header-meta":"","header-above-stick-meta":"","header-main-stick-meta":"","header-below-stick-meta":"","astra-migrate-meta-layouts":"set","ast-page-background-enabled":"default","ast-page-background-meta":{"desktop":{"background-color":"var(--ast-global-color-4)","background-image":"","background-repeat":"repeat","background-position":"center center","background-size":"auto","background-attachment":"scroll","background-type":"","background-media":"","overlay-type":"","overlay-color":"","overlay-opacity":"","overlay-gradient":""},"tablet":{"background-color":"","background-image":"","background-repeat":"repeat","background-position":"center center","background-size":"auto","background-attachment":"scroll","background-type":"","background-media":"","overlay-type":"","overlay-color":"","overlay-opacity":"","overlay-gradient":""},"mobile":{"background-color":"","background-image":"","background-repeat":"repeat","background-position":"center center","background-size":"auto","background-attachment":"scroll","background-type":"","background-media":"","overlay-type":"","overlay-color":"","overlay-opacity":"","overlay-gradient":""}},"ast-content-background-meta":{"desktop":{"background-color":"var(--ast-global-color-5)","background-image":"","background-repeat":"repeat","background-position":"center center","background-size":"auto","background-attachment":"scroll","background-type":"","background-media":"","overlay-type":"","overlay-color":"","overlay-opacity":"","overlay-gradient":""},"tablet":{"background-color":"var(--ast-global-color-5)","background-image":"","background-repeat":"repeat","background-position":"center center","background-size":"auto","background-attachment":"scroll","background-type":"","background-media":"","overlay-type":"","overlay-color":"","overlay-opacity":"","overlay-gradient":""},"mobile":{"background-color":"var(--ast-global-color-5)","background-image":"","background-repeat":"repeat","background-position":"center center","background-size":"auto","background-attachment":"scroll","background-type":"","background-media":"","overlay-type":"","overlay-color":"","overlay-opacity":"","overlay-gradient":""}}},"product_cat":[3542,3552],"product_tag":[1197,1115,1578,2210,2209,1920,3687,1644,1011],"yoast_head":"<!-- This site is optimized with the Yoast SEO plugin v20.8 - https:\/\/yoast.com\/wordpress\/plugins\/seo\/ -->\n<title>Ancienne Cafeti\u00e8re en Email Blanc Cass\u00e9 - Vintage French Finds<\/title>\n<meta name=\"description\" content=\"The best of French vintage delivered to your doorstep direct from France : fashion, furniture, decoration, table art, curiosities, collections and art work.\" \/>\n<meta name=\"robots\" content=\"index, follow, max-snippet:-1, max-image-preview:large, max-video-preview:-1\" \/>\n<link rel=\"canonical\" href=\"https:\/\/vintagefrenchfinds.com\/en\/product\/ancienne-cafetiere-en-email-blanc-casse\/\" \/>\n<meta property=\"og:locale\" content=\"en_GB\" \/>\n<meta property=\"og:type\" content=\"article\" \/>\n<meta property=\"og:title\" content=\"Ancienne Cafeti\u00e8re en Email Blanc Cass\u00e9 - Vintage French Finds\" \/>\n<meta property=\"og:description\" content=\"The best of French vintage delivered to your doorstep direct from France : fashion, furniture, decoration, table art, curiosities, collections and art work.\" \/>\n<meta property=\"og:url\" content=\"https:\/\/vintagefrenchfinds.com\/en\/product\/ancienne-cafetiere-en-email-blanc-casse\/\" \/>\n<meta property=\"og:site_name\" content=\"Vintage French Finds\" \/>\n<meta property=\"article:modified_time\" content=\"2025-05-10T13:18:57+00:00\" \/>\n<meta property=\"og:image\" content=\"https:\/\/vintagefrenchfinds.com\/wp-content\/uploads\/2023\/08\/DSCN1548.jpg\" \/>\n\t<meta property=\"og:image:width\" content=\"647\" \/>\n\t<meta property=\"og:image:height\" content=\"857\" \/>\n\t<meta property=\"og:image:type\" content=\"image\/jpeg\" \/>\n<meta name=\"twitter:card\" content=\"summary_large_image\" \/>\n<meta name=\"twitter:label1\" content=\"Estimated reading time\" \/>\n\t<meta name=\"twitter:data1\" content=\"1 minute\" \/>\n<script type=\"application\/ld+json\" class=\"yoast-schema-graph\">{\"@context\":\"https:\/\/schema.org\",\"@graph\":[{\"@type\":\"WebPage\",\"@id\":\"https:\/\/vintagefrenchfinds.com\/product\/ancienne-cafetiere-en-email-blanc-casse\",\"url\":\"https:\/\/vintagefrenchfinds.com\/product\/ancienne-cafetiere-en-email-blanc-casse\",\"name\":\"Ancienne Cafeti\u00e8re en Email Blanc Cass\u00e9 - Vintage French Finds\",\"isPartOf\":{\"@id\":\"https:\/\/vintagefrenchfinds.com\/#website\"},\"datePublished\":\"2023-08-21T09:29:03+00:00\",\"dateModified\":\"2025-05-10T13:18:57+00:00\",\"description\":\"The best of French vintage delivered to your doorstep direct from France : fashion, furniture, decoration, table art, curiosities, collections and art work.\",\"breadcrumb\":{\"@id\":\"https:\/\/vintagefrenchfinds.com\/product\/ancienne-cafetiere-en-email-blanc-casse#breadcrumb\"},\"inLanguage\":\"en-GB\",\"potentialAction\":[{\"@type\":\"ReadAction\",\"target\":[\"https:\/\/vintagefrenchfinds.com\/product\/ancienne-cafetiere-en-email-blanc-casse\"]}]},{\"@type\":\"BreadcrumbList\",\"@id\":\"https:\/\/vintagefrenchfinds.com\/product\/ancienne-cafetiere-en-email-blanc-casse#breadcrumb\",\"itemListElement\":[{\"@type\":\"ListItem\",\"position\":1,\"name\":\"Home\",\"item\":\"https:\/\/vintagefrenchfinds.com\/\"},{\"@type\":\"ListItem\",\"position\":2,\"name\":\"BOUTIQUE\",\"item\":\"https:\/\/vintagefrenchfinds.com\/shop\"},{\"@type\":\"ListItem\",\"position\":3,\"name\":\"Ancienne Cafeti\u00e8re en Email Blanc Cass\u00e9\"}]},{\"@type\":\"WebSite\",\"@id\":\"https:\/\/vintagefrenchfinds.com\/#website\",\"url\":\"https:\/\/vintagefrenchfinds.com\/\",\"name\":\"Vintage French Finds\",\"description\":\"The best of French vintage delivered to your doorstep direct from France : fashion, furniture, decoration, table art, curiosities, collections and art work.\",\"potentialAction\":[{\"@type\":\"SearchAction\",\"target\":{\"@type\":\"EntryPoint\",\"urlTemplate\":\"https:\/\/vintagefrenchfinds.com\/?s={search_term_string}\"},\"query-input\":\"required name=search_term_string\"}],\"inLanguage\":\"en-GB\"}]}<\/script>\n<!-- \/ Yoast SEO plugin. -->","yoast_head_json":{"title":"Ancienne Cafeti\u00e8re en Email Blanc Cass\u00e9 - Vintage French Finds","description":"The best of French vintage delivered to your doorstep direct from France : fashion, furniture, decoration, table art, curiosities, collections and art work.","robots":{"index":"index","follow":"follow","max-snippet":"max-snippet:-1","max-image-preview":"max-image-preview:large","max-video-preview":"max-video-preview:-1"},"canonical":"https:\/\/vintagefrenchfinds.com\/en\/product\/ancienne-cafetiere-en-email-blanc-casse\/","og_locale":"en_GB","og_type":"article","og_title":"Ancienne Cafeti\u00e8re en Email Blanc Cass\u00e9 - Vintage French Finds","og_description":"The best of French vintage delivered to your doorstep direct from France : fashion, furniture, decoration, table art, curiosities, collections and art work.","og_url":"https:\/\/vintagefrenchfinds.com\/en\/product\/ancienne-cafetiere-en-email-blanc-casse\/","og_site_name":"Vintage French Finds","article_modified_time":"2025-05-10T13:18:57+00:00","og_image":[{"width":647,"height":857,"url":"https:\/\/vintagefrenchfinds.com\/wp-content\/uploads\/2023\/08\/DSCN1548.jpg","type":"image\/jpeg"}],"twitter_card":"summary_large_image","twitter_misc":{"Estimated reading time":"1 minute"},"schema":{"@context":"https:\/\/schema.org","@graph":[{"@type":"WebPage","@id":"https:\/\/vintagefrenchfinds.com\/product\/ancienne-cafetiere-en-email-blanc-casse","url":"https:\/\/vintagefrenchfinds.com\/product\/ancienne-cafetiere-en-email-blanc-casse","name":"Ancienne Cafeti\u00e8re en Email Blanc Cass\u00e9 - Vintage French Finds","isPartOf":{"@id":"https:\/\/vintagefrenchfinds.com\/#website"},"datePublished":"2023-08-21T09:29:03+00:00","dateModified":"2025-05-10T13:18:57+00:00","description":"The best of French vintage delivered to your doorstep direct from France : fashion, furniture, decoration, table art, curiosities, collections and art work.","breadcrumb":{"@id":"https:\/\/vintagefrenchfinds.com\/product\/ancienne-cafetiere-en-email-blanc-casse#breadcrumb"},"inLanguage":"en-GB","potentialAction":[{"@type":"ReadAction","target":["https:\/\/vintagefrenchfinds.com\/product\/ancienne-cafetiere-en-email-blanc-casse"]}]},{"@type":"BreadcrumbList","@id":"https:\/\/vintagefrenchfinds.com\/product\/ancienne-cafetiere-en-email-blanc-casse#breadcrumb","itemListElement":[{"@type":"ListItem","position":1,"name":"Home","item":"https:\/\/vintagefrenchfinds.com\/"},{"@type":"ListItem","position":2,"name":"BOUTIQUE","item":"https:\/\/vintagefrenchfinds.com\/shop"},{"@type":"ListItem","position":3,"name":"Ancienne Cafeti\u00e8re en Email Blanc Cass\u00e9"}]},{"@type":"WebSite","@id":"https:\/\/vintagefrenchfinds.com\/#website","url":"https:\/\/vintagefrenchfinds.com\/","name":"Vintage French Finds\u00a0","description":"The best of French vintage delivered to your doorstep direct from France : fashion, furniture, decoration, table art, curiosities, collections and art work.","potentialAction":[{"@type":"SearchAction","target":{"@type":"EntryPoint","urlTemplate":"https:\/\/vintagefrenchfinds.com\/?s={search_term_string}"},"query-input":"required name=search_term_string"}],"inLanguage":"en-GB"}]}},"post_mailing_queue_ids":[],"_links":{"self":[{"href":"https:\/\/vintagefrenchfinds.com\/en\/wp-json\/wp\/v2\/product\/22244"}],"collection":[{"href":"https:\/\/vintagefrenchfinds.com\/en\/wp-json\/wp\/v2\/product"}],"about":[{"href":"https:\/\/vintagefrenchfinds.com\/en\/wp-json\/wp\/v2\/types\/product"}],"wp:featuredmedia":[{"embeddable":true,"href":"https:\/\/vintagefrenchfinds.com\/en\/wp-json\/wp\/v2\/media\/22246"}],"wp:attachment":[{"href":"https:\/\/vintagefrenchfinds.com\/en\/wp-json\/wp\/v2\/media?parent=22244"}],"wp:term":[{"taxonomy":"product_cat","embeddable":true,"href":"https:\/\/vintagefrenchfinds.com\/en\/wp-json\/wp\/v2\/product_cat?post=22244"},{"taxonomy":"product_tag","embeddable":true,"href":"https:\/\/vintagefrenchfinds.com\/en\/wp-json\/wp\/v2\/product_tag?post=22244"}],"curies":[{"name":"wp","href":"https:\/\/api.w.org\/{rel}","templated":true}]}}