{"id":22339,"date":"2023-08-21T11:17:52","date_gmt":"2023-08-21T11:17:52","guid":{"rendered":"https:\/\/vintagefrenchfinds.com\/?post_type=product&#038;p=22339"},"modified":"2025-03-17T10:34:35","modified_gmt":"2025-03-17T10:34:35","slug":"ancienne-porte-dentree-en-chene-massif-fer-forge-bati-clefs-inclus","status":"publish","type":"product","link":"https:\/\/vintagefrenchfinds.com\/en\/product\/ancienne-porte-dentree-en-chene-massif-fer-forge-bati-clefs-inclus","title":{"rendered":"Ancienne Porte d&rsquo;Entr\u00e9e en Ch\u00eane Massif &#038; Fer Forg\u00e9 (Bati &#038; Clefs Inclus)"},"content":{"rendered":"<p><span data-sheets-value=\"{&quot;1&quot;:2,&quot;2&quot;:&quot; \\nMagnifique porte vintage en bois massif provenant d\u2019une ancienne maison dans le Pays de Caux en Normandie.\\n \\nCette porte en ch\u00eane naturel est orn\u00e9e de d\u00e9licates moulures et d\u2019une fen\u00eatre vitr\u00e9e agr\u00e9ment\u00e9e d'une remarquable structure en fer forg\u00e9 repr\u00e9sentant un vase fleuri dans le pur style Art D\u00e9co.\\n \\nExtr\u00eamement solide, ce bel exemple d\u2019artisanat d\u2019art sera parfait dans une belle maison ancienne de ville ou \u00e0 la campagne.\\n \\nBon \u00e9tat g\u00e9n\u00e9ral \\n \\nLa porte est fournie avec son b\u00e2ti (en \u00e9tat) , sa serrure et cl\u00e9s d'origine ainsi que l\u2019encadrement de la vitre qui se trouvait au-dessus de la porte .\\n \\n(porte) H 215 x LA 80 x P 3 cm\\n(b\u00e2ti) 4 cm de largeur\\n(b\u00e2ti vitre) LA 80 x H 34,5 cm&quot;}\" data-sheets-userformat=\"{&quot;2&quot;:15209,&quot;3&quot;:{&quot;1&quot;:0},&quot;6&quot;:{&quot;1&quot;:[{&quot;1&quot;:2,&quot;2&quot;:0,&quot;5&quot;:{&quot;1&quot;:2,&quot;2&quot;:0}},{&quot;1&quot;:0,&quot;2&quot;:0,&quot;3&quot;:3},{&quot;1&quot;:1,&quot;2&quot;:0,&quot;4&quot;:1}]},&quot;8&quot;:{&quot;1&quot;:[{&quot;1&quot;:2,&quot;2&quot;:0,&quot;5&quot;:{&quot;1&quot;:2,&quot;2&quot;:0}},{&quot;1&quot;:0,&quot;2&quot;:0,&quot;3&quot;:3},{&quot;1&quot;:1,&quot;2&quot;:0,&quot;4&quot;:1}]},&quot;9&quot;:1,&quot;11&quot;:4,&quot;12&quot;:0,&quot;14&quot;:{&quot;1&quot;:2,&quot;2&quot;:0},&quot;15&quot;:&quot;Calibri&quot;,&quot;16&quot;:14}\">Magnifique porte vintage en bois massif provenant d\u2019une ancienne maison dans le Pays de Caux en Normandie.<\/span><\/p>\n<p>Cette porte en ch\u00eane naturel est orn\u00e9e de d\u00e9licates moulures et d\u2019une fen\u00eatre vitr\u00e9e agr\u00e9ment\u00e9e d&rsquo;une remarquable structure en fer forg\u00e9 repr\u00e9sentant un vase fleuri dans le pur style Art D\u00e9co.<\/p>\n<p>Extr\u00eamement solide, ce bel exemple d\u2019artisanat d\u2019art sera parfait dans une belle maison ancienne de ville ou \u00e0 la campagne.<\/p>\n<p>Bon \u00e9tat g\u00e9n\u00e9ral<\/p>\n<p>La porte est fournie avec son b\u00e2ti (en \u00e9tat) , sa serrure et cl\u00e9s d&rsquo;origine ainsi que l\u2019encadrement de la vitre qui se trouvait au-dessus de la porte .<\/p>\n<p>(porte) H 215 x LA 80 x P 3 cm<br \/>\n(b\u00e2ti) 4 cm de largeur<br \/>\n(b\u00e2ti vitre) LA 80 x H 34,5 cm<\/p>\n","protected":false},"excerpt":{"rendered":"<p>Magnifique porte vintage en bois massif provenant d\u2019une ancienne maison dans le Pays de Caux en Normandie. Cette porte en ch\u00eane naturel est orn\u00e9e de d\u00e9licates moulures et d\u2019une fen\u00eatre vitr\u00e9e agr\u00e9ment\u00e9e d&rsquo;une remarquable structure en fer forg\u00e9 repr\u00e9sentant un vase fleuri dans le pur style Art D\u00e9co. Extr\u00eamement solide, ce bel exemple d\u2019artisanat d\u2019art [&hellip;]<\/p>\n","protected":false},"featured_media":22340,"template":"","meta":{"site-sidebar-layout":"default","site-content-layout":"default","ast-site-content-layout":"default","site-content-style":"default","site-sidebar-style":"default","ast-global-header-display":"","ast-banner-title-visibility":"","ast-main-header-display":"","ast-hfb-above-header-display":"","ast-hfb-below-header-display":"","ast-hfb-mobile-header-display":"","site-post-title":"","ast-breadcrumbs-content":"","ast-featured-img":"","footer-sml-layout":"","ast-disable-related-posts":"","theme-transparent-header-meta":"default","adv-header-id-meta":"","stick-header-meta":"","header-above-stick-meta":"","header-main-stick-meta":"","header-below-stick-meta":"","astra-migrate-meta-layouts":"default","ast-page-background-enabled":"default","ast-page-background-meta":{"desktop":{"background-color":"var(--ast-global-color-4)","background-image":"","background-repeat":"repeat","background-position":"center center","background-size":"auto","background-attachment":"scroll","background-type":"","background-media":"","overlay-type":"","overlay-color":"","overlay-opacity":"","overlay-gradient":""},"tablet":{"background-color":"","background-image":"","background-repeat":"repeat","background-position":"center center","background-size":"auto","background-attachment":"scroll","background-type":"","background-media":"","overlay-type":"","overlay-color":"","overlay-opacity":"","overlay-gradient":""},"mobile":{"background-color":"","background-image":"","background-repeat":"repeat","background-position":"center center","background-size":"auto","background-attachment":"scroll","background-type":"","background-media":"","overlay-type":"","overlay-color":"","overlay-opacity":"","overlay-gradient":""}},"ast-content-background-meta":{"desktop":{"background-color":"var(--ast-global-color-5)","background-image":"","background-repeat":"repeat","background-position":"center center","background-size":"auto","background-attachment":"scroll","background-type":"","background-media":"","overlay-type":"","overlay-color":"","overlay-opacity":"","overlay-gradient":""},"tablet":{"background-color":"var(--ast-global-color-5)","background-image":"","background-repeat":"repeat","background-position":"center center","background-size":"auto","background-attachment":"scroll","background-type":"","background-media":"","overlay-type":"","overlay-color":"","overlay-opacity":"","overlay-gradient":""},"mobile":{"background-color":"var(--ast-global-color-5)","background-image":"","background-repeat":"repeat","background-position":"center center","background-size":"auto","background-attachment":"scroll","background-type":"","background-media":"","overlay-type":"","overlay-color":"","overlay-opacity":"","overlay-gradient":""}}},"product_cat":[30,3539],"product_tag":[1197,1082,1326,1676,3870,1224,1738,1011],"yoast_head":"<!-- This site is optimized with the Yoast SEO plugin v20.8 - https:\/\/yoast.com\/wordpress\/plugins\/seo\/ -->\n<title>Ancienne Porte d&#039;Entr\u00e9e en Ch\u00eane Massif &amp; Fer Forg\u00e9 (Bati &amp; Clefs Inclus) - Vintage French Finds<\/title>\n<meta name=\"description\" content=\"The best of French vintage delivered to your doorstep direct from France : fashion, furniture, decoration, table art, curiosities, collections and art work.\" \/>\n<meta name=\"robots\" content=\"index, follow, max-snippet:-1, max-image-preview:large, max-video-preview:-1\" \/>\n<link rel=\"canonical\" href=\"https:\/\/vintagefrenchfinds.com\/en\/product\/ancienne-porte-dentree-en-chene-massif-fer-forge-bati-clefs-inclus\/\" \/>\n<meta property=\"og:locale\" content=\"en_GB\" \/>\n<meta property=\"og:type\" content=\"article\" \/>\n<meta property=\"og:title\" content=\"Ancienne Porte d&#039;Entr\u00e9e en Ch\u00eane Massif &amp; Fer Forg\u00e9 (Bati &amp; Clefs Inclus) - Vintage French Finds\" \/>\n<meta property=\"og:description\" content=\"The best of French vintage delivered to your doorstep direct from France : fashion, furniture, decoration, table art, curiosities, collections and art work.\" \/>\n<meta property=\"og:url\" content=\"https:\/\/vintagefrenchfinds.com\/en\/product\/ancienne-porte-dentree-en-chene-massif-fer-forge-bati-clefs-inclus\/\" \/>\n<meta property=\"og:site_name\" content=\"Vintage French Finds\" \/>\n<meta property=\"article:modified_time\" content=\"2025-03-17T10:34:35+00:00\" \/>\n<meta property=\"og:image\" content=\"https:\/\/vintagefrenchfinds.com\/wp-content\/uploads\/2023\/08\/DSCN1598.jpg\" \/>\n\t<meta property=\"og:image:width\" content=\"515\" \/>\n\t<meta property=\"og:image:height\" content=\"855\" \/>\n\t<meta property=\"og:image:type\" content=\"image\/jpeg\" \/>\n<meta name=\"twitter:card\" content=\"summary_large_image\" \/>\n<meta name=\"twitter:label1\" content=\"Estimated reading time\" \/>\n\t<meta name=\"twitter:data1\" content=\"1 minute\" \/>\n<script type=\"application\/ld+json\" class=\"yoast-schema-graph\">{\"@context\":\"https:\/\/schema.org\",\"@graph\":[{\"@type\":\"WebPage\",\"@id\":\"https:\/\/vintagefrenchfinds.com\/product\/ancienne-porte-dentree-en-chene-massif-fer-forge-bati-clefs-inclus\",\"url\":\"https:\/\/vintagefrenchfinds.com\/product\/ancienne-porte-dentree-en-chene-massif-fer-forge-bati-clefs-inclus\",\"name\":\"Ancienne Porte d'Entr\u00e9e en Ch\u00eane Massif & Fer Forg\u00e9 (Bati & Clefs Inclus) - Vintage French Finds\",\"isPartOf\":{\"@id\":\"https:\/\/vintagefrenchfinds.com\/#website\"},\"datePublished\":\"2023-08-21T11:17:52+00:00\",\"dateModified\":\"2025-03-17T10:34:35+00:00\",\"description\":\"The best of French vintage delivered to your doorstep direct from France : fashion, furniture, decoration, table art, curiosities, collections and art work.\",\"breadcrumb\":{\"@id\":\"https:\/\/vintagefrenchfinds.com\/product\/ancienne-porte-dentree-en-chene-massif-fer-forge-bati-clefs-inclus#breadcrumb\"},\"inLanguage\":\"en-GB\",\"potentialAction\":[{\"@type\":\"ReadAction\",\"target\":[\"https:\/\/vintagefrenchfinds.com\/product\/ancienne-porte-dentree-en-chene-massif-fer-forge-bati-clefs-inclus\"]}]},{\"@type\":\"BreadcrumbList\",\"@id\":\"https:\/\/vintagefrenchfinds.com\/product\/ancienne-porte-dentree-en-chene-massif-fer-forge-bati-clefs-inclus#breadcrumb\",\"itemListElement\":[{\"@type\":\"ListItem\",\"position\":1,\"name\":\"Home\",\"item\":\"https:\/\/vintagefrenchfinds.com\/\"},{\"@type\":\"ListItem\",\"position\":2,\"name\":\"BOUTIQUE\",\"item\":\"https:\/\/vintagefrenchfinds.com\/shop\"},{\"@type\":\"ListItem\",\"position\":3,\"name\":\"Ancienne Porte d&rsquo;Entr\u00e9e en Ch\u00eane Massif &#038; Fer Forg\u00e9 (Bati &#038; Clefs Inclus)\"}]},{\"@type\":\"WebSite\",\"@id\":\"https:\/\/vintagefrenchfinds.com\/#website\",\"url\":\"https:\/\/vintagefrenchfinds.com\/\",\"name\":\"Vintage French Finds\",\"description\":\"The best of French vintage delivered to your doorstep direct from France : fashion, furniture, decoration, table art, curiosities, collections and art work.\",\"potentialAction\":[{\"@type\":\"SearchAction\",\"target\":{\"@type\":\"EntryPoint\",\"urlTemplate\":\"https:\/\/vintagefrenchfinds.com\/?s={search_term_string}\"},\"query-input\":\"required name=search_term_string\"}],\"inLanguage\":\"en-GB\"}]}<\/script>\n<!-- \/ Yoast SEO plugin. -->","yoast_head_json":{"title":"Ancienne Porte d'Entr\u00e9e en Ch\u00eane Massif & Fer Forg\u00e9 (Bati & Clefs Inclus) - Vintage French Finds","description":"The best of French vintage delivered to your doorstep direct from France : fashion, furniture, decoration, table art, curiosities, collections and art work.","robots":{"index":"index","follow":"follow","max-snippet":"max-snippet:-1","max-image-preview":"max-image-preview:large","max-video-preview":"max-video-preview:-1"},"canonical":"https:\/\/vintagefrenchfinds.com\/en\/product\/ancienne-porte-dentree-en-chene-massif-fer-forge-bati-clefs-inclus\/","og_locale":"en_GB","og_type":"article","og_title":"Ancienne Porte d'Entr\u00e9e en Ch\u00eane Massif & Fer Forg\u00e9 (Bati & Clefs Inclus) - Vintage French Finds","og_description":"The best of French vintage delivered to your doorstep direct from France : fashion, furniture, decoration, table art, curiosities, collections and art work.","og_url":"https:\/\/vintagefrenchfinds.com\/en\/product\/ancienne-porte-dentree-en-chene-massif-fer-forge-bati-clefs-inclus\/","og_site_name":"Vintage French Finds","article_modified_time":"2025-03-17T10:34:35+00:00","og_image":[{"width":515,"height":855,"url":"https:\/\/vintagefrenchfinds.com\/wp-content\/uploads\/2023\/08\/DSCN1598.jpg","type":"image\/jpeg"}],"twitter_card":"summary_large_image","twitter_misc":{"Estimated reading time":"1 minute"},"schema":{"@context":"https:\/\/schema.org","@graph":[{"@type":"WebPage","@id":"https:\/\/vintagefrenchfinds.com\/product\/ancienne-porte-dentree-en-chene-massif-fer-forge-bati-clefs-inclus","url":"https:\/\/vintagefrenchfinds.com\/product\/ancienne-porte-dentree-en-chene-massif-fer-forge-bati-clefs-inclus","name":"Ancienne Porte d'Entr\u00e9e en Ch\u00eane Massif & Fer Forg\u00e9 (Bati & Clefs Inclus) - Vintage French Finds","isPartOf":{"@id":"https:\/\/vintagefrenchfinds.com\/#website"},"datePublished":"2023-08-21T11:17:52+00:00","dateModified":"2025-03-17T10:34:35+00:00","description":"The best of French vintage delivered to your doorstep direct from France : fashion, furniture, decoration, table art, curiosities, collections and art work.","breadcrumb":{"@id":"https:\/\/vintagefrenchfinds.com\/product\/ancienne-porte-dentree-en-chene-massif-fer-forge-bati-clefs-inclus#breadcrumb"},"inLanguage":"en-GB","potentialAction":[{"@type":"ReadAction","target":["https:\/\/vintagefrenchfinds.com\/product\/ancienne-porte-dentree-en-chene-massif-fer-forge-bati-clefs-inclus"]}]},{"@type":"BreadcrumbList","@id":"https:\/\/vintagefrenchfinds.com\/product\/ancienne-porte-dentree-en-chene-massif-fer-forge-bati-clefs-inclus#breadcrumb","itemListElement":[{"@type":"ListItem","position":1,"name":"Home","item":"https:\/\/vintagefrenchfinds.com\/"},{"@type":"ListItem","position":2,"name":"BOUTIQUE","item":"https:\/\/vintagefrenchfinds.com\/shop"},{"@type":"ListItem","position":3,"name":"Ancienne Porte d&rsquo;Entr\u00e9e en Ch\u00eane Massif &#038; Fer Forg\u00e9 (Bati &#038; Clefs Inclus)"}]},{"@type":"WebSite","@id":"https:\/\/vintagefrenchfinds.com\/#website","url":"https:\/\/vintagefrenchfinds.com\/","name":"Vintage French Finds\u00a0","description":"The best of French vintage delivered to your doorstep direct from France : fashion, furniture, decoration, table art, curiosities, collections and art work.","potentialAction":[{"@type":"SearchAction","target":{"@type":"EntryPoint","urlTemplate":"https:\/\/vintagefrenchfinds.com\/?s={search_term_string}"},"query-input":"required name=search_term_string"}],"inLanguage":"en-GB"}]}},"post_mailing_queue_ids":[],"_links":{"self":[{"href":"https:\/\/vintagefrenchfinds.com\/en\/wp-json\/wp\/v2\/product\/22339"}],"collection":[{"href":"https:\/\/vintagefrenchfinds.com\/en\/wp-json\/wp\/v2\/product"}],"about":[{"href":"https:\/\/vintagefrenchfinds.com\/en\/wp-json\/wp\/v2\/types\/product"}],"wp:featuredmedia":[{"embeddable":true,"href":"https:\/\/vintagefrenchfinds.com\/en\/wp-json\/wp\/v2\/media\/22340"}],"wp:attachment":[{"href":"https:\/\/vintagefrenchfinds.com\/en\/wp-json\/wp\/v2\/media?parent=22339"}],"wp:term":[{"taxonomy":"product_cat","embeddable":true,"href":"https:\/\/vintagefrenchfinds.com\/en\/wp-json\/wp\/v2\/product_cat?post=22339"},{"taxonomy":"product_tag","embeddable":true,"href":"https:\/\/vintagefrenchfinds.com\/en\/wp-json\/wp\/v2\/product_tag?post=22339"}],"curies":[{"name":"wp","href":"https:\/\/api.w.org\/{rel}","templated":true}]}}