{"id":22377,"date":"2023-08-21T13:43:37","date_gmt":"2023-08-21T13:43:37","guid":{"rendered":"https:\/\/vintagefrenchfinds.com\/?post_type=product&#038;p=22377"},"modified":"2025-04-05T18:23:26","modified_gmt":"2025-04-05T18:23:26","slug":"ancienne-paire-de-salieres-ovales-en-metal-avec-verrine-style-louis-xvi","status":"publish","type":"product","link":"https:\/\/vintagefrenchfinds.com\/en\/product\/ancienne-paire-de-salieres-ovales-en-metal-avec-verrine-style-louis-xvi","title":{"rendered":"Ancienne Paire de Sali\u00e8res Ovales en M\u00e9tal avec Verrine Style Louis XVI"},"content":{"rendered":"<p><span data-sheets-value=\"{&quot;1&quot;:2,&quot;2&quot;:&quot; \\nEnsemble de sali\u00e8res\/poivri\u00e8res vintage en m\u00e9tal (qui semblent \u00eatre en argent ou vermeil bien que les poin\u00e7ons ne soient pas visibles ) soigneusement sculpt\u00e9es dans le style Louis XVI compl\u00e9t\u00e9e par leurs verrines et une cuill\u00e8re en m\u00e9tal assortie. \\n \\nCes pi\u00e8ces d\u00e9licates ajouteront une touche de raffinement \u00e0 table tout en offrant une fonctionnalit\u00e9 pratique pour assaisonner vos plats. \\n \\nLeur patine \u00e9l\u00e9gante leur conf\u00e8re une note d'originalit\u00e9 qui ne manquera pas d'attirer l'attention \u00e0 table.\\n \\nH 4 x LO 7 cm\\n &quot;}\" data-sheets-userformat=\"{&quot;2&quot;:15209,&quot;3&quot;:{&quot;1&quot;:0},&quot;6&quot;:{&quot;1&quot;:[{&quot;1&quot;:2,&quot;2&quot;:0,&quot;5&quot;:{&quot;1&quot;:2,&quot;2&quot;:0}},{&quot;1&quot;:0,&quot;2&quot;:0,&quot;3&quot;:3},{&quot;1&quot;:1,&quot;2&quot;:0,&quot;4&quot;:1}]},&quot;8&quot;:{&quot;1&quot;:[{&quot;1&quot;:2,&quot;2&quot;:0,&quot;5&quot;:{&quot;1&quot;:2,&quot;2&quot;:0}},{&quot;1&quot;:0,&quot;2&quot;:0,&quot;3&quot;:3},{&quot;1&quot;:1,&quot;2&quot;:0,&quot;4&quot;:1}]},&quot;9&quot;:1,&quot;11&quot;:4,&quot;12&quot;:0,&quot;14&quot;:{&quot;1&quot;:2,&quot;2&quot;:0},&quot;15&quot;:&quot;Calibri&quot;,&quot;16&quot;:14}\">Ensemble de sali\u00e8res\/poivri\u00e8res vintage en m\u00e9tal (qui semblent \u00eatre en argent ou vermeil bien que les poin\u00e7ons ne soient pas visibles ) soigneusement sculpt\u00e9es dans le style Louis XVI compl\u00e9t\u00e9e par leurs verrines et une cuill\u00e8re en m\u00e9tal assortie.<\/span><\/p>\n<p>Ces pi\u00e8ces d\u00e9licates ajouteront une touche de raffinement \u00e0 table tout en offrant une fonctionnalit\u00e9 pratique pour assaisonner vos plats.<\/p>\n<p>Leur patine \u00e9l\u00e9gante leur conf\u00e8re une note d&rsquo;originalit\u00e9 qui ne manquera pas d&rsquo;attirer l&rsquo;attention \u00e0 table.<\/p>\n<p>H 4 x LO 7 cm<\/p>\n","protected":false},"excerpt":{"rendered":"<p>Ensemble de sali\u00e8res\/poivri\u00e8res vintage en m\u00e9tal (qui semblent \u00eatre en argent ou vermeil bien que les poin\u00e7ons ne soient pas visibles ) soigneusement sculpt\u00e9es dans le style Louis XVI compl\u00e9t\u00e9e par leurs verrines et une cuill\u00e8re en m\u00e9tal assortie. Ces pi\u00e8ces d\u00e9licates ajouteront une touche de raffinement \u00e0 table tout en offrant une fonctionnalit\u00e9 pratique [&hellip;]<\/p>\n","protected":false},"featured_media":22378,"template":"","meta":{"site-sidebar-layout":"default","site-content-layout":"default","ast-site-content-layout":"default","site-content-style":"default","site-sidebar-style":"default","ast-global-header-display":"","ast-banner-title-visibility":"","ast-main-header-display":"","ast-hfb-above-header-display":"","ast-hfb-below-header-display":"","ast-hfb-mobile-header-display":"","site-post-title":"","ast-breadcrumbs-content":"","ast-featured-img":"","footer-sml-layout":"","ast-disable-related-posts":"","theme-transparent-header-meta":"default","adv-header-id-meta":"","stick-header-meta":"","header-above-stick-meta":"","header-main-stick-meta":"","header-below-stick-meta":"","astra-migrate-meta-layouts":"default","ast-page-background-enabled":"default","ast-page-background-meta":{"desktop":{"background-color":"var(--ast-global-color-4)","background-image":"","background-repeat":"repeat","background-position":"center center","background-size":"auto","background-attachment":"scroll","background-type":"","background-media":"","overlay-type":"","overlay-color":"","overlay-opacity":"","overlay-gradient":""},"tablet":{"background-color":"","background-image":"","background-repeat":"repeat","background-position":"center center","background-size":"auto","background-attachment":"scroll","background-type":"","background-media":"","overlay-type":"","overlay-color":"","overlay-opacity":"","overlay-gradient":""},"mobile":{"background-color":"","background-image":"","background-repeat":"repeat","background-position":"center center","background-size":"auto","background-attachment":"scroll","background-type":"","background-media":"","overlay-type":"","overlay-color":"","overlay-opacity":"","overlay-gradient":""}},"ast-content-background-meta":{"desktop":{"background-color":"var(--ast-global-color-5)","background-image":"","background-repeat":"repeat","background-position":"center center","background-size":"auto","background-attachment":"scroll","background-type":"","background-media":"","overlay-type":"","overlay-color":"","overlay-opacity":"","overlay-gradient":""},"tablet":{"background-color":"var(--ast-global-color-5)","background-image":"","background-repeat":"repeat","background-position":"center center","background-size":"auto","background-attachment":"scroll","background-type":"","background-media":"","overlay-type":"","overlay-color":"","overlay-opacity":"","overlay-gradient":""},"mobile":{"background-color":"var(--ast-global-color-5)","background-image":"","background-repeat":"repeat","background-position":"center center","background-size":"auto","background-attachment":"scroll","background-type":"","background-media":"","overlay-type":"","overlay-color":"","overlay-opacity":"","overlay-gradient":""}}},"product_cat":[3542,3559],"product_tag":[1197,1115,1920,1518,1770,1543,2434,2287,1662,1454,1011],"yoast_head":"<!-- This site is optimized with the Yoast SEO plugin v20.8 - https:\/\/yoast.com\/wordpress\/plugins\/seo\/ -->\n<title>Ancienne Paire de Sali\u00e8res Ovales en M\u00e9tal avec Verrine Style Louis XVI - Vintage French Finds<\/title>\n<meta name=\"description\" content=\"The best of French vintage delivered to your doorstep direct from France : fashion, furniture, decoration, table art, curiosities, collections and art work.\" \/>\n<meta name=\"robots\" content=\"index, follow, max-snippet:-1, max-image-preview:large, max-video-preview:-1\" \/>\n<link rel=\"canonical\" href=\"https:\/\/vintagefrenchfinds.com\/en\/product\/ancienne-paire-de-salieres-ovales-en-metal-avec-verrine-style-louis-xvi\/\" \/>\n<meta property=\"og:locale\" content=\"en_GB\" \/>\n<meta property=\"og:type\" content=\"article\" \/>\n<meta property=\"og:title\" content=\"Ancienne Paire de Sali\u00e8res Ovales en M\u00e9tal avec Verrine Style Louis XVI - Vintage French Finds\" \/>\n<meta property=\"og:description\" content=\"The best of French vintage delivered to your doorstep direct from France : fashion, furniture, decoration, table art, curiosities, collections and art work.\" \/>\n<meta property=\"og:url\" content=\"https:\/\/vintagefrenchfinds.com\/en\/product\/ancienne-paire-de-salieres-ovales-en-metal-avec-verrine-style-louis-xvi\/\" \/>\n<meta property=\"og:site_name\" content=\"Vintage French Finds\" \/>\n<meta property=\"article:modified_time\" content=\"2025-04-05T18:23:26+00:00\" \/>\n<meta property=\"og:image\" content=\"https:\/\/vintagefrenchfinds.com\/wp-content\/uploads\/2023\/08\/DSCN1579.jpg\" \/>\n\t<meta property=\"og:image:width\" content=\"798\" \/>\n\t<meta property=\"og:image:height\" content=\"605\" \/>\n\t<meta property=\"og:image:type\" content=\"image\/jpeg\" \/>\n<meta name=\"twitter:card\" content=\"summary_large_image\" \/>\n<meta name=\"twitter:label1\" content=\"Estimated reading time\" \/>\n\t<meta name=\"twitter:data1\" content=\"1 minute\" \/>\n<script type=\"application\/ld+json\" class=\"yoast-schema-graph\">{\"@context\":\"https:\/\/schema.org\",\"@graph\":[{\"@type\":\"WebPage\",\"@id\":\"https:\/\/vintagefrenchfinds.com\/product\/ancienne-paire-de-salieres-ovales-en-metal-avec-verrine-style-louis-xvi\",\"url\":\"https:\/\/vintagefrenchfinds.com\/product\/ancienne-paire-de-salieres-ovales-en-metal-avec-verrine-style-louis-xvi\",\"name\":\"Ancienne Paire de Sali\u00e8res Ovales en M\u00e9tal avec Verrine Style Louis XVI - Vintage French Finds\",\"isPartOf\":{\"@id\":\"https:\/\/vintagefrenchfinds.com\/#website\"},\"datePublished\":\"2023-08-21T13:43:37+00:00\",\"dateModified\":\"2025-04-05T18:23:26+00:00\",\"description\":\"The best of French vintage delivered to your doorstep direct from France : fashion, furniture, decoration, table art, curiosities, collections and art work.\",\"breadcrumb\":{\"@id\":\"https:\/\/vintagefrenchfinds.com\/product\/ancienne-paire-de-salieres-ovales-en-metal-avec-verrine-style-louis-xvi#breadcrumb\"},\"inLanguage\":\"en-GB\",\"potentialAction\":[{\"@type\":\"ReadAction\",\"target\":[\"https:\/\/vintagefrenchfinds.com\/product\/ancienne-paire-de-salieres-ovales-en-metal-avec-verrine-style-louis-xvi\"]}]},{\"@type\":\"BreadcrumbList\",\"@id\":\"https:\/\/vintagefrenchfinds.com\/product\/ancienne-paire-de-salieres-ovales-en-metal-avec-verrine-style-louis-xvi#breadcrumb\",\"itemListElement\":[{\"@type\":\"ListItem\",\"position\":1,\"name\":\"Home\",\"item\":\"https:\/\/vintagefrenchfinds.com\/\"},{\"@type\":\"ListItem\",\"position\":2,\"name\":\"BOUTIQUE\",\"item\":\"https:\/\/vintagefrenchfinds.com\/shop\"},{\"@type\":\"ListItem\",\"position\":3,\"name\":\"Ancienne Paire de Sali\u00e8res Ovales en M\u00e9tal avec Verrine Style Louis XVI\"}]},{\"@type\":\"WebSite\",\"@id\":\"https:\/\/vintagefrenchfinds.com\/#website\",\"url\":\"https:\/\/vintagefrenchfinds.com\/\",\"name\":\"Vintage French Finds\",\"description\":\"The best of French vintage delivered to your doorstep direct from France : fashion, furniture, decoration, table art, curiosities, collections and art work.\",\"potentialAction\":[{\"@type\":\"SearchAction\",\"target\":{\"@type\":\"EntryPoint\",\"urlTemplate\":\"https:\/\/vintagefrenchfinds.com\/?s={search_term_string}\"},\"query-input\":\"required name=search_term_string\"}],\"inLanguage\":\"en-GB\"}]}<\/script>\n<!-- \/ Yoast SEO plugin. -->","yoast_head_json":{"title":"Ancienne Paire de Sali\u00e8res Ovales en M\u00e9tal avec Verrine Style Louis XVI - Vintage French Finds","description":"The best of French vintage delivered to your doorstep direct from France : fashion, furniture, decoration, table art, curiosities, collections and art work.","robots":{"index":"index","follow":"follow","max-snippet":"max-snippet:-1","max-image-preview":"max-image-preview:large","max-video-preview":"max-video-preview:-1"},"canonical":"https:\/\/vintagefrenchfinds.com\/en\/product\/ancienne-paire-de-salieres-ovales-en-metal-avec-verrine-style-louis-xvi\/","og_locale":"en_GB","og_type":"article","og_title":"Ancienne Paire de Sali\u00e8res Ovales en M\u00e9tal avec Verrine Style Louis XVI - Vintage French Finds","og_description":"The best of French vintage delivered to your doorstep direct from France : fashion, furniture, decoration, table art, curiosities, collections and art work.","og_url":"https:\/\/vintagefrenchfinds.com\/en\/product\/ancienne-paire-de-salieres-ovales-en-metal-avec-verrine-style-louis-xvi\/","og_site_name":"Vintage French Finds","article_modified_time":"2025-04-05T18:23:26+00:00","og_image":[{"width":798,"height":605,"url":"https:\/\/vintagefrenchfinds.com\/wp-content\/uploads\/2023\/08\/DSCN1579.jpg","type":"image\/jpeg"}],"twitter_card":"summary_large_image","twitter_misc":{"Estimated reading time":"1 minute"},"schema":{"@context":"https:\/\/schema.org","@graph":[{"@type":"WebPage","@id":"https:\/\/vintagefrenchfinds.com\/product\/ancienne-paire-de-salieres-ovales-en-metal-avec-verrine-style-louis-xvi","url":"https:\/\/vintagefrenchfinds.com\/product\/ancienne-paire-de-salieres-ovales-en-metal-avec-verrine-style-louis-xvi","name":"Ancienne Paire de Sali\u00e8res Ovales en M\u00e9tal avec Verrine Style Louis XVI - Vintage French Finds","isPartOf":{"@id":"https:\/\/vintagefrenchfinds.com\/#website"},"datePublished":"2023-08-21T13:43:37+00:00","dateModified":"2025-04-05T18:23:26+00:00","description":"The best of French vintage delivered to your doorstep direct from France : fashion, furniture, decoration, table art, curiosities, collections and art work.","breadcrumb":{"@id":"https:\/\/vintagefrenchfinds.com\/product\/ancienne-paire-de-salieres-ovales-en-metal-avec-verrine-style-louis-xvi#breadcrumb"},"inLanguage":"en-GB","potentialAction":[{"@type":"ReadAction","target":["https:\/\/vintagefrenchfinds.com\/product\/ancienne-paire-de-salieres-ovales-en-metal-avec-verrine-style-louis-xvi"]}]},{"@type":"BreadcrumbList","@id":"https:\/\/vintagefrenchfinds.com\/product\/ancienne-paire-de-salieres-ovales-en-metal-avec-verrine-style-louis-xvi#breadcrumb","itemListElement":[{"@type":"ListItem","position":1,"name":"Home","item":"https:\/\/vintagefrenchfinds.com\/"},{"@type":"ListItem","position":2,"name":"BOUTIQUE","item":"https:\/\/vintagefrenchfinds.com\/shop"},{"@type":"ListItem","position":3,"name":"Ancienne Paire de Sali\u00e8res Ovales en M\u00e9tal avec Verrine Style Louis XVI"}]},{"@type":"WebSite","@id":"https:\/\/vintagefrenchfinds.com\/#website","url":"https:\/\/vintagefrenchfinds.com\/","name":"Vintage French Finds\u00a0","description":"The best of French vintage delivered to your doorstep direct from France : fashion, furniture, decoration, table art, curiosities, collections and art work.","potentialAction":[{"@type":"SearchAction","target":{"@type":"EntryPoint","urlTemplate":"https:\/\/vintagefrenchfinds.com\/?s={search_term_string}"},"query-input":"required name=search_term_string"}],"inLanguage":"en-GB"}]}},"post_mailing_queue_ids":[],"_links":{"self":[{"href":"https:\/\/vintagefrenchfinds.com\/en\/wp-json\/wp\/v2\/product\/22377"}],"collection":[{"href":"https:\/\/vintagefrenchfinds.com\/en\/wp-json\/wp\/v2\/product"}],"about":[{"href":"https:\/\/vintagefrenchfinds.com\/en\/wp-json\/wp\/v2\/types\/product"}],"wp:featuredmedia":[{"embeddable":true,"href":"https:\/\/vintagefrenchfinds.com\/en\/wp-json\/wp\/v2\/media\/22378"}],"wp:attachment":[{"href":"https:\/\/vintagefrenchfinds.com\/en\/wp-json\/wp\/v2\/media?parent=22377"}],"wp:term":[{"taxonomy":"product_cat","embeddable":true,"href":"https:\/\/vintagefrenchfinds.com\/en\/wp-json\/wp\/v2\/product_cat?post=22377"},{"taxonomy":"product_tag","embeddable":true,"href":"https:\/\/vintagefrenchfinds.com\/en\/wp-json\/wp\/v2\/product_tag?post=22377"}],"curies":[{"name":"wp","href":"https:\/\/api.w.org\/{rel}","templated":true}]}}