{"id":22391,"date":"2023-08-21T14:08:39","date_gmt":"2023-08-21T14:08:39","guid":{"rendered":"https:\/\/vintagefrenchfinds.com\/?post_type=product&#038;p=22391"},"modified":"2025-03-16T11:32:15","modified_gmt":"2025-03-16T11:32:15","slug":"ancien-service-faiencerie-de-gien-modele-yokohama-50-pcs","status":"publish","type":"product","link":"https:\/\/vintagefrenchfinds.com\/en\/product\/ancien-service-faiencerie-de-gien-modele-yokohama-50-pcs","title":{"rendered":"Ancien Service Fa\u00efencerie de Gien &#8211; Mod\u00e8le Yokohama (50 pcs)"},"content":{"rendered":"<p><span data-sheets-value=\"{&quot;1&quot;:2,&quot;2&quot;:&quot;Voyagez \u00e0 travers le d\u00e9cor historique et intemporel des \\&quot;oiseaux du paradis\\&quot; de la manufacture GIEN avec ce magnifique service de vaisselle du mod\u00e8le YOKOHAMA vintage en fa\u00efence.\\n \\nL\u2019ensemble est compos\u00e9 de :\\n \\n-10 assiettes \u00e0 dessert (D 19 cm)\\n-22 assiettes plates (D 23 cm)\\n-12 assiettes creuses (D 23 cm)\\n-2 raviers (LA 15,5 x LO 22,5 cm)\\n-1 grand plat rond (D 28 cm)\\n-1 grand plat \u00e0 oreilles (D 35 x LA 35,5 cm)\\n-1 sauci\u00e8re (LO 20 x H 12 cm)\\n-1 soupi\u00e8re (D 30,5 x LA LA 35,5 x H 14,5 cm)\\n \\nInspir\u00e9e de l\u2019Asie et plus pr\u00e9cis\u00e9ment du Japon, chaque pi\u00e8ce est pr\u00e9sente un pourtour floral et de d\u00e9licats filaments dor\u00e9s \u00e0 l\u2019or mettant en valeur un magnifique d\u00e9cor d'oiseau sur des branches de Sakura.\\n \\nElles sont estampill\u00e9es \u201cGien \u2013 Made in France - YOKOHAMA\u201d.\\n \\nLes Fa\u00efenceries de Gien sont une entreprise de fabrication de fa\u00efence fine situ\u00e9e dans la ville \u00e9ponyme dans la r\u00e9gion Centre-Val de Loire, fond\u00e9e par Thomas Edme Hulm\u00e9n (dit Hall) en 1821.\\n \\nParmi les nombreuses fa\u00efenceries n\u00e9es au XIXe si\u00e8cle, celle de Gien est l\u2019une des plus renomm\u00e9es et la plus importante d\u2019Europe. \\n \\nLa manufacture a excell\u00e9 dans l\u2019art de l\u2019imitation et a fabriqu\u00e9 des copies de pi\u00e8ces du pass\u00e9 \u00e0 un prix accessible.\\n \\nDes pi\u00e8ces uniques ont \u00e9galement \u00e9t\u00e9 cr\u00e9\u00e9es avec le concours d\u2019artistes de talent qui les ont illustr\u00e9es de nouveaux d\u00e9cors ou se sont inspir\u00e9s de ceux des si\u00e8cles pass\u00e9s (XVIIe et XVIIIe si\u00e8cles) ou d\u2019autres fa\u00efenceries europ\u00e9ennes et d\u2019Extr\u00eame-Orient.\\n \\nCes vaisselles d\u2019exception seront parfaites pour les occasions sp\u00e9ciales ou pour ajouter une touche d\u2019\u00e9l\u00e9gance \u00e0 vos repas quotidiens.\\n \\nElles repr\u00e9sentent un v\u00e9ritable tr\u00e9sor pour les amateurs de vaisselle raffin\u00e9e.\\n \\nParfait pour un mariage \/ g\u00eete ou grandes tabl\u00e9es de famille.\\n \\nTr\u00e8s bon \u00e9tat g\u00e9n\u00e9ral.\\n &quot;}\" data-sheets-userformat=\"{&quot;2&quot;:15209,&quot;3&quot;:{&quot;1&quot;:0},&quot;6&quot;:{&quot;1&quot;:[{&quot;1&quot;:2,&quot;2&quot;:0,&quot;5&quot;:{&quot;1&quot;:2,&quot;2&quot;:0}},{&quot;1&quot;:0,&quot;2&quot;:0,&quot;3&quot;:3},{&quot;1&quot;:1,&quot;2&quot;:0,&quot;4&quot;:1}]},&quot;8&quot;:{&quot;1&quot;:[{&quot;1&quot;:2,&quot;2&quot;:0,&quot;5&quot;:{&quot;1&quot;:2,&quot;2&quot;:0}},{&quot;1&quot;:0,&quot;2&quot;:0,&quot;3&quot;:3},{&quot;1&quot;:1,&quot;2&quot;:0,&quot;4&quot;:1}]},&quot;9&quot;:1,&quot;11&quot;:4,&quot;12&quot;:0,&quot;14&quot;:{&quot;1&quot;:2,&quot;2&quot;:0},&quot;15&quot;:&quot;Calibri&quot;,&quot;16&quot;:14}\">Voyagez \u00e0 travers le d\u00e9cor historique et intemporel des \u00ab\u00a0oiseaux du paradis\u00a0\u00bb de la manufacture GIEN avec ce magnifique service de vaisselle du mod\u00e8le YOKOHAMA vintage en fa\u00efence.<\/span><\/p>\n<p>L\u2019ensemble est compos\u00e9 de :<\/p>\n<p>-10 assiettes \u00e0 dessert (D 19 cm)<br \/>\n-22 assiettes plates (D 23 cm)<br \/>\n-12 assiettes creuses (D 23 cm)<br \/>\n-2 raviers (LA 15,5 x LO 22,5 cm)<br \/>\n-1 grand plat rond (D 28 cm)<br \/>\n-1 grand plat \u00e0 oreilles (D 35 x LA 35,5 cm)<br \/>\n-1 sauci\u00e8re (LO 20 x H 12 cm)<br \/>\n-1 soupi\u00e8re (D 30,5 x LA LA 35,5 x H 14,5 cm)<\/p>\n<p>Inspir\u00e9e de l\u2019Asie et plus pr\u00e9cis\u00e9ment du Japon, chaque pi\u00e8ce est pr\u00e9sente un pourtour floral et de d\u00e9licats filaments dor\u00e9s \u00e0 l\u2019or mettant en valeur un magnifique d\u00e9cor d&rsquo;oiseau sur des branches de Sakura.<\/p>\n<p>Elles sont estampill\u00e9es \u201cGien \u2013 Made in France &#8211; YOKOHAMA\u201d.<\/p>\n<p>Les Fa\u00efenceries de Gien sont une entreprise de fabrication de fa\u00efence fine situ\u00e9e dans la ville \u00e9ponyme dans la r\u00e9gion Centre-Val de Loire, fond\u00e9e par Thomas Edme Hulm\u00e9n (dit Hall) en 1821.<\/p>\n<p>Parmi les nombreuses fa\u00efenceries n\u00e9es au XIXe si\u00e8cle, celle de Gien est l\u2019une des plus renomm\u00e9es et la plus importante d\u2019Europe.<\/p>\n<p>La manufacture a excell\u00e9 dans l\u2019art de l\u2019imitation et a fabriqu\u00e9 des copies de pi\u00e8ces du pass\u00e9 \u00e0 un prix accessible.<\/p>\n<p>Des pi\u00e8ces uniques ont \u00e9galement \u00e9t\u00e9 cr\u00e9\u00e9es avec le concours d\u2019artistes de talent qui les ont illustr\u00e9es de nouveaux d\u00e9cors ou se sont inspir\u00e9s de ceux des si\u00e8cles pass\u00e9s (XVIIe et XVIIIe si\u00e8cles) ou d\u2019autres fa\u00efenceries europ\u00e9ennes et d\u2019Extr\u00eame-Orient.<\/p>\n<p>Ces vaisselles d\u2019exception seront parfaites pour les occasions sp\u00e9ciales ou pour ajouter une touche d\u2019\u00e9l\u00e9gance \u00e0 vos repas quotidiens.<\/p>\n<p>Elles repr\u00e9sentent un v\u00e9ritable tr\u00e9sor pour les amateurs de vaisselle raffin\u00e9e.<\/p>\n<p>Parfait pour un mariage \/ g\u00eete ou grandes tabl\u00e9es de famille.<\/p>\n<p>Tr\u00e8s bon \u00e9tat g\u00e9n\u00e9ral.<\/p>\n","protected":false},"excerpt":{"rendered":"<p>Voyagez \u00e0 travers le d\u00e9cor historique et intemporel des \u00ab\u00a0oiseaux du paradis\u00a0\u00bb de la manufacture GIEN avec ce magnifique service de vaisselle du mod\u00e8le YOKOHAMA vintage en fa\u00efence. L\u2019ensemble est compos\u00e9 de : -10 assiettes \u00e0 dessert (D 19 cm) -22 assiettes plates (D 23 cm) -12 assiettes creuses (D 23 cm) -2 raviers (LA [&hellip;]<\/p>\n","protected":false},"featured_media":22392,"template":"","meta":{"site-sidebar-layout":"default","site-content-layout":"default","ast-site-content-layout":"default","site-content-style":"default","site-sidebar-style":"default","ast-global-header-display":"","ast-banner-title-visibility":"","ast-main-header-display":"","ast-hfb-above-header-display":"","ast-hfb-below-header-display":"","ast-hfb-mobile-header-display":"","site-post-title":"","ast-breadcrumbs-content":"","ast-featured-img":"","footer-sml-layout":"","ast-disable-related-posts":"","theme-transparent-header-meta":"default","adv-header-id-meta":"","stick-header-meta":"","header-above-stick-meta":"","header-main-stick-meta":"","header-below-stick-meta":"","astra-migrate-meta-layouts":"default","ast-page-background-enabled":"default","ast-page-background-meta":{"desktop":{"background-color":"var(--ast-global-color-4)","background-image":"","background-repeat":"repeat","background-position":"center center","background-size":"auto","background-attachment":"scroll","background-type":"","background-media":"","overlay-type":"","overlay-color":"","overlay-opacity":"","overlay-gradient":""},"tablet":{"background-color":"","background-image":"","background-repeat":"repeat","background-position":"center center","background-size":"auto","background-attachment":"scroll","background-type":"","background-media":"","overlay-type":"","overlay-color":"","overlay-opacity":"","overlay-gradient":""},"mobile":{"background-color":"","background-image":"","background-repeat":"repeat","background-position":"center center","background-size":"auto","background-attachment":"scroll","background-type":"","background-media":"","overlay-type":"","overlay-color":"","overlay-opacity":"","overlay-gradient":""}},"ast-content-background-meta":{"desktop":{"background-color":"var(--ast-global-color-5)","background-image":"","background-repeat":"repeat","background-position":"center center","background-size":"auto","background-attachment":"scroll","background-type":"","background-media":"","overlay-type":"","overlay-color":"","overlay-opacity":"","overlay-gradient":""},"tablet":{"background-color":"var(--ast-global-color-5)","background-image":"","background-repeat":"repeat","background-position":"center center","background-size":"auto","background-attachment":"scroll","background-type":"","background-media":"","overlay-type":"","overlay-color":"","overlay-opacity":"","overlay-gradient":""},"mobile":{"background-color":"var(--ast-global-color-5)","background-image":"","background-repeat":"repeat","background-position":"center center","background-size":"auto","background-attachment":"scroll","background-type":"","background-media":"","overlay-type":"","overlay-color":"","overlay-opacity":"","overlay-gradient":""}}},"product_cat":[3542,3543],"product_tag":[1197,1115,1845,1229,1184,1920,1174,1062,1731,3687,1662,1011],"yoast_head":"<!-- This site is optimized with the Yoast SEO plugin v20.8 - https:\/\/yoast.com\/wordpress\/plugins\/seo\/ -->\n<title>Ancien Service Fa\u00efencerie de Gien - Mod\u00e8le Yokohama (50 pcs) - Vintage French Finds<\/title>\n<meta name=\"description\" content=\"The best of French vintage delivered to your doorstep direct from France : fashion, furniture, decoration, table art, curiosities, collections and art work.\" \/>\n<meta name=\"robots\" content=\"index, follow, max-snippet:-1, max-image-preview:large, max-video-preview:-1\" \/>\n<link rel=\"canonical\" href=\"https:\/\/vintagefrenchfinds.com\/en\/product\/ancien-service-faiencerie-de-gien-modele-yokohama-50-pcs\/\" \/>\n<meta property=\"og:locale\" content=\"en_GB\" \/>\n<meta property=\"og:type\" content=\"article\" \/>\n<meta property=\"og:title\" content=\"Ancien Service Fa\u00efencerie de Gien - Mod\u00e8le Yokohama (50 pcs) - Vintage French Finds\" \/>\n<meta property=\"og:description\" content=\"The best of French vintage delivered to your doorstep direct from France : fashion, furniture, decoration, table art, curiosities, collections and art work.\" \/>\n<meta property=\"og:url\" content=\"https:\/\/vintagefrenchfinds.com\/en\/product\/ancien-service-faiencerie-de-gien-modele-yokohama-50-pcs\/\" \/>\n<meta property=\"og:site_name\" content=\"Vintage French Finds\" \/>\n<meta property=\"article:modified_time\" content=\"2025-03-16T11:32:15+00:00\" \/>\n<meta property=\"og:image\" content=\"https:\/\/vintagefrenchfinds.com\/wp-content\/uploads\/2023\/08\/DSCN1628.jpg\" \/>\n\t<meta property=\"og:image:width\" content=\"795\" \/>\n\t<meta property=\"og:image:height\" content=\"652\" \/>\n\t<meta property=\"og:image:type\" content=\"image\/jpeg\" \/>\n<meta name=\"twitter:card\" content=\"summary_large_image\" \/>\n<meta name=\"twitter:label1\" content=\"Estimated reading time\" \/>\n\t<meta name=\"twitter:data1\" content=\"2 minutes\" \/>\n<script type=\"application\/ld+json\" class=\"yoast-schema-graph\">{\"@context\":\"https:\/\/schema.org\",\"@graph\":[{\"@type\":\"WebPage\",\"@id\":\"https:\/\/vintagefrenchfinds.com\/product\/ancien-service-faiencerie-de-gien-modele-yokohama-50-pcs\",\"url\":\"https:\/\/vintagefrenchfinds.com\/product\/ancien-service-faiencerie-de-gien-modele-yokohama-50-pcs\",\"name\":\"Ancien Service Fa\u00efencerie de Gien - Mod\u00e8le Yokohama (50 pcs) - Vintage French Finds\",\"isPartOf\":{\"@id\":\"https:\/\/vintagefrenchfinds.com\/#website\"},\"datePublished\":\"2023-08-21T14:08:39+00:00\",\"dateModified\":\"2025-03-16T11:32:15+00:00\",\"description\":\"The best of French vintage delivered to your doorstep direct from France : fashion, furniture, decoration, table art, curiosities, collections and art work.\",\"breadcrumb\":{\"@id\":\"https:\/\/vintagefrenchfinds.com\/product\/ancien-service-faiencerie-de-gien-modele-yokohama-50-pcs#breadcrumb\"},\"inLanguage\":\"en-GB\",\"potentialAction\":[{\"@type\":\"ReadAction\",\"target\":[\"https:\/\/vintagefrenchfinds.com\/product\/ancien-service-faiencerie-de-gien-modele-yokohama-50-pcs\"]}]},{\"@type\":\"BreadcrumbList\",\"@id\":\"https:\/\/vintagefrenchfinds.com\/product\/ancien-service-faiencerie-de-gien-modele-yokohama-50-pcs#breadcrumb\",\"itemListElement\":[{\"@type\":\"ListItem\",\"position\":1,\"name\":\"Home\",\"item\":\"https:\/\/vintagefrenchfinds.com\/\"},{\"@type\":\"ListItem\",\"position\":2,\"name\":\"BOUTIQUE\",\"item\":\"https:\/\/vintagefrenchfinds.com\/shop\"},{\"@type\":\"ListItem\",\"position\":3,\"name\":\"Ancien Service Fa\u00efencerie de Gien &#8211; Mod\u00e8le Yokohama (50 pcs)\"}]},{\"@type\":\"WebSite\",\"@id\":\"https:\/\/vintagefrenchfinds.com\/#website\",\"url\":\"https:\/\/vintagefrenchfinds.com\/\",\"name\":\"Vintage French Finds\",\"description\":\"The best of French vintage delivered to your doorstep direct from France : fashion, furniture, decoration, table art, curiosities, collections and art work.\",\"potentialAction\":[{\"@type\":\"SearchAction\",\"target\":{\"@type\":\"EntryPoint\",\"urlTemplate\":\"https:\/\/vintagefrenchfinds.com\/?s={search_term_string}\"},\"query-input\":\"required name=search_term_string\"}],\"inLanguage\":\"en-GB\"}]}<\/script>\n<!-- \/ Yoast SEO plugin. -->","yoast_head_json":{"title":"Ancien Service Fa\u00efencerie de Gien - Mod\u00e8le Yokohama (50 pcs) - Vintage French Finds","description":"The best of French vintage delivered to your doorstep direct from France : fashion, furniture, decoration, table art, curiosities, collections and art work.","robots":{"index":"index","follow":"follow","max-snippet":"max-snippet:-1","max-image-preview":"max-image-preview:large","max-video-preview":"max-video-preview:-1"},"canonical":"https:\/\/vintagefrenchfinds.com\/en\/product\/ancien-service-faiencerie-de-gien-modele-yokohama-50-pcs\/","og_locale":"en_GB","og_type":"article","og_title":"Ancien Service Fa\u00efencerie de Gien - Mod\u00e8le Yokohama (50 pcs) - Vintage French Finds","og_description":"The best of French vintage delivered to your doorstep direct from France : fashion, furniture, decoration, table art, curiosities, collections and art work.","og_url":"https:\/\/vintagefrenchfinds.com\/en\/product\/ancien-service-faiencerie-de-gien-modele-yokohama-50-pcs\/","og_site_name":"Vintage French Finds","article_modified_time":"2025-03-16T11:32:15+00:00","og_image":[{"width":795,"height":652,"url":"https:\/\/vintagefrenchfinds.com\/wp-content\/uploads\/2023\/08\/DSCN1628.jpg","type":"image\/jpeg"}],"twitter_card":"summary_large_image","twitter_misc":{"Estimated reading time":"2 minutes"},"schema":{"@context":"https:\/\/schema.org","@graph":[{"@type":"WebPage","@id":"https:\/\/vintagefrenchfinds.com\/product\/ancien-service-faiencerie-de-gien-modele-yokohama-50-pcs","url":"https:\/\/vintagefrenchfinds.com\/product\/ancien-service-faiencerie-de-gien-modele-yokohama-50-pcs","name":"Ancien Service Fa\u00efencerie de Gien - Mod\u00e8le Yokohama (50 pcs) - Vintage French Finds","isPartOf":{"@id":"https:\/\/vintagefrenchfinds.com\/#website"},"datePublished":"2023-08-21T14:08:39+00:00","dateModified":"2025-03-16T11:32:15+00:00","description":"The best of French vintage delivered to your doorstep direct from France : fashion, furniture, decoration, table art, curiosities, collections and art work.","breadcrumb":{"@id":"https:\/\/vintagefrenchfinds.com\/product\/ancien-service-faiencerie-de-gien-modele-yokohama-50-pcs#breadcrumb"},"inLanguage":"en-GB","potentialAction":[{"@type":"ReadAction","target":["https:\/\/vintagefrenchfinds.com\/product\/ancien-service-faiencerie-de-gien-modele-yokohama-50-pcs"]}]},{"@type":"BreadcrumbList","@id":"https:\/\/vintagefrenchfinds.com\/product\/ancien-service-faiencerie-de-gien-modele-yokohama-50-pcs#breadcrumb","itemListElement":[{"@type":"ListItem","position":1,"name":"Home","item":"https:\/\/vintagefrenchfinds.com\/"},{"@type":"ListItem","position":2,"name":"BOUTIQUE","item":"https:\/\/vintagefrenchfinds.com\/shop"},{"@type":"ListItem","position":3,"name":"Ancien Service Fa\u00efencerie de Gien &#8211; Mod\u00e8le Yokohama (50 pcs)"}]},{"@type":"WebSite","@id":"https:\/\/vintagefrenchfinds.com\/#website","url":"https:\/\/vintagefrenchfinds.com\/","name":"Vintage French Finds\u00a0","description":"The best of French vintage delivered to your doorstep direct from France : fashion, furniture, decoration, table art, curiosities, collections and art work.","potentialAction":[{"@type":"SearchAction","target":{"@type":"EntryPoint","urlTemplate":"https:\/\/vintagefrenchfinds.com\/?s={search_term_string}"},"query-input":"required name=search_term_string"}],"inLanguage":"en-GB"}]}},"post_mailing_queue_ids":[],"_links":{"self":[{"href":"https:\/\/vintagefrenchfinds.com\/en\/wp-json\/wp\/v2\/product\/22391"}],"collection":[{"href":"https:\/\/vintagefrenchfinds.com\/en\/wp-json\/wp\/v2\/product"}],"about":[{"href":"https:\/\/vintagefrenchfinds.com\/en\/wp-json\/wp\/v2\/types\/product"}],"wp:featuredmedia":[{"embeddable":true,"href":"https:\/\/vintagefrenchfinds.com\/en\/wp-json\/wp\/v2\/media\/22392"}],"wp:attachment":[{"href":"https:\/\/vintagefrenchfinds.com\/en\/wp-json\/wp\/v2\/media?parent=22391"}],"wp:term":[{"taxonomy":"product_cat","embeddable":true,"href":"https:\/\/vintagefrenchfinds.com\/en\/wp-json\/wp\/v2\/product_cat?post=22391"},{"taxonomy":"product_tag","embeddable":true,"href":"https:\/\/vintagefrenchfinds.com\/en\/wp-json\/wp\/v2\/product_tag?post=22391"}],"curies":[{"name":"wp","href":"https:\/\/api.w.org\/{rel}","templated":true}]}}