{"id":22516,"date":"2023-10-03T16:19:19","date_gmt":"2023-10-03T16:19:19","guid":{"rendered":"https:\/\/vintagefrenchfinds.com\/?post_type=product&#038;p=22516"},"modified":"2025-05-21T20:20:14","modified_gmt":"2025-05-21T20:20:14","slug":"6-anciennes-soucoupes-faiencerie-de-gien","status":"publish","type":"product","link":"https:\/\/vintagefrenchfinds.com\/en\/product\/6-anciennes-soucoupes-faiencerie-de-gien","title":{"rendered":"6 Anciennes Soucoupes Fa\u00efencerie de Gien"},"content":{"rendered":"<p>Ensemble de 6 sous tasses vintage en c\u00e9ramique blanche avec un pourtour gris clair suivi d\u2019une bande fine fonc\u00e9e.<\/p>\n<p>&nbsp;<\/p>\n<p>Estampill\u00e9 sur le revers\u00a0: GIEN France.<\/p>\n<p>&nbsp;<\/p>\n<p>Les Fa\u00efenceries de Gien sont une entreprise de fabrication de fa\u00efence fine situ\u00e9e dans la ville \u00e9ponyme dans la r\u00e9gion Centre-Val de Loire, fond\u00e9e par Thomas Edme Hulmen (dit Hall) 1821.<\/p>\n<p>&nbsp;<\/p>\n<p>Parmi les nombreuses fa\u00efenceries n\u00e9es au xix<sup>e<\/sup> si\u00e8cle, celle de Gien est l&rsquo;une des plus renomm\u00e9es et la plus importante d&rsquo;Europe.<\/p>\n<p>&nbsp;<\/p>\n<p>La manufacture a excell\u00e9 dans l&rsquo;art de l&rsquo;imitation, et fabriqua des copies de pi\u00e8ces du pass\u00e9 \u00e0 un prix accessible. Des pi\u00e8ces uniques furent \u00e9galement cr\u00e9\u00e9es avec le concours d&rsquo;artistes de talent qui les illustr\u00e8rent de nouveaux d\u00e9cors ou s&rsquo;inspir\u00e8rent de ceux des si\u00e8cles pass\u00e9s (xvii<sup>e<\/sup> et xviii<sup>e<\/sup> si\u00e8cles) ou de ceux d&rsquo;autres fa\u00efenceries europ\u00e9ennes et d&rsquo;Extr\u00eame-Orient.<\/p>\n<p>&nbsp;<\/p>\n<p>Avis aux amateurs de l\u2019art de la table\u00a0: pour compl\u00e9ter un service ou pour cr\u00e9er un \u00ab\u00a0tea time\u00a0\u00bb d\u00e9pareill\u00e9<\/p>\n<p>&nbsp;<\/p>\n<p>Very good state.<\/p>\n<p>&nbsp;<\/p>\n<p>D 13,8 cm<\/p>","protected":false},"excerpt":{"rendered":"<p>Ensemble de 6 sous tasses vintage en c\u00e9ramique blanche avec un pourtour gris clair suivi d\u2019une bande fine fonc\u00e9e. &nbsp; Estampill\u00e9 sur le revers\u00a0: GIEN France. &nbsp; Les Fa\u00efenceries de Gien sont une entreprise de fabrication de fa\u00efence fine situ\u00e9e dans la ville \u00e9ponyme dans la r\u00e9gion Centre-Val de Loire, fond\u00e9e par Thomas Edme Hulmen [&hellip;]<\/p>\n","protected":false},"featured_media":22520,"template":"","meta":{"site-sidebar-layout":"default","site-content-layout":"default","ast-site-content-layout":"default","site-content-style":"default","site-sidebar-style":"default","ast-global-header-display":"","ast-banner-title-visibility":"","ast-main-header-display":"","ast-hfb-above-header-display":"","ast-hfb-below-header-display":"","ast-hfb-mobile-header-display":"","site-post-title":"","ast-breadcrumbs-content":"","ast-featured-img":"","footer-sml-layout":"","ast-disable-related-posts":"","theme-transparent-header-meta":"default","adv-header-id-meta":"","stick-header-meta":"","header-above-stick-meta":"","header-main-stick-meta":"","header-below-stick-meta":"","astra-migrate-meta-layouts":"set","ast-page-background-enabled":"default","ast-page-background-meta":{"desktop":{"background-color":"var(--ast-global-color-4)","background-image":"","background-repeat":"repeat","background-position":"center center","background-size":"auto","background-attachment":"scroll","background-type":"","background-media":"","overlay-type":"","overlay-color":"","overlay-opacity":"","overlay-gradient":""},"tablet":{"background-color":"","background-image":"","background-repeat":"repeat","background-position":"center center","background-size":"auto","background-attachment":"scroll","background-type":"","background-media":"","overlay-type":"","overlay-color":"","overlay-opacity":"","overlay-gradient":""},"mobile":{"background-color":"","background-image":"","background-repeat":"repeat","background-position":"center center","background-size":"auto","background-attachment":"scroll","background-type":"","background-media":"","overlay-type":"","overlay-color":"","overlay-opacity":"","overlay-gradient":""}},"ast-content-background-meta":{"desktop":{"background-color":"var(--ast-global-color-5)","background-image":"","background-repeat":"repeat","background-position":"center center","background-size":"auto","background-attachment":"scroll","background-type":"","background-media":"","overlay-type":"","overlay-color":"","overlay-opacity":"","overlay-gradient":""},"tablet":{"background-color":"var(--ast-global-color-5)","background-image":"","background-repeat":"repeat","background-position":"center center","background-size":"auto","background-attachment":"scroll","background-type":"","background-media":"","overlay-type":"","overlay-color":"","overlay-opacity":"","overlay-gradient":""},"mobile":{"background-color":"var(--ast-global-color-5)","background-image":"","background-repeat":"repeat","background-position":"center center","background-size":"auto","background-attachment":"scroll","background-type":"","background-media":"","overlay-type":"","overlay-color":"","overlay-opacity":"","overlay-gradient":""}}},"product_cat":[3542,3553],"product_tag":[1197,1115,1920,1174,1062,2119,2118,1011],"yoast_head":"<!-- This site is optimized with the Yoast SEO plugin v20.8 - https:\/\/yoast.com\/wordpress\/plugins\/seo\/ -->\n<title>6 Anciennes Soucoupes Fa\u00efencerie de Gien - Vintage French Finds<\/title>\n<meta name=\"description\" content=\"The best of French vintage delivered to your doorstep direct from France : fashion, furniture, decoration, table art, curiosities, collections and art work.\" \/>\n<meta name=\"robots\" content=\"index, follow, max-snippet:-1, max-image-preview:large, max-video-preview:-1\" \/>\n<link rel=\"canonical\" href=\"https:\/\/vintagefrenchfinds.com\/en\/product\/6-anciennes-soucoupes-faiencerie-de-gien\/\" \/>\n<meta property=\"og:locale\" content=\"en_GB\" \/>\n<meta property=\"og:type\" content=\"article\" \/>\n<meta property=\"og:title\" content=\"6 Anciennes Soucoupes Fa\u00efencerie de Gien - Vintage French Finds\" \/>\n<meta property=\"og:description\" content=\"The best of French vintage delivered to your doorstep direct from France : fashion, furniture, decoration, table art, curiosities, collections and art work.\" \/>\n<meta property=\"og:url\" content=\"https:\/\/vintagefrenchfinds.com\/en\/product\/6-anciennes-soucoupes-faiencerie-de-gien\/\" \/>\n<meta property=\"og:site_name\" content=\"Vintage French Finds\" \/>\n<meta property=\"article:modified_time\" content=\"2025-05-21T20:20:14+00:00\" \/>\n<meta property=\"og:image\" content=\"https:\/\/vintagefrenchfinds.com\/wp-content\/uploads\/2023\/10\/DSCN1757.jpg\" \/>\n\t<meta property=\"og:image:width\" content=\"833\" \/>\n\t<meta property=\"og:image:height\" content=\"637\" \/>\n\t<meta property=\"og:image:type\" content=\"image\/jpeg\" \/>\n<meta name=\"twitter:card\" content=\"summary_large_image\" \/>\n<meta name=\"twitter:label1\" content=\"Estimated reading time\" \/>\n\t<meta name=\"twitter:data1\" content=\"1 minute\" \/>\n<script type=\"application\/ld+json\" class=\"yoast-schema-graph\">{\"@context\":\"https:\/\/schema.org\",\"@graph\":[{\"@type\":\"WebPage\",\"@id\":\"https:\/\/vintagefrenchfinds.com\/product\/6-anciennes-soucoupes-faiencerie-de-gien\",\"url\":\"https:\/\/vintagefrenchfinds.com\/product\/6-anciennes-soucoupes-faiencerie-de-gien\",\"name\":\"6 Anciennes Soucoupes Fa\u00efencerie de Gien - Vintage French Finds\",\"isPartOf\":{\"@id\":\"https:\/\/vintagefrenchfinds.com\/#website\"},\"datePublished\":\"2023-10-03T16:19:19+00:00\",\"dateModified\":\"2025-05-21T20:20:14+00:00\",\"description\":\"The best of French vintage delivered to your doorstep direct from France : fashion, furniture, decoration, table art, curiosities, collections and art work.\",\"breadcrumb\":{\"@id\":\"https:\/\/vintagefrenchfinds.com\/product\/6-anciennes-soucoupes-faiencerie-de-gien#breadcrumb\"},\"inLanguage\":\"en-GB\",\"potentialAction\":[{\"@type\":\"ReadAction\",\"target\":[\"https:\/\/vintagefrenchfinds.com\/product\/6-anciennes-soucoupes-faiencerie-de-gien\"]}]},{\"@type\":\"BreadcrumbList\",\"@id\":\"https:\/\/vintagefrenchfinds.com\/product\/6-anciennes-soucoupes-faiencerie-de-gien#breadcrumb\",\"itemListElement\":[{\"@type\":\"ListItem\",\"position\":1,\"name\":\"Home\",\"item\":\"https:\/\/vintagefrenchfinds.com\/\"},{\"@type\":\"ListItem\",\"position\":2,\"name\":\"BOUTIQUE\",\"item\":\"https:\/\/vintagefrenchfinds.com\/shop\"},{\"@type\":\"ListItem\",\"position\":3,\"name\":\"6 Anciennes Soucoupes Fa\u00efencerie de Gien\"}]},{\"@type\":\"WebSite\",\"@id\":\"https:\/\/vintagefrenchfinds.com\/#website\",\"url\":\"https:\/\/vintagefrenchfinds.com\/\",\"name\":\"Vintage French Finds\",\"description\":\"The best of French vintage delivered to your doorstep direct from France : fashion, furniture, decoration, table art, curiosities, collections and art work.\",\"potentialAction\":[{\"@type\":\"SearchAction\",\"target\":{\"@type\":\"EntryPoint\",\"urlTemplate\":\"https:\/\/vintagefrenchfinds.com\/?s={search_term_string}\"},\"query-input\":\"required name=search_term_string\"}],\"inLanguage\":\"en-GB\"}]}<\/script>\n<!-- \/ Yoast SEO plugin. -->","yoast_head_json":{"title":"6 Anciennes Soucoupes Fa\u00efencerie de Gien - Vintage French Finds","description":"The best of French vintage delivered to your doorstep direct from France : fashion, furniture, decoration, table art, curiosities, collections and art work.","robots":{"index":"index","follow":"follow","max-snippet":"max-snippet:-1","max-image-preview":"max-image-preview:large","max-video-preview":"max-video-preview:-1"},"canonical":"https:\/\/vintagefrenchfinds.com\/en\/product\/6-anciennes-soucoupes-faiencerie-de-gien\/","og_locale":"en_GB","og_type":"article","og_title":"6 Anciennes Soucoupes Fa\u00efencerie de Gien - Vintage French Finds","og_description":"The best of French vintage delivered to your doorstep direct from France : fashion, furniture, decoration, table art, curiosities, collections and art work.","og_url":"https:\/\/vintagefrenchfinds.com\/en\/product\/6-anciennes-soucoupes-faiencerie-de-gien\/","og_site_name":"Vintage French Finds","article_modified_time":"2025-05-21T20:20:14+00:00","og_image":[{"width":833,"height":637,"url":"https:\/\/vintagefrenchfinds.com\/wp-content\/uploads\/2023\/10\/DSCN1757.jpg","type":"image\/jpeg"}],"twitter_card":"summary_large_image","twitter_misc":{"Estimated reading time":"1 minute"},"schema":{"@context":"https:\/\/schema.org","@graph":[{"@type":"WebPage","@id":"https:\/\/vintagefrenchfinds.com\/product\/6-anciennes-soucoupes-faiencerie-de-gien","url":"https:\/\/vintagefrenchfinds.com\/product\/6-anciennes-soucoupes-faiencerie-de-gien","name":"6 Anciennes Soucoupes Fa\u00efencerie de Gien - Vintage French Finds","isPartOf":{"@id":"https:\/\/vintagefrenchfinds.com\/#website"},"datePublished":"2023-10-03T16:19:19+00:00","dateModified":"2025-05-21T20:20:14+00:00","description":"The best of French vintage delivered to your doorstep direct from France : fashion, furniture, decoration, table art, curiosities, collections and art work.","breadcrumb":{"@id":"https:\/\/vintagefrenchfinds.com\/product\/6-anciennes-soucoupes-faiencerie-de-gien#breadcrumb"},"inLanguage":"en-GB","potentialAction":[{"@type":"ReadAction","target":["https:\/\/vintagefrenchfinds.com\/product\/6-anciennes-soucoupes-faiencerie-de-gien"]}]},{"@type":"BreadcrumbList","@id":"https:\/\/vintagefrenchfinds.com\/product\/6-anciennes-soucoupes-faiencerie-de-gien#breadcrumb","itemListElement":[{"@type":"ListItem","position":1,"name":"Home","item":"https:\/\/vintagefrenchfinds.com\/"},{"@type":"ListItem","position":2,"name":"BOUTIQUE","item":"https:\/\/vintagefrenchfinds.com\/shop"},{"@type":"ListItem","position":3,"name":"6 Anciennes Soucoupes Fa\u00efencerie de Gien"}]},{"@type":"WebSite","@id":"https:\/\/vintagefrenchfinds.com\/#website","url":"https:\/\/vintagefrenchfinds.com\/","name":"Vintage French Finds\u00a0","description":"The best of French vintage delivered to your doorstep direct from France : fashion, furniture, decoration, table art, curiosities, collections and art work.","potentialAction":[{"@type":"SearchAction","target":{"@type":"EntryPoint","urlTemplate":"https:\/\/vintagefrenchfinds.com\/?s={search_term_string}"},"query-input":"required name=search_term_string"}],"inLanguage":"en-GB"}]}},"post_mailing_queue_ids":[],"_links":{"self":[{"href":"https:\/\/vintagefrenchfinds.com\/en\/wp-json\/wp\/v2\/product\/22516"}],"collection":[{"href":"https:\/\/vintagefrenchfinds.com\/en\/wp-json\/wp\/v2\/product"}],"about":[{"href":"https:\/\/vintagefrenchfinds.com\/en\/wp-json\/wp\/v2\/types\/product"}],"wp:featuredmedia":[{"embeddable":true,"href":"https:\/\/vintagefrenchfinds.com\/en\/wp-json\/wp\/v2\/media\/22520"}],"wp:attachment":[{"href":"https:\/\/vintagefrenchfinds.com\/en\/wp-json\/wp\/v2\/media?parent=22516"}],"wp:term":[{"taxonomy":"product_cat","embeddable":true,"href":"https:\/\/vintagefrenchfinds.com\/en\/wp-json\/wp\/v2\/product_cat?post=22516"},{"taxonomy":"product_tag","embeddable":true,"href":"https:\/\/vintagefrenchfinds.com\/en\/wp-json\/wp\/v2\/product_tag?post=22516"}],"curies":[{"name":"wp","href":"https:\/\/api.w.org\/{rel}","templated":true}]}}